{"id":26516,"date":"2025-05-08T06:16:47","date_gmt":"2025-05-08T06:16:47","guid":{"rendered":"https:\/\/meteoquebec.ca\/?post_type=product&#038;p=26516"},"modified":"2026-04-02T12:13:11","modified_gmt":"2026-04-02T16:13:11","slug":"huile-de-vison-24428","status":"publish","type":"product","link":"https:\/\/autravail.ca\/en\/product\/huile-de-vison-24428\/","title":{"rendered":"Huile de Vison &#8211; 24428"},"content":{"rendered":"<h3>Huile de Vison &#8211; 24428<\/h3>\n<p>Huile de Vison &#8211; 24428 de <a href=\"https:\/\/autravail.ca\/en\/product-brand\/J-Audet-Jr\/\">J. Audet.<\/a> <span class=\"OYPEnA font-feature-liga-off font-feature-clig-off font-feature-calt-off text-decoration-none text-strikethrough-none\">L&rsquo;<\/span><span class=\"OYPEnA font-feature-liga-off font-feature-clig-off font-feature-calt-off text-decoration-none text-strikethrough-none\">huile de vison\u00a0<\/span><span class=\"OYPEnA font-feature-liga-off font-feature-clig-off font-feature-calt-off text-decoration-none text-strikethrough-none\">est un produit polyvalent con\u00e7u pour entretenir et prot\u00e9ger les chaussures, les bottes et les ceintures en cuir. Cette huile agit comme un imperm\u00e9abilisant, prot\u00e9geant le cuir contre l&rsquo;eau et l&rsquo;humidit\u00e9. De plus, elle revitalise le cuir, lui redonnant son \u00e9clat et sa souplesse d&rsquo;origine. En p\u00e9n\u00e9trant profond\u00e9ment dans les fibres du cuir, elle adoucit le mat\u00e9riau, le laissant souple et confortable. C&rsquo;est un traitement intensif con\u00e7u pour le soin en profondeur des cuirs robustes. Contrairement aux cires qui restent davantage en surface, l&rsquo;huile p\u00e9n\u00e8tre les fibres pour un effet assouplissant imm\u00e9diat.<\/span><\/p>\n<h6>Characteristics:<\/h6>\n<ul>\n<li class=\"dF3vjf\" data-sfc-root=\"c\" data-sfc-cb=\"\" data-hveid=\"CAEIAxAA\" data-complete=\"true\" data-sae=\"\"><span class=\"T286Pc\" data-sfc-cp=\"\" data-sfc-root=\"c\" data-sfc-cb=\"\" data-complete=\"true\"><strong class=\"Yjhzub\" data-sfc-root=\"c\" data-sfc-cb=\"\" data-complete=\"true\">Action assouplissante<\/strong>\u00a0: C&rsquo;est le produit id\u00e9al pour \u00ab casser \u00bb des bottes de cuir neuves ou pour redonner de la souplesse \u00e0 un cuir devenu rigide et sec avec le temps.<\/span><\/li>\n<li class=\"dF3vjf\" data-sfc-root=\"c\" data-sfc-cb=\"\" data-hveid=\"CAEIAxAB\" data-complete=\"true\" data-sae=\"\"><span class=\"T286Pc\" data-sfc-cp=\"\" data-sfc-root=\"c\" data-sfc-cb=\"\" data-complete=\"true\"><strong class=\"Yjhzub\" data-sfc-root=\"c\" data-sfc-cb=\"\" data-complete=\"true\">Protection et imperm\u00e9abilisation<\/strong>\u00a0: Elle prot\u00e8ge efficacement contre les \u00e9l\u00e9ments ext\u00e9rieurs comme l&rsquo;eau, la neige et le sel de d\u00e9gla\u00e7age.<\/span><\/li>\n<li class=\"dF3vjf\" data-sfc-root=\"c\" data-sfc-cb=\"\" data-hveid=\"CAEIAxAC\" data-complete=\"true\" data-sae=\"\"><span class=\"T286Pc\" data-sfc-cp=\"\" data-sfc-root=\"c\" data-sfc-cb=\"\" data-complete=\"true\"><strong class=\"Yjhzub\" data-sfc-root=\"c\" data-sfc-cb=\"\" data-complete=\"true\">Pr\u00e9servation<\/strong>\u00a0: Elle aide \u00e0 pr\u00e9venir le fendillement et le craquelage du cuir en maintenant son hydratation naturelle.<\/span><\/li>\n<li class=\"dF3vjf\" data-sfc-root=\"c\" data-sfc-cb=\"\" data-hveid=\"CAEIAxAE\" data-complete=\"true\" data-sae=\"\"><span class=\"T286Pc\" data-sfc-cp=\"\" data-sfc-root=\"c\" data-sfc-cb=\"\" data-complete=\"true\" aria-owns=\"action-menu-parent-container\">Vendue en format pratique de 100g.<\/span><\/li>\n<\/ul>\n<p><strong class=\"Yjhzub\" data-sfc-root=\"c\" data-sfc-cb=\"\" data-complete=\"true\" data-processed=\"true\">Conseil d&rsquo;usage<\/strong>\u00a0: L&rsquo;huile de vison a tendance \u00e0\u00a0<strong class=\"Yjhzub\" data-sfc-root=\"c\" data-sfc-cb=\"\" data-complete=\"true\" data-processed=\"true\">foncer le cuir<\/strong> de mani\u00e8re plus marqu\u00e9e que la cire. Il est pr\u00e9f\u00e9rable de l&rsquo;utiliser sur des cuirs fonc\u00e9s ou sur des articles dont le changement de teinte ne vous d\u00e9range pas.<\/p>\n<p><img decoding=\"async\" class=\"alignnone wp-image-40620\" src=\"https:\/\/autravail.ca\/wp-content\/uploads\/2025\/09\/Jachete-quebec-et-canada.jpg\" alt=\"Logo de l'achat local\" width=\"162\" height=\"139\" \/>Merci d&rsquo;encourager une entreprise 100% d&rsquo;ici!<\/p>\n<p>TS2604H<\/p>","protected":false},"excerpt":{"rendered":"<p>Huile de Vison &#8211; 24428 Huile de Vison &#8211; 24428 de J. Audet. L&rsquo;huile de vison\u00a0est un produit polyvalent con\u00e7u pour entretenir et prot\u00e9ger les chaussures, les bottes et les ceintures en cuir. Cette huile agit comme un imperm\u00e9abilisant, prot\u00e9geant le cuir contre l&rsquo;eau et l&rsquo;humidit\u00e9. De plus, elle revitalise le cuir, lui redonnant son [&hellip;]<\/p>","protected":false},"featured_media":46871,"comment_status":"open","ping_status":"closed","template":"","meta":[],"product_cat":[657,673],"product_tag":[312],"class_list":{"0":"post-26516","1":"product","2":"type-product","3":"status-publish","4":"has-post-thumbnail","6":"product_brand-j-audet-jr","7":"product_cat-accessoires-de-chaussures","8":"product_cat-entretien-des-chaussures","9":"product_tag-entretien","11":"first","12":"instock","13":"taxable","14":"shipping-taxable","15":"purchasable","16":"product-type-variable"},"yoast_head":"<!-- This site is optimized with the Yoast SEO plugin v25.3.1 - https:\/\/yoast.com\/wordpress\/plugins\/seo\/ -->\n<title>Huile de Vison - 24428 - Le Magasin Industriel<\/title>\n<meta name=\"description\" content=\"Huile de Vison - 24428 est un produit polyvalent con\u00e7u pour entretenir et prot\u00e9ger les chaussures, les bottes et les ceintures en cuir\" \/>\n<meta name=\"robots\" content=\"index, follow, max-snippet:-1, max-image-preview:large, max-video-preview:-1\" \/>\n<link rel=\"canonical\" href=\"https:\/\/autravail.ca\/en\/product\/huile-de-vison-24428\/\" \/>\n<meta property=\"og:locale\" content=\"en_US\" \/>\n<meta property=\"og:type\" content=\"article\" \/>\n<meta property=\"og:title\" content=\"Huile de Vison - 24428 - Le Magasin Industriel\" \/>\n<meta property=\"og:description\" content=\"Huile de Vison - 24428 est un produit polyvalent con\u00e7u pour entretenir et prot\u00e9ger les chaussures, les bottes et les ceintures en cuir\" \/>\n<meta property=\"og:url\" content=\"https:\/\/autravail.ca\/en\/product\/huile-de-vison-24428\/\" \/>\n<meta property=\"og:site_name\" content=\"Le Magasin Industriel\" \/>\n<meta property=\"article:publisher\" content=\"https:\/\/www.facebook.com\/lemagasinindustriel\/?locale=fr_FR\" \/>\n<meta property=\"article:modified_time\" content=\"2026-04-02T16:13:11+00:00\" \/>\n<meta property=\"og:image\" content=\"https:\/\/autravail.ca\/wp-content\/uploads\/2025\/05\/Vison_A01.jpg\" \/>\n\t<meta property=\"og:image:width\" content=\"1000\" \/>\n\t<meta property=\"og:image:height\" content=\"1000\" \/>\n\t<meta property=\"og:image:type\" content=\"image\/jpeg\" \/>\n<meta name=\"twitter:card\" content=\"summary_large_image\" \/>\n<meta name=\"twitter:label1\" content=\"Est. reading time\" \/>\n\t<meta name=\"twitter:data1\" content=\"2 minutes\" \/>\n<script type=\"application\/ld+json\" class=\"yoast-schema-graph\">{\"@context\":\"https:\/\/schema.org\",\"@graph\":[{\"@type\":\"WebPage\",\"@id\":\"https:\/\/autravail.ca\/product\/huile-de-vison-24428\/\",\"url\":\"https:\/\/autravail.ca\/product\/huile-de-vison-24428\/\",\"name\":\"Huile de Vison - 24428 - Le Magasin Industriel\",\"isPartOf\":{\"@id\":\"https:\/\/autravail.ca\/#website\"},\"primaryImageOfPage\":{\"@id\":\"https:\/\/autravail.ca\/product\/huile-de-vison-24428\/#primaryimage\"},\"image\":{\"@id\":\"https:\/\/autravail.ca\/product\/huile-de-vison-24428\/#primaryimage\"},\"thumbnailUrl\":\"https:\/\/autravail.ca\/wp-content\/uploads\/2025\/05\/Vison_A01.jpg\",\"datePublished\":\"2025-05-08T06:16:47+00:00\",\"dateModified\":\"2026-04-02T16:13:11+00:00\",\"description\":\"Huile de Vison - 24428 est un produit polyvalent con\u00e7u pour entretenir et prot\u00e9ger les chaussures, les bottes et les ceintures en cuir\",\"breadcrumb\":{\"@id\":\"https:\/\/autravail.ca\/product\/huile-de-vison-24428\/#breadcrumb\"},\"inLanguage\":\"en-CA\",\"potentialAction\":[{\"@type\":\"ReadAction\",\"target\":[\"https:\/\/autravail.ca\/product\/huile-de-vison-24428\/\"]}]},{\"@type\":\"ImageObject\",\"inLanguage\":\"en-CA\",\"@id\":\"https:\/\/autravail.ca\/product\/huile-de-vison-24428\/#primaryimage\",\"url\":\"https:\/\/autravail.ca\/wp-content\/uploads\/2025\/05\/Vison_A01.jpg\",\"contentUrl\":\"https:\/\/autravail.ca\/wp-content\/uploads\/2025\/05\/Vison_A01.jpg\",\"width\":1000,\"height\":1000,\"caption\":\"Huile de Vison - 24428\"},{\"@type\":\"BreadcrumbList\",\"@id\":\"https:\/\/autravail.ca\/product\/huile-de-vison-24428\/#breadcrumb\",\"itemListElement\":[{\"@type\":\"ListItem\",\"position\":1,\"name\":\"Accueil\",\"item\":\"https:\/\/autravail.ca\/\"},{\"@type\":\"ListItem\",\"position\":2,\"name\":\"Magasin\",\"item\":\"https:\/\/autravail.ca\/en\/shop\/\"},{\"@type\":\"ListItem\",\"position\":3,\"name\":\"Huile de Vison &#8211; 24428\"}]},{\"@type\":\"WebSite\",\"@id\":\"https:\/\/autravail.ca\/#website\",\"url\":\"https:\/\/autravail.ca\/\",\"name\":\"Le Magasin Industriel\",\"description\":\"50 ans de tradition de s\u00e9curit\u00e9 au travail\",\"publisher\":{\"@id\":\"https:\/\/autravail.ca\/#organization\"},\"potentialAction\":[{\"@type\":\"SearchAction\",\"target\":{\"@type\":\"EntryPoint\",\"urlTemplate\":\"https:\/\/autravail.ca\/?s={search_term_string}\"},\"query-input\":{\"@type\":\"PropertyValueSpecification\",\"valueRequired\":true,\"valueName\":\"search_term_string\"}}],\"inLanguage\":\"en-CA\"},{\"@type\":\"Organization\",\"@id\":\"https:\/\/autravail.ca\/#organization\",\"name\":\"Le Magasin Industriel\",\"url\":\"https:\/\/autravail.ca\/\",\"logo\":{\"@type\":\"ImageObject\",\"inLanguage\":\"en-CA\",\"@id\":\"https:\/\/autravail.ca\/#\/schema\/logo\/image\/\",\"url\":\"https:\/\/autravail.ca\/wp-content\/uploads\/2025\/05\/cropped-magasin_industriel_120x.avif\",\"contentUrl\":\"https:\/\/autravail.ca\/wp-content\/uploads\/2025\/05\/cropped-magasin_industriel_120x.avif\",\"width\":120,\"height\":24,\"caption\":\"Le Magasin Industriel\"},\"image\":{\"@id\":\"https:\/\/autravail.ca\/#\/schema\/logo\/image\/\"},\"sameAs\":[\"https:\/\/www.facebook.com\/lemagasinindustriel\/?locale=fr_FR\"]}]}<\/script>\n<!-- \/ Yoast SEO plugin. -->","yoast_head_json":{"title":"Huile de Vison - 24428 - Le Magasin Industriel","description":"Huile de Vison - 24428 est un produit polyvalent con\u00e7u pour entretenir et prot\u00e9ger les chaussures, les bottes et les ceintures en cuir","robots":{"index":"index","follow":"follow","max-snippet":"max-snippet:-1","max-image-preview":"max-image-preview:large","max-video-preview":"max-video-preview:-1"},"canonical":"https:\/\/autravail.ca\/en\/product\/huile-de-vison-24428\/","og_locale":"en_US","og_type":"article","og_title":"Huile de Vison - 24428 - Le Magasin Industriel","og_description":"Huile de Vison - 24428 est un produit polyvalent con\u00e7u pour entretenir et prot\u00e9ger les chaussures, les bottes et les ceintures en cuir","og_url":"https:\/\/autravail.ca\/en\/product\/huile-de-vison-24428\/","og_site_name":"Le Magasin Industriel","article_publisher":"https:\/\/www.facebook.com\/lemagasinindustriel\/?locale=fr_FR","article_modified_time":"2026-04-02T16:13:11+00:00","og_image":[{"width":1000,"height":1000,"url":"https:\/\/autravail.ca\/wp-content\/uploads\/2025\/05\/Vison_A01.jpg","type":"image\/jpeg"}],"twitter_card":"summary_large_image","twitter_misc":{"Est. reading time":"2 minutes"},"schema":{"@context":"https:\/\/schema.org","@graph":[{"@type":"WebPage","@id":"https:\/\/autravail.ca\/product\/huile-de-vison-24428\/","url":"https:\/\/autravail.ca\/product\/huile-de-vison-24428\/","name":"Huile de Vison - 24428 - Le Magasin Industriel","isPartOf":{"@id":"https:\/\/autravail.ca\/#website"},"primaryImageOfPage":{"@id":"https:\/\/autravail.ca\/product\/huile-de-vison-24428\/#primaryimage"},"image":{"@id":"https:\/\/autravail.ca\/product\/huile-de-vison-24428\/#primaryimage"},"thumbnailUrl":"https:\/\/autravail.ca\/wp-content\/uploads\/2025\/05\/Vison_A01.jpg","datePublished":"2025-05-08T06:16:47+00:00","dateModified":"2026-04-02T16:13:11+00:00","description":"Huile de Vison - 24428 est un produit polyvalent con\u00e7u pour entretenir et prot\u00e9ger les chaussures, les bottes et les ceintures en cuir","breadcrumb":{"@id":"https:\/\/autravail.ca\/product\/huile-de-vison-24428\/#breadcrumb"},"inLanguage":"en-CA","potentialAction":[{"@type":"ReadAction","target":["https:\/\/autravail.ca\/product\/huile-de-vison-24428\/"]}]},{"@type":"ImageObject","inLanguage":"en-CA","@id":"https:\/\/autravail.ca\/product\/huile-de-vison-24428\/#primaryimage","url":"https:\/\/autravail.ca\/wp-content\/uploads\/2025\/05\/Vison_A01.jpg","contentUrl":"https:\/\/autravail.ca\/wp-content\/uploads\/2025\/05\/Vison_A01.jpg","width":1000,"height":1000,"caption":"Huile de Vison - 24428"},{"@type":"BreadcrumbList","@id":"https:\/\/autravail.ca\/product\/huile-de-vison-24428\/#breadcrumb","itemListElement":[{"@type":"ListItem","position":1,"name":"Accueil","item":"https:\/\/autravail.ca\/"},{"@type":"ListItem","position":2,"name":"Magasin","item":"https:\/\/autravail.ca\/en\/shop\/"},{"@type":"ListItem","position":3,"name":"Huile de Vison &#8211; 24428"}]},{"@type":"WebSite","@id":"https:\/\/autravail.ca\/#website","url":"https:\/\/autravail.ca\/","name":"Le Magasin Industriel","description":"50 ans de tradition de s\u00e9curit\u00e9 au travail","publisher":{"@id":"https:\/\/autravail.ca\/#organization"},"potentialAction":[{"@type":"SearchAction","target":{"@type":"EntryPoint","urlTemplate":"https:\/\/autravail.ca\/?s={search_term_string}"},"query-input":{"@type":"PropertyValueSpecification","valueRequired":true,"valueName":"search_term_string"}}],"inLanguage":"en-CA"},{"@type":"Organization","@id":"https:\/\/autravail.ca\/#organization","name":"Le Magasin Industriel","url":"https:\/\/autravail.ca\/","logo":{"@type":"ImageObject","inLanguage":"en-CA","@id":"https:\/\/autravail.ca\/#\/schema\/logo\/image\/","url":"https:\/\/autravail.ca\/wp-content\/uploads\/2025\/05\/cropped-magasin_industriel_120x.avif","contentUrl":"https:\/\/autravail.ca\/wp-content\/uploads\/2025\/05\/cropped-magasin_industriel_120x.avif","width":120,"height":24,"caption":"Le Magasin Industriel"},"image":{"@id":"https:\/\/autravail.ca\/#\/schema\/logo\/image\/"},"sameAs":["https:\/\/www.facebook.com\/lemagasinindustriel\/?locale=fr_FR"]}]}},"jetpack_sharing_enabled":true,"_links":{"self":[{"href":"https:\/\/autravail.ca\/en\/wp-json\/wp\/v2\/product\/26516","targetHints":{"allow":["GET"]}}],"collection":[{"href":"https:\/\/autravail.ca\/en\/wp-json\/wp\/v2\/product"}],"about":[{"href":"https:\/\/autravail.ca\/en\/wp-json\/wp\/v2\/types\/product"}],"replies":[{"embeddable":true,"href":"https:\/\/autravail.ca\/en\/wp-json\/wp\/v2\/comments?post=26516"}],"wp:featuredmedia":[{"embeddable":true,"href":"https:\/\/autravail.ca\/en\/wp-json\/wp\/v2\/media\/46871"}],"wp:attachment":[{"href":"https:\/\/autravail.ca\/en\/wp-json\/wp\/v2\/media?parent=26516"}],"wp:term":[{"taxonomy":"product_cat","embeddable":true,"href":"https:\/\/autravail.ca\/en\/wp-json\/wp\/v2\/product_cat?post=26516"},{"taxonomy":"product_tag","embeddable":true,"href":"https:\/\/autravail.ca\/en\/wp-json\/wp\/v2\/product_tag?post=26516"}],"curies":[{"name":"wp","href":"https:\/\/api.w.org\/{rel}","templated":true}]}}