{"id":26515,"date":"2025-05-08T06:16:47","date_gmt":"2025-05-08T06:16:47","guid":{"rendered":"https:\/\/meteoquebec.ca\/?post_type=product&#038;p=26515"},"modified":"2025-12-05T05:11:51","modified_gmt":"2025-12-05T09:11:51","slug":"2410-t-shirt-a-manches-longues","status":"publish","type":"product","link":"https:\/\/autravail.ca\/en\/product\/2410-t-shirt-a-manches-longues\/","title":{"rendered":"2410 - LONG SLEEVED T-SHIRT"},"content":{"rendered":"<p>Long Sleeve T-shirt<\/p>\n<p>10 oz, 100% pre-shrunk cotton jersey.<\/p>\n<p>7\/8' Double Stitch Collar.<\/p>\n<p>Collar and shoulder taping.<\/p>\n<p>Pouch on left chest.<\/p>\n<p>Cuff in ribbed knit.<\/p>\n<p>Double stitching at the base.<\/p>\n<p>The fabric is turned a quarter of a turn to eliminate the central crease<\/p>","protected":false},"excerpt":{"rendered":"<p>T-shirt \u00e0 manches longues 10 oz, 100% coton jersey pr\u00e9r\u00e9tr\u00e9ci. Col \u00e0 double coutures 7\/8&Prime;. Bande de recouvrement au col et aux \u00e9paules. Poche sur la poitrine gauche. Poignets en tricot c\u00f4tel\u00e9. Double coutures \u00e0 la base. Tissu tourn\u00e9 d\u2019un quart de tour pour \u00e9liminer le pli central.<\/p>","protected":false},"featured_media":9497,"comment_status":"open","ping_status":"closed","template":"","meta":[],"product_cat":[630,602,629,628,604],"product_tag":[306,242],"class_list":{"0":"post-26515","1":"product","2":"type-product","3":"status-publish","4":"has-post-thumbnail","6":"product_brand-gildan","7":"product_cat-chandails","8":"product_cat-hommes","9":"product_cat-polos","10":"product_cat-t-shirts","11":"product_cat-vetements-de-travail","12":"product_tag-cartier","13":"product_tag-homme","15":"first","16":"instock","17":"taxable","18":"shipping-taxable","19":"purchasable","20":"product-type-variable"},"yoast_head":"<!-- This site is optimized with the Yoast SEO plugin v25.3.1 - https:\/\/yoast.com\/wordpress\/plugins\/seo\/ -->\n<title>2410 - T-SHIRT \u00c0 MANCHES LONGUES - Le Magasin Industriel<\/title>\n<meta name=\"robots\" content=\"index, follow, max-snippet:-1, max-image-preview:large, max-video-preview:-1\" \/>\n<link rel=\"canonical\" href=\"https:\/\/autravail.ca\/en\/product\/2410-t-shirt-a-manches-longues\/\" \/>\n<meta property=\"og:locale\" content=\"en_US\" \/>\n<meta property=\"og:type\" content=\"article\" \/>\n<meta property=\"og:title\" content=\"2410 - T-SHIRT \u00c0 MANCHES LONGUES - Le Magasin Industriel\" \/>\n<meta property=\"og:description\" content=\"T-shirt \u00e0 manches longues 10 oz, 100% coton jersey pr\u00e9r\u00e9tr\u00e9ci. Col \u00e0 double coutures 7\/8&Prime;. Bande de recouvrement au col et aux \u00e9paules. Poche sur la poitrine gauche. Poignets en tricot c\u00f4tel\u00e9. Double coutures \u00e0 la base. Tissu tourn\u00e9 d\u2019un quart de tour pour \u00e9liminer le pli central.\" \/>\n<meta property=\"og:url\" content=\"https:\/\/autravail.ca\/en\/product\/2410-t-shirt-a-manches-longues\/\" \/>\n<meta property=\"og:site_name\" content=\"Le Magasin Industriel\" \/>\n<meta property=\"article:publisher\" content=\"https:\/\/www.facebook.com\/lemagasinindustriel\/?locale=fr_FR\" \/>\n<meta property=\"article:modified_time\" content=\"2025-12-05T09:11:51+00:00\" \/>\n<meta property=\"og:image\" content=\"https:\/\/autravail.ca\/wp-content\/uploads\/2025\/05\/2410_noir_A01.jpg\" \/>\n\t<meta property=\"og:image:width\" content=\"800\" \/>\n\t<meta property=\"og:image:height\" content=\"720\" \/>\n\t<meta property=\"og:image:type\" content=\"image\/jpeg\" \/>\n<meta name=\"twitter:card\" content=\"summary_large_image\" \/>\n<script type=\"application\/ld+json\" class=\"yoast-schema-graph\">{\"@context\":\"https:\/\/schema.org\",\"@graph\":[{\"@type\":\"WebPage\",\"@id\":\"https:\/\/autravail.ca\/product\/2410-t-shirt-a-manches-longues\/\",\"url\":\"https:\/\/autravail.ca\/product\/2410-t-shirt-a-manches-longues\/\",\"name\":\"2410 - T-SHIRT \u00c0 MANCHES LONGUES - Le Magasin Industriel\",\"isPartOf\":{\"@id\":\"https:\/\/autravail.ca\/#website\"},\"primaryImageOfPage\":{\"@id\":\"https:\/\/autravail.ca\/product\/2410-t-shirt-a-manches-longues\/#primaryimage\"},\"image\":{\"@id\":\"https:\/\/autravail.ca\/product\/2410-t-shirt-a-manches-longues\/#primaryimage\"},\"thumbnailUrl\":\"https:\/\/autravail.ca\/wp-content\/uploads\/2025\/05\/2410_noir_A01.jpg\",\"datePublished\":\"2025-05-08T06:16:47+00:00\",\"dateModified\":\"2025-12-05T09:11:51+00:00\",\"breadcrumb\":{\"@id\":\"https:\/\/autravail.ca\/product\/2410-t-shirt-a-manches-longues\/#breadcrumb\"},\"inLanguage\":\"en-CA\",\"potentialAction\":[{\"@type\":\"ReadAction\",\"target\":[\"https:\/\/autravail.ca\/product\/2410-t-shirt-a-manches-longues\/\"]}]},{\"@type\":\"ImageObject\",\"inLanguage\":\"en-CA\",\"@id\":\"https:\/\/autravail.ca\/product\/2410-t-shirt-a-manches-longues\/#primaryimage\",\"url\":\"https:\/\/autravail.ca\/wp-content\/uploads\/2025\/05\/2410_noir_A01.jpg\",\"contentUrl\":\"https:\/\/autravail.ca\/wp-content\/uploads\/2025\/05\/2410_noir_A01.jpg\",\"width\":800,\"height\":720},{\"@type\":\"BreadcrumbList\",\"@id\":\"https:\/\/autravail.ca\/product\/2410-t-shirt-a-manches-longues\/#breadcrumb\",\"itemListElement\":[{\"@type\":\"ListItem\",\"position\":1,\"name\":\"Accueil\",\"item\":\"https:\/\/autravail.ca\/\"},{\"@type\":\"ListItem\",\"position\":2,\"name\":\"Magasin\",\"item\":\"https:\/\/autravail.ca\/en\/shop\/\"},{\"@type\":\"ListItem\",\"position\":3,\"name\":\"2410 &#8211; T-SHIRT \u00c0 MANCHES LONGUES\"}]},{\"@type\":\"WebSite\",\"@id\":\"https:\/\/autravail.ca\/#website\",\"url\":\"https:\/\/autravail.ca\/\",\"name\":\"Le Magasin Industriel\",\"description\":\"50 ans de tradition de s\u00e9curit\u00e9 au travail\",\"publisher\":{\"@id\":\"https:\/\/autravail.ca\/#organization\"},\"potentialAction\":[{\"@type\":\"SearchAction\",\"target\":{\"@type\":\"EntryPoint\",\"urlTemplate\":\"https:\/\/autravail.ca\/?s={search_term_string}\"},\"query-input\":{\"@type\":\"PropertyValueSpecification\",\"valueRequired\":true,\"valueName\":\"search_term_string\"}}],\"inLanguage\":\"en-CA\"},{\"@type\":\"Organization\",\"@id\":\"https:\/\/autravail.ca\/#organization\",\"name\":\"Le Magasin Industriel\",\"url\":\"https:\/\/autravail.ca\/\",\"logo\":{\"@type\":\"ImageObject\",\"inLanguage\":\"en-CA\",\"@id\":\"https:\/\/autravail.ca\/#\/schema\/logo\/image\/\",\"url\":\"https:\/\/autravail.ca\/wp-content\/uploads\/2025\/05\/cropped-magasin_industriel_120x.avif\",\"contentUrl\":\"https:\/\/autravail.ca\/wp-content\/uploads\/2025\/05\/cropped-magasin_industriel_120x.avif\",\"width\":120,\"height\":24,\"caption\":\"Le Magasin Industriel\"},\"image\":{\"@id\":\"https:\/\/autravail.ca\/#\/schema\/logo\/image\/\"},\"sameAs\":[\"https:\/\/www.facebook.com\/lemagasinindustriel\/?locale=fr_FR\"]}]}<\/script>\n<!-- \/ Yoast SEO plugin. -->","yoast_head_json":{"title":"2410 - T-SHIRT \u00c0 MANCHES LONGUES - Le Magasin Industriel","robots":{"index":"index","follow":"follow","max-snippet":"max-snippet:-1","max-image-preview":"max-image-preview:large","max-video-preview":"max-video-preview:-1"},"canonical":"https:\/\/autravail.ca\/en\/product\/2410-t-shirt-a-manches-longues\/","og_locale":"en_US","og_type":"article","og_title":"2410 - T-SHIRT \u00c0 MANCHES LONGUES - Le Magasin Industriel","og_description":"T-shirt \u00e0 manches longues 10 oz, 100% coton jersey pr\u00e9r\u00e9tr\u00e9ci. Col \u00e0 double coutures 7\/8&Prime;. Bande de recouvrement au col et aux \u00e9paules. Poche sur la poitrine gauche. Poignets en tricot c\u00f4tel\u00e9. Double coutures \u00e0 la base. Tissu tourn\u00e9 d\u2019un quart de tour pour \u00e9liminer le pli central.","og_url":"https:\/\/autravail.ca\/en\/product\/2410-t-shirt-a-manches-longues\/","og_site_name":"Le Magasin Industriel","article_publisher":"https:\/\/www.facebook.com\/lemagasinindustriel\/?locale=fr_FR","article_modified_time":"2025-12-05T09:11:51+00:00","og_image":[{"width":800,"height":720,"url":"https:\/\/autravail.ca\/wp-content\/uploads\/2025\/05\/2410_noir_A01.jpg","type":"image\/jpeg"}],"twitter_card":"summary_large_image","schema":{"@context":"https:\/\/schema.org","@graph":[{"@type":"WebPage","@id":"https:\/\/autravail.ca\/product\/2410-t-shirt-a-manches-longues\/","url":"https:\/\/autravail.ca\/product\/2410-t-shirt-a-manches-longues\/","name":"2410 - T-SHIRT \u00c0 MANCHES LONGUES - Le Magasin Industriel","isPartOf":{"@id":"https:\/\/autravail.ca\/#website"},"primaryImageOfPage":{"@id":"https:\/\/autravail.ca\/product\/2410-t-shirt-a-manches-longues\/#primaryimage"},"image":{"@id":"https:\/\/autravail.ca\/product\/2410-t-shirt-a-manches-longues\/#primaryimage"},"thumbnailUrl":"https:\/\/autravail.ca\/wp-content\/uploads\/2025\/05\/2410_noir_A01.jpg","datePublished":"2025-05-08T06:16:47+00:00","dateModified":"2025-12-05T09:11:51+00:00","breadcrumb":{"@id":"https:\/\/autravail.ca\/product\/2410-t-shirt-a-manches-longues\/#breadcrumb"},"inLanguage":"en-CA","potentialAction":[{"@type":"ReadAction","target":["https:\/\/autravail.ca\/product\/2410-t-shirt-a-manches-longues\/"]}]},{"@type":"ImageObject","inLanguage":"en-CA","@id":"https:\/\/autravail.ca\/product\/2410-t-shirt-a-manches-longues\/#primaryimage","url":"https:\/\/autravail.ca\/wp-content\/uploads\/2025\/05\/2410_noir_A01.jpg","contentUrl":"https:\/\/autravail.ca\/wp-content\/uploads\/2025\/05\/2410_noir_A01.jpg","width":800,"height":720},{"@type":"BreadcrumbList","@id":"https:\/\/autravail.ca\/product\/2410-t-shirt-a-manches-longues\/#breadcrumb","itemListElement":[{"@type":"ListItem","position":1,"name":"Accueil","item":"https:\/\/autravail.ca\/"},{"@type":"ListItem","position":2,"name":"Magasin","item":"https:\/\/autravail.ca\/en\/shop\/"},{"@type":"ListItem","position":3,"name":"2410 &#8211; T-SHIRT \u00c0 MANCHES LONGUES"}]},{"@type":"WebSite","@id":"https:\/\/autravail.ca\/#website","url":"https:\/\/autravail.ca\/","name":"Le Magasin Industriel","description":"50 ans de tradition de s\u00e9curit\u00e9 au travail","publisher":{"@id":"https:\/\/autravail.ca\/#organization"},"potentialAction":[{"@type":"SearchAction","target":{"@type":"EntryPoint","urlTemplate":"https:\/\/autravail.ca\/?s={search_term_string}"},"query-input":{"@type":"PropertyValueSpecification","valueRequired":true,"valueName":"search_term_string"}}],"inLanguage":"en-CA"},{"@type":"Organization","@id":"https:\/\/autravail.ca\/#organization","name":"Le Magasin Industriel","url":"https:\/\/autravail.ca\/","logo":{"@type":"ImageObject","inLanguage":"en-CA","@id":"https:\/\/autravail.ca\/#\/schema\/logo\/image\/","url":"https:\/\/autravail.ca\/wp-content\/uploads\/2025\/05\/cropped-magasin_industriel_120x.avif","contentUrl":"https:\/\/autravail.ca\/wp-content\/uploads\/2025\/05\/cropped-magasin_industriel_120x.avif","width":120,"height":24,"caption":"Le Magasin Industriel"},"image":{"@id":"https:\/\/autravail.ca\/#\/schema\/logo\/image\/"},"sameAs":["https:\/\/www.facebook.com\/lemagasinindustriel\/?locale=fr_FR"]}]}},"jetpack_sharing_enabled":true,"_links":{"self":[{"href":"https:\/\/autravail.ca\/en\/wp-json\/wp\/v2\/product\/26515","targetHints":{"allow":["GET"]}}],"collection":[{"href":"https:\/\/autravail.ca\/en\/wp-json\/wp\/v2\/product"}],"about":[{"href":"https:\/\/autravail.ca\/en\/wp-json\/wp\/v2\/types\/product"}],"replies":[{"embeddable":true,"href":"https:\/\/autravail.ca\/en\/wp-json\/wp\/v2\/comments?post=26515"}],"wp:featuredmedia":[{"embeddable":true,"href":"https:\/\/autravail.ca\/en\/wp-json\/wp\/v2\/media\/9497"}],"wp:attachment":[{"href":"https:\/\/autravail.ca\/en\/wp-json\/wp\/v2\/media?parent=26515"}],"wp:term":[{"taxonomy":"product_cat","embeddable":true,"href":"https:\/\/autravail.ca\/en\/wp-json\/wp\/v2\/product_cat?post=26515"},{"taxonomy":"product_tag","embeddable":true,"href":"https:\/\/autravail.ca\/en\/wp-json\/wp\/v2\/product_tag?post=26515"}],"curies":[{"name":"wp","href":"https:\/\/api.w.org\/{rel}","templated":true}]}}