{"id":26426,"date":"2025-05-08T06:16:15","date_gmt":"2025-05-08T06:16:15","guid":{"rendered":"https:\/\/meteoquebec.ca\/?post_type=product&#038;p=26426"},"modified":"2025-12-05T05:11:52","modified_gmt":"2025-12-05T09:11:52","slug":"2400-t-shirt-de-travail-manches-longues-6","status":"publish","type":"product","link":"https:\/\/autravail.ca\/en\/product\/2400-t-shirt-de-travail-manches-longues-6\/","title":{"rendered":"2400 - WORK SHIRT, LONG SLEEVES"},"content":{"rendered":"<p>LONG SLEEVE T-SHIRT 100% PRE-SHRUNKEN COTTON - Gildan<\/p>\n<ul>\n<li>100% Pre-shrunk Cotton Jersey. 10.1oz.<\/li>\n<li>Pierced necklace (double needle)<\/li>\n<li>Cross double points at the sleeves' ends and waist.<\/li>\n<li>Shoulder and neck covering band<\/li>\n<li>The fabric is turned a quarter of a turn to eliminate the central crease<\/li>\n<\/ul>","protected":false},"excerpt":{"rendered":"<p>T-SHIRT MANCHES LONGUES 100% COTON PR\u00c9-R\u00c9TR\u00c9CI &#8211; Gildan Jersey 100% coton pr\u00e9-r\u00e9tr\u00e9ci. 10.1oz. Encolure surpiqu\u00e9e \u00e0 deux aiguilles. Points de croix double aux ourlets des manches et de la taille. Bande de recouvrement aux \u00e9paules et au col. Tissu tourn\u00e9 d\u2019un quart de tour pour \u00e9liminer le pli central.<\/p>","protected":false},"featured_media":9403,"comment_status":"open","ping_status":"closed","template":"","meta":[],"product_cat":[630,602,629,628,604],"product_tag":[306,242,293],"class_list":{"0":"post-26426","1":"product","2":"type-product","3":"status-publish","4":"has-post-thumbnail","6":"product_brand-gildan","7":"product_cat-chandails","8":"product_cat-hommes","9":"product_cat-polos","10":"product_cat-t-shirts","11":"product_cat-vetements-de-travail","12":"product_tag-cartier","13":"product_tag-homme","14":"product_tag-t-shirts-polos-et-chandails","16":"first","17":"instock","18":"taxable","19":"shipping-taxable","20":"purchasable","21":"product-type-variable"},"yoast_head":"<!-- This site is optimized with the Yoast SEO plugin v25.3.1 - https:\/\/yoast.com\/wordpress\/plugins\/seo\/ -->\n<title>2400 - T-SHIRT DE TRAVAIL, MANCHES LONGUES - Le Magasin Industriel<\/title>\n<meta name=\"robots\" content=\"index, follow, max-snippet:-1, max-image-preview:large, max-video-preview:-1\" \/>\n<link rel=\"canonical\" href=\"https:\/\/autravail.ca\/en\/product\/2400-t-shirt-de-travail-manches-longues-6\/\" \/>\n<meta property=\"og:locale\" content=\"en_US\" \/>\n<meta property=\"og:type\" content=\"article\" \/>\n<meta property=\"og:title\" content=\"2400 - T-SHIRT DE TRAVAIL, MANCHES LONGUES - Le Magasin Industriel\" \/>\n<meta property=\"og:description\" content=\"T-SHIRT MANCHES LONGUES 100% COTON PR\u00c9-R\u00c9TR\u00c9CI &#8211; Gildan Jersey 100% coton pr\u00e9-r\u00e9tr\u00e9ci. 10.1oz. Encolure surpiqu\u00e9e \u00e0 deux aiguilles. Points de croix double aux ourlets des manches et de la taille. Bande de recouvrement aux \u00e9paules et au col. Tissu tourn\u00e9 d\u2019un quart de tour pour \u00e9liminer le pli central.\" \/>\n<meta property=\"og:url\" content=\"https:\/\/autravail.ca\/en\/product\/2400-t-shirt-de-travail-manches-longues-6\/\" \/>\n<meta property=\"og:site_name\" content=\"Le Magasin Industriel\" \/>\n<meta property=\"article:publisher\" content=\"https:\/\/www.facebook.com\/lemagasinindustriel\/?locale=fr_FR\" \/>\n<meta property=\"article:modified_time\" content=\"2025-12-05T09:11:52+00:00\" \/>\n<meta property=\"og:image\" content=\"https:\/\/autravail.ca\/wp-content\/uploads\/2025\/05\/2400_A01_noir.jpg\" \/>\n\t<meta property=\"og:image:width\" content=\"800\" \/>\n\t<meta property=\"og:image:height\" content=\"720\" \/>\n\t<meta property=\"og:image:type\" content=\"image\/jpeg\" \/>\n<meta name=\"twitter:card\" content=\"summary_large_image\" \/>\n<script type=\"application\/ld+json\" class=\"yoast-schema-graph\">{\"@context\":\"https:\/\/schema.org\",\"@graph\":[{\"@type\":\"WebPage\",\"@id\":\"https:\/\/autravail.ca\/product\/2400-t-shirt-de-travail-manches-longues-6\/\",\"url\":\"https:\/\/autravail.ca\/product\/2400-t-shirt-de-travail-manches-longues-6\/\",\"name\":\"2400 - T-SHIRT DE TRAVAIL, MANCHES LONGUES - Le Magasin Industriel\",\"isPartOf\":{\"@id\":\"https:\/\/autravail.ca\/#website\"},\"primaryImageOfPage\":{\"@id\":\"https:\/\/autravail.ca\/product\/2400-t-shirt-de-travail-manches-longues-6\/#primaryimage\"},\"image\":{\"@id\":\"https:\/\/autravail.ca\/product\/2400-t-shirt-de-travail-manches-longues-6\/#primaryimage\"},\"thumbnailUrl\":\"https:\/\/autravail.ca\/wp-content\/uploads\/2025\/05\/2400_A01_noir.jpg\",\"datePublished\":\"2025-05-08T06:16:15+00:00\",\"dateModified\":\"2025-12-05T09:11:52+00:00\",\"breadcrumb\":{\"@id\":\"https:\/\/autravail.ca\/product\/2400-t-shirt-de-travail-manches-longues-6\/#breadcrumb\"},\"inLanguage\":\"en-CA\",\"potentialAction\":[{\"@type\":\"ReadAction\",\"target\":[\"https:\/\/autravail.ca\/product\/2400-t-shirt-de-travail-manches-longues-6\/\"]}]},{\"@type\":\"ImageObject\",\"inLanguage\":\"en-CA\",\"@id\":\"https:\/\/autravail.ca\/product\/2400-t-shirt-de-travail-manches-longues-6\/#primaryimage\",\"url\":\"https:\/\/autravail.ca\/wp-content\/uploads\/2025\/05\/2400_A01_noir.jpg\",\"contentUrl\":\"https:\/\/autravail.ca\/wp-content\/uploads\/2025\/05\/2400_A01_noir.jpg\",\"width\":800,\"height\":720},{\"@type\":\"BreadcrumbList\",\"@id\":\"https:\/\/autravail.ca\/product\/2400-t-shirt-de-travail-manches-longues-6\/#breadcrumb\",\"itemListElement\":[{\"@type\":\"ListItem\",\"position\":1,\"name\":\"Accueil\",\"item\":\"https:\/\/autravail.ca\/\"},{\"@type\":\"ListItem\",\"position\":2,\"name\":\"Magasin\",\"item\":\"https:\/\/autravail.ca\/en\/shop\/\"},{\"@type\":\"ListItem\",\"position\":3,\"name\":\"2400 &#8211; T-SHIRT DE TRAVAIL, MANCHES LONGUES\"}]},{\"@type\":\"WebSite\",\"@id\":\"https:\/\/autravail.ca\/#website\",\"url\":\"https:\/\/autravail.ca\/\",\"name\":\"Le Magasin Industriel\",\"description\":\"50 ans de tradition de s\u00e9curit\u00e9 au travail\",\"publisher\":{\"@id\":\"https:\/\/autravail.ca\/#organization\"},\"potentialAction\":[{\"@type\":\"SearchAction\",\"target\":{\"@type\":\"EntryPoint\",\"urlTemplate\":\"https:\/\/autravail.ca\/?s={search_term_string}\"},\"query-input\":{\"@type\":\"PropertyValueSpecification\",\"valueRequired\":true,\"valueName\":\"search_term_string\"}}],\"inLanguage\":\"en-CA\"},{\"@type\":\"Organization\",\"@id\":\"https:\/\/autravail.ca\/#organization\",\"name\":\"Le Magasin Industriel\",\"url\":\"https:\/\/autravail.ca\/\",\"logo\":{\"@type\":\"ImageObject\",\"inLanguage\":\"en-CA\",\"@id\":\"https:\/\/autravail.ca\/#\/schema\/logo\/image\/\",\"url\":\"https:\/\/autravail.ca\/wp-content\/uploads\/2025\/05\/cropped-magasin_industriel_120x.avif\",\"contentUrl\":\"https:\/\/autravail.ca\/wp-content\/uploads\/2025\/05\/cropped-magasin_industriel_120x.avif\",\"width\":120,\"height\":24,\"caption\":\"Le Magasin Industriel\"},\"image\":{\"@id\":\"https:\/\/autravail.ca\/#\/schema\/logo\/image\/\"},\"sameAs\":[\"https:\/\/www.facebook.com\/lemagasinindustriel\/?locale=fr_FR\"]}]}<\/script>\n<!-- \/ Yoast SEO plugin. -->","yoast_head_json":{"title":"2400 - T-SHIRT DE TRAVAIL, MANCHES LONGUES - Le Magasin Industriel","robots":{"index":"index","follow":"follow","max-snippet":"max-snippet:-1","max-image-preview":"max-image-preview:large","max-video-preview":"max-video-preview:-1"},"canonical":"https:\/\/autravail.ca\/en\/product\/2400-t-shirt-de-travail-manches-longues-6\/","og_locale":"en_US","og_type":"article","og_title":"2400 - T-SHIRT DE TRAVAIL, MANCHES LONGUES - Le Magasin Industriel","og_description":"T-SHIRT MANCHES LONGUES 100% COTON PR\u00c9-R\u00c9TR\u00c9CI &#8211; Gildan Jersey 100% coton pr\u00e9-r\u00e9tr\u00e9ci. 10.1oz. Encolure surpiqu\u00e9e \u00e0 deux aiguilles. Points de croix double aux ourlets des manches et de la taille. Bande de recouvrement aux \u00e9paules et au col. Tissu tourn\u00e9 d\u2019un quart de tour pour \u00e9liminer le pli central.","og_url":"https:\/\/autravail.ca\/en\/product\/2400-t-shirt-de-travail-manches-longues-6\/","og_site_name":"Le Magasin Industriel","article_publisher":"https:\/\/www.facebook.com\/lemagasinindustriel\/?locale=fr_FR","article_modified_time":"2025-12-05T09:11:52+00:00","og_image":[{"width":800,"height":720,"url":"https:\/\/autravail.ca\/wp-content\/uploads\/2025\/05\/2400_A01_noir.jpg","type":"image\/jpeg"}],"twitter_card":"summary_large_image","schema":{"@context":"https:\/\/schema.org","@graph":[{"@type":"WebPage","@id":"https:\/\/autravail.ca\/product\/2400-t-shirt-de-travail-manches-longues-6\/","url":"https:\/\/autravail.ca\/product\/2400-t-shirt-de-travail-manches-longues-6\/","name":"2400 - T-SHIRT DE TRAVAIL, MANCHES LONGUES - Le Magasin Industriel","isPartOf":{"@id":"https:\/\/autravail.ca\/#website"},"primaryImageOfPage":{"@id":"https:\/\/autravail.ca\/product\/2400-t-shirt-de-travail-manches-longues-6\/#primaryimage"},"image":{"@id":"https:\/\/autravail.ca\/product\/2400-t-shirt-de-travail-manches-longues-6\/#primaryimage"},"thumbnailUrl":"https:\/\/autravail.ca\/wp-content\/uploads\/2025\/05\/2400_A01_noir.jpg","datePublished":"2025-05-08T06:16:15+00:00","dateModified":"2025-12-05T09:11:52+00:00","breadcrumb":{"@id":"https:\/\/autravail.ca\/product\/2400-t-shirt-de-travail-manches-longues-6\/#breadcrumb"},"inLanguage":"en-CA","potentialAction":[{"@type":"ReadAction","target":["https:\/\/autravail.ca\/product\/2400-t-shirt-de-travail-manches-longues-6\/"]}]},{"@type":"ImageObject","inLanguage":"en-CA","@id":"https:\/\/autravail.ca\/product\/2400-t-shirt-de-travail-manches-longues-6\/#primaryimage","url":"https:\/\/autravail.ca\/wp-content\/uploads\/2025\/05\/2400_A01_noir.jpg","contentUrl":"https:\/\/autravail.ca\/wp-content\/uploads\/2025\/05\/2400_A01_noir.jpg","width":800,"height":720},{"@type":"BreadcrumbList","@id":"https:\/\/autravail.ca\/product\/2400-t-shirt-de-travail-manches-longues-6\/#breadcrumb","itemListElement":[{"@type":"ListItem","position":1,"name":"Accueil","item":"https:\/\/autravail.ca\/"},{"@type":"ListItem","position":2,"name":"Magasin","item":"https:\/\/autravail.ca\/en\/shop\/"},{"@type":"ListItem","position":3,"name":"2400 &#8211; T-SHIRT DE TRAVAIL, MANCHES LONGUES"}]},{"@type":"WebSite","@id":"https:\/\/autravail.ca\/#website","url":"https:\/\/autravail.ca\/","name":"Le Magasin Industriel","description":"50 ans de tradition de s\u00e9curit\u00e9 au travail","publisher":{"@id":"https:\/\/autravail.ca\/#organization"},"potentialAction":[{"@type":"SearchAction","target":{"@type":"EntryPoint","urlTemplate":"https:\/\/autravail.ca\/?s={search_term_string}"},"query-input":{"@type":"PropertyValueSpecification","valueRequired":true,"valueName":"search_term_string"}}],"inLanguage":"en-CA"},{"@type":"Organization","@id":"https:\/\/autravail.ca\/#organization","name":"Le Magasin Industriel","url":"https:\/\/autravail.ca\/","logo":{"@type":"ImageObject","inLanguage":"en-CA","@id":"https:\/\/autravail.ca\/#\/schema\/logo\/image\/","url":"https:\/\/autravail.ca\/wp-content\/uploads\/2025\/05\/cropped-magasin_industriel_120x.avif","contentUrl":"https:\/\/autravail.ca\/wp-content\/uploads\/2025\/05\/cropped-magasin_industriel_120x.avif","width":120,"height":24,"caption":"Le Magasin Industriel"},"image":{"@id":"https:\/\/autravail.ca\/#\/schema\/logo\/image\/"},"sameAs":["https:\/\/www.facebook.com\/lemagasinindustriel\/?locale=fr_FR"]}]}},"jetpack_sharing_enabled":true,"_links":{"self":[{"href":"https:\/\/autravail.ca\/en\/wp-json\/wp\/v2\/product\/26426","targetHints":{"allow":["GET"]}}],"collection":[{"href":"https:\/\/autravail.ca\/en\/wp-json\/wp\/v2\/product"}],"about":[{"href":"https:\/\/autravail.ca\/en\/wp-json\/wp\/v2\/types\/product"}],"replies":[{"embeddable":true,"href":"https:\/\/autravail.ca\/en\/wp-json\/wp\/v2\/comments?post=26426"}],"wp:featuredmedia":[{"embeddable":true,"href":"https:\/\/autravail.ca\/en\/wp-json\/wp\/v2\/media\/9403"}],"wp:attachment":[{"href":"https:\/\/autravail.ca\/en\/wp-json\/wp\/v2\/media?parent=26426"}],"wp:term":[{"taxonomy":"product_cat","embeddable":true,"href":"https:\/\/autravail.ca\/en\/wp-json\/wp\/v2\/product_cat?post=26426"},{"taxonomy":"product_tag","embeddable":true,"href":"https:\/\/autravail.ca\/en\/wp-json\/wp\/v2\/product_tag?post=26426"}],"curies":[{"name":"wp","href":"https:\/\/api.w.org\/{rel}","templated":true}]}}