{"id":26394,"date":"2025-05-08T06:16:07","date_gmt":"2025-05-08T06:16:07","guid":{"rendered":"https:\/\/meteoquebec.ca\/?post_type=product&#038;p=26394"},"modified":"2025-12-05T05:11:53","modified_gmt":"2025-12-05T09:11:53","slug":"baffin-botte-de-travail-dhiver-csa-titan-2359-0000","status":"publish","type":"product","link":"https:\/\/autravail.ca\/en\/product\/baffin-botte-de-travail-dhiver-csa-titan-2359-0000\/","title":{"rendered":"Baffin Botte de travail d&rsquo;hiver CSA &#8211; Titan 2359-0000"},"content":{"rendered":"<h3>Baffin Botte de travail d&rsquo;hiver CSA &#8211; Titan 2359-0000<\/h3>\n<p>Peu de choses sont aussi impr\u00e9visibles que le climat nord-am\u00e9ricain. La botte de travail d&rsquo;hiver CSA Titan 2359-0000 de Baffin est donc indispensable aux personnes qui recherchent une botte polyvalente de type industriel. Dot\u00e9e de doublures amovibles adapt\u00e9es \u00e0 toutes les saisons, la TITAN (EPS) est tout aussi efficace pour vous que pour votre travail.<\/p>\n<p><img decoding=\"async\" class=\"alignnone size-full wp-image-40117\" src=\"https:\/\/autravail.ca\/wp-content\/uploads\/2025\/09\/Certification-Omega-Triangle-vert.jpg\" alt=\"Certifications Om\u00e9ga Triangle vert\" width=\"193\" height=\"110\" srcset=\"https:\/\/autravail.ca\/wp-content\/uploads\/2025\/09\/Certification-Omega-Triangle-vert.jpg 193w, https:\/\/autravail.ca\/wp-content\/uploads\/2025\/09\/Certification-Omega-Triangle-vert-150x85.jpg 150w, https:\/\/autravail.ca\/wp-content\/uploads\/2025\/09\/Certification-Omega-Triangle-vert-18x10.jpg 18w\" sizes=\"(max-width: 193px) 100vw, 193px\" \/><\/p>\n<h4>Characteristics:<\/h4>\n<ul>\n<li>Botte <a href=\"\/en\/product-brand\/baffin\/\">Baffin<\/a> hydrofuge enti\u00e8rement moul\u00e9e.<\/li>\n<li>Shovel for 2.5 cm (1 po) of snow.<\/li>\n<li>Comfort toe of the shoe: -100C\/-148F<\/li>\n<li>Antiskid, durable and self-cleaning<\/li>\n<li>Plantar supporting microcellular cushioned mattress trapping air and humidity<\/li>\n<li>Protection cap and sole CSA triangle green<\/li>\n<li>Made in Canada.<\/li>\n<\/ul>\n<h4>LA TECHNOLOGIE<\/h4>\n<p>Tige haute, enti\u00e8rement moul\u00e9e, en composite Oarprene\u2122 r\u00e9sistant \u00e0 l&rsquo;huile et aux acides, avec un col pare-neige en nylon pour une protection optimale contre les intemp\u00e9ries. Mod\u00e8le \u00e0 enfiler pour un chaussage facile.<\/p>\n<p>Embout et plaque de s\u00e9curit\u00e9 en acier.<br \/>\nSemelle ext\u00e9rieure enti\u00e8rement moul\u00e9e en Polar Rubber\u2122 pour une adh\u00e9rence et une long\u00e9vit\u00e9 optimales par temps froid.<\/p>\n<p>Syst\u00e8me de chausson int\u00e9rieur amovible Comfort-Fit multicouches comprenant :<\/p>\n<p>Couche Thermaplush\u2122 douce et absorbante pour une chaleur optimale.<br \/>\nDoublure en mousse B-Tek\u2122 ajust\u00e9e pour un confort optimal.<br \/>\nDouble isolation B-Tek\u2122 Heat l\u00e9g\u00e8re \u00e0 4 canaux en fibres creuses pour une respirabilit\u00e9 optimale sur une large plage de temp\u00e9ratures.<br \/>\nSuperposition Hydromax\u2122 pour une meilleure gestion de l&rsquo;humidit\u00e9.<br \/>\nMembrane en aluminium vaporis\u00e9 pour une r\u00e9flexion de l&rsquo;\u00e9nergie et une r\u00e9gulation thermique.<br \/>\nM\u00e9lange de laine de polyester PolyWool\u2122 pour une chaleur respirante.<br \/>\nIsolation DiamondNet\u2122 pour une protection coupe-vent. Sensation de l\u00e9g\u00e8ret\u00e9<br \/>\nSemelle int\u00e9rieure gaufr\u00e9e con\u00e7ue pour emprisonner l&rsquo;air chaud et contr\u00f4ler les odeurs<br \/>\nDouble semelle int\u00e9rieure en aluminium qui restitue la chaleur et r\u00e9fl\u00e9chit le froid pour une r\u00e9gulation thermique optimale<\/p>\n<h4>ENTRETIEN<strong>:<\/strong><\/h4>\n<ul>\n<li>Base en caoutchouc\u00a0: essuyer avec un chiffon humide pour enlever l\u2019exc\u00e8s de salet\u00e9. Si la salet\u00e9 persiste, utiliser un d\u00e9tergent doux avec le chiffon humide.<\/li>\n<li>Nylon\u00a0: laver d\u2019abord \u00e0 la main avec de l\u2019eau ti\u00e8de. Si la salet\u00e9 persiste, utiliser un d\u00e9tergent doux.<\/li>\n<\/ul>\n<h4>ENTREPOSAGE:<\/h4>\n<p>Retirez toute salet\u00e9 et d\u00e9bris du caoutchouc, du nylon ou du cuir.<br \/>\nEssuyez et assurez-vous que le produit est sec avant de le ranger.<br \/>\nConservation optimale dans un endroit sombre, sec et frais.<\/p>","protected":false},"excerpt":{"rendered":"<p>Baffin Botte de travail d&rsquo;hiver CSA &#8211; Titan 2359-0000 Peu de choses sont aussi impr\u00e9visibles que le climat nord-am\u00e9ricain. La botte de travail d&rsquo;hiver CSA Titan 2359-0000 de Baffin est donc indispensable aux personnes qui recherchent une botte polyvalente de type industriel. Dot\u00e9e de doublures amovibles adapt\u00e9es \u00e0 toutes les saisons, la TITAN (EPS) est [&hellip;]<\/p>","protected":false},"featured_media":9347,"comment_status":"open","ping_status":"closed","template":"","meta":[],"product_cat":[671,602],"product_tag":[308,309,252,242,253],"class_list":{"0":"post-26394","1":"product","2":"type-product","3":"status-publish","4":"has-post-thumbnail","6":"product_brand-baffin","7":"product_cat-bottes-dhiver-csa","8":"product_cat-hommes","9":"product_tag-bottes-dhiver-csa","10":"product_tag-csa-hiver","11":"product_tag-electric-shock-resistant","12":"product_tag-homme","13":"product_tag-sole-protection","15":"first","16":"instock","17":"taxable","18":"shipping-taxable","19":"purchasable","20":"product-type-variable"},"yoast_head":"<!-- This site is optimized with the Yoast SEO plugin v25.3.1 - https:\/\/yoast.com\/wordpress\/plugins\/seo\/ -->\n<title>Baffin Botte de travail d&#039;hiver CSA - Titan 2359-0000 - Le Magasin Industriel<\/title>\n<meta name=\"description\" content=\"Baffin Botte de travail d&#039;hiver CSA Titan 2359-0000 isol\u00e9e avec doublure de feutre amovible et certifications triangle vert et om\u00e9ga.\" \/>\n<meta name=\"robots\" content=\"index, follow, max-snippet:-1, max-image-preview:large, max-video-preview:-1\" \/>\n<link rel=\"canonical\" href=\"https:\/\/autravail.ca\/en\/product\/baffin-botte-de-travail-dhiver-csa-titan-2359-0000\/\" \/>\n<meta property=\"og:locale\" content=\"en_US\" \/>\n<meta property=\"og:type\" content=\"article\" \/>\n<meta property=\"og:title\" content=\"Baffin Botte de travail d&#039;hiver CSA - Titan 2359-0000 - Le Magasin Industriel\" \/>\n<meta property=\"og:description\" content=\"Baffin Botte de travail d&#039;hiver CSA Titan 2359-0000 isol\u00e9e avec doublure de feutre amovible et certifications triangle vert et om\u00e9ga.\" \/>\n<meta property=\"og:url\" content=\"https:\/\/autravail.ca\/en\/product\/baffin-botte-de-travail-dhiver-csa-titan-2359-0000\/\" \/>\n<meta property=\"og:site_name\" content=\"Le Magasin Industriel\" \/>\n<meta property=\"article:publisher\" content=\"https:\/\/www.facebook.com\/lemagasinindustriel\/?locale=fr_FR\" \/>\n<meta property=\"article:modified_time\" content=\"2025-12-05T09:11:53+00:00\" \/>\n<meta property=\"og:image\" content=\"https:\/\/autravail.ca\/wp-content\/uploads\/2025\/05\/2359-0000_A01_2fae1619-e5fd-49f2-8687-e974289e32c9.jpg\" \/>\n\t<meta property=\"og:image:width\" content=\"1000\" \/>\n\t<meta property=\"og:image:height\" content=\"1000\" \/>\n\t<meta property=\"og:image:type\" content=\"image\/jpeg\" \/>\n<meta name=\"twitter:card\" content=\"summary_large_image\" \/>\n<meta name=\"twitter:label1\" content=\"Est. reading time\" \/>\n\t<meta name=\"twitter:data1\" content=\"3 minutes\" \/>\n<script type=\"application\/ld+json\" class=\"yoast-schema-graph\">{\"@context\":\"https:\/\/schema.org\",\"@graph\":[{\"@type\":\"WebPage\",\"@id\":\"https:\/\/autravail.ca\/product\/baffin-botte-de-travail-dhiver-csa-titan-2359-0000\/\",\"url\":\"https:\/\/autravail.ca\/product\/baffin-botte-de-travail-dhiver-csa-titan-2359-0000\/\",\"name\":\"Baffin Botte de travail d'hiver CSA - Titan 2359-0000 - Le Magasin Industriel\",\"isPartOf\":{\"@id\":\"https:\/\/autravail.ca\/#website\"},\"primaryImageOfPage\":{\"@id\":\"https:\/\/autravail.ca\/product\/baffin-botte-de-travail-dhiver-csa-titan-2359-0000\/#primaryimage\"},\"image\":{\"@id\":\"https:\/\/autravail.ca\/product\/baffin-botte-de-travail-dhiver-csa-titan-2359-0000\/#primaryimage\"},\"thumbnailUrl\":\"https:\/\/autravail.ca\/wp-content\/uploads\/2025\/05\/2359-0000_A01_2fae1619-e5fd-49f2-8687-e974289e32c9.jpg\",\"datePublished\":\"2025-05-08T06:16:07+00:00\",\"dateModified\":\"2025-12-05T09:11:53+00:00\",\"description\":\"Baffin Botte de travail d'hiver CSA Titan 2359-0000 isol\u00e9e avec doublure de feutre amovible et certifications triangle vert et om\u00e9ga.\",\"breadcrumb\":{\"@id\":\"https:\/\/autravail.ca\/product\/baffin-botte-de-travail-dhiver-csa-titan-2359-0000\/#breadcrumb\"},\"inLanguage\":\"en-CA\",\"potentialAction\":[{\"@type\":\"ReadAction\",\"target\":[\"https:\/\/autravail.ca\/product\/baffin-botte-de-travail-dhiver-csa-titan-2359-0000\/\"]}]},{\"@type\":\"ImageObject\",\"inLanguage\":\"en-CA\",\"@id\":\"https:\/\/autravail.ca\/product\/baffin-botte-de-travail-dhiver-csa-titan-2359-0000\/#primaryimage\",\"url\":\"https:\/\/autravail.ca\/wp-content\/uploads\/2025\/05\/2359-0000_A01_2fae1619-e5fd-49f2-8687-e974289e32c9.jpg\",\"contentUrl\":\"https:\/\/autravail.ca\/wp-content\/uploads\/2025\/05\/2359-0000_A01_2fae1619-e5fd-49f2-8687-e974289e32c9.jpg\",\"width\":1000,\"height\":1000,\"caption\":\"Baffin Botte de travail d'hiver CSA - Titan 2359-0000\"},{\"@type\":\"BreadcrumbList\",\"@id\":\"https:\/\/autravail.ca\/product\/baffin-botte-de-travail-dhiver-csa-titan-2359-0000\/#breadcrumb\",\"itemListElement\":[{\"@type\":\"ListItem\",\"position\":1,\"name\":\"Accueil\",\"item\":\"https:\/\/autravail.ca\/\"},{\"@type\":\"ListItem\",\"position\":2,\"name\":\"Magasin\",\"item\":\"https:\/\/autravail.ca\/en\/shop\/\"},{\"@type\":\"ListItem\",\"position\":3,\"name\":\"Baffin Botte de travail d&rsquo;hiver CSA &#8211; Titan 2359-0000\"}]},{\"@type\":\"WebSite\",\"@id\":\"https:\/\/autravail.ca\/#website\",\"url\":\"https:\/\/autravail.ca\/\",\"name\":\"Le Magasin Industriel\",\"description\":\"50 ans de tradition de s\u00e9curit\u00e9 au travail\",\"publisher\":{\"@id\":\"https:\/\/autravail.ca\/#organization\"},\"potentialAction\":[{\"@type\":\"SearchAction\",\"target\":{\"@type\":\"EntryPoint\",\"urlTemplate\":\"https:\/\/autravail.ca\/?s={search_term_string}\"},\"query-input\":{\"@type\":\"PropertyValueSpecification\",\"valueRequired\":true,\"valueName\":\"search_term_string\"}}],\"inLanguage\":\"en-CA\"},{\"@type\":\"Organization\",\"@id\":\"https:\/\/autravail.ca\/#organization\",\"name\":\"Le Magasin Industriel\",\"url\":\"https:\/\/autravail.ca\/\",\"logo\":{\"@type\":\"ImageObject\",\"inLanguage\":\"en-CA\",\"@id\":\"https:\/\/autravail.ca\/#\/schema\/logo\/image\/\",\"url\":\"https:\/\/autravail.ca\/wp-content\/uploads\/2025\/05\/cropped-magasin_industriel_120x.avif\",\"contentUrl\":\"https:\/\/autravail.ca\/wp-content\/uploads\/2025\/05\/cropped-magasin_industriel_120x.avif\",\"width\":120,\"height\":24,\"caption\":\"Le Magasin Industriel\"},\"image\":{\"@id\":\"https:\/\/autravail.ca\/#\/schema\/logo\/image\/\"},\"sameAs\":[\"https:\/\/www.facebook.com\/lemagasinindustriel\/?locale=fr_FR\"]}]}<\/script>\n<!-- \/ Yoast SEO plugin. -->","yoast_head_json":{"title":"Baffin Botte de travail d'hiver CSA - Titan 2359-0000 - Le Magasin Industriel","description":"Baffin Botte de travail d'hiver CSA Titan 2359-0000 isol\u00e9e avec doublure de feutre amovible et certifications triangle vert et om\u00e9ga.","robots":{"index":"index","follow":"follow","max-snippet":"max-snippet:-1","max-image-preview":"max-image-preview:large","max-video-preview":"max-video-preview:-1"},"canonical":"https:\/\/autravail.ca\/en\/product\/baffin-botte-de-travail-dhiver-csa-titan-2359-0000\/","og_locale":"en_US","og_type":"article","og_title":"Baffin Botte de travail d'hiver CSA - Titan 2359-0000 - Le Magasin Industriel","og_description":"Baffin Botte de travail d'hiver CSA Titan 2359-0000 isol\u00e9e avec doublure de feutre amovible et certifications triangle vert et om\u00e9ga.","og_url":"https:\/\/autravail.ca\/en\/product\/baffin-botte-de-travail-dhiver-csa-titan-2359-0000\/","og_site_name":"Le Magasin Industriel","article_publisher":"https:\/\/www.facebook.com\/lemagasinindustriel\/?locale=fr_FR","article_modified_time":"2025-12-05T09:11:53+00:00","og_image":[{"width":1000,"height":1000,"url":"https:\/\/autravail.ca\/wp-content\/uploads\/2025\/05\/2359-0000_A01_2fae1619-e5fd-49f2-8687-e974289e32c9.jpg","type":"image\/jpeg"}],"twitter_card":"summary_large_image","twitter_misc":{"Est. reading time":"3 minutes"},"schema":{"@context":"https:\/\/schema.org","@graph":[{"@type":"WebPage","@id":"https:\/\/autravail.ca\/product\/baffin-botte-de-travail-dhiver-csa-titan-2359-0000\/","url":"https:\/\/autravail.ca\/product\/baffin-botte-de-travail-dhiver-csa-titan-2359-0000\/","name":"Baffin Botte de travail d'hiver CSA - Titan 2359-0000 - Le Magasin Industriel","isPartOf":{"@id":"https:\/\/autravail.ca\/#website"},"primaryImageOfPage":{"@id":"https:\/\/autravail.ca\/product\/baffin-botte-de-travail-dhiver-csa-titan-2359-0000\/#primaryimage"},"image":{"@id":"https:\/\/autravail.ca\/product\/baffin-botte-de-travail-dhiver-csa-titan-2359-0000\/#primaryimage"},"thumbnailUrl":"https:\/\/autravail.ca\/wp-content\/uploads\/2025\/05\/2359-0000_A01_2fae1619-e5fd-49f2-8687-e974289e32c9.jpg","datePublished":"2025-05-08T06:16:07+00:00","dateModified":"2025-12-05T09:11:53+00:00","description":"Baffin Botte de travail d'hiver CSA Titan 2359-0000 isol\u00e9e avec doublure de feutre amovible et certifications triangle vert et om\u00e9ga.","breadcrumb":{"@id":"https:\/\/autravail.ca\/product\/baffin-botte-de-travail-dhiver-csa-titan-2359-0000\/#breadcrumb"},"inLanguage":"en-CA","potentialAction":[{"@type":"ReadAction","target":["https:\/\/autravail.ca\/product\/baffin-botte-de-travail-dhiver-csa-titan-2359-0000\/"]}]},{"@type":"ImageObject","inLanguage":"en-CA","@id":"https:\/\/autravail.ca\/product\/baffin-botte-de-travail-dhiver-csa-titan-2359-0000\/#primaryimage","url":"https:\/\/autravail.ca\/wp-content\/uploads\/2025\/05\/2359-0000_A01_2fae1619-e5fd-49f2-8687-e974289e32c9.jpg","contentUrl":"https:\/\/autravail.ca\/wp-content\/uploads\/2025\/05\/2359-0000_A01_2fae1619-e5fd-49f2-8687-e974289e32c9.jpg","width":1000,"height":1000,"caption":"Baffin Botte de travail d'hiver CSA - Titan 2359-0000"},{"@type":"BreadcrumbList","@id":"https:\/\/autravail.ca\/product\/baffin-botte-de-travail-dhiver-csa-titan-2359-0000\/#breadcrumb","itemListElement":[{"@type":"ListItem","position":1,"name":"Accueil","item":"https:\/\/autravail.ca\/"},{"@type":"ListItem","position":2,"name":"Magasin","item":"https:\/\/autravail.ca\/en\/shop\/"},{"@type":"ListItem","position":3,"name":"Baffin Botte de travail d&rsquo;hiver CSA &#8211; Titan 2359-0000"}]},{"@type":"WebSite","@id":"https:\/\/autravail.ca\/#website","url":"https:\/\/autravail.ca\/","name":"Le Magasin Industriel","description":"50 ans de tradition de s\u00e9curit\u00e9 au travail","publisher":{"@id":"https:\/\/autravail.ca\/#organization"},"potentialAction":[{"@type":"SearchAction","target":{"@type":"EntryPoint","urlTemplate":"https:\/\/autravail.ca\/?s={search_term_string}"},"query-input":{"@type":"PropertyValueSpecification","valueRequired":true,"valueName":"search_term_string"}}],"inLanguage":"en-CA"},{"@type":"Organization","@id":"https:\/\/autravail.ca\/#organization","name":"Le Magasin Industriel","url":"https:\/\/autravail.ca\/","logo":{"@type":"ImageObject","inLanguage":"en-CA","@id":"https:\/\/autravail.ca\/#\/schema\/logo\/image\/","url":"https:\/\/autravail.ca\/wp-content\/uploads\/2025\/05\/cropped-magasin_industriel_120x.avif","contentUrl":"https:\/\/autravail.ca\/wp-content\/uploads\/2025\/05\/cropped-magasin_industriel_120x.avif","width":120,"height":24,"caption":"Le Magasin Industriel"},"image":{"@id":"https:\/\/autravail.ca\/#\/schema\/logo\/image\/"},"sameAs":["https:\/\/www.facebook.com\/lemagasinindustriel\/?locale=fr_FR"]}]}},"jetpack_sharing_enabled":true,"_links":{"self":[{"href":"https:\/\/autravail.ca\/en\/wp-json\/wp\/v2\/product\/26394","targetHints":{"allow":["GET"]}}],"collection":[{"href":"https:\/\/autravail.ca\/en\/wp-json\/wp\/v2\/product"}],"about":[{"href":"https:\/\/autravail.ca\/en\/wp-json\/wp\/v2\/types\/product"}],"replies":[{"embeddable":true,"href":"https:\/\/autravail.ca\/en\/wp-json\/wp\/v2\/comments?post=26394"}],"wp:featuredmedia":[{"embeddable":true,"href":"https:\/\/autravail.ca\/en\/wp-json\/wp\/v2\/media\/9347"}],"wp:attachment":[{"href":"https:\/\/autravail.ca\/en\/wp-json\/wp\/v2\/media?parent=26394"}],"wp:term":[{"taxonomy":"product_cat","embeddable":true,"href":"https:\/\/autravail.ca\/en\/wp-json\/wp\/v2\/product_cat?post=26394"},{"taxonomy":"product_tag","embeddable":true,"href":"https:\/\/autravail.ca\/en\/wp-json\/wp\/v2\/product_tag?post=26394"}],"curies":[{"name":"wp","href":"https:\/\/api.w.org\/{rel}","templated":true}]}}