{"id":26393,"date":"2025-05-08T06:16:07","date_gmt":"2025-05-08T06:16:07","guid":{"rendered":"https:\/\/meteoquebec.ca\/?post_type=product&#038;p=26393"},"modified":"2026-04-13T09:29:40","modified_gmt":"2026-04-13T13:29:40","slug":"botte-dhiver-titan-2355-0000","status":"publish","type":"product","link":"https:\/\/autravail.ca\/en\/product\/botte-dhiver-titan-2355-0000\/","title":{"rendered":"Botte d&rsquo;hiver Titan &#8211; 2355-0000"},"content":{"rendered":"<h3>Botte d&rsquo;hiver Titan &#8211; 2355-0000<\/h3>\n<p>Botte d&rsquo;hiver Titan &#8211; 2355-0000. Peu de choses sont aussi impr\u00e9visibles que le climat nord-am\u00e9ricain. La TITAN de <a href=\"https:\/\/autravail.ca\/en\/product-brand\/baffin\/\">Baffin<\/a> est donc indispensable aux personnes qui recherchent une botte polyvalente de type industriel. Dot\u00e9e de doublures amovibles adapt\u00e9es \u00e0 toutes les saisons, la TITAN est tout aussi efficace pour vous que pour votre travail.<\/p>\n<h6>Characteristics:<\/h6>\n<ul>\n<li>Tige montante, enti\u00e8rement moul\u00e9e en compos\u00e9 Oarprene\u2122 r\u00e9sistant aux huiles et aux acides pour une flexibilit\u00e9, une r\u00e9sistance au froid et une r\u00e9silience optimales.<br \/>\nCol pare-neige en nylon pour une protection maximale contre les intemp\u00e9ries.<br \/>\nMod\u00e8le \u00e0 enfiler pour un chaussage facile.<\/li>\n<li>Semelle ext\u00e9rieure Polar Rubber\u2122 enti\u00e8rement moul\u00e9e pour une adh\u00e9rence et une durabilit\u00e9 maximales par temps froid.<\/li>\n<li>Isolation syst\u00e8me de chausson int\u00e9rieur amovible Comfort-Fit multicouche comprenant :<\/li>\n<li>Couche Thermaplush\u2122 douce et respirante au contact du pied pour plus de chaleur.<br \/>\nDoublure en mousse B-Tek\u2122 ajust\u00e9e pour un confort optimal.<br \/>\nDouble isolation B-Tek\u2122 Heat l\u00e9g\u00e8re \u00e0 4 canaux en fibres creuses pour une respirabilit\u00e9 exceptionnelle dans une large plage de temp\u00e9ratures.<br \/>\nMembrane en aluminium vaporis\u00e9 pour la r\u00e9flexion de l&rsquo;\u00e9nergie et la r\u00e9gulation thermique.<br \/>\nM\u00e9lange de laine et de polyester PolyWool\u2122 pour une chaleur respirante.<br \/>\nDoublure Hydromax\u2122 pour une meilleure gestion de l&rsquo;humidit\u00e9.<br \/>\nIsolation DiamondNet\u2122 pour une protection contre le vent et une sensation de l\u00e9g\u00e8ret\u00e9.<br \/>\nSemelle int\u00e9rieure gaufr\u00e9e con\u00e7ue pour\u2026 Retient la chaleur et contr\u00f4le les odeurs<br \/>\nLa semelle int\u00e9rieure double en aluminium renvoie la chaleur et r\u00e9fl\u00e9chit le froid pour une r\u00e9gulation thermique optimale<\/li>\n<\/ul>\n<p><strong><span style=\"color: #ff2a00;\">POLAR COMFORT ZONE<\/span><\/strong><\/p>\n<p><img decoding=\"async\" class=\"alignnone wp-image-40620\" src=\"https:\/\/autravail.ca\/wp-content\/uploads\/2025\/09\/Jachete-quebec-et-canada.jpg\" alt=\"Logo de l'achat local\" width=\"162\" height=\"139\" \/>Merci d&rsquo;encourager une entreprise 100% d&rsquo;ici!<\/p>\n<p>TS2604H<\/p>","protected":false},"excerpt":{"rendered":"<p>Botte d&rsquo;hiver Titan &#8211; 2355-0000 Botte d&rsquo;hiver Titan &#8211; 2355-0000. Peu de choses sont aussi impr\u00e9visibles que le climat nord-am\u00e9ricain. La TITAN de Baffin est donc indispensable aux personnes qui recherchent une botte polyvalente de type industriel. Dot\u00e9e de doublures amovibles adapt\u00e9es \u00e0 toutes les saisons, la TITAN est tout aussi efficace pour vous que [&hellip;]<\/p>","protected":false},"featured_media":47210,"comment_status":"open","ping_status":"closed","template":"","meta":[],"product_cat":[670],"product_tag":[307,242],"class_list":{"0":"post-26393","1":"product","2":"type-product","3":"status-publish","4":"has-post-thumbnail","6":"product_brand-baffin-plein-air","7":"product_cat-bottes-dhiver","8":"product_tag-bottes-dhiver","9":"product_tag-homme","11":"first","12":"instock","13":"taxable","14":"shipping-taxable","15":"purchasable","16":"product-type-variable"},"yoast_head":"<!-- This site is optimized with the Yoast SEO plugin v25.3.1 - https:\/\/yoast.com\/wordpress\/plugins\/seo\/ -->\n<title>Botte d&#039;hiver Titan - 2355-0000 - Le Magasin Industriel<\/title>\n<meta name=\"description\" content=\"Botte d&#039;hiver Titan - 2355-0000 est donc indispensable aux personnes qui recherchent une botte polyvalente de type industriel\" \/>\n<meta name=\"robots\" content=\"index, follow, max-snippet:-1, max-image-preview:large, max-video-preview:-1\" \/>\n<link rel=\"canonical\" href=\"https:\/\/autravail.ca\/en\/product\/botte-dhiver-titan-2355-0000\/\" \/>\n<meta property=\"og:locale\" content=\"en_US\" \/>\n<meta property=\"og:type\" content=\"article\" \/>\n<meta property=\"og:title\" content=\"Botte d&#039;hiver Titan - 2355-0000 - Le Magasin Industriel\" \/>\n<meta property=\"og:description\" content=\"Botte d&#039;hiver Titan - 2355-0000 est donc indispensable aux personnes qui recherchent une botte polyvalente de type industriel\" \/>\n<meta property=\"og:url\" content=\"https:\/\/autravail.ca\/en\/product\/botte-dhiver-titan-2355-0000\/\" \/>\n<meta property=\"og:site_name\" content=\"Le Magasin Industriel\" \/>\n<meta property=\"article:publisher\" content=\"https:\/\/www.facebook.com\/lemagasinindustriel\/?locale=fr_FR\" \/>\n<meta property=\"article:modified_time\" content=\"2026-04-13T13:29:40+00:00\" \/>\n<meta property=\"og:image\" content=\"https:\/\/autravail.ca\/wp-content\/uploads\/2025\/05\/2355-000_A01.jpg\" \/>\n\t<meta property=\"og:image:width\" content=\"1000\" \/>\n\t<meta property=\"og:image:height\" content=\"1000\" \/>\n\t<meta property=\"og:image:type\" content=\"image\/jpeg\" \/>\n<meta name=\"twitter:card\" content=\"summary_large_image\" \/>\n<meta name=\"twitter:label1\" content=\"Est. reading time\" \/>\n\t<meta name=\"twitter:data1\" content=\"2 minutes\" \/>\n<script type=\"application\/ld+json\" class=\"yoast-schema-graph\">{\"@context\":\"https:\/\/schema.org\",\"@graph\":[{\"@type\":\"WebPage\",\"@id\":\"https:\/\/autravail.ca\/product\/botte-dhiver-titan-2355-0000\/\",\"url\":\"https:\/\/autravail.ca\/product\/botte-dhiver-titan-2355-0000\/\",\"name\":\"Botte d'hiver Titan - 2355-0000 - Le Magasin Industriel\",\"isPartOf\":{\"@id\":\"https:\/\/autravail.ca\/#website\"},\"primaryImageOfPage\":{\"@id\":\"https:\/\/autravail.ca\/product\/botte-dhiver-titan-2355-0000\/#primaryimage\"},\"image\":{\"@id\":\"https:\/\/autravail.ca\/product\/botte-dhiver-titan-2355-0000\/#primaryimage\"},\"thumbnailUrl\":\"https:\/\/autravail.ca\/wp-content\/uploads\/2025\/05\/2355-000_A01.jpg\",\"datePublished\":\"2025-05-08T06:16:07+00:00\",\"dateModified\":\"2026-04-13T13:29:40+00:00\",\"description\":\"Botte d'hiver Titan - 2355-0000 est donc indispensable aux personnes qui recherchent une botte polyvalente de type industriel\",\"breadcrumb\":{\"@id\":\"https:\/\/autravail.ca\/product\/botte-dhiver-titan-2355-0000\/#breadcrumb\"},\"inLanguage\":\"en-CA\",\"potentialAction\":[{\"@type\":\"ReadAction\",\"target\":[\"https:\/\/autravail.ca\/product\/botte-dhiver-titan-2355-0000\/\"]}]},{\"@type\":\"ImageObject\",\"inLanguage\":\"en-CA\",\"@id\":\"https:\/\/autravail.ca\/product\/botte-dhiver-titan-2355-0000\/#primaryimage\",\"url\":\"https:\/\/autravail.ca\/wp-content\/uploads\/2025\/05\/2355-000_A01.jpg\",\"contentUrl\":\"https:\/\/autravail.ca\/wp-content\/uploads\/2025\/05\/2355-000_A01.jpg\",\"width\":1000,\"height\":1000,\"caption\":\"Botte d'hiver Titan - 2355-0000\"},{\"@type\":\"BreadcrumbList\",\"@id\":\"https:\/\/autravail.ca\/product\/botte-dhiver-titan-2355-0000\/#breadcrumb\",\"itemListElement\":[{\"@type\":\"ListItem\",\"position\":1,\"name\":\"Accueil\",\"item\":\"https:\/\/autravail.ca\/\"},{\"@type\":\"ListItem\",\"position\":2,\"name\":\"Magasin\",\"item\":\"https:\/\/autravail.ca\/en\/shop\/\"},{\"@type\":\"ListItem\",\"position\":3,\"name\":\"Botte d&rsquo;hiver Titan &#8211; 2355-0000\"}]},{\"@type\":\"WebSite\",\"@id\":\"https:\/\/autravail.ca\/#website\",\"url\":\"https:\/\/autravail.ca\/\",\"name\":\"Le Magasin Industriel\",\"description\":\"50 ans de tradition de s\u00e9curit\u00e9 au travail\",\"publisher\":{\"@id\":\"https:\/\/autravail.ca\/#organization\"},\"potentialAction\":[{\"@type\":\"SearchAction\",\"target\":{\"@type\":\"EntryPoint\",\"urlTemplate\":\"https:\/\/autravail.ca\/?s={search_term_string}\"},\"query-input\":{\"@type\":\"PropertyValueSpecification\",\"valueRequired\":true,\"valueName\":\"search_term_string\"}}],\"inLanguage\":\"en-CA\"},{\"@type\":\"Organization\",\"@id\":\"https:\/\/autravail.ca\/#organization\",\"name\":\"Le Magasin Industriel\",\"url\":\"https:\/\/autravail.ca\/\",\"logo\":{\"@type\":\"ImageObject\",\"inLanguage\":\"en-CA\",\"@id\":\"https:\/\/autravail.ca\/#\/schema\/logo\/image\/\",\"url\":\"https:\/\/autravail.ca\/wp-content\/uploads\/2025\/05\/cropped-magasin_industriel_120x.avif\",\"contentUrl\":\"https:\/\/autravail.ca\/wp-content\/uploads\/2025\/05\/cropped-magasin_industriel_120x.avif\",\"width\":120,\"height\":24,\"caption\":\"Le Magasin Industriel\"},\"image\":{\"@id\":\"https:\/\/autravail.ca\/#\/schema\/logo\/image\/\"},\"sameAs\":[\"https:\/\/www.facebook.com\/lemagasinindustriel\/?locale=fr_FR\"]}]}<\/script>\n<!-- \/ Yoast SEO plugin. -->","yoast_head_json":{"title":"Botte d'hiver Titan - 2355-0000 - Le Magasin Industriel","description":"Botte d'hiver Titan - 2355-0000 est donc indispensable aux personnes qui recherchent une botte polyvalente de type industriel","robots":{"index":"index","follow":"follow","max-snippet":"max-snippet:-1","max-image-preview":"max-image-preview:large","max-video-preview":"max-video-preview:-1"},"canonical":"https:\/\/autravail.ca\/en\/product\/botte-dhiver-titan-2355-0000\/","og_locale":"en_US","og_type":"article","og_title":"Botte d'hiver Titan - 2355-0000 - Le Magasin Industriel","og_description":"Botte d'hiver Titan - 2355-0000 est donc indispensable aux personnes qui recherchent une botte polyvalente de type industriel","og_url":"https:\/\/autravail.ca\/en\/product\/botte-dhiver-titan-2355-0000\/","og_site_name":"Le Magasin Industriel","article_publisher":"https:\/\/www.facebook.com\/lemagasinindustriel\/?locale=fr_FR","article_modified_time":"2026-04-13T13:29:40+00:00","og_image":[{"width":1000,"height":1000,"url":"https:\/\/autravail.ca\/wp-content\/uploads\/2025\/05\/2355-000_A01.jpg","type":"image\/jpeg"}],"twitter_card":"summary_large_image","twitter_misc":{"Est. reading time":"2 minutes"},"schema":{"@context":"https:\/\/schema.org","@graph":[{"@type":"WebPage","@id":"https:\/\/autravail.ca\/product\/botte-dhiver-titan-2355-0000\/","url":"https:\/\/autravail.ca\/product\/botte-dhiver-titan-2355-0000\/","name":"Botte d'hiver Titan - 2355-0000 - Le Magasin Industriel","isPartOf":{"@id":"https:\/\/autravail.ca\/#website"},"primaryImageOfPage":{"@id":"https:\/\/autravail.ca\/product\/botte-dhiver-titan-2355-0000\/#primaryimage"},"image":{"@id":"https:\/\/autravail.ca\/product\/botte-dhiver-titan-2355-0000\/#primaryimage"},"thumbnailUrl":"https:\/\/autravail.ca\/wp-content\/uploads\/2025\/05\/2355-000_A01.jpg","datePublished":"2025-05-08T06:16:07+00:00","dateModified":"2026-04-13T13:29:40+00:00","description":"Botte d'hiver Titan - 2355-0000 est donc indispensable aux personnes qui recherchent une botte polyvalente de type industriel","breadcrumb":{"@id":"https:\/\/autravail.ca\/product\/botte-dhiver-titan-2355-0000\/#breadcrumb"},"inLanguage":"en-CA","potentialAction":[{"@type":"ReadAction","target":["https:\/\/autravail.ca\/product\/botte-dhiver-titan-2355-0000\/"]}]},{"@type":"ImageObject","inLanguage":"en-CA","@id":"https:\/\/autravail.ca\/product\/botte-dhiver-titan-2355-0000\/#primaryimage","url":"https:\/\/autravail.ca\/wp-content\/uploads\/2025\/05\/2355-000_A01.jpg","contentUrl":"https:\/\/autravail.ca\/wp-content\/uploads\/2025\/05\/2355-000_A01.jpg","width":1000,"height":1000,"caption":"Botte d'hiver Titan - 2355-0000"},{"@type":"BreadcrumbList","@id":"https:\/\/autravail.ca\/product\/botte-dhiver-titan-2355-0000\/#breadcrumb","itemListElement":[{"@type":"ListItem","position":1,"name":"Accueil","item":"https:\/\/autravail.ca\/"},{"@type":"ListItem","position":2,"name":"Magasin","item":"https:\/\/autravail.ca\/en\/shop\/"},{"@type":"ListItem","position":3,"name":"Botte d&rsquo;hiver Titan &#8211; 2355-0000"}]},{"@type":"WebSite","@id":"https:\/\/autravail.ca\/#website","url":"https:\/\/autravail.ca\/","name":"Le Magasin Industriel","description":"50 ans de tradition de s\u00e9curit\u00e9 au travail","publisher":{"@id":"https:\/\/autravail.ca\/#organization"},"potentialAction":[{"@type":"SearchAction","target":{"@type":"EntryPoint","urlTemplate":"https:\/\/autravail.ca\/?s={search_term_string}"},"query-input":{"@type":"PropertyValueSpecification","valueRequired":true,"valueName":"search_term_string"}}],"inLanguage":"en-CA"},{"@type":"Organization","@id":"https:\/\/autravail.ca\/#organization","name":"Le Magasin Industriel","url":"https:\/\/autravail.ca\/","logo":{"@type":"ImageObject","inLanguage":"en-CA","@id":"https:\/\/autravail.ca\/#\/schema\/logo\/image\/","url":"https:\/\/autravail.ca\/wp-content\/uploads\/2025\/05\/cropped-magasin_industriel_120x.avif","contentUrl":"https:\/\/autravail.ca\/wp-content\/uploads\/2025\/05\/cropped-magasin_industriel_120x.avif","width":120,"height":24,"caption":"Le Magasin Industriel"},"image":{"@id":"https:\/\/autravail.ca\/#\/schema\/logo\/image\/"},"sameAs":["https:\/\/www.facebook.com\/lemagasinindustriel\/?locale=fr_FR"]}]}},"_links":{"self":[{"href":"https:\/\/autravail.ca\/en\/wp-json\/wp\/v2\/product\/26393","targetHints":{"allow":["GET"]}}],"collection":[{"href":"https:\/\/autravail.ca\/en\/wp-json\/wp\/v2\/product"}],"about":[{"href":"https:\/\/autravail.ca\/en\/wp-json\/wp\/v2\/types\/product"}],"replies":[{"embeddable":true,"href":"https:\/\/autravail.ca\/en\/wp-json\/wp\/v2\/comments?post=26393"}],"wp:featuredmedia":[{"embeddable":true,"href":"https:\/\/autravail.ca\/en\/wp-json\/wp\/v2\/media\/47210"}],"wp:attachment":[{"href":"https:\/\/autravail.ca\/en\/wp-json\/wp\/v2\/media?parent=26393"}],"wp:term":[{"taxonomy":"product_cat","embeddable":true,"href":"https:\/\/autravail.ca\/en\/wp-json\/wp\/v2\/product_cat?post=26393"},{"taxonomy":"product_tag","embeddable":true,"href":"https:\/\/autravail.ca\/en\/wp-json\/wp\/v2\/product_tag?post=26393"}],"curies":[{"name":"wp","href":"https:\/\/api.w.org\/{rel}","templated":true}]}}