{"id":26335,"date":"2025-05-08T06:15:56","date_gmt":"2025-05-08T06:15:56","guid":{"rendered":"https:\/\/meteoquebec.ca\/?post_type=product&#038;p=26335"},"modified":"2025-12-05T05:11:54","modified_gmt":"2025-12-05T09:11:54","slug":"2300-t-shirt-de-travail-11","status":"publish","type":"product","link":"https:\/\/autravail.ca\/en\/product\/2300-t-shirt-de-travail-11\/","title":{"rendered":"2300 - WORK T-SHIRT"},"content":{"rendered":"<p>T-SHIRT WITH POCKET 100% COTTON PRE-SHRUNK - Gildan<\/p>\n<ul>\n<li>Jersey 100% cotton pre-shrunk.<\/li>\n<li>Pierced necklace (double needle)<\/li>\n<li>Crosses at cuffs and sleeves.<\/li>\n<li>Shoulder padding<\/li>\n<li>Seamless<\/li>\n<li>The fabric is turned a quarter of a turn to eliminate the central crease<\/li>\n<li>Pouch with five-point double cross motif<\/li>\n<\/ul>","protected":false},"excerpt":{"rendered":"<p>T-Shirt with Pocket 100% Cotton Pre-shrunk - Gildan Jersey 100% coton pr-rtrci. Collar with double-stitched V-neck. Crossed stitching on sleeves and cuffs. Shoulder tape. Sleeve-less collar. Fabric turned a quarter of a turn to eliminate central seam. Pocket with double-stitched cross stitch in 5 points.<\/p>","protected":false},"featured_media":9277,"comment_status":"open","ping_status":"closed","template":"","meta":[],"product_cat":[599,630,602,629,628,604],"product_tag":[242,293],"class_list":{"0":"post-26335","1":"product","2":"type-product","3":"status-publish","4":"has-post-thumbnail","6":"product_brand-gildan","7":"product_cat-apparel-accessories","8":"product_cat-chandails","9":"product_cat-hommes","10":"product_cat-polos","11":"product_cat-t-shirts","12":"product_cat-vetements-de-travail","13":"product_tag-homme","14":"product_tag-t-shirts-polos-et-chandails","16":"first","17":"instock","18":"taxable","19":"shipping-taxable","20":"purchasable","21":"product-type-variable"},"yoast_head":"<!-- This site is optimized with the Yoast SEO plugin v25.3.1 - https:\/\/yoast.com\/wordpress\/plugins\/seo\/ -->\n<title>2300 - T-SHIRT DE TRAVAIL - Le Magasin Industriel<\/title>\n<meta name=\"robots\" content=\"index, follow, max-snippet:-1, max-image-preview:large, max-video-preview:-1\" \/>\n<link rel=\"canonical\" href=\"https:\/\/autravail.ca\/en\/product\/2300-t-shirt-de-travail-11\/\" \/>\n<meta property=\"og:locale\" content=\"en_US\" \/>\n<meta property=\"og:type\" content=\"article\" \/>\n<meta property=\"og:title\" content=\"2300 - T-SHIRT DE TRAVAIL - Le Magasin Industriel\" \/>\n<meta property=\"og:description\" content=\"T-SHIRT AVEC POCHE 100% COTON PR\u00c9-R\u00c9TR\u00c9CI &#8211; Gildan Jersey 100% coton pr\u00e9-r\u00e9tr\u00e9ci. Encolure surpiqu\u00e9e \u00e0 deux aiguilles. Points de croix double aux ourlets et aux manches. Bande de recouvrement aux \u00e9paules. Col sans couture. Tissu tourn\u00e9 d\u2019un quart de tour pour \u00e9liminer le pli central. Poche avec points de croix double en 5 points.\" \/>\n<meta property=\"og:url\" content=\"https:\/\/autravail.ca\/en\/product\/2300-t-shirt-de-travail-11\/\" \/>\n<meta property=\"og:site_name\" content=\"Le Magasin Industriel\" \/>\n<meta property=\"article:publisher\" content=\"https:\/\/www.facebook.com\/lemagasinindustriel\/?locale=fr_FR\" \/>\n<meta property=\"article:modified_time\" content=\"2025-12-05T09:11:54+00:00\" \/>\n<meta property=\"og:image\" content=\"https:\/\/autravail.ca\/wp-content\/uploads\/2025\/05\/2300_nay_A01_876b34c8-ac4e-4890-9991-3c95d9fcad53.jpg\" \/>\n\t<meta property=\"og:image:width\" content=\"1000\" \/>\n\t<meta property=\"og:image:height\" content=\"1000\" \/>\n\t<meta property=\"og:image:type\" content=\"image\/jpeg\" \/>\n<meta name=\"twitter:card\" content=\"summary_large_image\" \/>\n<script type=\"application\/ld+json\" class=\"yoast-schema-graph\">{\"@context\":\"https:\/\/schema.org\",\"@graph\":[{\"@type\":\"WebPage\",\"@id\":\"https:\/\/autravail.ca\/product\/2300-t-shirt-de-travail-11\/\",\"url\":\"https:\/\/autravail.ca\/product\/2300-t-shirt-de-travail-11\/\",\"name\":\"2300 - T-SHIRT DE TRAVAIL - Le Magasin Industriel\",\"isPartOf\":{\"@id\":\"https:\/\/autravail.ca\/#website\"},\"primaryImageOfPage\":{\"@id\":\"https:\/\/autravail.ca\/product\/2300-t-shirt-de-travail-11\/#primaryimage\"},\"image\":{\"@id\":\"https:\/\/autravail.ca\/product\/2300-t-shirt-de-travail-11\/#primaryimage\"},\"thumbnailUrl\":\"https:\/\/autravail.ca\/wp-content\/uploads\/2025\/05\/2300_nay_A01_876b34c8-ac4e-4890-9991-3c95d9fcad53.jpg\",\"datePublished\":\"2025-05-08T06:15:56+00:00\",\"dateModified\":\"2025-12-05T09:11:54+00:00\",\"breadcrumb\":{\"@id\":\"https:\/\/autravail.ca\/product\/2300-t-shirt-de-travail-11\/#breadcrumb\"},\"inLanguage\":\"en-CA\",\"potentialAction\":[{\"@type\":\"ReadAction\",\"target\":[\"https:\/\/autravail.ca\/product\/2300-t-shirt-de-travail-11\/\"]}]},{\"@type\":\"ImageObject\",\"inLanguage\":\"en-CA\",\"@id\":\"https:\/\/autravail.ca\/product\/2300-t-shirt-de-travail-11\/#primaryimage\",\"url\":\"https:\/\/autravail.ca\/wp-content\/uploads\/2025\/05\/2300_nay_A01_876b34c8-ac4e-4890-9991-3c95d9fcad53.jpg\",\"contentUrl\":\"https:\/\/autravail.ca\/wp-content\/uploads\/2025\/05\/2300_nay_A01_876b34c8-ac4e-4890-9991-3c95d9fcad53.jpg\",\"width\":1000,\"height\":1000},{\"@type\":\"BreadcrumbList\",\"@id\":\"https:\/\/autravail.ca\/product\/2300-t-shirt-de-travail-11\/#breadcrumb\",\"itemListElement\":[{\"@type\":\"ListItem\",\"position\":1,\"name\":\"Accueil\",\"item\":\"https:\/\/autravail.ca\/\"},{\"@type\":\"ListItem\",\"position\":2,\"name\":\"Magasin\",\"item\":\"https:\/\/autravail.ca\/en\/shop\/\"},{\"@type\":\"ListItem\",\"position\":3,\"name\":\"2300 &#8211; T-SHIRT DE TRAVAIL\"}]},{\"@type\":\"WebSite\",\"@id\":\"https:\/\/autravail.ca\/#website\",\"url\":\"https:\/\/autravail.ca\/\",\"name\":\"Le Magasin Industriel\",\"description\":\"50 ans de tradition de s\u00e9curit\u00e9 au travail\",\"publisher\":{\"@id\":\"https:\/\/autravail.ca\/#organization\"},\"potentialAction\":[{\"@type\":\"SearchAction\",\"target\":{\"@type\":\"EntryPoint\",\"urlTemplate\":\"https:\/\/autravail.ca\/?s={search_term_string}\"},\"query-input\":{\"@type\":\"PropertyValueSpecification\",\"valueRequired\":true,\"valueName\":\"search_term_string\"}}],\"inLanguage\":\"en-CA\"},{\"@type\":\"Organization\",\"@id\":\"https:\/\/autravail.ca\/#organization\",\"name\":\"Le Magasin Industriel\",\"url\":\"https:\/\/autravail.ca\/\",\"logo\":{\"@type\":\"ImageObject\",\"inLanguage\":\"en-CA\",\"@id\":\"https:\/\/autravail.ca\/#\/schema\/logo\/image\/\",\"url\":\"https:\/\/autravail.ca\/wp-content\/uploads\/2025\/05\/cropped-magasin_industriel_120x.avif\",\"contentUrl\":\"https:\/\/autravail.ca\/wp-content\/uploads\/2025\/05\/cropped-magasin_industriel_120x.avif\",\"width\":120,\"height\":24,\"caption\":\"Le Magasin Industriel\"},\"image\":{\"@id\":\"https:\/\/autravail.ca\/#\/schema\/logo\/image\/\"},\"sameAs\":[\"https:\/\/www.facebook.com\/lemagasinindustriel\/?locale=fr_FR\"]}]}<\/script>\n<!-- \/ Yoast SEO plugin. -->","yoast_head_json":{"title":"2300 - T-SHIRT DE TRAVAIL - Le Magasin Industriel","robots":{"index":"index","follow":"follow","max-snippet":"max-snippet:-1","max-image-preview":"max-image-preview:large","max-video-preview":"max-video-preview:-1"},"canonical":"https:\/\/autravail.ca\/en\/product\/2300-t-shirt-de-travail-11\/","og_locale":"en_US","og_type":"article","og_title":"2300 - T-SHIRT DE TRAVAIL - Le Magasin Industriel","og_description":"T-SHIRT AVEC POCHE 100% COTON PR\u00c9-R\u00c9TR\u00c9CI &#8211; Gildan Jersey 100% coton pr\u00e9-r\u00e9tr\u00e9ci. Encolure surpiqu\u00e9e \u00e0 deux aiguilles. Points de croix double aux ourlets et aux manches. Bande de recouvrement aux \u00e9paules. Col sans couture. Tissu tourn\u00e9 d\u2019un quart de tour pour \u00e9liminer le pli central. Poche avec points de croix double en 5 points.","og_url":"https:\/\/autravail.ca\/en\/product\/2300-t-shirt-de-travail-11\/","og_site_name":"Le Magasin Industriel","article_publisher":"https:\/\/www.facebook.com\/lemagasinindustriel\/?locale=fr_FR","article_modified_time":"2025-12-05T09:11:54+00:00","og_image":[{"width":1000,"height":1000,"url":"https:\/\/autravail.ca\/wp-content\/uploads\/2025\/05\/2300_nay_A01_876b34c8-ac4e-4890-9991-3c95d9fcad53.jpg","type":"image\/jpeg"}],"twitter_card":"summary_large_image","schema":{"@context":"https:\/\/schema.org","@graph":[{"@type":"WebPage","@id":"https:\/\/autravail.ca\/product\/2300-t-shirt-de-travail-11\/","url":"https:\/\/autravail.ca\/product\/2300-t-shirt-de-travail-11\/","name":"2300 - T-SHIRT DE TRAVAIL - Le Magasin Industriel","isPartOf":{"@id":"https:\/\/autravail.ca\/#website"},"primaryImageOfPage":{"@id":"https:\/\/autravail.ca\/product\/2300-t-shirt-de-travail-11\/#primaryimage"},"image":{"@id":"https:\/\/autravail.ca\/product\/2300-t-shirt-de-travail-11\/#primaryimage"},"thumbnailUrl":"https:\/\/autravail.ca\/wp-content\/uploads\/2025\/05\/2300_nay_A01_876b34c8-ac4e-4890-9991-3c95d9fcad53.jpg","datePublished":"2025-05-08T06:15:56+00:00","dateModified":"2025-12-05T09:11:54+00:00","breadcrumb":{"@id":"https:\/\/autravail.ca\/product\/2300-t-shirt-de-travail-11\/#breadcrumb"},"inLanguage":"en-CA","potentialAction":[{"@type":"ReadAction","target":["https:\/\/autravail.ca\/product\/2300-t-shirt-de-travail-11\/"]}]},{"@type":"ImageObject","inLanguage":"en-CA","@id":"https:\/\/autravail.ca\/product\/2300-t-shirt-de-travail-11\/#primaryimage","url":"https:\/\/autravail.ca\/wp-content\/uploads\/2025\/05\/2300_nay_A01_876b34c8-ac4e-4890-9991-3c95d9fcad53.jpg","contentUrl":"https:\/\/autravail.ca\/wp-content\/uploads\/2025\/05\/2300_nay_A01_876b34c8-ac4e-4890-9991-3c95d9fcad53.jpg","width":1000,"height":1000},{"@type":"BreadcrumbList","@id":"https:\/\/autravail.ca\/product\/2300-t-shirt-de-travail-11\/#breadcrumb","itemListElement":[{"@type":"ListItem","position":1,"name":"Accueil","item":"https:\/\/autravail.ca\/"},{"@type":"ListItem","position":2,"name":"Magasin","item":"https:\/\/autravail.ca\/en\/shop\/"},{"@type":"ListItem","position":3,"name":"2300 &#8211; T-SHIRT DE TRAVAIL"}]},{"@type":"WebSite","@id":"https:\/\/autravail.ca\/#website","url":"https:\/\/autravail.ca\/","name":"Le Magasin Industriel","description":"50 ans de tradition de s\u00e9curit\u00e9 au travail","publisher":{"@id":"https:\/\/autravail.ca\/#organization"},"potentialAction":[{"@type":"SearchAction","target":{"@type":"EntryPoint","urlTemplate":"https:\/\/autravail.ca\/?s={search_term_string}"},"query-input":{"@type":"PropertyValueSpecification","valueRequired":true,"valueName":"search_term_string"}}],"inLanguage":"en-CA"},{"@type":"Organization","@id":"https:\/\/autravail.ca\/#organization","name":"Le Magasin Industriel","url":"https:\/\/autravail.ca\/","logo":{"@type":"ImageObject","inLanguage":"en-CA","@id":"https:\/\/autravail.ca\/#\/schema\/logo\/image\/","url":"https:\/\/autravail.ca\/wp-content\/uploads\/2025\/05\/cropped-magasin_industriel_120x.avif","contentUrl":"https:\/\/autravail.ca\/wp-content\/uploads\/2025\/05\/cropped-magasin_industriel_120x.avif","width":120,"height":24,"caption":"Le Magasin Industriel"},"image":{"@id":"https:\/\/autravail.ca\/#\/schema\/logo\/image\/"},"sameAs":["https:\/\/www.facebook.com\/lemagasinindustriel\/?locale=fr_FR"]}]}},"jetpack_sharing_enabled":true,"_links":{"self":[{"href":"https:\/\/autravail.ca\/en\/wp-json\/wp\/v2\/product\/26335","targetHints":{"allow":["GET"]}}],"collection":[{"href":"https:\/\/autravail.ca\/en\/wp-json\/wp\/v2\/product"}],"about":[{"href":"https:\/\/autravail.ca\/en\/wp-json\/wp\/v2\/types\/product"}],"replies":[{"embeddable":true,"href":"https:\/\/autravail.ca\/en\/wp-json\/wp\/v2\/comments?post=26335"}],"wp:featuredmedia":[{"embeddable":true,"href":"https:\/\/autravail.ca\/en\/wp-json\/wp\/v2\/media\/9277"}],"wp:attachment":[{"href":"https:\/\/autravail.ca\/en\/wp-json\/wp\/v2\/media?parent=26335"}],"wp:term":[{"taxonomy":"product_cat","embeddable":true,"href":"https:\/\/autravail.ca\/en\/wp-json\/wp\/v2\/product_cat?post=26335"},{"taxonomy":"product_tag","embeddable":true,"href":"https:\/\/autravail.ca\/en\/wp-json\/wp\/v2\/product_tag?post=26335"}],"curies":[{"name":"wp","href":"https:\/\/api.w.org\/{rel}","templated":true}]}}