{"id":26214,"date":"2025-05-08T06:15:14","date_gmt":"2025-05-08T06:15:14","guid":{"rendered":"https:\/\/meteoquebec.ca\/?post_type=product&#038;p=26214"},"modified":"2026-02-11T14:15:15","modified_gmt":"2026-02-11T18:15:15","slug":"botte-de-travail-royer-2249xp","status":"publish","type":"product","link":"https:\/\/autravail.ca\/en\/product\/botte-de-travail-royer-2249xp\/","title":{"rendered":"Botte de travail Royer &#8211; 2249XP"},"content":{"rendered":"<h3>Botte de travail Royer &#8211; 2249XP<\/h3>\n<p>La botte de travail <strong class=\"Yjhzub\" data-complete=\"true\" data-processed=\"true\"><a href=\"https:\/\/autravail.ca\/en\/product-brand\/royer\/\">Royer<\/a> &#8211; 2249XP<\/strong> est un mod\u00e8le de s\u00e9curit\u00e9 haut de gamme, sp\u00e9cialement con\u00e7ue pour les environnements de travail \u00e0 risques \u00e9lev\u00e9s, notamment dans l&rsquo;industrie de la m\u00e9tallurgie et de la fonderie, gr\u00e2ce \u00e0 sa protection m\u00e9tatarsienne interne flexible.<span class=\"uJ19be notranslate\" data-wiz-uids=\"giN77c_d,giN77c_e,giN77c_f\" data-complete=\"true\" data-processed=\"true\"><span class=\"vKEkVd\" data-animation-atomic=\"\" data-wiz-attrbind=\"class=giN77c_d\/TKHnVd;\" data-sae=\"\">\u00a0<\/span><\/span><\/p>\n<p><img decoding=\"async\" class=\"alignnone size-full wp-image-40178\" src=\"https:\/\/autravail.ca\/wp-content\/uploads\/2025\/05\/Certification-Omega-Triangle-vert-Metatarse.jpg\" alt=\"Certifications CSA Om\u00e9ga, triangle vert, m\u00e9tatarse\" width=\"300\" height=\"112\" srcset=\"https:\/\/autravail.ca\/wp-content\/uploads\/2025\/05\/Certification-Omega-Triangle-vert-Metatarse.jpg 300w, https:\/\/autravail.ca\/wp-content\/uploads\/2025\/05\/Certification-Omega-Triangle-vert-Metatarse-150x56.jpg 150w, https:\/\/autravail.ca\/wp-content\/uploads\/2025\/05\/Certification-Omega-Triangle-vert-Metatarse-18x7.jpg 18w\" sizes=\"(max-width: 300px) 100vw, 300px\" \/><\/p>\n<div class=\"Fsg96\" data-sfc-cp=\"\" data-processed=\"true\" data-complete=\"true\"><\/div>\n<h6 class=\"otQkpb\" role=\"heading\" aria-level=\"3\" data-complete=\"true\" data-processed=\"true\">Caract\u00e9ristiques et Mat\u00e9riaux<\/h6>\n<ul class=\"KsbFXc U6u95\" data-complete=\"true\" data-processed=\"true\">\n<li data-hveid=\"CAEIBBAA\" data-complete=\"true\" data-sae=\"\"><span class=\"T286Pc\" data-sfc-cp=\"\" data-complete=\"true\">La caract\u00e9ristique principale de ce mod\u00e8le est son protecteur m\u00e9tatarsien interne <strong class=\"Yjhzub\" data-complete=\"true\">INTERGUARD\u00ae\u00a0 <\/strong>brevet\u00e9. Contrairement aux protections externes qui sont rigides, l&rsquo;Interguard est con\u00e7u pour \u00eatre flexible et confortable, ce qui permet une plus grande libert\u00e9 de mouvement lors de la marche ou lorsqu&rsquo;on s&rsquo;accroupit.<\/span><\/li>\n<li data-hveid=\"CAEIBBAB\" data-complete=\"true\" data-sae=\"\"><span class=\"T286Pc\" data-sfc-cp=\"\" data-complete=\"true\">Assembl\u00e9e avec du <strong class=\"Yjhzub\" data-complete=\"true\">fil de Kevlar\u00ae<\/strong>, 2,5 fois plus r\u00e9sistant que le nylon ou le polyester et offre une r\u00e9sistance in\u00e9gal\u00e9e \u00e0 la chaleur et aux flammes, ce qui la rend id\u00e9ale pour les conditions extr\u00eames.<\/span><\/li>\n<li data-hveid=\"CAEIBBAC\" data-complete=\"true\" data-sae=\"\"><span class=\"T286Pc\" data-sfc-cp=\"\" data-complete=\"true\"><span class=\"Yjhzub\" data-complete=\"true\">C<\/span><strong class=\"Yjhzub\" data-complete=\"true\">uir pleine fleur imperm\u00e9able<\/strong> de 2,0 mm d&rsquo;\u00e9paisseur avec des coutures scell\u00e9es. Embout ext\u00e9rieur en caoutchouc\u00a0<strong class=\"Yjhzub\" data-complete=\"true\">PARESHOK\u2122<\/strong>\u00a0 pour prot\u00e9ger le cuir de l&rsquo;usure pr\u00e9matur\u00e9e \u00e0 l&rsquo;avant.<\/span><\/li>\n<li data-hveid=\"CAEIBBAD\" data-complete=\"true\" data-sae=\"\"><span class=\"T286Pc\" data-sfc-cp=\"\" data-complete=\"true\">Elle utilise la semelle <strong class=\"Yjhzub\" data-complete=\"true\">ARROW<\/strong>\u00a0en caoutchouc \u00e0 double densit\u00e9, reconnue pour son adh\u00e9rence, sa r\u00e9sistance \u00e0 l&rsquo;huile et son absorption des chocs.<\/span><\/li>\n<li>Non-metallic anti-perforation sole<\/li>\n<li>Electrical protection.<\/li>\n<li>Double density oil-resistant and adhesive rubber sole by Arrow.<\/li>\n<li>Steel tip<\/li>\n<li>Sewn seams.<\/li>\n<li>Sole of cleanliness in mousse and black knit<\/li>\n<li>Isofix Backing<\/li>\n<li>This model adheres to the norms CSA Z195-09, ASTM F2413-11 I\/75, C\/75, PR, EH, MT\/75.<\/li>\n<\/ul>\n<p><em><span style=\"color: #fa0b0b;\">Unisex U.S. men's sizes presented. To convert to U.S. women's size, add 2 sizes. Example: 5 U.S. men = 7 U.S. women<\/span><\/em><\/p>\n<p><img decoding=\"async\" class=\"alignnone wp-image-40620\" src=\"https:\/\/autravail.ca\/wp-content\/uploads\/2025\/09\/Jachete-quebec-et-canada.jpg\" alt=\"Logo de l'achat local\" width=\"162\" height=\"139\" \/>Merci d&rsquo;encourager une entreprise 100% d&rsquo;ici!<\/p>\n<p>TS3012H<\/p>","protected":false},"excerpt":{"rendered":"<p>Botte de travail Royer &#8211; 2249XP La botte de travail Royer &#8211; 2249XP est un mod\u00e8le de s\u00e9curit\u00e9 haut de gamme, sp\u00e9cialement con\u00e7ue pour les environnements de travail \u00e0 risques \u00e9lev\u00e9s, notamment dans l&rsquo;industrie de la m\u00e9tallurgie et de la fonderie, gr\u00e2ce \u00e0 sa protection m\u00e9tatarsienne interne flexible.\u00a0 Caract\u00e9ristiques et Mat\u00e9riaux La caract\u00e9ristique principale de [&hellip;]<\/p>","protected":false},"featured_media":9126,"comment_status":"open","ping_status":"closed","template":"","meta":[],"product_cat":[602],"product_tag":[251,265,252,242,253],"class_list":{"0":"post-26214","1":"product","2":"type-product","3":"status-publish","4":"has-post-thumbnail","6":"product_brand-royer","7":"product_cat-hommes","8":"product_tag-bottes-de-travail","9":"product_tag-chaussures-specialisees","10":"product_tag-electric-shock-resistant","11":"product_tag-homme","12":"product_tag-sole-protection","14":"first","15":"instock","16":"taxable","17":"shipping-taxable","18":"purchasable","19":"product-type-variable"},"yoast_head":"<!-- This site is optimized with the Yoast SEO plugin v25.3.1 - https:\/\/yoast.com\/wordpress\/plugins\/seo\/ -->\n<title>Botte de travail Royer - 2249XP - Le Magasin Industriel<\/title>\n<meta name=\"description\" content=\"Botte de travail Royer - 2249XP, m\u00e9tatarse interne INTERGUARD, con\u00e7ue pour la m\u00e9tallurgie et la fonderie, assembl\u00e9e avec du fil de Kevlar\" \/>\n<meta name=\"robots\" content=\"index, follow, max-snippet:-1, max-image-preview:large, max-video-preview:-1\" \/>\n<link rel=\"canonical\" href=\"https:\/\/autravail.ca\/en\/product\/botte-de-travail-royer-2249xp\/\" \/>\n<meta property=\"og:locale\" content=\"en_US\" \/>\n<meta property=\"og:type\" content=\"article\" \/>\n<meta property=\"og:title\" content=\"Botte de travail Royer - 2249XP - Le Magasin Industriel\" \/>\n<meta property=\"og:description\" content=\"Botte de travail Royer - 2249XP, m\u00e9tatarse interne INTERGUARD, con\u00e7ue pour la m\u00e9tallurgie et la fonderie, assembl\u00e9e avec du fil de Kevlar\" \/>\n<meta property=\"og:url\" content=\"https:\/\/autravail.ca\/en\/product\/botte-de-travail-royer-2249xp\/\" \/>\n<meta property=\"og:site_name\" content=\"Le Magasin Industriel\" \/>\n<meta property=\"article:publisher\" content=\"https:\/\/www.facebook.com\/lemagasinindustriel\/?locale=fr_FR\" \/>\n<meta property=\"article:modified_time\" content=\"2026-02-11T18:15:15+00:00\" \/>\n<meta property=\"og:image\" content=\"https:\/\/autravail.ca\/wp-content\/uploads\/2025\/05\/2249XP_A01.jpg\" \/>\n\t<meta property=\"og:image:width\" content=\"1000\" \/>\n\t<meta property=\"og:image:height\" content=\"1000\" \/>\n\t<meta property=\"og:image:type\" content=\"image\/jpeg\" \/>\n<meta name=\"twitter:card\" content=\"summary_large_image\" \/>\n<meta name=\"twitter:label1\" content=\"Est. reading time\" \/>\n\t<meta name=\"twitter:data1\" content=\"2 minutes\" \/>\n<script type=\"application\/ld+json\" class=\"yoast-schema-graph\">{\"@context\":\"https:\/\/schema.org\",\"@graph\":[{\"@type\":\"WebPage\",\"@id\":\"https:\/\/autravail.ca\/product\/botte-de-travail-royer-2249xp\/\",\"url\":\"https:\/\/autravail.ca\/product\/botte-de-travail-royer-2249xp\/\",\"name\":\"Botte de travail Royer - 2249XP - Le Magasin Industriel\",\"isPartOf\":{\"@id\":\"https:\/\/autravail.ca\/#website\"},\"primaryImageOfPage\":{\"@id\":\"https:\/\/autravail.ca\/product\/botte-de-travail-royer-2249xp\/#primaryimage\"},\"image\":{\"@id\":\"https:\/\/autravail.ca\/product\/botte-de-travail-royer-2249xp\/#primaryimage\"},\"thumbnailUrl\":\"https:\/\/autravail.ca\/wp-content\/uploads\/2025\/05\/2249XP_A01.jpg\",\"datePublished\":\"2025-05-08T06:15:14+00:00\",\"dateModified\":\"2026-02-11T18:15:15+00:00\",\"description\":\"Botte de travail Royer - 2249XP, m\u00e9tatarse interne INTERGUARD, con\u00e7ue pour la m\u00e9tallurgie et la fonderie, assembl\u00e9e avec du fil de Kevlar\",\"breadcrumb\":{\"@id\":\"https:\/\/autravail.ca\/product\/botte-de-travail-royer-2249xp\/#breadcrumb\"},\"inLanguage\":\"en-CA\",\"potentialAction\":[{\"@type\":\"ReadAction\",\"target\":[\"https:\/\/autravail.ca\/product\/botte-de-travail-royer-2249xp\/\"]}]},{\"@type\":\"ImageObject\",\"inLanguage\":\"en-CA\",\"@id\":\"https:\/\/autravail.ca\/product\/botte-de-travail-royer-2249xp\/#primaryimage\",\"url\":\"https:\/\/autravail.ca\/wp-content\/uploads\/2025\/05\/2249XP_A01.jpg\",\"contentUrl\":\"https:\/\/autravail.ca\/wp-content\/uploads\/2025\/05\/2249XP_A01.jpg\",\"width\":1000,\"height\":1000},{\"@type\":\"BreadcrumbList\",\"@id\":\"https:\/\/autravail.ca\/product\/botte-de-travail-royer-2249xp\/#breadcrumb\",\"itemListElement\":[{\"@type\":\"ListItem\",\"position\":1,\"name\":\"Accueil\",\"item\":\"https:\/\/autravail.ca\/\"},{\"@type\":\"ListItem\",\"position\":2,\"name\":\"Magasin\",\"item\":\"https:\/\/autravail.ca\/en\/shop\/\"},{\"@type\":\"ListItem\",\"position\":3,\"name\":\"Botte de travail Royer &#8211; 2249XP\"}]},{\"@type\":\"WebSite\",\"@id\":\"https:\/\/autravail.ca\/#website\",\"url\":\"https:\/\/autravail.ca\/\",\"name\":\"Le Magasin Industriel\",\"description\":\"50 ans de tradition de s\u00e9curit\u00e9 au travail\",\"publisher\":{\"@id\":\"https:\/\/autravail.ca\/#organization\"},\"potentialAction\":[{\"@type\":\"SearchAction\",\"target\":{\"@type\":\"EntryPoint\",\"urlTemplate\":\"https:\/\/autravail.ca\/?s={search_term_string}\"},\"query-input\":{\"@type\":\"PropertyValueSpecification\",\"valueRequired\":true,\"valueName\":\"search_term_string\"}}],\"inLanguage\":\"en-CA\"},{\"@type\":\"Organization\",\"@id\":\"https:\/\/autravail.ca\/#organization\",\"name\":\"Le Magasin Industriel\",\"url\":\"https:\/\/autravail.ca\/\",\"logo\":{\"@type\":\"ImageObject\",\"inLanguage\":\"en-CA\",\"@id\":\"https:\/\/autravail.ca\/#\/schema\/logo\/image\/\",\"url\":\"https:\/\/autravail.ca\/wp-content\/uploads\/2025\/05\/cropped-magasin_industriel_120x.avif\",\"contentUrl\":\"https:\/\/autravail.ca\/wp-content\/uploads\/2025\/05\/cropped-magasin_industriel_120x.avif\",\"width\":120,\"height\":24,\"caption\":\"Le Magasin Industriel\"},\"image\":{\"@id\":\"https:\/\/autravail.ca\/#\/schema\/logo\/image\/\"},\"sameAs\":[\"https:\/\/www.facebook.com\/lemagasinindustriel\/?locale=fr_FR\"]}]}<\/script>\n<!-- \/ Yoast SEO plugin. -->","yoast_head_json":{"title":"Botte de travail Royer - 2249XP - Le Magasin Industriel","description":"Botte de travail Royer - 2249XP, m\u00e9tatarse interne INTERGUARD, con\u00e7ue pour la m\u00e9tallurgie et la fonderie, assembl\u00e9e avec du fil de Kevlar","robots":{"index":"index","follow":"follow","max-snippet":"max-snippet:-1","max-image-preview":"max-image-preview:large","max-video-preview":"max-video-preview:-1"},"canonical":"https:\/\/autravail.ca\/en\/product\/botte-de-travail-royer-2249xp\/","og_locale":"en_US","og_type":"article","og_title":"Botte de travail Royer - 2249XP - Le Magasin Industriel","og_description":"Botte de travail Royer - 2249XP, m\u00e9tatarse interne INTERGUARD, con\u00e7ue pour la m\u00e9tallurgie et la fonderie, assembl\u00e9e avec du fil de Kevlar","og_url":"https:\/\/autravail.ca\/en\/product\/botte-de-travail-royer-2249xp\/","og_site_name":"Le Magasin Industriel","article_publisher":"https:\/\/www.facebook.com\/lemagasinindustriel\/?locale=fr_FR","article_modified_time":"2026-02-11T18:15:15+00:00","og_image":[{"width":1000,"height":1000,"url":"https:\/\/autravail.ca\/wp-content\/uploads\/2025\/05\/2249XP_A01.jpg","type":"image\/jpeg"}],"twitter_card":"summary_large_image","twitter_misc":{"Est. reading time":"2 minutes"},"schema":{"@context":"https:\/\/schema.org","@graph":[{"@type":"WebPage","@id":"https:\/\/autravail.ca\/product\/botte-de-travail-royer-2249xp\/","url":"https:\/\/autravail.ca\/product\/botte-de-travail-royer-2249xp\/","name":"Botte de travail Royer - 2249XP - Le Magasin Industriel","isPartOf":{"@id":"https:\/\/autravail.ca\/#website"},"primaryImageOfPage":{"@id":"https:\/\/autravail.ca\/product\/botte-de-travail-royer-2249xp\/#primaryimage"},"image":{"@id":"https:\/\/autravail.ca\/product\/botte-de-travail-royer-2249xp\/#primaryimage"},"thumbnailUrl":"https:\/\/autravail.ca\/wp-content\/uploads\/2025\/05\/2249XP_A01.jpg","datePublished":"2025-05-08T06:15:14+00:00","dateModified":"2026-02-11T18:15:15+00:00","description":"Botte de travail Royer - 2249XP, m\u00e9tatarse interne INTERGUARD, con\u00e7ue pour la m\u00e9tallurgie et la fonderie, assembl\u00e9e avec du fil de Kevlar","breadcrumb":{"@id":"https:\/\/autravail.ca\/product\/botte-de-travail-royer-2249xp\/#breadcrumb"},"inLanguage":"en-CA","potentialAction":[{"@type":"ReadAction","target":["https:\/\/autravail.ca\/product\/botte-de-travail-royer-2249xp\/"]}]},{"@type":"ImageObject","inLanguage":"en-CA","@id":"https:\/\/autravail.ca\/product\/botte-de-travail-royer-2249xp\/#primaryimage","url":"https:\/\/autravail.ca\/wp-content\/uploads\/2025\/05\/2249XP_A01.jpg","contentUrl":"https:\/\/autravail.ca\/wp-content\/uploads\/2025\/05\/2249XP_A01.jpg","width":1000,"height":1000},{"@type":"BreadcrumbList","@id":"https:\/\/autravail.ca\/product\/botte-de-travail-royer-2249xp\/#breadcrumb","itemListElement":[{"@type":"ListItem","position":1,"name":"Accueil","item":"https:\/\/autravail.ca\/"},{"@type":"ListItem","position":2,"name":"Magasin","item":"https:\/\/autravail.ca\/en\/shop\/"},{"@type":"ListItem","position":3,"name":"Botte de travail Royer &#8211; 2249XP"}]},{"@type":"WebSite","@id":"https:\/\/autravail.ca\/#website","url":"https:\/\/autravail.ca\/","name":"Le Magasin Industriel","description":"50 ans de tradition de s\u00e9curit\u00e9 au travail","publisher":{"@id":"https:\/\/autravail.ca\/#organization"},"potentialAction":[{"@type":"SearchAction","target":{"@type":"EntryPoint","urlTemplate":"https:\/\/autravail.ca\/?s={search_term_string}"},"query-input":{"@type":"PropertyValueSpecification","valueRequired":true,"valueName":"search_term_string"}}],"inLanguage":"en-CA"},{"@type":"Organization","@id":"https:\/\/autravail.ca\/#organization","name":"Le Magasin Industriel","url":"https:\/\/autravail.ca\/","logo":{"@type":"ImageObject","inLanguage":"en-CA","@id":"https:\/\/autravail.ca\/#\/schema\/logo\/image\/","url":"https:\/\/autravail.ca\/wp-content\/uploads\/2025\/05\/cropped-magasin_industriel_120x.avif","contentUrl":"https:\/\/autravail.ca\/wp-content\/uploads\/2025\/05\/cropped-magasin_industriel_120x.avif","width":120,"height":24,"caption":"Le Magasin Industriel"},"image":{"@id":"https:\/\/autravail.ca\/#\/schema\/logo\/image\/"},"sameAs":["https:\/\/www.facebook.com\/lemagasinindustriel\/?locale=fr_FR"]}]}},"jetpack_sharing_enabled":true,"_links":{"self":[{"href":"https:\/\/autravail.ca\/en\/wp-json\/wp\/v2\/product\/26214","targetHints":{"allow":["GET"]}}],"collection":[{"href":"https:\/\/autravail.ca\/en\/wp-json\/wp\/v2\/product"}],"about":[{"href":"https:\/\/autravail.ca\/en\/wp-json\/wp\/v2\/types\/product"}],"replies":[{"embeddable":true,"href":"https:\/\/autravail.ca\/en\/wp-json\/wp\/v2\/comments?post=26214"}],"wp:featuredmedia":[{"embeddable":true,"href":"https:\/\/autravail.ca\/en\/wp-json\/wp\/v2\/media\/9126"}],"wp:attachment":[{"href":"https:\/\/autravail.ca\/en\/wp-json\/wp\/v2\/media?parent=26214"}],"wp:term":[{"taxonomy":"product_cat","embeddable":true,"href":"https:\/\/autravail.ca\/en\/wp-json\/wp\/v2\/product_cat?post=26214"},{"taxonomy":"product_tag","embeddable":true,"href":"https:\/\/autravail.ca\/en\/wp-json\/wp\/v2\/product_tag?post=26214"}],"curies":[{"name":"wp","href":"https:\/\/api.w.org\/{rel}","templated":true}]}}