{"id":26213,"date":"2025-05-08T06:15:14","date_gmt":"2025-05-08T06:15:14","guid":{"rendered":"https:\/\/meteoquebec.ca\/?post_type=product&#038;p=26213"},"modified":"2025-12-05T05:11:56","modified_gmt":"2025-12-05T09:11:56","slug":"press-s22075-bottillon-de-travail-metatarse","status":"publish","type":"product","link":"https:\/\/autravail.ca\/en\/product\/press-s22075-bottillon-de-travail-metatarse\/","title":{"rendered":"PRESS - S22075 - WORK Ankle Boots - MTATARSE"},"content":{"rendered":"<h3>Safety Ankle Boots with External Metatarsus, Press - STC<\/h3>\n<ul>\n<li>CSA Protection, Type ESR<\/li>\n<li>Waterproof leather tube with sealed stitching.<\/li>\n<li>Cambrelle Lining<\/li>\n<li>Inner removable sole Instant Comfort<\/li>\n<li>Steel Protector<\/li>\n<li>Steel anti-puncture sole.<\/li>\n<li>External metatarsal protection certified by CSA.<\/li>\n<li>Sole BRUZER made of OIL-RESISTANT PU.<\/li>\n<li>Padded collar and tongue for more comfort<\/li>\n<\/ul>","protected":false},"excerpt":{"rendered":"<p>Press Safety Boot with External Metatarsal  STC CSA protection, ESR type. Waterproof leather upper with sealed seams. Cambrelle lining. Removable Instant Comfort insole. Steel toe. Steel puncture-resistant sole. CSA-certified external metatarsal protection. BRUZER PU oil-resistant sole. Padded collar and tongue.<\/p>","protected":false},"featured_media":9108,"comment_status":"open","ping_status":"closed","template":"","meta":[],"product_cat":[642,602,626],"product_tag":[251,252,255,242,267,253],"class_list":{"0":"post-26213","1":"product","2":"type-product","3":"status-publish","4":"has-post-thumbnail","6":"product_brand-stc","7":"product_cat-bottes-de-travail-femme","8":"product_cat-hommes","9":"product_cat-protection-metatarsienne","10":"product_tag-bottes-de-travail","11":"product_tag-electric-shock-resistant","12":"product_tag-femme","13":"product_tag-homme","14":"product_tag-metatarse-externe","15":"product_tag-sole-protection","17":"first","18":"instock","19":"taxable","20":"shipping-taxable","21":"purchasable","22":"product-type-variable"},"yoast_head":"<!-- This site is optimized with the Yoast SEO plugin v25.3.1 - https:\/\/yoast.com\/wordpress\/plugins\/seo\/ -->\n<title>PRESS - S22075 - BOTTILLON DE TRAVAIL - M\u00c9TATARSE - Le Magasin Industriel<\/title>\n<meta name=\"robots\" content=\"index, follow, max-snippet:-1, max-image-preview:large, max-video-preview:-1\" \/>\n<link rel=\"canonical\" href=\"https:\/\/autravail.ca\/en\/product\/press-s22075-bottillon-de-travail-metatarse\/\" \/>\n<meta property=\"og:locale\" content=\"en_US\" \/>\n<meta property=\"og:type\" content=\"article\" \/>\n<meta property=\"og:title\" content=\"PRESS - S22075 - BOTTILLON DE TRAVAIL - M\u00c9TATARSE - Le Magasin Industriel\" \/>\n<meta property=\"og:description\" content=\"Bottillon de s\u00e9curit\u00e9 avec m\u00e9tatarse externe, Press &#8211; STC Protection CSA, Type ESR Tige en cuir imperm\u00e9able aux coutures scell\u00e9es. Doublure Cambrelle. Semelle int\u00e9rieure amovible Instant Comfort. Embout protecteur en acier. Semelle antiperforation en acier. Protection m\u00e9tatarsienne externe certifi\u00e9 CSA. Semelle BRUZER faite de PU r\u00e9sistante aux huiles. Collet et langue coussin\u00e9s pour plus de [&hellip;]\" \/>\n<meta property=\"og:url\" content=\"https:\/\/autravail.ca\/en\/product\/press-s22075-bottillon-de-travail-metatarse\/\" \/>\n<meta property=\"og:site_name\" content=\"Le Magasin Industriel\" \/>\n<meta property=\"article:publisher\" content=\"https:\/\/www.facebook.com\/lemagasinindustriel\/?locale=fr_FR\" \/>\n<meta property=\"article:modified_time\" content=\"2025-12-05T09:11:56+00:00\" \/>\n<meta property=\"og:image\" content=\"https:\/\/autravail.ca\/wp-content\/uploads\/2025\/05\/S22075_A01.jpg\" \/>\n\t<meta property=\"og:image:width\" content=\"1000\" \/>\n\t<meta property=\"og:image:height\" content=\"1000\" \/>\n\t<meta property=\"og:image:type\" content=\"image\/jpeg\" \/>\n<meta name=\"twitter:card\" content=\"summary_large_image\" \/>\n<script type=\"application\/ld+json\" class=\"yoast-schema-graph\">{\"@context\":\"https:\/\/schema.org\",\"@graph\":[{\"@type\":\"WebPage\",\"@id\":\"https:\/\/autravail.ca\/product\/press-s22075-bottillon-de-travail-metatarse\/\",\"url\":\"https:\/\/autravail.ca\/product\/press-s22075-bottillon-de-travail-metatarse\/\",\"name\":\"PRESS - S22075 - BOTTILLON DE TRAVAIL - M\u00c9TATARSE - Le Magasin Industriel\",\"isPartOf\":{\"@id\":\"https:\/\/autravail.ca\/#website\"},\"primaryImageOfPage\":{\"@id\":\"https:\/\/autravail.ca\/product\/press-s22075-bottillon-de-travail-metatarse\/#primaryimage\"},\"image\":{\"@id\":\"https:\/\/autravail.ca\/product\/press-s22075-bottillon-de-travail-metatarse\/#primaryimage\"},\"thumbnailUrl\":\"https:\/\/autravail.ca\/wp-content\/uploads\/2025\/05\/S22075_A01.jpg\",\"datePublished\":\"2025-05-08T06:15:14+00:00\",\"dateModified\":\"2025-12-05T09:11:56+00:00\",\"breadcrumb\":{\"@id\":\"https:\/\/autravail.ca\/product\/press-s22075-bottillon-de-travail-metatarse\/#breadcrumb\"},\"inLanguage\":\"en-CA\",\"potentialAction\":[{\"@type\":\"ReadAction\",\"target\":[\"https:\/\/autravail.ca\/product\/press-s22075-bottillon-de-travail-metatarse\/\"]}]},{\"@type\":\"ImageObject\",\"inLanguage\":\"en-CA\",\"@id\":\"https:\/\/autravail.ca\/product\/press-s22075-bottillon-de-travail-metatarse\/#primaryimage\",\"url\":\"https:\/\/autravail.ca\/wp-content\/uploads\/2025\/05\/S22075_A01.jpg\",\"contentUrl\":\"https:\/\/autravail.ca\/wp-content\/uploads\/2025\/05\/S22075_A01.jpg\",\"width\":1000,\"height\":1000},{\"@type\":\"BreadcrumbList\",\"@id\":\"https:\/\/autravail.ca\/product\/press-s22075-bottillon-de-travail-metatarse\/#breadcrumb\",\"itemListElement\":[{\"@type\":\"ListItem\",\"position\":1,\"name\":\"Accueil\",\"item\":\"https:\/\/autravail.ca\/\"},{\"@type\":\"ListItem\",\"position\":2,\"name\":\"Magasin\",\"item\":\"https:\/\/autravail.ca\/en\/shop\/\"},{\"@type\":\"ListItem\",\"position\":3,\"name\":\"PRESS &#8211; S22075 &#8211; BOTTILLON DE TRAVAIL &#8211; M\u00c9TATARSE\"}]},{\"@type\":\"WebSite\",\"@id\":\"https:\/\/autravail.ca\/#website\",\"url\":\"https:\/\/autravail.ca\/\",\"name\":\"Le Magasin Industriel\",\"description\":\"50 ans de tradition de s\u00e9curit\u00e9 au travail\",\"publisher\":{\"@id\":\"https:\/\/autravail.ca\/#organization\"},\"potentialAction\":[{\"@type\":\"SearchAction\",\"target\":{\"@type\":\"EntryPoint\",\"urlTemplate\":\"https:\/\/autravail.ca\/?s={search_term_string}\"},\"query-input\":{\"@type\":\"PropertyValueSpecification\",\"valueRequired\":true,\"valueName\":\"search_term_string\"}}],\"inLanguage\":\"en-CA\"},{\"@type\":\"Organization\",\"@id\":\"https:\/\/autravail.ca\/#organization\",\"name\":\"Le Magasin Industriel\",\"url\":\"https:\/\/autravail.ca\/\",\"logo\":{\"@type\":\"ImageObject\",\"inLanguage\":\"en-CA\",\"@id\":\"https:\/\/autravail.ca\/#\/schema\/logo\/image\/\",\"url\":\"https:\/\/autravail.ca\/wp-content\/uploads\/2025\/05\/cropped-magasin_industriel_120x.avif\",\"contentUrl\":\"https:\/\/autravail.ca\/wp-content\/uploads\/2025\/05\/cropped-magasin_industriel_120x.avif\",\"width\":120,\"height\":24,\"caption\":\"Le Magasin Industriel\"},\"image\":{\"@id\":\"https:\/\/autravail.ca\/#\/schema\/logo\/image\/\"},\"sameAs\":[\"https:\/\/www.facebook.com\/lemagasinindustriel\/?locale=fr_FR\"]}]}<\/script>\n<!-- \/ Yoast SEO plugin. -->","yoast_head_json":{"title":"PRESS - S22075 - BOTTILLON DE TRAVAIL - M\u00c9TATARSE - Le Magasin Industriel","robots":{"index":"index","follow":"follow","max-snippet":"max-snippet:-1","max-image-preview":"max-image-preview:large","max-video-preview":"max-video-preview:-1"},"canonical":"https:\/\/autravail.ca\/en\/product\/press-s22075-bottillon-de-travail-metatarse\/","og_locale":"en_US","og_type":"article","og_title":"PRESS - S22075 - BOTTILLON DE TRAVAIL - M\u00c9TATARSE - Le Magasin Industriel","og_description":"Bottillon de s\u00e9curit\u00e9 avec m\u00e9tatarse externe, Press &#8211; STC Protection CSA, Type ESR Tige en cuir imperm\u00e9able aux coutures scell\u00e9es. Doublure Cambrelle. Semelle int\u00e9rieure amovible Instant Comfort. Embout protecteur en acier. Semelle antiperforation en acier. Protection m\u00e9tatarsienne externe certifi\u00e9 CSA. Semelle BRUZER faite de PU r\u00e9sistante aux huiles. Collet et langue coussin\u00e9s pour plus de [&hellip;]","og_url":"https:\/\/autravail.ca\/en\/product\/press-s22075-bottillon-de-travail-metatarse\/","og_site_name":"Le Magasin Industriel","article_publisher":"https:\/\/www.facebook.com\/lemagasinindustriel\/?locale=fr_FR","article_modified_time":"2025-12-05T09:11:56+00:00","og_image":[{"width":1000,"height":1000,"url":"https:\/\/autravail.ca\/wp-content\/uploads\/2025\/05\/S22075_A01.jpg","type":"image\/jpeg"}],"twitter_card":"summary_large_image","schema":{"@context":"https:\/\/schema.org","@graph":[{"@type":"WebPage","@id":"https:\/\/autravail.ca\/product\/press-s22075-bottillon-de-travail-metatarse\/","url":"https:\/\/autravail.ca\/product\/press-s22075-bottillon-de-travail-metatarse\/","name":"PRESS - S22075 - BOTTILLON DE TRAVAIL - M\u00c9TATARSE - Le Magasin Industriel","isPartOf":{"@id":"https:\/\/autravail.ca\/#website"},"primaryImageOfPage":{"@id":"https:\/\/autravail.ca\/product\/press-s22075-bottillon-de-travail-metatarse\/#primaryimage"},"image":{"@id":"https:\/\/autravail.ca\/product\/press-s22075-bottillon-de-travail-metatarse\/#primaryimage"},"thumbnailUrl":"https:\/\/autravail.ca\/wp-content\/uploads\/2025\/05\/S22075_A01.jpg","datePublished":"2025-05-08T06:15:14+00:00","dateModified":"2025-12-05T09:11:56+00:00","breadcrumb":{"@id":"https:\/\/autravail.ca\/product\/press-s22075-bottillon-de-travail-metatarse\/#breadcrumb"},"inLanguage":"en-CA","potentialAction":[{"@type":"ReadAction","target":["https:\/\/autravail.ca\/product\/press-s22075-bottillon-de-travail-metatarse\/"]}]},{"@type":"ImageObject","inLanguage":"en-CA","@id":"https:\/\/autravail.ca\/product\/press-s22075-bottillon-de-travail-metatarse\/#primaryimage","url":"https:\/\/autravail.ca\/wp-content\/uploads\/2025\/05\/S22075_A01.jpg","contentUrl":"https:\/\/autravail.ca\/wp-content\/uploads\/2025\/05\/S22075_A01.jpg","width":1000,"height":1000},{"@type":"BreadcrumbList","@id":"https:\/\/autravail.ca\/product\/press-s22075-bottillon-de-travail-metatarse\/#breadcrumb","itemListElement":[{"@type":"ListItem","position":1,"name":"Accueil","item":"https:\/\/autravail.ca\/"},{"@type":"ListItem","position":2,"name":"Magasin","item":"https:\/\/autravail.ca\/en\/shop\/"},{"@type":"ListItem","position":3,"name":"PRESS &#8211; S22075 &#8211; BOTTILLON DE TRAVAIL &#8211; M\u00c9TATARSE"}]},{"@type":"WebSite","@id":"https:\/\/autravail.ca\/#website","url":"https:\/\/autravail.ca\/","name":"Le Magasin Industriel","description":"50 ans de tradition de s\u00e9curit\u00e9 au travail","publisher":{"@id":"https:\/\/autravail.ca\/#organization"},"potentialAction":[{"@type":"SearchAction","target":{"@type":"EntryPoint","urlTemplate":"https:\/\/autravail.ca\/?s={search_term_string}"},"query-input":{"@type":"PropertyValueSpecification","valueRequired":true,"valueName":"search_term_string"}}],"inLanguage":"en-CA"},{"@type":"Organization","@id":"https:\/\/autravail.ca\/#organization","name":"Le Magasin Industriel","url":"https:\/\/autravail.ca\/","logo":{"@type":"ImageObject","inLanguage":"en-CA","@id":"https:\/\/autravail.ca\/#\/schema\/logo\/image\/","url":"https:\/\/autravail.ca\/wp-content\/uploads\/2025\/05\/cropped-magasin_industriel_120x.avif","contentUrl":"https:\/\/autravail.ca\/wp-content\/uploads\/2025\/05\/cropped-magasin_industriel_120x.avif","width":120,"height":24,"caption":"Le Magasin Industriel"},"image":{"@id":"https:\/\/autravail.ca\/#\/schema\/logo\/image\/"},"sameAs":["https:\/\/www.facebook.com\/lemagasinindustriel\/?locale=fr_FR"]}]}},"jetpack_sharing_enabled":true,"_links":{"self":[{"href":"https:\/\/autravail.ca\/en\/wp-json\/wp\/v2\/product\/26213","targetHints":{"allow":["GET"]}}],"collection":[{"href":"https:\/\/autravail.ca\/en\/wp-json\/wp\/v2\/product"}],"about":[{"href":"https:\/\/autravail.ca\/en\/wp-json\/wp\/v2\/types\/product"}],"replies":[{"embeddable":true,"href":"https:\/\/autravail.ca\/en\/wp-json\/wp\/v2\/comments?post=26213"}],"wp:featuredmedia":[{"embeddable":true,"href":"https:\/\/autravail.ca\/en\/wp-json\/wp\/v2\/media\/9108"}],"wp:attachment":[{"href":"https:\/\/autravail.ca\/en\/wp-json\/wp\/v2\/media?parent=26213"}],"wp:term":[{"taxonomy":"product_cat","embeddable":true,"href":"https:\/\/autravail.ca\/en\/wp-json\/wp\/v2\/product_cat?post=26213"},{"taxonomy":"product_tag","embeddable":true,"href":"https:\/\/autravail.ca\/en\/wp-json\/wp\/v2\/product_tag?post=26213"}],"curies":[{"name":"wp","href":"https:\/\/api.w.org\/{rel}","templated":true}]}}