{"id":26184,"date":"2025-05-08T06:15:09","date_gmt":"2025-05-08T06:15:09","guid":{"rendered":"https:\/\/meteoquebec.ca\/?post_type=product&#038;p=26184"},"modified":"2025-12-05T05:11:56","modified_gmt":"2025-12-05T09:11:56","slug":"metpro-s22002-bottes-de-travail-metatarse-interne","status":"publish","type":"product","link":"https:\/\/autravail.ca\/en\/product\/metpro-s22002-bottes-de-travail-metatarse-interne\/","title":{"rendered":"METPRO - S22002 - METATARSAL INTERNAL WORK BOOTS"},"content":{"rendered":"<h3>Safety boots with internal metatarsus, Metpro - STC<\/h3>\n<ul>\n<li>CSA Protection, Type ESR<\/li>\n<li>Zipper in bonded waterproof construction with sealed seams.<\/li>\n<li>Cambrelle Lining<\/li>\n<li>Inner removable sole Instant Comfort<\/li>\n<li>Steel Protector<\/li>\n<li>Anti-puncture outsole made of composite.<\/li>\n<li>Internal metatarsal protection METATECH 360.<\/li>\n<li>Sole V4K Vibram TC4+ in natural rubber.<\/li>\n<li>PU Protective Edge Guard<\/li>\n<li>90 degree heel<\/li>\n<\/ul>","protected":false},"excerpt":{"rendered":"<p>Metpro Safety Boots with Internal Metatarsal  STC CSA protection, ESR type. Waterproof leather upper with sealed seams. Cambrelle lining. Removable Instant Comfort insole. Steel toe. Composite puncture-resistant sole. METATECH 360 internal metatarsal protection. Vibram V4K TC4+ natural rubber sole. PU anti-scratch toe protector.<\/p>","protected":false},"featured_media":9086,"comment_status":"open","ping_status":"closed","template":"","meta":[],"product_cat":[613,642,602],"product_tag":[251,252,255,242,253],"class_list":{"0":"post-26184","1":"product","2":"type-product","3":"status-publish","4":"has-post-thumbnail","6":"product_brand-stc","7":"product_cat-bottes-de-travail","8":"product_cat-bottes-de-travail-femme","9":"product_cat-hommes","10":"product_tag-bottes-de-travail","11":"product_tag-electric-shock-resistant","12":"product_tag-femme","13":"product_tag-homme","14":"product_tag-sole-protection","16":"first","17":"instock","18":"taxable","19":"shipping-taxable","20":"purchasable","21":"product-type-variable"},"yoast_head":"<!-- This site is optimized with the Yoast SEO plugin v25.3.1 - https:\/\/yoast.com\/wordpress\/plugins\/seo\/ -->\n<title>METPRO - S22002 - BOTTES DE TRAVAIL M\u00c9TATARSE INTERNE - Le Magasin Industriel<\/title>\n<meta name=\"robots\" content=\"index, follow, max-snippet:-1, max-image-preview:large, max-video-preview:-1\" \/>\n<link rel=\"canonical\" href=\"https:\/\/autravail.ca\/en\/product\/metpro-s22002-bottes-de-travail-metatarse-interne\/\" \/>\n<meta property=\"og:locale\" content=\"en_US\" \/>\n<meta property=\"og:type\" content=\"article\" \/>\n<meta property=\"og:title\" content=\"METPRO - S22002 - BOTTES DE TRAVAIL M\u00c9TATARSE INTERNE - Le Magasin Industriel\" \/>\n<meta property=\"og:description\" content=\"Bottes de s\u00e9curit\u00e9 avec m\u00e9tatarse interne, Metpro &#8211; STC Protection CSA, type ESR Tige en cuit imperm\u00e9able aux coutures scell\u00e9es. Doublure Cambrelle. Semelle int\u00e9rieure amovible Instant Comfort. Embout protecteur en acier. Semelle antiperforation faire de composite. Protection m\u00e9tatarsienne interne METATECH 360\u00b0. Semelle V4K Vibram TC4+ en caoutchouc naturel. Embout protecteur anti\u00e9raflures fait de PU. Talon [&hellip;]\" \/>\n<meta property=\"og:url\" content=\"https:\/\/autravail.ca\/en\/product\/metpro-s22002-bottes-de-travail-metatarse-interne\/\" \/>\n<meta property=\"og:site_name\" content=\"Le Magasin Industriel\" \/>\n<meta property=\"article:publisher\" content=\"https:\/\/www.facebook.com\/lemagasinindustriel\/?locale=fr_FR\" \/>\n<meta property=\"article:modified_time\" content=\"2025-12-05T09:11:56+00:00\" \/>\n<meta property=\"og:image\" content=\"https:\/\/autravail.ca\/wp-content\/uploads\/2025\/05\/S22002_A01.jpg\" \/>\n\t<meta property=\"og:image:width\" content=\"1000\" \/>\n\t<meta property=\"og:image:height\" content=\"1000\" \/>\n\t<meta property=\"og:image:type\" content=\"image\/jpeg\" \/>\n<meta name=\"twitter:card\" content=\"summary_large_image\" \/>\n<script type=\"application\/ld+json\" class=\"yoast-schema-graph\">{\"@context\":\"https:\/\/schema.org\",\"@graph\":[{\"@type\":\"WebPage\",\"@id\":\"https:\/\/autravail.ca\/product\/metpro-s22002-bottes-de-travail-metatarse-interne\/\",\"url\":\"https:\/\/autravail.ca\/product\/metpro-s22002-bottes-de-travail-metatarse-interne\/\",\"name\":\"METPRO - S22002 - BOTTES DE TRAVAIL M\u00c9TATARSE INTERNE - Le Magasin Industriel\",\"isPartOf\":{\"@id\":\"https:\/\/autravail.ca\/#website\"},\"primaryImageOfPage\":{\"@id\":\"https:\/\/autravail.ca\/product\/metpro-s22002-bottes-de-travail-metatarse-interne\/#primaryimage\"},\"image\":{\"@id\":\"https:\/\/autravail.ca\/product\/metpro-s22002-bottes-de-travail-metatarse-interne\/#primaryimage\"},\"thumbnailUrl\":\"https:\/\/autravail.ca\/wp-content\/uploads\/2025\/05\/S22002_A01.jpg\",\"datePublished\":\"2025-05-08T06:15:09+00:00\",\"dateModified\":\"2025-12-05T09:11:56+00:00\",\"breadcrumb\":{\"@id\":\"https:\/\/autravail.ca\/product\/metpro-s22002-bottes-de-travail-metatarse-interne\/#breadcrumb\"},\"inLanguage\":\"en-CA\",\"potentialAction\":[{\"@type\":\"ReadAction\",\"target\":[\"https:\/\/autravail.ca\/product\/metpro-s22002-bottes-de-travail-metatarse-interne\/\"]}]},{\"@type\":\"ImageObject\",\"inLanguage\":\"en-CA\",\"@id\":\"https:\/\/autravail.ca\/product\/metpro-s22002-bottes-de-travail-metatarse-interne\/#primaryimage\",\"url\":\"https:\/\/autravail.ca\/wp-content\/uploads\/2025\/05\/S22002_A01.jpg\",\"contentUrl\":\"https:\/\/autravail.ca\/wp-content\/uploads\/2025\/05\/S22002_A01.jpg\",\"width\":1000,\"height\":1000},{\"@type\":\"BreadcrumbList\",\"@id\":\"https:\/\/autravail.ca\/product\/metpro-s22002-bottes-de-travail-metatarse-interne\/#breadcrumb\",\"itemListElement\":[{\"@type\":\"ListItem\",\"position\":1,\"name\":\"Accueil\",\"item\":\"https:\/\/autravail.ca\/\"},{\"@type\":\"ListItem\",\"position\":2,\"name\":\"Magasin\",\"item\":\"https:\/\/autravail.ca\/en\/shop\/\"},{\"@type\":\"ListItem\",\"position\":3,\"name\":\"METPRO &#8211; S22002 &#8211; BOTTES DE TRAVAIL M\u00c9TATARSE INTERNE\"}]},{\"@type\":\"WebSite\",\"@id\":\"https:\/\/autravail.ca\/#website\",\"url\":\"https:\/\/autravail.ca\/\",\"name\":\"Le Magasin Industriel\",\"description\":\"50 ans de tradition de s\u00e9curit\u00e9 au travail\",\"publisher\":{\"@id\":\"https:\/\/autravail.ca\/#organization\"},\"potentialAction\":[{\"@type\":\"SearchAction\",\"target\":{\"@type\":\"EntryPoint\",\"urlTemplate\":\"https:\/\/autravail.ca\/?s={search_term_string}\"},\"query-input\":{\"@type\":\"PropertyValueSpecification\",\"valueRequired\":true,\"valueName\":\"search_term_string\"}}],\"inLanguage\":\"en-CA\"},{\"@type\":\"Organization\",\"@id\":\"https:\/\/autravail.ca\/#organization\",\"name\":\"Le Magasin Industriel\",\"url\":\"https:\/\/autravail.ca\/\",\"logo\":{\"@type\":\"ImageObject\",\"inLanguage\":\"en-CA\",\"@id\":\"https:\/\/autravail.ca\/#\/schema\/logo\/image\/\",\"url\":\"https:\/\/autravail.ca\/wp-content\/uploads\/2025\/05\/cropped-magasin_industriel_120x.avif\",\"contentUrl\":\"https:\/\/autravail.ca\/wp-content\/uploads\/2025\/05\/cropped-magasin_industriel_120x.avif\",\"width\":120,\"height\":24,\"caption\":\"Le Magasin Industriel\"},\"image\":{\"@id\":\"https:\/\/autravail.ca\/#\/schema\/logo\/image\/\"},\"sameAs\":[\"https:\/\/www.facebook.com\/lemagasinindustriel\/?locale=fr_FR\"]}]}<\/script>\n<!-- \/ Yoast SEO plugin. -->","yoast_head_json":{"title":"METPRO - S22002 - BOTTES DE TRAVAIL M\u00c9TATARSE INTERNE - Le Magasin Industriel","robots":{"index":"index","follow":"follow","max-snippet":"max-snippet:-1","max-image-preview":"max-image-preview:large","max-video-preview":"max-video-preview:-1"},"canonical":"https:\/\/autravail.ca\/en\/product\/metpro-s22002-bottes-de-travail-metatarse-interne\/","og_locale":"en_US","og_type":"article","og_title":"METPRO - S22002 - BOTTES DE TRAVAIL M\u00c9TATARSE INTERNE - Le Magasin Industriel","og_description":"Bottes de s\u00e9curit\u00e9 avec m\u00e9tatarse interne, Metpro &#8211; STC Protection CSA, type ESR Tige en cuit imperm\u00e9able aux coutures scell\u00e9es. Doublure Cambrelle. Semelle int\u00e9rieure amovible Instant Comfort. Embout protecteur en acier. Semelle antiperforation faire de composite. Protection m\u00e9tatarsienne interne METATECH 360\u00b0. Semelle V4K Vibram TC4+ en caoutchouc naturel. Embout protecteur anti\u00e9raflures fait de PU. Talon [&hellip;]","og_url":"https:\/\/autravail.ca\/en\/product\/metpro-s22002-bottes-de-travail-metatarse-interne\/","og_site_name":"Le Magasin Industriel","article_publisher":"https:\/\/www.facebook.com\/lemagasinindustriel\/?locale=fr_FR","article_modified_time":"2025-12-05T09:11:56+00:00","og_image":[{"width":1000,"height":1000,"url":"https:\/\/autravail.ca\/wp-content\/uploads\/2025\/05\/S22002_A01.jpg","type":"image\/jpeg"}],"twitter_card":"summary_large_image","schema":{"@context":"https:\/\/schema.org","@graph":[{"@type":"WebPage","@id":"https:\/\/autravail.ca\/product\/metpro-s22002-bottes-de-travail-metatarse-interne\/","url":"https:\/\/autravail.ca\/product\/metpro-s22002-bottes-de-travail-metatarse-interne\/","name":"METPRO - S22002 - BOTTES DE TRAVAIL M\u00c9TATARSE INTERNE - Le Magasin Industriel","isPartOf":{"@id":"https:\/\/autravail.ca\/#website"},"primaryImageOfPage":{"@id":"https:\/\/autravail.ca\/product\/metpro-s22002-bottes-de-travail-metatarse-interne\/#primaryimage"},"image":{"@id":"https:\/\/autravail.ca\/product\/metpro-s22002-bottes-de-travail-metatarse-interne\/#primaryimage"},"thumbnailUrl":"https:\/\/autravail.ca\/wp-content\/uploads\/2025\/05\/S22002_A01.jpg","datePublished":"2025-05-08T06:15:09+00:00","dateModified":"2025-12-05T09:11:56+00:00","breadcrumb":{"@id":"https:\/\/autravail.ca\/product\/metpro-s22002-bottes-de-travail-metatarse-interne\/#breadcrumb"},"inLanguage":"en-CA","potentialAction":[{"@type":"ReadAction","target":["https:\/\/autravail.ca\/product\/metpro-s22002-bottes-de-travail-metatarse-interne\/"]}]},{"@type":"ImageObject","inLanguage":"en-CA","@id":"https:\/\/autravail.ca\/product\/metpro-s22002-bottes-de-travail-metatarse-interne\/#primaryimage","url":"https:\/\/autravail.ca\/wp-content\/uploads\/2025\/05\/S22002_A01.jpg","contentUrl":"https:\/\/autravail.ca\/wp-content\/uploads\/2025\/05\/S22002_A01.jpg","width":1000,"height":1000},{"@type":"BreadcrumbList","@id":"https:\/\/autravail.ca\/product\/metpro-s22002-bottes-de-travail-metatarse-interne\/#breadcrumb","itemListElement":[{"@type":"ListItem","position":1,"name":"Accueil","item":"https:\/\/autravail.ca\/"},{"@type":"ListItem","position":2,"name":"Magasin","item":"https:\/\/autravail.ca\/en\/shop\/"},{"@type":"ListItem","position":3,"name":"METPRO &#8211; S22002 &#8211; BOTTES DE TRAVAIL M\u00c9TATARSE INTERNE"}]},{"@type":"WebSite","@id":"https:\/\/autravail.ca\/#website","url":"https:\/\/autravail.ca\/","name":"Le Magasin Industriel","description":"50 ans de tradition de s\u00e9curit\u00e9 au travail","publisher":{"@id":"https:\/\/autravail.ca\/#organization"},"potentialAction":[{"@type":"SearchAction","target":{"@type":"EntryPoint","urlTemplate":"https:\/\/autravail.ca\/?s={search_term_string}"},"query-input":{"@type":"PropertyValueSpecification","valueRequired":true,"valueName":"search_term_string"}}],"inLanguage":"en-CA"},{"@type":"Organization","@id":"https:\/\/autravail.ca\/#organization","name":"Le Magasin Industriel","url":"https:\/\/autravail.ca\/","logo":{"@type":"ImageObject","inLanguage":"en-CA","@id":"https:\/\/autravail.ca\/#\/schema\/logo\/image\/","url":"https:\/\/autravail.ca\/wp-content\/uploads\/2025\/05\/cropped-magasin_industriel_120x.avif","contentUrl":"https:\/\/autravail.ca\/wp-content\/uploads\/2025\/05\/cropped-magasin_industriel_120x.avif","width":120,"height":24,"caption":"Le Magasin Industriel"},"image":{"@id":"https:\/\/autravail.ca\/#\/schema\/logo\/image\/"},"sameAs":["https:\/\/www.facebook.com\/lemagasinindustriel\/?locale=fr_FR"]}]}},"jetpack_sharing_enabled":true,"_links":{"self":[{"href":"https:\/\/autravail.ca\/en\/wp-json\/wp\/v2\/product\/26184","targetHints":{"allow":["GET"]}}],"collection":[{"href":"https:\/\/autravail.ca\/en\/wp-json\/wp\/v2\/product"}],"about":[{"href":"https:\/\/autravail.ca\/en\/wp-json\/wp\/v2\/types\/product"}],"replies":[{"embeddable":true,"href":"https:\/\/autravail.ca\/en\/wp-json\/wp\/v2\/comments?post=26184"}],"wp:featuredmedia":[{"embeddable":true,"href":"https:\/\/autravail.ca\/en\/wp-json\/wp\/v2\/media\/9086"}],"wp:attachment":[{"href":"https:\/\/autravail.ca\/en\/wp-json\/wp\/v2\/media?parent=26184"}],"wp:term":[{"taxonomy":"product_cat","embeddable":true,"href":"https:\/\/autravail.ca\/en\/wp-json\/wp\/v2\/product_cat?post=26184"},{"taxonomy":"product_tag","embeddable":true,"href":"https:\/\/autravail.ca\/en\/wp-json\/wp\/v2\/product_tag?post=26184"}],"curies":[{"name":"wp","href":"https:\/\/api.w.org\/{rel}","templated":true}]}}