{"id":26153,"date":"2025-05-08T06:15:01","date_gmt":"2025-05-08T06:15:01","guid":{"rendered":"https:\/\/meteoquebec.ca\/?post_type=product&#038;p=26153"},"modified":"2025-12-05T05:11:57","modified_gmt":"2025-12-05T09:11:57","slug":"trump-s21982-bottillon-de-travail","status":"publish","type":"product","link":"https:\/\/autravail.ca\/en\/product\/trump-s21982-bottillon-de-travail\/","title":{"rendered":"TRUMP - S21982 - WORK Ankle Boots"},"content":{"rendered":"<h3>Security Ankle Boots, Trump - STC<\/h3>\n<ul>\n<li>Microfiber Chemtech Waterproof Pipe.<\/li>\n<li>Cambrelle Lining<\/li>\n<li>Thinsulate 200g Insulation.<\/li>\n<li>Inner removable sole Instant Comfort<\/li>\n<li>Steel Protector<\/li>\n<li>Steel anti-puncture sole.<\/li>\n<li>Sole BRUZER made of OIL-RESISTANT PU.<\/li>\n<li>PU Protective Edge Guard<\/li>\n<li>Padded Language for More Comfort.<\/li>\n<\/ul>","protected":false},"excerpt":{"rendered":"<p>Bottillon de s\u00e9curit\u00e9, Trump &#8211; STC Tige en microfibre CHEMTECH imperm\u00e9able. Doublure Cambrelle. Isolation de Thinsulate 200g. Semelle int\u00e9rieure amovible Instant Comfort. Embout protecteur en acier. Semelle antiperforation en acier. Semelle BRUZER faite de PU r\u00e9sistante aux huiles. Embout protecteur anti\u00e9raflures fait de PU. Langue coussin\u00e9e pour plus de confort.<\/p>","protected":false},"featured_media":9031,"comment_status":"open","ping_status":"closed","template":"","meta":[],"product_cat":[621,602],"product_tag":[260,252,242,261,253],"class_list":{"0":"post-26153","1":"product","2":"type-product","3":"status-publish","4":"has-post-thumbnail","6":"product_brand-stc","7":"product_cat-bottes-de-travail-6","8":"product_cat-hommes","9":"product_tag-bottillons-de-travail","10":"product_tag-electric-shock-resistant","11":"product_tag-homme","12":"product_tag-novago","13":"product_tag-sole-protection","15":"first","16":"instock","17":"taxable","18":"shipping-taxable","19":"purchasable","20":"product-type-variable"},"yoast_head":"<!-- This site is optimized with the Yoast SEO plugin v25.3.1 - https:\/\/yoast.com\/wordpress\/plugins\/seo\/ -->\n<title>TRUMP - S21982 - BOTTILLON DE TRAVAIL - Le Magasin Industriel<\/title>\n<meta name=\"robots\" content=\"index, follow, max-snippet:-1, max-image-preview:large, max-video-preview:-1\" \/>\n<link rel=\"canonical\" href=\"https:\/\/autravail.ca\/en\/product\/trump-s21982-bottillon-de-travail\/\" \/>\n<meta property=\"og:locale\" content=\"en_US\" \/>\n<meta property=\"og:type\" content=\"article\" \/>\n<meta property=\"og:title\" content=\"TRUMP - S21982 - BOTTILLON DE TRAVAIL - Le Magasin Industriel\" \/>\n<meta property=\"og:description\" content=\"Bottillon de s\u00e9curit\u00e9, Trump &#8211; STC Tige en microfibre CHEMTECH imperm\u00e9able. Doublure Cambrelle. Isolation de Thinsulate 200g. Semelle int\u00e9rieure amovible Instant Comfort. Embout protecteur en acier. Semelle antiperforation en acier. Semelle BRUZER faite de PU r\u00e9sistante aux huiles. Embout protecteur anti\u00e9raflures fait de PU. Langue coussin\u00e9e pour plus de confort.\" \/>\n<meta property=\"og:url\" content=\"https:\/\/autravail.ca\/en\/product\/trump-s21982-bottillon-de-travail\/\" \/>\n<meta property=\"og:site_name\" content=\"Le Magasin Industriel\" \/>\n<meta property=\"article:publisher\" content=\"https:\/\/www.facebook.com\/lemagasinindustriel\/?locale=fr_FR\" \/>\n<meta property=\"article:modified_time\" content=\"2025-12-05T09:11:57+00:00\" \/>\n<meta property=\"og:image\" content=\"https:\/\/autravail.ca\/wp-content\/uploads\/2025\/05\/S21982_A01.jpg\" \/>\n\t<meta property=\"og:image:width\" content=\"1000\" \/>\n\t<meta property=\"og:image:height\" content=\"1000\" \/>\n\t<meta property=\"og:image:type\" content=\"image\/jpeg\" \/>\n<meta name=\"twitter:card\" content=\"summary_large_image\" \/>\n<script type=\"application\/ld+json\" class=\"yoast-schema-graph\">{\"@context\":\"https:\/\/schema.org\",\"@graph\":[{\"@type\":\"WebPage\",\"@id\":\"https:\/\/autravail.ca\/product\/trump-s21982-bottillon-de-travail\/\",\"url\":\"https:\/\/autravail.ca\/product\/trump-s21982-bottillon-de-travail\/\",\"name\":\"TRUMP - S21982 - BOTTILLON DE TRAVAIL - Le Magasin Industriel\",\"isPartOf\":{\"@id\":\"https:\/\/autravail.ca\/#website\"},\"primaryImageOfPage\":{\"@id\":\"https:\/\/autravail.ca\/product\/trump-s21982-bottillon-de-travail\/#primaryimage\"},\"image\":{\"@id\":\"https:\/\/autravail.ca\/product\/trump-s21982-bottillon-de-travail\/#primaryimage\"},\"thumbnailUrl\":\"https:\/\/autravail.ca\/wp-content\/uploads\/2025\/05\/S21982_A01.jpg\",\"datePublished\":\"2025-05-08T06:15:01+00:00\",\"dateModified\":\"2025-12-05T09:11:57+00:00\",\"breadcrumb\":{\"@id\":\"https:\/\/autravail.ca\/product\/trump-s21982-bottillon-de-travail\/#breadcrumb\"},\"inLanguage\":\"en-CA\",\"potentialAction\":[{\"@type\":\"ReadAction\",\"target\":[\"https:\/\/autravail.ca\/product\/trump-s21982-bottillon-de-travail\/\"]}]},{\"@type\":\"ImageObject\",\"inLanguage\":\"en-CA\",\"@id\":\"https:\/\/autravail.ca\/product\/trump-s21982-bottillon-de-travail\/#primaryimage\",\"url\":\"https:\/\/autravail.ca\/wp-content\/uploads\/2025\/05\/S21982_A01.jpg\",\"contentUrl\":\"https:\/\/autravail.ca\/wp-content\/uploads\/2025\/05\/S21982_A01.jpg\",\"width\":1000,\"height\":1000},{\"@type\":\"BreadcrumbList\",\"@id\":\"https:\/\/autravail.ca\/product\/trump-s21982-bottillon-de-travail\/#breadcrumb\",\"itemListElement\":[{\"@type\":\"ListItem\",\"position\":1,\"name\":\"Accueil\",\"item\":\"https:\/\/autravail.ca\/\"},{\"@type\":\"ListItem\",\"position\":2,\"name\":\"Magasin\",\"item\":\"https:\/\/autravail.ca\/en\/shop\/\"},{\"@type\":\"ListItem\",\"position\":3,\"name\":\"TRUMP &#8211; S21982 &#8211; BOTTILLON DE TRAVAIL\"}]},{\"@type\":\"WebSite\",\"@id\":\"https:\/\/autravail.ca\/#website\",\"url\":\"https:\/\/autravail.ca\/\",\"name\":\"Le Magasin Industriel\",\"description\":\"50 ans de tradition de s\u00e9curit\u00e9 au travail\",\"publisher\":{\"@id\":\"https:\/\/autravail.ca\/#organization\"},\"potentialAction\":[{\"@type\":\"SearchAction\",\"target\":{\"@type\":\"EntryPoint\",\"urlTemplate\":\"https:\/\/autravail.ca\/?s={search_term_string}\"},\"query-input\":{\"@type\":\"PropertyValueSpecification\",\"valueRequired\":true,\"valueName\":\"search_term_string\"}}],\"inLanguage\":\"en-CA\"},{\"@type\":\"Organization\",\"@id\":\"https:\/\/autravail.ca\/#organization\",\"name\":\"Le Magasin Industriel\",\"url\":\"https:\/\/autravail.ca\/\",\"logo\":{\"@type\":\"ImageObject\",\"inLanguage\":\"en-CA\",\"@id\":\"https:\/\/autravail.ca\/#\/schema\/logo\/image\/\",\"url\":\"https:\/\/autravail.ca\/wp-content\/uploads\/2025\/05\/cropped-magasin_industriel_120x.avif\",\"contentUrl\":\"https:\/\/autravail.ca\/wp-content\/uploads\/2025\/05\/cropped-magasin_industriel_120x.avif\",\"width\":120,\"height\":24,\"caption\":\"Le Magasin Industriel\"},\"image\":{\"@id\":\"https:\/\/autravail.ca\/#\/schema\/logo\/image\/\"},\"sameAs\":[\"https:\/\/www.facebook.com\/lemagasinindustriel\/?locale=fr_FR\"]}]}<\/script>\n<!-- \/ Yoast SEO plugin. -->","yoast_head_json":{"title":"TRUMP - S21982 - BOTTILLON DE TRAVAIL - Le Magasin Industriel","robots":{"index":"index","follow":"follow","max-snippet":"max-snippet:-1","max-image-preview":"max-image-preview:large","max-video-preview":"max-video-preview:-1"},"canonical":"https:\/\/autravail.ca\/en\/product\/trump-s21982-bottillon-de-travail\/","og_locale":"en_US","og_type":"article","og_title":"TRUMP - S21982 - BOTTILLON DE TRAVAIL - Le Magasin Industriel","og_description":"Bottillon de s\u00e9curit\u00e9, Trump &#8211; STC Tige en microfibre CHEMTECH imperm\u00e9able. Doublure Cambrelle. Isolation de Thinsulate 200g. Semelle int\u00e9rieure amovible Instant Comfort. Embout protecteur en acier. Semelle antiperforation en acier. Semelle BRUZER faite de PU r\u00e9sistante aux huiles. Embout protecteur anti\u00e9raflures fait de PU. Langue coussin\u00e9e pour plus de confort.","og_url":"https:\/\/autravail.ca\/en\/product\/trump-s21982-bottillon-de-travail\/","og_site_name":"Le Magasin Industriel","article_publisher":"https:\/\/www.facebook.com\/lemagasinindustriel\/?locale=fr_FR","article_modified_time":"2025-12-05T09:11:57+00:00","og_image":[{"width":1000,"height":1000,"url":"https:\/\/autravail.ca\/wp-content\/uploads\/2025\/05\/S21982_A01.jpg","type":"image\/jpeg"}],"twitter_card":"summary_large_image","schema":{"@context":"https:\/\/schema.org","@graph":[{"@type":"WebPage","@id":"https:\/\/autravail.ca\/product\/trump-s21982-bottillon-de-travail\/","url":"https:\/\/autravail.ca\/product\/trump-s21982-bottillon-de-travail\/","name":"TRUMP - S21982 - BOTTILLON DE TRAVAIL - Le Magasin Industriel","isPartOf":{"@id":"https:\/\/autravail.ca\/#website"},"primaryImageOfPage":{"@id":"https:\/\/autravail.ca\/product\/trump-s21982-bottillon-de-travail\/#primaryimage"},"image":{"@id":"https:\/\/autravail.ca\/product\/trump-s21982-bottillon-de-travail\/#primaryimage"},"thumbnailUrl":"https:\/\/autravail.ca\/wp-content\/uploads\/2025\/05\/S21982_A01.jpg","datePublished":"2025-05-08T06:15:01+00:00","dateModified":"2025-12-05T09:11:57+00:00","breadcrumb":{"@id":"https:\/\/autravail.ca\/product\/trump-s21982-bottillon-de-travail\/#breadcrumb"},"inLanguage":"en-CA","potentialAction":[{"@type":"ReadAction","target":["https:\/\/autravail.ca\/product\/trump-s21982-bottillon-de-travail\/"]}]},{"@type":"ImageObject","inLanguage":"en-CA","@id":"https:\/\/autravail.ca\/product\/trump-s21982-bottillon-de-travail\/#primaryimage","url":"https:\/\/autravail.ca\/wp-content\/uploads\/2025\/05\/S21982_A01.jpg","contentUrl":"https:\/\/autravail.ca\/wp-content\/uploads\/2025\/05\/S21982_A01.jpg","width":1000,"height":1000},{"@type":"BreadcrumbList","@id":"https:\/\/autravail.ca\/product\/trump-s21982-bottillon-de-travail\/#breadcrumb","itemListElement":[{"@type":"ListItem","position":1,"name":"Accueil","item":"https:\/\/autravail.ca\/"},{"@type":"ListItem","position":2,"name":"Magasin","item":"https:\/\/autravail.ca\/en\/shop\/"},{"@type":"ListItem","position":3,"name":"TRUMP &#8211; S21982 &#8211; BOTTILLON DE TRAVAIL"}]},{"@type":"WebSite","@id":"https:\/\/autravail.ca\/#website","url":"https:\/\/autravail.ca\/","name":"Le Magasin Industriel","description":"50 ans de tradition de s\u00e9curit\u00e9 au travail","publisher":{"@id":"https:\/\/autravail.ca\/#organization"},"potentialAction":[{"@type":"SearchAction","target":{"@type":"EntryPoint","urlTemplate":"https:\/\/autravail.ca\/?s={search_term_string}"},"query-input":{"@type":"PropertyValueSpecification","valueRequired":true,"valueName":"search_term_string"}}],"inLanguage":"en-CA"},{"@type":"Organization","@id":"https:\/\/autravail.ca\/#organization","name":"Le Magasin Industriel","url":"https:\/\/autravail.ca\/","logo":{"@type":"ImageObject","inLanguage":"en-CA","@id":"https:\/\/autravail.ca\/#\/schema\/logo\/image\/","url":"https:\/\/autravail.ca\/wp-content\/uploads\/2025\/05\/cropped-magasin_industriel_120x.avif","contentUrl":"https:\/\/autravail.ca\/wp-content\/uploads\/2025\/05\/cropped-magasin_industriel_120x.avif","width":120,"height":24,"caption":"Le Magasin Industriel"},"image":{"@id":"https:\/\/autravail.ca\/#\/schema\/logo\/image\/"},"sameAs":["https:\/\/www.facebook.com\/lemagasinindustriel\/?locale=fr_FR"]}]}},"jetpack_sharing_enabled":true,"_links":{"self":[{"href":"https:\/\/autravail.ca\/en\/wp-json\/wp\/v2\/product\/26153","targetHints":{"allow":["GET"]}}],"collection":[{"href":"https:\/\/autravail.ca\/en\/wp-json\/wp\/v2\/product"}],"about":[{"href":"https:\/\/autravail.ca\/en\/wp-json\/wp\/v2\/types\/product"}],"replies":[{"embeddable":true,"href":"https:\/\/autravail.ca\/en\/wp-json\/wp\/v2\/comments?post=26153"}],"wp:featuredmedia":[{"embeddable":true,"href":"https:\/\/autravail.ca\/en\/wp-json\/wp\/v2\/media\/9031"}],"wp:attachment":[{"href":"https:\/\/autravail.ca\/en\/wp-json\/wp\/v2\/media?parent=26153"}],"wp:term":[{"taxonomy":"product_cat","embeddable":true,"href":"https:\/\/autravail.ca\/en\/wp-json\/wp\/v2\/product_cat?post=26153"},{"taxonomy":"product_tag","embeddable":true,"href":"https:\/\/autravail.ca\/en\/wp-json\/wp\/v2\/product_tag?post=26153"}],"curies":[{"name":"wp","href":"https:\/\/api.w.org\/{rel}","templated":true}]}}