{"id":26094,"date":"2025-05-08T06:14:47","date_gmt":"2025-05-08T06:14:47","guid":{"rendered":"https:\/\/meteoquebec.ca\/?post_type=product&#038;p=26094"},"modified":"2026-03-09T17:15:36","modified_gmt":"2026-03-09T21:15:36","slug":"pantalon-de-travail-double-2147","status":"publish","type":"product","link":"https:\/\/autravail.ca\/en\/product\/pantalon-de-travail-double-2147\/","title":{"rendered":"Pantalon de travail doubl\u00e9 &#8211; 2147"},"content":{"rendered":"<h3>Pantalon de travail doubl\u00e9 &#8211; 2147<\/h3>\n<p>Pantalon de travail doubl\u00e9 &#8211; 2147 de <a href=\"https:\/\/autravail.ca\/en\/product-brand\/big-bill\/\">Big Bill<\/a>. D\u00e9couvrez un confort et une durabilit\u00e9 in\u00e9gal\u00e9s avec notre pantalon de travail dot\u00e9 d&rsquo;une doublure en micropolaire. Con\u00e7u pour les travaux exigeants, ce pantalon offre une coupe d\u00e9contract\u00e9e et une chaleur exceptionnelle gr\u00e2ce \u00e0 son isolation douillette en micropolaire. Fabriqu\u00e9 pour durer gr\u00e2ce \u00e0 ses coutures renforc\u00e9es, sa fermeture \u00e9clair en laiton YKK\u00ae et ses doubles passants de ceinture, il vous assure confort et praticit\u00e9 tout au long de la journ\u00e9e. Fabriqu\u00e9 au Canada, ce pantalon garantit une qualit\u00e9 et une performance sup\u00e9rieures, vous gardant au chaud et agile au travail.<\/p>\n<h6>Characteristics:<\/h6>\n<ul>\n<li><span dir=\"auto\">Tous les pantalons doubl\u00e9s sont plus ajust\u00e9s \u00e0 la taille, nous vous recommandons donc de prendre une taille au-dessus.<\/span><\/li>\n<li><span dir=\"auto\">Isolation : Micropolaire<\/span><\/li>\n<li><span dir=\"auto\">2 poches avant obliques<\/span><\/li>\n<li><span dir=\"auto\">2 poches passepoil\u00e9es \u00e0 l&rsquo;arri\u00e8re<\/span><\/li>\n<li><span dir=\"auto\">Utiliser du fil de polyester, double couture \u00e0 l&rsquo;entrejambe, surjeter et couture simple sur toutes les autres coutures.<\/span><\/li>\n<li><span dir=\"auto\">7 passants de ceinture doubles<\/span><\/li>\n<li>Serg\u00e9 7,5 oz, 65 % polyester \/ 35 % coton<\/li>\n<li><span dir=\"auto\"><span dir=\"auto\">Polaire 283 g\/m\u00b2, 100 % polyester<\/span><\/span><\/li>\n<\/ul>\n<p>C&rsquo;est le choix num\u00e9ro un pour les travailleurs de la construction, les agriculteurs ou les employ\u00e9s d&rsquo;entrep\u00f4ts frigorifiques qui passent de longues heures dans des environnements \u00e0 basse temp\u00e9rature.<\/p>\n<p><img decoding=\"async\" class=\"alignnone wp-image-40620\" src=\"https:\/\/autravail.ca\/wp-content\/uploads\/2025\/09\/Jachete-quebec-et-canada.jpg\" alt=\"Logo de l'achat local\" width=\"162\" height=\"139\" \/>Merci d&rsquo;encourager une entreprise 100% d&rsquo;ici!<\/p>\n<p>TS2603H<\/p>","protected":false},"excerpt":{"rendered":"<p>Pantalon de travail doubl\u00e9 &#8211; 2147 Pantalon de travail doubl\u00e9 &#8211; 2147 de Big Bill. D\u00e9couvrez un confort et une durabilit\u00e9 in\u00e9gal\u00e9s avec notre pantalon de travail dot\u00e9 d&rsquo;une doublure en micropolaire. Con\u00e7u pour les travaux exigeants, ce pantalon offre une coupe d\u00e9contract\u00e9e et une chaleur exceptionnelle gr\u00e2ce \u00e0 son isolation douillette en micropolaire. Fabriqu\u00e9 [&hellip;]<\/p>","protected":false},"featured_media":45198,"comment_status":"open","ping_status":"closed","template":"","meta":[],"product_cat":[602,665,604],"product_tag":[242,243],"class_list":{"0":"post-26094","1":"product","2":"type-product","3":"status-publish","4":"has-post-thumbnail","6":"product_brand-big-bill","7":"product_cat-hommes","8":"product_cat-pantalons","9":"product_cat-vetements-de-travail","10":"product_tag-homme","11":"product_tag-pantalons","13":"first","14":"instock","15":"taxable","16":"shipping-taxable","17":"purchasable","18":"product-type-variable"},"yoast_head":"<!-- This site is optimized with the Yoast SEO plugin v25.3.1 - https:\/\/yoast.com\/wordpress\/plugins\/seo\/ -->\n<title>Pantalon de travail doubl\u00e9 - 2147 - Le Magasin Industriel<\/title>\n<meta name=\"description\" content=\"Pantalon de travail doubl\u00e9 - 2147 con\u00e7u pour les travaux exigeants, ce pantalon offre une coupe d\u00e9contract\u00e9e et une chaleur exceptionnelle\" \/>\n<meta name=\"robots\" content=\"index, follow, max-snippet:-1, max-image-preview:large, max-video-preview:-1\" \/>\n<link rel=\"canonical\" href=\"https:\/\/autravail.ca\/en\/product\/pantalon-de-travail-double-2147\/\" \/>\n<meta property=\"og:locale\" content=\"en_US\" \/>\n<meta property=\"og:type\" content=\"article\" \/>\n<meta property=\"og:title\" content=\"Pantalon de travail doubl\u00e9 - 2147 - Le Magasin Industriel\" \/>\n<meta property=\"og:description\" content=\"Pantalon de travail doubl\u00e9 - 2147 con\u00e7u pour les travaux exigeants, ce pantalon offre une coupe d\u00e9contract\u00e9e et une chaleur exceptionnelle\" \/>\n<meta property=\"og:url\" content=\"https:\/\/autravail.ca\/en\/product\/pantalon-de-travail-double-2147\/\" \/>\n<meta property=\"og:site_name\" content=\"Le Magasin Industriel\" \/>\n<meta property=\"article:publisher\" content=\"https:\/\/www.facebook.com\/lemagasinindustriel\/?locale=fr_FR\" \/>\n<meta property=\"article:modified_time\" content=\"2026-03-09T21:15:36+00:00\" \/>\n<meta property=\"og:image\" content=\"https:\/\/autravail.ca\/wp-content\/uploads\/2025\/05\/2147_A01.jpg\" \/>\n\t<meta property=\"og:image:width\" content=\"1000\" \/>\n\t<meta property=\"og:image:height\" content=\"1000\" \/>\n\t<meta property=\"og:image:type\" content=\"image\/jpeg\" \/>\n<meta name=\"twitter:card\" content=\"summary_large_image\" \/>\n<meta name=\"twitter:label1\" content=\"Est. reading time\" \/>\n\t<meta name=\"twitter:data1\" content=\"2 minutes\" \/>\n<script type=\"application\/ld+json\" class=\"yoast-schema-graph\">{\"@context\":\"https:\/\/schema.org\",\"@graph\":[{\"@type\":\"WebPage\",\"@id\":\"https:\/\/autravail.ca\/product\/pantalon-de-travail-double-2147\/\",\"url\":\"https:\/\/autravail.ca\/product\/pantalon-de-travail-double-2147\/\",\"name\":\"Pantalon de travail doubl\u00e9 - 2147 - Le Magasin Industriel\",\"isPartOf\":{\"@id\":\"https:\/\/autravail.ca\/#website\"},\"primaryImageOfPage\":{\"@id\":\"https:\/\/autravail.ca\/product\/pantalon-de-travail-double-2147\/#primaryimage\"},\"image\":{\"@id\":\"https:\/\/autravail.ca\/product\/pantalon-de-travail-double-2147\/#primaryimage\"},\"thumbnailUrl\":\"https:\/\/autravail.ca\/wp-content\/uploads\/2025\/05\/2147_A01.jpg\",\"datePublished\":\"2025-05-08T06:14:47+00:00\",\"dateModified\":\"2026-03-09T21:15:36+00:00\",\"description\":\"Pantalon de travail doubl\u00e9 - 2147 con\u00e7u pour les travaux exigeants, ce pantalon offre une coupe d\u00e9contract\u00e9e et une chaleur exceptionnelle\",\"breadcrumb\":{\"@id\":\"https:\/\/autravail.ca\/product\/pantalon-de-travail-double-2147\/#breadcrumb\"},\"inLanguage\":\"en-CA\",\"potentialAction\":[{\"@type\":\"ReadAction\",\"target\":[\"https:\/\/autravail.ca\/product\/pantalon-de-travail-double-2147\/\"]}]},{\"@type\":\"ImageObject\",\"inLanguage\":\"en-CA\",\"@id\":\"https:\/\/autravail.ca\/product\/pantalon-de-travail-double-2147\/#primaryimage\",\"url\":\"https:\/\/autravail.ca\/wp-content\/uploads\/2025\/05\/2147_A01.jpg\",\"contentUrl\":\"https:\/\/autravail.ca\/wp-content\/uploads\/2025\/05\/2147_A01.jpg\",\"width\":1000,\"height\":1000,\"caption\":\"Pantalon de travail doubl\u00e9 - 2147\"},{\"@type\":\"BreadcrumbList\",\"@id\":\"https:\/\/autravail.ca\/product\/pantalon-de-travail-double-2147\/#breadcrumb\",\"itemListElement\":[{\"@type\":\"ListItem\",\"position\":1,\"name\":\"Accueil\",\"item\":\"https:\/\/autravail.ca\/\"},{\"@type\":\"ListItem\",\"position\":2,\"name\":\"Magasin\",\"item\":\"https:\/\/autravail.ca\/en\/shop\/\"},{\"@type\":\"ListItem\",\"position\":3,\"name\":\"Pantalon de travail doubl\u00e9 &#8211; 2147\"}]},{\"@type\":\"WebSite\",\"@id\":\"https:\/\/autravail.ca\/#website\",\"url\":\"https:\/\/autravail.ca\/\",\"name\":\"Le Magasin Industriel\",\"description\":\"50 ans de tradition de s\u00e9curit\u00e9 au travail\",\"publisher\":{\"@id\":\"https:\/\/autravail.ca\/#organization\"},\"potentialAction\":[{\"@type\":\"SearchAction\",\"target\":{\"@type\":\"EntryPoint\",\"urlTemplate\":\"https:\/\/autravail.ca\/?s={search_term_string}\"},\"query-input\":{\"@type\":\"PropertyValueSpecification\",\"valueRequired\":true,\"valueName\":\"search_term_string\"}}],\"inLanguage\":\"en-CA\"},{\"@type\":\"Organization\",\"@id\":\"https:\/\/autravail.ca\/#organization\",\"name\":\"Le Magasin Industriel\",\"url\":\"https:\/\/autravail.ca\/\",\"logo\":{\"@type\":\"ImageObject\",\"inLanguage\":\"en-CA\",\"@id\":\"https:\/\/autravail.ca\/#\/schema\/logo\/image\/\",\"url\":\"https:\/\/autravail.ca\/wp-content\/uploads\/2025\/05\/cropped-magasin_industriel_120x.avif\",\"contentUrl\":\"https:\/\/autravail.ca\/wp-content\/uploads\/2025\/05\/cropped-magasin_industriel_120x.avif\",\"width\":120,\"height\":24,\"caption\":\"Le Magasin Industriel\"},\"image\":{\"@id\":\"https:\/\/autravail.ca\/#\/schema\/logo\/image\/\"},\"sameAs\":[\"https:\/\/www.facebook.com\/lemagasinindustriel\/?locale=fr_FR\"]}]}<\/script>\n<!-- \/ Yoast SEO plugin. -->","yoast_head_json":{"title":"Pantalon de travail doubl\u00e9 - 2147 - Le Magasin Industriel","description":"Pantalon de travail doubl\u00e9 - 2147 con\u00e7u pour les travaux exigeants, ce pantalon offre une coupe d\u00e9contract\u00e9e et une chaleur exceptionnelle","robots":{"index":"index","follow":"follow","max-snippet":"max-snippet:-1","max-image-preview":"max-image-preview:large","max-video-preview":"max-video-preview:-1"},"canonical":"https:\/\/autravail.ca\/en\/product\/pantalon-de-travail-double-2147\/","og_locale":"en_US","og_type":"article","og_title":"Pantalon de travail doubl\u00e9 - 2147 - Le Magasin Industriel","og_description":"Pantalon de travail doubl\u00e9 - 2147 con\u00e7u pour les travaux exigeants, ce pantalon offre une coupe d\u00e9contract\u00e9e et une chaleur exceptionnelle","og_url":"https:\/\/autravail.ca\/en\/product\/pantalon-de-travail-double-2147\/","og_site_name":"Le Magasin Industriel","article_publisher":"https:\/\/www.facebook.com\/lemagasinindustriel\/?locale=fr_FR","article_modified_time":"2026-03-09T21:15:36+00:00","og_image":[{"width":1000,"height":1000,"url":"https:\/\/autravail.ca\/wp-content\/uploads\/2025\/05\/2147_A01.jpg","type":"image\/jpeg"}],"twitter_card":"summary_large_image","twitter_misc":{"Est. reading time":"2 minutes"},"schema":{"@context":"https:\/\/schema.org","@graph":[{"@type":"WebPage","@id":"https:\/\/autravail.ca\/product\/pantalon-de-travail-double-2147\/","url":"https:\/\/autravail.ca\/product\/pantalon-de-travail-double-2147\/","name":"Pantalon de travail doubl\u00e9 - 2147 - Le Magasin Industriel","isPartOf":{"@id":"https:\/\/autravail.ca\/#website"},"primaryImageOfPage":{"@id":"https:\/\/autravail.ca\/product\/pantalon-de-travail-double-2147\/#primaryimage"},"image":{"@id":"https:\/\/autravail.ca\/product\/pantalon-de-travail-double-2147\/#primaryimage"},"thumbnailUrl":"https:\/\/autravail.ca\/wp-content\/uploads\/2025\/05\/2147_A01.jpg","datePublished":"2025-05-08T06:14:47+00:00","dateModified":"2026-03-09T21:15:36+00:00","description":"Pantalon de travail doubl\u00e9 - 2147 con\u00e7u pour les travaux exigeants, ce pantalon offre une coupe d\u00e9contract\u00e9e et une chaleur exceptionnelle","breadcrumb":{"@id":"https:\/\/autravail.ca\/product\/pantalon-de-travail-double-2147\/#breadcrumb"},"inLanguage":"en-CA","potentialAction":[{"@type":"ReadAction","target":["https:\/\/autravail.ca\/product\/pantalon-de-travail-double-2147\/"]}]},{"@type":"ImageObject","inLanguage":"en-CA","@id":"https:\/\/autravail.ca\/product\/pantalon-de-travail-double-2147\/#primaryimage","url":"https:\/\/autravail.ca\/wp-content\/uploads\/2025\/05\/2147_A01.jpg","contentUrl":"https:\/\/autravail.ca\/wp-content\/uploads\/2025\/05\/2147_A01.jpg","width":1000,"height":1000,"caption":"Pantalon de travail doubl\u00e9 - 2147"},{"@type":"BreadcrumbList","@id":"https:\/\/autravail.ca\/product\/pantalon-de-travail-double-2147\/#breadcrumb","itemListElement":[{"@type":"ListItem","position":1,"name":"Accueil","item":"https:\/\/autravail.ca\/"},{"@type":"ListItem","position":2,"name":"Magasin","item":"https:\/\/autravail.ca\/en\/shop\/"},{"@type":"ListItem","position":3,"name":"Pantalon de travail doubl\u00e9 &#8211; 2147"}]},{"@type":"WebSite","@id":"https:\/\/autravail.ca\/#website","url":"https:\/\/autravail.ca\/","name":"Le Magasin Industriel","description":"50 ans de tradition de s\u00e9curit\u00e9 au travail","publisher":{"@id":"https:\/\/autravail.ca\/#organization"},"potentialAction":[{"@type":"SearchAction","target":{"@type":"EntryPoint","urlTemplate":"https:\/\/autravail.ca\/?s={search_term_string}"},"query-input":{"@type":"PropertyValueSpecification","valueRequired":true,"valueName":"search_term_string"}}],"inLanguage":"en-CA"},{"@type":"Organization","@id":"https:\/\/autravail.ca\/#organization","name":"Le Magasin Industriel","url":"https:\/\/autravail.ca\/","logo":{"@type":"ImageObject","inLanguage":"en-CA","@id":"https:\/\/autravail.ca\/#\/schema\/logo\/image\/","url":"https:\/\/autravail.ca\/wp-content\/uploads\/2025\/05\/cropped-magasin_industriel_120x.avif","contentUrl":"https:\/\/autravail.ca\/wp-content\/uploads\/2025\/05\/cropped-magasin_industriel_120x.avif","width":120,"height":24,"caption":"Le Magasin Industriel"},"image":{"@id":"https:\/\/autravail.ca\/#\/schema\/logo\/image\/"},"sameAs":["https:\/\/www.facebook.com\/lemagasinindustriel\/?locale=fr_FR"]}]}},"jetpack_sharing_enabled":true,"_links":{"self":[{"href":"https:\/\/autravail.ca\/en\/wp-json\/wp\/v2\/product\/26094","targetHints":{"allow":["GET"]}}],"collection":[{"href":"https:\/\/autravail.ca\/en\/wp-json\/wp\/v2\/product"}],"about":[{"href":"https:\/\/autravail.ca\/en\/wp-json\/wp\/v2\/types\/product"}],"replies":[{"embeddable":true,"href":"https:\/\/autravail.ca\/en\/wp-json\/wp\/v2\/comments?post=26094"}],"wp:featuredmedia":[{"embeddable":true,"href":"https:\/\/autravail.ca\/en\/wp-json\/wp\/v2\/media\/45198"}],"wp:attachment":[{"href":"https:\/\/autravail.ca\/en\/wp-json\/wp\/v2\/media?parent=26094"}],"wp:term":[{"taxonomy":"product_cat","embeddable":true,"href":"https:\/\/autravail.ca\/en\/wp-json\/wp\/v2\/product_cat?post=26094"},{"taxonomy":"product_tag","embeddable":true,"href":"https:\/\/autravail.ca\/en\/wp-json\/wp\/v2\/product_tag?post=26094"}],"curies":[{"name":"wp","href":"https:\/\/api.w.org\/{rel}","templated":true}]}}