{"id":26033,"date":"2025-05-08T06:14:22","date_gmt":"2025-05-08T06:14:22","guid":{"rendered":"https:\/\/meteoquebec.ca\/?post_type=product&#038;p=26033"},"modified":"2026-02-11T14:08:18","modified_gmt":"2026-02-11T18:08:18","slug":"botte-de-travail-6%e2%80%b3-royer-metatarse-2089xp","status":"publish","type":"product","link":"https:\/\/autravail.ca\/en\/product\/botte-de-travail-6%e2%80%b3-royer-metatarse-2089xp\/","title":{"rendered":"Botte de travail 6\u2033 Royer M\u00e9tatarse &#8211; 2089XP"},"content":{"rendered":"<h3>Botte de travail 6\u2033 Royer M\u00e9tatarse &#8211; 2089XP<\/h3>\n<p>Les Botte de travail 6\u2033 Royer M\u00e9tatarse &#8211; 2089XP sont con\u00e7ues pour les environnements de travail exigeants. Fabriqu\u00e9es au Canada, elles offrent une robustesse exceptionnelle. Le protecteur m\u00e9tatarsien REALFLEX prot\u00e8ge sans nuire \u00e0 la flexion naturelle du pied. L\u2019embout d\u2019acier r\u00e9siste aux impacts jusqu\u2019\u00e0 125 joules, selon les normes CSA. La semelle antiperforation supporte une pression de 1200 Newtons. Le cuir pleine fleur de 2,0 mm assure une durabilit\u00e9 sup\u00e9rieure. Les fils Kevlar K2 r\u00e9sistent \u00e0 la chaleur, aux produits chimiques et \u00e0 la rupture. La semelle XPAN absorbe les chocs et adh\u00e8re aux surfaces huileuses. Les \u00e9lastiques lat\u00e9raux facilitent l\u2019enfilage rapide. Le prot\u00e8ge-\u00e9lastique flexible am\u00e9liore le confort et la stabilit\u00e9. La semelle Poliyou Tundra offre un soutien plantaire respirant. Ces bottes sont certifi\u00e9es contre les chocs \u00e9lectriques jusqu\u2019\u00e0 18 kV.<\/p>\n<p>Les bottes 2089XP de <a href=\"https:\/\/autravail.ca\/en\/product-brand\/Royer\/\">Royer<\/a> conviennent aux milieux industriels, m\u00e9caniques et miniers. Un choix fiable pour les professionnels soucieux de s\u00e9curit\u00e9 et de performance.<\/p>\n<p><img decoding=\"async\" class=\"alignnone size-full wp-image-40117\" src=\"https:\/\/autravail.ca\/wp-content\/uploads\/2025\/09\/Certification-Omega-Triangle-vert.jpg\" alt=\"Certifications Om\u00e9ga Triangle vert\" width=\"193\" height=\"110\" srcset=\"https:\/\/autravail.ca\/wp-content\/uploads\/2025\/09\/Certification-Omega-Triangle-vert.jpg 193w, https:\/\/autravail.ca\/wp-content\/uploads\/2025\/09\/Certification-Omega-Triangle-vert-150x85.jpg 150w, https:\/\/autravail.ca\/wp-content\/uploads\/2025\/09\/Certification-Omega-Triangle-vert-18x10.jpg 18w\" sizes=\"(max-width: 193px) 100vw, 193px\" \/><\/p>\n<h4>Caract\u00e9ristique:<\/h4>\n<ul>\n<li>Double density Arrow XPAN rubber sole, oil resistant<\/li>\n<li>offering superior adherence and energy absorption<\/li>\n<li>Steel tip<\/li>\n<li>Lenzi non-metallic anti-perforation sole.<\/li>\n<li>dielectric sole<\/li>\n<li>Exterior metatarsal protector<\/li>\n<li>Lateral elastics for easier foot insertion.<\/li>\n<li>Flexible Elastic Protection.<\/li>\n<li>Kevlar Thread<\/li>\n<li>Full flower of 2.0 mm<\/li>\n<li>Polysher Tundra footrest for increased comfort<\/li>\n<li>Non-duplicated model<\/li>\n<\/ul>\n<p><img decoding=\"async\" class=\"alignnone wp-image-40620\" src=\"https:\/\/autravail.ca\/wp-content\/uploads\/2025\/09\/Jachete-quebec-et-canada.jpg\" alt=\"Logo de l'achat local\" width=\"162\" height=\"139\" \/>Merci d&rsquo;encourager une entreprise 100% d&rsquo;ici!<\/p>\n<p>TS2511ES<\/p>","protected":false},"excerpt":{"rendered":"<p>Botte de travail 6\u2033 Royer M\u00e9tatarse &#8211; 2089XP Les Botte de travail 6\u2033 Royer M\u00e9tatarse &#8211; 2089XP sont con\u00e7ues pour les environnements de travail exigeants. Fabriqu\u00e9es au Canada, elles offrent une robustesse exceptionnelle. Le protecteur m\u00e9tatarsien REALFLEX prot\u00e8ge sans nuire \u00e0 la flexion naturelle du pied. L\u2019embout d\u2019acier r\u00e9siste aux impacts jusqu\u2019\u00e0 125 joules, selon [&hellip;]<\/p>","protected":false},"featured_media":8895,"comment_status":"open","ping_status":"closed","template":"","meta":[],"product_cat":[621,806,807,633,602,798,626],"product_tag":[260,265,252,255,242,267,253],"class_list":{"0":"post-26033","1":"product","2":"type-product","3":"status-publish","4":"has-post-thumbnail","6":"product_brand-royer","7":"product_cat-bottes-de-travail-6","8":"product_cat-bottes-de-travail-6-femme","9":"product_cat-bottes-de-travail-6-homme","10":"product_cat-femmes","11":"product_cat-hommes","12":"product_cat-metatarse","13":"product_cat-protection-metatarsienne","14":"product_tag-bottillons-de-travail","15":"product_tag-chaussures-specialisees","16":"product_tag-electric-shock-resistant","17":"product_tag-femme","18":"product_tag-homme","19":"product_tag-metatarse-externe","20":"product_tag-sole-protection","22":"first","23":"instock","24":"taxable","25":"shipping-taxable","26":"purchasable","27":"product-type-variable"},"yoast_head":"<!-- This site is optimized with the Yoast SEO plugin v25.3.1 - https:\/\/yoast.com\/wordpress\/plugins\/seo\/ -->\n<title>Botte de travail 6\u2033 Royer M\u00e9tatarse - 2089XP - Le Magasin Industriel<\/title>\n<meta name=\"description\" content=\"Botte de travail 6\u2033 Royer M\u00e9tatarse - 2089XP avec certifications CSA, protection m\u00e9tatarse externe et insertion de type slip-on.\" \/>\n<meta name=\"robots\" content=\"index, follow, max-snippet:-1, max-image-preview:large, max-video-preview:-1\" \/>\n<link rel=\"canonical\" href=\"https:\/\/autravail.ca\/en\/product\/botte-de-travail-6\u2033-royer-metatarse-2089xp\/\" \/>\n<meta property=\"og:locale\" content=\"en_US\" \/>\n<meta property=\"og:type\" content=\"article\" \/>\n<meta property=\"og:title\" content=\"Botte de travail 6\u2033 Royer M\u00e9tatarse - 2089XP - Le Magasin Industriel\" \/>\n<meta property=\"og:description\" content=\"Botte de travail 6\u2033 Royer M\u00e9tatarse - 2089XP avec certifications CSA, protection m\u00e9tatarse externe et insertion de type slip-on.\" \/>\n<meta property=\"og:url\" content=\"https:\/\/autravail.ca\/en\/product\/botte-de-travail-6\u2033-royer-metatarse-2089xp\/\" \/>\n<meta property=\"og:site_name\" content=\"Le Magasin Industriel\" \/>\n<meta property=\"article:publisher\" content=\"https:\/\/www.facebook.com\/lemagasinindustriel\/?locale=fr_FR\" \/>\n<meta property=\"article:modified_time\" content=\"2026-02-11T18:08:18+00:00\" \/>\n<meta property=\"og:image\" content=\"https:\/\/autravail.ca\/wp-content\/uploads\/2025\/05\/2089XP_A01.jpg\" \/>\n\t<meta property=\"og:image:width\" content=\"1000\" \/>\n\t<meta property=\"og:image:height\" content=\"1000\" \/>\n\t<meta property=\"og:image:type\" content=\"image\/jpeg\" \/>\n<meta name=\"twitter:card\" content=\"summary_large_image\" \/>\n<meta name=\"twitter:label1\" content=\"Est. reading time\" \/>\n\t<meta name=\"twitter:data1\" content=\"2 minutes\" \/>\n<script type=\"application\/ld+json\" class=\"yoast-schema-graph\">{\"@context\":\"https:\/\/schema.org\",\"@graph\":[{\"@type\":\"WebPage\",\"@id\":\"https:\/\/autravail.ca\/product\/botte-de-travail-6%e2%80%b3-royer-metatarse-2089xp\/\",\"url\":\"https:\/\/autravail.ca\/product\/botte-de-travail-6%e2%80%b3-royer-metatarse-2089xp\/\",\"name\":\"Botte de travail 6\u2033 Royer M\u00e9tatarse - 2089XP - Le Magasin Industriel\",\"isPartOf\":{\"@id\":\"https:\/\/autravail.ca\/#website\"},\"primaryImageOfPage\":{\"@id\":\"https:\/\/autravail.ca\/product\/botte-de-travail-6%e2%80%b3-royer-metatarse-2089xp\/#primaryimage\"},\"image\":{\"@id\":\"https:\/\/autravail.ca\/product\/botte-de-travail-6%e2%80%b3-royer-metatarse-2089xp\/#primaryimage\"},\"thumbnailUrl\":\"https:\/\/autravail.ca\/wp-content\/uploads\/2025\/05\/2089XP_A01.jpg\",\"datePublished\":\"2025-05-08T06:14:22+00:00\",\"dateModified\":\"2026-02-11T18:08:18+00:00\",\"description\":\"Botte de travail 6\u2033 Royer M\u00e9tatarse - 2089XP avec certifications CSA, protection m\u00e9tatarse externe et insertion de type slip-on.\",\"breadcrumb\":{\"@id\":\"https:\/\/autravail.ca\/product\/botte-de-travail-6%e2%80%b3-royer-metatarse-2089xp\/#breadcrumb\"},\"inLanguage\":\"en-CA\",\"potentialAction\":[{\"@type\":\"ReadAction\",\"target\":[\"https:\/\/autravail.ca\/product\/botte-de-travail-6%e2%80%b3-royer-metatarse-2089xp\/\"]}]},{\"@type\":\"ImageObject\",\"inLanguage\":\"en-CA\",\"@id\":\"https:\/\/autravail.ca\/product\/botte-de-travail-6%e2%80%b3-royer-metatarse-2089xp\/#primaryimage\",\"url\":\"https:\/\/autravail.ca\/wp-content\/uploads\/2025\/05\/2089XP_A01.jpg\",\"contentUrl\":\"https:\/\/autravail.ca\/wp-content\/uploads\/2025\/05\/2089XP_A01.jpg\",\"width\":1000,\"height\":1000,\"caption\":\"Botte de travail 6\u2033 Royer M\u00e9tatarse - 2089XP\"},{\"@type\":\"BreadcrumbList\",\"@id\":\"https:\/\/autravail.ca\/product\/botte-de-travail-6%e2%80%b3-royer-metatarse-2089xp\/#breadcrumb\",\"itemListElement\":[{\"@type\":\"ListItem\",\"position\":1,\"name\":\"Accueil\",\"item\":\"https:\/\/autravail.ca\/\"},{\"@type\":\"ListItem\",\"position\":2,\"name\":\"Magasin\",\"item\":\"https:\/\/autravail.ca\/en\/shop\/\"},{\"@type\":\"ListItem\",\"position\":3,\"name\":\"Botte de travail 6\u2033 Royer M\u00e9tatarse &#8211; 2089XP\"}]},{\"@type\":\"WebSite\",\"@id\":\"https:\/\/autravail.ca\/#website\",\"url\":\"https:\/\/autravail.ca\/\",\"name\":\"Le Magasin Industriel\",\"description\":\"50 ans de tradition de s\u00e9curit\u00e9 au travail\",\"publisher\":{\"@id\":\"https:\/\/autravail.ca\/#organization\"},\"potentialAction\":[{\"@type\":\"SearchAction\",\"target\":{\"@type\":\"EntryPoint\",\"urlTemplate\":\"https:\/\/autravail.ca\/?s={search_term_string}\"},\"query-input\":{\"@type\":\"PropertyValueSpecification\",\"valueRequired\":true,\"valueName\":\"search_term_string\"}}],\"inLanguage\":\"en-CA\"},{\"@type\":\"Organization\",\"@id\":\"https:\/\/autravail.ca\/#organization\",\"name\":\"Le Magasin Industriel\",\"url\":\"https:\/\/autravail.ca\/\",\"logo\":{\"@type\":\"ImageObject\",\"inLanguage\":\"en-CA\",\"@id\":\"https:\/\/autravail.ca\/#\/schema\/logo\/image\/\",\"url\":\"https:\/\/autravail.ca\/wp-content\/uploads\/2025\/05\/cropped-magasin_industriel_120x.avif\",\"contentUrl\":\"https:\/\/autravail.ca\/wp-content\/uploads\/2025\/05\/cropped-magasin_industriel_120x.avif\",\"width\":120,\"height\":24,\"caption\":\"Le Magasin Industriel\"},\"image\":{\"@id\":\"https:\/\/autravail.ca\/#\/schema\/logo\/image\/\"},\"sameAs\":[\"https:\/\/www.facebook.com\/lemagasinindustriel\/?locale=fr_FR\"]}]}<\/script>\n<!-- \/ Yoast SEO plugin. -->","yoast_head_json":{"title":"Botte de travail 6\u2033 Royer M\u00e9tatarse - 2089XP - Le Magasin Industriel","description":"Botte de travail 6\u2033 Royer M\u00e9tatarse - 2089XP avec certifications CSA, protection m\u00e9tatarse externe et insertion de type slip-on.","robots":{"index":"index","follow":"follow","max-snippet":"max-snippet:-1","max-image-preview":"max-image-preview:large","max-video-preview":"max-video-preview:-1"},"canonical":"https:\/\/autravail.ca\/en\/product\/botte-de-travail-6\u2033-royer-metatarse-2089xp\/","og_locale":"en_US","og_type":"article","og_title":"Botte de travail 6\u2033 Royer M\u00e9tatarse - 2089XP - Le Magasin Industriel","og_description":"Botte de travail 6\u2033 Royer M\u00e9tatarse - 2089XP avec certifications CSA, protection m\u00e9tatarse externe et insertion de type slip-on.","og_url":"https:\/\/autravail.ca\/en\/product\/botte-de-travail-6\u2033-royer-metatarse-2089xp\/","og_site_name":"Le Magasin Industriel","article_publisher":"https:\/\/www.facebook.com\/lemagasinindustriel\/?locale=fr_FR","article_modified_time":"2026-02-11T18:08:18+00:00","og_image":[{"width":1000,"height":1000,"url":"https:\/\/autravail.ca\/wp-content\/uploads\/2025\/05\/2089XP_A01.jpg","type":"image\/jpeg"}],"twitter_card":"summary_large_image","twitter_misc":{"Est. reading time":"2 minutes"},"schema":{"@context":"https:\/\/schema.org","@graph":[{"@type":"WebPage","@id":"https:\/\/autravail.ca\/product\/botte-de-travail-6%e2%80%b3-royer-metatarse-2089xp\/","url":"https:\/\/autravail.ca\/product\/botte-de-travail-6%e2%80%b3-royer-metatarse-2089xp\/","name":"Botte de travail 6\u2033 Royer M\u00e9tatarse - 2089XP - Le Magasin Industriel","isPartOf":{"@id":"https:\/\/autravail.ca\/#website"},"primaryImageOfPage":{"@id":"https:\/\/autravail.ca\/product\/botte-de-travail-6%e2%80%b3-royer-metatarse-2089xp\/#primaryimage"},"image":{"@id":"https:\/\/autravail.ca\/product\/botte-de-travail-6%e2%80%b3-royer-metatarse-2089xp\/#primaryimage"},"thumbnailUrl":"https:\/\/autravail.ca\/wp-content\/uploads\/2025\/05\/2089XP_A01.jpg","datePublished":"2025-05-08T06:14:22+00:00","dateModified":"2026-02-11T18:08:18+00:00","description":"Botte de travail 6\u2033 Royer M\u00e9tatarse - 2089XP avec certifications CSA, protection m\u00e9tatarse externe et insertion de type slip-on.","breadcrumb":{"@id":"https:\/\/autravail.ca\/product\/botte-de-travail-6%e2%80%b3-royer-metatarse-2089xp\/#breadcrumb"},"inLanguage":"en-CA","potentialAction":[{"@type":"ReadAction","target":["https:\/\/autravail.ca\/product\/botte-de-travail-6%e2%80%b3-royer-metatarse-2089xp\/"]}]},{"@type":"ImageObject","inLanguage":"en-CA","@id":"https:\/\/autravail.ca\/product\/botte-de-travail-6%e2%80%b3-royer-metatarse-2089xp\/#primaryimage","url":"https:\/\/autravail.ca\/wp-content\/uploads\/2025\/05\/2089XP_A01.jpg","contentUrl":"https:\/\/autravail.ca\/wp-content\/uploads\/2025\/05\/2089XP_A01.jpg","width":1000,"height":1000,"caption":"Botte de travail 6\u2033 Royer M\u00e9tatarse - 2089XP"},{"@type":"BreadcrumbList","@id":"https:\/\/autravail.ca\/product\/botte-de-travail-6%e2%80%b3-royer-metatarse-2089xp\/#breadcrumb","itemListElement":[{"@type":"ListItem","position":1,"name":"Accueil","item":"https:\/\/autravail.ca\/"},{"@type":"ListItem","position":2,"name":"Magasin","item":"https:\/\/autravail.ca\/en\/shop\/"},{"@type":"ListItem","position":3,"name":"Botte de travail 6\u2033 Royer M\u00e9tatarse &#8211; 2089XP"}]},{"@type":"WebSite","@id":"https:\/\/autravail.ca\/#website","url":"https:\/\/autravail.ca\/","name":"Le Magasin Industriel","description":"50 ans de tradition de s\u00e9curit\u00e9 au travail","publisher":{"@id":"https:\/\/autravail.ca\/#organization"},"potentialAction":[{"@type":"SearchAction","target":{"@type":"EntryPoint","urlTemplate":"https:\/\/autravail.ca\/?s={search_term_string}"},"query-input":{"@type":"PropertyValueSpecification","valueRequired":true,"valueName":"search_term_string"}}],"inLanguage":"en-CA"},{"@type":"Organization","@id":"https:\/\/autravail.ca\/#organization","name":"Le Magasin Industriel","url":"https:\/\/autravail.ca\/","logo":{"@type":"ImageObject","inLanguage":"en-CA","@id":"https:\/\/autravail.ca\/#\/schema\/logo\/image\/","url":"https:\/\/autravail.ca\/wp-content\/uploads\/2025\/05\/cropped-magasin_industriel_120x.avif","contentUrl":"https:\/\/autravail.ca\/wp-content\/uploads\/2025\/05\/cropped-magasin_industriel_120x.avif","width":120,"height":24,"caption":"Le Magasin Industriel"},"image":{"@id":"https:\/\/autravail.ca\/#\/schema\/logo\/image\/"},"sameAs":["https:\/\/www.facebook.com\/lemagasinindustriel\/?locale=fr_FR"]}]}},"jetpack_sharing_enabled":true,"_links":{"self":[{"href":"https:\/\/autravail.ca\/en\/wp-json\/wp\/v2\/product\/26033","targetHints":{"allow":["GET"]}}],"collection":[{"href":"https:\/\/autravail.ca\/en\/wp-json\/wp\/v2\/product"}],"about":[{"href":"https:\/\/autravail.ca\/en\/wp-json\/wp\/v2\/types\/product"}],"replies":[{"embeddable":true,"href":"https:\/\/autravail.ca\/en\/wp-json\/wp\/v2\/comments?post=26033"}],"wp:featuredmedia":[{"embeddable":true,"href":"https:\/\/autravail.ca\/en\/wp-json\/wp\/v2\/media\/8895"}],"wp:attachment":[{"href":"https:\/\/autravail.ca\/en\/wp-json\/wp\/v2\/media?parent=26033"}],"wp:term":[{"taxonomy":"product_cat","embeddable":true,"href":"https:\/\/autravail.ca\/en\/wp-json\/wp\/v2\/product_cat?post=26033"},{"taxonomy":"product_tag","embeddable":true,"href":"https:\/\/autravail.ca\/en\/wp-json\/wp\/v2\/product_tag?post=26033"}],"curies":[{"name":"wp","href":"https:\/\/api.w.org\/{rel}","templated":true}]}}