{"id":26003,"date":"2025-05-08T06:14:16","date_gmt":"2025-05-08T06:14:16","guid":{"rendered":"https:\/\/meteoquebec.ca\/?post_type=product&#038;p=26003"},"modified":"2026-01-29T13:21:12","modified_gmt":"2026-01-29T17:21:12","slug":"botte-de-travail-6%e2%80%b3-royer-metatarse-2076xp","status":"publish","type":"product","link":"https:\/\/autravail.ca\/en\/product\/botte-de-travail-6%e2%80%b3-royer-metatarse-2076xp\/","title":{"rendered":"Botte de travail 6\u2033 Royer M\u00e9tatarse &#8211; 2076XP"},"content":{"rendered":"<h3>Botte de travail 6\u2033 Royer M\u00e9tatarse &#8211; 2076XP<\/h3>\n<p>La Botte de travail 6\u2033 Royer M\u00e9tatarse &#8211; 2076XP est un mod\u00e8le slip-on robuste et s\u00e9curitaire. Sa tige en cuir pleine-fleur r\u00e9siste \u00e0 l\u2019eau. L\u2019embout d\u2019acier prot\u00e8ge contre les impacts et compressions. Le protecteur m\u00e9tatarsien REALFLEX am\u00e9liore le confort en position accroupie. De plus, semelle XPAN en caoutchouc \u00e0 double densit\u00e9 absorbe les choc et elle est flexible, durable et antid\u00e9rapante. \u00c9galement, une semelle confort int\u00e9rieure V2000 offre un bon soutien plantaire. La botte Royer 2076XP est id\u00e9ale pour ceux qui cherchent une chaussure non doubl\u00e9e, id\u00e9al pour les environnements mod\u00e9r\u00e9s et certifi\u00e9e CSA Z195-14 et ASTM F2413-11. Elle offre une protection contre les chocs \u00e9lectriques jusqu\u2019\u00e0 18 kV. La construction est pens\u00e9e pour les travailleurs industriels. Le design noir est sobre et professionnel. Facile \u00e0 enfiler, elle convient aux t\u00e2ches r\u00e9p\u00e9titives.<\/p>\n<p>La botte est fabriqu\u00e9e au Qu\u00e9bec avec un savoir-faire reconnu. Elle allie s\u00e9curit\u00e9, confort et performance. Un choix fiable pour les milieux exigeants. <a href=\"https:\/\/autravail.ca\/en\/product-brand\/royer\/\">Royer<\/a> 2076XP r\u00e9pond aux normes les plus strictes du secteur.<\/p>\n<p><img decoding=\"async\" class=\"alignnone size-full wp-image-41799\" src=\"https:\/\/autravail.ca\/wp-content\/uploads\/2025\/05\/Protection-de-lembout-omeg-metatarse.jpg\" alt=\"\" width=\"61\" height=\"118\" srcset=\"https:\/\/autravail.ca\/wp-content\/uploads\/2025\/05\/Protection-de-lembout-omeg-metatarse.jpg 61w, https:\/\/autravail.ca\/wp-content\/uploads\/2025\/05\/Protection-de-lembout-omeg-metatarse-6x12.jpg 6w\" sizes=\"(max-width: 61px) 100vw, 61px\" \/><\/p>\n<div class=\"product-information-feature-header\">\n<h4 class=\"mb-4\"><span dir=\"auto\">Characteristics:<\/span><\/h4>\n<ul class=\"temp-feature-list royer-temp-feature-list\">\n<li>Bottillon non-doubl\u00e9 de type \u00ab Slip-on \u00bb<\/li>\n<li>Protection m\u00e9tatarse externe<\/li>\n<li>Cuir de type pleine-fleur r\u00e9sistant \u00e0 l&rsquo;eau<\/li>\n<li>REALFLEX Metatarsal Protector which improves comfort during walking or squatting<\/li>\n<li>Technologie XPAN de caoutchouc \u00e0 double densit\u00e9<\/li>\n<li>Semelle ARROW flexible<\/li>\n<li>Semelle de propret\u00e9 V2000<\/li>\n<li>Protection against electric shocks<\/li>\n<li>Steel Protection Bracket<\/li>\n<li>Sans plaque antiperforation<\/li>\n<\/ul>\n<\/div>\n<p><img decoding=\"async\" class=\"alignnone wp-image-40620\" src=\"https:\/\/autravail.ca\/wp-content\/uploads\/2025\/09\/Jachete-quebec-et-canada.jpg\" alt=\"Logo de l'achat local\" width=\"162\" height=\"139\" \/>Merci d&rsquo;encourager une entreprise 100% d&rsquo;ici!<\/p>","protected":false},"excerpt":{"rendered":"<p>Botte de travail 6\u2033 Royer M\u00e9tatarse &#8211; 2076XP La Botte de travail 6\u2033 Royer M\u00e9tatarse &#8211; 2076XP est un mod\u00e8le slip-on robuste et s\u00e9curitaire. Sa tige en cuir pleine-fleur r\u00e9siste \u00e0 l\u2019eau. L\u2019embout d\u2019acier prot\u00e8ge contre les impacts et compressions. Le protecteur m\u00e9tatarsien REALFLEX am\u00e9liore le confort en position accroupie. De plus, semelle XPAN en [&hellip;]<\/p>","protected":false},"featured_media":8846,"comment_status":"open","ping_status":"closed","template":"","meta":[],"product_cat":[621,806,807,811,633,602,798,626],"product_tag":[260,265,252,255,242,267],"class_list":{"0":"post-26003","1":"product","2":"type-product","3":"status-publish","4":"has-post-thumbnail","6":"product_brand-royer","7":"product_cat-bottes-de-travail-6","8":"product_cat-bottes-de-travail-6-femme","9":"product_cat-bottes-de-travail-6-homme","10":"product_cat-chaussures-de-securite","11":"product_cat-femmes","12":"product_cat-hommes","13":"product_cat-metatarse","14":"product_cat-protection-metatarsienne","15":"product_tag-bottillons-de-travail","16":"product_tag-chaussures-specialisees","17":"product_tag-electric-shock-resistant","18":"product_tag-femme","19":"product_tag-homme","20":"product_tag-metatarse-externe","22":"first","23":"outofstock","24":"taxable","25":"shipping-taxable","26":"purchasable","27":"product-type-variable"},"yoast_head":"<!-- This site is optimized with the Yoast SEO plugin v25.3.1 - https:\/\/yoast.com\/wordpress\/plugins\/seo\/ -->\n<title>Botte de travail 6\u2033 Royer M\u00e9tatarse - 2076XP - Le Magasin Industriel<\/title>\n<meta name=\"description\" content=\"Botte de travail 6\u2033 Royer M\u00e9tatarse - 2076XP pour homme de 6 pouces homologu\u00e9es CSA protection m\u00e9tatarsienne avec embout en acier.\" \/>\n<meta name=\"robots\" content=\"index, follow, max-snippet:-1, max-image-preview:large, max-video-preview:-1\" \/>\n<link rel=\"canonical\" href=\"https:\/\/autravail.ca\/en\/product\/botte-de-travail-6\u2033-royer-metatarse-2076xp\/\" \/>\n<meta property=\"og:locale\" content=\"en_US\" \/>\n<meta property=\"og:type\" content=\"article\" \/>\n<meta property=\"og:title\" content=\"Botte de travail 6\u2033 Royer M\u00e9tatarse - 2076XP - Le Magasin Industriel\" \/>\n<meta property=\"og:description\" content=\"Botte de travail 6\u2033 Royer M\u00e9tatarse - 2076XP pour homme de 6 pouces homologu\u00e9es CSA protection m\u00e9tatarsienne avec embout en acier.\" \/>\n<meta property=\"og:url\" content=\"https:\/\/autravail.ca\/en\/product\/botte-de-travail-6\u2033-royer-metatarse-2076xp\/\" \/>\n<meta property=\"og:site_name\" content=\"Le Magasin Industriel\" \/>\n<meta property=\"article:publisher\" content=\"https:\/\/www.facebook.com\/lemagasinindustriel\/?locale=fr_FR\" \/>\n<meta property=\"article:modified_time\" content=\"2026-01-29T17:21:12+00:00\" \/>\n<meta property=\"og:image\" content=\"https:\/\/autravail.ca\/wp-content\/uploads\/2025\/05\/2076XP_A01.jpg\" \/>\n\t<meta property=\"og:image:width\" content=\"1000\" \/>\n\t<meta property=\"og:image:height\" content=\"1000\" \/>\n\t<meta property=\"og:image:type\" content=\"image\/jpeg\" \/>\n<meta name=\"twitter:card\" content=\"summary_large_image\" \/>\n<meta name=\"twitter:label1\" content=\"Est. reading time\" \/>\n\t<meta name=\"twitter:data1\" content=\"2 minutes\" \/>\n<script type=\"application\/ld+json\" class=\"yoast-schema-graph\">{\"@context\":\"https:\/\/schema.org\",\"@graph\":[{\"@type\":\"WebPage\",\"@id\":\"https:\/\/autravail.ca\/product\/botte-de-travail-6%e2%80%b3-royer-metatarse-2076xp\/\",\"url\":\"https:\/\/autravail.ca\/product\/botte-de-travail-6%e2%80%b3-royer-metatarse-2076xp\/\",\"name\":\"Botte de travail 6\u2033 Royer M\u00e9tatarse - 2076XP - Le Magasin Industriel\",\"isPartOf\":{\"@id\":\"https:\/\/autravail.ca\/#website\"},\"primaryImageOfPage\":{\"@id\":\"https:\/\/autravail.ca\/product\/botte-de-travail-6%e2%80%b3-royer-metatarse-2076xp\/#primaryimage\"},\"image\":{\"@id\":\"https:\/\/autravail.ca\/product\/botte-de-travail-6%e2%80%b3-royer-metatarse-2076xp\/#primaryimage\"},\"thumbnailUrl\":\"https:\/\/autravail.ca\/wp-content\/uploads\/2025\/05\/2076XP_A01.jpg\",\"datePublished\":\"2025-05-08T06:14:16+00:00\",\"dateModified\":\"2026-01-29T17:21:12+00:00\",\"description\":\"Botte de travail 6\u2033 Royer M\u00e9tatarse - 2076XP pour homme de 6 pouces homologu\u00e9es CSA protection m\u00e9tatarsienne avec embout en acier.\",\"breadcrumb\":{\"@id\":\"https:\/\/autravail.ca\/product\/botte-de-travail-6%e2%80%b3-royer-metatarse-2076xp\/#breadcrumb\"},\"inLanguage\":\"en-CA\",\"potentialAction\":[{\"@type\":\"ReadAction\",\"target\":[\"https:\/\/autravail.ca\/product\/botte-de-travail-6%e2%80%b3-royer-metatarse-2076xp\/\"]}]},{\"@type\":\"ImageObject\",\"inLanguage\":\"en-CA\",\"@id\":\"https:\/\/autravail.ca\/product\/botte-de-travail-6%e2%80%b3-royer-metatarse-2076xp\/#primaryimage\",\"url\":\"https:\/\/autravail.ca\/wp-content\/uploads\/2025\/05\/2076XP_A01.jpg\",\"contentUrl\":\"https:\/\/autravail.ca\/wp-content\/uploads\/2025\/05\/2076XP_A01.jpg\",\"width\":1000,\"height\":1000,\"caption\":\"Botte de travail 6\u2033 Royer M\u00e9tatarse - 2076XP\"},{\"@type\":\"BreadcrumbList\",\"@id\":\"https:\/\/autravail.ca\/product\/botte-de-travail-6%e2%80%b3-royer-metatarse-2076xp\/#breadcrumb\",\"itemListElement\":[{\"@type\":\"ListItem\",\"position\":1,\"name\":\"Accueil\",\"item\":\"https:\/\/autravail.ca\/\"},{\"@type\":\"ListItem\",\"position\":2,\"name\":\"Magasin\",\"item\":\"https:\/\/autravail.ca\/en\/shop\/\"},{\"@type\":\"ListItem\",\"position\":3,\"name\":\"Botte de travail 6\u2033 Royer M\u00e9tatarse &#8211; 2076XP\"}]},{\"@type\":\"WebSite\",\"@id\":\"https:\/\/autravail.ca\/#website\",\"url\":\"https:\/\/autravail.ca\/\",\"name\":\"Le Magasin Industriel\",\"description\":\"50 ans de tradition de s\u00e9curit\u00e9 au travail\",\"publisher\":{\"@id\":\"https:\/\/autravail.ca\/#organization\"},\"potentialAction\":[{\"@type\":\"SearchAction\",\"target\":{\"@type\":\"EntryPoint\",\"urlTemplate\":\"https:\/\/autravail.ca\/?s={search_term_string}\"},\"query-input\":{\"@type\":\"PropertyValueSpecification\",\"valueRequired\":true,\"valueName\":\"search_term_string\"}}],\"inLanguage\":\"en-CA\"},{\"@type\":\"Organization\",\"@id\":\"https:\/\/autravail.ca\/#organization\",\"name\":\"Le Magasin Industriel\",\"url\":\"https:\/\/autravail.ca\/\",\"logo\":{\"@type\":\"ImageObject\",\"inLanguage\":\"en-CA\",\"@id\":\"https:\/\/autravail.ca\/#\/schema\/logo\/image\/\",\"url\":\"https:\/\/autravail.ca\/wp-content\/uploads\/2025\/05\/cropped-magasin_industriel_120x.avif\",\"contentUrl\":\"https:\/\/autravail.ca\/wp-content\/uploads\/2025\/05\/cropped-magasin_industriel_120x.avif\",\"width\":120,\"height\":24,\"caption\":\"Le Magasin Industriel\"},\"image\":{\"@id\":\"https:\/\/autravail.ca\/#\/schema\/logo\/image\/\"},\"sameAs\":[\"https:\/\/www.facebook.com\/lemagasinindustriel\/?locale=fr_FR\"]}]}<\/script>\n<!-- \/ Yoast SEO plugin. -->","yoast_head_json":{"title":"Botte de travail 6\u2033 Royer M\u00e9tatarse - 2076XP - Le Magasin Industriel","description":"Botte de travail 6\u2033 Royer M\u00e9tatarse - 2076XP pour homme de 6 pouces homologu\u00e9es CSA protection m\u00e9tatarsienne avec embout en acier.","robots":{"index":"index","follow":"follow","max-snippet":"max-snippet:-1","max-image-preview":"max-image-preview:large","max-video-preview":"max-video-preview:-1"},"canonical":"https:\/\/autravail.ca\/en\/product\/botte-de-travail-6\u2033-royer-metatarse-2076xp\/","og_locale":"en_US","og_type":"article","og_title":"Botte de travail 6\u2033 Royer M\u00e9tatarse - 2076XP - Le Magasin Industriel","og_description":"Botte de travail 6\u2033 Royer M\u00e9tatarse - 2076XP pour homme de 6 pouces homologu\u00e9es CSA protection m\u00e9tatarsienne avec embout en acier.","og_url":"https:\/\/autravail.ca\/en\/product\/botte-de-travail-6\u2033-royer-metatarse-2076xp\/","og_site_name":"Le Magasin Industriel","article_publisher":"https:\/\/www.facebook.com\/lemagasinindustriel\/?locale=fr_FR","article_modified_time":"2026-01-29T17:21:12+00:00","og_image":[{"width":1000,"height":1000,"url":"https:\/\/autravail.ca\/wp-content\/uploads\/2025\/05\/2076XP_A01.jpg","type":"image\/jpeg"}],"twitter_card":"summary_large_image","twitter_misc":{"Est. reading time":"2 minutes"},"schema":{"@context":"https:\/\/schema.org","@graph":[{"@type":"WebPage","@id":"https:\/\/autravail.ca\/product\/botte-de-travail-6%e2%80%b3-royer-metatarse-2076xp\/","url":"https:\/\/autravail.ca\/product\/botte-de-travail-6%e2%80%b3-royer-metatarse-2076xp\/","name":"Botte de travail 6\u2033 Royer M\u00e9tatarse - 2076XP - Le Magasin Industriel","isPartOf":{"@id":"https:\/\/autravail.ca\/#website"},"primaryImageOfPage":{"@id":"https:\/\/autravail.ca\/product\/botte-de-travail-6%e2%80%b3-royer-metatarse-2076xp\/#primaryimage"},"image":{"@id":"https:\/\/autravail.ca\/product\/botte-de-travail-6%e2%80%b3-royer-metatarse-2076xp\/#primaryimage"},"thumbnailUrl":"https:\/\/autravail.ca\/wp-content\/uploads\/2025\/05\/2076XP_A01.jpg","datePublished":"2025-05-08T06:14:16+00:00","dateModified":"2026-01-29T17:21:12+00:00","description":"Botte de travail 6\u2033 Royer M\u00e9tatarse - 2076XP pour homme de 6 pouces homologu\u00e9es CSA protection m\u00e9tatarsienne avec embout en acier.","breadcrumb":{"@id":"https:\/\/autravail.ca\/product\/botte-de-travail-6%e2%80%b3-royer-metatarse-2076xp\/#breadcrumb"},"inLanguage":"en-CA","potentialAction":[{"@type":"ReadAction","target":["https:\/\/autravail.ca\/product\/botte-de-travail-6%e2%80%b3-royer-metatarse-2076xp\/"]}]},{"@type":"ImageObject","inLanguage":"en-CA","@id":"https:\/\/autravail.ca\/product\/botte-de-travail-6%e2%80%b3-royer-metatarse-2076xp\/#primaryimage","url":"https:\/\/autravail.ca\/wp-content\/uploads\/2025\/05\/2076XP_A01.jpg","contentUrl":"https:\/\/autravail.ca\/wp-content\/uploads\/2025\/05\/2076XP_A01.jpg","width":1000,"height":1000,"caption":"Botte de travail 6\u2033 Royer M\u00e9tatarse - 2076XP"},{"@type":"BreadcrumbList","@id":"https:\/\/autravail.ca\/product\/botte-de-travail-6%e2%80%b3-royer-metatarse-2076xp\/#breadcrumb","itemListElement":[{"@type":"ListItem","position":1,"name":"Accueil","item":"https:\/\/autravail.ca\/"},{"@type":"ListItem","position":2,"name":"Magasin","item":"https:\/\/autravail.ca\/en\/shop\/"},{"@type":"ListItem","position":3,"name":"Botte de travail 6\u2033 Royer M\u00e9tatarse &#8211; 2076XP"}]},{"@type":"WebSite","@id":"https:\/\/autravail.ca\/#website","url":"https:\/\/autravail.ca\/","name":"Le Magasin Industriel","description":"50 ans de tradition de s\u00e9curit\u00e9 au travail","publisher":{"@id":"https:\/\/autravail.ca\/#organization"},"potentialAction":[{"@type":"SearchAction","target":{"@type":"EntryPoint","urlTemplate":"https:\/\/autravail.ca\/?s={search_term_string}"},"query-input":{"@type":"PropertyValueSpecification","valueRequired":true,"valueName":"search_term_string"}}],"inLanguage":"en-CA"},{"@type":"Organization","@id":"https:\/\/autravail.ca\/#organization","name":"Le Magasin Industriel","url":"https:\/\/autravail.ca\/","logo":{"@type":"ImageObject","inLanguage":"en-CA","@id":"https:\/\/autravail.ca\/#\/schema\/logo\/image\/","url":"https:\/\/autravail.ca\/wp-content\/uploads\/2025\/05\/cropped-magasin_industriel_120x.avif","contentUrl":"https:\/\/autravail.ca\/wp-content\/uploads\/2025\/05\/cropped-magasin_industriel_120x.avif","width":120,"height":24,"caption":"Le Magasin Industriel"},"image":{"@id":"https:\/\/autravail.ca\/#\/schema\/logo\/image\/"},"sameAs":["https:\/\/www.facebook.com\/lemagasinindustriel\/?locale=fr_FR"]}]}},"jetpack_sharing_enabled":true,"_links":{"self":[{"href":"https:\/\/autravail.ca\/en\/wp-json\/wp\/v2\/product\/26003","targetHints":{"allow":["GET"]}}],"collection":[{"href":"https:\/\/autravail.ca\/en\/wp-json\/wp\/v2\/product"}],"about":[{"href":"https:\/\/autravail.ca\/en\/wp-json\/wp\/v2\/types\/product"}],"replies":[{"embeddable":true,"href":"https:\/\/autravail.ca\/en\/wp-json\/wp\/v2\/comments?post=26003"}],"wp:featuredmedia":[{"embeddable":true,"href":"https:\/\/autravail.ca\/en\/wp-json\/wp\/v2\/media\/8846"}],"wp:attachment":[{"href":"https:\/\/autravail.ca\/en\/wp-json\/wp\/v2\/media?parent=26003"}],"wp:term":[{"taxonomy":"product_cat","embeddable":true,"href":"https:\/\/autravail.ca\/en\/wp-json\/wp\/v2\/product_cat?post=26003"},{"taxonomy":"product_tag","embeddable":true,"href":"https:\/\/autravail.ca\/en\/wp-json\/wp\/v2\/product_tag?post=26003"}],"curies":[{"name":"wp","href":"https:\/\/api.w.org\/{rel}","templated":true}]}}