{"id":25913,"date":"2025-05-08T06:13:56","date_gmt":"2025-05-08T06:13:56","guid":{"rendered":"https:\/\/meteoquebec.ca\/?post_type=product&#038;p=25913"},"modified":"2025-12-30T11:52:22","modified_gmt":"2025-12-30T15:52:22","slug":"botte-de-travail-royer-2033xp","status":"publish","type":"product","link":"https:\/\/autravail.ca\/en\/product\/botte-de-travail-royer-2033xp\/","title":{"rendered":"Botte de travail Royer &#8211; 2033XP"},"content":{"rendered":"<h3>Botte de travail Royer &#8211; 2033XP<\/h3>\n<p>Pens\u00e9s pour les travailleurs exigeants, la botte de travail <a href=\"https:\/\/autravail.ca\/en\/product-brand\/royer\/\">Royer<\/a> &#8211; 2033XP est un mod\u00e8le de 8 pouces robuste, sp\u00e9cifiquement con\u00e7u pour les environnements industriels exigeants comme la m\u00e9tallurgie et les fonderies. Fabriqu\u00e9e au Canada, elle se distingue par sa r\u00e9sistance accrue \u00e0 la chaleur et aux flammes.<\/p>\n<p><img decoding=\"async\" class=\"alignnone size-full wp-image-40117\" src=\"https:\/\/autravail.ca\/wp-content\/uploads\/2025\/09\/Certification-Omega-Triangle-vert.jpg\" alt=\"Certifications Om\u00e9ga Triangle vert\" width=\"193\" height=\"110\" srcset=\"https:\/\/autravail.ca\/wp-content\/uploads\/2025\/09\/Certification-Omega-Triangle-vert.jpg 193w, https:\/\/autravail.ca\/wp-content\/uploads\/2025\/09\/Certification-Omega-Triangle-vert-150x85.jpg 150w, https:\/\/autravail.ca\/wp-content\/uploads\/2025\/09\/Certification-Omega-Triangle-vert-18x10.jpg 18w\" sizes=\"(max-width: 193px) 100vw, 193px\" \/><\/p>\n<div class=\"Fsg96\" data-sfc-cp=\"\" data-processed=\"true\" data-complete=\"true\"><\/div>\n<h6 class=\"otQkpb\" role=\"heading\" aria-level=\"3\" data-processed=\"true\" data-complete=\"true\">Caract\u00e9ristiques de S\u00e9curit\u00e9:<\/h6>\n<ul class=\"KsbFXc U6u95\" data-complete=\"true\" data-processed=\"true\">\n<li>Double density Arrow XPAN rubber sole, oil resistant<\/li>\n<li>offering superior adherence and energy absorption<\/li>\n<li>Embout d\u2019acier tremp\u00e9.<\/li>\n<li data-hveid=\"CAEIBRAE\" data-complete=\"true\" data-sae=\"\"><span class=\"T286Pc\" data-sfc-cp=\"\" data-complete=\"true\">Cambrion : Acier \u00e0 double nervure pour un soutien accru de la vo\u00fbte plantaire.<\/span><\/li>\n<li>Lenzi non-metallic anti-perforation sole.<\/li>\n<li>dielectric sole<\/li>\n<li>Exterior metatarsal protector<\/li>\n<li>Kevlar Thread<\/li>\n<li>Full flower of 2.0 mm<\/li>\n<li data-hveid=\"CAEIBRAH\" data-complete=\"true\" data-sae=\"\"><span class=\"T286Pc\" data-sfc-cp=\"\" data-complete=\"true\">Semelle de propret\u00e9 :\u00a0Mod\u00e8le\u00a0Poliyou\u00ae (Tundra), offrant respirabilit\u00e9 et propri\u00e9t\u00e9s antimicrobiennes.<\/span><\/li>\n<li>Isofix liner<\/li>\n<\/ul>\n<h6 class=\"otQkpb\" role=\"heading\" aria-level=\"3\" data-processed=\"true\" data-complete=\"true\">Confort et Mat\u00e9riaux:<\/h6>\n<ul class=\"KsbFXc U6u95\" data-complete=\"true\" data-processed=\"true\">\n<li data-hveid=\"CAEIBxAA\" data-complete=\"true\" data-sae=\"\"><span class=\"T286Pc\" data-sfc-cp=\"\" data-complete=\"true\">La semelle ext\u00e9rieure <strong class=\"Yjhzub\" data-complete=\"true\">ARROW<\/strong>\u00a0utilise la technologie XPAN \u00e0 double densit\u00e9, offrant \u00e0 la fois une excellente adh\u00e9rence (r\u00e9sistance \u00e0 l&rsquo;huile) et une absorption sup\u00e9rieure des chocs.<\/span><\/li>\n<li data-hveid=\"CAEIBxAB\" data-complete=\"true\" data-sae=\"\"><span class=\"T286Pc\" data-sfc-cp=\"\" data-complete=\"true\">Fabriqu\u00e9e en cuir pleine fleur r\u00e9sistant \u00e0 l&rsquo;eau.<\/span><\/li>\n<li data-hveid=\"CAEIBxAC\" data-complete=\"true\" data-sae=\"\"><span class=\"T286Pc\" data-sfc-cp=\"\" data-complete=\"true\">Int\u00e8gre une doublure non tiss\u00e9e <strong class=\"Yjhzub\" data-complete=\"true\">ISOFIX<\/strong>\u00a0et une semelle de propret\u00e9\u00a0<strong class=\"Yjhzub\" data-complete=\"true\">Poliyou<\/strong>\u00a0(parfois appel\u00e9e Poliyou Tundra) qui laisse respirer le pied tout en absorbant les chocs.<\/span><\/li>\n<\/ul>\n<p><em><span style=\"color: #fa0b0b;\">Unisex U.S. men's sizes presented. To convert to U.S. women's size, add 2 sizes. Example: 5 U.S. men = 7 U.S. women<\/span><\/em><\/p>\n<p><img decoding=\"async\" class=\"alignnone wp-image-40620\" src=\"https:\/\/autravail.ca\/wp-content\/uploads\/2025\/09\/Jachete-quebec-et-canada.jpg\" alt=\"Logo de l'achat local\" width=\"162\" height=\"139\" \/>Merci d&rsquo;encourager une entreprise 100% d&rsquo;ici!<\/p>\n<p>TS3012H<\/p>","protected":false},"excerpt":{"rendered":"<p>Botte de travail Royer &#8211; 2033XP Pens\u00e9s pour les travailleurs exigeants, la botte de travail Royer &#8211; 2033XP est un mod\u00e8le de 8 pouces robuste, sp\u00e9cifiquement con\u00e7u pour les environnements industriels exigeants comme la m\u00e9tallurgie et les fonderies. Fabriqu\u00e9e au Canada, elle se distingue par sa r\u00e9sistance accrue \u00e0 la chaleur et aux flammes. Caract\u00e9ristiques [&hellip;]<\/p>","protected":false},"featured_media":8731,"comment_status":"open","ping_status":"closed","template":"","meta":[],"product_cat":[613,798,626],"product_tag":[251,265,252,242,253],"class_list":{"0":"post-25913","1":"product","2":"type-product","3":"status-publish","4":"has-post-thumbnail","6":"product_brand-royer","7":"product_cat-bottes-de-travail","8":"product_cat-metatarse","9":"product_cat-protection-metatarsienne","10":"product_tag-bottes-de-travail","11":"product_tag-chaussures-specialisees","12":"product_tag-electric-shock-resistant","13":"product_tag-homme","14":"product_tag-sole-protection","16":"first","17":"instock","18":"taxable","19":"shipping-taxable","20":"purchasable","21":"product-type-variable"},"yoast_head":"<!-- This site is optimized with the Yoast SEO plugin v25.3.1 - https:\/\/yoast.com\/wordpress\/plugins\/seo\/ -->\n<title>Botte de travail Royer - 2033XP - Le Magasin Industriel<\/title>\n<meta name=\"description\" content=\"Botte de travail Royer - 2033XP, m\u00e9tal en fusion, id\u00e9al pour m\u00e9tallurgie et les fonderies, r\u00e9sistance \u00e0 la chaleur, m\u00e9tatarse externe\" \/>\n<meta name=\"robots\" content=\"index, follow, max-snippet:-1, max-image-preview:large, max-video-preview:-1\" \/>\n<link rel=\"canonical\" href=\"https:\/\/autravail.ca\/en\/product\/botte-de-travail-royer-2033xp\/\" \/>\n<meta property=\"og:locale\" content=\"en_US\" \/>\n<meta property=\"og:type\" content=\"article\" \/>\n<meta property=\"og:title\" content=\"Botte de travail Royer - 2033XP - Le Magasin Industriel\" \/>\n<meta property=\"og:description\" content=\"Botte de travail Royer - 2033XP, m\u00e9tal en fusion, id\u00e9al pour m\u00e9tallurgie et les fonderies, r\u00e9sistance \u00e0 la chaleur, m\u00e9tatarse externe\" \/>\n<meta property=\"og:url\" content=\"https:\/\/autravail.ca\/en\/product\/botte-de-travail-royer-2033xp\/\" \/>\n<meta property=\"og:site_name\" content=\"Le Magasin Industriel\" \/>\n<meta property=\"article:publisher\" content=\"https:\/\/www.facebook.com\/lemagasinindustriel\/?locale=fr_FR\" \/>\n<meta property=\"article:modified_time\" content=\"2025-12-30T15:52:22+00:00\" \/>\n<meta property=\"og:image\" content=\"https:\/\/autravail.ca\/wp-content\/uploads\/2025\/05\/2033xpb_a.jpg\" \/>\n\t<meta property=\"og:image:width\" content=\"1100\" \/>\n\t<meta property=\"og:image:height\" content=\"1100\" \/>\n\t<meta property=\"og:image:type\" content=\"image\/jpeg\" \/>\n<meta name=\"twitter:card\" content=\"summary_large_image\" \/>\n<meta name=\"twitter:label1\" content=\"Est. reading time\" \/>\n\t<meta name=\"twitter:data1\" content=\"2 minutes\" \/>\n<script type=\"application\/ld+json\" class=\"yoast-schema-graph\">{\"@context\":\"https:\/\/schema.org\",\"@graph\":[{\"@type\":\"WebPage\",\"@id\":\"https:\/\/autravail.ca\/product\/botte-de-travail-royer-2033xp\/\",\"url\":\"https:\/\/autravail.ca\/product\/botte-de-travail-royer-2033xp\/\",\"name\":\"Botte de travail Royer - 2033XP - Le Magasin Industriel\",\"isPartOf\":{\"@id\":\"https:\/\/autravail.ca\/#website\"},\"primaryImageOfPage\":{\"@id\":\"https:\/\/autravail.ca\/product\/botte-de-travail-royer-2033xp\/#primaryimage\"},\"image\":{\"@id\":\"https:\/\/autravail.ca\/product\/botte-de-travail-royer-2033xp\/#primaryimage\"},\"thumbnailUrl\":\"https:\/\/autravail.ca\/wp-content\/uploads\/2025\/05\/2033xpb_a.jpg\",\"datePublished\":\"2025-05-08T06:13:56+00:00\",\"dateModified\":\"2025-12-30T15:52:22+00:00\",\"description\":\"Botte de travail Royer - 2033XP, m\u00e9tal en fusion, id\u00e9al pour m\u00e9tallurgie et les fonderies, r\u00e9sistance \u00e0 la chaleur, m\u00e9tatarse externe\",\"breadcrumb\":{\"@id\":\"https:\/\/autravail.ca\/product\/botte-de-travail-royer-2033xp\/#breadcrumb\"},\"inLanguage\":\"en-CA\",\"potentialAction\":[{\"@type\":\"ReadAction\",\"target\":[\"https:\/\/autravail.ca\/product\/botte-de-travail-royer-2033xp\/\"]}]},{\"@type\":\"ImageObject\",\"inLanguage\":\"en-CA\",\"@id\":\"https:\/\/autravail.ca\/product\/botte-de-travail-royer-2033xp\/#primaryimage\",\"url\":\"https:\/\/autravail.ca\/wp-content\/uploads\/2025\/05\/2033xpb_a.jpg\",\"contentUrl\":\"https:\/\/autravail.ca\/wp-content\/uploads\/2025\/05\/2033xpb_a.jpg\",\"width\":1100,\"height\":1100},{\"@type\":\"BreadcrumbList\",\"@id\":\"https:\/\/autravail.ca\/product\/botte-de-travail-royer-2033xp\/#breadcrumb\",\"itemListElement\":[{\"@type\":\"ListItem\",\"position\":1,\"name\":\"Accueil\",\"item\":\"https:\/\/autravail.ca\/\"},{\"@type\":\"ListItem\",\"position\":2,\"name\":\"Magasin\",\"item\":\"https:\/\/autravail.ca\/en\/shop\/\"},{\"@type\":\"ListItem\",\"position\":3,\"name\":\"Botte de travail Royer &#8211; 2033XP\"}]},{\"@type\":\"WebSite\",\"@id\":\"https:\/\/autravail.ca\/#website\",\"url\":\"https:\/\/autravail.ca\/\",\"name\":\"Le Magasin Industriel\",\"description\":\"50 ans de tradition de s\u00e9curit\u00e9 au travail\",\"publisher\":{\"@id\":\"https:\/\/autravail.ca\/#organization\"},\"potentialAction\":[{\"@type\":\"SearchAction\",\"target\":{\"@type\":\"EntryPoint\",\"urlTemplate\":\"https:\/\/autravail.ca\/?s={search_term_string}\"},\"query-input\":{\"@type\":\"PropertyValueSpecification\",\"valueRequired\":true,\"valueName\":\"search_term_string\"}}],\"inLanguage\":\"en-CA\"},{\"@type\":\"Organization\",\"@id\":\"https:\/\/autravail.ca\/#organization\",\"name\":\"Le Magasin Industriel\",\"url\":\"https:\/\/autravail.ca\/\",\"logo\":{\"@type\":\"ImageObject\",\"inLanguage\":\"en-CA\",\"@id\":\"https:\/\/autravail.ca\/#\/schema\/logo\/image\/\",\"url\":\"https:\/\/autravail.ca\/wp-content\/uploads\/2025\/05\/cropped-magasin_industriel_120x.avif\",\"contentUrl\":\"https:\/\/autravail.ca\/wp-content\/uploads\/2025\/05\/cropped-magasin_industriel_120x.avif\",\"width\":120,\"height\":24,\"caption\":\"Le Magasin Industriel\"},\"image\":{\"@id\":\"https:\/\/autravail.ca\/#\/schema\/logo\/image\/\"},\"sameAs\":[\"https:\/\/www.facebook.com\/lemagasinindustriel\/?locale=fr_FR\"]}]}<\/script>\n<!-- \/ Yoast SEO plugin. -->","yoast_head_json":{"title":"Botte de travail Royer - 2033XP - Le Magasin Industriel","description":"Botte de travail Royer - 2033XP, m\u00e9tal en fusion, id\u00e9al pour m\u00e9tallurgie et les fonderies, r\u00e9sistance \u00e0 la chaleur, m\u00e9tatarse externe","robots":{"index":"index","follow":"follow","max-snippet":"max-snippet:-1","max-image-preview":"max-image-preview:large","max-video-preview":"max-video-preview:-1"},"canonical":"https:\/\/autravail.ca\/en\/product\/botte-de-travail-royer-2033xp\/","og_locale":"en_US","og_type":"article","og_title":"Botte de travail Royer - 2033XP - Le Magasin Industriel","og_description":"Botte de travail Royer - 2033XP, m\u00e9tal en fusion, id\u00e9al pour m\u00e9tallurgie et les fonderies, r\u00e9sistance \u00e0 la chaleur, m\u00e9tatarse externe","og_url":"https:\/\/autravail.ca\/en\/product\/botte-de-travail-royer-2033xp\/","og_site_name":"Le Magasin Industriel","article_publisher":"https:\/\/www.facebook.com\/lemagasinindustriel\/?locale=fr_FR","article_modified_time":"2025-12-30T15:52:22+00:00","og_image":[{"width":1100,"height":1100,"url":"https:\/\/autravail.ca\/wp-content\/uploads\/2025\/05\/2033xpb_a.jpg","type":"image\/jpeg"}],"twitter_card":"summary_large_image","twitter_misc":{"Est. reading time":"2 minutes"},"schema":{"@context":"https:\/\/schema.org","@graph":[{"@type":"WebPage","@id":"https:\/\/autravail.ca\/product\/botte-de-travail-royer-2033xp\/","url":"https:\/\/autravail.ca\/product\/botte-de-travail-royer-2033xp\/","name":"Botte de travail Royer - 2033XP - Le Magasin Industriel","isPartOf":{"@id":"https:\/\/autravail.ca\/#website"},"primaryImageOfPage":{"@id":"https:\/\/autravail.ca\/product\/botte-de-travail-royer-2033xp\/#primaryimage"},"image":{"@id":"https:\/\/autravail.ca\/product\/botte-de-travail-royer-2033xp\/#primaryimage"},"thumbnailUrl":"https:\/\/autravail.ca\/wp-content\/uploads\/2025\/05\/2033xpb_a.jpg","datePublished":"2025-05-08T06:13:56+00:00","dateModified":"2025-12-30T15:52:22+00:00","description":"Botte de travail Royer - 2033XP, m\u00e9tal en fusion, id\u00e9al pour m\u00e9tallurgie et les fonderies, r\u00e9sistance \u00e0 la chaleur, m\u00e9tatarse externe","breadcrumb":{"@id":"https:\/\/autravail.ca\/product\/botte-de-travail-royer-2033xp\/#breadcrumb"},"inLanguage":"en-CA","potentialAction":[{"@type":"ReadAction","target":["https:\/\/autravail.ca\/product\/botte-de-travail-royer-2033xp\/"]}]},{"@type":"ImageObject","inLanguage":"en-CA","@id":"https:\/\/autravail.ca\/product\/botte-de-travail-royer-2033xp\/#primaryimage","url":"https:\/\/autravail.ca\/wp-content\/uploads\/2025\/05\/2033xpb_a.jpg","contentUrl":"https:\/\/autravail.ca\/wp-content\/uploads\/2025\/05\/2033xpb_a.jpg","width":1100,"height":1100},{"@type":"BreadcrumbList","@id":"https:\/\/autravail.ca\/product\/botte-de-travail-royer-2033xp\/#breadcrumb","itemListElement":[{"@type":"ListItem","position":1,"name":"Accueil","item":"https:\/\/autravail.ca\/"},{"@type":"ListItem","position":2,"name":"Magasin","item":"https:\/\/autravail.ca\/en\/shop\/"},{"@type":"ListItem","position":3,"name":"Botte de travail Royer &#8211; 2033XP"}]},{"@type":"WebSite","@id":"https:\/\/autravail.ca\/#website","url":"https:\/\/autravail.ca\/","name":"Le Magasin Industriel","description":"50 ans de tradition de s\u00e9curit\u00e9 au travail","publisher":{"@id":"https:\/\/autravail.ca\/#organization"},"potentialAction":[{"@type":"SearchAction","target":{"@type":"EntryPoint","urlTemplate":"https:\/\/autravail.ca\/?s={search_term_string}"},"query-input":{"@type":"PropertyValueSpecification","valueRequired":true,"valueName":"search_term_string"}}],"inLanguage":"en-CA"},{"@type":"Organization","@id":"https:\/\/autravail.ca\/#organization","name":"Le Magasin Industriel","url":"https:\/\/autravail.ca\/","logo":{"@type":"ImageObject","inLanguage":"en-CA","@id":"https:\/\/autravail.ca\/#\/schema\/logo\/image\/","url":"https:\/\/autravail.ca\/wp-content\/uploads\/2025\/05\/cropped-magasin_industriel_120x.avif","contentUrl":"https:\/\/autravail.ca\/wp-content\/uploads\/2025\/05\/cropped-magasin_industriel_120x.avif","width":120,"height":24,"caption":"Le Magasin Industriel"},"image":{"@id":"https:\/\/autravail.ca\/#\/schema\/logo\/image\/"},"sameAs":["https:\/\/www.facebook.com\/lemagasinindustriel\/?locale=fr_FR"]}]}},"jetpack_sharing_enabled":true,"_links":{"self":[{"href":"https:\/\/autravail.ca\/en\/wp-json\/wp\/v2\/product\/25913","targetHints":{"allow":["GET"]}}],"collection":[{"href":"https:\/\/autravail.ca\/en\/wp-json\/wp\/v2\/product"}],"about":[{"href":"https:\/\/autravail.ca\/en\/wp-json\/wp\/v2\/types\/product"}],"replies":[{"embeddable":true,"href":"https:\/\/autravail.ca\/en\/wp-json\/wp\/v2\/comments?post=25913"}],"wp:featuredmedia":[{"embeddable":true,"href":"https:\/\/autravail.ca\/en\/wp-json\/wp\/v2\/media\/8731"}],"wp:attachment":[{"href":"https:\/\/autravail.ca\/en\/wp-json\/wp\/v2\/media?parent=25913"}],"wp:term":[{"taxonomy":"product_cat","embeddable":true,"href":"https:\/\/autravail.ca\/en\/wp-json\/wp\/v2\/product_cat?post=25913"},{"taxonomy":"product_tag","embeddable":true,"href":"https:\/\/autravail.ca\/en\/wp-json\/wp\/v2\/product_tag?post=25913"}],"curies":[{"name":"wp","href":"https:\/\/api.w.org\/{rel}","templated":true}]}}