{"id":25793,"date":"2025-05-08T06:13:32","date_gmt":"2025-05-08T06:13:32","guid":{"rendered":"https:\/\/meteoquebec.ca\/?post_type=product&#038;p=25793"},"modified":"2025-12-05T05:12:00","modified_gmt":"2025-12-05T09:12:00","slug":"royer-botte-de-travail-xpan-2012xp","status":"publish","type":"product","link":"https:\/\/autravail.ca\/en\/product\/royer-botte-de-travail-xpan-2012xp\/","title":{"rendered":"Royer Botte de travail &#8211; Xpan 2012XP"},"content":{"rendered":"<h3><a href=\"\/en\/product-brand\/royer\/\">Royer<\/a> Botte de travail &#8211; Xpan 2012XP<\/h3>\n<p>Royer Botte de travail &#8211; Xpan 2012XP pour hommes de 8 pouces, homologu\u00e9es CSA, r\u00e9sistantes aux perforations, avec embout en acier.<\/p>\n<p><img decoding=\"async\" class=\"alignnone size-full wp-image-40117\" src=\"https:\/\/autravail.ca\/wp-content\/uploads\/2025\/09\/Certification-Omega-Triangle-vert.jpg\" alt=\"Certifications Om\u00e9ga Triangle vert\" width=\"193\" height=\"110\" srcset=\"https:\/\/autravail.ca\/wp-content\/uploads\/2025\/09\/Certification-Omega-Triangle-vert.jpg 193w, https:\/\/autravail.ca\/wp-content\/uploads\/2025\/09\/Certification-Omega-Triangle-vert-150x85.jpg 150w, https:\/\/autravail.ca\/wp-content\/uploads\/2025\/09\/Certification-Omega-Triangle-vert-18x10.jpg 18w\" sizes=\"(max-width: 193px) 100vw, 193px\" \/><\/p>\n<p>&nbsp;<\/p>\n<div class=\"product-information-feature-header\">\n<h6 class=\"mb-4\"><span dir=\"auto\">Caract\u00e9ristiques du produit<\/span><\/h6>\n<\/div>\n<ul>\n<li style=\"list-style-type: none;\">\n<ul class=\"temp-feature-list royer-temp-feature-list\">\n<li><span dir=\"auto\">Botte de 8 pouces fabriqu\u00e9e au Canada<\/span><\/li>\n<li><span dir=\"auto\">Cuir pleine fleur imperm\u00e9able<\/span><\/li>\n<li><span dir=\"auto\">Semelle int\u00e9rieure non m\u00e9tallique r\u00e9sistante aux perforations<\/span><\/li>\n<li><span dir=\"auto\">Technologie XPAN en caoutchouc double densit\u00e9<\/span><\/li>\n<li><span dir=\"auto\">Flexible<\/span><\/li>\n<li><span dir=\"auto\">Steel Protection Bracket<\/span><\/li>\n<li><span dir=\"auto\">Semelle int\u00e9rieure V2000<\/span><\/li>\n<li><span dir=\"auto\">Doublure ISOFIX non tiss\u00e9e<\/span><\/li>\n<li><span dir=\"auto\">Electrical Risks Protection<\/span><\/li>\n<\/ul>\n<\/li>\n<\/ul>\n<p>Technologies<\/p>\n<p><span dir=\"auto\">Semelle ext\u00e9rieure vulcanis\u00e9e haute performance<\/span><\/p>\n<p><span dir=\"auto\">Semelle XPAN\u00ae<\/span><\/p>\n<p><span dir=\"auto\">Exclusif \u00e0 ROYER\u00ae en Am\u00e9rique du Nord, XPAN\u00ae combine la durabilit\u00e9 du caoutchouc dense avec l&rsquo;absorption des chocs et le confort du caoutchouc expans\u00e9, offrant une semelle flexible et haute performance.<\/span><\/p>\n<p>&nbsp;<\/p>","protected":false},"excerpt":{"rendered":"<p>Royer Botte de travail &#8211; Xpan 2012XP Royer Botte de travail &#8211; Xpan 2012XP pour hommes de 8 pouces, homologu\u00e9es CSA, r\u00e9sistantes aux perforations, avec embout en acier. &nbsp; Caract\u00e9ristiques du produit Botte de 8 pouces fabriqu\u00e9e au Canada Cuir pleine fleur imperm\u00e9able Semelle int\u00e9rieure non m\u00e9tallique r\u00e9sistante aux perforations Technologie XPAN en caoutchouc double [&hellip;]<\/p>","protected":false},"featured_media":8594,"comment_status":"open","ping_status":"closed","template":"","meta":[],"product_cat":[613,602],"product_tag":[251,252,242,253],"class_list":{"0":"post-25793","1":"product","2":"type-product","3":"status-publish","4":"has-post-thumbnail","6":"product_brand-royer","7":"product_cat-bottes-de-travail","8":"product_cat-hommes","9":"product_tag-bottes-de-travail","10":"product_tag-electric-shock-resistant","11":"product_tag-homme","12":"product_tag-sole-protection","14":"first","15":"outofstock","16":"taxable","17":"shipping-taxable","18":"purchasable","19":"product-type-variable"},"yoast_head":"<!-- This site is optimized with the Yoast SEO plugin v25.3.1 - https:\/\/yoast.com\/wordpress\/plugins\/seo\/ -->\n<title>Royer Botte de travail - Xpan 2012XP - Le Magasin Industriel<\/title>\n<meta name=\"description\" content=\"Royer Botte de travail - Xpan 2012XP pour homme de 8 pouces homologu\u00e9es CSA r\u00e9sistantes aux perforations avec embout d&#039;acier\" \/>\n<meta name=\"robots\" content=\"index, follow, max-snippet:-1, max-image-preview:large, max-video-preview:-1\" \/>\n<link rel=\"canonical\" href=\"https:\/\/autravail.ca\/en\/product\/royer-botte-de-travail-xpan-2012xp\/\" \/>\n<meta property=\"og:locale\" content=\"en_US\" \/>\n<meta property=\"og:type\" content=\"article\" \/>\n<meta property=\"og:title\" content=\"Royer Botte de travail - Xpan 2012XP - Le Magasin Industriel\" \/>\n<meta property=\"og:description\" content=\"Royer Botte de travail - Xpan 2012XP pour homme de 8 pouces homologu\u00e9es CSA r\u00e9sistantes aux perforations avec embout d&#039;acier\" \/>\n<meta property=\"og:url\" content=\"https:\/\/autravail.ca\/en\/product\/royer-botte-de-travail-xpan-2012xp\/\" \/>\n<meta property=\"og:site_name\" content=\"Le Magasin Industriel\" \/>\n<meta property=\"article:publisher\" content=\"https:\/\/www.facebook.com\/lemagasinindustriel\/?locale=fr_FR\" \/>\n<meta property=\"article:modified_time\" content=\"2025-12-05T09:12:00+00:00\" \/>\n<meta property=\"og:image\" content=\"https:\/\/autravail.ca\/wp-content\/uploads\/2025\/05\/2012XP_A01.jpg\" \/>\n\t<meta property=\"og:image:width\" content=\"1000\" \/>\n\t<meta property=\"og:image:height\" content=\"1000\" \/>\n\t<meta property=\"og:image:type\" content=\"image\/jpeg\" \/>\n<meta name=\"twitter:card\" content=\"summary_large_image\" \/>\n<meta name=\"twitter:label1\" content=\"Est. reading time\" \/>\n\t<meta name=\"twitter:data1\" content=\"1 minute\" \/>\n<script type=\"application\/ld+json\" class=\"yoast-schema-graph\">{\"@context\":\"https:\/\/schema.org\",\"@graph\":[{\"@type\":\"WebPage\",\"@id\":\"https:\/\/autravail.ca\/product\/royer-botte-de-travail-xpan-2012xp\/\",\"url\":\"https:\/\/autravail.ca\/product\/royer-botte-de-travail-xpan-2012xp\/\",\"name\":\"Royer Botte de travail - Xpan 2012XP - Le Magasin Industriel\",\"isPartOf\":{\"@id\":\"https:\/\/autravail.ca\/#website\"},\"primaryImageOfPage\":{\"@id\":\"https:\/\/autravail.ca\/product\/royer-botte-de-travail-xpan-2012xp\/#primaryimage\"},\"image\":{\"@id\":\"https:\/\/autravail.ca\/product\/royer-botte-de-travail-xpan-2012xp\/#primaryimage\"},\"thumbnailUrl\":\"https:\/\/autravail.ca\/wp-content\/uploads\/2025\/05\/2012XP_A01.jpg\",\"datePublished\":\"2025-05-08T06:13:32+00:00\",\"dateModified\":\"2025-12-05T09:12:00+00:00\",\"description\":\"Royer Botte de travail - Xpan 2012XP pour homme de 8 pouces homologu\u00e9es CSA r\u00e9sistantes aux perforations avec embout d'acier\",\"breadcrumb\":{\"@id\":\"https:\/\/autravail.ca\/product\/royer-botte-de-travail-xpan-2012xp\/#breadcrumb\"},\"inLanguage\":\"en-CA\",\"potentialAction\":[{\"@type\":\"ReadAction\",\"target\":[\"https:\/\/autravail.ca\/product\/royer-botte-de-travail-xpan-2012xp\/\"]}]},{\"@type\":\"ImageObject\",\"inLanguage\":\"en-CA\",\"@id\":\"https:\/\/autravail.ca\/product\/royer-botte-de-travail-xpan-2012xp\/#primaryimage\",\"url\":\"https:\/\/autravail.ca\/wp-content\/uploads\/2025\/05\/2012XP_A01.jpg\",\"contentUrl\":\"https:\/\/autravail.ca\/wp-content\/uploads\/2025\/05\/2012XP_A01.jpg\",\"width\":1000,\"height\":1000},{\"@type\":\"BreadcrumbList\",\"@id\":\"https:\/\/autravail.ca\/product\/royer-botte-de-travail-xpan-2012xp\/#breadcrumb\",\"itemListElement\":[{\"@type\":\"ListItem\",\"position\":1,\"name\":\"Accueil\",\"item\":\"https:\/\/autravail.ca\/\"},{\"@type\":\"ListItem\",\"position\":2,\"name\":\"Magasin\",\"item\":\"https:\/\/autravail.ca\/en\/shop\/\"},{\"@type\":\"ListItem\",\"position\":3,\"name\":\"Royer Botte de travail &#8211; Xpan 2012XP\"}]},{\"@type\":\"WebSite\",\"@id\":\"https:\/\/autravail.ca\/#website\",\"url\":\"https:\/\/autravail.ca\/\",\"name\":\"Le Magasin Industriel\",\"description\":\"50 ans de tradition de s\u00e9curit\u00e9 au travail\",\"publisher\":{\"@id\":\"https:\/\/autravail.ca\/#organization\"},\"potentialAction\":[{\"@type\":\"SearchAction\",\"target\":{\"@type\":\"EntryPoint\",\"urlTemplate\":\"https:\/\/autravail.ca\/?s={search_term_string}\"},\"query-input\":{\"@type\":\"PropertyValueSpecification\",\"valueRequired\":true,\"valueName\":\"search_term_string\"}}],\"inLanguage\":\"en-CA\"},{\"@type\":\"Organization\",\"@id\":\"https:\/\/autravail.ca\/#organization\",\"name\":\"Le Magasin Industriel\",\"url\":\"https:\/\/autravail.ca\/\",\"logo\":{\"@type\":\"ImageObject\",\"inLanguage\":\"en-CA\",\"@id\":\"https:\/\/autravail.ca\/#\/schema\/logo\/image\/\",\"url\":\"https:\/\/autravail.ca\/wp-content\/uploads\/2025\/05\/cropped-magasin_industriel_120x.avif\",\"contentUrl\":\"https:\/\/autravail.ca\/wp-content\/uploads\/2025\/05\/cropped-magasin_industriel_120x.avif\",\"width\":120,\"height\":24,\"caption\":\"Le Magasin Industriel\"},\"image\":{\"@id\":\"https:\/\/autravail.ca\/#\/schema\/logo\/image\/\"},\"sameAs\":[\"https:\/\/www.facebook.com\/lemagasinindustriel\/?locale=fr_FR\"]}]}<\/script>\n<!-- \/ Yoast SEO plugin. -->","yoast_head_json":{"title":"Royer Botte de travail - Xpan 2012XP - Le Magasin Industriel","description":"Royer Botte de travail - Xpan 2012XP pour homme de 8 pouces homologu\u00e9es CSA r\u00e9sistantes aux perforations avec embout d'acier","robots":{"index":"index","follow":"follow","max-snippet":"max-snippet:-1","max-image-preview":"max-image-preview:large","max-video-preview":"max-video-preview:-1"},"canonical":"https:\/\/autravail.ca\/en\/product\/royer-botte-de-travail-xpan-2012xp\/","og_locale":"en_US","og_type":"article","og_title":"Royer Botte de travail - Xpan 2012XP - Le Magasin Industriel","og_description":"Royer Botte de travail - Xpan 2012XP pour homme de 8 pouces homologu\u00e9es CSA r\u00e9sistantes aux perforations avec embout d'acier","og_url":"https:\/\/autravail.ca\/en\/product\/royer-botte-de-travail-xpan-2012xp\/","og_site_name":"Le Magasin Industriel","article_publisher":"https:\/\/www.facebook.com\/lemagasinindustriel\/?locale=fr_FR","article_modified_time":"2025-12-05T09:12:00+00:00","og_image":[{"width":1000,"height":1000,"url":"https:\/\/autravail.ca\/wp-content\/uploads\/2025\/05\/2012XP_A01.jpg","type":"image\/jpeg"}],"twitter_card":"summary_large_image","twitter_misc":{"Est. reading time":"1 minute"},"schema":{"@context":"https:\/\/schema.org","@graph":[{"@type":"WebPage","@id":"https:\/\/autravail.ca\/product\/royer-botte-de-travail-xpan-2012xp\/","url":"https:\/\/autravail.ca\/product\/royer-botte-de-travail-xpan-2012xp\/","name":"Royer Botte de travail - Xpan 2012XP - Le Magasin Industriel","isPartOf":{"@id":"https:\/\/autravail.ca\/#website"},"primaryImageOfPage":{"@id":"https:\/\/autravail.ca\/product\/royer-botte-de-travail-xpan-2012xp\/#primaryimage"},"image":{"@id":"https:\/\/autravail.ca\/product\/royer-botte-de-travail-xpan-2012xp\/#primaryimage"},"thumbnailUrl":"https:\/\/autravail.ca\/wp-content\/uploads\/2025\/05\/2012XP_A01.jpg","datePublished":"2025-05-08T06:13:32+00:00","dateModified":"2025-12-05T09:12:00+00:00","description":"Royer Botte de travail - Xpan 2012XP pour homme de 8 pouces homologu\u00e9es CSA r\u00e9sistantes aux perforations avec embout d'acier","breadcrumb":{"@id":"https:\/\/autravail.ca\/product\/royer-botte-de-travail-xpan-2012xp\/#breadcrumb"},"inLanguage":"en-CA","potentialAction":[{"@type":"ReadAction","target":["https:\/\/autravail.ca\/product\/royer-botte-de-travail-xpan-2012xp\/"]}]},{"@type":"ImageObject","inLanguage":"en-CA","@id":"https:\/\/autravail.ca\/product\/royer-botte-de-travail-xpan-2012xp\/#primaryimage","url":"https:\/\/autravail.ca\/wp-content\/uploads\/2025\/05\/2012XP_A01.jpg","contentUrl":"https:\/\/autravail.ca\/wp-content\/uploads\/2025\/05\/2012XP_A01.jpg","width":1000,"height":1000},{"@type":"BreadcrumbList","@id":"https:\/\/autravail.ca\/product\/royer-botte-de-travail-xpan-2012xp\/#breadcrumb","itemListElement":[{"@type":"ListItem","position":1,"name":"Accueil","item":"https:\/\/autravail.ca\/"},{"@type":"ListItem","position":2,"name":"Magasin","item":"https:\/\/autravail.ca\/en\/shop\/"},{"@type":"ListItem","position":3,"name":"Royer Botte de travail &#8211; Xpan 2012XP"}]},{"@type":"WebSite","@id":"https:\/\/autravail.ca\/#website","url":"https:\/\/autravail.ca\/","name":"Le Magasin Industriel","description":"50 ans de tradition de s\u00e9curit\u00e9 au travail","publisher":{"@id":"https:\/\/autravail.ca\/#organization"},"potentialAction":[{"@type":"SearchAction","target":{"@type":"EntryPoint","urlTemplate":"https:\/\/autravail.ca\/?s={search_term_string}"},"query-input":{"@type":"PropertyValueSpecification","valueRequired":true,"valueName":"search_term_string"}}],"inLanguage":"en-CA"},{"@type":"Organization","@id":"https:\/\/autravail.ca\/#organization","name":"Le Magasin Industriel","url":"https:\/\/autravail.ca\/","logo":{"@type":"ImageObject","inLanguage":"en-CA","@id":"https:\/\/autravail.ca\/#\/schema\/logo\/image\/","url":"https:\/\/autravail.ca\/wp-content\/uploads\/2025\/05\/cropped-magasin_industriel_120x.avif","contentUrl":"https:\/\/autravail.ca\/wp-content\/uploads\/2025\/05\/cropped-magasin_industriel_120x.avif","width":120,"height":24,"caption":"Le Magasin Industriel"},"image":{"@id":"https:\/\/autravail.ca\/#\/schema\/logo\/image\/"},"sameAs":["https:\/\/www.facebook.com\/lemagasinindustriel\/?locale=fr_FR"]}]}},"jetpack_sharing_enabled":true,"_links":{"self":[{"href":"https:\/\/autravail.ca\/en\/wp-json\/wp\/v2\/product\/25793","targetHints":{"allow":["GET"]}}],"collection":[{"href":"https:\/\/autravail.ca\/en\/wp-json\/wp\/v2\/product"}],"about":[{"href":"https:\/\/autravail.ca\/en\/wp-json\/wp\/v2\/types\/product"}],"replies":[{"embeddable":true,"href":"https:\/\/autravail.ca\/en\/wp-json\/wp\/v2\/comments?post=25793"}],"wp:featuredmedia":[{"embeddable":true,"href":"https:\/\/autravail.ca\/en\/wp-json\/wp\/v2\/media\/8594"}],"wp:attachment":[{"href":"https:\/\/autravail.ca\/en\/wp-json\/wp\/v2\/media?parent=25793"}],"wp:term":[{"taxonomy":"product_cat","embeddable":true,"href":"https:\/\/autravail.ca\/en\/wp-json\/wp\/v2\/product_cat?post=25793"},{"taxonomy":"product_tag","embeddable":true,"href":"https:\/\/autravail.ca\/en\/wp-json\/wp\/v2\/product_tag?post=25793"}],"curies":[{"name":"wp","href":"https:\/\/api.w.org\/{rel}","templated":true}]}}