{"id":25704,"date":"2025-05-08T06:13:13","date_gmt":"2025-05-08T06:13:13","guid":{"rendered":"https:\/\/meteoquebec.ca\/?post_type=product&#038;p=25704"},"modified":"2026-02-13T13:58:08","modified_gmt":"2026-02-13T17:58:08","slug":"botte-de-travail-royer-2008xp","status":"publish","type":"product","link":"https:\/\/autravail.ca\/en\/product\/botte-de-travail-royer-2008xp\/","title":{"rendered":"Botte de travail Royer &#8211; 2008XP"},"content":{"rendered":"<h3>Botte de travail Royer &#8211; 2008XP<\/h3>\n<p>La Botte de travail Royer &#8211; 2008XP est con\u00e7ue pour les professionnels exigeants. Elle mesure 8 pouces et est fabriqu\u00e9e au Canada. Son cuir nubuck est imperm\u00e9able et tr\u00e8s r\u00e9sistant. L\u2019embout d\u2019acier prot\u00e8ge contre les impacts et compressions. La semelle antiperforation non m\u00e9tallique assure une s\u00e9curit\u00e9 optimale. La semelle XPAN\u00ae absorbe les chocs et reste flexible. Le caoutchouc \u00e0 double densit\u00e9 offre confort et durabilit\u00e9. La semelle ARROWMC am\u00e9liore l\u2019adh\u00e9rence sur les surfaces vari\u00e9es. La semelle int\u00e9rieure V2000MC est amovible et confortable. Cette botte prot\u00e8ge contre les chocs \u00e9lectriques jusqu\u2019\u00e0 18 kV. Elle respecte les normes CSA Z195-14 et ASTM F2413-18. Le design est robuste, adapt\u00e9 aux environnements industriels. Elle convient aux travailleurs de la construction et des services publics. Son style sable est discret et professionnel. La fabrication locale garantit un savoir-faire de qualit\u00e9.<\/p>\n<p>Une botte fiable pour affronter les conditions de travail difficiles. <a href=\"https:\/\/autravail.ca\/en\/product-brand\/royer\/\">Royer<\/a> 2008XP allie s\u00e9curit\u00e9, confort et performance certifi\u00e9e.<\/p>\n<p><img decoding=\"async\" class=\"alignnone size-full wp-image-40117\" src=\"https:\/\/autravail.ca\/wp-content\/uploads\/2025\/09\/Certification-Omega-Triangle-vert.jpg\" alt=\"Certifications Om\u00e9ga Triangle vert\" width=\"193\" height=\"110\" srcset=\"https:\/\/autravail.ca\/wp-content\/uploads\/2025\/09\/Certification-Omega-Triangle-vert.jpg 193w, https:\/\/autravail.ca\/wp-content\/uploads\/2025\/09\/Certification-Omega-Triangle-vert-150x85.jpg 150w, https:\/\/autravail.ca\/wp-content\/uploads\/2025\/09\/Certification-Omega-Triangle-vert-18x10.jpg 18w\" sizes=\"(max-width: 193px) 100vw, 193px\" \/><\/p>\n<h4>Characteristics:<\/h4>\n<ul class=\"temp-feature-list royer-temp-feature-list\">\n<li>Botte 8 pouces fabriqu\u00e9e au Canada<\/li>\n<li>Cuir de type \u00ab Nubuck \u00bb r\u00e9sistant \u00e0 l&rsquo;eau<\/li>\n<li>Non-metallic antipercoration<\/li>\n<li>Technologie XPAN de caoutchouc \u00e0 double densit\u00e9<\/li>\n<li>Semelle ARROW flexible<\/li>\n<li>Steel Protection Bracket<\/li>\n<li>Semelle de propret\u00e9 V2000<\/li>\n<li>Doublure de non-tiss\u00e9 ISOFIX<\/li>\n<li>Protection contre les chocs \u00e9lectriques Om\u00e9ga (ESR)<\/li>\n<\/ul>\n<p><img decoding=\"async\" class=\"alignnone wp-image-40620\" src=\"https:\/\/autravail.ca\/wp-content\/uploads\/2025\/09\/Jachete-quebec-et-canada.jpg\" alt=\"Logo de l'achat local\" width=\"162\" height=\"139\" \/>Merci d&rsquo;encourager une entreprise 100% d&rsquo;ici!<\/p>","protected":false},"excerpt":{"rendered":"<p>Botte de travail Royer &#8211; 2008XP La Botte de travail Royer &#8211; 2008XP est con\u00e7ue pour les professionnels exigeants. Elle mesure 8 pouces et est fabriqu\u00e9e au Canada. Son cuir nubuck est imperm\u00e9able et tr\u00e8s r\u00e9sistant. L\u2019embout d\u2019acier prot\u00e8ge contre les impacts et compressions. La semelle antiperforation non m\u00e9tallique assure une s\u00e9curit\u00e9 optimale. La semelle [&hellip;]<\/p>","protected":false},"featured_media":8505,"comment_status":"open","ping_status":"closed","template":"","meta":[],"product_cat":[613,805,811,602],"product_tag":[251,252,242,253],"class_list":{"0":"post-25704","1":"product","2":"type-product","3":"status-publish","4":"has-post-thumbnail","6":"product_brand-royer","7":"product_cat-bottes-de-travail","8":"product_cat-bottes-de-travail-homme","9":"product_cat-chaussures-de-securite","10":"product_cat-hommes","11":"product_tag-bottes-de-travail","12":"product_tag-electric-shock-resistant","13":"product_tag-homme","14":"product_tag-sole-protection","16":"first","17":"instock","18":"taxable","19":"shipping-taxable","20":"purchasable","21":"product-type-variable"},"yoast_head":"<!-- This site is optimized with the Yoast SEO plugin v25.3.1 - https:\/\/yoast.com\/wordpress\/plugins\/seo\/ -->\n<title>Botte de travail Royer - 2008XP - Le Magasin Industriel<\/title>\n<meta name=\"description\" content=\"Botte de travail Royer - 2008XP avec cuir nubuck brun de haute qualit\u00e9. L&#039;un des rares mod\u00e8les CSA \u00e0 \u00eatre 100% produit au canada.\" \/>\n<meta name=\"robots\" content=\"index, follow, max-snippet:-1, max-image-preview:large, max-video-preview:-1\" \/>\n<link rel=\"canonical\" href=\"https:\/\/autravail.ca\/en\/product\/botte-de-travail-royer-2008xp\/\" \/>\n<meta property=\"og:locale\" content=\"en_US\" \/>\n<meta property=\"og:type\" content=\"article\" \/>\n<meta property=\"og:title\" content=\"Botte de travail Royer - 2008XP - Le Magasin Industriel\" \/>\n<meta property=\"og:description\" content=\"Botte de travail Royer - 2008XP avec cuir nubuck brun de haute qualit\u00e9. L&#039;un des rares mod\u00e8les CSA \u00e0 \u00eatre 100% produit au canada.\" \/>\n<meta property=\"og:url\" content=\"https:\/\/autravail.ca\/en\/product\/botte-de-travail-royer-2008xp\/\" \/>\n<meta property=\"og:site_name\" content=\"Le Magasin Industriel\" \/>\n<meta property=\"article:publisher\" content=\"https:\/\/www.facebook.com\/lemagasinindustriel\/?locale=fr_FR\" \/>\n<meta property=\"article:modified_time\" content=\"2026-02-13T17:58:08+00:00\" \/>\n<meta property=\"og:image\" content=\"https:\/\/autravail.ca\/wp-content\/uploads\/2025\/05\/2008XP_A01.jpg\" \/>\n\t<meta property=\"og:image:width\" content=\"1000\" \/>\n\t<meta property=\"og:image:height\" content=\"1000\" \/>\n\t<meta property=\"og:image:type\" content=\"image\/jpeg\" \/>\n<meta name=\"twitter:card\" content=\"summary_large_image\" \/>\n<meta name=\"twitter:label1\" content=\"Est. reading time\" \/>\n\t<meta name=\"twitter:data1\" content=\"2 minutes\" \/>\n<script type=\"application\/ld+json\" class=\"yoast-schema-graph\">{\"@context\":\"https:\/\/schema.org\",\"@graph\":[{\"@type\":\"WebPage\",\"@id\":\"https:\/\/autravail.ca\/product\/botte-de-travail-royer-2008xp\/\",\"url\":\"https:\/\/autravail.ca\/product\/botte-de-travail-royer-2008xp\/\",\"name\":\"Botte de travail Royer - 2008XP - Le Magasin Industriel\",\"isPartOf\":{\"@id\":\"https:\/\/autravail.ca\/#website\"},\"primaryImageOfPage\":{\"@id\":\"https:\/\/autravail.ca\/product\/botte-de-travail-royer-2008xp\/#primaryimage\"},\"image\":{\"@id\":\"https:\/\/autravail.ca\/product\/botte-de-travail-royer-2008xp\/#primaryimage\"},\"thumbnailUrl\":\"https:\/\/autravail.ca\/wp-content\/uploads\/2025\/05\/2008XP_A01.jpg\",\"datePublished\":\"2025-05-08T06:13:13+00:00\",\"dateModified\":\"2026-02-13T17:58:08+00:00\",\"description\":\"Botte de travail Royer - 2008XP avec cuir nubuck brun de haute qualit\u00e9. L'un des rares mod\u00e8les CSA \u00e0 \u00eatre 100% produit au canada.\",\"breadcrumb\":{\"@id\":\"https:\/\/autravail.ca\/product\/botte-de-travail-royer-2008xp\/#breadcrumb\"},\"inLanguage\":\"en-CA\",\"potentialAction\":[{\"@type\":\"ReadAction\",\"target\":[\"https:\/\/autravail.ca\/product\/botte-de-travail-royer-2008xp\/\"]}]},{\"@type\":\"ImageObject\",\"inLanguage\":\"en-CA\",\"@id\":\"https:\/\/autravail.ca\/product\/botte-de-travail-royer-2008xp\/#primaryimage\",\"url\":\"https:\/\/autravail.ca\/wp-content\/uploads\/2025\/05\/2008XP_A01.jpg\",\"contentUrl\":\"https:\/\/autravail.ca\/wp-content\/uploads\/2025\/05\/2008XP_A01.jpg\",\"width\":1000,\"height\":1000,\"caption\":\"Botte de travail Royer - 2008XP\"},{\"@type\":\"BreadcrumbList\",\"@id\":\"https:\/\/autravail.ca\/product\/botte-de-travail-royer-2008xp\/#breadcrumb\",\"itemListElement\":[{\"@type\":\"ListItem\",\"position\":1,\"name\":\"Accueil\",\"item\":\"https:\/\/autravail.ca\/\"},{\"@type\":\"ListItem\",\"position\":2,\"name\":\"Magasin\",\"item\":\"https:\/\/autravail.ca\/en\/shop\/\"},{\"@type\":\"ListItem\",\"position\":3,\"name\":\"Botte de travail Royer &#8211; 2008XP\"}]},{\"@type\":\"WebSite\",\"@id\":\"https:\/\/autravail.ca\/#website\",\"url\":\"https:\/\/autravail.ca\/\",\"name\":\"Le Magasin Industriel\",\"description\":\"50 ans de tradition de s\u00e9curit\u00e9 au travail\",\"publisher\":{\"@id\":\"https:\/\/autravail.ca\/#organization\"},\"potentialAction\":[{\"@type\":\"SearchAction\",\"target\":{\"@type\":\"EntryPoint\",\"urlTemplate\":\"https:\/\/autravail.ca\/?s={search_term_string}\"},\"query-input\":{\"@type\":\"PropertyValueSpecification\",\"valueRequired\":true,\"valueName\":\"search_term_string\"}}],\"inLanguage\":\"en-CA\"},{\"@type\":\"Organization\",\"@id\":\"https:\/\/autravail.ca\/#organization\",\"name\":\"Le Magasin Industriel\",\"url\":\"https:\/\/autravail.ca\/\",\"logo\":{\"@type\":\"ImageObject\",\"inLanguage\":\"en-CA\",\"@id\":\"https:\/\/autravail.ca\/#\/schema\/logo\/image\/\",\"url\":\"https:\/\/autravail.ca\/wp-content\/uploads\/2025\/05\/cropped-magasin_industriel_120x.avif\",\"contentUrl\":\"https:\/\/autravail.ca\/wp-content\/uploads\/2025\/05\/cropped-magasin_industriel_120x.avif\",\"width\":120,\"height\":24,\"caption\":\"Le Magasin Industriel\"},\"image\":{\"@id\":\"https:\/\/autravail.ca\/#\/schema\/logo\/image\/\"},\"sameAs\":[\"https:\/\/www.facebook.com\/lemagasinindustriel\/?locale=fr_FR\"]}]}<\/script>\n<!-- \/ Yoast SEO plugin. -->","yoast_head_json":{"title":"Botte de travail Royer - 2008XP - Le Magasin Industriel","description":"Botte de travail Royer - 2008XP avec cuir nubuck brun de haute qualit\u00e9. L'un des rares mod\u00e8les CSA \u00e0 \u00eatre 100% produit au canada.","robots":{"index":"index","follow":"follow","max-snippet":"max-snippet:-1","max-image-preview":"max-image-preview:large","max-video-preview":"max-video-preview:-1"},"canonical":"https:\/\/autravail.ca\/en\/product\/botte-de-travail-royer-2008xp\/","og_locale":"en_US","og_type":"article","og_title":"Botte de travail Royer - 2008XP - Le Magasin Industriel","og_description":"Botte de travail Royer - 2008XP avec cuir nubuck brun de haute qualit\u00e9. L'un des rares mod\u00e8les CSA \u00e0 \u00eatre 100% produit au canada.","og_url":"https:\/\/autravail.ca\/en\/product\/botte-de-travail-royer-2008xp\/","og_site_name":"Le Magasin Industriel","article_publisher":"https:\/\/www.facebook.com\/lemagasinindustriel\/?locale=fr_FR","article_modified_time":"2026-02-13T17:58:08+00:00","og_image":[{"width":1000,"height":1000,"url":"https:\/\/autravail.ca\/wp-content\/uploads\/2025\/05\/2008XP_A01.jpg","type":"image\/jpeg"}],"twitter_card":"summary_large_image","twitter_misc":{"Est. reading time":"2 minutes"},"schema":{"@context":"https:\/\/schema.org","@graph":[{"@type":"WebPage","@id":"https:\/\/autravail.ca\/product\/botte-de-travail-royer-2008xp\/","url":"https:\/\/autravail.ca\/product\/botte-de-travail-royer-2008xp\/","name":"Botte de travail Royer - 2008XP - Le Magasin Industriel","isPartOf":{"@id":"https:\/\/autravail.ca\/#website"},"primaryImageOfPage":{"@id":"https:\/\/autravail.ca\/product\/botte-de-travail-royer-2008xp\/#primaryimage"},"image":{"@id":"https:\/\/autravail.ca\/product\/botte-de-travail-royer-2008xp\/#primaryimage"},"thumbnailUrl":"https:\/\/autravail.ca\/wp-content\/uploads\/2025\/05\/2008XP_A01.jpg","datePublished":"2025-05-08T06:13:13+00:00","dateModified":"2026-02-13T17:58:08+00:00","description":"Botte de travail Royer - 2008XP avec cuir nubuck brun de haute qualit\u00e9. L'un des rares mod\u00e8les CSA \u00e0 \u00eatre 100% produit au canada.","breadcrumb":{"@id":"https:\/\/autravail.ca\/product\/botte-de-travail-royer-2008xp\/#breadcrumb"},"inLanguage":"en-CA","potentialAction":[{"@type":"ReadAction","target":["https:\/\/autravail.ca\/product\/botte-de-travail-royer-2008xp\/"]}]},{"@type":"ImageObject","inLanguage":"en-CA","@id":"https:\/\/autravail.ca\/product\/botte-de-travail-royer-2008xp\/#primaryimage","url":"https:\/\/autravail.ca\/wp-content\/uploads\/2025\/05\/2008XP_A01.jpg","contentUrl":"https:\/\/autravail.ca\/wp-content\/uploads\/2025\/05\/2008XP_A01.jpg","width":1000,"height":1000,"caption":"Botte de travail Royer - 2008XP"},{"@type":"BreadcrumbList","@id":"https:\/\/autravail.ca\/product\/botte-de-travail-royer-2008xp\/#breadcrumb","itemListElement":[{"@type":"ListItem","position":1,"name":"Accueil","item":"https:\/\/autravail.ca\/"},{"@type":"ListItem","position":2,"name":"Magasin","item":"https:\/\/autravail.ca\/en\/shop\/"},{"@type":"ListItem","position":3,"name":"Botte de travail Royer &#8211; 2008XP"}]},{"@type":"WebSite","@id":"https:\/\/autravail.ca\/#website","url":"https:\/\/autravail.ca\/","name":"Le Magasin Industriel","description":"50 ans de tradition de s\u00e9curit\u00e9 au travail","publisher":{"@id":"https:\/\/autravail.ca\/#organization"},"potentialAction":[{"@type":"SearchAction","target":{"@type":"EntryPoint","urlTemplate":"https:\/\/autravail.ca\/?s={search_term_string}"},"query-input":{"@type":"PropertyValueSpecification","valueRequired":true,"valueName":"search_term_string"}}],"inLanguage":"en-CA"},{"@type":"Organization","@id":"https:\/\/autravail.ca\/#organization","name":"Le Magasin Industriel","url":"https:\/\/autravail.ca\/","logo":{"@type":"ImageObject","inLanguage":"en-CA","@id":"https:\/\/autravail.ca\/#\/schema\/logo\/image\/","url":"https:\/\/autravail.ca\/wp-content\/uploads\/2025\/05\/cropped-magasin_industriel_120x.avif","contentUrl":"https:\/\/autravail.ca\/wp-content\/uploads\/2025\/05\/cropped-magasin_industriel_120x.avif","width":120,"height":24,"caption":"Le Magasin Industriel"},"image":{"@id":"https:\/\/autravail.ca\/#\/schema\/logo\/image\/"},"sameAs":["https:\/\/www.facebook.com\/lemagasinindustriel\/?locale=fr_FR"]}]}},"jetpack_sharing_enabled":true,"_links":{"self":[{"href":"https:\/\/autravail.ca\/en\/wp-json\/wp\/v2\/product\/25704","targetHints":{"allow":["GET"]}}],"collection":[{"href":"https:\/\/autravail.ca\/en\/wp-json\/wp\/v2\/product"}],"about":[{"href":"https:\/\/autravail.ca\/en\/wp-json\/wp\/v2\/types\/product"}],"replies":[{"embeddable":true,"href":"https:\/\/autravail.ca\/en\/wp-json\/wp\/v2\/comments?post=25704"}],"wp:featuredmedia":[{"embeddable":true,"href":"https:\/\/autravail.ca\/en\/wp-json\/wp\/v2\/media\/8505"}],"wp:attachment":[{"href":"https:\/\/autravail.ca\/en\/wp-json\/wp\/v2\/media?parent=25704"}],"wp:term":[{"taxonomy":"product_cat","embeddable":true,"href":"https:\/\/autravail.ca\/en\/wp-json\/wp\/v2\/product_cat?post=25704"},{"taxonomy":"product_tag","embeddable":true,"href":"https:\/\/autravail.ca\/en\/wp-json\/wp\/v2\/product_tag?post=25704"}],"curies":[{"name":"wp","href":"https:\/\/api.w.org\/{rel}","templated":true}]}}