{"id":25703,"date":"2025-05-08T06:13:13","date_gmt":"2025-05-08T06:13:13","guid":{"rendered":"https:\/\/meteoquebec.ca\/?post_type=product&#038;p=25703"},"modified":"2026-01-08T15:06:18","modified_gmt":"2026-01-08T19:06:18","slug":"botte-de-travail-royer-xpan-realfelx-2001xp","status":"publish","type":"product","link":"https:\/\/autravail.ca\/en\/product\/botte-de-travail-royer-xpan-realfelx-2001xp\/","title":{"rendered":"Botte de travail Royer &#8211; Xpan Realfelx 2001XP"},"content":{"rendered":"<h3>Botte de travail Royer &#8211; Xpan Realfelx 2001XP<\/h3>\n<p>Work boots <a href=\"https:\/\/autravail.ca\/en\/product-brand\/royer\/\">Royer<\/a> &#8211; Xpan Realfelx 2001XP est une botte de travail pour hommes de 8 pouces, homologu\u00e9es CSA, r\u00e9sistantes aux perforations, avec embout en acier. La botte <b data-path-to-node=\"0\" data-index-in-node=\"9\">Royer 2001XP<\/b> est un mod\u00e8le iconique de la marque qu\u00e9b\u00e9coise, reconnue pour \u00eatre l&rsquo;une des bottes les plus robustes pour l&rsquo;industrie lourde. Contrairement au mod\u00e8le VC9010 qui est ax\u00e9 sur le froid extr\u00eame, la <b data-path-to-node=\"0\" data-index-in-node=\"217\">2001XP<\/b> est une botte de s\u00e9curit\u00e9 toutes saisons (non isol\u00e9e) con\u00e7ue pour une protection m\u00e9canique maximale.<\/p>\n<p><img decoding=\"async\" class=\"alignnone size-full wp-image-40117\" src=\"https:\/\/autravail.ca\/wp-content\/uploads\/2025\/09\/Certification-Omega-Triangle-vert.jpg\" alt=\"Certifications Om\u00e9ga Triangle vert\" width=\"193\" height=\"110\" srcset=\"https:\/\/autravail.ca\/wp-content\/uploads\/2025\/09\/Certification-Omega-Triangle-vert.jpg 193w, https:\/\/autravail.ca\/wp-content\/uploads\/2025\/09\/Certification-Omega-Triangle-vert-150x85.jpg 150w, https:\/\/autravail.ca\/wp-content\/uploads\/2025\/09\/Certification-Omega-Triangle-vert-18x10.jpg 18w\" sizes=\"(max-width: 193px) 100vw, 193px\" \/><\/p>\n<div class=\"product-information-feature-header\">\n<h6 class=\"mb-4\"><span dir=\"auto\">Caract\u00e9ristiques du produit<\/span><\/h6>\n<\/div>\n<ul class=\"temp-feature-list royer-temp-feature-list\">\n<li><span dir=\"auto\">Botte de 8 pouces fabriqu\u00e9e au Canada<\/span><\/li>\n<li><span dir=\"auto\">Cuir pleine fleur imperm\u00e9able<\/span><\/li>\n<li><span dir=\"auto\">Protecteur m\u00e9tatarsien REALFLEX con\u00e7u pour augmenter le confort lors de la marche ou de l&rsquo;accroupissement<\/span><\/li>\n<li><span dir=\"auto\">Plaque d&rsquo;acier r\u00e9sistante \u00e0 la perforation<\/span><\/li>\n<li><span dir=\"auto\">Semelle int\u00e9rieure non m\u00e9tallique r\u00e9sistante aux perforations<\/span><\/li>\n<li><span dir=\"auto\">Technologie XPAN en caoutchouc double densit\u00e9<\/span><\/li>\n<li><span dir=\"auto\">Flexible<\/span><\/li>\n<li><span dir=\"auto\">Semelle int\u00e9rieure V2000<\/span><\/li>\n<li><span dir=\"auto\">Doublure ISOFIX non tiss\u00e9e<\/span><\/li>\n<li><span dir=\"auto\">Electrical Risks Protection<\/span><\/li>\n<\/ul>\n<h6><span dir=\"auto\">La norme en mati\u00e8re de protection m\u00e9tatarsienne externe<\/span><\/h6>\n<p><span dir=\"auto\">REALFLEX\u2122 offre une protection m\u00e9tatarsienne externe exclusive, offrant une r\u00e9sistance contre les chutes d&rsquo;objets et les impacts tout en conservant une flexibilit\u00e9 naturelle pour marcher, s&rsquo;accroupir ou s&rsquo;agenouiller.<\/span><\/p>\n<h6><span dir=\"auto\">Semelle ext\u00e9rieure vulcanis\u00e9e haute performance<\/span><\/h6>\n<p><span dir=\"auto\">Exclusif \u00e0 ROYER\u00ae en Am\u00e9rique du Nord, XPAN\u00ae combine la durabilit\u00e9 du caoutchouc dense avec l&rsquo;absorption des chocs et le confort du caoutchouc expans\u00e9, offrant une semelle flexible et haute performance.<\/span><\/p>\n<div class=\"cert-itm-wrapper\">\n<div class=\"cert-itm\">\n<div>\n<div><\/div>\n<div>\n<p><em><span style=\"color: #fa0b0b;\">Unisex U.S. men's sizes presented. To convert to U.S. women's size, add 2 sizes. Example: 5 U.S. men = 7 U.S. women<\/span><\/em><\/p>\n<p><img decoding=\"async\" class=\"alignnone wp-image-40620\" src=\"https:\/\/autravail.ca\/wp-content\/uploads\/2025\/09\/Jachete-quebec-et-canada.jpg\" alt=\"Logo de l'achat local\" width=\"162\" height=\"139\" \/>Merci d&rsquo;encourager une entreprise 100% d&rsquo;ici!<\/p>\n<p>TS2601H<\/p>\n<\/div>\n<\/div>\n<\/div>\n<\/div>","protected":false},"excerpt":{"rendered":"<p>Botte de travail Royer &#8211; Xpan Realfelx 2001XP Botte de travail Royer &#8211; Xpan Realfelx 2001XP est une botte de travail pour hommes de 8 pouces, homologu\u00e9es CSA, r\u00e9sistantes aux perforations, avec embout en acier. La botte Royer 2001XP est un mod\u00e8le iconique de la marque qu\u00e9b\u00e9coise, reconnue pour \u00eatre l&rsquo;une des bottes les plus [&hellip;]<\/p>","protected":false},"featured_media":8480,"comment_status":"open","ping_status":"closed","template":"","meta":[],"product_cat":[602],"product_tag":[251,265,252,242,253],"class_list":{"0":"post-25703","1":"product","2":"type-product","3":"status-publish","4":"has-post-thumbnail","6":"product_brand-royer","7":"product_cat-hommes","8":"product_tag-bottes-de-travail","9":"product_tag-chaussures-specialisees","10":"product_tag-electric-shock-resistant","11":"product_tag-homme","12":"product_tag-sole-protection","14":"first","15":"instock","16":"taxable","17":"shipping-taxable","18":"purchasable","19":"product-type-variable"},"yoast_head":"<!-- This site is optimized with the Yoast SEO plugin v25.3.1 - https:\/\/yoast.com\/wordpress\/plugins\/seo\/ -->\n<title>Botte de travail Royer - Xpan Realfelx 2001XP - Le Magasin Industriel<\/title>\n<meta name=\"description\" content=\"Botte de travail Royer - Xpan Realfelx 2001XP pour homme homologu\u00e9es CSA avec m\u00e9tatarse externe, r\u00e9sistantes aux perforations, embout en acier\" \/>\n<meta name=\"robots\" content=\"index, follow, max-snippet:-1, max-image-preview:large, max-video-preview:-1\" \/>\n<link rel=\"canonical\" href=\"https:\/\/autravail.ca\/en\/product\/botte-de-travail-royer-xpan-realfelx-2001xp\/\" \/>\n<meta property=\"og:locale\" content=\"en_US\" \/>\n<meta property=\"og:type\" content=\"article\" \/>\n<meta property=\"og:title\" content=\"Botte de travail Royer - Xpan Realfelx 2001XP - Le Magasin Industriel\" \/>\n<meta property=\"og:description\" content=\"Botte de travail Royer - Xpan Realfelx 2001XP pour homme homologu\u00e9es CSA avec m\u00e9tatarse externe, r\u00e9sistantes aux perforations, embout en acier\" \/>\n<meta property=\"og:url\" content=\"https:\/\/autravail.ca\/en\/product\/botte-de-travail-royer-xpan-realfelx-2001xp\/\" \/>\n<meta property=\"og:site_name\" content=\"Le Magasin Industriel\" \/>\n<meta property=\"article:publisher\" content=\"https:\/\/www.facebook.com\/lemagasinindustriel\/?locale=fr_FR\" \/>\n<meta property=\"article:modified_time\" content=\"2026-01-08T19:06:18+00:00\" \/>\n<meta property=\"og:image\" content=\"https:\/\/autravail.ca\/wp-content\/uploads\/2025\/05\/2001XP_A01.jpg\" \/>\n\t<meta property=\"og:image:width\" content=\"1000\" \/>\n\t<meta property=\"og:image:height\" content=\"1000\" \/>\n\t<meta property=\"og:image:type\" content=\"image\/jpeg\" \/>\n<meta name=\"twitter:card\" content=\"summary_large_image\" \/>\n<meta name=\"twitter:label1\" content=\"Est. reading time\" \/>\n\t<meta name=\"twitter:data1\" content=\"2 minutes\" \/>\n<script type=\"application\/ld+json\" class=\"yoast-schema-graph\">{\"@context\":\"https:\/\/schema.org\",\"@graph\":[{\"@type\":\"WebPage\",\"@id\":\"https:\/\/autravail.ca\/product\/botte-de-travail-royer-xpan-realfelx-2001xp\/\",\"url\":\"https:\/\/autravail.ca\/product\/botte-de-travail-royer-xpan-realfelx-2001xp\/\",\"name\":\"Botte de travail Royer - Xpan Realfelx 2001XP - Le Magasin Industriel\",\"isPartOf\":{\"@id\":\"https:\/\/autravail.ca\/#website\"},\"primaryImageOfPage\":{\"@id\":\"https:\/\/autravail.ca\/product\/botte-de-travail-royer-xpan-realfelx-2001xp\/#primaryimage\"},\"image\":{\"@id\":\"https:\/\/autravail.ca\/product\/botte-de-travail-royer-xpan-realfelx-2001xp\/#primaryimage\"},\"thumbnailUrl\":\"https:\/\/autravail.ca\/wp-content\/uploads\/2025\/05\/2001XP_A01.jpg\",\"datePublished\":\"2025-05-08T06:13:13+00:00\",\"dateModified\":\"2026-01-08T19:06:18+00:00\",\"description\":\"Botte de travail Royer - Xpan Realfelx 2001XP pour homme homologu\u00e9es CSA avec m\u00e9tatarse externe, r\u00e9sistantes aux perforations, embout en acier\",\"breadcrumb\":{\"@id\":\"https:\/\/autravail.ca\/product\/botte-de-travail-royer-xpan-realfelx-2001xp\/#breadcrumb\"},\"inLanguage\":\"en-CA\",\"potentialAction\":[{\"@type\":\"ReadAction\",\"target\":[\"https:\/\/autravail.ca\/product\/botte-de-travail-royer-xpan-realfelx-2001xp\/\"]}]},{\"@type\":\"ImageObject\",\"inLanguage\":\"en-CA\",\"@id\":\"https:\/\/autravail.ca\/product\/botte-de-travail-royer-xpan-realfelx-2001xp\/#primaryimage\",\"url\":\"https:\/\/autravail.ca\/wp-content\/uploads\/2025\/05\/2001XP_A01.jpg\",\"contentUrl\":\"https:\/\/autravail.ca\/wp-content\/uploads\/2025\/05\/2001XP_A01.jpg\",\"width\":1000,\"height\":1000},{\"@type\":\"BreadcrumbList\",\"@id\":\"https:\/\/autravail.ca\/product\/botte-de-travail-royer-xpan-realfelx-2001xp\/#breadcrumb\",\"itemListElement\":[{\"@type\":\"ListItem\",\"position\":1,\"name\":\"Accueil\",\"item\":\"https:\/\/autravail.ca\/\"},{\"@type\":\"ListItem\",\"position\":2,\"name\":\"Magasin\",\"item\":\"https:\/\/autravail.ca\/en\/shop\/\"},{\"@type\":\"ListItem\",\"position\":3,\"name\":\"Botte de travail Royer &#8211; Xpan Realfelx 2001XP\"}]},{\"@type\":\"WebSite\",\"@id\":\"https:\/\/autravail.ca\/#website\",\"url\":\"https:\/\/autravail.ca\/\",\"name\":\"Le Magasin Industriel\",\"description\":\"50 ans de tradition de s\u00e9curit\u00e9 au travail\",\"publisher\":{\"@id\":\"https:\/\/autravail.ca\/#organization\"},\"potentialAction\":[{\"@type\":\"SearchAction\",\"target\":{\"@type\":\"EntryPoint\",\"urlTemplate\":\"https:\/\/autravail.ca\/?s={search_term_string}\"},\"query-input\":{\"@type\":\"PropertyValueSpecification\",\"valueRequired\":true,\"valueName\":\"search_term_string\"}}],\"inLanguage\":\"en-CA\"},{\"@type\":\"Organization\",\"@id\":\"https:\/\/autravail.ca\/#organization\",\"name\":\"Le Magasin Industriel\",\"url\":\"https:\/\/autravail.ca\/\",\"logo\":{\"@type\":\"ImageObject\",\"inLanguage\":\"en-CA\",\"@id\":\"https:\/\/autravail.ca\/#\/schema\/logo\/image\/\",\"url\":\"https:\/\/autravail.ca\/wp-content\/uploads\/2025\/05\/cropped-magasin_industriel_120x.avif\",\"contentUrl\":\"https:\/\/autravail.ca\/wp-content\/uploads\/2025\/05\/cropped-magasin_industriel_120x.avif\",\"width\":120,\"height\":24,\"caption\":\"Le Magasin Industriel\"},\"image\":{\"@id\":\"https:\/\/autravail.ca\/#\/schema\/logo\/image\/\"},\"sameAs\":[\"https:\/\/www.facebook.com\/lemagasinindustriel\/?locale=fr_FR\"]}]}<\/script>\n<!-- \/ Yoast SEO plugin. -->","yoast_head_json":{"title":"Botte de travail Royer - Xpan Realfelx 2001XP - Le Magasin Industriel","description":"Botte de travail Royer - Xpan Realfelx 2001XP pour homme homologu\u00e9es CSA avec m\u00e9tatarse externe, r\u00e9sistantes aux perforations, embout en acier","robots":{"index":"index","follow":"follow","max-snippet":"max-snippet:-1","max-image-preview":"max-image-preview:large","max-video-preview":"max-video-preview:-1"},"canonical":"https:\/\/autravail.ca\/en\/product\/botte-de-travail-royer-xpan-realfelx-2001xp\/","og_locale":"en_US","og_type":"article","og_title":"Botte de travail Royer - Xpan Realfelx 2001XP - Le Magasin Industriel","og_description":"Botte de travail Royer - Xpan Realfelx 2001XP pour homme homologu\u00e9es CSA avec m\u00e9tatarse externe, r\u00e9sistantes aux perforations, embout en acier","og_url":"https:\/\/autravail.ca\/en\/product\/botte-de-travail-royer-xpan-realfelx-2001xp\/","og_site_name":"Le Magasin Industriel","article_publisher":"https:\/\/www.facebook.com\/lemagasinindustriel\/?locale=fr_FR","article_modified_time":"2026-01-08T19:06:18+00:00","og_image":[{"width":1000,"height":1000,"url":"https:\/\/autravail.ca\/wp-content\/uploads\/2025\/05\/2001XP_A01.jpg","type":"image\/jpeg"}],"twitter_card":"summary_large_image","twitter_misc":{"Est. reading time":"2 minutes"},"schema":{"@context":"https:\/\/schema.org","@graph":[{"@type":"WebPage","@id":"https:\/\/autravail.ca\/product\/botte-de-travail-royer-xpan-realfelx-2001xp\/","url":"https:\/\/autravail.ca\/product\/botte-de-travail-royer-xpan-realfelx-2001xp\/","name":"Botte de travail Royer - Xpan Realfelx 2001XP - Le Magasin Industriel","isPartOf":{"@id":"https:\/\/autravail.ca\/#website"},"primaryImageOfPage":{"@id":"https:\/\/autravail.ca\/product\/botte-de-travail-royer-xpan-realfelx-2001xp\/#primaryimage"},"image":{"@id":"https:\/\/autravail.ca\/product\/botte-de-travail-royer-xpan-realfelx-2001xp\/#primaryimage"},"thumbnailUrl":"https:\/\/autravail.ca\/wp-content\/uploads\/2025\/05\/2001XP_A01.jpg","datePublished":"2025-05-08T06:13:13+00:00","dateModified":"2026-01-08T19:06:18+00:00","description":"Botte de travail Royer - Xpan Realfelx 2001XP pour homme homologu\u00e9es CSA avec m\u00e9tatarse externe, r\u00e9sistantes aux perforations, embout en acier","breadcrumb":{"@id":"https:\/\/autravail.ca\/product\/botte-de-travail-royer-xpan-realfelx-2001xp\/#breadcrumb"},"inLanguage":"en-CA","potentialAction":[{"@type":"ReadAction","target":["https:\/\/autravail.ca\/product\/botte-de-travail-royer-xpan-realfelx-2001xp\/"]}]},{"@type":"ImageObject","inLanguage":"en-CA","@id":"https:\/\/autravail.ca\/product\/botte-de-travail-royer-xpan-realfelx-2001xp\/#primaryimage","url":"https:\/\/autravail.ca\/wp-content\/uploads\/2025\/05\/2001XP_A01.jpg","contentUrl":"https:\/\/autravail.ca\/wp-content\/uploads\/2025\/05\/2001XP_A01.jpg","width":1000,"height":1000},{"@type":"BreadcrumbList","@id":"https:\/\/autravail.ca\/product\/botte-de-travail-royer-xpan-realfelx-2001xp\/#breadcrumb","itemListElement":[{"@type":"ListItem","position":1,"name":"Accueil","item":"https:\/\/autravail.ca\/"},{"@type":"ListItem","position":2,"name":"Magasin","item":"https:\/\/autravail.ca\/en\/shop\/"},{"@type":"ListItem","position":3,"name":"Botte de travail Royer &#8211; Xpan Realfelx 2001XP"}]},{"@type":"WebSite","@id":"https:\/\/autravail.ca\/#website","url":"https:\/\/autravail.ca\/","name":"Le Magasin Industriel","description":"50 ans de tradition de s\u00e9curit\u00e9 au travail","publisher":{"@id":"https:\/\/autravail.ca\/#organization"},"potentialAction":[{"@type":"SearchAction","target":{"@type":"EntryPoint","urlTemplate":"https:\/\/autravail.ca\/?s={search_term_string}"},"query-input":{"@type":"PropertyValueSpecification","valueRequired":true,"valueName":"search_term_string"}}],"inLanguage":"en-CA"},{"@type":"Organization","@id":"https:\/\/autravail.ca\/#organization","name":"Le Magasin Industriel","url":"https:\/\/autravail.ca\/","logo":{"@type":"ImageObject","inLanguage":"en-CA","@id":"https:\/\/autravail.ca\/#\/schema\/logo\/image\/","url":"https:\/\/autravail.ca\/wp-content\/uploads\/2025\/05\/cropped-magasin_industriel_120x.avif","contentUrl":"https:\/\/autravail.ca\/wp-content\/uploads\/2025\/05\/cropped-magasin_industriel_120x.avif","width":120,"height":24,"caption":"Le Magasin Industriel"},"image":{"@id":"https:\/\/autravail.ca\/#\/schema\/logo\/image\/"},"sameAs":["https:\/\/www.facebook.com\/lemagasinindustriel\/?locale=fr_FR"]}]}},"jetpack_sharing_enabled":true,"_links":{"self":[{"href":"https:\/\/autravail.ca\/en\/wp-json\/wp\/v2\/product\/25703","targetHints":{"allow":["GET"]}}],"collection":[{"href":"https:\/\/autravail.ca\/en\/wp-json\/wp\/v2\/product"}],"about":[{"href":"https:\/\/autravail.ca\/en\/wp-json\/wp\/v2\/types\/product"}],"replies":[{"embeddable":true,"href":"https:\/\/autravail.ca\/en\/wp-json\/wp\/v2\/comments?post=25703"}],"wp:featuredmedia":[{"embeddable":true,"href":"https:\/\/autravail.ca\/en\/wp-json\/wp\/v2\/media\/8480"}],"wp:attachment":[{"href":"https:\/\/autravail.ca\/en\/wp-json\/wp\/v2\/media?parent=25703"}],"wp:term":[{"taxonomy":"product_cat","embeddable":true,"href":"https:\/\/autravail.ca\/en\/wp-json\/wp\/v2\/product_cat?post=25703"},{"taxonomy":"product_tag","embeddable":true,"href":"https:\/\/autravail.ca\/en\/wp-json\/wp\/v2\/product_tag?post=25703"}],"curies":[{"name":"wp","href":"https:\/\/api.w.org\/{rel}","templated":true}]}}