{"id":25466,"date":"2025-05-08T06:12:12","date_gmt":"2025-05-08T06:12:12","guid":{"rendered":"https:\/\/meteoquebec.ca\/?post_type=product&#038;p=25466"},"modified":"2025-12-05T05:12:04","modified_gmt":"2025-12-05T09:12:04","slug":"14080-botte-de-travail-dynamic","status":"publish","type":"product","link":"https:\/\/autravail.ca\/en\/product\/14080-botte-de-travail-dynamic\/","title":{"rendered":"14080 - WORK boots - DYNAMIC"},"content":{"rendered":"<p>Safety boots, Dynamic - J. B. Goodhue<\/p>\n<ul>\n<li>Exceptional sliding resistance, protection against elements, and trustworthy comfort and durability you can rely on in the dynamic box. From a water-resistant nubuck leather that will keep you warm and dry, an air pocket lining to drain moisture, and a toe guard shock absorber for your safety. The dynamic is completed by an anti-slip high abrasion resistant sole and an oil resistant sole.\n<\/li>\n<li>Water-resistant nubuck\n<\/li>\n<li>Lining for breathable evacuation of moisture.\n<\/li>\n<li>Norwegian motif\n<\/li>\n<li>Leather full language.\n<\/li>\n<li>3E width\n<\/li>\n<li>TPU Bumper Protector for Bumpers\n<\/li>\n<li>Intercalary sole in light and flexible PU\n<\/li>\n<li>Resistant to high wear\n<\/li>\n<li>Exterior sole in anti-slip TPU\n<\/li>\n<\/ul>","protected":false},"excerpt":{"rendered":"<p>Safety boots, Dynamic - J. B. Goodhue Exceptional slip resistance, protection against the elements, and a comfort and durability you can trust in the dynamic coffer. Starting with water-resistant nubuck leather that keeps you warm and dry, an air mesh lining to evacuate moisture, and a [...<\/p>","protected":false},"featured_media":8204,"comment_status":"open","ping_status":"closed","template":"","meta":[],"product_cat":[613],"product_tag":[251,252,242,253],"class_list":{"0":"post-25466","1":"product","2":"type-product","3":"status-publish","4":"has-post-thumbnail","6":"product_brand-jb-goodhue","7":"product_cat-bottes-de-travail","8":"product_tag-bottes-de-travail","9":"product_tag-electric-shock-resistant","10":"product_tag-homme","11":"product_tag-sole-protection","13":"first","14":"instock","15":"taxable","16":"shipping-taxable","17":"purchasable","18":"product-type-variable"},"yoast_head":"<!-- This site is optimized with the Yoast SEO plugin v25.3.1 - https:\/\/yoast.com\/wordpress\/plugins\/seo\/ -->\n<title>14080 - BOTTE DE TRAVAIL - DYNAMIC - Le Magasin Industriel<\/title>\n<meta name=\"robots\" content=\"index, follow, max-snippet:-1, max-image-preview:large, max-video-preview:-1\" \/>\n<link rel=\"canonical\" href=\"https:\/\/autravail.ca\/en\/product\/14080-botte-de-travail-dynamic\/\" \/>\n<meta property=\"og:locale\" content=\"en_US\" \/>\n<meta property=\"og:type\" content=\"article\" \/>\n<meta property=\"og:title\" content=\"14080 - BOTTE DE TRAVAIL - DYNAMIC - Le Magasin Industriel\" \/>\n<meta property=\"og:description\" content=\"Bottine de s\u00e9curit\u00e9, Dynamic &#8211; J. B. Goodhue Exceptionnelle r\u00e9sistance au glissement, protection contre les \u00e9l\u00e9ments, et un confort et une durabilit\u00e9 vous pouvez faire confiance dans le coffre dynamique. A partir d&rsquo;un cuir r\u00e9sistant \u00e0 l&rsquo;eau nubuck qui vous gardera au chaud et au sec, un filet d&rsquo;air doublure pour \u00e9vacuer l&rsquo;humidit\u00e9, et un [&hellip;]\" \/>\n<meta property=\"og:url\" content=\"https:\/\/autravail.ca\/en\/product\/14080-botte-de-travail-dynamic\/\" \/>\n<meta property=\"og:site_name\" content=\"Le Magasin Industriel\" \/>\n<meta property=\"article:publisher\" content=\"https:\/\/www.facebook.com\/lemagasinindustriel\/?locale=fr_FR\" \/>\n<meta property=\"article:modified_time\" content=\"2025-12-05T09:12:04+00:00\" \/>\n<meta property=\"og:image\" content=\"https:\/\/autravail.ca\/wp-content\/uploads\/2025\/05\/14080_a_7c2334d4-aeb2-4f08-bc7c-dbc617e6bfdc.jpg\" \/>\n\t<meta property=\"og:image:width\" content=\"540\" \/>\n\t<meta property=\"og:image:height\" content=\"600\" \/>\n\t<meta property=\"og:image:type\" content=\"image\/jpeg\" \/>\n<meta name=\"twitter:card\" content=\"summary_large_image\" \/>\n<meta name=\"twitter:label1\" content=\"Est. reading time\" \/>\n\t<meta name=\"twitter:data1\" content=\"1 minute\" \/>\n<script type=\"application\/ld+json\" class=\"yoast-schema-graph\">{\"@context\":\"https:\/\/schema.org\",\"@graph\":[{\"@type\":\"WebPage\",\"@id\":\"https:\/\/autravail.ca\/product\/14080-botte-de-travail-dynamic\/\",\"url\":\"https:\/\/autravail.ca\/product\/14080-botte-de-travail-dynamic\/\",\"name\":\"14080 - BOTTE DE TRAVAIL - DYNAMIC - Le Magasin Industriel\",\"isPartOf\":{\"@id\":\"https:\/\/autravail.ca\/#website\"},\"primaryImageOfPage\":{\"@id\":\"https:\/\/autravail.ca\/product\/14080-botte-de-travail-dynamic\/#primaryimage\"},\"image\":{\"@id\":\"https:\/\/autravail.ca\/product\/14080-botte-de-travail-dynamic\/#primaryimage\"},\"thumbnailUrl\":\"https:\/\/autravail.ca\/wp-content\/uploads\/2025\/05\/14080_a_7c2334d4-aeb2-4f08-bc7c-dbc617e6bfdc.jpg\",\"datePublished\":\"2025-05-08T06:12:12+00:00\",\"dateModified\":\"2025-12-05T09:12:04+00:00\",\"breadcrumb\":{\"@id\":\"https:\/\/autravail.ca\/product\/14080-botte-de-travail-dynamic\/#breadcrumb\"},\"inLanguage\":\"en-CA\",\"potentialAction\":[{\"@type\":\"ReadAction\",\"target\":[\"https:\/\/autravail.ca\/product\/14080-botte-de-travail-dynamic\/\"]}]},{\"@type\":\"ImageObject\",\"inLanguage\":\"en-CA\",\"@id\":\"https:\/\/autravail.ca\/product\/14080-botte-de-travail-dynamic\/#primaryimage\",\"url\":\"https:\/\/autravail.ca\/wp-content\/uploads\/2025\/05\/14080_a_7c2334d4-aeb2-4f08-bc7c-dbc617e6bfdc.jpg\",\"contentUrl\":\"https:\/\/autravail.ca\/wp-content\/uploads\/2025\/05\/14080_a_7c2334d4-aeb2-4f08-bc7c-dbc617e6bfdc.jpg\",\"width\":540,\"height\":600},{\"@type\":\"BreadcrumbList\",\"@id\":\"https:\/\/autravail.ca\/product\/14080-botte-de-travail-dynamic\/#breadcrumb\",\"itemListElement\":[{\"@type\":\"ListItem\",\"position\":1,\"name\":\"Accueil\",\"item\":\"https:\/\/autravail.ca\/\"},{\"@type\":\"ListItem\",\"position\":2,\"name\":\"Magasin\",\"item\":\"https:\/\/autravail.ca\/en\/shop\/\"},{\"@type\":\"ListItem\",\"position\":3,\"name\":\"14080 &#8211; BOTTE DE TRAVAIL &#8211; DYNAMIC\"}]},{\"@type\":\"WebSite\",\"@id\":\"https:\/\/autravail.ca\/#website\",\"url\":\"https:\/\/autravail.ca\/\",\"name\":\"Le Magasin Industriel\",\"description\":\"50 ans de tradition de s\u00e9curit\u00e9 au travail\",\"publisher\":{\"@id\":\"https:\/\/autravail.ca\/#organization\"},\"potentialAction\":[{\"@type\":\"SearchAction\",\"target\":{\"@type\":\"EntryPoint\",\"urlTemplate\":\"https:\/\/autravail.ca\/?s={search_term_string}\"},\"query-input\":{\"@type\":\"PropertyValueSpecification\",\"valueRequired\":true,\"valueName\":\"search_term_string\"}}],\"inLanguage\":\"en-CA\"},{\"@type\":\"Organization\",\"@id\":\"https:\/\/autravail.ca\/#organization\",\"name\":\"Le Magasin Industriel\",\"url\":\"https:\/\/autravail.ca\/\",\"logo\":{\"@type\":\"ImageObject\",\"inLanguage\":\"en-CA\",\"@id\":\"https:\/\/autravail.ca\/#\/schema\/logo\/image\/\",\"url\":\"https:\/\/autravail.ca\/wp-content\/uploads\/2025\/05\/cropped-magasin_industriel_120x.avif\",\"contentUrl\":\"https:\/\/autravail.ca\/wp-content\/uploads\/2025\/05\/cropped-magasin_industriel_120x.avif\",\"width\":120,\"height\":24,\"caption\":\"Le Magasin Industriel\"},\"image\":{\"@id\":\"https:\/\/autravail.ca\/#\/schema\/logo\/image\/\"},\"sameAs\":[\"https:\/\/www.facebook.com\/lemagasinindustriel\/?locale=fr_FR\"]}]}<\/script>\n<!-- \/ Yoast SEO plugin. -->","yoast_head_json":{"title":"14080 - BOTTE DE TRAVAIL - DYNAMIC - Le Magasin Industriel","robots":{"index":"index","follow":"follow","max-snippet":"max-snippet:-1","max-image-preview":"max-image-preview:large","max-video-preview":"max-video-preview:-1"},"canonical":"https:\/\/autravail.ca\/en\/product\/14080-botte-de-travail-dynamic\/","og_locale":"en_US","og_type":"article","og_title":"14080 - BOTTE DE TRAVAIL - DYNAMIC - Le Magasin Industriel","og_description":"Bottine de s\u00e9curit\u00e9, Dynamic &#8211; J. B. Goodhue Exceptionnelle r\u00e9sistance au glissement, protection contre les \u00e9l\u00e9ments, et un confort et une durabilit\u00e9 vous pouvez faire confiance dans le coffre dynamique. A partir d&rsquo;un cuir r\u00e9sistant \u00e0 l&rsquo;eau nubuck qui vous gardera au chaud et au sec, un filet d&rsquo;air doublure pour \u00e9vacuer l&rsquo;humidit\u00e9, et un [&hellip;]","og_url":"https:\/\/autravail.ca\/en\/product\/14080-botte-de-travail-dynamic\/","og_site_name":"Le Magasin Industriel","article_publisher":"https:\/\/www.facebook.com\/lemagasinindustriel\/?locale=fr_FR","article_modified_time":"2025-12-05T09:12:04+00:00","og_image":[{"width":540,"height":600,"url":"https:\/\/autravail.ca\/wp-content\/uploads\/2025\/05\/14080_a_7c2334d4-aeb2-4f08-bc7c-dbc617e6bfdc.jpg","type":"image\/jpeg"}],"twitter_card":"summary_large_image","twitter_misc":{"Est. reading time":"1 minute"},"schema":{"@context":"https:\/\/schema.org","@graph":[{"@type":"WebPage","@id":"https:\/\/autravail.ca\/product\/14080-botte-de-travail-dynamic\/","url":"https:\/\/autravail.ca\/product\/14080-botte-de-travail-dynamic\/","name":"14080 - BOTTE DE TRAVAIL - DYNAMIC - Le Magasin Industriel","isPartOf":{"@id":"https:\/\/autravail.ca\/#website"},"primaryImageOfPage":{"@id":"https:\/\/autravail.ca\/product\/14080-botte-de-travail-dynamic\/#primaryimage"},"image":{"@id":"https:\/\/autravail.ca\/product\/14080-botte-de-travail-dynamic\/#primaryimage"},"thumbnailUrl":"https:\/\/autravail.ca\/wp-content\/uploads\/2025\/05\/14080_a_7c2334d4-aeb2-4f08-bc7c-dbc617e6bfdc.jpg","datePublished":"2025-05-08T06:12:12+00:00","dateModified":"2025-12-05T09:12:04+00:00","breadcrumb":{"@id":"https:\/\/autravail.ca\/product\/14080-botte-de-travail-dynamic\/#breadcrumb"},"inLanguage":"en-CA","potentialAction":[{"@type":"ReadAction","target":["https:\/\/autravail.ca\/product\/14080-botte-de-travail-dynamic\/"]}]},{"@type":"ImageObject","inLanguage":"en-CA","@id":"https:\/\/autravail.ca\/product\/14080-botte-de-travail-dynamic\/#primaryimage","url":"https:\/\/autravail.ca\/wp-content\/uploads\/2025\/05\/14080_a_7c2334d4-aeb2-4f08-bc7c-dbc617e6bfdc.jpg","contentUrl":"https:\/\/autravail.ca\/wp-content\/uploads\/2025\/05\/14080_a_7c2334d4-aeb2-4f08-bc7c-dbc617e6bfdc.jpg","width":540,"height":600},{"@type":"BreadcrumbList","@id":"https:\/\/autravail.ca\/product\/14080-botte-de-travail-dynamic\/#breadcrumb","itemListElement":[{"@type":"ListItem","position":1,"name":"Accueil","item":"https:\/\/autravail.ca\/"},{"@type":"ListItem","position":2,"name":"Magasin","item":"https:\/\/autravail.ca\/en\/shop\/"},{"@type":"ListItem","position":3,"name":"14080 &#8211; BOTTE DE TRAVAIL &#8211; DYNAMIC"}]},{"@type":"WebSite","@id":"https:\/\/autravail.ca\/#website","url":"https:\/\/autravail.ca\/","name":"Le Magasin Industriel","description":"50 ans de tradition de s\u00e9curit\u00e9 au travail","publisher":{"@id":"https:\/\/autravail.ca\/#organization"},"potentialAction":[{"@type":"SearchAction","target":{"@type":"EntryPoint","urlTemplate":"https:\/\/autravail.ca\/?s={search_term_string}"},"query-input":{"@type":"PropertyValueSpecification","valueRequired":true,"valueName":"search_term_string"}}],"inLanguage":"en-CA"},{"@type":"Organization","@id":"https:\/\/autravail.ca\/#organization","name":"Le Magasin Industriel","url":"https:\/\/autravail.ca\/","logo":{"@type":"ImageObject","inLanguage":"en-CA","@id":"https:\/\/autravail.ca\/#\/schema\/logo\/image\/","url":"https:\/\/autravail.ca\/wp-content\/uploads\/2025\/05\/cropped-magasin_industriel_120x.avif","contentUrl":"https:\/\/autravail.ca\/wp-content\/uploads\/2025\/05\/cropped-magasin_industriel_120x.avif","width":120,"height":24,"caption":"Le Magasin Industriel"},"image":{"@id":"https:\/\/autravail.ca\/#\/schema\/logo\/image\/"},"sameAs":["https:\/\/www.facebook.com\/lemagasinindustriel\/?locale=fr_FR"]}]}},"jetpack_sharing_enabled":true,"_links":{"self":[{"href":"https:\/\/autravail.ca\/en\/wp-json\/wp\/v2\/product\/25466","targetHints":{"allow":["GET"]}}],"collection":[{"href":"https:\/\/autravail.ca\/en\/wp-json\/wp\/v2\/product"}],"about":[{"href":"https:\/\/autravail.ca\/en\/wp-json\/wp\/v2\/types\/product"}],"replies":[{"embeddable":true,"href":"https:\/\/autravail.ca\/en\/wp-json\/wp\/v2\/comments?post=25466"}],"wp:featuredmedia":[{"embeddable":true,"href":"https:\/\/autravail.ca\/en\/wp-json\/wp\/v2\/media\/8204"}],"wp:attachment":[{"href":"https:\/\/autravail.ca\/en\/wp-json\/wp\/v2\/media?parent=25466"}],"wp:term":[{"taxonomy":"product_cat","embeddable":true,"href":"https:\/\/autravail.ca\/en\/wp-json\/wp\/v2\/product_cat?post=25466"},{"taxonomy":"product_tag","embeddable":true,"href":"https:\/\/autravail.ca\/en\/wp-json\/wp\/v2\/product_tag?post=25466"}],"curies":[{"name":"wp","href":"https:\/\/api.w.org\/{rel}","templated":true}]}}