{"id":25433,"date":"2025-05-08T06:12:01","date_gmt":"2025-05-08T06:12:01","guid":{"rendered":"https:\/\/meteoquebec.ca\/?post_type=product&#038;p=25433"},"modified":"2025-12-05T05:12:04","modified_gmt":"2025-12-05T09:12:04","slug":"12102-bottine-de-travail-ricochet","status":"publish","type":"product","link":"https:\/\/autravail.ca\/en\/product\/12102-bottine-de-travail-ricochet\/","title":{"rendered":"12102 - WORK boots - REBOUNCE"},"content":{"rendered":"<h3>Safety boots, Ricochet - J.B. Goodhue<\/h3>\n<p><\/p>\n<ul>\n<li>Nubuck Leather<\/li>\n<li>External rotation<\/li>\n<li>Composite LENZI plate for more flexibility<\/li>\n<li>Soft Ultra Comfort Sole in PU.<\/li>\n<li>Intercalated light and flexible sole in PU<\/li>\n<li>Exterior outsole with anti-slip TPU resistant to abrasives<\/li>\n<li>CSA Protection, Omega<\/li>\n<\/ul>","protected":false},"excerpt":{"rendered":"<p>Safety boots, Ricochet - J.B Goodhue Nubuck Leather. External Ankle. Composite LENZI plate for more flexibility. Ultra soft PU comfort sole. Light and flexible intermediate PU sole. Outer TPU anti-slip abrasion-resistant sole. CSA, Omega protection<\/p>","protected":false},"featured_media":8148,"comment_status":"open","ping_status":"closed","template":"","meta":[],"product_cat":[613,602,626],"product_tag":[251,252,242,267,253],"class_list":{"0":"post-25433","1":"product","2":"type-product","3":"status-publish","4":"has-post-thumbnail","6":"product_brand-jb-goodhue","7":"product_cat-bottes-de-travail","8":"product_cat-hommes","9":"product_cat-protection-metatarsienne","10":"product_tag-bottes-de-travail","11":"product_tag-electric-shock-resistant","12":"product_tag-homme","13":"product_tag-metatarse-externe","14":"product_tag-sole-protection","16":"first","17":"instock","18":"taxable","19":"shipping-taxable","20":"purchasable","21":"product-type-variable"},"yoast_head":"<!-- This site is optimized with the Yoast SEO plugin v25.3.1 - https:\/\/yoast.com\/wordpress\/plugins\/seo\/ -->\n<title>12102 - BOTTINE DE TRAVAIL - RICOCHET - Le Magasin Industriel<\/title>\n<meta name=\"robots\" content=\"index, follow, max-snippet:-1, max-image-preview:large, max-video-preview:-1\" \/>\n<link rel=\"canonical\" href=\"https:\/\/autravail.ca\/en\/product\/12102-bottine-de-travail-ricochet\/\" \/>\n<meta property=\"og:locale\" content=\"en_US\" \/>\n<meta property=\"og:type\" content=\"article\" \/>\n<meta property=\"og:title\" content=\"12102 - BOTTINE DE TRAVAIL - RICOCHET - Le Magasin Industriel\" \/>\n<meta property=\"og:description\" content=\"Bottine de s\u00e9curit\u00e9, Ricochet &#8211; J.B. Goodhue Cuir Nubuck. M\u00e9tatarse externe. Plaque en composite LENZI pour plus de flexibilit\u00e9. Semelle de confort ultra douce en PU. Semelle intercalaire l\u00e9g\u00e8re et souple en PU. Semelle ext\u00e9rieure en TPU antid\u00e9rapante r\u00e9sistante aux abrasifs. Protection CSA, Om\u00e9ga\" \/>\n<meta property=\"og:url\" content=\"https:\/\/autravail.ca\/en\/product\/12102-bottine-de-travail-ricochet\/\" \/>\n<meta property=\"og:site_name\" content=\"Le Magasin Industriel\" \/>\n<meta property=\"article:publisher\" content=\"https:\/\/www.facebook.com\/lemagasinindustriel\/?locale=fr_FR\" \/>\n<meta property=\"article:modified_time\" content=\"2025-12-05T09:12:04+00:00\" \/>\n<meta property=\"og:image\" content=\"https:\/\/autravail.ca\/wp-content\/uploads\/2025\/05\/12102_A01.jpg\" \/>\n\t<meta property=\"og:image:width\" content=\"1000\" \/>\n\t<meta property=\"og:image:height\" content=\"1000\" \/>\n\t<meta property=\"og:image:type\" content=\"image\/jpeg\" \/>\n<meta name=\"twitter:card\" content=\"summary_large_image\" \/>\n<script type=\"application\/ld+json\" class=\"yoast-schema-graph\">{\"@context\":\"https:\/\/schema.org\",\"@graph\":[{\"@type\":\"WebPage\",\"@id\":\"https:\/\/autravail.ca\/product\/12102-bottine-de-travail-ricochet\/\",\"url\":\"https:\/\/autravail.ca\/product\/12102-bottine-de-travail-ricochet\/\",\"name\":\"12102 - BOTTINE DE TRAVAIL - RICOCHET - Le Magasin Industriel\",\"isPartOf\":{\"@id\":\"https:\/\/autravail.ca\/#website\"},\"primaryImageOfPage\":{\"@id\":\"https:\/\/autravail.ca\/product\/12102-bottine-de-travail-ricochet\/#primaryimage\"},\"image\":{\"@id\":\"https:\/\/autravail.ca\/product\/12102-bottine-de-travail-ricochet\/#primaryimage\"},\"thumbnailUrl\":\"https:\/\/autravail.ca\/wp-content\/uploads\/2025\/05\/12102_A01.jpg\",\"datePublished\":\"2025-05-08T06:12:01+00:00\",\"dateModified\":\"2025-12-05T09:12:04+00:00\",\"breadcrumb\":{\"@id\":\"https:\/\/autravail.ca\/product\/12102-bottine-de-travail-ricochet\/#breadcrumb\"},\"inLanguage\":\"en-CA\",\"potentialAction\":[{\"@type\":\"ReadAction\",\"target\":[\"https:\/\/autravail.ca\/product\/12102-bottine-de-travail-ricochet\/\"]}]},{\"@type\":\"ImageObject\",\"inLanguage\":\"en-CA\",\"@id\":\"https:\/\/autravail.ca\/product\/12102-bottine-de-travail-ricochet\/#primaryimage\",\"url\":\"https:\/\/autravail.ca\/wp-content\/uploads\/2025\/05\/12102_A01.jpg\",\"contentUrl\":\"https:\/\/autravail.ca\/wp-content\/uploads\/2025\/05\/12102_A01.jpg\",\"width\":1000,\"height\":1000},{\"@type\":\"BreadcrumbList\",\"@id\":\"https:\/\/autravail.ca\/product\/12102-bottine-de-travail-ricochet\/#breadcrumb\",\"itemListElement\":[{\"@type\":\"ListItem\",\"position\":1,\"name\":\"Accueil\",\"item\":\"https:\/\/autravail.ca\/\"},{\"@type\":\"ListItem\",\"position\":2,\"name\":\"Magasin\",\"item\":\"https:\/\/autravail.ca\/en\/shop\/\"},{\"@type\":\"ListItem\",\"position\":3,\"name\":\"12102 &#8211; BOTTINE DE TRAVAIL &#8211; RICOCHET\"}]},{\"@type\":\"WebSite\",\"@id\":\"https:\/\/autravail.ca\/#website\",\"url\":\"https:\/\/autravail.ca\/\",\"name\":\"Le Magasin Industriel\",\"description\":\"50 ans de tradition de s\u00e9curit\u00e9 au travail\",\"publisher\":{\"@id\":\"https:\/\/autravail.ca\/#organization\"},\"potentialAction\":[{\"@type\":\"SearchAction\",\"target\":{\"@type\":\"EntryPoint\",\"urlTemplate\":\"https:\/\/autravail.ca\/?s={search_term_string}\"},\"query-input\":{\"@type\":\"PropertyValueSpecification\",\"valueRequired\":true,\"valueName\":\"search_term_string\"}}],\"inLanguage\":\"en-CA\"},{\"@type\":\"Organization\",\"@id\":\"https:\/\/autravail.ca\/#organization\",\"name\":\"Le Magasin Industriel\",\"url\":\"https:\/\/autravail.ca\/\",\"logo\":{\"@type\":\"ImageObject\",\"inLanguage\":\"en-CA\",\"@id\":\"https:\/\/autravail.ca\/#\/schema\/logo\/image\/\",\"url\":\"https:\/\/autravail.ca\/wp-content\/uploads\/2025\/05\/cropped-magasin_industriel_120x.avif\",\"contentUrl\":\"https:\/\/autravail.ca\/wp-content\/uploads\/2025\/05\/cropped-magasin_industriel_120x.avif\",\"width\":120,\"height\":24,\"caption\":\"Le Magasin Industriel\"},\"image\":{\"@id\":\"https:\/\/autravail.ca\/#\/schema\/logo\/image\/\"},\"sameAs\":[\"https:\/\/www.facebook.com\/lemagasinindustriel\/?locale=fr_FR\"]}]}<\/script>\n<!-- \/ Yoast SEO plugin. -->","yoast_head_json":{"title":"12102 - BOTTINE DE TRAVAIL - RICOCHET - Le Magasin Industriel","robots":{"index":"index","follow":"follow","max-snippet":"max-snippet:-1","max-image-preview":"max-image-preview:large","max-video-preview":"max-video-preview:-1"},"canonical":"https:\/\/autravail.ca\/en\/product\/12102-bottine-de-travail-ricochet\/","og_locale":"en_US","og_type":"article","og_title":"12102 - BOTTINE DE TRAVAIL - RICOCHET - Le Magasin Industriel","og_description":"Bottine de s\u00e9curit\u00e9, Ricochet &#8211; J.B. Goodhue Cuir Nubuck. M\u00e9tatarse externe. Plaque en composite LENZI pour plus de flexibilit\u00e9. Semelle de confort ultra douce en PU. Semelle intercalaire l\u00e9g\u00e8re et souple en PU. Semelle ext\u00e9rieure en TPU antid\u00e9rapante r\u00e9sistante aux abrasifs. Protection CSA, Om\u00e9ga","og_url":"https:\/\/autravail.ca\/en\/product\/12102-bottine-de-travail-ricochet\/","og_site_name":"Le Magasin Industriel","article_publisher":"https:\/\/www.facebook.com\/lemagasinindustriel\/?locale=fr_FR","article_modified_time":"2025-12-05T09:12:04+00:00","og_image":[{"width":1000,"height":1000,"url":"https:\/\/autravail.ca\/wp-content\/uploads\/2025\/05\/12102_A01.jpg","type":"image\/jpeg"}],"twitter_card":"summary_large_image","schema":{"@context":"https:\/\/schema.org","@graph":[{"@type":"WebPage","@id":"https:\/\/autravail.ca\/product\/12102-bottine-de-travail-ricochet\/","url":"https:\/\/autravail.ca\/product\/12102-bottine-de-travail-ricochet\/","name":"12102 - BOTTINE DE TRAVAIL - RICOCHET - Le Magasin Industriel","isPartOf":{"@id":"https:\/\/autravail.ca\/#website"},"primaryImageOfPage":{"@id":"https:\/\/autravail.ca\/product\/12102-bottine-de-travail-ricochet\/#primaryimage"},"image":{"@id":"https:\/\/autravail.ca\/product\/12102-bottine-de-travail-ricochet\/#primaryimage"},"thumbnailUrl":"https:\/\/autravail.ca\/wp-content\/uploads\/2025\/05\/12102_A01.jpg","datePublished":"2025-05-08T06:12:01+00:00","dateModified":"2025-12-05T09:12:04+00:00","breadcrumb":{"@id":"https:\/\/autravail.ca\/product\/12102-bottine-de-travail-ricochet\/#breadcrumb"},"inLanguage":"en-CA","potentialAction":[{"@type":"ReadAction","target":["https:\/\/autravail.ca\/product\/12102-bottine-de-travail-ricochet\/"]}]},{"@type":"ImageObject","inLanguage":"en-CA","@id":"https:\/\/autravail.ca\/product\/12102-bottine-de-travail-ricochet\/#primaryimage","url":"https:\/\/autravail.ca\/wp-content\/uploads\/2025\/05\/12102_A01.jpg","contentUrl":"https:\/\/autravail.ca\/wp-content\/uploads\/2025\/05\/12102_A01.jpg","width":1000,"height":1000},{"@type":"BreadcrumbList","@id":"https:\/\/autravail.ca\/product\/12102-bottine-de-travail-ricochet\/#breadcrumb","itemListElement":[{"@type":"ListItem","position":1,"name":"Accueil","item":"https:\/\/autravail.ca\/"},{"@type":"ListItem","position":2,"name":"Magasin","item":"https:\/\/autravail.ca\/en\/shop\/"},{"@type":"ListItem","position":3,"name":"12102 &#8211; BOTTINE DE TRAVAIL &#8211; RICOCHET"}]},{"@type":"WebSite","@id":"https:\/\/autravail.ca\/#website","url":"https:\/\/autravail.ca\/","name":"Le Magasin Industriel","description":"50 ans de tradition de s\u00e9curit\u00e9 au travail","publisher":{"@id":"https:\/\/autravail.ca\/#organization"},"potentialAction":[{"@type":"SearchAction","target":{"@type":"EntryPoint","urlTemplate":"https:\/\/autravail.ca\/?s={search_term_string}"},"query-input":{"@type":"PropertyValueSpecification","valueRequired":true,"valueName":"search_term_string"}}],"inLanguage":"en-CA"},{"@type":"Organization","@id":"https:\/\/autravail.ca\/#organization","name":"Le Magasin Industriel","url":"https:\/\/autravail.ca\/","logo":{"@type":"ImageObject","inLanguage":"en-CA","@id":"https:\/\/autravail.ca\/#\/schema\/logo\/image\/","url":"https:\/\/autravail.ca\/wp-content\/uploads\/2025\/05\/cropped-magasin_industriel_120x.avif","contentUrl":"https:\/\/autravail.ca\/wp-content\/uploads\/2025\/05\/cropped-magasin_industriel_120x.avif","width":120,"height":24,"caption":"Le Magasin Industriel"},"image":{"@id":"https:\/\/autravail.ca\/#\/schema\/logo\/image\/"},"sameAs":["https:\/\/www.facebook.com\/lemagasinindustriel\/?locale=fr_FR"]}]}},"jetpack_sharing_enabled":true,"_links":{"self":[{"href":"https:\/\/autravail.ca\/en\/wp-json\/wp\/v2\/product\/25433","targetHints":{"allow":["GET"]}}],"collection":[{"href":"https:\/\/autravail.ca\/en\/wp-json\/wp\/v2\/product"}],"about":[{"href":"https:\/\/autravail.ca\/en\/wp-json\/wp\/v2\/types\/product"}],"replies":[{"embeddable":true,"href":"https:\/\/autravail.ca\/en\/wp-json\/wp\/v2\/comments?post=25433"}],"wp:featuredmedia":[{"embeddable":true,"href":"https:\/\/autravail.ca\/en\/wp-json\/wp\/v2\/media\/8148"}],"wp:attachment":[{"href":"https:\/\/autravail.ca\/en\/wp-json\/wp\/v2\/media?parent=25433"}],"wp:term":[{"taxonomy":"product_cat","embeddable":true,"href":"https:\/\/autravail.ca\/en\/wp-json\/wp\/v2\/product_cat?post=25433"},{"taxonomy":"product_tag","embeddable":true,"href":"https:\/\/autravail.ca\/en\/wp-json\/wp\/v2\/product_tag?post=25433"}],"curies":[{"name":"wp","href":"https:\/\/api.w.org\/{rel}","templated":true}]}}