{"id":25409,"date":"2025-05-08T06:11:52","date_gmt":"2025-05-08T06:11:52","guid":{"rendered":"https:\/\/meteoquebec.ca\/?post_type=product&#038;p=25409"},"modified":"2026-02-24T17:14:48","modified_gmt":"2026-02-24T21:14:48","slug":"couvre-chaussures-banker-a1190-11","status":"publish","type":"product","link":"https:\/\/autravail.ca\/en\/product\/couvre-chaussures-banker-a1190-11\/","title":{"rendered":"Couvre Chaussures Banker &#8211; A1190-11"},"content":{"rendered":"<h3>Couvre Chaussures Banker &#8211; A1190-11<\/h3>\n<p>Couvre Chaussures Banker &#8211; A1190-11 de <strong class=\"Yjhzub\" data-complete=\"true\" data-processed=\"true\">Acton<\/strong> sont des protections imperm\u00e9ables haut de gamme, con\u00e7ues pour \u00eatre port\u00e9es par-dessus des chaussures de ville ou des chaussures de corps policier afin de les prot\u00e9ger des intemp\u00e9ries tout en prolongeant leur dur\u00e9e de vie. Ce couvre-chaussures de ville en caoutchouc naturel est imperm\u00e9able, r\u00e9sistant, flexible et antid\u00e9rapant et doubl\u00e9 en molleton.<\/p>\n<h6>Characteristics:<\/h6>\n<ul>\n<li>Hauteur : 4&Prime;\u00a0\/\u00a010.2 cm<\/li>\n<li>Fabriqu\u00e9s en caoutchouc naturel 100 % imperm\u00e9able, r\u00e9sistant et flexible.<\/li>\n<li>Dot\u00e9s d&rsquo;une\u00a0<strong class=\"Yjhzub\" data-complete=\"true\">doublure en molleton isolant<\/strong>\u00a0(fleece) qui ajoute une couche de chaleur pour les conditions froides.<\/li>\n<li>\u00c9quip\u00e9s d&rsquo;un\u00a0<strong class=\"Yjhzub\" data-complete=\"true\">talon renforc\u00e9<\/strong>\u00a0pour une durabilit\u00e9 accrue et un meilleur soutien.<\/li>\n<li>L&#8217;empeigne est partiellement recouverte de nylon, ce qui facilite l&rsquo;enfilage et le retrait rapide.<\/li>\n<li>La semelle ext\u00e9rieure offre une excellente traction sur les surfaces urbaines glissantes.<\/li>\n<li>Design urbain discret, con\u00e7u pour s&rsquo;adapter \u00e0 la forme de la plupart des chaussures de ville.<\/li>\n<li>Se nettoie simplement avec un chiffon humide.<\/li>\n<\/ul>\n<p><img decoding=\"async\" class=\"alignnone wp-image-40620\" src=\"https:\/\/autravail.ca\/wp-content\/uploads\/2025\/09\/Jachete-quebec-et-canada.jpg\" alt=\"Logo de l'achat local\" width=\"162\" height=\"139\" \/>Merci d&rsquo;encourager une entreprise 100% d&rsquo;ici!<\/p>\n<p>TS2602H<\/p>","protected":false},"excerpt":{"rendered":"<p>Couvre Chaussures Banker &#8211; A1190-11 Couvre Chaussures Banker &#8211; A1190-11 de Acton sont des protections imperm\u00e9ables haut de gamme, con\u00e7ues pour \u00eatre port\u00e9es par-dessus des chaussures de ville ou des chaussures de corps policier afin de les prot\u00e9ger des intemp\u00e9ries tout en prolongeant leur dur\u00e9e de vie. Ce couvre-chaussures de ville en caoutchouc naturel est [&hellip;]<\/p>","protected":false},"featured_media":44699,"comment_status":"open","ping_status":"closed","template":"","meta":[],"product_cat":[657,709],"product_tag":[292,255,242],"class_list":{"0":"post-25409","1":"product","2":"type-product","3":"status-publish","4":"has-post-thumbnail","6":"product_brand-acton","7":"product_cat-accessoires-de-chaussures","8":"product_cat-couvre-chaussures","9":"product_tag-couvre-chaussures-et-claques","10":"product_tag-femme","11":"product_tag-homme","13":"first","14":"instock","15":"taxable","16":"shipping-taxable","17":"purchasable","18":"product-type-variable"},"yoast_head":"<!-- This site is optimized with the Yoast SEO plugin v25.3.1 - https:\/\/yoast.com\/wordpress\/plugins\/seo\/ -->\n<title>Couvre Chaussures Banker - A1190-11 - Le Magasin Industriel<\/title>\n<meta name=\"description\" content=\"Couvre Chaussures Banker - A1190-11 sont des protections imperm\u00e9ables haut de gamme, con\u00e7ues pour \u00eatre port\u00e9es par-dessus des chaussures\" \/>\n<meta name=\"robots\" content=\"index, follow, max-snippet:-1, max-image-preview:large, max-video-preview:-1\" \/>\n<link rel=\"canonical\" href=\"https:\/\/autravail.ca\/en\/product\/couvre-chaussures-banker-a1190-11\/\" \/>\n<meta property=\"og:locale\" content=\"en_US\" \/>\n<meta property=\"og:type\" content=\"article\" \/>\n<meta property=\"og:title\" content=\"Couvre Chaussures Banker - A1190-11 - Le Magasin Industriel\" \/>\n<meta property=\"og:description\" content=\"Couvre Chaussures Banker - A1190-11 sont des protections imperm\u00e9ables haut de gamme, con\u00e7ues pour \u00eatre port\u00e9es par-dessus des chaussures\" \/>\n<meta property=\"og:url\" content=\"https:\/\/autravail.ca\/en\/product\/couvre-chaussures-banker-a1190-11\/\" \/>\n<meta property=\"og:site_name\" content=\"Le Magasin Industriel\" \/>\n<meta property=\"article:publisher\" content=\"https:\/\/www.facebook.com\/lemagasinindustriel\/?locale=fr_FR\" \/>\n<meta property=\"article:modified_time\" content=\"2026-02-24T21:14:48+00:00\" \/>\n<meta property=\"og:image\" content=\"https:\/\/autravail.ca\/wp-content\/uploads\/2025\/05\/A1190-11_A01-1.jpg\" \/>\n\t<meta property=\"og:image:width\" content=\"1000\" \/>\n\t<meta property=\"og:image:height\" content=\"1000\" \/>\n\t<meta property=\"og:image:type\" content=\"image\/jpeg\" \/>\n<meta name=\"twitter:card\" content=\"summary_large_image\" \/>\n<meta name=\"twitter:label1\" content=\"Est. reading time\" \/>\n\t<meta name=\"twitter:data1\" content=\"2 minutes\" \/>\n<script type=\"application\/ld+json\" class=\"yoast-schema-graph\">{\"@context\":\"https:\/\/schema.org\",\"@graph\":[{\"@type\":\"WebPage\",\"@id\":\"https:\/\/autravail.ca\/product\/couvre-chaussures-banker-a1190-11\/\",\"url\":\"https:\/\/autravail.ca\/product\/couvre-chaussures-banker-a1190-11\/\",\"name\":\"Couvre Chaussures Banker - A1190-11 - Le Magasin Industriel\",\"isPartOf\":{\"@id\":\"https:\/\/autravail.ca\/#website\"},\"primaryImageOfPage\":{\"@id\":\"https:\/\/autravail.ca\/product\/couvre-chaussures-banker-a1190-11\/#primaryimage\"},\"image\":{\"@id\":\"https:\/\/autravail.ca\/product\/couvre-chaussures-banker-a1190-11\/#primaryimage\"},\"thumbnailUrl\":\"https:\/\/autravail.ca\/wp-content\/uploads\/2025\/05\/A1190-11_A01-1.jpg\",\"datePublished\":\"2025-05-08T06:11:52+00:00\",\"dateModified\":\"2026-02-24T21:14:48+00:00\",\"description\":\"Couvre Chaussures Banker - A1190-11 sont des protections imperm\u00e9ables haut de gamme, con\u00e7ues pour \u00eatre port\u00e9es par-dessus des chaussures\",\"breadcrumb\":{\"@id\":\"https:\/\/autravail.ca\/product\/couvre-chaussures-banker-a1190-11\/#breadcrumb\"},\"inLanguage\":\"en-CA\",\"potentialAction\":[{\"@type\":\"ReadAction\",\"target\":[\"https:\/\/autravail.ca\/product\/couvre-chaussures-banker-a1190-11\/\"]}]},{\"@type\":\"ImageObject\",\"inLanguage\":\"en-CA\",\"@id\":\"https:\/\/autravail.ca\/product\/couvre-chaussures-banker-a1190-11\/#primaryimage\",\"url\":\"https:\/\/autravail.ca\/wp-content\/uploads\/2025\/05\/A1190-11_A01-1.jpg\",\"contentUrl\":\"https:\/\/autravail.ca\/wp-content\/uploads\/2025\/05\/A1190-11_A01-1.jpg\",\"width\":1000,\"height\":1000,\"caption\":\"Couvre Chaussures Banker - A1190-11\"},{\"@type\":\"BreadcrumbList\",\"@id\":\"https:\/\/autravail.ca\/product\/couvre-chaussures-banker-a1190-11\/#breadcrumb\",\"itemListElement\":[{\"@type\":\"ListItem\",\"position\":1,\"name\":\"Accueil\",\"item\":\"https:\/\/autravail.ca\/\"},{\"@type\":\"ListItem\",\"position\":2,\"name\":\"Magasin\",\"item\":\"https:\/\/autravail.ca\/en\/shop\/\"},{\"@type\":\"ListItem\",\"position\":3,\"name\":\"Couvre Chaussures Banker &#8211; A1190-11\"}]},{\"@type\":\"WebSite\",\"@id\":\"https:\/\/autravail.ca\/#website\",\"url\":\"https:\/\/autravail.ca\/\",\"name\":\"Le Magasin Industriel\",\"description\":\"50 ans de tradition de s\u00e9curit\u00e9 au travail\",\"publisher\":{\"@id\":\"https:\/\/autravail.ca\/#organization\"},\"potentialAction\":[{\"@type\":\"SearchAction\",\"target\":{\"@type\":\"EntryPoint\",\"urlTemplate\":\"https:\/\/autravail.ca\/?s={search_term_string}\"},\"query-input\":{\"@type\":\"PropertyValueSpecification\",\"valueRequired\":true,\"valueName\":\"search_term_string\"}}],\"inLanguage\":\"en-CA\"},{\"@type\":\"Organization\",\"@id\":\"https:\/\/autravail.ca\/#organization\",\"name\":\"Le Magasin Industriel\",\"url\":\"https:\/\/autravail.ca\/\",\"logo\":{\"@type\":\"ImageObject\",\"inLanguage\":\"en-CA\",\"@id\":\"https:\/\/autravail.ca\/#\/schema\/logo\/image\/\",\"url\":\"https:\/\/autravail.ca\/wp-content\/uploads\/2025\/05\/cropped-magasin_industriel_120x.avif\",\"contentUrl\":\"https:\/\/autravail.ca\/wp-content\/uploads\/2025\/05\/cropped-magasin_industriel_120x.avif\",\"width\":120,\"height\":24,\"caption\":\"Le Magasin Industriel\"},\"image\":{\"@id\":\"https:\/\/autravail.ca\/#\/schema\/logo\/image\/\"},\"sameAs\":[\"https:\/\/www.facebook.com\/lemagasinindustriel\/?locale=fr_FR\"]}]}<\/script>\n<!-- \/ Yoast SEO plugin. -->","yoast_head_json":{"title":"Couvre Chaussures Banker - A1190-11 - Le Magasin Industriel","description":"Couvre Chaussures Banker - A1190-11 sont des protections imperm\u00e9ables haut de gamme, con\u00e7ues pour \u00eatre port\u00e9es par-dessus des chaussures","robots":{"index":"index","follow":"follow","max-snippet":"max-snippet:-1","max-image-preview":"max-image-preview:large","max-video-preview":"max-video-preview:-1"},"canonical":"https:\/\/autravail.ca\/en\/product\/couvre-chaussures-banker-a1190-11\/","og_locale":"en_US","og_type":"article","og_title":"Couvre Chaussures Banker - A1190-11 - Le Magasin Industriel","og_description":"Couvre Chaussures Banker - A1190-11 sont des protections imperm\u00e9ables haut de gamme, con\u00e7ues pour \u00eatre port\u00e9es par-dessus des chaussures","og_url":"https:\/\/autravail.ca\/en\/product\/couvre-chaussures-banker-a1190-11\/","og_site_name":"Le Magasin Industriel","article_publisher":"https:\/\/www.facebook.com\/lemagasinindustriel\/?locale=fr_FR","article_modified_time":"2026-02-24T21:14:48+00:00","og_image":[{"width":1000,"height":1000,"url":"https:\/\/autravail.ca\/wp-content\/uploads\/2025\/05\/A1190-11_A01-1.jpg","type":"image\/jpeg"}],"twitter_card":"summary_large_image","twitter_misc":{"Est. reading time":"2 minutes"},"schema":{"@context":"https:\/\/schema.org","@graph":[{"@type":"WebPage","@id":"https:\/\/autravail.ca\/product\/couvre-chaussures-banker-a1190-11\/","url":"https:\/\/autravail.ca\/product\/couvre-chaussures-banker-a1190-11\/","name":"Couvre Chaussures Banker - A1190-11 - Le Magasin Industriel","isPartOf":{"@id":"https:\/\/autravail.ca\/#website"},"primaryImageOfPage":{"@id":"https:\/\/autravail.ca\/product\/couvre-chaussures-banker-a1190-11\/#primaryimage"},"image":{"@id":"https:\/\/autravail.ca\/product\/couvre-chaussures-banker-a1190-11\/#primaryimage"},"thumbnailUrl":"https:\/\/autravail.ca\/wp-content\/uploads\/2025\/05\/A1190-11_A01-1.jpg","datePublished":"2025-05-08T06:11:52+00:00","dateModified":"2026-02-24T21:14:48+00:00","description":"Couvre Chaussures Banker - A1190-11 sont des protections imperm\u00e9ables haut de gamme, con\u00e7ues pour \u00eatre port\u00e9es par-dessus des chaussures","breadcrumb":{"@id":"https:\/\/autravail.ca\/product\/couvre-chaussures-banker-a1190-11\/#breadcrumb"},"inLanguage":"en-CA","potentialAction":[{"@type":"ReadAction","target":["https:\/\/autravail.ca\/product\/couvre-chaussures-banker-a1190-11\/"]}]},{"@type":"ImageObject","inLanguage":"en-CA","@id":"https:\/\/autravail.ca\/product\/couvre-chaussures-banker-a1190-11\/#primaryimage","url":"https:\/\/autravail.ca\/wp-content\/uploads\/2025\/05\/A1190-11_A01-1.jpg","contentUrl":"https:\/\/autravail.ca\/wp-content\/uploads\/2025\/05\/A1190-11_A01-1.jpg","width":1000,"height":1000,"caption":"Couvre Chaussures Banker - A1190-11"},{"@type":"BreadcrumbList","@id":"https:\/\/autravail.ca\/product\/couvre-chaussures-banker-a1190-11\/#breadcrumb","itemListElement":[{"@type":"ListItem","position":1,"name":"Accueil","item":"https:\/\/autravail.ca\/"},{"@type":"ListItem","position":2,"name":"Magasin","item":"https:\/\/autravail.ca\/en\/shop\/"},{"@type":"ListItem","position":3,"name":"Couvre Chaussures Banker &#8211; A1190-11"}]},{"@type":"WebSite","@id":"https:\/\/autravail.ca\/#website","url":"https:\/\/autravail.ca\/","name":"Le Magasin Industriel","description":"50 ans de tradition de s\u00e9curit\u00e9 au travail","publisher":{"@id":"https:\/\/autravail.ca\/#organization"},"potentialAction":[{"@type":"SearchAction","target":{"@type":"EntryPoint","urlTemplate":"https:\/\/autravail.ca\/?s={search_term_string}"},"query-input":{"@type":"PropertyValueSpecification","valueRequired":true,"valueName":"search_term_string"}}],"inLanguage":"en-CA"},{"@type":"Organization","@id":"https:\/\/autravail.ca\/#organization","name":"Le Magasin Industriel","url":"https:\/\/autravail.ca\/","logo":{"@type":"ImageObject","inLanguage":"en-CA","@id":"https:\/\/autravail.ca\/#\/schema\/logo\/image\/","url":"https:\/\/autravail.ca\/wp-content\/uploads\/2025\/05\/cropped-magasin_industriel_120x.avif","contentUrl":"https:\/\/autravail.ca\/wp-content\/uploads\/2025\/05\/cropped-magasin_industriel_120x.avif","width":120,"height":24,"caption":"Le Magasin Industriel"},"image":{"@id":"https:\/\/autravail.ca\/#\/schema\/logo\/image\/"},"sameAs":["https:\/\/www.facebook.com\/lemagasinindustriel\/?locale=fr_FR"]}]}},"jetpack_sharing_enabled":true,"_links":{"self":[{"href":"https:\/\/autravail.ca\/en\/wp-json\/wp\/v2\/product\/25409","targetHints":{"allow":["GET"]}}],"collection":[{"href":"https:\/\/autravail.ca\/en\/wp-json\/wp\/v2\/product"}],"about":[{"href":"https:\/\/autravail.ca\/en\/wp-json\/wp\/v2\/types\/product"}],"replies":[{"embeddable":true,"href":"https:\/\/autravail.ca\/en\/wp-json\/wp\/v2\/comments?post=25409"}],"wp:featuredmedia":[{"embeddable":true,"href":"https:\/\/autravail.ca\/en\/wp-json\/wp\/v2\/media\/44699"}],"wp:attachment":[{"href":"https:\/\/autravail.ca\/en\/wp-json\/wp\/v2\/media?parent=25409"}],"wp:term":[{"taxonomy":"product_cat","embeddable":true,"href":"https:\/\/autravail.ca\/en\/wp-json\/wp\/v2\/product_cat?post=25409"},{"taxonomy":"product_tag","embeddable":true,"href":"https:\/\/autravail.ca\/en\/wp-json\/wp\/v2\/product_tag?post=25409"}],"curies":[{"name":"wp","href":"https:\/\/api.w.org\/{rel}","templated":true}]}}