{"id":25408,"date":"2025-05-08T06:11:52","date_gmt":"2025-05-08T06:11:52","guid":{"rendered":"https:\/\/meteoquebec.ca\/?post_type=product&#038;p=25408"},"modified":"2025-12-05T05:12:04","modified_gmt":"2025-12-05T09:12:04","slug":"116516bkht-manteau-chauffant","status":"publish","type":"product","link":"https:\/\/autravail.ca\/en\/product\/116516bkht-manteau-chauffant\/","title":{"rendered":"116516BKHT - Heating COAT"},"content":{"rendered":"<p>Heating Coat - Group BBH<\/p>\n<ul>\n<li>Polyester twill with micro-polar support.\n<\/li>\n<li>Wind cut and surging\n<\/li>\n<li>Isolation in polyester and lining in brushed tissue\n<\/li>\n<li>Reflective bands of 2 inches on contrasting bands of 4 inches\n <\/li>\n<li>Detachable Hood to accommodate helmet wear\n<\/li>\n<li>2 pouches with zipper closure and an interior pocket for battery\n<\/li>\n<li>1 pouch for mobile phone at chest with sliding closure and opening for headphones.\n<\/li>\n<li>Sliding closure YKK on median front.\n<\/li>\n<li>Adjustable wrists with an auto-adhesive band\n<\/li>\n<li>3 levels of heating powered by a Li-polymer battery\n<\/li>\n<li>Include the USB cable and wall adapter for charging\n<\/li>\n<li>3 warm zones: left chest, right chest and back\n<\/li>\n<\/ul>","protected":false},"excerpt":{"rendered":"<p>Heating Coat - Group BBH Made of polyester serge with micro-pole support. Wind and waterproof. Insulation in polyester and lining in brushed polar fleece. Reflective bands of 2 inches on contrasting 4 inch bands. Detachable hood to accommodate helmet. 2 pockets at the waist with zipper closure [...]<\/p>","protected":false},"featured_media":8116,"comment_status":"open","ping_status":"closed","template":"","meta":[],"product_cat":[602,604,658],"product_tag":[242,250,291],"class_list":{"0":"post-25408","1":"product","2":"type-product","3":"status-publish","4":"has-post-thumbnail","6":"product_brand-magasin-industriel","7":"product_cat-hommes","8":"product_cat-vetements-de-travail","9":"product_cat-vetements-haute-visibilite","10":"product_tag-homme","11":"product_tag-manteaux","12":"product_tag-vetements-haute-visibilite","14":"first","15":"outofstock","16":"taxable","17":"shipping-taxable","18":"purchasable","19":"product-type-variable"},"yoast_head":"<!-- This site is optimized with the Yoast SEO plugin v25.3.1 - https:\/\/yoast.com\/wordpress\/plugins\/seo\/ -->\n<title>116516BKHT - MANTEAU CHAUFFANT - Le Magasin Industriel<\/title>\n<meta name=\"robots\" content=\"index, follow, max-snippet:-1, max-image-preview:large, max-video-preview:-1\" \/>\n<link rel=\"canonical\" href=\"https:\/\/autravail.ca\/en\/product\/116516bkht-manteau-chauffant\/\" \/>\n<meta property=\"og:locale\" content=\"en_US\" \/>\n<meta property=\"og:type\" content=\"article\" \/>\n<meta property=\"og:title\" content=\"116516BKHT - MANTEAU CHAUFFANT - Le Magasin Industriel\" \/>\n<meta property=\"og:description\" content=\"Manteau chauffant &#8211; Groupe BBH Fait de serge de polyester avec support micro polaire. Coupe vent et d\u00e9ferlant. Isolation en polyester et doublure en tissu polaire bross\u00e9. Bandes r\u00e9fl\u00e9chissantes de 2 pouces sur bandes contrastantes de 4 pouces. Capuchon d\u00e9tachable pour accommoder le port du casque. 2 poches \u00e0 la taille avec fermeture \u00e0 glissi\u00e8re [&hellip;]\" \/>\n<meta property=\"og:url\" content=\"https:\/\/autravail.ca\/en\/product\/116516bkht-manteau-chauffant\/\" \/>\n<meta property=\"og:site_name\" content=\"Le Magasin Industriel\" \/>\n<meta property=\"article:publisher\" content=\"https:\/\/www.facebook.com\/lemagasinindustriel\/?locale=fr_FR\" \/>\n<meta property=\"article:modified_time\" content=\"2025-12-05T09:12:04+00:00\" \/>\n<meta property=\"og:image\" content=\"https:\/\/autravail.ca\/wp-content\/uploads\/2025\/05\/116516bkht_a.jpg\" \/>\n\t<meta property=\"og:image:width\" content=\"540\" \/>\n\t<meta property=\"og:image:height\" content=\"600\" \/>\n\t<meta property=\"og:image:type\" content=\"image\/jpeg\" \/>\n<meta name=\"twitter:card\" content=\"summary_large_image\" \/>\n<meta name=\"twitter:label1\" content=\"Est. reading time\" \/>\n\t<meta name=\"twitter:data1\" content=\"1 minute\" \/>\n<script type=\"application\/ld+json\" class=\"yoast-schema-graph\">{\"@context\":\"https:\/\/schema.org\",\"@graph\":[{\"@type\":\"WebPage\",\"@id\":\"https:\/\/autravail.ca\/product\/116516bkht-manteau-chauffant\/\",\"url\":\"https:\/\/autravail.ca\/product\/116516bkht-manteau-chauffant\/\",\"name\":\"116516BKHT - MANTEAU CHAUFFANT - Le Magasin Industriel\",\"isPartOf\":{\"@id\":\"https:\/\/autravail.ca\/#website\"},\"primaryImageOfPage\":{\"@id\":\"https:\/\/autravail.ca\/product\/116516bkht-manteau-chauffant\/#primaryimage\"},\"image\":{\"@id\":\"https:\/\/autravail.ca\/product\/116516bkht-manteau-chauffant\/#primaryimage\"},\"thumbnailUrl\":\"https:\/\/autravail.ca\/wp-content\/uploads\/2025\/05\/116516bkht_a.jpg\",\"datePublished\":\"2025-05-08T06:11:52+00:00\",\"dateModified\":\"2025-12-05T09:12:04+00:00\",\"breadcrumb\":{\"@id\":\"https:\/\/autravail.ca\/product\/116516bkht-manteau-chauffant\/#breadcrumb\"},\"inLanguage\":\"en-CA\",\"potentialAction\":[{\"@type\":\"ReadAction\",\"target\":[\"https:\/\/autravail.ca\/product\/116516bkht-manteau-chauffant\/\"]}]},{\"@type\":\"ImageObject\",\"inLanguage\":\"en-CA\",\"@id\":\"https:\/\/autravail.ca\/product\/116516bkht-manteau-chauffant\/#primaryimage\",\"url\":\"https:\/\/autravail.ca\/wp-content\/uploads\/2025\/05\/116516bkht_a.jpg\",\"contentUrl\":\"https:\/\/autravail.ca\/wp-content\/uploads\/2025\/05\/116516bkht_a.jpg\",\"width\":540,\"height\":600},{\"@type\":\"BreadcrumbList\",\"@id\":\"https:\/\/autravail.ca\/product\/116516bkht-manteau-chauffant\/#breadcrumb\",\"itemListElement\":[{\"@type\":\"ListItem\",\"position\":1,\"name\":\"Accueil\",\"item\":\"https:\/\/autravail.ca\/\"},{\"@type\":\"ListItem\",\"position\":2,\"name\":\"Magasin\",\"item\":\"https:\/\/autravail.ca\/en\/shop\/\"},{\"@type\":\"ListItem\",\"position\":3,\"name\":\"116516BKHT &#8211; MANTEAU CHAUFFANT\"}]},{\"@type\":\"WebSite\",\"@id\":\"https:\/\/autravail.ca\/#website\",\"url\":\"https:\/\/autravail.ca\/\",\"name\":\"Le Magasin Industriel\",\"description\":\"50 ans de tradition de s\u00e9curit\u00e9 au travail\",\"publisher\":{\"@id\":\"https:\/\/autravail.ca\/#organization\"},\"potentialAction\":[{\"@type\":\"SearchAction\",\"target\":{\"@type\":\"EntryPoint\",\"urlTemplate\":\"https:\/\/autravail.ca\/?s={search_term_string}\"},\"query-input\":{\"@type\":\"PropertyValueSpecification\",\"valueRequired\":true,\"valueName\":\"search_term_string\"}}],\"inLanguage\":\"en-CA\"},{\"@type\":\"Organization\",\"@id\":\"https:\/\/autravail.ca\/#organization\",\"name\":\"Le Magasin Industriel\",\"url\":\"https:\/\/autravail.ca\/\",\"logo\":{\"@type\":\"ImageObject\",\"inLanguage\":\"en-CA\",\"@id\":\"https:\/\/autravail.ca\/#\/schema\/logo\/image\/\",\"url\":\"https:\/\/autravail.ca\/wp-content\/uploads\/2025\/05\/cropped-magasin_industriel_120x.avif\",\"contentUrl\":\"https:\/\/autravail.ca\/wp-content\/uploads\/2025\/05\/cropped-magasin_industriel_120x.avif\",\"width\":120,\"height\":24,\"caption\":\"Le Magasin Industriel\"},\"image\":{\"@id\":\"https:\/\/autravail.ca\/#\/schema\/logo\/image\/\"},\"sameAs\":[\"https:\/\/www.facebook.com\/lemagasinindustriel\/?locale=fr_FR\"]}]}<\/script>\n<!-- \/ Yoast SEO plugin. -->","yoast_head_json":{"title":"116516BKHT - MANTEAU CHAUFFANT - Le Magasin Industriel","robots":{"index":"index","follow":"follow","max-snippet":"max-snippet:-1","max-image-preview":"max-image-preview:large","max-video-preview":"max-video-preview:-1"},"canonical":"https:\/\/autravail.ca\/en\/product\/116516bkht-manteau-chauffant\/","og_locale":"en_US","og_type":"article","og_title":"116516BKHT - MANTEAU CHAUFFANT - Le Magasin Industriel","og_description":"Manteau chauffant &#8211; Groupe BBH Fait de serge de polyester avec support micro polaire. Coupe vent et d\u00e9ferlant. Isolation en polyester et doublure en tissu polaire bross\u00e9. Bandes r\u00e9fl\u00e9chissantes de 2 pouces sur bandes contrastantes de 4 pouces. Capuchon d\u00e9tachable pour accommoder le port du casque. 2 poches \u00e0 la taille avec fermeture \u00e0 glissi\u00e8re [&hellip;]","og_url":"https:\/\/autravail.ca\/en\/product\/116516bkht-manteau-chauffant\/","og_site_name":"Le Magasin Industriel","article_publisher":"https:\/\/www.facebook.com\/lemagasinindustriel\/?locale=fr_FR","article_modified_time":"2025-12-05T09:12:04+00:00","og_image":[{"width":540,"height":600,"url":"https:\/\/autravail.ca\/wp-content\/uploads\/2025\/05\/116516bkht_a.jpg","type":"image\/jpeg"}],"twitter_card":"summary_large_image","twitter_misc":{"Est. reading time":"1 minute"},"schema":{"@context":"https:\/\/schema.org","@graph":[{"@type":"WebPage","@id":"https:\/\/autravail.ca\/product\/116516bkht-manteau-chauffant\/","url":"https:\/\/autravail.ca\/product\/116516bkht-manteau-chauffant\/","name":"116516BKHT - MANTEAU CHAUFFANT - Le Magasin Industriel","isPartOf":{"@id":"https:\/\/autravail.ca\/#website"},"primaryImageOfPage":{"@id":"https:\/\/autravail.ca\/product\/116516bkht-manteau-chauffant\/#primaryimage"},"image":{"@id":"https:\/\/autravail.ca\/product\/116516bkht-manteau-chauffant\/#primaryimage"},"thumbnailUrl":"https:\/\/autravail.ca\/wp-content\/uploads\/2025\/05\/116516bkht_a.jpg","datePublished":"2025-05-08T06:11:52+00:00","dateModified":"2025-12-05T09:12:04+00:00","breadcrumb":{"@id":"https:\/\/autravail.ca\/product\/116516bkht-manteau-chauffant\/#breadcrumb"},"inLanguage":"en-CA","potentialAction":[{"@type":"ReadAction","target":["https:\/\/autravail.ca\/product\/116516bkht-manteau-chauffant\/"]}]},{"@type":"ImageObject","inLanguage":"en-CA","@id":"https:\/\/autravail.ca\/product\/116516bkht-manteau-chauffant\/#primaryimage","url":"https:\/\/autravail.ca\/wp-content\/uploads\/2025\/05\/116516bkht_a.jpg","contentUrl":"https:\/\/autravail.ca\/wp-content\/uploads\/2025\/05\/116516bkht_a.jpg","width":540,"height":600},{"@type":"BreadcrumbList","@id":"https:\/\/autravail.ca\/product\/116516bkht-manteau-chauffant\/#breadcrumb","itemListElement":[{"@type":"ListItem","position":1,"name":"Accueil","item":"https:\/\/autravail.ca\/"},{"@type":"ListItem","position":2,"name":"Magasin","item":"https:\/\/autravail.ca\/en\/shop\/"},{"@type":"ListItem","position":3,"name":"116516BKHT &#8211; MANTEAU CHAUFFANT"}]},{"@type":"WebSite","@id":"https:\/\/autravail.ca\/#website","url":"https:\/\/autravail.ca\/","name":"Le Magasin Industriel","description":"50 ans de tradition de s\u00e9curit\u00e9 au travail","publisher":{"@id":"https:\/\/autravail.ca\/#organization"},"potentialAction":[{"@type":"SearchAction","target":{"@type":"EntryPoint","urlTemplate":"https:\/\/autravail.ca\/?s={search_term_string}"},"query-input":{"@type":"PropertyValueSpecification","valueRequired":true,"valueName":"search_term_string"}}],"inLanguage":"en-CA"},{"@type":"Organization","@id":"https:\/\/autravail.ca\/#organization","name":"Le Magasin Industriel","url":"https:\/\/autravail.ca\/","logo":{"@type":"ImageObject","inLanguage":"en-CA","@id":"https:\/\/autravail.ca\/#\/schema\/logo\/image\/","url":"https:\/\/autravail.ca\/wp-content\/uploads\/2025\/05\/cropped-magasin_industriel_120x.avif","contentUrl":"https:\/\/autravail.ca\/wp-content\/uploads\/2025\/05\/cropped-magasin_industriel_120x.avif","width":120,"height":24,"caption":"Le Magasin Industriel"},"image":{"@id":"https:\/\/autravail.ca\/#\/schema\/logo\/image\/"},"sameAs":["https:\/\/www.facebook.com\/lemagasinindustriel\/?locale=fr_FR"]}]}},"jetpack_sharing_enabled":true,"_links":{"self":[{"href":"https:\/\/autravail.ca\/en\/wp-json\/wp\/v2\/product\/25408","targetHints":{"allow":["GET"]}}],"collection":[{"href":"https:\/\/autravail.ca\/en\/wp-json\/wp\/v2\/product"}],"about":[{"href":"https:\/\/autravail.ca\/en\/wp-json\/wp\/v2\/types\/product"}],"replies":[{"embeddable":true,"href":"https:\/\/autravail.ca\/en\/wp-json\/wp\/v2\/comments?post=25408"}],"wp:featuredmedia":[{"embeddable":true,"href":"https:\/\/autravail.ca\/en\/wp-json\/wp\/v2\/media\/8116"}],"wp:attachment":[{"href":"https:\/\/autravail.ca\/en\/wp-json\/wp\/v2\/media?parent=25408"}],"wp:term":[{"taxonomy":"product_cat","embeddable":true,"href":"https:\/\/autravail.ca\/en\/wp-json\/wp\/v2\/product_cat?post=25408"},{"taxonomy":"product_tag","embeddable":true,"href":"https:\/\/autravail.ca\/en\/wp-json\/wp\/v2\/product_tag?post=25408"}],"curies":[{"name":"wp","href":"https:\/\/api.w.org\/{rel}","templated":true}]}}