{"id":25346,"date":"2025-05-08T06:11:32","date_gmt":"2025-05-08T06:11:32","guid":{"rendered":"https:\/\/meteoquebec.ca\/?post_type=product&#038;p=25346"},"modified":"2026-03-31T11:54:22","modified_gmt":"2026-03-31T15:54:22","slug":"soulier-de-travail-pacer-2-0-1062bg","status":"publish","type":"product","link":"https:\/\/autravail.ca\/en\/product\/soulier-de-travail-pacer-2-0-1062bg\/","title":{"rendered":"Soulier de travail Pacer 2.0 &#8211; 1062BG"},"content":{"rendered":"<h3>Soulier de travail Pacer 2.0 &#8211; 1062BG<\/h3>\n<p>Soulier de travail Pacer 2.0 &#8211; 1062BG de <a href=\"https:\/\/autravail.ca\/en\/product-brand\/terra\/\">Terra<\/a>. Con\u00e7ue pour les sportifs, la Pacer 2.0 allie agilit\u00e9 et protection dans cette chaussure de s\u00e9curit\u00e9 pour homme. Outre sa semelle ext\u00e9rieure en caoutchouc \u00e0 haute adh\u00e9rence, elle est dot\u00e9e d&rsquo;une semelle interm\u00e9diaire l\u00e9g\u00e8re en EVA absorbant les chocs et d&rsquo;un support de vo\u00fbte plantaire en TPU pour une stabilit\u00e9 accrue. La tige respirante en microfibre et micro-mesh, associ\u00e9e \u00e0 la doublure anti-odeurs et anti-humidit\u00e9 CLEANFEET\u00ae, contribue \u00e0 garder vos pieds au sec et confortables toute la journ\u00e9e.<\/p>\n<p><img decoding=\"async\" class=\"alignnone size-full wp-image-44373\" src=\"https:\/\/autravail.ca\/wp-content\/uploads\/2025\/05\/logo-CSA-SD-1.jpg\" alt=\"\" width=\"300\" height=\"87\" srcset=\"https:\/\/autravail.ca\/wp-content\/uploads\/2025\/05\/logo-CSA-SD-1.jpg 300w, https:\/\/autravail.ca\/wp-content\/uploads\/2025\/05\/logo-CSA-SD-1-150x44.jpg 150w, https:\/\/autravail.ca\/wp-content\/uploads\/2025\/05\/logo-CSA-SD-1-18x5.jpg 18w\" sizes=\"(max-width: 300px) 100vw, 300px\" \/><\/p>\n<h6>Characteristics:<\/h6>\n<ul>\n<li><span dir=\"auto\"><span dir=\"auto\">Tige en microfibre respirante et micro-maille, favorisant la circulation de l&rsquo;air pour garder les pieds au frais.<\/span><\/span><\/li>\n<li><span dir=\"auto\"><span dir=\"auto\">Oillets cousus et perfor\u00e9s<\/span><\/span><\/li>\n<li><span dir=\"auto\"><span dir=\"auto\">Doublure respirante, trait\u00e9e pour contr\u00f4ler les odeurs de fa\u00e7on durable et r\u00e9sistante \u00e0 l&rsquo;abrasion<\/span><\/span><\/li>\n<li><span dir=\"auto\"><span dir=\"auto\">Traitement anti-odeurs CLEANFEET\u00ae<\/span><\/span><\/li>\n<li><span dir=\"auto\"><span dir=\"auto\">Talon et empeigne orn\u00e9s d&rsquo;\u00e9l\u00e9ments r\u00e9fl\u00e9chissants 3M\u2122 Scotchlite\u2122<\/span><\/span><\/li>\n<li><span dir=\"auto\"><span dir=\"auto\">Semelle ext\u00e9rieure en caoutchouc industriel athl\u00e9tique \u00e0 haute adh\u00e9rence<\/span><\/span><\/li>\n<li><span dir=\"auto\"><span dir=\"auto\">Semelle interm\u00e9diaire l\u00e9g\u00e8re en EVA absorbant les chocs avec cambrion en TPU<\/span><\/span><\/li>\n<li><span dir=\"auto\"><span dir=\"auto\">Semelle int\u00e9rieure FOOTBED\u00ae en EVA mono-densit\u00e9 de qualit\u00e9 sup\u00e9rieure<\/span><\/span><\/li>\n<li><span dir=\"auto\"><span dir=\"auto\">Embout de s\u00e9curit\u00e9 composite homologu\u00e9 CSA, plaque composite, SD+<\/span><\/span><\/li>\n<li><span dir=\"auto\"><span dir=\"auto\">TERRA FIRMA-FLEX\u00ae \u2013 100 % sans m\u00e9tal<\/span><\/span><\/li>\n<\/ul>\n<p><em><span style=\"color: #fa0b0b;\">Unisex U.S. men's sizes presented. To convert to U.S. women's size, add 2 sizes. Example: 5 U.S. men = 7 U.S. women<\/span><\/em><\/p>\n<p><img decoding=\"async\" class=\"alignnone wp-image-40620\" src=\"https:\/\/autravail.ca\/wp-content\/uploads\/2025\/09\/Jachete-quebec-et-canada.jpg\" alt=\"Logo de l'achat local\" width=\"162\" height=\"139\" \/>Merci d&rsquo;encourager une entreprise 100% d&rsquo;ici!<\/p>\n<p>TS2603H<\/p>","protected":false},"excerpt":{"rendered":"<p>Soulier de travail Pacer 2.0 &#8211; 1062BG Soulier de travail Pacer 2.0 &#8211; 1062BG de Terra. Con\u00e7ue pour les sportifs, la Pacer 2.0 allie agilit\u00e9 et protection dans cette chaussure de s\u00e9curit\u00e9 pour homme. Outre sa semelle ext\u00e9rieure en caoutchouc \u00e0 haute adh\u00e9rence, elle est dot\u00e9e d&rsquo;une semelle interm\u00e9diaire l\u00e9g\u00e8re en EVA absorbant les chocs [&hellip;]<\/p>","protected":false},"featured_media":8034,"comment_status":"open","ping_status":"closed","template":"","meta":[],"product_cat":[602,619,810],"product_tag":[242,253,257,283],"class_list":{"0":"post-25346","1":"product","2":"type-product","3":"status-publish","4":"has-post-thumbnail","6":"product_brand-terra","7":"product_cat-hommes","8":"product_cat-souliers-de-travail","9":"product_cat-souliers-de-travail-homme","10":"product_tag-homme","11":"product_tag-sole-protection","12":"product_tag-souliers-de-travail","13":"product_tag-static-dissipative","15":"first","16":"instock","17":"taxable","18":"shipping-taxable","19":"purchasable","20":"product-type-variable"},"yoast_head":"<!-- This site is optimized with the Yoast SEO plugin v25.3.1 - https:\/\/yoast.com\/wordpress\/plugins\/seo\/ -->\n<title>Soulier de travail Pacer 2.0 - 1062BG - Le Magasin Industriel<\/title>\n<meta name=\"description\" content=\"Soulier de travail Pacer 2.0 - 1062BG, con\u00e7ue pour les sportifs, la Pacer 2.0 allie agilit\u00e9 et protection dans cette chaussure de s\u00e9curit\u00e9 pour homme\" \/>\n<meta name=\"robots\" content=\"index, follow, max-snippet:-1, max-image-preview:large, max-video-preview:-1\" \/>\n<link rel=\"canonical\" href=\"https:\/\/autravail.ca\/en\/product\/soulier-de-travail-pacer-2-0-1062bg\/\" \/>\n<meta property=\"og:locale\" content=\"en_US\" \/>\n<meta property=\"og:type\" content=\"article\" \/>\n<meta property=\"og:title\" content=\"Soulier de travail Pacer 2.0 - 1062BG - Le Magasin Industriel\" \/>\n<meta property=\"og:description\" content=\"Soulier de travail Pacer 2.0 - 1062BG, con\u00e7ue pour les sportifs, la Pacer 2.0 allie agilit\u00e9 et protection dans cette chaussure de s\u00e9curit\u00e9 pour homme\" \/>\n<meta property=\"og:url\" content=\"https:\/\/autravail.ca\/en\/product\/soulier-de-travail-pacer-2-0-1062bg\/\" \/>\n<meta property=\"og:site_name\" content=\"Le Magasin Industriel\" \/>\n<meta property=\"article:publisher\" content=\"https:\/\/www.facebook.com\/lemagasinindustriel\/?locale=fr_FR\" \/>\n<meta property=\"article:modified_time\" content=\"2026-03-31T15:54:22+00:00\" \/>\n<meta property=\"og:image\" content=\"https:\/\/autravail.ca\/wp-content\/uploads\/2025\/05\/1062BG_A01.jpg\" \/>\n\t<meta property=\"og:image:width\" content=\"1000\" \/>\n\t<meta property=\"og:image:height\" content=\"1000\" \/>\n\t<meta property=\"og:image:type\" content=\"image\/jpeg\" \/>\n<meta name=\"twitter:card\" content=\"summary_large_image\" \/>\n<meta name=\"twitter:label1\" content=\"Est. reading time\" \/>\n\t<meta name=\"twitter:data1\" content=\"2 minutes\" \/>\n<script type=\"application\/ld+json\" class=\"yoast-schema-graph\">{\"@context\":\"https:\/\/schema.org\",\"@graph\":[{\"@type\":\"WebPage\",\"@id\":\"https:\/\/autravail.ca\/product\/soulier-de-travail-pacer-2-0-1062bg\/\",\"url\":\"https:\/\/autravail.ca\/product\/soulier-de-travail-pacer-2-0-1062bg\/\",\"name\":\"Soulier de travail Pacer 2.0 - 1062BG - Le Magasin Industriel\",\"isPartOf\":{\"@id\":\"https:\/\/autravail.ca\/#website\"},\"primaryImageOfPage\":{\"@id\":\"https:\/\/autravail.ca\/product\/soulier-de-travail-pacer-2-0-1062bg\/#primaryimage\"},\"image\":{\"@id\":\"https:\/\/autravail.ca\/product\/soulier-de-travail-pacer-2-0-1062bg\/#primaryimage\"},\"thumbnailUrl\":\"https:\/\/autravail.ca\/wp-content\/uploads\/2025\/05\/1062BG_A01.jpg\",\"datePublished\":\"2025-05-08T06:11:32+00:00\",\"dateModified\":\"2026-03-31T15:54:22+00:00\",\"description\":\"Soulier de travail Pacer 2.0 - 1062BG, con\u00e7ue pour les sportifs, la Pacer 2.0 allie agilit\u00e9 et protection dans cette chaussure de s\u00e9curit\u00e9 pour homme\",\"breadcrumb\":{\"@id\":\"https:\/\/autravail.ca\/product\/soulier-de-travail-pacer-2-0-1062bg\/#breadcrumb\"},\"inLanguage\":\"en-CA\",\"potentialAction\":[{\"@type\":\"ReadAction\",\"target\":[\"https:\/\/autravail.ca\/product\/soulier-de-travail-pacer-2-0-1062bg\/\"]}]},{\"@type\":\"ImageObject\",\"inLanguage\":\"en-CA\",\"@id\":\"https:\/\/autravail.ca\/product\/soulier-de-travail-pacer-2-0-1062bg\/#primaryimage\",\"url\":\"https:\/\/autravail.ca\/wp-content\/uploads\/2025\/05\/1062BG_A01.jpg\",\"contentUrl\":\"https:\/\/autravail.ca\/wp-content\/uploads\/2025\/05\/1062BG_A01.jpg\",\"width\":1000,\"height\":1000,\"caption\":\"Soulier de travail Pacer 2.0 - 1062BG\"},{\"@type\":\"BreadcrumbList\",\"@id\":\"https:\/\/autravail.ca\/product\/soulier-de-travail-pacer-2-0-1062bg\/#breadcrumb\",\"itemListElement\":[{\"@type\":\"ListItem\",\"position\":1,\"name\":\"Accueil\",\"item\":\"https:\/\/autravail.ca\/\"},{\"@type\":\"ListItem\",\"position\":2,\"name\":\"Magasin\",\"item\":\"https:\/\/autravail.ca\/en\/shop\/\"},{\"@type\":\"ListItem\",\"position\":3,\"name\":\"Soulier de travail Pacer 2.0 &#8211; 1062BG\"}]},{\"@type\":\"WebSite\",\"@id\":\"https:\/\/autravail.ca\/#website\",\"url\":\"https:\/\/autravail.ca\/\",\"name\":\"Le Magasin Industriel\",\"description\":\"50 ans de tradition de s\u00e9curit\u00e9 au travail\",\"publisher\":{\"@id\":\"https:\/\/autravail.ca\/#organization\"},\"potentialAction\":[{\"@type\":\"SearchAction\",\"target\":{\"@type\":\"EntryPoint\",\"urlTemplate\":\"https:\/\/autravail.ca\/?s={search_term_string}\"},\"query-input\":{\"@type\":\"PropertyValueSpecification\",\"valueRequired\":true,\"valueName\":\"search_term_string\"}}],\"inLanguage\":\"en-CA\"},{\"@type\":\"Organization\",\"@id\":\"https:\/\/autravail.ca\/#organization\",\"name\":\"Le Magasin Industriel\",\"url\":\"https:\/\/autravail.ca\/\",\"logo\":{\"@type\":\"ImageObject\",\"inLanguage\":\"en-CA\",\"@id\":\"https:\/\/autravail.ca\/#\/schema\/logo\/image\/\",\"url\":\"https:\/\/autravail.ca\/wp-content\/uploads\/2025\/05\/cropped-magasin_industriel_120x.avif\",\"contentUrl\":\"https:\/\/autravail.ca\/wp-content\/uploads\/2025\/05\/cropped-magasin_industriel_120x.avif\",\"width\":120,\"height\":24,\"caption\":\"Le Magasin Industriel\"},\"image\":{\"@id\":\"https:\/\/autravail.ca\/#\/schema\/logo\/image\/\"},\"sameAs\":[\"https:\/\/www.facebook.com\/lemagasinindustriel\/?locale=fr_FR\"]}]}<\/script>\n<!-- \/ Yoast SEO plugin. -->","yoast_head_json":{"title":"Soulier de travail Pacer 2.0 - 1062BG - Le Magasin Industriel","description":"Soulier de travail Pacer 2.0 - 1062BG, con\u00e7ue pour les sportifs, la Pacer 2.0 allie agilit\u00e9 et protection dans cette chaussure de s\u00e9curit\u00e9 pour homme","robots":{"index":"index","follow":"follow","max-snippet":"max-snippet:-1","max-image-preview":"max-image-preview:large","max-video-preview":"max-video-preview:-1"},"canonical":"https:\/\/autravail.ca\/en\/product\/soulier-de-travail-pacer-2-0-1062bg\/","og_locale":"en_US","og_type":"article","og_title":"Soulier de travail Pacer 2.0 - 1062BG - Le Magasin Industriel","og_description":"Soulier de travail Pacer 2.0 - 1062BG, con\u00e7ue pour les sportifs, la Pacer 2.0 allie agilit\u00e9 et protection dans cette chaussure de s\u00e9curit\u00e9 pour homme","og_url":"https:\/\/autravail.ca\/en\/product\/soulier-de-travail-pacer-2-0-1062bg\/","og_site_name":"Le Magasin Industriel","article_publisher":"https:\/\/www.facebook.com\/lemagasinindustriel\/?locale=fr_FR","article_modified_time":"2026-03-31T15:54:22+00:00","og_image":[{"width":1000,"height":1000,"url":"https:\/\/autravail.ca\/wp-content\/uploads\/2025\/05\/1062BG_A01.jpg","type":"image\/jpeg"}],"twitter_card":"summary_large_image","twitter_misc":{"Est. reading time":"2 minutes"},"schema":{"@context":"https:\/\/schema.org","@graph":[{"@type":"WebPage","@id":"https:\/\/autravail.ca\/product\/soulier-de-travail-pacer-2-0-1062bg\/","url":"https:\/\/autravail.ca\/product\/soulier-de-travail-pacer-2-0-1062bg\/","name":"Soulier de travail Pacer 2.0 - 1062BG - Le Magasin Industriel","isPartOf":{"@id":"https:\/\/autravail.ca\/#website"},"primaryImageOfPage":{"@id":"https:\/\/autravail.ca\/product\/soulier-de-travail-pacer-2-0-1062bg\/#primaryimage"},"image":{"@id":"https:\/\/autravail.ca\/product\/soulier-de-travail-pacer-2-0-1062bg\/#primaryimage"},"thumbnailUrl":"https:\/\/autravail.ca\/wp-content\/uploads\/2025\/05\/1062BG_A01.jpg","datePublished":"2025-05-08T06:11:32+00:00","dateModified":"2026-03-31T15:54:22+00:00","description":"Soulier de travail Pacer 2.0 - 1062BG, con\u00e7ue pour les sportifs, la Pacer 2.0 allie agilit\u00e9 et protection dans cette chaussure de s\u00e9curit\u00e9 pour homme","breadcrumb":{"@id":"https:\/\/autravail.ca\/product\/soulier-de-travail-pacer-2-0-1062bg\/#breadcrumb"},"inLanguage":"en-CA","potentialAction":[{"@type":"ReadAction","target":["https:\/\/autravail.ca\/product\/soulier-de-travail-pacer-2-0-1062bg\/"]}]},{"@type":"ImageObject","inLanguage":"en-CA","@id":"https:\/\/autravail.ca\/product\/soulier-de-travail-pacer-2-0-1062bg\/#primaryimage","url":"https:\/\/autravail.ca\/wp-content\/uploads\/2025\/05\/1062BG_A01.jpg","contentUrl":"https:\/\/autravail.ca\/wp-content\/uploads\/2025\/05\/1062BG_A01.jpg","width":1000,"height":1000,"caption":"Soulier de travail Pacer 2.0 - 1062BG"},{"@type":"BreadcrumbList","@id":"https:\/\/autravail.ca\/product\/soulier-de-travail-pacer-2-0-1062bg\/#breadcrumb","itemListElement":[{"@type":"ListItem","position":1,"name":"Accueil","item":"https:\/\/autravail.ca\/"},{"@type":"ListItem","position":2,"name":"Magasin","item":"https:\/\/autravail.ca\/en\/shop\/"},{"@type":"ListItem","position":3,"name":"Soulier de travail Pacer 2.0 &#8211; 1062BG"}]},{"@type":"WebSite","@id":"https:\/\/autravail.ca\/#website","url":"https:\/\/autravail.ca\/","name":"Le Magasin Industriel","description":"50 ans de tradition de s\u00e9curit\u00e9 au travail","publisher":{"@id":"https:\/\/autravail.ca\/#organization"},"potentialAction":[{"@type":"SearchAction","target":{"@type":"EntryPoint","urlTemplate":"https:\/\/autravail.ca\/?s={search_term_string}"},"query-input":{"@type":"PropertyValueSpecification","valueRequired":true,"valueName":"search_term_string"}}],"inLanguage":"en-CA"},{"@type":"Organization","@id":"https:\/\/autravail.ca\/#organization","name":"Le Magasin Industriel","url":"https:\/\/autravail.ca\/","logo":{"@type":"ImageObject","inLanguage":"en-CA","@id":"https:\/\/autravail.ca\/#\/schema\/logo\/image\/","url":"https:\/\/autravail.ca\/wp-content\/uploads\/2025\/05\/cropped-magasin_industriel_120x.avif","contentUrl":"https:\/\/autravail.ca\/wp-content\/uploads\/2025\/05\/cropped-magasin_industriel_120x.avif","width":120,"height":24,"caption":"Le Magasin Industriel"},"image":{"@id":"https:\/\/autravail.ca\/#\/schema\/logo\/image\/"},"sameAs":["https:\/\/www.facebook.com\/lemagasinindustriel\/?locale=fr_FR"]}]}},"jetpack_sharing_enabled":true,"_links":{"self":[{"href":"https:\/\/autravail.ca\/en\/wp-json\/wp\/v2\/product\/25346","targetHints":{"allow":["GET"]}}],"collection":[{"href":"https:\/\/autravail.ca\/en\/wp-json\/wp\/v2\/product"}],"about":[{"href":"https:\/\/autravail.ca\/en\/wp-json\/wp\/v2\/types\/product"}],"replies":[{"embeddable":true,"href":"https:\/\/autravail.ca\/en\/wp-json\/wp\/v2\/comments?post=25346"}],"wp:featuredmedia":[{"embeddable":true,"href":"https:\/\/autravail.ca\/en\/wp-json\/wp\/v2\/media\/8034"}],"wp:attachment":[{"href":"https:\/\/autravail.ca\/en\/wp-json\/wp\/v2\/media?parent=25346"}],"wp:term":[{"taxonomy":"product_cat","embeddable":true,"href":"https:\/\/autravail.ca\/en\/wp-json\/wp\/v2\/product_cat?post=25346"},{"taxonomy":"product_tag","embeddable":true,"href":"https:\/\/autravail.ca\/en\/wp-json\/wp\/v2\/product_tag?post=25346"}],"curies":[{"name":"wp","href":"https:\/\/api.w.org\/{rel}","templated":true}]}}