{"id":25286,"date":"2025-05-08T06:11:17","date_gmt":"2025-05-08T06:11:17","guid":{"rendered":"https:\/\/meteoquebec.ca\/?post_type=product&#038;p=25286"},"modified":"2026-03-11T13:55:41","modified_gmt":"2026-03-11T17:55:41","slug":"keen-botte-de-travail-evanston-1029671m","status":"publish","type":"product","link":"https:\/\/autravail.ca\/en\/product\/keen-botte-de-travail-evanston-1029671m\/","title":{"rendered":"Keen Botte de travail &#8211; Evanston 1029671M"},"content":{"rendered":"<h3><a href=\"\/en\/product-brand\/keen\/\">Keen<\/a> Botte de travail &#8211; Evanston 1029671M<\/h3>\n<p>Keen Botte de travail &#8211; Evanston 1029671M prot\u00e8ge comme une botte de travail et offre la sensation d&rsquo;une basket. Ce mod\u00e8le polyvalent et imperm\u00e9able pour femme de 20 cm est dot\u00e9 d&rsquo;une tige en cuir robuste et d&rsquo;un amorti \u00e0 retour d&rsquo;\u00e9nergie.<\/p>\n<p><img decoding=\"async\" class=\"alignnone size-full wp-image-40117\" src=\"https:\/\/autravail.ca\/wp-content\/uploads\/2025\/09\/Certification-Omega-Triangle-vert.jpg\" alt=\"Certifications Om\u00e9ga Triangle vert\" width=\"193\" height=\"110\" srcset=\"https:\/\/autravail.ca\/wp-content\/uploads\/2025\/09\/Certification-Omega-Triangle-vert.jpg 193w, https:\/\/autravail.ca\/wp-content\/uploads\/2025\/09\/Certification-Omega-Triangle-vert-150x85.jpg 150w, https:\/\/autravail.ca\/wp-content\/uploads\/2025\/09\/Certification-Omega-Triangle-vert-18x10.jpg 18w\" sizes=\"(max-width: 193px) 100vw, 193px\" \/><\/p>\n<p>The left and right asymmetric carbon tips, non-metallic, offer a subtle adjustment and are 15 % lighter than steel.<br \/>\nThe heel at 90 (height of 1\/2 inch) allows for firmly keeping the feet on ladders, scaffolds or uneven surfaces.<br \/>\nThe intermediate flexible non-metallic, perforation resistant textile sole offers foot protection. The plate itself meets ASTM and\/or CSA requirements.<br \/>\nAccording to norms ASTM F3445-21 and F2413-18 F I\/75 C\/75 EH<br \/>\nAccording to the ASTM F2913-19 anti-skid test norms by SATRA<br \/>\nAccording to the ASTM F1677-96 Mark II anti-skid test standards<br \/>\nAccording to the abrasion test standards of materials ASTM SATRA TM31<br \/>\nThe intermediate sole is in conformity with ASTM D471-06 903# standards for chemical resistance to oil and isooctane.<br \/>\nAccording to the CSA Z195-14 Class 1 standards for protection.<\/p>\n<h6>Caract\u00e9ristiques<\/h6>\n<p>The breathable and waterproof KEEN.DRY membrane prevents moisture from getting inside.<br \/>\nExterior sole made of heat-resistant rubber up to 300 C<br \/>\nDesigned around biomechanics and the structure of a woman's foot for improved fitting and comfort<br \/>\nThe profiled heel guard helps to protect against shocks, scuffs, wear and tears.<br \/>\nNylon cylinder for midfoot support<br \/>\nHigh quality environmentally friendly leather from a Leather Working Group (LWG) certified tannery for cleaner water.<br \/>\nThe durable, Waterproof product without PFAS also repels water as well as chemical products without harming the planet.<\/p>\n<h6>Mat\u00e9riels<\/h6>\n<p>KEEN.ReGEN providing up to 50% energy return with each step, offering intermediate light and compressive resistant sole.<br \/>\nExterior rubber sole, resistant to oil and slippage<br \/>\nResistant footwear (EH) or electrical shock (ESR) contributes to providing a secondary source of protection in case of accidental contact of the external sole with live electrical circuits.<br \/>\nRubberized and durable waterproof leather tube\/pole<br \/>\nInner movable metatarsal sole for more comfort and support<br \/>\nMetal lace-up fasteners for dual use<br \/>\nHardware store (metal)<br \/>\nThickness of leather: 1,60-1,80 mm<br \/>\nThe mesh lining offers breathability to help keep feet cool in hot environments<\/p>\n<p><img decoding=\"async\" class=\"alignnone wp-image-40620\" src=\"https:\/\/autravail.ca\/wp-content\/uploads\/2025\/09\/Jachete-quebec-et-canada.jpg\" alt=\"Logo de l'achat local\" width=\"162\" height=\"139\" \/>Merci d&rsquo;encourager une entreprise 100% d&rsquo;ici!<\/p>\n<p>TS2603H<\/p>","protected":false},"excerpt":{"rendered":"<p>Keen Botte de travail &#8211; Evanston 1029671M Keen Botte de travail &#8211; Evanston 1029671M prot\u00e8ge comme une botte de travail et offre la sensation d&rsquo;une basket. Ce mod\u00e8le polyvalent et imperm\u00e9able pour femme de 20 cm est dot\u00e9 d&rsquo;une tige en cuir robuste et d&rsquo;un amorti \u00e0 retour d&rsquo;\u00e9nergie. Les embouts en carbone asym\u00e9triques gauche [&hellip;]<\/p>","protected":false},"featured_media":7955,"comment_status":"open","ping_status":"closed","template":"","meta":[],"product_cat":[613,642,633],"product_tag":[251,252,255,253],"class_list":{"0":"post-25286","1":"product","2":"type-product","3":"status-publish","4":"has-post-thumbnail","6":"product_brand-keen","7":"product_cat-bottes-de-travail","8":"product_cat-bottes-de-travail-femme","9":"product_cat-femmes","10":"product_tag-bottes-de-travail","11":"product_tag-electric-shock-resistant","12":"product_tag-femme","13":"product_tag-sole-protection","15":"first","16":"instock","17":"taxable","18":"shipping-taxable","19":"purchasable","20":"product-type-variable"},"yoast_head":"<!-- This site is optimized with the Yoast SEO plugin v25.3.1 - https:\/\/yoast.com\/wordpress\/plugins\/seo\/ -->\n<title>Keen Botte de travail - Evanston 1029671M - Le Magasin Industriel<\/title>\n<meta name=\"description\" content=\"Keen Botte de travail - Evanston 1029671M embout de carbonne elle prot\u00e8ge comme une botte de travail et offre la sensation d&#039;une basket\" \/>\n<meta name=\"robots\" content=\"index, follow, max-snippet:-1, max-image-preview:large, max-video-preview:-1\" \/>\n<link rel=\"canonical\" href=\"https:\/\/autravail.ca\/en\/product\/keen-botte-de-travail-evanston-1029671m\/\" \/>\n<meta property=\"og:locale\" content=\"en_US\" \/>\n<meta property=\"og:type\" content=\"article\" \/>\n<meta property=\"og:title\" content=\"Keen Botte de travail - Evanston 1029671M - Le Magasin Industriel\" \/>\n<meta property=\"og:description\" content=\"Keen Botte de travail - Evanston 1029671M embout de carbonne elle prot\u00e8ge comme une botte de travail et offre la sensation d&#039;une basket\" \/>\n<meta property=\"og:url\" content=\"https:\/\/autravail.ca\/en\/product\/keen-botte-de-travail-evanston-1029671m\/\" \/>\n<meta property=\"og:site_name\" content=\"Le Magasin Industriel\" \/>\n<meta property=\"article:publisher\" content=\"https:\/\/www.facebook.com\/lemagasinindustriel\/?locale=fr_FR\" \/>\n<meta property=\"article:modified_time\" content=\"2026-03-11T17:55:41+00:00\" \/>\n<meta property=\"og:image\" content=\"https:\/\/autravail.ca\/wp-content\/uploads\/2025\/05\/1029671_A01.jpg\" \/>\n\t<meta property=\"og:image:width\" content=\"1000\" \/>\n\t<meta property=\"og:image:height\" content=\"1000\" \/>\n\t<meta property=\"og:image:type\" content=\"image\/jpeg\" \/>\n<meta name=\"twitter:card\" content=\"summary_large_image\" \/>\n<meta name=\"twitter:label1\" content=\"Est. reading time\" \/>\n\t<meta name=\"twitter:data1\" content=\"3 minutes\" \/>\n<script type=\"application\/ld+json\" class=\"yoast-schema-graph\">{\"@context\":\"https:\/\/schema.org\",\"@graph\":[{\"@type\":\"WebPage\",\"@id\":\"https:\/\/autravail.ca\/product\/keen-botte-de-travail-evanston-1029671m\/\",\"url\":\"https:\/\/autravail.ca\/product\/keen-botte-de-travail-evanston-1029671m\/\",\"name\":\"Keen Botte de travail - Evanston 1029671M - Le Magasin Industriel\",\"isPartOf\":{\"@id\":\"https:\/\/autravail.ca\/#website\"},\"primaryImageOfPage\":{\"@id\":\"https:\/\/autravail.ca\/product\/keen-botte-de-travail-evanston-1029671m\/#primaryimage\"},\"image\":{\"@id\":\"https:\/\/autravail.ca\/product\/keen-botte-de-travail-evanston-1029671m\/#primaryimage\"},\"thumbnailUrl\":\"https:\/\/autravail.ca\/wp-content\/uploads\/2025\/05\/1029671_A01.jpg\",\"datePublished\":\"2025-05-08T06:11:17+00:00\",\"dateModified\":\"2026-03-11T17:55:41+00:00\",\"description\":\"Keen Botte de travail - Evanston 1029671M embout de carbonne elle prot\u00e8ge comme une botte de travail et offre la sensation d'une basket\",\"breadcrumb\":{\"@id\":\"https:\/\/autravail.ca\/product\/keen-botte-de-travail-evanston-1029671m\/#breadcrumb\"},\"inLanguage\":\"en-CA\",\"potentialAction\":[{\"@type\":\"ReadAction\",\"target\":[\"https:\/\/autravail.ca\/product\/keen-botte-de-travail-evanston-1029671m\/\"]}]},{\"@type\":\"ImageObject\",\"inLanguage\":\"en-CA\",\"@id\":\"https:\/\/autravail.ca\/product\/keen-botte-de-travail-evanston-1029671m\/#primaryimage\",\"url\":\"https:\/\/autravail.ca\/wp-content\/uploads\/2025\/05\/1029671_A01.jpg\",\"contentUrl\":\"https:\/\/autravail.ca\/wp-content\/uploads\/2025\/05\/1029671_A01.jpg\",\"width\":1000,\"height\":1000},{\"@type\":\"BreadcrumbList\",\"@id\":\"https:\/\/autravail.ca\/product\/keen-botte-de-travail-evanston-1029671m\/#breadcrumb\",\"itemListElement\":[{\"@type\":\"ListItem\",\"position\":1,\"name\":\"Accueil\",\"item\":\"https:\/\/autravail.ca\/\"},{\"@type\":\"ListItem\",\"position\":2,\"name\":\"Magasin\",\"item\":\"https:\/\/autravail.ca\/en\/shop\/\"},{\"@type\":\"ListItem\",\"position\":3,\"name\":\"Keen Botte de travail &#8211; Evanston 1029671M\"}]},{\"@type\":\"WebSite\",\"@id\":\"https:\/\/autravail.ca\/#website\",\"url\":\"https:\/\/autravail.ca\/\",\"name\":\"Le Magasin Industriel\",\"description\":\"50 ans de tradition de s\u00e9curit\u00e9 au travail\",\"publisher\":{\"@id\":\"https:\/\/autravail.ca\/#organization\"},\"potentialAction\":[{\"@type\":\"SearchAction\",\"target\":{\"@type\":\"EntryPoint\",\"urlTemplate\":\"https:\/\/autravail.ca\/?s={search_term_string}\"},\"query-input\":{\"@type\":\"PropertyValueSpecification\",\"valueRequired\":true,\"valueName\":\"search_term_string\"}}],\"inLanguage\":\"en-CA\"},{\"@type\":\"Organization\",\"@id\":\"https:\/\/autravail.ca\/#organization\",\"name\":\"Le Magasin Industriel\",\"url\":\"https:\/\/autravail.ca\/\",\"logo\":{\"@type\":\"ImageObject\",\"inLanguage\":\"en-CA\",\"@id\":\"https:\/\/autravail.ca\/#\/schema\/logo\/image\/\",\"url\":\"https:\/\/autravail.ca\/wp-content\/uploads\/2025\/05\/cropped-magasin_industriel_120x.avif\",\"contentUrl\":\"https:\/\/autravail.ca\/wp-content\/uploads\/2025\/05\/cropped-magasin_industriel_120x.avif\",\"width\":120,\"height\":24,\"caption\":\"Le Magasin Industriel\"},\"image\":{\"@id\":\"https:\/\/autravail.ca\/#\/schema\/logo\/image\/\"},\"sameAs\":[\"https:\/\/www.facebook.com\/lemagasinindustriel\/?locale=fr_FR\"]}]}<\/script>\n<!-- \/ Yoast SEO plugin. -->","yoast_head_json":{"title":"Keen Botte de travail - Evanston 1029671M - Le Magasin Industriel","description":"Keen Botte de travail - Evanston 1029671M embout de carbonne elle prot\u00e8ge comme une botte de travail et offre la sensation d'une basket","robots":{"index":"index","follow":"follow","max-snippet":"max-snippet:-1","max-image-preview":"max-image-preview:large","max-video-preview":"max-video-preview:-1"},"canonical":"https:\/\/autravail.ca\/en\/product\/keen-botte-de-travail-evanston-1029671m\/","og_locale":"en_US","og_type":"article","og_title":"Keen Botte de travail - Evanston 1029671M - Le Magasin Industriel","og_description":"Keen Botte de travail - Evanston 1029671M embout de carbonne elle prot\u00e8ge comme une botte de travail et offre la sensation d'une basket","og_url":"https:\/\/autravail.ca\/en\/product\/keen-botte-de-travail-evanston-1029671m\/","og_site_name":"Le Magasin Industriel","article_publisher":"https:\/\/www.facebook.com\/lemagasinindustriel\/?locale=fr_FR","article_modified_time":"2026-03-11T17:55:41+00:00","og_image":[{"width":1000,"height":1000,"url":"https:\/\/autravail.ca\/wp-content\/uploads\/2025\/05\/1029671_A01.jpg","type":"image\/jpeg"}],"twitter_card":"summary_large_image","twitter_misc":{"Est. reading time":"3 minutes"},"schema":{"@context":"https:\/\/schema.org","@graph":[{"@type":"WebPage","@id":"https:\/\/autravail.ca\/product\/keen-botte-de-travail-evanston-1029671m\/","url":"https:\/\/autravail.ca\/product\/keen-botte-de-travail-evanston-1029671m\/","name":"Keen Botte de travail - Evanston 1029671M - Le Magasin Industriel","isPartOf":{"@id":"https:\/\/autravail.ca\/#website"},"primaryImageOfPage":{"@id":"https:\/\/autravail.ca\/product\/keen-botte-de-travail-evanston-1029671m\/#primaryimage"},"image":{"@id":"https:\/\/autravail.ca\/product\/keen-botte-de-travail-evanston-1029671m\/#primaryimage"},"thumbnailUrl":"https:\/\/autravail.ca\/wp-content\/uploads\/2025\/05\/1029671_A01.jpg","datePublished":"2025-05-08T06:11:17+00:00","dateModified":"2026-03-11T17:55:41+00:00","description":"Keen Botte de travail - Evanston 1029671M embout de carbonne elle prot\u00e8ge comme une botte de travail et offre la sensation d'une basket","breadcrumb":{"@id":"https:\/\/autravail.ca\/product\/keen-botte-de-travail-evanston-1029671m\/#breadcrumb"},"inLanguage":"en-CA","potentialAction":[{"@type":"ReadAction","target":["https:\/\/autravail.ca\/product\/keen-botte-de-travail-evanston-1029671m\/"]}]},{"@type":"ImageObject","inLanguage":"en-CA","@id":"https:\/\/autravail.ca\/product\/keen-botte-de-travail-evanston-1029671m\/#primaryimage","url":"https:\/\/autravail.ca\/wp-content\/uploads\/2025\/05\/1029671_A01.jpg","contentUrl":"https:\/\/autravail.ca\/wp-content\/uploads\/2025\/05\/1029671_A01.jpg","width":1000,"height":1000},{"@type":"BreadcrumbList","@id":"https:\/\/autravail.ca\/product\/keen-botte-de-travail-evanston-1029671m\/#breadcrumb","itemListElement":[{"@type":"ListItem","position":1,"name":"Accueil","item":"https:\/\/autravail.ca\/"},{"@type":"ListItem","position":2,"name":"Magasin","item":"https:\/\/autravail.ca\/en\/shop\/"},{"@type":"ListItem","position":3,"name":"Keen Botte de travail &#8211; Evanston 1029671M"}]},{"@type":"WebSite","@id":"https:\/\/autravail.ca\/#website","url":"https:\/\/autravail.ca\/","name":"Le Magasin Industriel","description":"50 ans de tradition de s\u00e9curit\u00e9 au travail","publisher":{"@id":"https:\/\/autravail.ca\/#organization"},"potentialAction":[{"@type":"SearchAction","target":{"@type":"EntryPoint","urlTemplate":"https:\/\/autravail.ca\/?s={search_term_string}"},"query-input":{"@type":"PropertyValueSpecification","valueRequired":true,"valueName":"search_term_string"}}],"inLanguage":"en-CA"},{"@type":"Organization","@id":"https:\/\/autravail.ca\/#organization","name":"Le Magasin Industriel","url":"https:\/\/autravail.ca\/","logo":{"@type":"ImageObject","inLanguage":"en-CA","@id":"https:\/\/autravail.ca\/#\/schema\/logo\/image\/","url":"https:\/\/autravail.ca\/wp-content\/uploads\/2025\/05\/cropped-magasin_industriel_120x.avif","contentUrl":"https:\/\/autravail.ca\/wp-content\/uploads\/2025\/05\/cropped-magasin_industriel_120x.avif","width":120,"height":24,"caption":"Le Magasin Industriel"},"image":{"@id":"https:\/\/autravail.ca\/#\/schema\/logo\/image\/"},"sameAs":["https:\/\/www.facebook.com\/lemagasinindustriel\/?locale=fr_FR"]}]}},"jetpack_sharing_enabled":true,"_links":{"self":[{"href":"https:\/\/autravail.ca\/en\/wp-json\/wp\/v2\/product\/25286","targetHints":{"allow":["GET"]}}],"collection":[{"href":"https:\/\/autravail.ca\/en\/wp-json\/wp\/v2\/product"}],"about":[{"href":"https:\/\/autravail.ca\/en\/wp-json\/wp\/v2\/types\/product"}],"replies":[{"embeddable":true,"href":"https:\/\/autravail.ca\/en\/wp-json\/wp\/v2\/comments?post=25286"}],"wp:featuredmedia":[{"embeddable":true,"href":"https:\/\/autravail.ca\/en\/wp-json\/wp\/v2\/media\/7955"}],"wp:attachment":[{"href":"https:\/\/autravail.ca\/en\/wp-json\/wp\/v2\/media?parent=25286"}],"wp:term":[{"taxonomy":"product_cat","embeddable":true,"href":"https:\/\/autravail.ca\/en\/wp-json\/wp\/v2\/product_cat?post=25286"},{"taxonomy":"product_tag","embeddable":true,"href":"https:\/\/autravail.ca\/en\/wp-json\/wp\/v2\/product_tag?post=25286"}],"curies":[{"name":"wp","href":"https:\/\/api.w.org\/{rel}","templated":true}]}}