{"id":25227,"date":"2025-05-08T06:10:58","date_gmt":"2025-05-08T06:10:58","guid":{"rendered":"https:\/\/meteoquebec.ca\/?post_type=product&#038;p=25227"},"modified":"2026-03-11T15:12:33","modified_gmt":"2026-03-11T19:12:33","slug":"keen-soulier-de-travail-reno-1027114","status":"publish","type":"product","link":"https:\/\/autravail.ca\/en\/product\/keen-soulier-de-travail-reno-1027114\/","title":{"rendered":"Keen Soulier de travail &#8211; Reno 1027114"},"content":{"rendered":"<h3><a href=\"\/en\/product-brand\/Keen\/\">Keen<\/a> Soulier de travail &#8211; Reno 1027114<\/h3>\n<p>Keen Soulier de travail &#8211; Reno 1027114 est con\u00e7ue pour l&rsquo;athl\u00e8te industriel, cette chaussure de travail imperm\u00e9able l\u00e9g\u00e8re et polyvalente combine nos fonctionnalit\u00e9s les plus innovantes pour des performances int\u00e9rieures\/ext\u00e9rieures fiables.<\/p>\n<p><img decoding=\"async\" class=\"alignnone size-full wp-image-40117\" src=\"https:\/\/autravail.ca\/wp-content\/uploads\/2025\/09\/Certification-Omega-Triangle-vert.jpg\" alt=\"Certifications Om\u00e9ga Triangle vert\" width=\"193\" height=\"110\" srcset=\"https:\/\/autravail.ca\/wp-content\/uploads\/2025\/09\/Certification-Omega-Triangle-vert.jpg 193w, https:\/\/autravail.ca\/wp-content\/uploads\/2025\/09\/Certification-Omega-Triangle-vert-150x85.jpg 150w, https:\/\/autravail.ca\/wp-content\/uploads\/2025\/09\/Certification-Omega-Triangle-vert-18x10.jpg 18w\" sizes=\"(max-width: 193px) 100vw, 193px\" \/><\/p>\n<ul>\n<li>Waterproof leather tube<\/li>\n<li>Carbon fiber tip<\/li>\n<li>Moisture-wicking knit and fabric.<\/li>\n<li>Oil and Slip Resistant.<\/li>\n<li>The unmarked pole reduces the risk of marking or scratching surfaces.<\/li>\n<li>External rubber sole resistant to oil and slip-resistant.<\/li>\n<li>A midsole intermediate lightweight and compressible.<\/li>\n<li>The intermediate and wear-resistant outsole meets the chemical resistance standards against petroleum and isooctane.<\/li>\n<\/ul>\n<h6 class=\"product-details__list-wrapper\"><span class=\"product-details__list-title\"><span dir=\"auto\">Caract\u00e9ristiques<\/span><\/span><\/h6>\n<div class=\"product-details__list-wrapper\">\n<p>&nbsp;<\/p>\n<ul class=\"product-details__list\">\n<li class=\"product-details__list-item\"><span dir=\"auto\">La membrane imperm\u00e9able et respirante KEEN.DRY emp\u00eache l&rsquo;humidit\u00e9 de p\u00e9n\u00e9trer \u00e0 l&rsquo;int\u00e9rieur<\/span><\/li>\n<li class=\"product-details__list-item\"><span dir=\"auto\">Construction 100 % non m\u00e9tallique pour passer facilement \u00e0 travers les d\u00e9tecteurs de m\u00e9taux dans les zones hautement s\u00e9curis\u00e9es<\/span><\/li>\n<li class=\"product-details__list-item\"><span dir=\"auto\">La tige non mutilante r\u00e9duit le risque de marquer ou de rayer les surfaces<\/span><\/li>\n<li class=\"product-details__list-item\"><span dir=\"auto\">Syst\u00e8me de capture du talon KonnectFit pour une sensation de maintien<\/span><\/li>\n<li class=\"product-details__list-item\"><span dir=\"auto\">La technologie KEEN.BELLOWS FLEX ajoute une zone de flexion con\u00e7ue \u00e0 l&rsquo;avant-pied pour une flexion, une flexion et un travail \u00e0 genoux jusqu&rsquo;\u00e0 3 fois plus faciles<\/span><\/li>\n<li class=\"product-details__list-item\"><span dir=\"auto\">Tige en nylon pour le soutien du milieu du pied<\/span><\/li>\n<li class=\"product-details__list-item\"><span dir=\"auto\">Cuir premium respectueux de l&rsquo;environnement issu d&rsquo;une tannerie certifi\u00e9e LWG pour une eau plus propre<\/span><\/li>\n<li class=\"product-details__list-item\"><span dir=\"auto\">Le produit hydrofuge durable sans PFAS repousse l&rsquo;eau aussi bien que les produits chimiques permanents sans nuire \u00e0 la plan\u00e8te<\/span><\/li>\n<\/ul>\n<\/div>\n<h6 class=\"product-details__list-wrapper\"><span class=\"product-details__list-title\"><span dir=\"auto\">Mat\u00e9riels<\/span><\/span><\/h6>\n<div class=\"product-details__list-wrapper\">\n<p>&nbsp;<\/p>\n<ul class=\"product-details__list\">\n<li class=\"product-details__list-item\"><span dir=\"auto\">Semelle interm\u00e9diaire l\u00e9g\u00e8re et r\u00e9sistante \u00e0 la compression KEEN.ReGEN offrant jusqu&rsquo;\u00e0 50 % de retour d&rsquo;\u00e9nergie \u00e0 chaque pas<\/span><\/li>\n<li class=\"product-details__list-item\"><span dir=\"auto\">Semelle ext\u00e9rieure en caoutchouc non marquante, r\u00e9sistante \u00e0 l&rsquo;huile et antid\u00e9rapante<\/span><\/li>\n<li class=\"product-details__list-item\"><span dir=\"auto\">Resistant footwear (EH) or electrical shock (ESR) contributes to providing a secondary source of protection in case of accidental contact of the external sole with live electrical circuits.<\/span><\/li>\n<li class=\"product-details__list-item\"><span dir=\"auto\">Tige en cuir r\u00e9sistant \u00e0 l&rsquo;eau + mesh technique<\/span><\/li>\n<li class=\"product-details__list-item\"><span dir=\"auto\">Semelle int\u00e9rieure m\u00e9tatomique amovible pour plus de confort et de soutien<\/span><\/li>\n<li class=\"product-details__list-item\"><span dir=\"auto\">Syst\u00e8me de capture de lacets \u00e0 ajustement s\u00e9curis\u00e9<\/span><\/li>\n<li class=\"product-details__list-item\"><span dir=\"auto\">Quincaillerie en nylon<\/span><\/li>\n<li class=\"product-details__list-item\"><span dir=\"auto\">\u00c9paisseur du cuir : 1,60-1,80 mm<\/span><\/li>\n<li class=\"product-details__list-item\"><span dir=\"auto\">La doublure en mesh offre une respirabilit\u00e9 pour aider \u00e0 garder les pieds au frais dans les environnements chauds<\/span><\/li>\n<\/ul>\n<\/div>\n<h6 class=\"product-details__list-wrapper\"><span class=\"product-details__list-title\"><span dir=\"auto\">Interview<\/span><\/span><\/h6>\n<div class=\"product-details__list-wrapper\">\n<p>&nbsp;<\/p>\n<ul class=\"product-details__list\">\n<li class=\"product-details__list-item\"><span dir=\"auto\">Brossez d\u00e9licatement avec une \u00e9ponge douce et humide pour \u00e9liminer les salet\u00e9s non adh\u00e9rentes. Traitez imm\u00e9diatement les taches avec un nettoyant doux. Laissez s\u00e9cher \u00e0 l&rsquo;air libre, \u00e0 l&rsquo;abri de la chaleur.<\/span><\/li>\n<\/ul>\n<\/div>\n<h6 class=\"product-details__list-wrapper\"><span class=\"product-details__list-title\"><span dir=\"auto\">Caract\u00e9ristiques de s\u00e9curit\u00e9<\/span><\/span><\/h6>\n<div class=\"product-details__list-wrapper\">\n<p>&nbsp;<\/p>\n<ul class=\"product-details__list\">\n<li class=\"product-details__list-item\"><span dir=\"auto\">Les embouts asym\u00e9triques gauche et droit en carbone non m\u00e9tallique offrent un ajustement discret et sont 15 % plus l\u00e9gers que l&rsquo;acier<\/span><\/li>\n<li class=\"product-details__list-item\"><span dir=\"auto\">Semelle interm\u00e9diaire r\u00e9sistante aux perforations, non m\u00e9tallique et flexible, en textile tiss\u00e9, offrant une protection optimale sous le pied. La semelle est conforme aux normes ASTM et\/ou CSA.<\/span><\/li>\n<li class=\"product-details__list-item\"><span dir=\"auto\">Sangle r\u00e9fl\u00e9chissante pour plus de s\u00e9curit\u00e9 et de visibilit\u00e9<\/span><\/li>\n<li class=\"product-details__list-item\"><span dir=\"auto\">Conforme aux normes ASTM F3445-21 et F2413-18 MI\/75 C\/75 MT\/75 EH<\/span><\/li>\n<li class=\"product-details__list-item\"><span dir=\"auto\">Conforme aux normes de test antid\u00e9rapantes ASTM F1677-96 Mark II<\/span><\/li>\n<li class=\"product-details__list-item\"><span dir=\"auto\">According to the abrasion test standards of materials ASTM SATRA TM31<\/span><\/li>\n<li class=\"product-details__list-item\"><span dir=\"auto\">La semelle ext\u00e9rieure et la semelle interm\u00e9diaire sont conformes aux normes de r\u00e9sistance chimique ASTM D471-06 903# \u00e0 l&rsquo;huile et \u00e0 l&rsquo;isooctane<\/span><\/li>\n<li class=\"product-details__list-item\"><span dir=\"auto\">Conforme aux normes CSA Z195-14 Grade 1 en mati\u00e8re de protection<\/span><\/li>\n<\/ul>\n<p><img decoding=\"async\" class=\"alignnone wp-image-40620\" src=\"https:\/\/autravail.ca\/wp-content\/uploads\/2025\/09\/Jachete-quebec-et-canada.jpg\" alt=\"Logo de l'achat local\" width=\"162\" height=\"139\" \/>Merci d&rsquo;encourager une entreprise 100% d&rsquo;ici!<\/p>\n<p>TS2603H<\/p>\n<\/div>","protected":false},"excerpt":{"rendered":"<p>Keen Soulier de travail &#8211; Reno 1027114 Keen Soulier de travail &#8211; Reno 1027114 est con\u00e7ue pour l&rsquo;athl\u00e8te industriel, cette chaussure de travail imperm\u00e9able l\u00e9g\u00e8re et polyvalente combine nos fonctionnalit\u00e9s les plus innovantes pour des performances int\u00e9rieures\/ext\u00e9rieures fiables. Tige en cuir imperm\u00e9able. Embout en fibre de carbone. Maille et textile \u00e9vacuant l&rsquo;humidit\u00e9. R\u00e9sistant \u00e0 l&rsquo;huile [&hellip;]<\/p>","protected":false},"featured_media":7890,"comment_status":"open","ping_status":"closed","template":"","meta":[],"product_cat":[645,602],"product_tag":[252,270,242,257],"class_list":{"0":"post-25227","1":"product","2":"type-product","3":"status-publish","4":"has-post-thumbnail","6":"product_brand-keen","7":"product_cat-espadrilles-de-travail","8":"product_cat-hommes","9":"product_tag-electric-shock-resistant","10":"product_tag-espadrilles-de-travail","11":"product_tag-homme","12":"product_tag-souliers-de-travail","14":"first","15":"instock","16":"taxable","17":"shipping-taxable","18":"purchasable","19":"product-type-variable"},"yoast_head":"<!-- This site is optimized with the Yoast SEO plugin v25.3.1 - https:\/\/yoast.com\/wordpress\/plugins\/seo\/ -->\n<title>Keen Soulier de travail - Reno 1027114 - Le Magasin Industriel<\/title>\n<meta name=\"description\" content=\"Keen Soulier de travail - Reno 1027114 avec un embout en carbone est con\u00e7u pour l&#039;athl\u00e8te industriel elle est imperm\u00e9able l\u00e9g\u00e8re et polyvalente\" \/>\n<meta name=\"robots\" content=\"index, follow, max-snippet:-1, max-image-preview:large, max-video-preview:-1\" \/>\n<link rel=\"canonical\" href=\"https:\/\/autravail.ca\/en\/product\/keen-soulier-de-travail-reno-1027114\/\" \/>\n<meta property=\"og:locale\" content=\"en_US\" \/>\n<meta property=\"og:type\" content=\"article\" \/>\n<meta property=\"og:title\" content=\"Keen Soulier de travail - Reno 1027114 - Le Magasin Industriel\" \/>\n<meta property=\"og:description\" content=\"Keen Soulier de travail - Reno 1027114 avec un embout en carbone est con\u00e7u pour l&#039;athl\u00e8te industriel elle est imperm\u00e9able l\u00e9g\u00e8re et polyvalente\" \/>\n<meta property=\"og:url\" content=\"https:\/\/autravail.ca\/en\/product\/keen-soulier-de-travail-reno-1027114\/\" \/>\n<meta property=\"og:site_name\" content=\"Le Magasin Industriel\" \/>\n<meta property=\"article:publisher\" content=\"https:\/\/www.facebook.com\/lemagasinindustriel\/?locale=fr_FR\" \/>\n<meta property=\"article:modified_time\" content=\"2026-03-11T19:12:33+00:00\" \/>\n<meta property=\"og:image\" content=\"https:\/\/autravail.ca\/wp-content\/uploads\/2025\/05\/1027114_A01_1121ad6d-8fd3-4794-9ba8-c32b8362f121.jpg\" \/>\n\t<meta property=\"og:image:width\" content=\"1000\" \/>\n\t<meta property=\"og:image:height\" content=\"1000\" \/>\n\t<meta property=\"og:image:type\" content=\"image\/jpeg\" \/>\n<meta name=\"twitter:card\" content=\"summary_large_image\" \/>\n<meta name=\"twitter:label1\" content=\"Est. reading time\" \/>\n\t<meta name=\"twitter:data1\" content=\"4 minutes\" \/>\n<script type=\"application\/ld+json\" class=\"yoast-schema-graph\">{\"@context\":\"https:\/\/schema.org\",\"@graph\":[{\"@type\":\"WebPage\",\"@id\":\"https:\/\/autravail.ca\/product\/keen-soulier-de-travail-reno-1027114\/\",\"url\":\"https:\/\/autravail.ca\/product\/keen-soulier-de-travail-reno-1027114\/\",\"name\":\"Keen Soulier de travail - Reno 1027114 - Le Magasin Industriel\",\"isPartOf\":{\"@id\":\"https:\/\/autravail.ca\/#website\"},\"primaryImageOfPage\":{\"@id\":\"https:\/\/autravail.ca\/product\/keen-soulier-de-travail-reno-1027114\/#primaryimage\"},\"image\":{\"@id\":\"https:\/\/autravail.ca\/product\/keen-soulier-de-travail-reno-1027114\/#primaryimage\"},\"thumbnailUrl\":\"https:\/\/autravail.ca\/wp-content\/uploads\/2025\/05\/1027114_A01_1121ad6d-8fd3-4794-9ba8-c32b8362f121.jpg\",\"datePublished\":\"2025-05-08T06:10:58+00:00\",\"dateModified\":\"2026-03-11T19:12:33+00:00\",\"description\":\"Keen Soulier de travail - Reno 1027114 avec un embout en carbone est con\u00e7u pour l'athl\u00e8te industriel elle est imperm\u00e9able l\u00e9g\u00e8re et polyvalente\",\"breadcrumb\":{\"@id\":\"https:\/\/autravail.ca\/product\/keen-soulier-de-travail-reno-1027114\/#breadcrumb\"},\"inLanguage\":\"en-CA\",\"potentialAction\":[{\"@type\":\"ReadAction\",\"target\":[\"https:\/\/autravail.ca\/product\/keen-soulier-de-travail-reno-1027114\/\"]}]},{\"@type\":\"ImageObject\",\"inLanguage\":\"en-CA\",\"@id\":\"https:\/\/autravail.ca\/product\/keen-soulier-de-travail-reno-1027114\/#primaryimage\",\"url\":\"https:\/\/autravail.ca\/wp-content\/uploads\/2025\/05\/1027114_A01_1121ad6d-8fd3-4794-9ba8-c32b8362f121.jpg\",\"contentUrl\":\"https:\/\/autravail.ca\/wp-content\/uploads\/2025\/05\/1027114_A01_1121ad6d-8fd3-4794-9ba8-c32b8362f121.jpg\",\"width\":1000,\"height\":1000},{\"@type\":\"BreadcrumbList\",\"@id\":\"https:\/\/autravail.ca\/product\/keen-soulier-de-travail-reno-1027114\/#breadcrumb\",\"itemListElement\":[{\"@type\":\"ListItem\",\"position\":1,\"name\":\"Accueil\",\"item\":\"https:\/\/autravail.ca\/\"},{\"@type\":\"ListItem\",\"position\":2,\"name\":\"Magasin\",\"item\":\"https:\/\/autravail.ca\/en\/shop\/\"},{\"@type\":\"ListItem\",\"position\":3,\"name\":\"Keen Soulier de travail &#8211; Reno 1027114\"}]},{\"@type\":\"WebSite\",\"@id\":\"https:\/\/autravail.ca\/#website\",\"url\":\"https:\/\/autravail.ca\/\",\"name\":\"Le Magasin Industriel\",\"description\":\"50 ans de tradition de s\u00e9curit\u00e9 au travail\",\"publisher\":{\"@id\":\"https:\/\/autravail.ca\/#organization\"},\"potentialAction\":[{\"@type\":\"SearchAction\",\"target\":{\"@type\":\"EntryPoint\",\"urlTemplate\":\"https:\/\/autravail.ca\/?s={search_term_string}\"},\"query-input\":{\"@type\":\"PropertyValueSpecification\",\"valueRequired\":true,\"valueName\":\"search_term_string\"}}],\"inLanguage\":\"en-CA\"},{\"@type\":\"Organization\",\"@id\":\"https:\/\/autravail.ca\/#organization\",\"name\":\"Le Magasin Industriel\",\"url\":\"https:\/\/autravail.ca\/\",\"logo\":{\"@type\":\"ImageObject\",\"inLanguage\":\"en-CA\",\"@id\":\"https:\/\/autravail.ca\/#\/schema\/logo\/image\/\",\"url\":\"https:\/\/autravail.ca\/wp-content\/uploads\/2025\/05\/cropped-magasin_industriel_120x.avif\",\"contentUrl\":\"https:\/\/autravail.ca\/wp-content\/uploads\/2025\/05\/cropped-magasin_industriel_120x.avif\",\"width\":120,\"height\":24,\"caption\":\"Le Magasin Industriel\"},\"image\":{\"@id\":\"https:\/\/autravail.ca\/#\/schema\/logo\/image\/\"},\"sameAs\":[\"https:\/\/www.facebook.com\/lemagasinindustriel\/?locale=fr_FR\"]}]}<\/script>\n<!-- \/ Yoast SEO plugin. -->","yoast_head_json":{"title":"Keen Soulier de travail - Reno 1027114 - Le Magasin Industriel","description":"Keen Soulier de travail - Reno 1027114 avec un embout en carbone est con\u00e7u pour l'athl\u00e8te industriel elle est imperm\u00e9able l\u00e9g\u00e8re et polyvalente","robots":{"index":"index","follow":"follow","max-snippet":"max-snippet:-1","max-image-preview":"max-image-preview:large","max-video-preview":"max-video-preview:-1"},"canonical":"https:\/\/autravail.ca\/en\/product\/keen-soulier-de-travail-reno-1027114\/","og_locale":"en_US","og_type":"article","og_title":"Keen Soulier de travail - Reno 1027114 - Le Magasin Industriel","og_description":"Keen Soulier de travail - Reno 1027114 avec un embout en carbone est con\u00e7u pour l'athl\u00e8te industriel elle est imperm\u00e9able l\u00e9g\u00e8re et polyvalente","og_url":"https:\/\/autravail.ca\/en\/product\/keen-soulier-de-travail-reno-1027114\/","og_site_name":"Le Magasin Industriel","article_publisher":"https:\/\/www.facebook.com\/lemagasinindustriel\/?locale=fr_FR","article_modified_time":"2026-03-11T19:12:33+00:00","og_image":[{"width":1000,"height":1000,"url":"https:\/\/autravail.ca\/wp-content\/uploads\/2025\/05\/1027114_A01_1121ad6d-8fd3-4794-9ba8-c32b8362f121.jpg","type":"image\/jpeg"}],"twitter_card":"summary_large_image","twitter_misc":{"Est. reading time":"4 minutes"},"schema":{"@context":"https:\/\/schema.org","@graph":[{"@type":"WebPage","@id":"https:\/\/autravail.ca\/product\/keen-soulier-de-travail-reno-1027114\/","url":"https:\/\/autravail.ca\/product\/keen-soulier-de-travail-reno-1027114\/","name":"Keen Soulier de travail - Reno 1027114 - Le Magasin Industriel","isPartOf":{"@id":"https:\/\/autravail.ca\/#website"},"primaryImageOfPage":{"@id":"https:\/\/autravail.ca\/product\/keen-soulier-de-travail-reno-1027114\/#primaryimage"},"image":{"@id":"https:\/\/autravail.ca\/product\/keen-soulier-de-travail-reno-1027114\/#primaryimage"},"thumbnailUrl":"https:\/\/autravail.ca\/wp-content\/uploads\/2025\/05\/1027114_A01_1121ad6d-8fd3-4794-9ba8-c32b8362f121.jpg","datePublished":"2025-05-08T06:10:58+00:00","dateModified":"2026-03-11T19:12:33+00:00","description":"Keen Soulier de travail - Reno 1027114 avec un embout en carbone est con\u00e7u pour l'athl\u00e8te industriel elle est imperm\u00e9able l\u00e9g\u00e8re et polyvalente","breadcrumb":{"@id":"https:\/\/autravail.ca\/product\/keen-soulier-de-travail-reno-1027114\/#breadcrumb"},"inLanguage":"en-CA","potentialAction":[{"@type":"ReadAction","target":["https:\/\/autravail.ca\/product\/keen-soulier-de-travail-reno-1027114\/"]}]},{"@type":"ImageObject","inLanguage":"en-CA","@id":"https:\/\/autravail.ca\/product\/keen-soulier-de-travail-reno-1027114\/#primaryimage","url":"https:\/\/autravail.ca\/wp-content\/uploads\/2025\/05\/1027114_A01_1121ad6d-8fd3-4794-9ba8-c32b8362f121.jpg","contentUrl":"https:\/\/autravail.ca\/wp-content\/uploads\/2025\/05\/1027114_A01_1121ad6d-8fd3-4794-9ba8-c32b8362f121.jpg","width":1000,"height":1000},{"@type":"BreadcrumbList","@id":"https:\/\/autravail.ca\/product\/keen-soulier-de-travail-reno-1027114\/#breadcrumb","itemListElement":[{"@type":"ListItem","position":1,"name":"Accueil","item":"https:\/\/autravail.ca\/"},{"@type":"ListItem","position":2,"name":"Magasin","item":"https:\/\/autravail.ca\/en\/shop\/"},{"@type":"ListItem","position":3,"name":"Keen Soulier de travail &#8211; Reno 1027114"}]},{"@type":"WebSite","@id":"https:\/\/autravail.ca\/#website","url":"https:\/\/autravail.ca\/","name":"Le Magasin Industriel","description":"50 ans de tradition de s\u00e9curit\u00e9 au travail","publisher":{"@id":"https:\/\/autravail.ca\/#organization"},"potentialAction":[{"@type":"SearchAction","target":{"@type":"EntryPoint","urlTemplate":"https:\/\/autravail.ca\/?s={search_term_string}"},"query-input":{"@type":"PropertyValueSpecification","valueRequired":true,"valueName":"search_term_string"}}],"inLanguage":"en-CA"},{"@type":"Organization","@id":"https:\/\/autravail.ca\/#organization","name":"Le Magasin Industriel","url":"https:\/\/autravail.ca\/","logo":{"@type":"ImageObject","inLanguage":"en-CA","@id":"https:\/\/autravail.ca\/#\/schema\/logo\/image\/","url":"https:\/\/autravail.ca\/wp-content\/uploads\/2025\/05\/cropped-magasin_industriel_120x.avif","contentUrl":"https:\/\/autravail.ca\/wp-content\/uploads\/2025\/05\/cropped-magasin_industriel_120x.avif","width":120,"height":24,"caption":"Le Magasin Industriel"},"image":{"@id":"https:\/\/autravail.ca\/#\/schema\/logo\/image\/"},"sameAs":["https:\/\/www.facebook.com\/lemagasinindustriel\/?locale=fr_FR"]}]}},"jetpack_sharing_enabled":true,"_links":{"self":[{"href":"https:\/\/autravail.ca\/en\/wp-json\/wp\/v2\/product\/25227","targetHints":{"allow":["GET"]}}],"collection":[{"href":"https:\/\/autravail.ca\/en\/wp-json\/wp\/v2\/product"}],"about":[{"href":"https:\/\/autravail.ca\/en\/wp-json\/wp\/v2\/types\/product"}],"replies":[{"embeddable":true,"href":"https:\/\/autravail.ca\/en\/wp-json\/wp\/v2\/comments?post=25227"}],"wp:featuredmedia":[{"embeddable":true,"href":"https:\/\/autravail.ca\/en\/wp-json\/wp\/v2\/media\/7890"}],"wp:attachment":[{"href":"https:\/\/autravail.ca\/en\/wp-json\/wp\/v2\/media?parent=25227"}],"wp:term":[{"taxonomy":"product_cat","embeddable":true,"href":"https:\/\/autravail.ca\/en\/wp-json\/wp\/v2\/product_cat?post=25227"},{"taxonomy":"product_tag","embeddable":true,"href":"https:\/\/autravail.ca\/en\/wp-json\/wp\/v2\/product_tag?post=25227"}],"curies":[{"name":"wp","href":"https:\/\/api.w.org\/{rel}","templated":true}]}}