{"id":25225,"date":"2025-05-08T06:10:57","date_gmt":"2025-05-08T06:10:57","guid":{"rendered":"https:\/\/meteoquebec.ca\/?post_type=product&#038;p=25225"},"modified":"2026-03-11T15:11:54","modified_gmt":"2026-03-11T19:11:54","slug":"keen-bottillon-de-travail-san-jose-1026380","status":"publish","type":"product","link":"https:\/\/autravail.ca\/en\/product\/keen-bottillon-de-travail-san-jose-1026380\/","title":{"rendered":"Keen Bottillon de travail &#8211; San Jose 1026380"},"content":{"rendered":"<h3><a href=\"\/en\/product-brand\/Keen\/\">Keen<\/a> Bottillon de travail &#8211; San Jose 1026380<\/h3>\n<p>Keen bottillon de travail San Jose 1026380 est enti\u00e8rement en cuir, avec une semelle interm\u00e9diaire \u00e0 air, des caract\u00e9ristiques de s\u00e9curit\u00e9 l\u00e9g\u00e8res et une coupe sp\u00e9cifique aux femmes, cette botte de travail imperm\u00e9able de 6 pouces offre une sensation et des performances incomparables.<\/p>\n<p><img decoding=\"async\" class=\"alignnone size-full wp-image-40117\" src=\"https:\/\/autravail.ca\/wp-content\/uploads\/2025\/09\/Certification-Omega-Triangle-vert.jpg\" alt=\"Certifications Om\u00e9ga Triangle vert\" width=\"193\" height=\"110\" srcset=\"https:\/\/autravail.ca\/wp-content\/uploads\/2025\/09\/Certification-Omega-Triangle-vert.jpg 193w, https:\/\/autravail.ca\/wp-content\/uploads\/2025\/09\/Certification-Omega-Triangle-vert-150x85.jpg 150w, https:\/\/autravail.ca\/wp-content\/uploads\/2025\/09\/Certification-Omega-Triangle-vert-18x10.jpg 18w\" sizes=\"(max-width: 193px) 100vw, 193px\" \/><\/p>\n<ul class=\"product-details__list\">\n<li class=\"product-details__list-item\">Molded metatarsal plantar seat in movable polyurethane.<\/li>\n<li class=\"product-details__list-item\">KEEN Luftcell: Interspersed Polyurethane Sole with Air Infusion for Light Comfort.<\/li>\n<li class=\"product-details__list-item\">Non-marking oil and fall-resistant rubber outsole<\/li>\n<li class=\"product-details__list-item\">The left and right asymmetrical aluminum caps weigh 35% less than steel ones and offer a more elegant look.<\/li>\n<li class=\"product-details__list-item\">Designed according to biomechanics and the female foot structure.<\/li>\n<li class=\"product-details__list-item\">Breathable and waterproof KEEN.DRY.<\/li>\n<li class=\"product-details__list-item\">Interlocking Sole ASTM\/CSA Certified, Non-Metallic, Woven, Flexible, Puncture Resistant for Underfoot Protection.<\/li>\n<li class=\"product-details__list-item\">Shellback Heel Support<\/li>\n<li class=\"product-details__list-item\">Nylon Cambrion for midfoot support.<\/li>\n<li class=\"product-details__list-item\">The shoes equipped with the Danger Electric (DE) or Electrical Resistance to Charges (RDE) technology offer a secondary source of protection when they accidentally come into contact with live electrical circuits.<\/li>\n<li class=\"product-details__list-item\">Quality Leather with an Eco-Friendly Viewpoint from a certified LWG tanning.<\/li>\n<li class=\"product-details__list-item\">PFC-free, durable and waterproof.<\/li>\n<\/ul>\n<h6 class=\"product-details__list-wrapper\"><span class=\"product-details__list-title\"><span dir=\"auto\">Caract\u00e9ristiques<\/span><\/span><\/h6>\n<div class=\"product-details__list-wrapper\">\n<p>&nbsp;<\/p>\n<ul class=\"product-details__list\">\n<li class=\"product-details__list-item\"><span dir=\"auto\">Les embouts asym\u00e9triques gauche et droit en aluminium p\u00e8sent 35 % de moins que l&rsquo;acier et offrent une apparence plus \u00e9l\u00e9gante<\/span><\/li>\n<li class=\"product-details__list-item\"><span dir=\"auto\">Construit autour de la biom\u00e9canique et de la structure du pied d&rsquo;une femme<\/span><\/li>\n<li class=\"product-details__list-item\"><span dir=\"auto\">Membrane imperm\u00e9able et respirante KEEN.DRY<\/span><\/li>\n<li class=\"product-details__list-item\"><span dir=\"auto\">Semelle interm\u00e9diaire en textile tiss\u00e9 flexible, non m\u00e9tallique et r\u00e9sistante aux perforations, certifi\u00e9e ASTM\/CSA, pour une protection optimale de la plante du pied<\/span><\/li>\n<li class=\"product-details__list-item\"><span dir=\"auto\">Support de talon Shellback<\/span><\/li>\n<li class=\"product-details__list-item\"><span dir=\"auto\">Tige en nylon pour le soutien du milieu du pied<\/span><\/li>\n<li class=\"product-details__list-item\"><span dir=\"auto\">Les chaussures r\u00e9sistantes aux risques \u00e9lectriques (EH) ou aux chocs \u00e9lectriques (ESR) constituent une source secondaire de protection en cas de contact accidentel avec des circuits \u00e9lectriques sous tension.<\/span><\/li>\n<li class=\"product-details__list-item\"><span dir=\"auto\">Cuir premium respectueux de l&rsquo;environnement issu d&rsquo;une tannerie certifi\u00e9e LWG<\/span><\/li>\n<li class=\"product-details__list-item\"><span dir=\"auto\">Hydrofuge durable et sans PFC<\/span><\/li>\n<\/ul>\n<\/div>\n<h6 class=\"product-details__list-wrapper\"><span class=\"product-details__list-title\"><span dir=\"auto\">Mat\u00e9riels<\/span><\/span><\/h6>\n<div class=\"product-details__list-wrapper\">\n<p>&nbsp;<\/p>\n<ul class=\"product-details__list\">\n<li class=\"product-details__list-item\"><span dir=\"auto\">Waterproof Leather Pipe<\/span><\/li>\n<li class=\"product-details__list-item\"><span dir=\"auto\">Semelle int\u00e9rieure m\u00e9tatomique amovible en PU<\/span><\/li>\n<li class=\"product-details__list-item\"><span dir=\"auto\">KEEN Luftcell : Semelle interm\u00e9diaire en PU infus\u00e9e d&rsquo;air pour un confort en apesanteur<\/span><\/li>\n<li class=\"product-details__list-item\"><span dir=\"auto\">Semelle ext\u00e9rieure en caoutchouc non marquante, r\u00e9sistante \u00e0 l&rsquo;huile et antid\u00e9rapante<\/span><\/li>\n<\/ul>\n<\/div>\n<h6 class=\"product-details__list-wrapper\"><span class=\"product-details__list-title\"><span dir=\"auto\">Interview<\/span><\/span><\/h6>\n<div class=\"product-details__list-wrapper\">\n<p>&nbsp;<\/p>\n<ul class=\"product-details__list\">\n<li class=\"product-details__list-item\"><span dir=\"auto\">Brossez d\u00e9licatement le cuir avec une brosse \u00e0 poils doux ou un essuie-mains pour \u00e9liminer la salet\u00e9 et les d\u00e9bris. Les taches tenaces peuvent n\u00e9cessiter un nettoyant pour cuir.<\/span><\/li>\n<\/ul>\n<\/div>\n<h6 class=\"product-details__list-wrapper\"><span class=\"product-details__list-title\"><span dir=\"auto\">Caract\u00e9ristiques de s\u00e9curit\u00e9<\/span><\/span><\/h6>\n<div class=\"product-details__list-wrapper\">\n<p>&nbsp;<\/p>\n<ul class=\"product-details__list\">\n<li class=\"product-details__list-item\"><span dir=\"auto\">Conforme aux normes ASTM F3445-21 et F2413-18 MI\/75 C\/75 EH<\/span><\/li>\n<li class=\"product-details__list-item\"><span dir=\"auto\">Conforme aux normes de test antid\u00e9rapantes ASTM F1677-96 Mark II<\/span><\/li>\n<li class=\"product-details__list-item\"><span dir=\"auto\">La semelle ext\u00e9rieure et la semelle interm\u00e9diaire sont conformes aux normes de r\u00e9sistance chimique ASTM D471-06 903# \u00e0 l&rsquo;huile et \u00e0 l&rsquo;isooctane<\/span><\/li>\n<\/ul>\n<p><img decoding=\"async\" class=\"alignnone wp-image-40620\" src=\"https:\/\/autravail.ca\/wp-content\/uploads\/2025\/09\/Jachete-quebec-et-canada.jpg\" alt=\"Logo de l'achat local\" width=\"162\" height=\"139\" \/>Merci d&rsquo;encourager une entreprise 100% d&rsquo;ici!<\/p>\n<p>TS2603H<\/p>\n<\/div>","protected":false},"excerpt":{"rendered":"<p>Keen Bottillon de travail &#8211; San Jose 1026380 Keen bottillon de travail San Jose 1026380 est enti\u00e8rement en cuir, avec une semelle interm\u00e9diaire \u00e0 air, des caract\u00e9ristiques de s\u00e9curit\u00e9 l\u00e9g\u00e8res et une coupe sp\u00e9cifique aux femmes, cette botte de travail imperm\u00e9able de 6 pouces offre une sensation et des performances incomparables. Assise plantaire m\u00e9tatomique en [&hellip;]<\/p>","protected":false},"featured_media":7854,"comment_status":"open","ping_status":"closed","template":"","meta":[],"product_cat":[621,633],"product_tag":[260,252,255,253],"class_list":{"0":"post-25225","1":"product","2":"type-product","3":"status-publish","4":"has-post-thumbnail","6":"product_brand-keen","7":"product_cat-bottes-de-travail-6","8":"product_cat-femmes","9":"product_tag-bottillons-de-travail","10":"product_tag-electric-shock-resistant","11":"product_tag-femme","12":"product_tag-sole-protection","14":"first","15":"instock","16":"taxable","17":"shipping-taxable","18":"purchasable","19":"product-type-variable"},"yoast_head":"<!-- This site is optimized with the Yoast SEO plugin v25.3.1 - https:\/\/yoast.com\/wordpress\/plugins\/seo\/ -->\n<title>Keen Bottillon de travail - San Jose 1026380 - Le Magasin Industriel<\/title>\n<meta name=\"description\" content=\"Keen Bottillon de travail - San Jose 1026380 enti\u00e8rement en cuir avec une semelle interm\u00e9diaire \u00e0 air l\u00e9g\u00e8re et une coupe sp\u00e9cifique aux femmes\" \/>\n<meta name=\"robots\" content=\"index, follow, max-snippet:-1, max-image-preview:large, max-video-preview:-1\" \/>\n<link rel=\"canonical\" href=\"https:\/\/autravail.ca\/en\/product\/keen-bottillon-de-travail-san-jose-1026380\/\" \/>\n<meta property=\"og:locale\" content=\"en_US\" \/>\n<meta property=\"og:type\" content=\"article\" \/>\n<meta property=\"og:title\" content=\"Keen Bottillon de travail - San Jose 1026380 - Le Magasin Industriel\" \/>\n<meta property=\"og:description\" content=\"Keen Bottillon de travail - San Jose 1026380 enti\u00e8rement en cuir avec une semelle interm\u00e9diaire \u00e0 air l\u00e9g\u00e8re et une coupe sp\u00e9cifique aux femmes\" \/>\n<meta property=\"og:url\" content=\"https:\/\/autravail.ca\/en\/product\/keen-bottillon-de-travail-san-jose-1026380\/\" \/>\n<meta property=\"og:site_name\" content=\"Le Magasin Industriel\" \/>\n<meta property=\"article:publisher\" content=\"https:\/\/www.facebook.com\/lemagasinindustriel\/?locale=fr_FR\" \/>\n<meta property=\"article:modified_time\" content=\"2026-03-11T19:11:54+00:00\" \/>\n<meta property=\"og:image\" content=\"https:\/\/autravail.ca\/wp-content\/uploads\/2025\/05\/1026380_A01_a9ba286c-43fc-481c-a2cf-3b927c78ab09.jpg\" \/>\n\t<meta property=\"og:image:width\" content=\"1000\" \/>\n\t<meta property=\"og:image:height\" content=\"1000\" \/>\n\t<meta property=\"og:image:type\" content=\"image\/jpeg\" \/>\n<meta name=\"twitter:card\" content=\"summary_large_image\" \/>\n<meta name=\"twitter:label1\" content=\"Est. reading time\" \/>\n\t<meta name=\"twitter:data1\" content=\"3 minutes\" \/>\n<script type=\"application\/ld+json\" class=\"yoast-schema-graph\">{\"@context\":\"https:\/\/schema.org\",\"@graph\":[{\"@type\":\"WebPage\",\"@id\":\"https:\/\/autravail.ca\/product\/keen-bottillon-de-travail-san-jose-1026380\/\",\"url\":\"https:\/\/autravail.ca\/product\/keen-bottillon-de-travail-san-jose-1026380\/\",\"name\":\"Keen Bottillon de travail - San Jose 1026380 - Le Magasin Industriel\",\"isPartOf\":{\"@id\":\"https:\/\/autravail.ca\/#website\"},\"primaryImageOfPage\":{\"@id\":\"https:\/\/autravail.ca\/product\/keen-bottillon-de-travail-san-jose-1026380\/#primaryimage\"},\"image\":{\"@id\":\"https:\/\/autravail.ca\/product\/keen-bottillon-de-travail-san-jose-1026380\/#primaryimage\"},\"thumbnailUrl\":\"https:\/\/autravail.ca\/wp-content\/uploads\/2025\/05\/1026380_A01_a9ba286c-43fc-481c-a2cf-3b927c78ab09.jpg\",\"datePublished\":\"2025-05-08T06:10:57+00:00\",\"dateModified\":\"2026-03-11T19:11:54+00:00\",\"description\":\"Keen Bottillon de travail - San Jose 1026380 enti\u00e8rement en cuir avec une semelle interm\u00e9diaire \u00e0 air l\u00e9g\u00e8re et une coupe sp\u00e9cifique aux femmes\",\"breadcrumb\":{\"@id\":\"https:\/\/autravail.ca\/product\/keen-bottillon-de-travail-san-jose-1026380\/#breadcrumb\"},\"inLanguage\":\"en-CA\",\"potentialAction\":[{\"@type\":\"ReadAction\",\"target\":[\"https:\/\/autravail.ca\/product\/keen-bottillon-de-travail-san-jose-1026380\/\"]}]},{\"@type\":\"ImageObject\",\"inLanguage\":\"en-CA\",\"@id\":\"https:\/\/autravail.ca\/product\/keen-bottillon-de-travail-san-jose-1026380\/#primaryimage\",\"url\":\"https:\/\/autravail.ca\/wp-content\/uploads\/2025\/05\/1026380_A01_a9ba286c-43fc-481c-a2cf-3b927c78ab09.jpg\",\"contentUrl\":\"https:\/\/autravail.ca\/wp-content\/uploads\/2025\/05\/1026380_A01_a9ba286c-43fc-481c-a2cf-3b927c78ab09.jpg\",\"width\":1000,\"height\":1000},{\"@type\":\"BreadcrumbList\",\"@id\":\"https:\/\/autravail.ca\/product\/keen-bottillon-de-travail-san-jose-1026380\/#breadcrumb\",\"itemListElement\":[{\"@type\":\"ListItem\",\"position\":1,\"name\":\"Accueil\",\"item\":\"https:\/\/autravail.ca\/\"},{\"@type\":\"ListItem\",\"position\":2,\"name\":\"Magasin\",\"item\":\"https:\/\/autravail.ca\/en\/shop\/\"},{\"@type\":\"ListItem\",\"position\":3,\"name\":\"Keen Bottillon de travail &#8211; San Jose 1026380\"}]},{\"@type\":\"WebSite\",\"@id\":\"https:\/\/autravail.ca\/#website\",\"url\":\"https:\/\/autravail.ca\/\",\"name\":\"Le Magasin Industriel\",\"description\":\"50 ans de tradition de s\u00e9curit\u00e9 au travail\",\"publisher\":{\"@id\":\"https:\/\/autravail.ca\/#organization\"},\"potentialAction\":[{\"@type\":\"SearchAction\",\"target\":{\"@type\":\"EntryPoint\",\"urlTemplate\":\"https:\/\/autravail.ca\/?s={search_term_string}\"},\"query-input\":{\"@type\":\"PropertyValueSpecification\",\"valueRequired\":true,\"valueName\":\"search_term_string\"}}],\"inLanguage\":\"en-CA\"},{\"@type\":\"Organization\",\"@id\":\"https:\/\/autravail.ca\/#organization\",\"name\":\"Le Magasin Industriel\",\"url\":\"https:\/\/autravail.ca\/\",\"logo\":{\"@type\":\"ImageObject\",\"inLanguage\":\"en-CA\",\"@id\":\"https:\/\/autravail.ca\/#\/schema\/logo\/image\/\",\"url\":\"https:\/\/autravail.ca\/wp-content\/uploads\/2025\/05\/cropped-magasin_industriel_120x.avif\",\"contentUrl\":\"https:\/\/autravail.ca\/wp-content\/uploads\/2025\/05\/cropped-magasin_industriel_120x.avif\",\"width\":120,\"height\":24,\"caption\":\"Le Magasin Industriel\"},\"image\":{\"@id\":\"https:\/\/autravail.ca\/#\/schema\/logo\/image\/\"},\"sameAs\":[\"https:\/\/www.facebook.com\/lemagasinindustriel\/?locale=fr_FR\"]}]}<\/script>\n<!-- \/ Yoast SEO plugin. -->","yoast_head_json":{"title":"Keen Bottillon de travail - San Jose 1026380 - Le Magasin Industriel","description":"Keen Bottillon de travail - San Jose 1026380 enti\u00e8rement en cuir avec une semelle interm\u00e9diaire \u00e0 air l\u00e9g\u00e8re et une coupe sp\u00e9cifique aux femmes","robots":{"index":"index","follow":"follow","max-snippet":"max-snippet:-1","max-image-preview":"max-image-preview:large","max-video-preview":"max-video-preview:-1"},"canonical":"https:\/\/autravail.ca\/en\/product\/keen-bottillon-de-travail-san-jose-1026380\/","og_locale":"en_US","og_type":"article","og_title":"Keen Bottillon de travail - San Jose 1026380 - Le Magasin Industriel","og_description":"Keen Bottillon de travail - San Jose 1026380 enti\u00e8rement en cuir avec une semelle interm\u00e9diaire \u00e0 air l\u00e9g\u00e8re et une coupe sp\u00e9cifique aux femmes","og_url":"https:\/\/autravail.ca\/en\/product\/keen-bottillon-de-travail-san-jose-1026380\/","og_site_name":"Le Magasin Industriel","article_publisher":"https:\/\/www.facebook.com\/lemagasinindustriel\/?locale=fr_FR","article_modified_time":"2026-03-11T19:11:54+00:00","og_image":[{"width":1000,"height":1000,"url":"https:\/\/autravail.ca\/wp-content\/uploads\/2025\/05\/1026380_A01_a9ba286c-43fc-481c-a2cf-3b927c78ab09.jpg","type":"image\/jpeg"}],"twitter_card":"summary_large_image","twitter_misc":{"Est. reading time":"3 minutes"},"schema":{"@context":"https:\/\/schema.org","@graph":[{"@type":"WebPage","@id":"https:\/\/autravail.ca\/product\/keen-bottillon-de-travail-san-jose-1026380\/","url":"https:\/\/autravail.ca\/product\/keen-bottillon-de-travail-san-jose-1026380\/","name":"Keen Bottillon de travail - San Jose 1026380 - Le Magasin Industriel","isPartOf":{"@id":"https:\/\/autravail.ca\/#website"},"primaryImageOfPage":{"@id":"https:\/\/autravail.ca\/product\/keen-bottillon-de-travail-san-jose-1026380\/#primaryimage"},"image":{"@id":"https:\/\/autravail.ca\/product\/keen-bottillon-de-travail-san-jose-1026380\/#primaryimage"},"thumbnailUrl":"https:\/\/autravail.ca\/wp-content\/uploads\/2025\/05\/1026380_A01_a9ba286c-43fc-481c-a2cf-3b927c78ab09.jpg","datePublished":"2025-05-08T06:10:57+00:00","dateModified":"2026-03-11T19:11:54+00:00","description":"Keen Bottillon de travail - San Jose 1026380 enti\u00e8rement en cuir avec une semelle interm\u00e9diaire \u00e0 air l\u00e9g\u00e8re et une coupe sp\u00e9cifique aux femmes","breadcrumb":{"@id":"https:\/\/autravail.ca\/product\/keen-bottillon-de-travail-san-jose-1026380\/#breadcrumb"},"inLanguage":"en-CA","potentialAction":[{"@type":"ReadAction","target":["https:\/\/autravail.ca\/product\/keen-bottillon-de-travail-san-jose-1026380\/"]}]},{"@type":"ImageObject","inLanguage":"en-CA","@id":"https:\/\/autravail.ca\/product\/keen-bottillon-de-travail-san-jose-1026380\/#primaryimage","url":"https:\/\/autravail.ca\/wp-content\/uploads\/2025\/05\/1026380_A01_a9ba286c-43fc-481c-a2cf-3b927c78ab09.jpg","contentUrl":"https:\/\/autravail.ca\/wp-content\/uploads\/2025\/05\/1026380_A01_a9ba286c-43fc-481c-a2cf-3b927c78ab09.jpg","width":1000,"height":1000},{"@type":"BreadcrumbList","@id":"https:\/\/autravail.ca\/product\/keen-bottillon-de-travail-san-jose-1026380\/#breadcrumb","itemListElement":[{"@type":"ListItem","position":1,"name":"Accueil","item":"https:\/\/autravail.ca\/"},{"@type":"ListItem","position":2,"name":"Magasin","item":"https:\/\/autravail.ca\/en\/shop\/"},{"@type":"ListItem","position":3,"name":"Keen Bottillon de travail &#8211; San Jose 1026380"}]},{"@type":"WebSite","@id":"https:\/\/autravail.ca\/#website","url":"https:\/\/autravail.ca\/","name":"Le Magasin Industriel","description":"50 ans de tradition de s\u00e9curit\u00e9 au travail","publisher":{"@id":"https:\/\/autravail.ca\/#organization"},"potentialAction":[{"@type":"SearchAction","target":{"@type":"EntryPoint","urlTemplate":"https:\/\/autravail.ca\/?s={search_term_string}"},"query-input":{"@type":"PropertyValueSpecification","valueRequired":true,"valueName":"search_term_string"}}],"inLanguage":"en-CA"},{"@type":"Organization","@id":"https:\/\/autravail.ca\/#organization","name":"Le Magasin Industriel","url":"https:\/\/autravail.ca\/","logo":{"@type":"ImageObject","inLanguage":"en-CA","@id":"https:\/\/autravail.ca\/#\/schema\/logo\/image\/","url":"https:\/\/autravail.ca\/wp-content\/uploads\/2025\/05\/cropped-magasin_industriel_120x.avif","contentUrl":"https:\/\/autravail.ca\/wp-content\/uploads\/2025\/05\/cropped-magasin_industriel_120x.avif","width":120,"height":24,"caption":"Le Magasin Industriel"},"image":{"@id":"https:\/\/autravail.ca\/#\/schema\/logo\/image\/"},"sameAs":["https:\/\/www.facebook.com\/lemagasinindustriel\/?locale=fr_FR"]}]}},"jetpack_sharing_enabled":true,"_links":{"self":[{"href":"https:\/\/autravail.ca\/en\/wp-json\/wp\/v2\/product\/25225","targetHints":{"allow":["GET"]}}],"collection":[{"href":"https:\/\/autravail.ca\/en\/wp-json\/wp\/v2\/product"}],"about":[{"href":"https:\/\/autravail.ca\/en\/wp-json\/wp\/v2\/types\/product"}],"replies":[{"embeddable":true,"href":"https:\/\/autravail.ca\/en\/wp-json\/wp\/v2\/comments?post=25225"}],"wp:featuredmedia":[{"embeddable":true,"href":"https:\/\/autravail.ca\/en\/wp-json\/wp\/v2\/media\/7854"}],"wp:attachment":[{"href":"https:\/\/autravail.ca\/en\/wp-json\/wp\/v2\/media?parent=25225"}],"wp:term":[{"taxonomy":"product_cat","embeddable":true,"href":"https:\/\/autravail.ca\/en\/wp-json\/wp\/v2\/product_cat?post=25225"},{"taxonomy":"product_tag","embeddable":true,"href":"https:\/\/autravail.ca\/en\/wp-json\/wp\/v2\/product_tag?post=25225"}],"curies":[{"name":"wp","href":"https:\/\/api.w.org\/{rel}","templated":true}]}}