{"id":25196,"date":"2025-05-08T06:10:46","date_gmt":"2025-05-08T06:10:46","guid":{"rendered":"https:\/\/meteoquebec.ca\/?post_type=product&#038;p=25196"},"modified":"2026-03-11T13:57:52","modified_gmt":"2026-03-11T17:57:52","slug":"keen-botte-de-travail-roswell-mid-1026379","status":"publish","type":"product","link":"https:\/\/autravail.ca\/en\/product\/keen-botte-de-travail-roswell-mid-1026379\/","title":{"rendered":"Keen Botte de travail &#8211; Roswell Mid 1026379"},"content":{"rendered":"<h3><a href=\"\/en\/product-brand\/Keen\/\">Keen<\/a> Botte de travail &#8211; Roswell Mid 1026379<\/h3>\n<p>La conception rabattable de la Keen botte de travail Roswell Mid 1026379 offre une combinaison de protection robuste de la cheville lorsque vous en avez besoin et de performances sur chantier par temps chaud lorsque les conditions l&rsquo;exigent.<\/p>\n<p><img decoding=\"async\" class=\"alignnone size-full wp-image-40117\" src=\"https:\/\/autravail.ca\/wp-content\/uploads\/2025\/09\/Certification-Omega-Triangle-vert.jpg\" alt=\"Certifications Om\u00e9ga Triangle vert\" width=\"193\" height=\"110\" srcset=\"https:\/\/autravail.ca\/wp-content\/uploads\/2025\/09\/Certification-Omega-Triangle-vert.jpg 193w, https:\/\/autravail.ca\/wp-content\/uploads\/2025\/09\/Certification-Omega-Triangle-vert-150x85.jpg 150w, https:\/\/autravail.ca\/wp-content\/uploads\/2025\/09\/Certification-Omega-Triangle-vert-18x10.jpg 18w\" sizes=\"(max-width: 193px) 100vw, 193px\" \/><\/p>\n<ul>\n<li>Safety boots adapted to the conditions of workers facing summer heat.<\/li>\n<li>Canvas lace-up provides a breathable and light boots.<\/li>\n<li>Possibility to fold down the shaft for transforming the 8\" boots into a 6\".<\/li>\n<li>Exterior rubber sole (non-marking and anti-slip)<\/li>\n<li>Intercalary sole KEEN. ReGEN, an intermediate, light and compressible sole.<\/li>\n<li>Carbon Fiber Plate and Sleeve.<\/li>\n<li>Removable inner sole in PU.<\/li>\n<li>Certified Protection by CSA and ESR<\/li>\n<\/ul>\n<h6 class=\"product-details__list-wrapper\"><span class=\"product-details__list-title\"><span dir=\"auto\">Caract\u00e9ristiques<\/span><\/span><\/h6>\n<div class=\"product-details__list-wrapper\">\n<p>&nbsp;<\/p>\n<ul class=\"product-details__list\">\n<li class=\"product-details__list-item\"><span dir=\"auto\">Tige en nylon pour le soutien du milieu du pied<\/span><\/li>\n<li class=\"product-details__list-item\"><span dir=\"auto\">Cuir premium respectueux de l&rsquo;environnement issu d&rsquo;une tannerie certifi\u00e9e LWG pour une eau plus propre<\/span><\/li>\n<\/ul>\n<\/div>\n<h6 class=\"product-details__list-wrapper\"><span class=\"product-details__list-title\"><span dir=\"auto\">Mat\u00e9riels<\/span><\/span><\/h6>\n<div class=\"product-details__list-wrapper\">\n<p>&nbsp;<\/p>\n<ul class=\"product-details__list\">\n<li class=\"product-details__list-item\"><span dir=\"auto\">Semelle interm\u00e9diaire l\u00e9g\u00e8re et r\u00e9sistante \u00e0 la compression KEEN.ReGEN offrant jusqu&rsquo;\u00e0 50 % de retour d&rsquo;\u00e9nergie \u00e0 chaque pas<\/span><\/li>\n<li class=\"product-details__list-item\"><span dir=\"auto\">Semelle ext\u00e9rieure en caoutchouc non marquante, r\u00e9sistante \u00e0 l&rsquo;huile et antid\u00e9rapante<\/span><\/li>\n<li class=\"product-details__list-item\"><span dir=\"auto\">Resistant footwear (EH) or electrical shock (ESR) contributes to providing a secondary source of protection in case of accidental contact of the external sole with live electrical circuits.<\/span><\/li>\n<li class=\"product-details__list-item\"><span dir=\"auto\">Tige en toile respirante<\/span><\/li>\n<li class=\"product-details__list-item\"><span dir=\"auto\">Semelle int\u00e9rieure m\u00e9tatomique amovible pour plus de confort et de soutien<\/span><\/li>\n<li class=\"product-details__list-item\"><span dir=\"auto\">Quincaillerie m\u00e9tallique<\/span><\/li>\n<li class=\"product-details__list-item\"><span dir=\"auto\">La doublure en mesh offre une respirabilit\u00e9 pour aider \u00e0 garder les pieds au frais dans les environnements chauds<\/span><\/li>\n<\/ul>\n<\/div>\n<h6 class=\"product-details__list-wrapper\"><span class=\"product-details__list-title\"><span dir=\"auto\">Interview<\/span><\/span><\/h6>\n<div class=\"product-details__list-wrapper\">\n<p>&nbsp;<\/p>\n<ul class=\"product-details__list\">\n<li class=\"product-details__list-item\"><span dir=\"auto\">Brossez d\u00e9licatement avec une \u00e9ponge douce et humide pour \u00e9liminer les salet\u00e9s non adh\u00e9rentes. Traitez imm\u00e9diatement les taches avec un nettoyant doux.<\/span><\/li>\n<\/ul>\n<\/div>\n<h6 class=\"product-details__list-wrapper\"><span class=\"product-details__list-title\"><span dir=\"auto\">Caract\u00e9ristiques de s\u00e9curit\u00e9<\/span><\/span><\/h6>\n<div class=\"product-details__list-wrapper\">\n<p>&nbsp;<\/p>\n<ul class=\"product-details__list\">\n<li class=\"product-details__list-item\"><span dir=\"auto\">Les embouts asym\u00e9triques gauche et droit en carbone non m\u00e9tallique offrent un ajustement discret et sont 15 % plus l\u00e9gers que l&rsquo;acier<\/span><\/li>\n<li class=\"product-details__list-item\"><span dir=\"auto\">Semelle interm\u00e9diaire r\u00e9sistante aux perforations, non m\u00e9tallique et flexible, en textile tiss\u00e9, offrant une protection optimale sous le pied. La semelle est conforme aux normes ASTM et\/ou CSA.<\/span><\/li>\n<li class=\"product-details__list-item\"><span dir=\"auto\">Conforme aux normes ASTM F3445-21 et F2413-18 MI\/75 C\/75 MT\/75 EH<\/span><\/li>\n<li class=\"product-details__list-item\"><span dir=\"auto\">Conforme aux normes de test antid\u00e9rapantes ASTM F1677-96 Mark II<\/span><\/li>\n<li class=\"product-details__list-item\"><span dir=\"auto\">La semelle ext\u00e9rieure et la semelle interm\u00e9diaire sont conformes aux normes de r\u00e9sistance chimique ASTM D471-06 903# \u00e0 l&rsquo;huile et \u00e0 l&rsquo;isooctane<\/span><\/li>\n<li class=\"product-details__list-item\"><span dir=\"auto\">Conforme aux normes CSA Z195-14 Grade 1 en mati\u00e8re de protection<\/span><\/li>\n<\/ul>\n<p><img decoding=\"async\" class=\"alignnone wp-image-40620\" src=\"https:\/\/autravail.ca\/wp-content\/uploads\/2025\/09\/Jachete-quebec-et-canada.jpg\" alt=\"Logo de l'achat local\" width=\"162\" height=\"139\" \/>Merci d&rsquo;encourager une entreprise 100% d&rsquo;ici!<\/p>\n<p>TS2603H<\/p>\n<\/div>","protected":false},"excerpt":{"rendered":"<p>Keen Botte de travail &#8211; Roswell Mid 1026379 La conception rabattable de la Keen botte de travail Roswell Mid 1026379 offre une combinaison de protection robuste de la cheville lorsque vous en avez besoin et de performances sur chantier par temps chaud lorsque les conditions l&rsquo;exigent. Bottes de s\u00e9curit\u00e9 adapt\u00e9es aux conditions du travailleurs confront\u00e9 [&hellip;]<\/p>","protected":false},"featured_media":7836,"comment_status":"open","ping_status":"closed","template":"","meta":[],"product_cat":[637],"product_tag":[251,252,242,273,261,278,253,274],"class_list":{"0":"post-25196","1":"product","2":"type-product","3":"status-publish","4":"has-post-thumbnail","6":"product_brand-keen","7":"product_cat-nos-modeles-populaires","8":"product_tag-bottes-de-travail","9":"product_tag-electric-shock-resistant","10":"product_tag-homme","11":"product_tag-new","12":"product_tag-novago","13":"product_tag-populaire","14":"product_tag-sole-protection","15":"product_tag-vedette","17":"first","18":"instock","19":"taxable","20":"shipping-taxable","21":"purchasable","22":"product-type-variable"},"yoast_head":"<!-- This site is optimized with the Yoast SEO plugin v25.3.1 - https:\/\/yoast.com\/wordpress\/plugins\/seo\/ -->\n<title>Keen Botte de travail - Roswell Mid 1026379 - Le Magasin Industriel<\/title>\n<meta name=\"description\" content=\"Keen Botte de travail - Roswell Mid 1026379 la conception rabattable offre une combinaison de protection robuste de la cheville\" \/>\n<meta name=\"robots\" content=\"index, follow, max-snippet:-1, max-image-preview:large, max-video-preview:-1\" \/>\n<link rel=\"canonical\" href=\"https:\/\/autravail.ca\/en\/product\/keen-botte-de-travail-roswell-mid-1026379\/\" \/>\n<meta property=\"og:locale\" content=\"en_US\" \/>\n<meta property=\"og:type\" content=\"article\" \/>\n<meta property=\"og:title\" content=\"Keen Botte de travail - Roswell Mid 1026379 - Le Magasin Industriel\" \/>\n<meta property=\"og:description\" content=\"Keen Botte de travail - Roswell Mid 1026379 la conception rabattable offre une combinaison de protection robuste de la cheville\" \/>\n<meta property=\"og:url\" content=\"https:\/\/autravail.ca\/en\/product\/keen-botte-de-travail-roswell-mid-1026379\/\" \/>\n<meta property=\"og:site_name\" content=\"Le Magasin Industriel\" \/>\n<meta property=\"article:publisher\" content=\"https:\/\/www.facebook.com\/lemagasinindustriel\/?locale=fr_FR\" \/>\n<meta property=\"article:modified_time\" content=\"2026-03-11T17:57:52+00:00\" \/>\n<meta property=\"og:image\" content=\"https:\/\/autravail.ca\/wp-content\/uploads\/2025\/05\/1026379_A01_158d4a1c-83c0-4e0b-84bd-f67981f55435.jpg\" \/>\n\t<meta property=\"og:image:width\" content=\"1000\" \/>\n\t<meta property=\"og:image:height\" content=\"1000\" \/>\n\t<meta property=\"og:image:type\" content=\"image\/jpeg\" \/>\n<meta name=\"twitter:card\" content=\"summary_large_image\" \/>\n<meta name=\"twitter:label1\" content=\"Est. reading time\" \/>\n\t<meta name=\"twitter:data1\" content=\"3 minutes\" \/>\n<script type=\"application\/ld+json\" class=\"yoast-schema-graph\">{\"@context\":\"https:\/\/schema.org\",\"@graph\":[{\"@type\":\"WebPage\",\"@id\":\"https:\/\/autravail.ca\/product\/keen-botte-de-travail-roswell-mid-1026379\/\",\"url\":\"https:\/\/autravail.ca\/product\/keen-botte-de-travail-roswell-mid-1026379\/\",\"name\":\"Keen Botte de travail - Roswell Mid 1026379 - Le Magasin Industriel\",\"isPartOf\":{\"@id\":\"https:\/\/autravail.ca\/#website\"},\"primaryImageOfPage\":{\"@id\":\"https:\/\/autravail.ca\/product\/keen-botte-de-travail-roswell-mid-1026379\/#primaryimage\"},\"image\":{\"@id\":\"https:\/\/autravail.ca\/product\/keen-botte-de-travail-roswell-mid-1026379\/#primaryimage\"},\"thumbnailUrl\":\"https:\/\/autravail.ca\/wp-content\/uploads\/2025\/05\/1026379_A01_158d4a1c-83c0-4e0b-84bd-f67981f55435.jpg\",\"datePublished\":\"2025-05-08T06:10:46+00:00\",\"dateModified\":\"2026-03-11T17:57:52+00:00\",\"description\":\"Keen Botte de travail - Roswell Mid 1026379 la conception rabattable offre une combinaison de protection robuste de la cheville\",\"breadcrumb\":{\"@id\":\"https:\/\/autravail.ca\/product\/keen-botte-de-travail-roswell-mid-1026379\/#breadcrumb\"},\"inLanguage\":\"en-CA\",\"potentialAction\":[{\"@type\":\"ReadAction\",\"target\":[\"https:\/\/autravail.ca\/product\/keen-botte-de-travail-roswell-mid-1026379\/\"]}]},{\"@type\":\"ImageObject\",\"inLanguage\":\"en-CA\",\"@id\":\"https:\/\/autravail.ca\/product\/keen-botte-de-travail-roswell-mid-1026379\/#primaryimage\",\"url\":\"https:\/\/autravail.ca\/wp-content\/uploads\/2025\/05\/1026379_A01_158d4a1c-83c0-4e0b-84bd-f67981f55435.jpg\",\"contentUrl\":\"https:\/\/autravail.ca\/wp-content\/uploads\/2025\/05\/1026379_A01_158d4a1c-83c0-4e0b-84bd-f67981f55435.jpg\",\"width\":1000,\"height\":1000},{\"@type\":\"BreadcrumbList\",\"@id\":\"https:\/\/autravail.ca\/product\/keen-botte-de-travail-roswell-mid-1026379\/#breadcrumb\",\"itemListElement\":[{\"@type\":\"ListItem\",\"position\":1,\"name\":\"Accueil\",\"item\":\"https:\/\/autravail.ca\/\"},{\"@type\":\"ListItem\",\"position\":2,\"name\":\"Magasin\",\"item\":\"https:\/\/autravail.ca\/en\/shop\/\"},{\"@type\":\"ListItem\",\"position\":3,\"name\":\"Keen Botte de travail &#8211; Roswell Mid 1026379\"}]},{\"@type\":\"WebSite\",\"@id\":\"https:\/\/autravail.ca\/#website\",\"url\":\"https:\/\/autravail.ca\/\",\"name\":\"Le Magasin Industriel\",\"description\":\"50 ans de tradition de s\u00e9curit\u00e9 au travail\",\"publisher\":{\"@id\":\"https:\/\/autravail.ca\/#organization\"},\"potentialAction\":[{\"@type\":\"SearchAction\",\"target\":{\"@type\":\"EntryPoint\",\"urlTemplate\":\"https:\/\/autravail.ca\/?s={search_term_string}\"},\"query-input\":{\"@type\":\"PropertyValueSpecification\",\"valueRequired\":true,\"valueName\":\"search_term_string\"}}],\"inLanguage\":\"en-CA\"},{\"@type\":\"Organization\",\"@id\":\"https:\/\/autravail.ca\/#organization\",\"name\":\"Le Magasin Industriel\",\"url\":\"https:\/\/autravail.ca\/\",\"logo\":{\"@type\":\"ImageObject\",\"inLanguage\":\"en-CA\",\"@id\":\"https:\/\/autravail.ca\/#\/schema\/logo\/image\/\",\"url\":\"https:\/\/autravail.ca\/wp-content\/uploads\/2025\/05\/cropped-magasin_industriel_120x.avif\",\"contentUrl\":\"https:\/\/autravail.ca\/wp-content\/uploads\/2025\/05\/cropped-magasin_industriel_120x.avif\",\"width\":120,\"height\":24,\"caption\":\"Le Magasin Industriel\"},\"image\":{\"@id\":\"https:\/\/autravail.ca\/#\/schema\/logo\/image\/\"},\"sameAs\":[\"https:\/\/www.facebook.com\/lemagasinindustriel\/?locale=fr_FR\"]}]}<\/script>\n<!-- \/ Yoast SEO plugin. -->","yoast_head_json":{"title":"Keen Botte de travail - Roswell Mid 1026379 - Le Magasin Industriel","description":"Keen Botte de travail - Roswell Mid 1026379 la conception rabattable offre une combinaison de protection robuste de la cheville","robots":{"index":"index","follow":"follow","max-snippet":"max-snippet:-1","max-image-preview":"max-image-preview:large","max-video-preview":"max-video-preview:-1"},"canonical":"https:\/\/autravail.ca\/en\/product\/keen-botte-de-travail-roswell-mid-1026379\/","og_locale":"en_US","og_type":"article","og_title":"Keen Botte de travail - Roswell Mid 1026379 - Le Magasin Industriel","og_description":"Keen Botte de travail - Roswell Mid 1026379 la conception rabattable offre une combinaison de protection robuste de la cheville","og_url":"https:\/\/autravail.ca\/en\/product\/keen-botte-de-travail-roswell-mid-1026379\/","og_site_name":"Le Magasin Industriel","article_publisher":"https:\/\/www.facebook.com\/lemagasinindustriel\/?locale=fr_FR","article_modified_time":"2026-03-11T17:57:52+00:00","og_image":[{"width":1000,"height":1000,"url":"https:\/\/autravail.ca\/wp-content\/uploads\/2025\/05\/1026379_A01_158d4a1c-83c0-4e0b-84bd-f67981f55435.jpg","type":"image\/jpeg"}],"twitter_card":"summary_large_image","twitter_misc":{"Est. reading time":"3 minutes"},"schema":{"@context":"https:\/\/schema.org","@graph":[{"@type":"WebPage","@id":"https:\/\/autravail.ca\/product\/keen-botte-de-travail-roswell-mid-1026379\/","url":"https:\/\/autravail.ca\/product\/keen-botte-de-travail-roswell-mid-1026379\/","name":"Keen Botte de travail - Roswell Mid 1026379 - Le Magasin Industriel","isPartOf":{"@id":"https:\/\/autravail.ca\/#website"},"primaryImageOfPage":{"@id":"https:\/\/autravail.ca\/product\/keen-botte-de-travail-roswell-mid-1026379\/#primaryimage"},"image":{"@id":"https:\/\/autravail.ca\/product\/keen-botte-de-travail-roswell-mid-1026379\/#primaryimage"},"thumbnailUrl":"https:\/\/autravail.ca\/wp-content\/uploads\/2025\/05\/1026379_A01_158d4a1c-83c0-4e0b-84bd-f67981f55435.jpg","datePublished":"2025-05-08T06:10:46+00:00","dateModified":"2026-03-11T17:57:52+00:00","description":"Keen Botte de travail - Roswell Mid 1026379 la conception rabattable offre une combinaison de protection robuste de la cheville","breadcrumb":{"@id":"https:\/\/autravail.ca\/product\/keen-botte-de-travail-roswell-mid-1026379\/#breadcrumb"},"inLanguage":"en-CA","potentialAction":[{"@type":"ReadAction","target":["https:\/\/autravail.ca\/product\/keen-botte-de-travail-roswell-mid-1026379\/"]}]},{"@type":"ImageObject","inLanguage":"en-CA","@id":"https:\/\/autravail.ca\/product\/keen-botte-de-travail-roswell-mid-1026379\/#primaryimage","url":"https:\/\/autravail.ca\/wp-content\/uploads\/2025\/05\/1026379_A01_158d4a1c-83c0-4e0b-84bd-f67981f55435.jpg","contentUrl":"https:\/\/autravail.ca\/wp-content\/uploads\/2025\/05\/1026379_A01_158d4a1c-83c0-4e0b-84bd-f67981f55435.jpg","width":1000,"height":1000},{"@type":"BreadcrumbList","@id":"https:\/\/autravail.ca\/product\/keen-botte-de-travail-roswell-mid-1026379\/#breadcrumb","itemListElement":[{"@type":"ListItem","position":1,"name":"Accueil","item":"https:\/\/autravail.ca\/"},{"@type":"ListItem","position":2,"name":"Magasin","item":"https:\/\/autravail.ca\/en\/shop\/"},{"@type":"ListItem","position":3,"name":"Keen Botte de travail &#8211; Roswell Mid 1026379"}]},{"@type":"WebSite","@id":"https:\/\/autravail.ca\/#website","url":"https:\/\/autravail.ca\/","name":"Le Magasin Industriel","description":"50 ans de tradition de s\u00e9curit\u00e9 au travail","publisher":{"@id":"https:\/\/autravail.ca\/#organization"},"potentialAction":[{"@type":"SearchAction","target":{"@type":"EntryPoint","urlTemplate":"https:\/\/autravail.ca\/?s={search_term_string}"},"query-input":{"@type":"PropertyValueSpecification","valueRequired":true,"valueName":"search_term_string"}}],"inLanguage":"en-CA"},{"@type":"Organization","@id":"https:\/\/autravail.ca\/#organization","name":"Le Magasin Industriel","url":"https:\/\/autravail.ca\/","logo":{"@type":"ImageObject","inLanguage":"en-CA","@id":"https:\/\/autravail.ca\/#\/schema\/logo\/image\/","url":"https:\/\/autravail.ca\/wp-content\/uploads\/2025\/05\/cropped-magasin_industriel_120x.avif","contentUrl":"https:\/\/autravail.ca\/wp-content\/uploads\/2025\/05\/cropped-magasin_industriel_120x.avif","width":120,"height":24,"caption":"Le Magasin Industriel"},"image":{"@id":"https:\/\/autravail.ca\/#\/schema\/logo\/image\/"},"sameAs":["https:\/\/www.facebook.com\/lemagasinindustriel\/?locale=fr_FR"]}]}},"jetpack_sharing_enabled":true,"_links":{"self":[{"href":"https:\/\/autravail.ca\/en\/wp-json\/wp\/v2\/product\/25196","targetHints":{"allow":["GET"]}}],"collection":[{"href":"https:\/\/autravail.ca\/en\/wp-json\/wp\/v2\/product"}],"about":[{"href":"https:\/\/autravail.ca\/en\/wp-json\/wp\/v2\/types\/product"}],"replies":[{"embeddable":true,"href":"https:\/\/autravail.ca\/en\/wp-json\/wp\/v2\/comments?post=25196"}],"wp:featuredmedia":[{"embeddable":true,"href":"https:\/\/autravail.ca\/en\/wp-json\/wp\/v2\/media\/7836"}],"wp:attachment":[{"href":"https:\/\/autravail.ca\/en\/wp-json\/wp\/v2\/media?parent=25196"}],"wp:term":[{"taxonomy":"product_cat","embeddable":true,"href":"https:\/\/autravail.ca\/en\/wp-json\/wp\/v2\/product_cat?post=25196"},{"taxonomy":"product_tag","embeddable":true,"href":"https:\/\/autravail.ca\/en\/wp-json\/wp\/v2\/product_tag?post=25196"}],"curies":[{"name":"wp","href":"https:\/\/api.w.org\/{rel}","templated":true}]}}