{"id":25195,"date":"2025-05-08T06:10:46","date_gmt":"2025-05-08T06:10:46","guid":{"rendered":"https:\/\/meteoquebec.ca\/?post_type=product&#038;p=25195"},"modified":"2026-03-11T15:14:49","modified_gmt":"2026-03-11T19:14:49","slug":"keen-soulier-de-travail-vista-energy-shift-1026377","status":"publish","type":"product","link":"https:\/\/autravail.ca\/en\/product\/keen-soulier-de-travail-vista-energy-shift-1026377\/","title":{"rendered":"Keen Soulier de travail &#8211; Vista Energy Shift 1026377"},"content":{"rendered":"<h3><a href=\"\/en\/product-brand\/Keen\/\">Keen<\/a> Soulier de travail &#8211; Vista Energy Shift 1026377<\/h3>\n<p>Keen soulier de travail Vista Energy Shift 1026377 est con\u00e7ue avec un amorti de semelle interm\u00e9diaire r\u00e9volutionnaire et une tige respirante, cette sneaker de travail \u00e0 enfiler offre un soutien dynamique facile \u00e0 enfiler et \u00e0 enlever.<\/p>\n<p><img decoding=\"async\" class=\"alignnone size-full wp-image-40117\" src=\"https:\/\/autravail.ca\/wp-content\/uploads\/2025\/09\/Certification-Omega-Triangle-vert.jpg\" alt=\"Certifications Om\u00e9ga Triangle vert\" width=\"193\" height=\"110\" srcset=\"https:\/\/autravail.ca\/wp-content\/uploads\/2025\/09\/Certification-Omega-Triangle-vert.jpg 193w, https:\/\/autravail.ca\/wp-content\/uploads\/2025\/09\/Certification-Omega-Triangle-vert-150x85.jpg 150w, https:\/\/autravail.ca\/wp-content\/uploads\/2025\/09\/Certification-Omega-Triangle-vert-18x10.jpg 18w\" sizes=\"(max-width: 193px) 100vw, 193px\" \/><\/p>\n<ul>\n<li>Ultra light athletic sneakers without laces.<\/li>\n<li>Synthetic 3D Printed Nylon Tube.<\/li>\n<li>Sports Loafer  Pull On<\/li>\n<li>Exterior Sole in Marking-Free, Anti-Slip Rubber.<\/li>\n<li>Intercalary sole KEEN. ReGEN, an intermediate, light and compressible sole.<\/li>\n<li>Plate and composite ferrule.<\/li>\n<li>Interchangeable inner sole in PU metatonic.<\/li>\n<li>ESR Protection<\/li>\n<\/ul>\n<h6 class=\"product-details__list-wrapper\"><span class=\"product-details__list-title\"><span dir=\"auto\">Caract\u00e9ristiques<\/span><\/span><\/h6>\n<div class=\"product-details__list-wrapper\">\n<p>&nbsp;<\/p>\n<ul class=\"product-details__list\">\n<li class=\"product-details__list-item\"><span dir=\"auto\">Construction 100 % non m\u00e9tallique pour passer facilement \u00e0 travers les d\u00e9tecteurs de m\u00e9taux dans les zones hautement s\u00e9curis\u00e9es<\/span><\/li>\n<li class=\"product-details__list-item\"><span dir=\"auto\">La tige non mutilante r\u00e9duit le risque de marquer ou de rayer les surfaces<\/span><\/li>\n<li class=\"product-details__list-item\"><span dir=\"auto\">Tige en nylon pour le soutien du milieu du pied<\/span><\/li>\n<\/ul>\n<\/div>\n<h6 class=\"product-details__list-wrapper\"><span class=\"product-details__list-title\"><span dir=\"auto\">Mat\u00e9riels<\/span><\/span><\/h6>\n<div class=\"product-details__list-wrapper\">\n<p>&nbsp;<\/p>\n<ul class=\"product-details__list\">\n<li class=\"product-details__list-item\"><span dir=\"auto\">Semelle interm\u00e9diaire l\u00e9g\u00e8re et r\u00e9sistante \u00e0 la compression KEEN.ReGEN offrant jusqu&rsquo;\u00e0 50 % de retour d&rsquo;\u00e9nergie \u00e0 chaque pas<\/span><\/li>\n<li class=\"product-details__list-item\"><span dir=\"auto\">Semelle ext\u00e9rieure en caoutchouc non marquante, r\u00e9sistante \u00e0 l&rsquo;huile et antid\u00e9rapante<\/span><\/li>\n<li class=\"product-details__list-item\"><span dir=\"auto\">Resistant footwear (EH) or electrical shock (ESR) contributes to providing a secondary source of protection in case of accidental contact of the external sole with live electrical circuits.<\/span><\/li>\n<li class=\"product-details__list-item\"><span dir=\"auto\">Semelle int\u00e9rieure m\u00e9tatomique amovible pour plus de confort et de soutien<\/span><\/li>\n<li class=\"product-details__list-item\"><span dir=\"auto\">La doublure en mesh offre une respirabilit\u00e9 pour aider \u00e0 garder les pieds au frais dans les environnements chauds<\/span><\/li>\n<\/ul>\n<\/div>\n<h6 class=\"product-details__list-wrapper\"><span class=\"product-details__list-title\"><span dir=\"auto\">Interview<\/span><\/span><\/h6>\n<div class=\"product-details__list-wrapper\">\n<p>&nbsp;<\/p>\n<ul class=\"product-details__list\">\n<li class=\"product-details__list-item\"><span dir=\"auto\">Brossez d\u00e9licatement avec une \u00e9ponge douce et humide pour \u00e9liminer les salet\u00e9s non adh\u00e9rentes. Traitez imm\u00e9diatement les taches avec un nettoyant doux. Laissez s\u00e9cher \u00e0 l&rsquo;air libre, \u00e0 l&rsquo;abri de la chaleur.<\/span><\/li>\n<\/ul>\n<\/div>\n<h6 class=\"product-details__list-wrapper\"><span class=\"product-details__list-title\"><span dir=\"auto\">Caract\u00e9ristiques de s\u00e9curit\u00e9<\/span><\/span><\/h6>\n<div class=\"product-details__list-wrapper\">\n<p>&nbsp;<\/p>\n<ul class=\"product-details__list\">\n<li class=\"product-details__list-item\"><span dir=\"auto\">Les embouts asym\u00e9triques gauche et droit en carbone non m\u00e9tallique offrent un ajustement discret et sont 15 % plus l\u00e9gers que l&rsquo;acier<\/span><\/li>\n<li class=\"product-details__list-item\"><span dir=\"auto\">Semelle interm\u00e9diaire r\u00e9sistante aux perforations, non m\u00e9tallique et flexible, en textile tiss\u00e9, offrant une protection optimale sous le pied. La semelle est conforme aux normes ASTM et\/ou CSA.<\/span><\/li>\n<li class=\"product-details__list-item\"><span dir=\"auto\">Conforme aux normes ASTM F3445-21 et F2413-18 FI\/75 C\/75 EH<\/span><\/li>\n<li class=\"product-details__list-item\"><span dir=\"auto\">Conforme aux normes de test antid\u00e9rapantes ASTM F1677-96 Mark II<\/span><\/li>\n<li class=\"product-details__list-item\"><span dir=\"auto\">La semelle interm\u00e9diaire est conforme aux normes de r\u00e9sistance chimique ASTM D471-06 903# \u00e0 l&rsquo;huile et \u00e0 l&rsquo;isooctane<\/span><\/li>\n<li class=\"product-details__list-item\"><span dir=\"auto\">Conforme aux normes CSA Z195-14 Grade 1 en mati\u00e8re de protection<\/span><\/li>\n<\/ul>\n<p><img decoding=\"async\" class=\"alignnone wp-image-40620\" src=\"https:\/\/autravail.ca\/wp-content\/uploads\/2025\/09\/Jachete-quebec-et-canada.jpg\" alt=\"Logo de l'achat local\" width=\"162\" height=\"139\" \/>Merci d&rsquo;encourager une entreprise 100% d&rsquo;ici!<\/p>\n<p>TS2603H<\/p>\n<\/div>","protected":false},"excerpt":{"rendered":"<p>Keen Soulier de travail &#8211; Vista Energy Shift 1026377 Keen soulier de travail Vista Energy Shift 1026377 est con\u00e7ue avec un amorti de semelle interm\u00e9diaire r\u00e9volutionnaire et une tige respirante, cette sneaker de travail \u00e0 enfiler offre un soutien dynamique facile \u00e0 enfiler et \u00e0 enlever. Souliers athl\u00e9tiques ultra l\u00e9gers et sans lacet. Tige synth\u00e9tique [&hellip;]<\/p>","protected":false},"featured_media":7817,"comment_status":"open","ping_status":"closed","template":"","meta":[],"product_cat":[637],"product_tag":[270,242,273,257,274],"class_list":{"0":"post-25195","1":"product","2":"type-product","3":"status-publish","4":"has-post-thumbnail","6":"product_brand-keen","7":"product_cat-nos-modeles-populaires","8":"product_tag-espadrilles-de-travail","9":"product_tag-homme","10":"product_tag-new","11":"product_tag-souliers-de-travail","12":"product_tag-vedette","14":"first","15":"instock","16":"taxable","17":"shipping-taxable","18":"purchasable","19":"product-type-variable"},"yoast_head":"<!-- This site is optimized with the Yoast SEO plugin v25.3.1 - https:\/\/yoast.com\/wordpress\/plugins\/seo\/ -->\n<title>Keen Soulier de travail - Vista Energy Shift 1026377 - Le Magasin Industriel<\/title>\n<meta name=\"description\" content=\"Keen Soulier de travail - Vista Energy Shift 1026377 est con\u00e7ue avec un amorti de semelle intern\u00e9diaire r\u00e9volutionnaire et une tige respirante\" \/>\n<meta name=\"robots\" content=\"index, follow, max-snippet:-1, max-image-preview:large, max-video-preview:-1\" \/>\n<link rel=\"canonical\" href=\"https:\/\/autravail.ca\/en\/product\/keen-soulier-de-travail-vista-energy-shift-1026377\/\" \/>\n<meta property=\"og:locale\" content=\"en_US\" \/>\n<meta property=\"og:type\" content=\"article\" \/>\n<meta property=\"og:title\" content=\"Keen Soulier de travail - Vista Energy Shift 1026377 - Le Magasin Industriel\" \/>\n<meta property=\"og:description\" content=\"Keen Soulier de travail - Vista Energy Shift 1026377 est con\u00e7ue avec un amorti de semelle intern\u00e9diaire r\u00e9volutionnaire et une tige respirante\" \/>\n<meta property=\"og:url\" content=\"https:\/\/autravail.ca\/en\/product\/keen-soulier-de-travail-vista-energy-shift-1026377\/\" \/>\n<meta property=\"og:site_name\" content=\"Le Magasin Industriel\" \/>\n<meta property=\"article:publisher\" content=\"https:\/\/www.facebook.com\/lemagasinindustriel\/?locale=fr_FR\" \/>\n<meta property=\"article:modified_time\" content=\"2026-03-11T19:14:49+00:00\" \/>\n<meta property=\"og:image\" content=\"https:\/\/autravail.ca\/wp-content\/uploads\/2025\/05\/1026377_A01_9d421374-e388-41a3-a5b0-99e553e3d73f.jpg\" \/>\n\t<meta property=\"og:image:width\" content=\"1000\" \/>\n\t<meta property=\"og:image:height\" content=\"1000\" \/>\n\t<meta property=\"og:image:type\" content=\"image\/jpeg\" \/>\n<meta name=\"twitter:card\" content=\"summary_large_image\" \/>\n<meta name=\"twitter:label1\" content=\"Est. reading time\" \/>\n\t<meta name=\"twitter:data1\" content=\"3 minutes\" \/>\n<script type=\"application\/ld+json\" class=\"yoast-schema-graph\">{\"@context\":\"https:\/\/schema.org\",\"@graph\":[{\"@type\":\"WebPage\",\"@id\":\"https:\/\/autravail.ca\/product\/keen-soulier-de-travail-vista-energy-shift-1026377\/\",\"url\":\"https:\/\/autravail.ca\/product\/keen-soulier-de-travail-vista-energy-shift-1026377\/\",\"name\":\"Keen Soulier de travail - Vista Energy Shift 1026377 - Le Magasin Industriel\",\"isPartOf\":{\"@id\":\"https:\/\/autravail.ca\/#website\"},\"primaryImageOfPage\":{\"@id\":\"https:\/\/autravail.ca\/product\/keen-soulier-de-travail-vista-energy-shift-1026377\/#primaryimage\"},\"image\":{\"@id\":\"https:\/\/autravail.ca\/product\/keen-soulier-de-travail-vista-energy-shift-1026377\/#primaryimage\"},\"thumbnailUrl\":\"https:\/\/autravail.ca\/wp-content\/uploads\/2025\/05\/1026377_A01_9d421374-e388-41a3-a5b0-99e553e3d73f.jpg\",\"datePublished\":\"2025-05-08T06:10:46+00:00\",\"dateModified\":\"2026-03-11T19:14:49+00:00\",\"description\":\"Keen Soulier de travail - Vista Energy Shift 1026377 est con\u00e7ue avec un amorti de semelle intern\u00e9diaire r\u00e9volutionnaire et une tige respirante\",\"breadcrumb\":{\"@id\":\"https:\/\/autravail.ca\/product\/keen-soulier-de-travail-vista-energy-shift-1026377\/#breadcrumb\"},\"inLanguage\":\"en-CA\",\"potentialAction\":[{\"@type\":\"ReadAction\",\"target\":[\"https:\/\/autravail.ca\/product\/keen-soulier-de-travail-vista-energy-shift-1026377\/\"]}]},{\"@type\":\"ImageObject\",\"inLanguage\":\"en-CA\",\"@id\":\"https:\/\/autravail.ca\/product\/keen-soulier-de-travail-vista-energy-shift-1026377\/#primaryimage\",\"url\":\"https:\/\/autravail.ca\/wp-content\/uploads\/2025\/05\/1026377_A01_9d421374-e388-41a3-a5b0-99e553e3d73f.jpg\",\"contentUrl\":\"https:\/\/autravail.ca\/wp-content\/uploads\/2025\/05\/1026377_A01_9d421374-e388-41a3-a5b0-99e553e3d73f.jpg\",\"width\":1000,\"height\":1000},{\"@type\":\"BreadcrumbList\",\"@id\":\"https:\/\/autravail.ca\/product\/keen-soulier-de-travail-vista-energy-shift-1026377\/#breadcrumb\",\"itemListElement\":[{\"@type\":\"ListItem\",\"position\":1,\"name\":\"Accueil\",\"item\":\"https:\/\/autravail.ca\/\"},{\"@type\":\"ListItem\",\"position\":2,\"name\":\"Magasin\",\"item\":\"https:\/\/autravail.ca\/en\/shop\/\"},{\"@type\":\"ListItem\",\"position\":3,\"name\":\"Keen Soulier de travail &#8211; Vista Energy Shift 1026377\"}]},{\"@type\":\"WebSite\",\"@id\":\"https:\/\/autravail.ca\/#website\",\"url\":\"https:\/\/autravail.ca\/\",\"name\":\"Le Magasin Industriel\",\"description\":\"50 ans de tradition de s\u00e9curit\u00e9 au travail\",\"publisher\":{\"@id\":\"https:\/\/autravail.ca\/#organization\"},\"potentialAction\":[{\"@type\":\"SearchAction\",\"target\":{\"@type\":\"EntryPoint\",\"urlTemplate\":\"https:\/\/autravail.ca\/?s={search_term_string}\"},\"query-input\":{\"@type\":\"PropertyValueSpecification\",\"valueRequired\":true,\"valueName\":\"search_term_string\"}}],\"inLanguage\":\"en-CA\"},{\"@type\":\"Organization\",\"@id\":\"https:\/\/autravail.ca\/#organization\",\"name\":\"Le Magasin Industriel\",\"url\":\"https:\/\/autravail.ca\/\",\"logo\":{\"@type\":\"ImageObject\",\"inLanguage\":\"en-CA\",\"@id\":\"https:\/\/autravail.ca\/#\/schema\/logo\/image\/\",\"url\":\"https:\/\/autravail.ca\/wp-content\/uploads\/2025\/05\/cropped-magasin_industriel_120x.avif\",\"contentUrl\":\"https:\/\/autravail.ca\/wp-content\/uploads\/2025\/05\/cropped-magasin_industriel_120x.avif\",\"width\":120,\"height\":24,\"caption\":\"Le Magasin Industriel\"},\"image\":{\"@id\":\"https:\/\/autravail.ca\/#\/schema\/logo\/image\/\"},\"sameAs\":[\"https:\/\/www.facebook.com\/lemagasinindustriel\/?locale=fr_FR\"]}]}<\/script>\n<!-- \/ Yoast SEO plugin. -->","yoast_head_json":{"title":"Keen Soulier de travail - Vista Energy Shift 1026377 - Le Magasin Industriel","description":"Keen Soulier de travail - Vista Energy Shift 1026377 est con\u00e7ue avec un amorti de semelle intern\u00e9diaire r\u00e9volutionnaire et une tige respirante","robots":{"index":"index","follow":"follow","max-snippet":"max-snippet:-1","max-image-preview":"max-image-preview:large","max-video-preview":"max-video-preview:-1"},"canonical":"https:\/\/autravail.ca\/en\/product\/keen-soulier-de-travail-vista-energy-shift-1026377\/","og_locale":"en_US","og_type":"article","og_title":"Keen Soulier de travail - Vista Energy Shift 1026377 - Le Magasin Industriel","og_description":"Keen Soulier de travail - Vista Energy Shift 1026377 est con\u00e7ue avec un amorti de semelle intern\u00e9diaire r\u00e9volutionnaire et une tige respirante","og_url":"https:\/\/autravail.ca\/en\/product\/keen-soulier-de-travail-vista-energy-shift-1026377\/","og_site_name":"Le Magasin Industriel","article_publisher":"https:\/\/www.facebook.com\/lemagasinindustriel\/?locale=fr_FR","article_modified_time":"2026-03-11T19:14:49+00:00","og_image":[{"width":1000,"height":1000,"url":"https:\/\/autravail.ca\/wp-content\/uploads\/2025\/05\/1026377_A01_9d421374-e388-41a3-a5b0-99e553e3d73f.jpg","type":"image\/jpeg"}],"twitter_card":"summary_large_image","twitter_misc":{"Est. reading time":"3 minutes"},"schema":{"@context":"https:\/\/schema.org","@graph":[{"@type":"WebPage","@id":"https:\/\/autravail.ca\/product\/keen-soulier-de-travail-vista-energy-shift-1026377\/","url":"https:\/\/autravail.ca\/product\/keen-soulier-de-travail-vista-energy-shift-1026377\/","name":"Keen Soulier de travail - Vista Energy Shift 1026377 - Le Magasin Industriel","isPartOf":{"@id":"https:\/\/autravail.ca\/#website"},"primaryImageOfPage":{"@id":"https:\/\/autravail.ca\/product\/keen-soulier-de-travail-vista-energy-shift-1026377\/#primaryimage"},"image":{"@id":"https:\/\/autravail.ca\/product\/keen-soulier-de-travail-vista-energy-shift-1026377\/#primaryimage"},"thumbnailUrl":"https:\/\/autravail.ca\/wp-content\/uploads\/2025\/05\/1026377_A01_9d421374-e388-41a3-a5b0-99e553e3d73f.jpg","datePublished":"2025-05-08T06:10:46+00:00","dateModified":"2026-03-11T19:14:49+00:00","description":"Keen Soulier de travail - Vista Energy Shift 1026377 est con\u00e7ue avec un amorti de semelle intern\u00e9diaire r\u00e9volutionnaire et une tige respirante","breadcrumb":{"@id":"https:\/\/autravail.ca\/product\/keen-soulier-de-travail-vista-energy-shift-1026377\/#breadcrumb"},"inLanguage":"en-CA","potentialAction":[{"@type":"ReadAction","target":["https:\/\/autravail.ca\/product\/keen-soulier-de-travail-vista-energy-shift-1026377\/"]}]},{"@type":"ImageObject","inLanguage":"en-CA","@id":"https:\/\/autravail.ca\/product\/keen-soulier-de-travail-vista-energy-shift-1026377\/#primaryimage","url":"https:\/\/autravail.ca\/wp-content\/uploads\/2025\/05\/1026377_A01_9d421374-e388-41a3-a5b0-99e553e3d73f.jpg","contentUrl":"https:\/\/autravail.ca\/wp-content\/uploads\/2025\/05\/1026377_A01_9d421374-e388-41a3-a5b0-99e553e3d73f.jpg","width":1000,"height":1000},{"@type":"BreadcrumbList","@id":"https:\/\/autravail.ca\/product\/keen-soulier-de-travail-vista-energy-shift-1026377\/#breadcrumb","itemListElement":[{"@type":"ListItem","position":1,"name":"Accueil","item":"https:\/\/autravail.ca\/"},{"@type":"ListItem","position":2,"name":"Magasin","item":"https:\/\/autravail.ca\/en\/shop\/"},{"@type":"ListItem","position":3,"name":"Keen Soulier de travail &#8211; Vista Energy Shift 1026377"}]},{"@type":"WebSite","@id":"https:\/\/autravail.ca\/#website","url":"https:\/\/autravail.ca\/","name":"Le Magasin Industriel","description":"50 ans de tradition de s\u00e9curit\u00e9 au travail","publisher":{"@id":"https:\/\/autravail.ca\/#organization"},"potentialAction":[{"@type":"SearchAction","target":{"@type":"EntryPoint","urlTemplate":"https:\/\/autravail.ca\/?s={search_term_string}"},"query-input":{"@type":"PropertyValueSpecification","valueRequired":true,"valueName":"search_term_string"}}],"inLanguage":"en-CA"},{"@type":"Organization","@id":"https:\/\/autravail.ca\/#organization","name":"Le Magasin Industriel","url":"https:\/\/autravail.ca\/","logo":{"@type":"ImageObject","inLanguage":"en-CA","@id":"https:\/\/autravail.ca\/#\/schema\/logo\/image\/","url":"https:\/\/autravail.ca\/wp-content\/uploads\/2025\/05\/cropped-magasin_industriel_120x.avif","contentUrl":"https:\/\/autravail.ca\/wp-content\/uploads\/2025\/05\/cropped-magasin_industriel_120x.avif","width":120,"height":24,"caption":"Le Magasin Industriel"},"image":{"@id":"https:\/\/autravail.ca\/#\/schema\/logo\/image\/"},"sameAs":["https:\/\/www.facebook.com\/lemagasinindustriel\/?locale=fr_FR"]}]}},"jetpack_sharing_enabled":true,"_links":{"self":[{"href":"https:\/\/autravail.ca\/en\/wp-json\/wp\/v2\/product\/25195","targetHints":{"allow":["GET"]}}],"collection":[{"href":"https:\/\/autravail.ca\/en\/wp-json\/wp\/v2\/product"}],"about":[{"href":"https:\/\/autravail.ca\/en\/wp-json\/wp\/v2\/types\/product"}],"replies":[{"embeddable":true,"href":"https:\/\/autravail.ca\/en\/wp-json\/wp\/v2\/comments?post=25195"}],"wp:featuredmedia":[{"embeddable":true,"href":"https:\/\/autravail.ca\/en\/wp-json\/wp\/v2\/media\/7817"}],"wp:attachment":[{"href":"https:\/\/autravail.ca\/en\/wp-json\/wp\/v2\/media?parent=25195"}],"wp:term":[{"taxonomy":"product_cat","embeddable":true,"href":"https:\/\/autravail.ca\/en\/wp-json\/wp\/v2\/product_cat?post=25195"},{"taxonomy":"product_tag","embeddable":true,"href":"https:\/\/autravail.ca\/en\/wp-json\/wp\/v2\/product_tag?post=25195"}],"curies":[{"name":"wp","href":"https:\/\/api.w.org\/{rel}","templated":true}]}}