{"id":25119,"date":"2025-05-08T06:10:22","date_gmt":"2025-05-08T06:10:22","guid":{"rendered":"https:\/\/meteoquebec.ca\/?post_type=product&#038;p=25119"},"modified":"2026-03-11T13:56:27","modified_gmt":"2026-03-11T17:56:27","slug":"keen-botte-de-travail-philadelphia-1024259d","status":"publish","type":"product","link":"https:\/\/autravail.ca\/en\/product\/keen-botte-de-travail-philadelphia-1024259d\/","title":{"rendered":"Keen Botte de travail &#8211; Philadelphia 1024259D"},"content":{"rendered":"<div class=\"product-detail-overview__content\">\n<div class=\"product-detail-overview__header product-detail-overview__header_features\">\n<h3 class=\"heading\"><span class=\"heading__bold\">K<a href=\"\/en\/product-brand\/keen\/\">een<\/a> Botte de travail &#8211; Philadelphia 1024259D<\/span><\/h3>\n<p>Keen botte de travail Philadelphia 1024259D est l&rsquo;une de nos bottes de travail imperm\u00e9ables les plus robustes, ce mod\u00e8le isol\u00e9 de 8 pouces offre une protection, une stabilit\u00e9 et un confort robustes pour les chantiers exigeants.<\/p>\n<p><img decoding=\"async\" class=\"alignnone size-full wp-image-40117\" src=\"https:\/\/autravail.ca\/wp-content\/uploads\/2025\/09\/Certification-Omega-Triangle-vert.jpg\" alt=\"Certifications Om\u00e9ga Triangle vert\" width=\"193\" height=\"110\" srcset=\"https:\/\/autravail.ca\/wp-content\/uploads\/2025\/09\/Certification-Omega-Triangle-vert.jpg 193w, https:\/\/autravail.ca\/wp-content\/uploads\/2025\/09\/Certification-Omega-Triangle-vert-150x85.jpg 150w, https:\/\/autravail.ca\/wp-content\/uploads\/2025\/09\/Certification-Omega-Triangle-vert-18x10.jpg 18w\" sizes=\"(max-width: 193px) 100vw, 193px\" \/><\/p>\n<\/div>\n<div class=\"product-detail-overview__text\">\n<ul>\n<li>Tige en cuir de type 8\u00a0\u00bb<\/li>\n<li>Membrane \u00e9tanche \u00e0 l&rsquo;eau et perm\u00e9able \u00e0 l&rsquo;air KEEN DRY<\/li>\n<li>Isolant 200 G<\/li>\n<li>Embout KEEN large et asym\u00e9trique pour plus de place<\/li>\n<li>Technologie KEEN LUFTCELL dans la semelle intercalaire pour un confort tout l\u00e9ger<\/li>\n<li>Stabilisateur au talon \u00e0 renfort profil\u00e9<\/li>\n<li>Tr\u00e9pointe Goodyear 3\/4 pour une stabilit\u00e9 accrue<\/li>\n<li>Mat\u00e9riel double usage \u00e0 agrafe\/oeillet<\/li>\n<li>Bumper and sole in category 1 CSA composite.<\/li>\n<li>Resist to the punctures<\/li>\n<li>Resist electric shocks - ESD protection<\/li>\n<li>Semelle d&rsquo;usure adh\u00e9rante KEN Polar Traction \u00e0 micro-crampons<\/li>\n<\/ul>\n<h6 class=\"product-details__list-wrapper\"><span class=\"product-details__list-title\"><span dir=\"auto\">Caract\u00e9ristiques<\/span><\/span><\/h6>\n<div class=\"product-details__list-wrapper\">\n<p>&nbsp;<\/p>\n<ul class=\"product-details__list\">\n<li><span dir=\"auto\">La membrane imperm\u00e9able et respirante KEEN.DRY emp\u00eache l&rsquo;humidit\u00e9 de p\u00e9n\u00e9trer \u00e0 l&rsquo;int\u00e9rieur<\/span><\/li>\n<li class=\"product-details__list-item\"><span dir=\"auto\">200 g d&rsquo;isolant KEEN.WARM pour plus de chaleur dans les environnements plus frais<\/span><\/li>\n<li class=\"product-details__list-item\"><span dir=\"auto\">Construction cousue Goodyear 3\/4 pour une durabilit\u00e9 et une flexibilit\u00e9 accrues dans des conditions de travail extr\u00eames<\/span><\/li>\n<li class=\"product-details__list-item\"><span dir=\"auto\">Le prot\u00e8ge-talon profil\u00e9 aide \u00e0 prot\u00e9ger contre les chocs, les \u00e9raflures, l&rsquo;usure et les d\u00e9chirures<\/span><\/li>\n<li class=\"product-details__list-item\"><span dir=\"auto\">Tige en nylon pour le soutien du milieu du pied<\/span><\/li>\n<li class=\"product-details__list-item\"><span dir=\"auto\">Cuir premium respectueux de l&rsquo;environnement issu d&rsquo;une tannerie certifi\u00e9e LWG pour une eau plus propre<\/span><\/li>\n<li class=\"product-details__list-item\"><span dir=\"auto\">Le produit hydrofuge durable sans PFAS repousse l&rsquo;eau aussi bien que les produits chimiques permanents sans nuire \u00e0 la plan\u00e8te<\/span><\/li>\n<\/ul>\n<\/div>\n<h6 class=\"product-details__list-wrapper\"><span class=\"product-details__list-title\"><span dir=\"auto\">Mat\u00e9riels<\/span><\/span><\/h6>\n<div class=\"product-details__list-wrapper\">\n<p>&nbsp;<\/p>\n<ul class=\"product-details__list\">\n<li class=\"product-details__list-item\"><span dir=\"auto\">Semelle interm\u00e9diaire KEEN Luftcell infus\u00e9e de 100 000 bulles d&rsquo;air microscopiques par centim\u00e8tre cube pour un confort tout au long de la journ\u00e9e<\/span><\/li>\n<li class=\"product-details__list-item\"><span dir=\"auto\">Semelle ext\u00e9rieure en caoutchouc non marquante, r\u00e9sistante \u00e0 l&rsquo;huile et antid\u00e9rapante<\/span><\/li>\n<li class=\"product-details__list-item\"><span dir=\"auto\">Resistant footwear (EH) or electrical shock (ESR) contributes to providing a secondary source of protection in case of accidental contact of the external sole with live electrical circuits.<\/span><\/li>\n<li class=\"product-details__list-item\"><span dir=\"auto\">Le cuir pleine fleur Barnyard Resistant aide \u00e0 r\u00e9sister aux effets n\u00e9fastes des produits chimiques de chantier comme l&rsquo;acide ol\u00e9ique, l&rsquo;ur\u00e9e, le chlorure de sodium et l&rsquo;hydroxyde d&rsquo;ammonium<\/span><\/li>\n<li class=\"product-details__list-item\"><span dir=\"auto\">Semelle int\u00e9rieure amovible en PolyAer \u00e0 double densit\u00e9 avec rembourrage a\u00e9r\u00e9 pour plus de confort<\/span><\/li>\n<li class=\"product-details__list-item\"><span dir=\"auto\">Crochets \u00e0 lacets en m\u00e9tal \u00e0 double usage<\/span><\/li>\n<li class=\"product-details__list-item\"><span dir=\"auto\">Quincaillerie m\u00e9tallique<\/span><\/li>\n<li class=\"product-details__list-item\"><span dir=\"auto\">\u00c9paisseur du cuir : 1,80-2,00 mm<\/span><\/li>\n<\/ul>\n<\/div>\n<h6 class=\"product-details__list-wrapper\"><span class=\"product-details__list-title\"><span dir=\"auto\">Interview<\/span><\/span><\/h6>\n<div class=\"product-details__list-wrapper\">\n<p>&nbsp;<\/p>\n<ul class=\"product-details__list\">\n<li class=\"product-details__list-item\"><span dir=\"auto\">Brossez d\u00e9licatement le cuir avec une brosse \u00e0 poils doux ou un essuie-mains pour \u00e9liminer la salet\u00e9 et les d\u00e9bris. Les taches tenaces peuvent n\u00e9cessiter un nettoyant pour cuir.<\/span><\/li>\n<\/ul>\n<\/div>\n<h6 class=\"product-details__list-wrapper\"><span class=\"product-details__list-title\"><span dir=\"auto\">Caract\u00e9ristiques de s\u00e9curit\u00e9<\/span><\/span><\/h6>\n<div class=\"product-details__list-wrapper\">\n<p>&nbsp;<\/p>\n<ul class=\"product-details__list\">\n<li class=\"product-details__list-item\"><span dir=\"auto\">Les embouts asym\u00e9triques gauche et droit en carbone non m\u00e9tallique offrent un ajustement discret et sont 15 % plus l\u00e9gers que l&rsquo;acier<\/span><\/li>\n<li class=\"product-details__list-item\"><span dir=\"auto\">Le talon \u00e0 90\u00b0 (hauteur de 5\/8\u00a0\u00bb) permet de maintenir une position s\u00fbre sur les \u00e9chelles, les \u00e9chafaudages ou les surfaces meubles et in\u00e9gales<\/span><\/li>\n<li class=\"product-details__list-item\"><span dir=\"auto\">Semelle interm\u00e9diaire r\u00e9sistante aux perforations, non m\u00e9tallique et flexible, en textile tiss\u00e9, offrant une protection optimale sous le pied. La semelle est conforme aux normes ASTM et\/ou CSA.<\/span><\/li>\n<li class=\"product-details__list-item\"><span dir=\"auto\">Conforme aux normes ASTM F3445-21 et F2413-18 MI\/75 C\/75 MT\/75 EH<\/span><\/li>\n<li class=\"product-details__list-item\"><span dir=\"auto\">Conforme aux normes de test antid\u00e9rapantes ASTM F1677-96 Mark II<\/span><\/li>\n<li class=\"product-details__list-item\"><span dir=\"auto\">La semelle ext\u00e9rieure et la semelle interm\u00e9diaire sont conformes aux normes de r\u00e9sistance chimique ASTM D471-06 903# \u00e0 l&rsquo;huile et \u00e0 l&rsquo;isooctane<\/span><\/li>\n<li class=\"product-details__list-item\"><span dir=\"auto\">Conforme aux normes CSA Z195-14 Grade 1 en mati\u00e8re de protection<\/span><\/li>\n<\/ul>\n<p><img decoding=\"async\" class=\"alignnone wp-image-40620\" src=\"https:\/\/autravail.ca\/wp-content\/uploads\/2025\/09\/Jachete-quebec-et-canada.jpg\" alt=\"Logo de l'achat local\" width=\"162\" height=\"139\" \/>Merci d&rsquo;encourager une entreprise 100% d&rsquo;ici!<\/p>\n<p>TS2603H<\/p>\n<\/div>\n<\/div>\n<\/div>","protected":false},"excerpt":{"rendered":"<p>Keen Botte de travail &#8211; Philadelphia 1024259D Keen botte de travail Philadelphia 1024259D est l&rsquo;une de nos bottes de travail imperm\u00e9ables les plus robustes, ce mod\u00e8le isol\u00e9 de 8 pouces offre une protection, une stabilit\u00e9 et un confort robustes pour les chantiers exigeants. Tige en cuir de type 8\u00a0\u00bb Membrane \u00e9tanche \u00e0 l&rsquo;eau et perm\u00e9able [&hellip;]<\/p>","protected":false},"featured_media":7726,"comment_status":"open","ping_status":"closed","template":"","meta":[],"product_cat":[613,602],"product_tag":[251,252,242,253],"class_list":{"0":"post-25119","1":"product","2":"type-product","3":"status-publish","4":"has-post-thumbnail","6":"product_brand-keen","7":"product_cat-bottes-de-travail","8":"product_cat-hommes","9":"product_tag-bottes-de-travail","10":"product_tag-electric-shock-resistant","11":"product_tag-homme","12":"product_tag-sole-protection","14":"first","15":"instock","16":"taxable","17":"shipping-taxable","18":"purchasable","19":"product-type-variable"},"yoast_head":"<!-- This site is optimized with the Yoast SEO plugin v25.3.1 - https:\/\/yoast.com\/wordpress\/plugins\/seo\/ -->\n<title>Keen Botte de travail - Philadelphia 1024259D - Le Magasin Industriel<\/title>\n<meta name=\"description\" content=\"Keen Botte de travail - Philadelphia 1024259D est l&#039;une des bottes de travail avec protection, imperm\u00e9ables les plus robustes\" \/>\n<meta name=\"robots\" content=\"index, follow, max-snippet:-1, max-image-preview:large, max-video-preview:-1\" \/>\n<link rel=\"canonical\" href=\"https:\/\/autravail.ca\/en\/product\/keen-botte-de-travail-philadelphia-1024259d\/\" \/>\n<meta property=\"og:locale\" content=\"en_US\" \/>\n<meta property=\"og:type\" content=\"article\" \/>\n<meta property=\"og:title\" content=\"Keen Botte de travail - Philadelphia 1024259D - Le Magasin Industriel\" \/>\n<meta property=\"og:description\" content=\"Keen Botte de travail - Philadelphia 1024259D est l&#039;une des bottes de travail avec protection, imperm\u00e9ables les plus robustes\" \/>\n<meta property=\"og:url\" content=\"https:\/\/autravail.ca\/en\/product\/keen-botte-de-travail-philadelphia-1024259d\/\" \/>\n<meta property=\"og:site_name\" content=\"Le Magasin Industriel\" \/>\n<meta property=\"article:publisher\" content=\"https:\/\/www.facebook.com\/lemagasinindustriel\/?locale=fr_FR\" \/>\n<meta property=\"article:modified_time\" content=\"2026-03-11T17:56:27+00:00\" \/>\n<meta property=\"og:image\" content=\"https:\/\/autravail.ca\/wp-content\/uploads\/2025\/05\/1024259_A01.jpg\" \/>\n\t<meta property=\"og:image:width\" content=\"1000\" \/>\n\t<meta property=\"og:image:height\" content=\"1000\" \/>\n\t<meta property=\"og:image:type\" content=\"image\/jpeg\" \/>\n<meta name=\"twitter:card\" content=\"summary_large_image\" \/>\n<meta name=\"twitter:label1\" content=\"Est. reading time\" \/>\n\t<meta name=\"twitter:data1\" content=\"4 minutes\" \/>\n<script type=\"application\/ld+json\" class=\"yoast-schema-graph\">{\"@context\":\"https:\/\/schema.org\",\"@graph\":[{\"@type\":\"WebPage\",\"@id\":\"https:\/\/autravail.ca\/product\/keen-botte-de-travail-philadelphia-1024259d\/\",\"url\":\"https:\/\/autravail.ca\/product\/keen-botte-de-travail-philadelphia-1024259d\/\",\"name\":\"Keen Botte de travail - Philadelphia 1024259D - Le Magasin Industriel\",\"isPartOf\":{\"@id\":\"https:\/\/autravail.ca\/#website\"},\"primaryImageOfPage\":{\"@id\":\"https:\/\/autravail.ca\/product\/keen-botte-de-travail-philadelphia-1024259d\/#primaryimage\"},\"image\":{\"@id\":\"https:\/\/autravail.ca\/product\/keen-botte-de-travail-philadelphia-1024259d\/#primaryimage\"},\"thumbnailUrl\":\"https:\/\/autravail.ca\/wp-content\/uploads\/2025\/05\/1024259_A01.jpg\",\"datePublished\":\"2025-05-08T06:10:22+00:00\",\"dateModified\":\"2026-03-11T17:56:27+00:00\",\"description\":\"Keen Botte de travail - Philadelphia 1024259D est l'une des bottes de travail avec protection, imperm\u00e9ables les plus robustes\",\"breadcrumb\":{\"@id\":\"https:\/\/autravail.ca\/product\/keen-botte-de-travail-philadelphia-1024259d\/#breadcrumb\"},\"inLanguage\":\"en-CA\",\"potentialAction\":[{\"@type\":\"ReadAction\",\"target\":[\"https:\/\/autravail.ca\/product\/keen-botte-de-travail-philadelphia-1024259d\/\"]}]},{\"@type\":\"ImageObject\",\"inLanguage\":\"en-CA\",\"@id\":\"https:\/\/autravail.ca\/product\/keen-botte-de-travail-philadelphia-1024259d\/#primaryimage\",\"url\":\"https:\/\/autravail.ca\/wp-content\/uploads\/2025\/05\/1024259_A01.jpg\",\"contentUrl\":\"https:\/\/autravail.ca\/wp-content\/uploads\/2025\/05\/1024259_A01.jpg\",\"width\":1000,\"height\":1000},{\"@type\":\"BreadcrumbList\",\"@id\":\"https:\/\/autravail.ca\/product\/keen-botte-de-travail-philadelphia-1024259d\/#breadcrumb\",\"itemListElement\":[{\"@type\":\"ListItem\",\"position\":1,\"name\":\"Accueil\",\"item\":\"https:\/\/autravail.ca\/\"},{\"@type\":\"ListItem\",\"position\":2,\"name\":\"Magasin\",\"item\":\"https:\/\/autravail.ca\/en\/shop\/\"},{\"@type\":\"ListItem\",\"position\":3,\"name\":\"Keen Botte de travail &#8211; Philadelphia 1024259D\"}]},{\"@type\":\"WebSite\",\"@id\":\"https:\/\/autravail.ca\/#website\",\"url\":\"https:\/\/autravail.ca\/\",\"name\":\"Le Magasin Industriel\",\"description\":\"50 ans de tradition de s\u00e9curit\u00e9 au travail\",\"publisher\":{\"@id\":\"https:\/\/autravail.ca\/#organization\"},\"potentialAction\":[{\"@type\":\"SearchAction\",\"target\":{\"@type\":\"EntryPoint\",\"urlTemplate\":\"https:\/\/autravail.ca\/?s={search_term_string}\"},\"query-input\":{\"@type\":\"PropertyValueSpecification\",\"valueRequired\":true,\"valueName\":\"search_term_string\"}}],\"inLanguage\":\"en-CA\"},{\"@type\":\"Organization\",\"@id\":\"https:\/\/autravail.ca\/#organization\",\"name\":\"Le Magasin Industriel\",\"url\":\"https:\/\/autravail.ca\/\",\"logo\":{\"@type\":\"ImageObject\",\"inLanguage\":\"en-CA\",\"@id\":\"https:\/\/autravail.ca\/#\/schema\/logo\/image\/\",\"url\":\"https:\/\/autravail.ca\/wp-content\/uploads\/2025\/05\/cropped-magasin_industriel_120x.avif\",\"contentUrl\":\"https:\/\/autravail.ca\/wp-content\/uploads\/2025\/05\/cropped-magasin_industriel_120x.avif\",\"width\":120,\"height\":24,\"caption\":\"Le Magasin Industriel\"},\"image\":{\"@id\":\"https:\/\/autravail.ca\/#\/schema\/logo\/image\/\"},\"sameAs\":[\"https:\/\/www.facebook.com\/lemagasinindustriel\/?locale=fr_FR\"]}]}<\/script>\n<!-- \/ Yoast SEO plugin. -->","yoast_head_json":{"title":"Keen Botte de travail - Philadelphia 1024259D - Le Magasin Industriel","description":"Keen Botte de travail - Philadelphia 1024259D est l'une des bottes de travail avec protection, imperm\u00e9ables les plus robustes","robots":{"index":"index","follow":"follow","max-snippet":"max-snippet:-1","max-image-preview":"max-image-preview:large","max-video-preview":"max-video-preview:-1"},"canonical":"https:\/\/autravail.ca\/en\/product\/keen-botte-de-travail-philadelphia-1024259d\/","og_locale":"en_US","og_type":"article","og_title":"Keen Botte de travail - Philadelphia 1024259D - Le Magasin Industriel","og_description":"Keen Botte de travail - Philadelphia 1024259D est l'une des bottes de travail avec protection, imperm\u00e9ables les plus robustes","og_url":"https:\/\/autravail.ca\/en\/product\/keen-botte-de-travail-philadelphia-1024259d\/","og_site_name":"Le Magasin Industriel","article_publisher":"https:\/\/www.facebook.com\/lemagasinindustriel\/?locale=fr_FR","article_modified_time":"2026-03-11T17:56:27+00:00","og_image":[{"width":1000,"height":1000,"url":"https:\/\/autravail.ca\/wp-content\/uploads\/2025\/05\/1024259_A01.jpg","type":"image\/jpeg"}],"twitter_card":"summary_large_image","twitter_misc":{"Est. reading time":"4 minutes"},"schema":{"@context":"https:\/\/schema.org","@graph":[{"@type":"WebPage","@id":"https:\/\/autravail.ca\/product\/keen-botte-de-travail-philadelphia-1024259d\/","url":"https:\/\/autravail.ca\/product\/keen-botte-de-travail-philadelphia-1024259d\/","name":"Keen Botte de travail - Philadelphia 1024259D - Le Magasin Industriel","isPartOf":{"@id":"https:\/\/autravail.ca\/#website"},"primaryImageOfPage":{"@id":"https:\/\/autravail.ca\/product\/keen-botte-de-travail-philadelphia-1024259d\/#primaryimage"},"image":{"@id":"https:\/\/autravail.ca\/product\/keen-botte-de-travail-philadelphia-1024259d\/#primaryimage"},"thumbnailUrl":"https:\/\/autravail.ca\/wp-content\/uploads\/2025\/05\/1024259_A01.jpg","datePublished":"2025-05-08T06:10:22+00:00","dateModified":"2026-03-11T17:56:27+00:00","description":"Keen Botte de travail - Philadelphia 1024259D est l'une des bottes de travail avec protection, imperm\u00e9ables les plus robustes","breadcrumb":{"@id":"https:\/\/autravail.ca\/product\/keen-botte-de-travail-philadelphia-1024259d\/#breadcrumb"},"inLanguage":"en-CA","potentialAction":[{"@type":"ReadAction","target":["https:\/\/autravail.ca\/product\/keen-botte-de-travail-philadelphia-1024259d\/"]}]},{"@type":"ImageObject","inLanguage":"en-CA","@id":"https:\/\/autravail.ca\/product\/keen-botte-de-travail-philadelphia-1024259d\/#primaryimage","url":"https:\/\/autravail.ca\/wp-content\/uploads\/2025\/05\/1024259_A01.jpg","contentUrl":"https:\/\/autravail.ca\/wp-content\/uploads\/2025\/05\/1024259_A01.jpg","width":1000,"height":1000},{"@type":"BreadcrumbList","@id":"https:\/\/autravail.ca\/product\/keen-botte-de-travail-philadelphia-1024259d\/#breadcrumb","itemListElement":[{"@type":"ListItem","position":1,"name":"Accueil","item":"https:\/\/autravail.ca\/"},{"@type":"ListItem","position":2,"name":"Magasin","item":"https:\/\/autravail.ca\/en\/shop\/"},{"@type":"ListItem","position":3,"name":"Keen Botte de travail &#8211; Philadelphia 1024259D"}]},{"@type":"WebSite","@id":"https:\/\/autravail.ca\/#website","url":"https:\/\/autravail.ca\/","name":"Le Magasin Industriel","description":"50 ans de tradition de s\u00e9curit\u00e9 au travail","publisher":{"@id":"https:\/\/autravail.ca\/#organization"},"potentialAction":[{"@type":"SearchAction","target":{"@type":"EntryPoint","urlTemplate":"https:\/\/autravail.ca\/?s={search_term_string}"},"query-input":{"@type":"PropertyValueSpecification","valueRequired":true,"valueName":"search_term_string"}}],"inLanguage":"en-CA"},{"@type":"Organization","@id":"https:\/\/autravail.ca\/#organization","name":"Le Magasin Industriel","url":"https:\/\/autravail.ca\/","logo":{"@type":"ImageObject","inLanguage":"en-CA","@id":"https:\/\/autravail.ca\/#\/schema\/logo\/image\/","url":"https:\/\/autravail.ca\/wp-content\/uploads\/2025\/05\/cropped-magasin_industriel_120x.avif","contentUrl":"https:\/\/autravail.ca\/wp-content\/uploads\/2025\/05\/cropped-magasin_industriel_120x.avif","width":120,"height":24,"caption":"Le Magasin Industriel"},"image":{"@id":"https:\/\/autravail.ca\/#\/schema\/logo\/image\/"},"sameAs":["https:\/\/www.facebook.com\/lemagasinindustriel\/?locale=fr_FR"]}]}},"jetpack_sharing_enabled":true,"_links":{"self":[{"href":"https:\/\/autravail.ca\/en\/wp-json\/wp\/v2\/product\/25119","targetHints":{"allow":["GET"]}}],"collection":[{"href":"https:\/\/autravail.ca\/en\/wp-json\/wp\/v2\/product"}],"about":[{"href":"https:\/\/autravail.ca\/en\/wp-json\/wp\/v2\/types\/product"}],"replies":[{"embeddable":true,"href":"https:\/\/autravail.ca\/en\/wp-json\/wp\/v2\/comments?post=25119"}],"wp:featuredmedia":[{"embeddable":true,"href":"https:\/\/autravail.ca\/en\/wp-json\/wp\/v2\/media\/7726"}],"wp:attachment":[{"href":"https:\/\/autravail.ca\/en\/wp-json\/wp\/v2\/media?parent=25119"}],"wp:term":[{"taxonomy":"product_cat","embeddable":true,"href":"https:\/\/autravail.ca\/en\/wp-json\/wp\/v2\/product_cat?post=25119"},{"taxonomy":"product_tag","embeddable":true,"href":"https:\/\/autravail.ca\/en\/wp-json\/wp\/v2\/product_tag?post=25119"}],"curies":[{"name":"wp","href":"https:\/\/api.w.org\/{rel}","templated":true}]}}