{"id":25089,"date":"2025-05-08T06:10:10","date_gmt":"2025-05-08T06:10:10","guid":{"rendered":"https:\/\/meteoquebec.ca\/?post_type=product&#038;p=25089"},"modified":"2026-03-11T15:14:04","modified_gmt":"2026-03-11T19:14:04","slug":"keen-soulier-de-travail-sparta-1024201","status":"publish","type":"product","link":"https:\/\/autravail.ca\/en\/product\/keen-soulier-de-travail-sparta-1024201\/","title":{"rendered":"Keen Soulier de travail &#8211; Sparta 1024201"},"content":{"rendered":"<h3><a href=\"\/en\/product-brand\/keen\/\">Keen<\/a> Soulier de travail &#8211; Sparta 1024201<\/h3>\n<p>Avec le Keen soulier de travail Sparta 1024201, ressentez le rebond de votre d\u00e9marche avec cette sneaker de travail respirante, dot\u00e9e de l&rsquo;amorti \u00e0 retour d&rsquo;\u00e9nergie et de la protection l\u00e9g\u00e8re des orteils dont vous avez besoin pour continuer.<\/p>\n<p><img decoding=\"async\" class=\"alignnone size-full wp-image-40117\" src=\"https:\/\/autravail.ca\/wp-content\/uploads\/2025\/09\/Certification-Omega-Triangle-vert.jpg\" alt=\"Certifications Om\u00e9ga Triangle vert\" width=\"193\" height=\"110\" srcset=\"https:\/\/autravail.ca\/wp-content\/uploads\/2025\/09\/Certification-Omega-Triangle-vert.jpg 193w, https:\/\/autravail.ca\/wp-content\/uploads\/2025\/09\/Certification-Omega-Triangle-vert-150x85.jpg 150w, https:\/\/autravail.ca\/wp-content\/uploads\/2025\/09\/Certification-Omega-Triangle-vert-18x10.jpg 18w\" sizes=\"(max-width: 193px) 100vw, 193px\" \/><\/p>\n<ul>\n<li>Light athletic shoes<\/li>\n<li>nylon pipe<\/li>\n<li>Mesh lining that offers breathability to help keep feet cool in hot environments<\/li>\n<li>Wear-resistant and anti-slip<\/li>\n<li>Intercalary sole KEEN. ReGEN, an intermediate, light and compressible sole.<\/li>\n<li>Interchangeable inner sole in PU metatonic.<\/li>\n<li>Aluminum tip<\/li>\n<\/ul>\n<h6 class=\"product-details__list-wrapper\"><span class=\"product-details__list-title\"><span dir=\"auto\">Caract\u00e9ristiques<\/span><\/span><\/h6>\n<div class=\"product-details__list-wrapper\">\n<p>&nbsp;<\/p>\n<ul class=\"product-details__list\">\n<li class=\"product-details__list-item\"><span dir=\"auto\">Les embouts asym\u00e9triques gauche et droit en aluminium p\u00e8sent 35 % de moins que l&rsquo;acier et offrent une apparence plus \u00e9l\u00e9gante<\/span><\/li>\n<li class=\"product-details__list-item\"><span dir=\"auto\">Semelle interm\u00e9diaire en textile tiss\u00e9 flexible, non m\u00e9tallique et r\u00e9sistante aux perforations, certifi\u00e9e ASTM\/CSA, pour une protection optimale de la plante du pied<\/span><\/li>\n<li class=\"product-details__list-item\"><span dir=\"auto\">Tige en nylon pour le soutien du milieu du pied<\/span><\/li>\n<li class=\"product-details__list-item\"><span dir=\"auto\">Les chaussures r\u00e9sistantes aux risques \u00e9lectriques (EH) ou aux chocs \u00e9lectriques (ESR) constituent une source secondaire de protection en cas de contact accidentel avec des circuits \u00e9lectriques sous tension.<\/span><\/li>\n<\/ul>\n<\/div>\n<h6 class=\"product-details__list-wrapper\"><span class=\"product-details__list-title\"><span dir=\"auto\">Mat\u00e9riels<\/span><\/span><\/h6>\n<div class=\"product-details__list-wrapper\">\n<p>&nbsp;<\/p>\n<ul class=\"product-details__list\">\n<li class=\"product-details__list-item\"><span dir=\"auto\">La doublure en mesh offre une respirabilit\u00e9 pour aider \u00e0 garder les pieds au frais dans les environnements chauds<\/span><\/li>\n<li class=\"product-details__list-item\"><span dir=\"auto\">Semelle int\u00e9rieure m\u00e9tatomique amovible en PU<\/span><\/li>\n<li class=\"product-details__list-item\"><span dir=\"auto\">KEEN.ReGEN : une semelle interm\u00e9diaire l\u00e9g\u00e8re et r\u00e9sistante \u00e0 la compression offrant un retour d&rsquo;\u00e9nergie 50 % sup\u00e9rieur \u00e0 celui de la mousse EVA standard<\/span><\/li>\n<li class=\"product-details__list-item\"><span dir=\"auto\">Semelle ext\u00e9rieure en caoutchouc non marquante, r\u00e9sistante \u00e0 l&rsquo;huile et antid\u00e9rapante<\/span><\/li>\n<\/ul>\n<\/div>\n<h6 class=\"product-details__list-wrapper\"><span class=\"product-details__list-title\"><span dir=\"auto\">Interview<\/span><\/span><\/h6>\n<div class=\"product-details__list-wrapper\">\n<p>&nbsp;<\/p>\n<ul class=\"product-details__list\">\n<li class=\"product-details__list-item\"><span dir=\"auto\">Brossez d\u00e9licatement avec une \u00e9ponge douce et humide pour \u00e9liminer les salet\u00e9s non adh\u00e9rentes. Traitez imm\u00e9diatement les taches avec un nettoyant doux. Laissez s\u00e9cher \u00e0 l&rsquo;air libre, \u00e0 l&rsquo;abri de la chaleur.<\/span><\/li>\n<\/ul>\n<\/div>\n<h6 class=\"product-details__list-wrapper\"><span class=\"product-details__list-title\"><span dir=\"auto\">Caract\u00e9ristiques de s\u00e9curit\u00e9<\/span><\/span><\/h6>\n<div class=\"product-details__list-wrapper\">\n<p>&nbsp;<\/p>\n<ul class=\"product-details__list\">\n<li class=\"product-details__list-item\"><span dir=\"auto\">Conforme aux normes ASTM F3445-21 et F2413-18 MI\/75 C\/75 EH<\/span><\/li>\n<li class=\"product-details__list-item\"><span dir=\"auto\">Conforme aux normes de test antid\u00e9rapantes ASTM F1677-96 Mark II<\/span><\/li>\n<li class=\"product-details__list-item\"><span dir=\"auto\">La semelle ext\u00e9rieure et la semelle interm\u00e9diaire sont conformes aux normes de r\u00e9sistance chimique ASTM D471-06 903# \u00e0 l&rsquo;huile et \u00e0 l&rsquo;isooctane<\/span><\/li>\n<\/ul>\n<p><img decoding=\"async\" class=\"alignnone wp-image-40620\" src=\"https:\/\/autravail.ca\/wp-content\/uploads\/2025\/09\/Jachete-quebec-et-canada.jpg\" alt=\"Logo de l'achat local\" width=\"162\" height=\"139\" \/>Merci d&rsquo;encourager une entreprise 100% d&rsquo;ici!<\/p>\n<p>TS2603H<\/p>\n<\/div>","protected":false},"excerpt":{"rendered":"<p>Keen Soulier de travail &#8211; Sparta 1024201 Avec le Keen soulier de travail Sparta 1024201, ressentez le rebond de votre d\u00e9marche avec cette sneaker de travail respirante, dot\u00e9e de l&rsquo;amorti \u00e0 retour d&rsquo;\u00e9nergie et de la protection l\u00e9g\u00e8re des orteils dont vous avez besoin pour continuer. Souliers athl\u00e9tique l\u00e9ger. Tige de nylon. Doublure en mesh [&hellip;]<\/p>","protected":false},"featured_media":7685,"comment_status":"open","ping_status":"closed","template":"","meta":[],"product_cat":[619],"product_tag":[252,270,242,261],"class_list":{"0":"post-25089","1":"product","2":"type-product","3":"status-publish","4":"has-post-thumbnail","6":"product_brand-keen","7":"product_cat-souliers-de-travail","8":"product_tag-electric-shock-resistant","9":"product_tag-espadrilles-de-travail","10":"product_tag-homme","11":"product_tag-novago","13":"first","14":"instock","15":"taxable","16":"shipping-taxable","17":"purchasable","18":"product-type-variable"},"yoast_head":"<!-- This site is optimized with the Yoast SEO plugin v25.3.1 - https:\/\/yoast.com\/wordpress\/plugins\/seo\/ -->\n<title>Keen Soulier de travail - Sparta 1024201 - Le Magasin Industriel<\/title>\n<meta name=\"description\" content=\"Keen Soulier de travail - Sparta 1024201 ressentez le rebond de votre d\u00e9marche avec cette sneaker respirante dot\u00e9e d&#039;un amorti\" \/>\n<meta name=\"robots\" content=\"index, follow, max-snippet:-1, max-image-preview:large, max-video-preview:-1\" \/>\n<link rel=\"canonical\" href=\"https:\/\/autravail.ca\/en\/product\/keen-soulier-de-travail-sparta-1024201\/\" \/>\n<meta property=\"og:locale\" content=\"en_US\" \/>\n<meta property=\"og:type\" content=\"article\" \/>\n<meta property=\"og:title\" content=\"Keen Soulier de travail - Sparta 1024201 - Le Magasin Industriel\" \/>\n<meta property=\"og:description\" content=\"Keen Soulier de travail - Sparta 1024201 ressentez le rebond de votre d\u00e9marche avec cette sneaker respirante dot\u00e9e d&#039;un amorti\" \/>\n<meta property=\"og:url\" content=\"https:\/\/autravail.ca\/en\/product\/keen-soulier-de-travail-sparta-1024201\/\" \/>\n<meta property=\"og:site_name\" content=\"Le Magasin Industriel\" \/>\n<meta property=\"article:publisher\" content=\"https:\/\/www.facebook.com\/lemagasinindustriel\/?locale=fr_FR\" \/>\n<meta property=\"article:modified_time\" content=\"2026-03-11T19:14:04+00:00\" \/>\n<meta property=\"og:image\" content=\"https:\/\/autravail.ca\/wp-content\/uploads\/2025\/05\/1024201_A01_33ae5aaa-5296-4ef7-ae7e-2e7a1b9637a1.jpg\" \/>\n\t<meta property=\"og:image:width\" content=\"1000\" \/>\n\t<meta property=\"og:image:height\" content=\"1000\" \/>\n\t<meta property=\"og:image:type\" content=\"image\/jpeg\" \/>\n<meta name=\"twitter:card\" content=\"summary_large_image\" \/>\n<meta name=\"twitter:label1\" content=\"Est. reading time\" \/>\n\t<meta name=\"twitter:data1\" content=\"3 minutes\" \/>\n<script type=\"application\/ld+json\" class=\"yoast-schema-graph\">{\"@context\":\"https:\/\/schema.org\",\"@graph\":[{\"@type\":\"WebPage\",\"@id\":\"https:\/\/autravail.ca\/product\/keen-soulier-de-travail-sparta-1024201\/\",\"url\":\"https:\/\/autravail.ca\/product\/keen-soulier-de-travail-sparta-1024201\/\",\"name\":\"Keen Soulier de travail - Sparta 1024201 - Le Magasin Industriel\",\"isPartOf\":{\"@id\":\"https:\/\/autravail.ca\/#website\"},\"primaryImageOfPage\":{\"@id\":\"https:\/\/autravail.ca\/product\/keen-soulier-de-travail-sparta-1024201\/#primaryimage\"},\"image\":{\"@id\":\"https:\/\/autravail.ca\/product\/keen-soulier-de-travail-sparta-1024201\/#primaryimage\"},\"thumbnailUrl\":\"https:\/\/autravail.ca\/wp-content\/uploads\/2025\/05\/1024201_A01_33ae5aaa-5296-4ef7-ae7e-2e7a1b9637a1.jpg\",\"datePublished\":\"2025-05-08T06:10:10+00:00\",\"dateModified\":\"2026-03-11T19:14:04+00:00\",\"description\":\"Keen Soulier de travail - Sparta 1024201 ressentez le rebond de votre d\u00e9marche avec cette sneaker respirante dot\u00e9e d'un amorti\",\"breadcrumb\":{\"@id\":\"https:\/\/autravail.ca\/product\/keen-soulier-de-travail-sparta-1024201\/#breadcrumb\"},\"inLanguage\":\"en-CA\",\"potentialAction\":[{\"@type\":\"ReadAction\",\"target\":[\"https:\/\/autravail.ca\/product\/keen-soulier-de-travail-sparta-1024201\/\"]}]},{\"@type\":\"ImageObject\",\"inLanguage\":\"en-CA\",\"@id\":\"https:\/\/autravail.ca\/product\/keen-soulier-de-travail-sparta-1024201\/#primaryimage\",\"url\":\"https:\/\/autravail.ca\/wp-content\/uploads\/2025\/05\/1024201_A01_33ae5aaa-5296-4ef7-ae7e-2e7a1b9637a1.jpg\",\"contentUrl\":\"https:\/\/autravail.ca\/wp-content\/uploads\/2025\/05\/1024201_A01_33ae5aaa-5296-4ef7-ae7e-2e7a1b9637a1.jpg\",\"width\":1000,\"height\":1000},{\"@type\":\"BreadcrumbList\",\"@id\":\"https:\/\/autravail.ca\/product\/keen-soulier-de-travail-sparta-1024201\/#breadcrumb\",\"itemListElement\":[{\"@type\":\"ListItem\",\"position\":1,\"name\":\"Accueil\",\"item\":\"https:\/\/autravail.ca\/\"},{\"@type\":\"ListItem\",\"position\":2,\"name\":\"Magasin\",\"item\":\"https:\/\/autravail.ca\/en\/shop\/\"},{\"@type\":\"ListItem\",\"position\":3,\"name\":\"Keen Soulier de travail &#8211; Sparta 1024201\"}]},{\"@type\":\"WebSite\",\"@id\":\"https:\/\/autravail.ca\/#website\",\"url\":\"https:\/\/autravail.ca\/\",\"name\":\"Le Magasin Industriel\",\"description\":\"50 ans de tradition de s\u00e9curit\u00e9 au travail\",\"publisher\":{\"@id\":\"https:\/\/autravail.ca\/#organization\"},\"potentialAction\":[{\"@type\":\"SearchAction\",\"target\":{\"@type\":\"EntryPoint\",\"urlTemplate\":\"https:\/\/autravail.ca\/?s={search_term_string}\"},\"query-input\":{\"@type\":\"PropertyValueSpecification\",\"valueRequired\":true,\"valueName\":\"search_term_string\"}}],\"inLanguage\":\"en-CA\"},{\"@type\":\"Organization\",\"@id\":\"https:\/\/autravail.ca\/#organization\",\"name\":\"Le Magasin Industriel\",\"url\":\"https:\/\/autravail.ca\/\",\"logo\":{\"@type\":\"ImageObject\",\"inLanguage\":\"en-CA\",\"@id\":\"https:\/\/autravail.ca\/#\/schema\/logo\/image\/\",\"url\":\"https:\/\/autravail.ca\/wp-content\/uploads\/2025\/05\/cropped-magasin_industriel_120x.avif\",\"contentUrl\":\"https:\/\/autravail.ca\/wp-content\/uploads\/2025\/05\/cropped-magasin_industriel_120x.avif\",\"width\":120,\"height\":24,\"caption\":\"Le Magasin Industriel\"},\"image\":{\"@id\":\"https:\/\/autravail.ca\/#\/schema\/logo\/image\/\"},\"sameAs\":[\"https:\/\/www.facebook.com\/lemagasinindustriel\/?locale=fr_FR\"]}]}<\/script>\n<!-- \/ Yoast SEO plugin. -->","yoast_head_json":{"title":"Keen Soulier de travail - Sparta 1024201 - Le Magasin Industriel","description":"Keen Soulier de travail - Sparta 1024201 ressentez le rebond de votre d\u00e9marche avec cette sneaker respirante dot\u00e9e d'un amorti","robots":{"index":"index","follow":"follow","max-snippet":"max-snippet:-1","max-image-preview":"max-image-preview:large","max-video-preview":"max-video-preview:-1"},"canonical":"https:\/\/autravail.ca\/en\/product\/keen-soulier-de-travail-sparta-1024201\/","og_locale":"en_US","og_type":"article","og_title":"Keen Soulier de travail - Sparta 1024201 - Le Magasin Industriel","og_description":"Keen Soulier de travail - Sparta 1024201 ressentez le rebond de votre d\u00e9marche avec cette sneaker respirante dot\u00e9e d'un amorti","og_url":"https:\/\/autravail.ca\/en\/product\/keen-soulier-de-travail-sparta-1024201\/","og_site_name":"Le Magasin Industriel","article_publisher":"https:\/\/www.facebook.com\/lemagasinindustriel\/?locale=fr_FR","article_modified_time":"2026-03-11T19:14:04+00:00","og_image":[{"width":1000,"height":1000,"url":"https:\/\/autravail.ca\/wp-content\/uploads\/2025\/05\/1024201_A01_33ae5aaa-5296-4ef7-ae7e-2e7a1b9637a1.jpg","type":"image\/jpeg"}],"twitter_card":"summary_large_image","twitter_misc":{"Est. reading time":"3 minutes"},"schema":{"@context":"https:\/\/schema.org","@graph":[{"@type":"WebPage","@id":"https:\/\/autravail.ca\/product\/keen-soulier-de-travail-sparta-1024201\/","url":"https:\/\/autravail.ca\/product\/keen-soulier-de-travail-sparta-1024201\/","name":"Keen Soulier de travail - Sparta 1024201 - Le Magasin Industriel","isPartOf":{"@id":"https:\/\/autravail.ca\/#website"},"primaryImageOfPage":{"@id":"https:\/\/autravail.ca\/product\/keen-soulier-de-travail-sparta-1024201\/#primaryimage"},"image":{"@id":"https:\/\/autravail.ca\/product\/keen-soulier-de-travail-sparta-1024201\/#primaryimage"},"thumbnailUrl":"https:\/\/autravail.ca\/wp-content\/uploads\/2025\/05\/1024201_A01_33ae5aaa-5296-4ef7-ae7e-2e7a1b9637a1.jpg","datePublished":"2025-05-08T06:10:10+00:00","dateModified":"2026-03-11T19:14:04+00:00","description":"Keen Soulier de travail - Sparta 1024201 ressentez le rebond de votre d\u00e9marche avec cette sneaker respirante dot\u00e9e d'un amorti","breadcrumb":{"@id":"https:\/\/autravail.ca\/product\/keen-soulier-de-travail-sparta-1024201\/#breadcrumb"},"inLanguage":"en-CA","potentialAction":[{"@type":"ReadAction","target":["https:\/\/autravail.ca\/product\/keen-soulier-de-travail-sparta-1024201\/"]}]},{"@type":"ImageObject","inLanguage":"en-CA","@id":"https:\/\/autravail.ca\/product\/keen-soulier-de-travail-sparta-1024201\/#primaryimage","url":"https:\/\/autravail.ca\/wp-content\/uploads\/2025\/05\/1024201_A01_33ae5aaa-5296-4ef7-ae7e-2e7a1b9637a1.jpg","contentUrl":"https:\/\/autravail.ca\/wp-content\/uploads\/2025\/05\/1024201_A01_33ae5aaa-5296-4ef7-ae7e-2e7a1b9637a1.jpg","width":1000,"height":1000},{"@type":"BreadcrumbList","@id":"https:\/\/autravail.ca\/product\/keen-soulier-de-travail-sparta-1024201\/#breadcrumb","itemListElement":[{"@type":"ListItem","position":1,"name":"Accueil","item":"https:\/\/autravail.ca\/"},{"@type":"ListItem","position":2,"name":"Magasin","item":"https:\/\/autravail.ca\/en\/shop\/"},{"@type":"ListItem","position":3,"name":"Keen Soulier de travail &#8211; Sparta 1024201"}]},{"@type":"WebSite","@id":"https:\/\/autravail.ca\/#website","url":"https:\/\/autravail.ca\/","name":"Le Magasin Industriel","description":"50 ans de tradition de s\u00e9curit\u00e9 au travail","publisher":{"@id":"https:\/\/autravail.ca\/#organization"},"potentialAction":[{"@type":"SearchAction","target":{"@type":"EntryPoint","urlTemplate":"https:\/\/autravail.ca\/?s={search_term_string}"},"query-input":{"@type":"PropertyValueSpecification","valueRequired":true,"valueName":"search_term_string"}}],"inLanguage":"en-CA"},{"@type":"Organization","@id":"https:\/\/autravail.ca\/#organization","name":"Le Magasin Industriel","url":"https:\/\/autravail.ca\/","logo":{"@type":"ImageObject","inLanguage":"en-CA","@id":"https:\/\/autravail.ca\/#\/schema\/logo\/image\/","url":"https:\/\/autravail.ca\/wp-content\/uploads\/2025\/05\/cropped-magasin_industriel_120x.avif","contentUrl":"https:\/\/autravail.ca\/wp-content\/uploads\/2025\/05\/cropped-magasin_industriel_120x.avif","width":120,"height":24,"caption":"Le Magasin Industriel"},"image":{"@id":"https:\/\/autravail.ca\/#\/schema\/logo\/image\/"},"sameAs":["https:\/\/www.facebook.com\/lemagasinindustriel\/?locale=fr_FR"]}]}},"jetpack_sharing_enabled":true,"_links":{"self":[{"href":"https:\/\/autravail.ca\/en\/wp-json\/wp\/v2\/product\/25089","targetHints":{"allow":["GET"]}}],"collection":[{"href":"https:\/\/autravail.ca\/en\/wp-json\/wp\/v2\/product"}],"about":[{"href":"https:\/\/autravail.ca\/en\/wp-json\/wp\/v2\/types\/product"}],"replies":[{"embeddable":true,"href":"https:\/\/autravail.ca\/en\/wp-json\/wp\/v2\/comments?post=25089"}],"wp:featuredmedia":[{"embeddable":true,"href":"https:\/\/autravail.ca\/en\/wp-json\/wp\/v2\/media\/7685"}],"wp:attachment":[{"href":"https:\/\/autravail.ca\/en\/wp-json\/wp\/v2\/media?parent=25089"}],"wp:term":[{"taxonomy":"product_cat","embeddable":true,"href":"https:\/\/autravail.ca\/en\/wp-json\/wp\/v2\/product_cat?post=25089"},{"taxonomy":"product_tag","embeddable":true,"href":"https:\/\/autravail.ca\/en\/wp-json\/wp\/v2\/product_tag?post=25089"}],"curies":[{"name":"wp","href":"https:\/\/api.w.org\/{rel}","templated":true}]}}