{"id":25059,"date":"2025-05-08T06:10:01","date_gmt":"2025-05-08T06:10:01","guid":{"rendered":"https:\/\/meteoquebec.ca\/?post_type=product&#038;p=25059"},"modified":"2026-03-11T14:01:40","modified_gmt":"2026-03-11T18:01:40","slug":"keen-botte-de-travail-seattle-1022170m","status":"publish","type":"product","link":"https:\/\/autravail.ca\/en\/product\/keen-botte-de-travail-seattle-1022170m\/","title":{"rendered":"Keen Botte de travail &#8211; Seattle 1022170M"},"content":{"rendered":"<h3><a href=\"\/en\/product-brand\/keen\/\">Keen<\/a> Botte de travail &#8211; Seattle 1022170M<\/h3>\n<p>Keen botte de travail Seattle 1022170M est fabriqu\u00e9 avec la contribution de professionnels du commerce, ce mod\u00e8le imperm\u00e9able de 8 pouces sp\u00e9cialement con\u00e7u pour les femmes est dot\u00e9 d&rsquo;une tige en cuir, d&rsquo;une semelle ext\u00e9rieure r\u00e9sistante \u00e0 l&rsquo;huile et au glissement et d&#8217;embouts en aluminium.<\/p>\n<p><img decoding=\"async\" class=\"alignnone size-full wp-image-40117\" src=\"https:\/\/autravail.ca\/wp-content\/uploads\/2025\/09\/Certification-Omega-Triangle-vert.jpg\" alt=\"Certifications Om\u00e9ga Triangle vert\" width=\"193\" height=\"110\" srcset=\"https:\/\/autravail.ca\/wp-content\/uploads\/2025\/09\/Certification-Omega-Triangle-vert.jpg 193w, https:\/\/autravail.ca\/wp-content\/uploads\/2025\/09\/Certification-Omega-Triangle-vert-150x85.jpg 150w, https:\/\/autravail.ca\/wp-content\/uploads\/2025\/09\/Certification-Omega-Triangle-vert-18x10.jpg 18w\" sizes=\"(max-width: 193px) 100vw, 193px\" \/><\/p>\n<p>&nbsp;<\/p>\n<ul>\n<li>Made with contributions from women workers, this 8-inch aluminum boots is designed for a woman's foot. A resistant perforation plate and an exterior slip-resistant sole can handle job site variables.<\/li>\n<li>KEEN.DRY A breathable and waterproof exclusive membrane that allows steam to escape without letting water in.<\/li>\n<li>RESISTANT TO PUNCTURES The resistant-to-puncture boots help reduce the risks of injuries caused by sharp objects that can penetrate the sole of a shoe. KEEN Utility uses an interlayer midsole woven non-metallic sole conforming to ASTM and CSA standards.<\/li>\n<li>EMBOUT DE S\u00c9CURIT\u00c9 ASYM\u00c9TRIQUE GAUCHE ET DROITE en aluminium.Conforme aux normes ASTM F2412-11 et F2413-11 I \/ 75 et C \/ 75.<\/li>\n<li>The aluminum asymmetrical left and right footpieces weigh 35% less than steel and offer a lighter appearance.<\/li>\n<li>Built on a specific for women<\/li>\n<li>Waterproof and breathable Keen.Dry<\/li>\n<li>Non-metallic interlayer midsole plate, flexible and resistant to perforation - Certified CSA<\/li>\n<li>Nylon tape for midfoot support<\/li>\n<li>Waterproof leather tube<\/li>\n<li>Metal lace-up fasteners<\/li>\n<li>Exterior rubber sole, non-marking, oil and slip resistant<\/li>\n<li>A 90 heel (5\/8<\/li>\n<li>Exterior sole made of heat resistant rubber up to 572  F \/ 300  C<\/li>\n<li>EVA molded by compression<\/li>\n<li>Padded and textile anti-humidity<\/li>\n<li>Inner movable PU metatarsal<\/li>\n<\/ul>\n<h6 class=\"product-details__list-wrapper\"><span class=\"product-details__list-title\"><span dir=\"auto\">Caract\u00e9ristiques<\/span><\/span><\/h6>\n<div class=\"product-details__list-wrapper\">\n<p>&nbsp;<\/p>\n<ul class=\"product-details__list\">\n<li class=\"product-details__list-item\"><span dir=\"auto\">Les embouts asym\u00e9triques gauche et droit en aluminium p\u00e8sent 35 % de moins que l&rsquo;acier et offrent une apparence plus \u00e9l\u00e9gante<\/span><\/li>\n<li class=\"product-details__list-item\"><span dir=\"auto\">Construit autour de la biom\u00e9canique et de la structure du pied d&rsquo;une femme<\/span><\/li>\n<li class=\"product-details__list-item\"><span dir=\"auto\">Membrane imperm\u00e9able et respirante KEEN.DRY<\/span><\/li>\n<li class=\"product-details__list-item\"><span dir=\"auto\">Semelle interm\u00e9diaire en textile tiss\u00e9 flexible, non m\u00e9tallique et r\u00e9sistante aux perforations, certifi\u00e9e ASTM\/CSA, pour une protection optimale de la plante du pied<\/span><\/li>\n<li class=\"product-details__list-item\"><span dir=\"auto\">Support de talon Shellback<\/span><\/li>\n<li class=\"product-details__list-item\"><span dir=\"auto\">Tige en nylon pour le soutien du milieu du pied<\/span><\/li>\n<li class=\"product-details__list-item\"><span dir=\"auto\">Le talon \u00e0 90\u00b0 (hauteur 5\/8) assure la stabilit\u00e9 et aide \u00e0 attraper ou \u00e0 verrouiller le pied en place<\/span><\/li>\n<li class=\"product-details__list-item\"><span dir=\"auto\">Cuir premium respectueux de l&rsquo;environnement issu d&rsquo;une tannerie certifi\u00e9e LWG<\/span><\/li>\n<li class=\"product-details__list-item\"><span dir=\"auto\">Hydrofuge durable et sans PFC<\/span><\/li>\n<\/ul>\n<\/div>\n<h6 class=\"product-details__list-wrapper\"><span class=\"product-details__list-title\"><span dir=\"auto\">Mat\u00e9riels<\/span><\/span><\/h6>\n<div class=\"product-details__list-wrapper\">\n<p>&nbsp;<\/p>\n<ul class=\"product-details__list\">\n<li class=\"product-details__list-item\"><span dir=\"auto\">Waterproof Leather Pipe<\/span><\/li>\n<li class=\"product-details__list-item\"><span dir=\"auto\">Crochets de lacet m\u00e9talliques verrouillables<\/span><\/li>\n<li class=\"product-details__list-item\"><span dir=\"auto\">Semelle int\u00e9rieure m\u00e9tatomique amovible en PU<\/span><\/li>\n<li class=\"product-details__list-item\"><span dir=\"auto\">Semelle interm\u00e9diaire en EVA moul\u00e9e par compression pour plus de confort<\/span><\/li>\n<li class=\"product-details__list-item\"><span dir=\"auto\">Semelle ext\u00e9rieure en caoutchouc non marquante, r\u00e9sistante \u00e0 l&rsquo;huile et antid\u00e9rapante<\/span><\/li>\n<\/ul>\n<\/div>\n<h6 class=\"product-details__list-wrapper\"><span class=\"product-details__list-title\"><span dir=\"auto\">Interview<\/span><\/span><\/h6>\n<div class=\"product-details__list-wrapper\">\n<p>&nbsp;<\/p>\n<ul class=\"product-details__list\">\n<li class=\"product-details__list-item\"><span dir=\"auto\">Brossez d\u00e9licatement le cuir avec une brosse \u00e0 poils doux ou un essuie-mains pour \u00e9liminer la salet\u00e9 et les d\u00e9bris. Les taches tenaces peuvent n\u00e9cessiter un nettoyant pour cuir.<\/span><\/li>\n<\/ul>\n<\/div>\n<h6 class=\"product-details__list-wrapper\"><span class=\"product-details__list-title\"><span dir=\"auto\">Caract\u00e9ristiques de s\u00e9curit\u00e9<\/span><\/span><\/h6>\n<div class=\"product-details__list-wrapper\">\n<p>&nbsp;<\/p>\n<ul class=\"product-details__list\">\n<li><span dir=\"auto\">Conforme aux normes ASTM F3445-21 et F2413-18 FI\/75 C\/75 EH<\/span><\/li>\n<li class=\"product-details__list-item\"><span dir=\"auto\">Conforme aux normes de test antid\u00e9rapantes ASTM F1677-96 Mark II<\/span><\/li>\n<li class=\"product-details__list-item\"><span dir=\"auto\">La semelle ext\u00e9rieure et la semelle interm\u00e9diaire sont conformes aux normes de r\u00e9sistance chimique ASTM D471-06 903# \u00e0 l&rsquo;huile et \u00e0 l&rsquo;isooctane<\/span><\/li>\n<\/ul>\n<p><img decoding=\"async\" class=\"alignnone wp-image-40620\" src=\"https:\/\/autravail.ca\/wp-content\/uploads\/2025\/09\/Jachete-quebec-et-canada.jpg\" alt=\"Logo de l'achat local\" width=\"162\" height=\"139\" \/>Merci d&rsquo;encourager une entreprise 100% d&rsquo;ici!<\/p>\n<p>TS2603H<\/p>\n<\/div>","protected":false},"excerpt":{"rendered":"<p>Keen Botte de travail &#8211; Seattle 1022170M Keen botte de travail Seattle 1022170M est fabriqu\u00e9 avec la contribution de professionnels du commerce, ce mod\u00e8le imperm\u00e9able de 8 pouces sp\u00e9cialement con\u00e7u pour les femmes est dot\u00e9 d&rsquo;une tige en cuir, d&rsquo;une semelle ext\u00e9rieure r\u00e9sistante \u00e0 l&rsquo;huile et au glissement et d&#8217;embouts en aluminium. &nbsp; Fabriqu\u00e9e avec [&hellip;]<\/p>","protected":false},"featured_media":7649,"comment_status":"open","ping_status":"closed","template":"","meta":[],"product_cat":[613,642,633],"product_tag":[251,252,255,261,253],"class_list":{"0":"post-25059","1":"product","2":"type-product","3":"status-publish","4":"has-post-thumbnail","6":"product_brand-keen","7":"product_cat-bottes-de-travail","8":"product_cat-bottes-de-travail-femme","9":"product_cat-femmes","10":"product_tag-bottes-de-travail","11":"product_tag-electric-shock-resistant","12":"product_tag-femme","13":"product_tag-novago","14":"product_tag-sole-protection","16":"first","17":"instock","18":"taxable","19":"shipping-taxable","20":"purchasable","21":"product-type-variable"},"yoast_head":"<!-- This site is optimized with the Yoast SEO plugin v25.3.1 - https:\/\/yoast.com\/wordpress\/plugins\/seo\/ -->\n<title>Keen Botte de travail - Seattle 1022170M - Le Magasin Industriel<\/title>\n<meta name=\"description\" content=\"Keen Botte de travail - Seattle 1022170M ce mod\u00e8le imperm\u00e9able con\u00e7u pour les femmes est dot\u00e9 d&#039;une tige en cuir et d&#039;un embout en aluminium\" \/>\n<meta name=\"robots\" content=\"index, follow, max-snippet:-1, max-image-preview:large, max-video-preview:-1\" \/>\n<link rel=\"canonical\" href=\"https:\/\/autravail.ca\/en\/product\/keen-botte-de-travail-seattle-1022170m\/\" \/>\n<meta property=\"og:locale\" content=\"en_US\" \/>\n<meta property=\"og:type\" content=\"article\" \/>\n<meta property=\"og:title\" content=\"Keen Botte de travail - Seattle 1022170M - Le Magasin Industriel\" \/>\n<meta property=\"og:description\" content=\"Keen Botte de travail - Seattle 1022170M ce mod\u00e8le imperm\u00e9able con\u00e7u pour les femmes est dot\u00e9 d&#039;une tige en cuir et d&#039;un embout en aluminium\" \/>\n<meta property=\"og:url\" content=\"https:\/\/autravail.ca\/en\/product\/keen-botte-de-travail-seattle-1022170m\/\" \/>\n<meta property=\"og:site_name\" content=\"Le Magasin Industriel\" \/>\n<meta property=\"article:publisher\" content=\"https:\/\/www.facebook.com\/lemagasinindustriel\/?locale=fr_FR\" \/>\n<meta property=\"article:modified_time\" content=\"2026-03-11T18:01:40+00:00\" \/>\n<meta property=\"og:image\" content=\"https:\/\/autravail.ca\/wp-content\/uploads\/2025\/05\/1022170_A01_61c38f6a-dc8b-40f5-8dca-44225cc0621a.jpg\" \/>\n\t<meta property=\"og:image:width\" content=\"1000\" \/>\n\t<meta property=\"og:image:height\" content=\"1000\" \/>\n\t<meta property=\"og:image:type\" content=\"image\/jpeg\" \/>\n<meta name=\"twitter:card\" content=\"summary_large_image\" \/>\n<meta name=\"twitter:label1\" content=\"Est. reading time\" \/>\n\t<meta name=\"twitter:data1\" content=\"4 minutes\" \/>\n<script type=\"application\/ld+json\" class=\"yoast-schema-graph\">{\"@context\":\"https:\/\/schema.org\",\"@graph\":[{\"@type\":\"WebPage\",\"@id\":\"https:\/\/autravail.ca\/product\/keen-botte-de-travail-seattle-1022170m\/\",\"url\":\"https:\/\/autravail.ca\/product\/keen-botte-de-travail-seattle-1022170m\/\",\"name\":\"Keen Botte de travail - Seattle 1022170M - Le Magasin Industriel\",\"isPartOf\":{\"@id\":\"https:\/\/autravail.ca\/#website\"},\"primaryImageOfPage\":{\"@id\":\"https:\/\/autravail.ca\/product\/keen-botte-de-travail-seattle-1022170m\/#primaryimage\"},\"image\":{\"@id\":\"https:\/\/autravail.ca\/product\/keen-botte-de-travail-seattle-1022170m\/#primaryimage\"},\"thumbnailUrl\":\"https:\/\/autravail.ca\/wp-content\/uploads\/2025\/05\/1022170_A01_61c38f6a-dc8b-40f5-8dca-44225cc0621a.jpg\",\"datePublished\":\"2025-05-08T06:10:01+00:00\",\"dateModified\":\"2026-03-11T18:01:40+00:00\",\"description\":\"Keen Botte de travail - Seattle 1022170M ce mod\u00e8le imperm\u00e9able con\u00e7u pour les femmes est dot\u00e9 d'une tige en cuir et d'un embout en aluminium\",\"breadcrumb\":{\"@id\":\"https:\/\/autravail.ca\/product\/keen-botte-de-travail-seattle-1022170m\/#breadcrumb\"},\"inLanguage\":\"en-CA\",\"potentialAction\":[{\"@type\":\"ReadAction\",\"target\":[\"https:\/\/autravail.ca\/product\/keen-botte-de-travail-seattle-1022170m\/\"]}]},{\"@type\":\"ImageObject\",\"inLanguage\":\"en-CA\",\"@id\":\"https:\/\/autravail.ca\/product\/keen-botte-de-travail-seattle-1022170m\/#primaryimage\",\"url\":\"https:\/\/autravail.ca\/wp-content\/uploads\/2025\/05\/1022170_A01_61c38f6a-dc8b-40f5-8dca-44225cc0621a.jpg\",\"contentUrl\":\"https:\/\/autravail.ca\/wp-content\/uploads\/2025\/05\/1022170_A01_61c38f6a-dc8b-40f5-8dca-44225cc0621a.jpg\",\"width\":1000,\"height\":1000},{\"@type\":\"BreadcrumbList\",\"@id\":\"https:\/\/autravail.ca\/product\/keen-botte-de-travail-seattle-1022170m\/#breadcrumb\",\"itemListElement\":[{\"@type\":\"ListItem\",\"position\":1,\"name\":\"Accueil\",\"item\":\"https:\/\/autravail.ca\/\"},{\"@type\":\"ListItem\",\"position\":2,\"name\":\"Magasin\",\"item\":\"https:\/\/autravail.ca\/en\/shop\/\"},{\"@type\":\"ListItem\",\"position\":3,\"name\":\"Keen Botte de travail &#8211; Seattle 1022170M\"}]},{\"@type\":\"WebSite\",\"@id\":\"https:\/\/autravail.ca\/#website\",\"url\":\"https:\/\/autravail.ca\/\",\"name\":\"Le Magasin Industriel\",\"description\":\"50 ans de tradition de s\u00e9curit\u00e9 au travail\",\"publisher\":{\"@id\":\"https:\/\/autravail.ca\/#organization\"},\"potentialAction\":[{\"@type\":\"SearchAction\",\"target\":{\"@type\":\"EntryPoint\",\"urlTemplate\":\"https:\/\/autravail.ca\/?s={search_term_string}\"},\"query-input\":{\"@type\":\"PropertyValueSpecification\",\"valueRequired\":true,\"valueName\":\"search_term_string\"}}],\"inLanguage\":\"en-CA\"},{\"@type\":\"Organization\",\"@id\":\"https:\/\/autravail.ca\/#organization\",\"name\":\"Le Magasin Industriel\",\"url\":\"https:\/\/autravail.ca\/\",\"logo\":{\"@type\":\"ImageObject\",\"inLanguage\":\"en-CA\",\"@id\":\"https:\/\/autravail.ca\/#\/schema\/logo\/image\/\",\"url\":\"https:\/\/autravail.ca\/wp-content\/uploads\/2025\/05\/cropped-magasin_industriel_120x.avif\",\"contentUrl\":\"https:\/\/autravail.ca\/wp-content\/uploads\/2025\/05\/cropped-magasin_industriel_120x.avif\",\"width\":120,\"height\":24,\"caption\":\"Le Magasin Industriel\"},\"image\":{\"@id\":\"https:\/\/autravail.ca\/#\/schema\/logo\/image\/\"},\"sameAs\":[\"https:\/\/www.facebook.com\/lemagasinindustriel\/?locale=fr_FR\"]}]}<\/script>\n<!-- \/ Yoast SEO plugin. -->","yoast_head_json":{"title":"Keen Botte de travail - Seattle 1022170M - Le Magasin Industriel","description":"Keen Botte de travail - Seattle 1022170M ce mod\u00e8le imperm\u00e9able con\u00e7u pour les femmes est dot\u00e9 d'une tige en cuir et d'un embout en aluminium","robots":{"index":"index","follow":"follow","max-snippet":"max-snippet:-1","max-image-preview":"max-image-preview:large","max-video-preview":"max-video-preview:-1"},"canonical":"https:\/\/autravail.ca\/en\/product\/keen-botte-de-travail-seattle-1022170m\/","og_locale":"en_US","og_type":"article","og_title":"Keen Botte de travail - Seattle 1022170M - Le Magasin Industriel","og_description":"Keen Botte de travail - Seattle 1022170M ce mod\u00e8le imperm\u00e9able con\u00e7u pour les femmes est dot\u00e9 d'une tige en cuir et d'un embout en aluminium","og_url":"https:\/\/autravail.ca\/en\/product\/keen-botte-de-travail-seattle-1022170m\/","og_site_name":"Le Magasin Industriel","article_publisher":"https:\/\/www.facebook.com\/lemagasinindustriel\/?locale=fr_FR","article_modified_time":"2026-03-11T18:01:40+00:00","og_image":[{"width":1000,"height":1000,"url":"https:\/\/autravail.ca\/wp-content\/uploads\/2025\/05\/1022170_A01_61c38f6a-dc8b-40f5-8dca-44225cc0621a.jpg","type":"image\/jpeg"}],"twitter_card":"summary_large_image","twitter_misc":{"Est. reading time":"4 minutes"},"schema":{"@context":"https:\/\/schema.org","@graph":[{"@type":"WebPage","@id":"https:\/\/autravail.ca\/product\/keen-botte-de-travail-seattle-1022170m\/","url":"https:\/\/autravail.ca\/product\/keen-botte-de-travail-seattle-1022170m\/","name":"Keen Botte de travail - Seattle 1022170M - Le Magasin Industriel","isPartOf":{"@id":"https:\/\/autravail.ca\/#website"},"primaryImageOfPage":{"@id":"https:\/\/autravail.ca\/product\/keen-botte-de-travail-seattle-1022170m\/#primaryimage"},"image":{"@id":"https:\/\/autravail.ca\/product\/keen-botte-de-travail-seattle-1022170m\/#primaryimage"},"thumbnailUrl":"https:\/\/autravail.ca\/wp-content\/uploads\/2025\/05\/1022170_A01_61c38f6a-dc8b-40f5-8dca-44225cc0621a.jpg","datePublished":"2025-05-08T06:10:01+00:00","dateModified":"2026-03-11T18:01:40+00:00","description":"Keen Botte de travail - Seattle 1022170M ce mod\u00e8le imperm\u00e9able con\u00e7u pour les femmes est dot\u00e9 d'une tige en cuir et d'un embout en aluminium","breadcrumb":{"@id":"https:\/\/autravail.ca\/product\/keen-botte-de-travail-seattle-1022170m\/#breadcrumb"},"inLanguage":"en-CA","potentialAction":[{"@type":"ReadAction","target":["https:\/\/autravail.ca\/product\/keen-botte-de-travail-seattle-1022170m\/"]}]},{"@type":"ImageObject","inLanguage":"en-CA","@id":"https:\/\/autravail.ca\/product\/keen-botte-de-travail-seattle-1022170m\/#primaryimage","url":"https:\/\/autravail.ca\/wp-content\/uploads\/2025\/05\/1022170_A01_61c38f6a-dc8b-40f5-8dca-44225cc0621a.jpg","contentUrl":"https:\/\/autravail.ca\/wp-content\/uploads\/2025\/05\/1022170_A01_61c38f6a-dc8b-40f5-8dca-44225cc0621a.jpg","width":1000,"height":1000},{"@type":"BreadcrumbList","@id":"https:\/\/autravail.ca\/product\/keen-botte-de-travail-seattle-1022170m\/#breadcrumb","itemListElement":[{"@type":"ListItem","position":1,"name":"Accueil","item":"https:\/\/autravail.ca\/"},{"@type":"ListItem","position":2,"name":"Magasin","item":"https:\/\/autravail.ca\/en\/shop\/"},{"@type":"ListItem","position":3,"name":"Keen Botte de travail &#8211; Seattle 1022170M"}]},{"@type":"WebSite","@id":"https:\/\/autravail.ca\/#website","url":"https:\/\/autravail.ca\/","name":"Le Magasin Industriel","description":"50 ans de tradition de s\u00e9curit\u00e9 au travail","publisher":{"@id":"https:\/\/autravail.ca\/#organization"},"potentialAction":[{"@type":"SearchAction","target":{"@type":"EntryPoint","urlTemplate":"https:\/\/autravail.ca\/?s={search_term_string}"},"query-input":{"@type":"PropertyValueSpecification","valueRequired":true,"valueName":"search_term_string"}}],"inLanguage":"en-CA"},{"@type":"Organization","@id":"https:\/\/autravail.ca\/#organization","name":"Le Magasin Industriel","url":"https:\/\/autravail.ca\/","logo":{"@type":"ImageObject","inLanguage":"en-CA","@id":"https:\/\/autravail.ca\/#\/schema\/logo\/image\/","url":"https:\/\/autravail.ca\/wp-content\/uploads\/2025\/05\/cropped-magasin_industriel_120x.avif","contentUrl":"https:\/\/autravail.ca\/wp-content\/uploads\/2025\/05\/cropped-magasin_industriel_120x.avif","width":120,"height":24,"caption":"Le Magasin Industriel"},"image":{"@id":"https:\/\/autravail.ca\/#\/schema\/logo\/image\/"},"sameAs":["https:\/\/www.facebook.com\/lemagasinindustriel\/?locale=fr_FR"]}]}},"jetpack_sharing_enabled":true,"_links":{"self":[{"href":"https:\/\/autravail.ca\/en\/wp-json\/wp\/v2\/product\/25059","targetHints":{"allow":["GET"]}}],"collection":[{"href":"https:\/\/autravail.ca\/en\/wp-json\/wp\/v2\/product"}],"about":[{"href":"https:\/\/autravail.ca\/en\/wp-json\/wp\/v2\/types\/product"}],"replies":[{"embeddable":true,"href":"https:\/\/autravail.ca\/en\/wp-json\/wp\/v2\/comments?post=25059"}],"wp:featuredmedia":[{"embeddable":true,"href":"https:\/\/autravail.ca\/en\/wp-json\/wp\/v2\/media\/7649"}],"wp:attachment":[{"href":"https:\/\/autravail.ca\/en\/wp-json\/wp\/v2\/media?parent=25059"}],"wp:term":[{"taxonomy":"product_cat","embeddable":true,"href":"https:\/\/autravail.ca\/en\/wp-json\/wp\/v2\/product_cat?post=25059"},{"taxonomy":"product_tag","embeddable":true,"href":"https:\/\/autravail.ca\/en\/wp-json\/wp\/v2\/product_tag?post=25059"}],"curies":[{"name":"wp","href":"https:\/\/api.w.org\/{rel}","templated":true}]}}