{"id":24973,"date":"2025-05-08T06:09:44","date_gmt":"2025-05-08T06:09:44","guid":{"rendered":"https:\/\/meteoquebec.ca\/?post_type=product&#038;p=24973"},"modified":"2026-03-11T14:04:18","modified_gmt":"2026-03-11T18:04:18","slug":"keen-bottillon-de-travail-hamilton-1020096","status":"publish","type":"product","link":"https:\/\/autravail.ca\/en\/product\/keen-bottillon-de-travail-hamilton-1020096\/","title":{"rendered":"Keen Bottillon de travail &#8211; Hamilton 1020096"},"content":{"rendered":"<h2><a href=\"\/en\/product-brand\/keen\/\">Keen<\/a> Bottillon de travail &#8211; Hamilton 1020096<\/h2>\n<p>Dans le Keen bottillon de travail Hamilton 1020096 vous aurez l&rsquo;impression d&rsquo;\u00eatre dans votre chaussure de randonn\u00e9e pr\u00e9f\u00e9r\u00e9e, mais con\u00e7ue pour affronter les t\u00e2ches les plus difficiles. Cette botte de travail imperm\u00e9able est dot\u00e9e d&rsquo;une plaque de stabilit\u00e9 sous le pied pour un maintien optimal tout au long de la journ\u00e9e.<\/p>\n<p><img decoding=\"async\" class=\"alignnone size-full wp-image-40117\" src=\"https:\/\/autravail.ca\/wp-content\/uploads\/2025\/09\/Certification-Omega-Triangle-vert.jpg\" alt=\"Certifications Om\u00e9ga Triangle vert\" width=\"193\" height=\"110\" srcset=\"https:\/\/autravail.ca\/wp-content\/uploads\/2025\/09\/Certification-Omega-Triangle-vert.jpg 193w, https:\/\/autravail.ca\/wp-content\/uploads\/2025\/09\/Certification-Omega-Triangle-vert-150x85.jpg 150w, https:\/\/autravail.ca\/wp-content\/uploads\/2025\/09\/Certification-Omega-Triangle-vert-18x10.jpg 18w\" sizes=\"(max-width: 193px) 100vw, 193px\" \/><\/p>\n<ul>\n<li>This robust work boots's proven performance will allow you to conquer every task. Protection against inclement weather, reinforced midsole resistant to perforation and reflective elements combine to create the perfect work partner. Satisfies CSA Z195-09 GRADE 1 standard in terms of protection.<\/li>\n<li>Asymmetrical tips in carbon fiber left and right.<\/li>\n<li>Permeable to air and Waterproof to water KEEN.DRY<\/li>\n<li>Intercalary non-metallic resistant to perforationCSA certified. Meets CSA Z195-09 Grade 1 standard in terms of protection.<\/li>\n<li>Keen.KEY-TECH tension plate in thermoplastic polyurethane with interlocking along its entire length.<\/li>\n<li>Metal daisies with lacing locking eyelets<\/li>\n<li>Thinking belt for increased safety<\/li>\n<li>90 degrees<\/li>\n<li>Satisfied to the antislip test ASTM F1677-96 MARK II<\/li>\n<li>Satisfied to the ASTM F2913 anti-slip test (SATRA)<\/li>\n<\/ul>\n<h6 class=\"product-details__list-wrapper\"><span class=\"product-details__list-title\"><span dir=\"auto\">Caract\u00e9ristiques<\/span><\/span><\/h6>\n<div class=\"product-details__list-wrapper\">\n<p>&nbsp;<\/p>\n<ul class=\"product-details__list\">\n<li class=\"product-details__list-item\"><span dir=\"auto\">La membrane imperm\u00e9able et respirante KEEN.DRY emp\u00eache l&rsquo;humidit\u00e9 de p\u00e9n\u00e9trer \u00e0 l&rsquo;int\u00e9rieur<\/span><\/li>\n<li class=\"product-details__list-item\"><span dir=\"auto\">La plaque de torsion embo\u00eetable sur toute la longueur KEEN.KEY-TECH ajoute stabilit\u00e9 et confort<\/span><\/li>\n<li class=\"product-details__list-item\"><span dir=\"auto\">Cuir premium respectueux de l&rsquo;environnement issu d&rsquo;une tannerie certifi\u00e9e LWG pour une eau plus propre<\/span><\/li>\n<li class=\"product-details__list-item\"><span dir=\"auto\">Le produit hydrofuge durable sans PFAS repousse l&rsquo;eau aussi bien que les produits chimiques permanents sans nuire \u00e0 la plan\u00e8te<\/span><\/li>\n<\/ul>\n<\/div>\n<h6 class=\"product-details__list-wrapper\"><span class=\"product-details__list-title\"><span dir=\"auto\">Mat\u00e9riels<\/span><\/span><\/h6>\n<div class=\"product-details__list-wrapper\">\n<p>&nbsp;<\/p>\n<ul class=\"product-details__list\">\n<li class=\"product-details__list-item\"><span dir=\"auto\">Semelle ext\u00e9rieure en caoutchouc non marquante, r\u00e9sistante \u00e0 l&rsquo;huile et antid\u00e9rapante<\/span><\/li>\n<li class=\"product-details__list-item\"><span dir=\"auto\">Resistant footwear (EH) or electrical shock (ESR) contributes to providing a secondary source of protection in case of accidental contact of the external sole with live electrical circuits.<\/span><\/li>\n<li class=\"product-details__list-item\"><span dir=\"auto\">Cuir pleine fleur r\u00e9sistant \u00e0 l&rsquo;eau<\/span><\/li>\n<li class=\"product-details__list-item\"><span dir=\"auto\">Semelle int\u00e9rieure m\u00e9tatomique amovible pour plus de confort et de soutien<\/span><\/li>\n<li class=\"product-details__list-item\"><span dir=\"auto\">Crochets de lacet m\u00e9talliques verrouillables<\/span><\/li>\n<li class=\"product-details__list-item\"><span dir=\"auto\">Quincaillerie m\u00e9tallique<\/span><\/li>\n<li class=\"product-details__list-item\"><span dir=\"auto\">\u00c9paisseur du cuir : 1,60-1,80 mm<\/span><\/li>\n<\/ul>\n<\/div>\n<h6 class=\"product-details__list-wrapper\"><span class=\"product-details__list-title\"><span dir=\"auto\">Interview<\/span><\/span><\/h6>\n<div class=\"product-details__list-wrapper\">\n<p>&nbsp;<\/p>\n<ul class=\"product-details__list\">\n<li class=\"product-details__list-item\"><span dir=\"auto\">Brossez d\u00e9licatement le cuir avec une brosse \u00e0 poils doux ou un essuie-mains pour \u00e9liminer la salet\u00e9 et les d\u00e9bris. Les taches tenaces peuvent n\u00e9cessiter un nettoyant pour cuir.<\/span><\/li>\n<\/ul>\n<\/div>\n<h6 class=\"product-details__list-wrapper\"><span class=\"product-details__list-title\"><span dir=\"auto\">Caract\u00e9ristiques de s\u00e9curit\u00e9<\/span><\/span><\/h6>\n<div class=\"product-details__list-wrapper\">\n<p>&nbsp;<\/p>\n<ul class=\"product-details__list\">\n<li class=\"product-details__list-item\"><span dir=\"auto\">Les embouts asym\u00e9triques gauche et droit en carbone non m\u00e9tallique offrent un ajustement discret et sont 15 % plus l\u00e9gers que l&rsquo;acier<\/span><\/li>\n<li class=\"product-details__list-item\"><span dir=\"auto\">Le talon \u00e0 90\u00b0 (hauteur de 1\/2\u00a0\u00bb) permet de maintenir une position s\u00fbre sur les \u00e9chelles, les \u00e9chafaudages ou les surfaces meubles et in\u00e9gales<\/span><\/li>\n<li class=\"product-details__list-item\"><span dir=\"auto\">Semelle interm\u00e9diaire r\u00e9sistante aux perforations, non m\u00e9tallique et flexible, en textile tiss\u00e9, offrant une protection optimale sous le pied. La semelle est conforme aux normes ASTM et\/ou CSA.<\/span><\/li>\n<li class=\"product-details__list-item\"><span dir=\"auto\">Sangle r\u00e9fl\u00e9chissante pour plus de s\u00e9curit\u00e9 et de visibilit\u00e9<\/span><\/li>\n<li class=\"product-details__list-item\"><span dir=\"auto\">Conforme aux normes ASTM F3445-21 et F2413-18 MI\/75 C\/75 MT\/75 EH<\/span><\/li>\n<li class=\"product-details__list-item\"><span dir=\"auto\">Conforme aux normes de test antid\u00e9rapantes ASTM F1677-96 Mark II<\/span><\/li>\n<li class=\"product-details__list-item\"><span dir=\"auto\">La semelle ext\u00e9rieure et la semelle interm\u00e9diaire sont conformes aux normes de r\u00e9sistance chimique ASTM D471-06 903# \u00e0 l&rsquo;huile et \u00e0 l&rsquo;isooctane<\/span><\/li>\n<li class=\"product-details__list-item\"><span dir=\"auto\">Conforme aux normes CSA Z195-14 Grade 1 en mati\u00e8re de protection<\/span><\/li>\n<\/ul>\n<p><img decoding=\"async\" class=\"alignnone wp-image-40620\" src=\"https:\/\/autravail.ca\/wp-content\/uploads\/2025\/09\/Jachete-quebec-et-canada.jpg\" alt=\"Logo de l'achat local\" width=\"162\" height=\"139\" \/>Merci d&rsquo;encourager une entreprise 100% d&rsquo;ici!<\/p>\n<p>TS2603H<\/p>\n<\/div>","protected":false},"excerpt":{"rendered":"<p>Keen Bottillon de travail &#8211; Hamilton 1020096 Dans le Keen bottillon de travail Hamilton 1020096 vous aurez l&rsquo;impression d&rsquo;\u00eatre dans votre chaussure de randonn\u00e9e pr\u00e9f\u00e9r\u00e9e, mais con\u00e7ue pour affronter les t\u00e2ches les plus difficiles. Cette botte de travail imperm\u00e9able est dot\u00e9e d&rsquo;une plaque de stabilit\u00e9 sous le pied pour un maintien optimal tout au long [&hellip;]<\/p>","protected":false},"featured_media":7558,"comment_status":"open","ping_status":"closed","template":"","meta":[],"product_cat":[602],"product_tag":[260,252,242,253],"class_list":{"0":"post-24973","1":"product","2":"type-product","3":"status-publish","4":"has-post-thumbnail","6":"product_brand-keen","7":"product_cat-hommes","8":"product_tag-bottillons-de-travail","9":"product_tag-electric-shock-resistant","10":"product_tag-homme","11":"product_tag-sole-protection","13":"first","14":"instock","15":"taxable","16":"shipping-taxable","17":"purchasable","18":"product-type-variable"},"yoast_head":"<!-- This site is optimized with the Yoast SEO plugin v25.3.1 - https:\/\/yoast.com\/wordpress\/plugins\/seo\/ -->\n<title>Keen Bottillon de travail - Hamilton 1020096 - Le Magasin Industriel<\/title>\n<meta name=\"description\" content=\"Keen Bottillon de travail - Hamilton 1020096 imperm\u00e9able avec son embout en carbonne elle est con\u00e7ue pour affonter des t\u00e2ches difficiles\" \/>\n<meta name=\"robots\" content=\"index, follow, max-snippet:-1, max-image-preview:large, max-video-preview:-1\" \/>\n<link rel=\"canonical\" href=\"https:\/\/autravail.ca\/en\/product\/keen-bottillon-de-travail-hamilton-1020096\/\" \/>\n<meta property=\"og:locale\" content=\"en_US\" \/>\n<meta property=\"og:type\" content=\"article\" \/>\n<meta property=\"og:title\" content=\"Keen Bottillon de travail - Hamilton 1020096 - Le Magasin Industriel\" \/>\n<meta property=\"og:description\" content=\"Keen Bottillon de travail - Hamilton 1020096 imperm\u00e9able avec son embout en carbonne elle est con\u00e7ue pour affonter des t\u00e2ches difficiles\" \/>\n<meta property=\"og:url\" content=\"https:\/\/autravail.ca\/en\/product\/keen-bottillon-de-travail-hamilton-1020096\/\" \/>\n<meta property=\"og:site_name\" content=\"Le Magasin Industriel\" \/>\n<meta property=\"article:publisher\" content=\"https:\/\/www.facebook.com\/lemagasinindustriel\/?locale=fr_FR\" \/>\n<meta property=\"article:modified_time\" content=\"2026-03-11T18:04:18+00:00\" \/>\n<meta property=\"og:image\" content=\"https:\/\/autravail.ca\/wp-content\/uploads\/2025\/05\/1020096_A01_9d1f90ec-6e88-47f7-a80d-09e4c4c78aac.jpg\" \/>\n\t<meta property=\"og:image:width\" content=\"1000\" \/>\n\t<meta property=\"og:image:height\" content=\"1000\" \/>\n\t<meta property=\"og:image:type\" content=\"image\/jpeg\" \/>\n<meta name=\"twitter:card\" content=\"summary_large_image\" \/>\n<meta name=\"twitter:label1\" content=\"Est. reading time\" \/>\n\t<meta name=\"twitter:data1\" content=\"4 minutes\" \/>\n<script type=\"application\/ld+json\" class=\"yoast-schema-graph\">{\"@context\":\"https:\/\/schema.org\",\"@graph\":[{\"@type\":\"WebPage\",\"@id\":\"https:\/\/autravail.ca\/product\/keen-bottillon-de-travail-hamilton-1020096\/\",\"url\":\"https:\/\/autravail.ca\/product\/keen-bottillon-de-travail-hamilton-1020096\/\",\"name\":\"Keen Bottillon de travail - Hamilton 1020096 - Le Magasin Industriel\",\"isPartOf\":{\"@id\":\"https:\/\/autravail.ca\/#website\"},\"primaryImageOfPage\":{\"@id\":\"https:\/\/autravail.ca\/product\/keen-bottillon-de-travail-hamilton-1020096\/#primaryimage\"},\"image\":{\"@id\":\"https:\/\/autravail.ca\/product\/keen-bottillon-de-travail-hamilton-1020096\/#primaryimage\"},\"thumbnailUrl\":\"https:\/\/autravail.ca\/wp-content\/uploads\/2025\/05\/1020096_A01_9d1f90ec-6e88-47f7-a80d-09e4c4c78aac.jpg\",\"datePublished\":\"2025-05-08T06:09:44+00:00\",\"dateModified\":\"2026-03-11T18:04:18+00:00\",\"description\":\"Keen Bottillon de travail - Hamilton 1020096 imperm\u00e9able avec son embout en carbonne elle est con\u00e7ue pour affonter des t\u00e2ches difficiles\",\"breadcrumb\":{\"@id\":\"https:\/\/autravail.ca\/product\/keen-bottillon-de-travail-hamilton-1020096\/#breadcrumb\"},\"inLanguage\":\"en-CA\",\"potentialAction\":[{\"@type\":\"ReadAction\",\"target\":[\"https:\/\/autravail.ca\/product\/keen-bottillon-de-travail-hamilton-1020096\/\"]}]},{\"@type\":\"ImageObject\",\"inLanguage\":\"en-CA\",\"@id\":\"https:\/\/autravail.ca\/product\/keen-bottillon-de-travail-hamilton-1020096\/#primaryimage\",\"url\":\"https:\/\/autravail.ca\/wp-content\/uploads\/2025\/05\/1020096_A01_9d1f90ec-6e88-47f7-a80d-09e4c4c78aac.jpg\",\"contentUrl\":\"https:\/\/autravail.ca\/wp-content\/uploads\/2025\/05\/1020096_A01_9d1f90ec-6e88-47f7-a80d-09e4c4c78aac.jpg\",\"width\":1000,\"height\":1000},{\"@type\":\"BreadcrumbList\",\"@id\":\"https:\/\/autravail.ca\/product\/keen-bottillon-de-travail-hamilton-1020096\/#breadcrumb\",\"itemListElement\":[{\"@type\":\"ListItem\",\"position\":1,\"name\":\"Accueil\",\"item\":\"https:\/\/autravail.ca\/\"},{\"@type\":\"ListItem\",\"position\":2,\"name\":\"Magasin\",\"item\":\"https:\/\/autravail.ca\/en\/shop\/\"},{\"@type\":\"ListItem\",\"position\":3,\"name\":\"Keen Bottillon de travail &#8211; Hamilton 1020096\"}]},{\"@type\":\"WebSite\",\"@id\":\"https:\/\/autravail.ca\/#website\",\"url\":\"https:\/\/autravail.ca\/\",\"name\":\"Le Magasin Industriel\",\"description\":\"50 ans de tradition de s\u00e9curit\u00e9 au travail\",\"publisher\":{\"@id\":\"https:\/\/autravail.ca\/#organization\"},\"potentialAction\":[{\"@type\":\"SearchAction\",\"target\":{\"@type\":\"EntryPoint\",\"urlTemplate\":\"https:\/\/autravail.ca\/?s={search_term_string}\"},\"query-input\":{\"@type\":\"PropertyValueSpecification\",\"valueRequired\":true,\"valueName\":\"search_term_string\"}}],\"inLanguage\":\"en-CA\"},{\"@type\":\"Organization\",\"@id\":\"https:\/\/autravail.ca\/#organization\",\"name\":\"Le Magasin Industriel\",\"url\":\"https:\/\/autravail.ca\/\",\"logo\":{\"@type\":\"ImageObject\",\"inLanguage\":\"en-CA\",\"@id\":\"https:\/\/autravail.ca\/#\/schema\/logo\/image\/\",\"url\":\"https:\/\/autravail.ca\/wp-content\/uploads\/2025\/05\/cropped-magasin_industriel_120x.avif\",\"contentUrl\":\"https:\/\/autravail.ca\/wp-content\/uploads\/2025\/05\/cropped-magasin_industriel_120x.avif\",\"width\":120,\"height\":24,\"caption\":\"Le Magasin Industriel\"},\"image\":{\"@id\":\"https:\/\/autravail.ca\/#\/schema\/logo\/image\/\"},\"sameAs\":[\"https:\/\/www.facebook.com\/lemagasinindustriel\/?locale=fr_FR\"]}]}<\/script>\n<!-- \/ Yoast SEO plugin. -->","yoast_head_json":{"title":"Keen Bottillon de travail - Hamilton 1020096 - Le Magasin Industriel","description":"Keen Bottillon de travail - Hamilton 1020096 imperm\u00e9able avec son embout en carbonne elle est con\u00e7ue pour affonter des t\u00e2ches difficiles","robots":{"index":"index","follow":"follow","max-snippet":"max-snippet:-1","max-image-preview":"max-image-preview:large","max-video-preview":"max-video-preview:-1"},"canonical":"https:\/\/autravail.ca\/en\/product\/keen-bottillon-de-travail-hamilton-1020096\/","og_locale":"en_US","og_type":"article","og_title":"Keen Bottillon de travail - Hamilton 1020096 - Le Magasin Industriel","og_description":"Keen Bottillon de travail - Hamilton 1020096 imperm\u00e9able avec son embout en carbonne elle est con\u00e7ue pour affonter des t\u00e2ches difficiles","og_url":"https:\/\/autravail.ca\/en\/product\/keen-bottillon-de-travail-hamilton-1020096\/","og_site_name":"Le Magasin Industriel","article_publisher":"https:\/\/www.facebook.com\/lemagasinindustriel\/?locale=fr_FR","article_modified_time":"2026-03-11T18:04:18+00:00","og_image":[{"width":1000,"height":1000,"url":"https:\/\/autravail.ca\/wp-content\/uploads\/2025\/05\/1020096_A01_9d1f90ec-6e88-47f7-a80d-09e4c4c78aac.jpg","type":"image\/jpeg"}],"twitter_card":"summary_large_image","twitter_misc":{"Est. reading time":"4 minutes"},"schema":{"@context":"https:\/\/schema.org","@graph":[{"@type":"WebPage","@id":"https:\/\/autravail.ca\/product\/keen-bottillon-de-travail-hamilton-1020096\/","url":"https:\/\/autravail.ca\/product\/keen-bottillon-de-travail-hamilton-1020096\/","name":"Keen Bottillon de travail - Hamilton 1020096 - Le Magasin Industriel","isPartOf":{"@id":"https:\/\/autravail.ca\/#website"},"primaryImageOfPage":{"@id":"https:\/\/autravail.ca\/product\/keen-bottillon-de-travail-hamilton-1020096\/#primaryimage"},"image":{"@id":"https:\/\/autravail.ca\/product\/keen-bottillon-de-travail-hamilton-1020096\/#primaryimage"},"thumbnailUrl":"https:\/\/autravail.ca\/wp-content\/uploads\/2025\/05\/1020096_A01_9d1f90ec-6e88-47f7-a80d-09e4c4c78aac.jpg","datePublished":"2025-05-08T06:09:44+00:00","dateModified":"2026-03-11T18:04:18+00:00","description":"Keen Bottillon de travail - Hamilton 1020096 imperm\u00e9able avec son embout en carbonne elle est con\u00e7ue pour affonter des t\u00e2ches difficiles","breadcrumb":{"@id":"https:\/\/autravail.ca\/product\/keen-bottillon-de-travail-hamilton-1020096\/#breadcrumb"},"inLanguage":"en-CA","potentialAction":[{"@type":"ReadAction","target":["https:\/\/autravail.ca\/product\/keen-bottillon-de-travail-hamilton-1020096\/"]}]},{"@type":"ImageObject","inLanguage":"en-CA","@id":"https:\/\/autravail.ca\/product\/keen-bottillon-de-travail-hamilton-1020096\/#primaryimage","url":"https:\/\/autravail.ca\/wp-content\/uploads\/2025\/05\/1020096_A01_9d1f90ec-6e88-47f7-a80d-09e4c4c78aac.jpg","contentUrl":"https:\/\/autravail.ca\/wp-content\/uploads\/2025\/05\/1020096_A01_9d1f90ec-6e88-47f7-a80d-09e4c4c78aac.jpg","width":1000,"height":1000},{"@type":"BreadcrumbList","@id":"https:\/\/autravail.ca\/product\/keen-bottillon-de-travail-hamilton-1020096\/#breadcrumb","itemListElement":[{"@type":"ListItem","position":1,"name":"Accueil","item":"https:\/\/autravail.ca\/"},{"@type":"ListItem","position":2,"name":"Magasin","item":"https:\/\/autravail.ca\/en\/shop\/"},{"@type":"ListItem","position":3,"name":"Keen Bottillon de travail &#8211; Hamilton 1020096"}]},{"@type":"WebSite","@id":"https:\/\/autravail.ca\/#website","url":"https:\/\/autravail.ca\/","name":"Le Magasin Industriel","description":"50 ans de tradition de s\u00e9curit\u00e9 au travail","publisher":{"@id":"https:\/\/autravail.ca\/#organization"},"potentialAction":[{"@type":"SearchAction","target":{"@type":"EntryPoint","urlTemplate":"https:\/\/autravail.ca\/?s={search_term_string}"},"query-input":{"@type":"PropertyValueSpecification","valueRequired":true,"valueName":"search_term_string"}}],"inLanguage":"en-CA"},{"@type":"Organization","@id":"https:\/\/autravail.ca\/#organization","name":"Le Magasin Industriel","url":"https:\/\/autravail.ca\/","logo":{"@type":"ImageObject","inLanguage":"en-CA","@id":"https:\/\/autravail.ca\/#\/schema\/logo\/image\/","url":"https:\/\/autravail.ca\/wp-content\/uploads\/2025\/05\/cropped-magasin_industriel_120x.avif","contentUrl":"https:\/\/autravail.ca\/wp-content\/uploads\/2025\/05\/cropped-magasin_industriel_120x.avif","width":120,"height":24,"caption":"Le Magasin Industriel"},"image":{"@id":"https:\/\/autravail.ca\/#\/schema\/logo\/image\/"},"sameAs":["https:\/\/www.facebook.com\/lemagasinindustriel\/?locale=fr_FR"]}]}},"jetpack_sharing_enabled":true,"_links":{"self":[{"href":"https:\/\/autravail.ca\/en\/wp-json\/wp\/v2\/product\/24973","targetHints":{"allow":["GET"]}}],"collection":[{"href":"https:\/\/autravail.ca\/en\/wp-json\/wp\/v2\/product"}],"about":[{"href":"https:\/\/autravail.ca\/en\/wp-json\/wp\/v2\/types\/product"}],"replies":[{"embeddable":true,"href":"https:\/\/autravail.ca\/en\/wp-json\/wp\/v2\/comments?post=24973"}],"wp:featuredmedia":[{"embeddable":true,"href":"https:\/\/autravail.ca\/en\/wp-json\/wp\/v2\/media\/7558"}],"wp:attachment":[{"href":"https:\/\/autravail.ca\/en\/wp-json\/wp\/v2\/media?parent=24973"}],"wp:term":[{"taxonomy":"product_cat","embeddable":true,"href":"https:\/\/autravail.ca\/en\/wp-json\/wp\/v2\/product_cat?post=24973"},{"taxonomy":"product_tag","embeddable":true,"href":"https:\/\/autravail.ca\/en\/wp-json\/wp\/v2\/product_tag?post=24973"}],"curies":[{"name":"wp","href":"https:\/\/api.w.org\/{rel}","templated":true}]}}