{"id":24942,"date":"2025-05-08T06:09:37","date_gmt":"2025-05-08T06:09:37","guid":{"rendered":"https:\/\/meteoquebec.ca\/?post_type=product&#038;p=24942"},"modified":"2025-12-05T05:12:09","modified_gmt":"2025-12-05T09:12:09","slug":"soulier-de-travail-royer-10-9313","status":"publish","type":"product","link":"https:\/\/autravail.ca\/en\/product\/soulier-de-travail-royer-10-9313\/","title":{"rendered":"Soulier de travail Royer &#8211; 10-9313"},"content":{"rendered":"<h3>Soulier de travail Royer &#8211; 10-9313<\/h3>\n<p>Soulier de travail <a href=\"https:\/\/autravail.ca\/en\/product-brand\/royer\/\">Royer<\/a> &#8211; 10-9313, con\u00e7u pour les femmes.<\/p>\n<p><img decoding=\"async\" class=\"alignnone size-full wp-image-40140\" src=\"https:\/\/autravail.ca\/wp-content\/uploads\/2025\/05\/Certification-SD-Carre-bleu.jpg\" alt=\"Logo de la certification CSA carr\u00e9 bleu et SD\" width=\"222\" height=\"124\" srcset=\"https:\/\/autravail.ca\/wp-content\/uploads\/2025\/05\/Certification-SD-Carre-bleu.jpg 222w, https:\/\/autravail.ca\/wp-content\/uploads\/2025\/05\/Certification-SD-Carre-bleu-150x84.jpg 150w, https:\/\/autravail.ca\/wp-content\/uploads\/2025\/05\/Certification-SD-Carre-bleu-18x10.jpg 18w\" sizes=\"(max-width: 222px) 100vw, 222px\" \/><\/p>\n<ul>\n<li style=\"list-style-type: none;\">\n<ul>\n<li>Safety SHOE without metal and ULTRA LIGHT<\/li>\n<li>Wire with matchhead coated in PU<\/li>\n<li>Composite XL nozzle<sup>MC<\/sup><\/li>\n<li>Tri-density sole in EVA and rubber, flexible and light<\/li>\n<li>Mousse L3<sup>MC<\/sup> on the heel for a better shock absorption capacity<\/li>\n<li>Non metallic antipiercing sole<\/li>\n<li>Quick dry fuse sleeve<\/li>\n<li>Sole of low-density foam for cleanliness<\/li>\n<li>Protection against electric shocks<\/li>\n<li>This model respects the norms CSA Z195-09, ASTM F2413-11 I\/75, C\/75, PR, EH<\/li>\n<\/ul>\n<\/li>\n<\/ul>\n<p>&nbsp;<\/p>\n<h6><b><span dir=\"auto\"><span dir=\"auto\"><span dir=\"auto\"><span dir=\"auto\">Embout composite<\/span><\/span><\/span><\/span><\/b><\/h6>\n<p><span dir=\"auto\"><span dir=\"auto\"><span dir=\"auto\"><span dir=\"auto\">\u00a0\u2013 L<\/span><\/span><\/span><\/span><span dir=\"auto\"><span dir=\"auto\"><span dir=\"auto\"><span dir=\"auto\">es chaussures de s\u00e9curit\u00e9 \u00e0 embout composite sont plus l\u00e9g\u00e8res et sans m\u00e9tal, tout en offrant la m\u00eame protection qu&rsquo;un embout en acier.<\/span><\/span><\/span><\/span><\/p>\n<h6><strong><span dir=\"auto\"><span dir=\"auto\"><span dir=\"auto\"><span dir=\"auto\">Plaque composite<\/span><\/span><\/span><\/span><\/strong><\/h6>\n<p><span dir=\"auto\"><span dir=\"auto\"><span dir=\"auto\"><span dir=\"auto\">\u00a0&#8211; Les chaussures de s\u00e9curit\u00e9 \u00e0 plaque composite offrent une r\u00e9sistance \u00e0 la perforation l\u00e9g\u00e8re et sans m\u00e9tal<\/span><\/span><\/span><\/span><\/p>\n<ul>\n<li style=\"list-style-type: none;\">\n<ul>\n<li><img decoding=\"async\" class=\"alignnone wp-image-40620\" src=\"https:\/\/autravail.ca\/wp-content\/uploads\/2025\/09\/Jachete-quebec-et-canada.jpg\" alt=\"Logo de l'achat local\" width=\"162\" height=\"139\" \/>Merci d&rsquo;encourager une entreprise 100% d&rsquo;ici!<\/li>\n<\/ul>\n<\/li>\n<\/ul>\n<p>&nbsp;<\/p>","protected":false},"excerpt":{"rendered":"<p>Soulier de travail Royer &#8211; 10-9313 Soulier de travail Royer &#8211; 10-9313, con\u00e7u pour les femmes. Soulier DE S\u00c9CURIT\u00c9 sans m\u00e9tal et ULTRA L\u00c9GER Tige de m\u00e8che enduit de PU Embout de composite XLMC Semelle tri-densit\u00e9 en EVA et caoutchouc, flexible et l\u00e9g\u00e8re Mousse L3MC au talon pour une meilleure capacit\u00e9 d&rsquo;amortissement des chocs Semelle [&hellip;]<\/p>","protected":false},"featured_media":7520,"comment_status":"open","ping_status":"closed","template":"","meta":[],"product_cat":[631,804,645,633],"product_tag":[252,263,270,255,253],"class_list":{"0":"post-24942","1":"product","2":"type-product","3":"status-publish","4":"has-post-thumbnail","6":"product_brand-royer","7":"product_cat-en-solde","8":"product_cat-espadrille-de-travail-femme","9":"product_cat-espadrilles-de-travail","10":"product_cat-femmes","11":"product_tag-electric-shock-resistant","12":"product_tag-en-solde","13":"product_tag-espadrilles-de-travail","14":"product_tag-femme","15":"product_tag-sole-protection","17":"first","18":"instock","19":"sale","20":"taxable","21":"shipping-taxable","22":"purchasable","23":"product-type-variable"},"yoast_head":"<!-- This site is optimized with the Yoast SEO plugin v25.3.1 - https:\/\/yoast.com\/wordpress\/plugins\/seo\/ -->\n<title>Soulier de travail Royer - 10-9313 - Le Magasin Industriel<\/title>\n<meta name=\"description\" content=\"Soulier de travail Royer - 10-9313, con\u00e7u pour les femmes sans m\u00e9tal et ultra l\u00e9ger embout en composite elles rencontrent les normes CSA\" \/>\n<meta name=\"robots\" content=\"index, follow, max-snippet:-1, max-image-preview:large, max-video-preview:-1\" \/>\n<link rel=\"canonical\" href=\"https:\/\/autravail.ca\/en\/product\/soulier-de-travail-royer-10-9313\/\" \/>\n<meta property=\"og:locale\" content=\"en_US\" \/>\n<meta property=\"og:type\" content=\"article\" \/>\n<meta property=\"og:title\" content=\"Soulier de travail Royer - 10-9313 - Le Magasin Industriel\" \/>\n<meta property=\"og:description\" content=\"Soulier de travail Royer - 10-9313, con\u00e7u pour les femmes sans m\u00e9tal et ultra l\u00e9ger embout en composite elles rencontrent les normes CSA\" \/>\n<meta property=\"og:url\" content=\"https:\/\/autravail.ca\/en\/product\/soulier-de-travail-royer-10-9313\/\" \/>\n<meta property=\"og:site_name\" content=\"Le Magasin Industriel\" \/>\n<meta property=\"article:publisher\" content=\"https:\/\/www.facebook.com\/lemagasinindustriel\/?locale=fr_FR\" \/>\n<meta property=\"article:modified_time\" content=\"2025-12-05T09:12:09+00:00\" \/>\n<meta property=\"og:image\" content=\"https:\/\/autravail.ca\/wp-content\/uploads\/2025\/05\/10-9313_A01.jpg\" \/>\n\t<meta property=\"og:image:width\" content=\"1000\" \/>\n\t<meta property=\"og:image:height\" content=\"1000\" \/>\n\t<meta property=\"og:image:type\" content=\"image\/jpeg\" \/>\n<meta name=\"twitter:card\" content=\"summary_large_image\" \/>\n<meta name=\"twitter:label1\" content=\"Est. reading time\" \/>\n\t<meta name=\"twitter:data1\" content=\"2 minutes\" \/>\n<script type=\"application\/ld+json\" class=\"yoast-schema-graph\">{\"@context\":\"https:\/\/schema.org\",\"@graph\":[{\"@type\":\"WebPage\",\"@id\":\"https:\/\/autravail.ca\/product\/soulier-de-travail-royer-10-9313\/\",\"url\":\"https:\/\/autravail.ca\/product\/soulier-de-travail-royer-10-9313\/\",\"name\":\"Soulier de travail Royer - 10-9313 - Le Magasin Industriel\",\"isPartOf\":{\"@id\":\"https:\/\/autravail.ca\/#website\"},\"primaryImageOfPage\":{\"@id\":\"https:\/\/autravail.ca\/product\/soulier-de-travail-royer-10-9313\/#primaryimage\"},\"image\":{\"@id\":\"https:\/\/autravail.ca\/product\/soulier-de-travail-royer-10-9313\/#primaryimage\"},\"thumbnailUrl\":\"https:\/\/autravail.ca\/wp-content\/uploads\/2025\/05\/10-9313_A01.jpg\",\"datePublished\":\"2025-05-08T06:09:37+00:00\",\"dateModified\":\"2025-12-05T09:12:09+00:00\",\"description\":\"Soulier de travail Royer - 10-9313, con\u00e7u pour les femmes sans m\u00e9tal et ultra l\u00e9ger embout en composite elles rencontrent les normes CSA\",\"breadcrumb\":{\"@id\":\"https:\/\/autravail.ca\/product\/soulier-de-travail-royer-10-9313\/#breadcrumb\"},\"inLanguage\":\"en-CA\",\"potentialAction\":[{\"@type\":\"ReadAction\",\"target\":[\"https:\/\/autravail.ca\/product\/soulier-de-travail-royer-10-9313\/\"]}]},{\"@type\":\"ImageObject\",\"inLanguage\":\"en-CA\",\"@id\":\"https:\/\/autravail.ca\/product\/soulier-de-travail-royer-10-9313\/#primaryimage\",\"url\":\"https:\/\/autravail.ca\/wp-content\/uploads\/2025\/05\/10-9313_A01.jpg\",\"contentUrl\":\"https:\/\/autravail.ca\/wp-content\/uploads\/2025\/05\/10-9313_A01.jpg\",\"width\":1000,\"height\":1000},{\"@type\":\"BreadcrumbList\",\"@id\":\"https:\/\/autravail.ca\/product\/soulier-de-travail-royer-10-9313\/#breadcrumb\",\"itemListElement\":[{\"@type\":\"ListItem\",\"position\":1,\"name\":\"Accueil\",\"item\":\"https:\/\/autravail.ca\/\"},{\"@type\":\"ListItem\",\"position\":2,\"name\":\"Magasin\",\"item\":\"https:\/\/autravail.ca\/en\/shop\/\"},{\"@type\":\"ListItem\",\"position\":3,\"name\":\"Soulier de travail Royer &#8211; 10-9313\"}]},{\"@type\":\"WebSite\",\"@id\":\"https:\/\/autravail.ca\/#website\",\"url\":\"https:\/\/autravail.ca\/\",\"name\":\"Le Magasin Industriel\",\"description\":\"50 ans de tradition de s\u00e9curit\u00e9 au travail\",\"publisher\":{\"@id\":\"https:\/\/autravail.ca\/#organization\"},\"potentialAction\":[{\"@type\":\"SearchAction\",\"target\":{\"@type\":\"EntryPoint\",\"urlTemplate\":\"https:\/\/autravail.ca\/?s={search_term_string}\"},\"query-input\":{\"@type\":\"PropertyValueSpecification\",\"valueRequired\":true,\"valueName\":\"search_term_string\"}}],\"inLanguage\":\"en-CA\"},{\"@type\":\"Organization\",\"@id\":\"https:\/\/autravail.ca\/#organization\",\"name\":\"Le Magasin Industriel\",\"url\":\"https:\/\/autravail.ca\/\",\"logo\":{\"@type\":\"ImageObject\",\"inLanguage\":\"en-CA\",\"@id\":\"https:\/\/autravail.ca\/#\/schema\/logo\/image\/\",\"url\":\"https:\/\/autravail.ca\/wp-content\/uploads\/2025\/05\/cropped-magasin_industriel_120x.avif\",\"contentUrl\":\"https:\/\/autravail.ca\/wp-content\/uploads\/2025\/05\/cropped-magasin_industriel_120x.avif\",\"width\":120,\"height\":24,\"caption\":\"Le Magasin Industriel\"},\"image\":{\"@id\":\"https:\/\/autravail.ca\/#\/schema\/logo\/image\/\"},\"sameAs\":[\"https:\/\/www.facebook.com\/lemagasinindustriel\/?locale=fr_FR\"]}]}<\/script>\n<!-- \/ Yoast SEO plugin. -->","yoast_head_json":{"title":"Soulier de travail Royer - 10-9313 - Le Magasin Industriel","description":"Soulier de travail Royer - 10-9313, con\u00e7u pour les femmes sans m\u00e9tal et ultra l\u00e9ger embout en composite elles rencontrent les normes CSA","robots":{"index":"index","follow":"follow","max-snippet":"max-snippet:-1","max-image-preview":"max-image-preview:large","max-video-preview":"max-video-preview:-1"},"canonical":"https:\/\/autravail.ca\/en\/product\/soulier-de-travail-royer-10-9313\/","og_locale":"en_US","og_type":"article","og_title":"Soulier de travail Royer - 10-9313 - Le Magasin Industriel","og_description":"Soulier de travail Royer - 10-9313, con\u00e7u pour les femmes sans m\u00e9tal et ultra l\u00e9ger embout en composite elles rencontrent les normes CSA","og_url":"https:\/\/autravail.ca\/en\/product\/soulier-de-travail-royer-10-9313\/","og_site_name":"Le Magasin Industriel","article_publisher":"https:\/\/www.facebook.com\/lemagasinindustriel\/?locale=fr_FR","article_modified_time":"2025-12-05T09:12:09+00:00","og_image":[{"width":1000,"height":1000,"url":"https:\/\/autravail.ca\/wp-content\/uploads\/2025\/05\/10-9313_A01.jpg","type":"image\/jpeg"}],"twitter_card":"summary_large_image","twitter_misc":{"Est. reading time":"2 minutes"},"schema":{"@context":"https:\/\/schema.org","@graph":[{"@type":"WebPage","@id":"https:\/\/autravail.ca\/product\/soulier-de-travail-royer-10-9313\/","url":"https:\/\/autravail.ca\/product\/soulier-de-travail-royer-10-9313\/","name":"Soulier de travail Royer - 10-9313 - Le Magasin Industriel","isPartOf":{"@id":"https:\/\/autravail.ca\/#website"},"primaryImageOfPage":{"@id":"https:\/\/autravail.ca\/product\/soulier-de-travail-royer-10-9313\/#primaryimage"},"image":{"@id":"https:\/\/autravail.ca\/product\/soulier-de-travail-royer-10-9313\/#primaryimage"},"thumbnailUrl":"https:\/\/autravail.ca\/wp-content\/uploads\/2025\/05\/10-9313_A01.jpg","datePublished":"2025-05-08T06:09:37+00:00","dateModified":"2025-12-05T09:12:09+00:00","description":"Soulier de travail Royer - 10-9313, con\u00e7u pour les femmes sans m\u00e9tal et ultra l\u00e9ger embout en composite elles rencontrent les normes CSA","breadcrumb":{"@id":"https:\/\/autravail.ca\/product\/soulier-de-travail-royer-10-9313\/#breadcrumb"},"inLanguage":"en-CA","potentialAction":[{"@type":"ReadAction","target":["https:\/\/autravail.ca\/product\/soulier-de-travail-royer-10-9313\/"]}]},{"@type":"ImageObject","inLanguage":"en-CA","@id":"https:\/\/autravail.ca\/product\/soulier-de-travail-royer-10-9313\/#primaryimage","url":"https:\/\/autravail.ca\/wp-content\/uploads\/2025\/05\/10-9313_A01.jpg","contentUrl":"https:\/\/autravail.ca\/wp-content\/uploads\/2025\/05\/10-9313_A01.jpg","width":1000,"height":1000},{"@type":"BreadcrumbList","@id":"https:\/\/autravail.ca\/product\/soulier-de-travail-royer-10-9313\/#breadcrumb","itemListElement":[{"@type":"ListItem","position":1,"name":"Accueil","item":"https:\/\/autravail.ca\/"},{"@type":"ListItem","position":2,"name":"Magasin","item":"https:\/\/autravail.ca\/en\/shop\/"},{"@type":"ListItem","position":3,"name":"Soulier de travail Royer &#8211; 10-9313"}]},{"@type":"WebSite","@id":"https:\/\/autravail.ca\/#website","url":"https:\/\/autravail.ca\/","name":"Le Magasin Industriel","description":"50 ans de tradition de s\u00e9curit\u00e9 au travail","publisher":{"@id":"https:\/\/autravail.ca\/#organization"},"potentialAction":[{"@type":"SearchAction","target":{"@type":"EntryPoint","urlTemplate":"https:\/\/autravail.ca\/?s={search_term_string}"},"query-input":{"@type":"PropertyValueSpecification","valueRequired":true,"valueName":"search_term_string"}}],"inLanguage":"en-CA"},{"@type":"Organization","@id":"https:\/\/autravail.ca\/#organization","name":"Le Magasin Industriel","url":"https:\/\/autravail.ca\/","logo":{"@type":"ImageObject","inLanguage":"en-CA","@id":"https:\/\/autravail.ca\/#\/schema\/logo\/image\/","url":"https:\/\/autravail.ca\/wp-content\/uploads\/2025\/05\/cropped-magasin_industriel_120x.avif","contentUrl":"https:\/\/autravail.ca\/wp-content\/uploads\/2025\/05\/cropped-magasin_industriel_120x.avif","width":120,"height":24,"caption":"Le Magasin Industriel"},"image":{"@id":"https:\/\/autravail.ca\/#\/schema\/logo\/image\/"},"sameAs":["https:\/\/www.facebook.com\/lemagasinindustriel\/?locale=fr_FR"]}]}},"jetpack_sharing_enabled":true,"_links":{"self":[{"href":"https:\/\/autravail.ca\/en\/wp-json\/wp\/v2\/product\/24942","targetHints":{"allow":["GET"]}}],"collection":[{"href":"https:\/\/autravail.ca\/en\/wp-json\/wp\/v2\/product"}],"about":[{"href":"https:\/\/autravail.ca\/en\/wp-json\/wp\/v2\/types\/product"}],"replies":[{"embeddable":true,"href":"https:\/\/autravail.ca\/en\/wp-json\/wp\/v2\/comments?post=24942"}],"wp:featuredmedia":[{"embeddable":true,"href":"https:\/\/autravail.ca\/en\/wp-json\/wp\/v2\/media\/7520"}],"wp:attachment":[{"href":"https:\/\/autravail.ca\/en\/wp-json\/wp\/v2\/media?parent=24942"}],"wp:term":[{"taxonomy":"product_cat","embeddable":true,"href":"https:\/\/autravail.ca\/en\/wp-json\/wp\/v2\/product_cat?post=24942"},{"taxonomy":"product_tag","embeddable":true,"href":"https:\/\/autravail.ca\/en\/wp-json\/wp\/v2\/product_tag?post=24942"}],"curies":[{"name":"wp","href":"https:\/\/api.w.org\/{rel}","templated":true}]}}