{"id":24910,"date":"2025-05-08T06:09:31","date_gmt":"2025-05-08T06:09:31","guid":{"rendered":"https:\/\/meteoquebec.ca\/?post_type=product&#038;p=24910"},"modified":"2026-04-07T12:54:52","modified_gmt":"2026-04-07T16:54:52","slug":"botte-de-travail-royer-8620flx","status":"publish","type":"product","link":"https:\/\/autravail.ca\/en\/product\/botte-de-travail-royer-8620flx\/","title":{"rendered":"Botte de travail Royer &#8211; 8620FLX"},"content":{"rendered":"<h3>Botte de travail Royer &#8211; 8620FLX<\/h3>\n<p>La Botte de travail Royer &#8211; 8620FLX (10-8620) incarne l\u2019alliance parfaite entre robustesse, confort et performance. Con\u00e7ue pour les environnements exigeants, elle offre une protection compl\u00e8te gr\u00e2ce \u00e0 son embout composite, sa coquille PARESHOK\u2122 et sa semelle antiperforation non m\u00e9tallique. Sa membrane AIRFLOW\u2122 assure une imperm\u00e9abilit\u00e9 durable tout en permettant une excellente respirabilit\u00e9. Fabriqu\u00e9e en cuir Crazy Horse et tissu SHIELDTEX\u2122, elle r\u00e9siste \u00e0 l\u2019abrasion, \u00e0 l\u2019eau et au vent. Sa semelle FLX\u2122 inject\u00e9e et cousue combine l\u00e9g\u00e8ret\u00e9, flexibilit\u00e9 et adh\u00e9rence, id\u00e9ale pour les longues journ\u00e9es de travail. Sans m\u00e9tal, elle est aussi certifi\u00e9e CSA et ASTM pour la protection contre les chocs \u00e9lectriques. Son col rembourr\u00e9 en V et sa doublure trait\u00e9e Silverclear ajoutent au confort et \u00e0 l\u2019hygi\u00e8ne.<\/p>\n<p>Que vous soyez dans la construction, l\u2019industrie ou les services, la <a href=\"https:\/\/autravail.ca\/en\/product-brand\/Royer\/\">Royer<\/a> 8620FLX est un choix durable et fiable pour les professionnels soucieux de leur s\u00e9curit\u00e9 et de leur bien-\u00eatre.<\/p>\n<p><img decoding=\"async\" class=\"alignnone size-full wp-image-40117\" src=\"https:\/\/autravail.ca\/wp-content\/uploads\/2025\/09\/Certification-Omega-Triangle-vert.jpg\" alt=\"Certifications Om\u00e9ga Triangle vert\" width=\"193\" height=\"110\" srcset=\"https:\/\/autravail.ca\/wp-content\/uploads\/2025\/09\/Certification-Omega-Triangle-vert.jpg 193w, https:\/\/autravail.ca\/wp-content\/uploads\/2025\/09\/Certification-Omega-Triangle-vert-150x85.jpg 150w, https:\/\/autravail.ca\/wp-content\/uploads\/2025\/09\/Certification-Omega-Triangle-vert-18x10.jpg 18w\" sizes=\"(max-width: 193px) 100vw, 193px\" \/><\/p>\n<h4>Characteristics:<\/h4>\n<ul class=\"temp-feature-list royer-temp-feature-list\">\n<li>8 Inch Metal-Free boots<\/li>\n<li>Waterproof AIRFLOW Membrane<\/li>\n<li>Crazy horse leather<\/li>\n<li>Textile fortifi\u00e9 SHIELDTEX r\u00e9sistant \u00e0 l&rsquo;abrasion<\/li>\n<li>Composite protective tip<\/li>\n<li>Exterior Patch PARESHOK in ultra-durable TPU<\/li>\n<li>Non-metallic antipercoration<\/li>\n<li>Semelle d&rsquo;usure FLX en caoutchouc<\/li>\n<li>PU interlayer sole made by direct injection<\/li>\n<li>Doublure de TAIBRELLE avec traitement SILVERCLEAR<\/li>\n<li>Low density PU cleaning sole for more comfort<\/li>\n<li>Protection against electric shocks<\/li>\n<\/ul>\n<p><em><span style=\"color: #fa0b0b;\">Unisex US male shoe sizes presented. To convert to US women's shoe size, add 2 sizes. Example: 4 US man = 6 US woman.<\/span><\/em><\/p>\n<p><img decoding=\"async\" class=\"alignnone wp-image-40620\" src=\"https:\/\/autravail.ca\/wp-content\/uploads\/2025\/09\/Jachete-quebec-et-canada.jpg\" alt=\"Logo de l'achat local\" width=\"162\" height=\"139\" \/>Merci d&rsquo;encourager une entreprise 100% d&rsquo;ici!<\/p>","protected":false},"excerpt":{"rendered":"<p>Botte de travail Royer &#8211; 8620FLX La Botte de travail Royer &#8211; 8620FLX (10-8620) incarne l\u2019alliance parfaite entre robustesse, confort et performance. Con\u00e7ue pour les environnements exigeants, elle offre une protection compl\u00e8te gr\u00e2ce \u00e0 son embout composite, sa coquille PARESHOK\u2122 et sa semelle antiperforation non m\u00e9tallique. Sa membrane AIRFLOW\u2122 assure une imperm\u00e9abilit\u00e9 durable tout en [&hellip;]<\/p>","protected":false},"featured_media":7471,"comment_status":"open","ping_status":"closed","template":"","meta":[],"product_cat":[613,642,805,811,631,602],"product_tag":[251,252,263,255,242,253],"class_list":{"0":"post-24910","1":"product","2":"type-product","3":"status-publish","4":"has-post-thumbnail","6":"product_brand-royer","7":"product_cat-bottes-de-travail","8":"product_cat-bottes-de-travail-femme","9":"product_cat-bottes-de-travail-homme","10":"product_cat-chaussures-de-securite","11":"product_cat-en-solde","12":"product_cat-hommes","13":"product_tag-bottes-de-travail","14":"product_tag-electric-shock-resistant","15":"product_tag-en-solde","16":"product_tag-femme","17":"product_tag-homme","18":"product_tag-sole-protection","20":"first","21":"instock","22":"sale","23":"taxable","24":"shipping-taxable","25":"purchasable","26":"product-type-variable","27":"has-default-attributes"},"yoast_head":"<!-- This site is optimized with the Yoast SEO plugin v25.3.1 - https:\/\/yoast.com\/wordpress\/plugins\/seo\/ -->\n<title>Botte de travail Royer - 8620FLX - Le Magasin Industriel<\/title>\n<meta name=\"description\" content=\"Botte de travail Royer - 8620FLX de la compagnie qu\u00e9b\u00e9coise Royer. Tr\u00e8s confortable avec membrane imperm\u00e9able Airflow et cuir de qualit\u00e9.\" \/>\n<meta name=\"robots\" content=\"index, follow, max-snippet:-1, max-image-preview:large, max-video-preview:-1\" \/>\n<link rel=\"canonical\" href=\"https:\/\/autravail.ca\/en\/product\/botte-de-travail-royer-8620flx\/\" \/>\n<meta property=\"og:locale\" content=\"en_US\" \/>\n<meta property=\"og:type\" content=\"article\" \/>\n<meta property=\"og:title\" content=\"Botte de travail Royer - 8620FLX - Le Magasin Industriel\" \/>\n<meta property=\"og:description\" content=\"Botte de travail Royer - 8620FLX de la compagnie qu\u00e9b\u00e9coise Royer. Tr\u00e8s confortable avec membrane imperm\u00e9able Airflow et cuir de qualit\u00e9.\" \/>\n<meta property=\"og:url\" content=\"https:\/\/autravail.ca\/en\/product\/botte-de-travail-royer-8620flx\/\" \/>\n<meta property=\"og:site_name\" content=\"Le Magasin Industriel\" \/>\n<meta property=\"article:publisher\" content=\"https:\/\/www.facebook.com\/lemagasinindustriel\/?locale=fr_FR\" \/>\n<meta property=\"article:modified_time\" content=\"2026-04-07T16:54:52+00:00\" \/>\n<meta property=\"og:image\" content=\"https:\/\/autravail.ca\/wp-content\/uploads\/2025\/05\/8620FLX_A01.jpg\" \/>\n\t<meta property=\"og:image:width\" content=\"1000\" \/>\n\t<meta property=\"og:image:height\" content=\"1000\" \/>\n\t<meta property=\"og:image:type\" content=\"image\/jpeg\" \/>\n<meta name=\"twitter:card\" content=\"summary_large_image\" \/>\n<meta name=\"twitter:label1\" content=\"Est. reading time\" \/>\n\t<meta name=\"twitter:data1\" content=\"2 minutes\" \/>\n<script type=\"application\/ld+json\" class=\"yoast-schema-graph\">{\"@context\":\"https:\/\/schema.org\",\"@graph\":[{\"@type\":\"WebPage\",\"@id\":\"https:\/\/autravail.ca\/product\/botte-de-travail-royer-8620flx\/\",\"url\":\"https:\/\/autravail.ca\/product\/botte-de-travail-royer-8620flx\/\",\"name\":\"Botte de travail Royer - 8620FLX - Le Magasin Industriel\",\"isPartOf\":{\"@id\":\"https:\/\/autravail.ca\/#website\"},\"primaryImageOfPage\":{\"@id\":\"https:\/\/autravail.ca\/product\/botte-de-travail-royer-8620flx\/#primaryimage\"},\"image\":{\"@id\":\"https:\/\/autravail.ca\/product\/botte-de-travail-royer-8620flx\/#primaryimage\"},\"thumbnailUrl\":\"https:\/\/autravail.ca\/wp-content\/uploads\/2025\/05\/8620FLX_A01.jpg\",\"datePublished\":\"2025-05-08T06:09:31+00:00\",\"dateModified\":\"2026-04-07T16:54:52+00:00\",\"description\":\"Botte de travail Royer - 8620FLX de la compagnie qu\u00e9b\u00e9coise Royer. Tr\u00e8s confortable avec membrane imperm\u00e9able Airflow et cuir de qualit\u00e9.\",\"breadcrumb\":{\"@id\":\"https:\/\/autravail.ca\/product\/botte-de-travail-royer-8620flx\/#breadcrumb\"},\"inLanguage\":\"en-CA\",\"potentialAction\":[{\"@type\":\"ReadAction\",\"target\":[\"https:\/\/autravail.ca\/product\/botte-de-travail-royer-8620flx\/\"]}]},{\"@type\":\"ImageObject\",\"inLanguage\":\"en-CA\",\"@id\":\"https:\/\/autravail.ca\/product\/botte-de-travail-royer-8620flx\/#primaryimage\",\"url\":\"https:\/\/autravail.ca\/wp-content\/uploads\/2025\/05\/8620FLX_A01.jpg\",\"contentUrl\":\"https:\/\/autravail.ca\/wp-content\/uploads\/2025\/05\/8620FLX_A01.jpg\",\"width\":1000,\"height\":1000,\"caption\":\"BOTTE DE TRAVAIL - Royer 8620FLX\"},{\"@type\":\"BreadcrumbList\",\"@id\":\"https:\/\/autravail.ca\/product\/botte-de-travail-royer-8620flx\/#breadcrumb\",\"itemListElement\":[{\"@type\":\"ListItem\",\"position\":1,\"name\":\"Accueil\",\"item\":\"https:\/\/autravail.ca\/\"},{\"@type\":\"ListItem\",\"position\":2,\"name\":\"Magasin\",\"item\":\"https:\/\/autravail.ca\/en\/shop\/\"},{\"@type\":\"ListItem\",\"position\":3,\"name\":\"Botte de travail Royer &#8211; 8620FLX\"}]},{\"@type\":\"WebSite\",\"@id\":\"https:\/\/autravail.ca\/#website\",\"url\":\"https:\/\/autravail.ca\/\",\"name\":\"Le Magasin Industriel\",\"description\":\"50 ans de tradition de s\u00e9curit\u00e9 au travail\",\"publisher\":{\"@id\":\"https:\/\/autravail.ca\/#organization\"},\"potentialAction\":[{\"@type\":\"SearchAction\",\"target\":{\"@type\":\"EntryPoint\",\"urlTemplate\":\"https:\/\/autravail.ca\/?s={search_term_string}\"},\"query-input\":{\"@type\":\"PropertyValueSpecification\",\"valueRequired\":true,\"valueName\":\"search_term_string\"}}],\"inLanguage\":\"en-CA\"},{\"@type\":\"Organization\",\"@id\":\"https:\/\/autravail.ca\/#organization\",\"name\":\"Le Magasin Industriel\",\"url\":\"https:\/\/autravail.ca\/\",\"logo\":{\"@type\":\"ImageObject\",\"inLanguage\":\"en-CA\",\"@id\":\"https:\/\/autravail.ca\/#\/schema\/logo\/image\/\",\"url\":\"https:\/\/autravail.ca\/wp-content\/uploads\/2025\/05\/cropped-magasin_industriel_120x.avif\",\"contentUrl\":\"https:\/\/autravail.ca\/wp-content\/uploads\/2025\/05\/cropped-magasin_industriel_120x.avif\",\"width\":120,\"height\":24,\"caption\":\"Le Magasin Industriel\"},\"image\":{\"@id\":\"https:\/\/autravail.ca\/#\/schema\/logo\/image\/\"},\"sameAs\":[\"https:\/\/www.facebook.com\/lemagasinindustriel\/?locale=fr_FR\"]}]}<\/script>\n<!-- \/ Yoast SEO plugin. -->","yoast_head_json":{"title":"Botte de travail Royer - 8620FLX - Le Magasin Industriel","description":"Botte de travail Royer - 8620FLX de la compagnie qu\u00e9b\u00e9coise Royer. Tr\u00e8s confortable avec membrane imperm\u00e9able Airflow et cuir de qualit\u00e9.","robots":{"index":"index","follow":"follow","max-snippet":"max-snippet:-1","max-image-preview":"max-image-preview:large","max-video-preview":"max-video-preview:-1"},"canonical":"https:\/\/autravail.ca\/en\/product\/botte-de-travail-royer-8620flx\/","og_locale":"en_US","og_type":"article","og_title":"Botte de travail Royer - 8620FLX - Le Magasin Industriel","og_description":"Botte de travail Royer - 8620FLX de la compagnie qu\u00e9b\u00e9coise Royer. Tr\u00e8s confortable avec membrane imperm\u00e9able Airflow et cuir de qualit\u00e9.","og_url":"https:\/\/autravail.ca\/en\/product\/botte-de-travail-royer-8620flx\/","og_site_name":"Le Magasin Industriel","article_publisher":"https:\/\/www.facebook.com\/lemagasinindustriel\/?locale=fr_FR","article_modified_time":"2026-04-07T16:54:52+00:00","og_image":[{"width":1000,"height":1000,"url":"https:\/\/autravail.ca\/wp-content\/uploads\/2025\/05\/8620FLX_A01.jpg","type":"image\/jpeg"}],"twitter_card":"summary_large_image","twitter_misc":{"Est. reading time":"2 minutes"},"schema":{"@context":"https:\/\/schema.org","@graph":[{"@type":"WebPage","@id":"https:\/\/autravail.ca\/product\/botte-de-travail-royer-8620flx\/","url":"https:\/\/autravail.ca\/product\/botte-de-travail-royer-8620flx\/","name":"Botte de travail Royer - 8620FLX - Le Magasin Industriel","isPartOf":{"@id":"https:\/\/autravail.ca\/#website"},"primaryImageOfPage":{"@id":"https:\/\/autravail.ca\/product\/botte-de-travail-royer-8620flx\/#primaryimage"},"image":{"@id":"https:\/\/autravail.ca\/product\/botte-de-travail-royer-8620flx\/#primaryimage"},"thumbnailUrl":"https:\/\/autravail.ca\/wp-content\/uploads\/2025\/05\/8620FLX_A01.jpg","datePublished":"2025-05-08T06:09:31+00:00","dateModified":"2026-04-07T16:54:52+00:00","description":"Botte de travail Royer - 8620FLX de la compagnie qu\u00e9b\u00e9coise Royer. Tr\u00e8s confortable avec membrane imperm\u00e9able Airflow et cuir de qualit\u00e9.","breadcrumb":{"@id":"https:\/\/autravail.ca\/product\/botte-de-travail-royer-8620flx\/#breadcrumb"},"inLanguage":"en-CA","potentialAction":[{"@type":"ReadAction","target":["https:\/\/autravail.ca\/product\/botte-de-travail-royer-8620flx\/"]}]},{"@type":"ImageObject","inLanguage":"en-CA","@id":"https:\/\/autravail.ca\/product\/botte-de-travail-royer-8620flx\/#primaryimage","url":"https:\/\/autravail.ca\/wp-content\/uploads\/2025\/05\/8620FLX_A01.jpg","contentUrl":"https:\/\/autravail.ca\/wp-content\/uploads\/2025\/05\/8620FLX_A01.jpg","width":1000,"height":1000,"caption":"BOTTE DE TRAVAIL - Royer 8620FLX"},{"@type":"BreadcrumbList","@id":"https:\/\/autravail.ca\/product\/botte-de-travail-royer-8620flx\/#breadcrumb","itemListElement":[{"@type":"ListItem","position":1,"name":"Accueil","item":"https:\/\/autravail.ca\/"},{"@type":"ListItem","position":2,"name":"Magasin","item":"https:\/\/autravail.ca\/en\/shop\/"},{"@type":"ListItem","position":3,"name":"Botte de travail Royer &#8211; 8620FLX"}]},{"@type":"WebSite","@id":"https:\/\/autravail.ca\/#website","url":"https:\/\/autravail.ca\/","name":"Le Magasin Industriel","description":"50 ans de tradition de s\u00e9curit\u00e9 au travail","publisher":{"@id":"https:\/\/autravail.ca\/#organization"},"potentialAction":[{"@type":"SearchAction","target":{"@type":"EntryPoint","urlTemplate":"https:\/\/autravail.ca\/?s={search_term_string}"},"query-input":{"@type":"PropertyValueSpecification","valueRequired":true,"valueName":"search_term_string"}}],"inLanguage":"en-CA"},{"@type":"Organization","@id":"https:\/\/autravail.ca\/#organization","name":"Le Magasin Industriel","url":"https:\/\/autravail.ca\/","logo":{"@type":"ImageObject","inLanguage":"en-CA","@id":"https:\/\/autravail.ca\/#\/schema\/logo\/image\/","url":"https:\/\/autravail.ca\/wp-content\/uploads\/2025\/05\/cropped-magasin_industriel_120x.avif","contentUrl":"https:\/\/autravail.ca\/wp-content\/uploads\/2025\/05\/cropped-magasin_industriel_120x.avif","width":120,"height":24,"caption":"Le Magasin Industriel"},"image":{"@id":"https:\/\/autravail.ca\/#\/schema\/logo\/image\/"},"sameAs":["https:\/\/www.facebook.com\/lemagasinindustriel\/?locale=fr_FR"]}]}},"jetpack_sharing_enabled":true,"_links":{"self":[{"href":"https:\/\/autravail.ca\/en\/wp-json\/wp\/v2\/product\/24910","targetHints":{"allow":["GET"]}}],"collection":[{"href":"https:\/\/autravail.ca\/en\/wp-json\/wp\/v2\/product"}],"about":[{"href":"https:\/\/autravail.ca\/en\/wp-json\/wp\/v2\/types\/product"}],"replies":[{"embeddable":true,"href":"https:\/\/autravail.ca\/en\/wp-json\/wp\/v2\/comments?post=24910"}],"wp:featuredmedia":[{"embeddable":true,"href":"https:\/\/autravail.ca\/en\/wp-json\/wp\/v2\/media\/7471"}],"wp:attachment":[{"href":"https:\/\/autravail.ca\/en\/wp-json\/wp\/v2\/media?parent=24910"}],"wp:term":[{"taxonomy":"product_cat","embeddable":true,"href":"https:\/\/autravail.ca\/en\/wp-json\/wp\/v2\/product_cat?post=24910"},{"taxonomy":"product_tag","embeddable":true,"href":"https:\/\/autravail.ca\/en\/wp-json\/wp\/v2\/product_tag?post=24910"}],"curies":[{"name":"wp","href":"https:\/\/api.w.org\/{rel}","templated":true}]}}