{"id":24880,"date":"2025-05-08T06:09:26","date_gmt":"2025-05-08T06:09:26","guid":{"rendered":"https:\/\/meteoquebec.ca\/?post_type=product&#038;p=24880"},"modified":"2026-02-17T14:42:55","modified_gmt":"2026-02-17T18:42:55","slug":"botte-de-travail-royer-8604flx","status":"publish","type":"product","link":"https:\/\/autravail.ca\/en\/product\/botte-de-travail-royer-8604flx\/","title":{"rendered":"Botte de travail Royer &#8211; 8604FLX"},"content":{"rendered":"<h3>Botte de travail Royer &#8211; 8604FLX<\/h3>\n<p>Botte de travail Royer &#8211; 8604FLX est une\u00a0<mark class=\"HxTRcb\" data-complete=\"true\" data-sae=\"\">botte de travail de 8 pouces\u00a0<strong class=\"Yjhzub\" data-complete=\"true\">imperm\u00e9able et enti\u00e8rement non m\u00e9tallique<\/strong>, dot\u00e9e d&rsquo;une\u00a0<strong class=\"Yjhzub\" data-complete=\"true\">fermeture \u00e9clair lat\u00e9rale<\/strong>\u00a0pour un enfilage et un retrait faciles, et reconnue pour son confort imm\u00e9diat<\/mark>. Le mod\u00e8le 8604FLX allie s\u00e9curit\u00e9, fonctionnalit\u00e9 et confort, id\u00e9al pour les professionnels qui doivent fr\u00e9quemment enlever leurs bottes ou passer des d\u00e9tecteurs de m\u00e9taux.<\/p>\n<p><img decoding=\"async\" class=\"alignnone size-full wp-image-40117\" src=\"https:\/\/autravail.ca\/wp-content\/uploads\/2025\/09\/Certification-Omega-Triangle-vert.jpg\" alt=\"Certifications Om\u00e9ga Triangle vert\" width=\"193\" height=\"110\" srcset=\"https:\/\/autravail.ca\/wp-content\/uploads\/2025\/09\/Certification-Omega-Triangle-vert.jpg 193w, https:\/\/autravail.ca\/wp-content\/uploads\/2025\/09\/Certification-Omega-Triangle-vert-150x85.jpg 150w, https:\/\/autravail.ca\/wp-content\/uploads\/2025\/09\/Certification-Omega-Triangle-vert-18x10.jpg 18w\" sizes=\"(max-width: 193px) 100vw, 193px\" \/><\/p>\n<div class=\"product-information-feature-header\">\n<h6 class=\"mb-4\">Caract\u00e9ristiques<\/h6>\n<\/div>\n<ul class=\"temp-feature-list royer-temp-feature-list\">\n<li>8 Inch Metal-Free boots<\/li>\n<li>Fermeture \u00e9clair YKK sur la face m\u00e9diale de la tige<\/li>\n<li>Waterproof AIRFLOW Membrane<\/li>\n<li>Cuir de type pleine-fleur r\u00e9sistant \u00e0 l&rsquo;eau<\/li>\n<li>Composite protective tip<\/li>\n<li>Non-metallic antipercoration<\/li>\n<li>Semelle d&rsquo;usure FLX en caoutchouc<\/li>\n<li>PU interlayer sole made by direct injection<\/li>\n<li>Doublure de TAIBRELLE avec traitement SILVERCLEAR<\/li>\n<li>Low density PU cleaning sole for more comfort<\/li>\n<li>Protection against electric shocks<\/li>\n<\/ul>\n<h6 class=\"otQkpb\" role=\"heading\" aria-level=\"3\" data-complete=\"true\" data-processed=\"true\">Avis et R\u00e9putation<\/h6>\n<div class=\"Y3BBE\" data-sfc-cp=\"\" data-hveid=\"CAEIBxAA\" data-complete=\"true\" data-processed=\"true\" aria-owns=\"action-menu-parent-container\">Les utilisateurs et les experts appr\u00e9cient particuli\u00e8rement le mod\u00e8le 8604FLX pour son\u00a0<strong class=\"Yjhzub\" data-complete=\"true\">confort exceptionnel d\u00e8s la premi\u00e8re utilisation<\/strong>, sans p\u00e9riode de rodage n\u00e9cessaire, et sa l\u00e9g\u00e8ret\u00e9. Sa conception non m\u00e9tallique combin\u00e9e \u00e0 la fermeture \u00e9clair lat\u00e9rale en fait un choix tr\u00e8s pratique. La qualit\u00e9 de fabrication et la durabilit\u00e9, caract\u00e9ristiques de la marque Royer, sont souvent mises en avant dans les commentaires.<\/div>\n<div data-sfc-cp=\"\" data-hveid=\"CAEIBxAA\" data-complete=\"true\" data-processed=\"true\" aria-owns=\"action-menu-parent-container\"><\/div>\n<div data-sfc-cp=\"\" data-hveid=\"CAEIBxAA\" data-complete=\"true\" data-processed=\"true\" aria-owns=\"action-menu-parent-container\">\n<p><em><span style=\"color: #fa0b0b;\">Unisex U.S. men's sizes presented. To convert to U.S. women's size, add 2 sizes. Example: 5 U.S. men = 7 U.S. women<\/span><\/em><\/p>\n<p><img decoding=\"async\" class=\"alignnone wp-image-40620\" src=\"https:\/\/autravail.ca\/wp-content\/uploads\/2025\/09\/Jachete-quebec-et-canada.jpg\" alt=\"Logo de l'achat local\" width=\"162\" height=\"139\" \/>Merci d&rsquo;encourager une entreprise 100% d&rsquo;ici!<\/p>\n<p>TS2602H<\/p>\n<\/div>\n<p>&nbsp;<\/p>","protected":false},"excerpt":{"rendered":"<p>Botte de travail Royer &#8211; 8604FLX Botte de travail Royer &#8211; 8604FLX est une\u00a0botte de travail de 8 pouces\u00a0imperm\u00e9able et enti\u00e8rement non m\u00e9tallique, dot\u00e9e d&rsquo;une\u00a0fermeture \u00e9clair lat\u00e9rale\u00a0pour un enfilage et un retrait faciles, et reconnue pour son confort imm\u00e9diat. Le mod\u00e8le 8604FLX allie s\u00e9curit\u00e9, fonctionnalit\u00e9 et confort, id\u00e9al pour les professionnels qui doivent fr\u00e9quemment enlever [&hellip;]<\/p>","protected":false},"featured_media":7433,"comment_status":"open","ping_status":"closed","template":"","meta":[],"product_cat":[613,602],"product_tag":[251,252,242,253,271],"class_list":{"0":"post-24880","1":"product","2":"type-product","3":"status-publish","4":"has-post-thumbnail","6":"product_brand-royer","7":"product_cat-bottes-de-travail","8":"product_cat-hommes","9":"product_tag-bottes-de-travail","10":"product_tag-electric-shock-resistant","11":"product_tag-homme","12":"product_tag-sole-protection","13":"product_tag-tactique","15":"first","16":"instock","17":"taxable","18":"shipping-taxable","19":"purchasable","20":"product-type-variable"},"yoast_head":"<!-- This site is optimized with the Yoast SEO plugin v25.3.1 - https:\/\/yoast.com\/wordpress\/plugins\/seo\/ -->\n<title>Botte de travail Royer - 8604FLX - Le Magasin Industriel<\/title>\n<meta name=\"description\" content=\"Botte de travail Royer - 8604FLX, 8 pouces approuv\u00e9 CSA, imperm\u00e9able, embout composite, bottes de travail pour homme peuvent convenir aux femmes\" \/>\n<meta name=\"robots\" content=\"index, follow, max-snippet:-1, max-image-preview:large, max-video-preview:-1\" \/>\n<link rel=\"canonical\" href=\"https:\/\/autravail.ca\/en\/product\/botte-de-travail-royer-8604flx\/\" \/>\n<meta property=\"og:locale\" content=\"en_US\" \/>\n<meta property=\"og:type\" content=\"article\" \/>\n<meta property=\"og:title\" content=\"Botte de travail Royer - 8604FLX - Le Magasin Industriel\" \/>\n<meta property=\"og:description\" content=\"Botte de travail Royer - 8604FLX, 8 pouces approuv\u00e9 CSA, imperm\u00e9able, embout composite, bottes de travail pour homme peuvent convenir aux femmes\" \/>\n<meta property=\"og:url\" content=\"https:\/\/autravail.ca\/en\/product\/botte-de-travail-royer-8604flx\/\" \/>\n<meta property=\"og:site_name\" content=\"Le Magasin Industriel\" \/>\n<meta property=\"article:publisher\" content=\"https:\/\/www.facebook.com\/lemagasinindustriel\/?locale=fr_FR\" \/>\n<meta property=\"article:modified_time\" content=\"2026-02-17T18:42:55+00:00\" \/>\n<meta property=\"og:image\" content=\"https:\/\/autravail.ca\/wp-content\/uploads\/2025\/05\/8604FLX_A01.jpg\" \/>\n\t<meta property=\"og:image:width\" content=\"1000\" \/>\n\t<meta property=\"og:image:height\" content=\"1000\" \/>\n\t<meta property=\"og:image:type\" content=\"image\/jpeg\" \/>\n<meta name=\"twitter:card\" content=\"summary_large_image\" \/>\n<meta name=\"twitter:label1\" content=\"Est. reading time\" \/>\n\t<meta name=\"twitter:data1\" content=\"2 minutes\" \/>\n<script type=\"application\/ld+json\" class=\"yoast-schema-graph\">{\"@context\":\"https:\/\/schema.org\",\"@graph\":[{\"@type\":\"WebPage\",\"@id\":\"https:\/\/autravail.ca\/product\/botte-de-travail-royer-8604flx\/\",\"url\":\"https:\/\/autravail.ca\/product\/botte-de-travail-royer-8604flx\/\",\"name\":\"Botte de travail Royer - 8604FLX - Le Magasin Industriel\",\"isPartOf\":{\"@id\":\"https:\/\/autravail.ca\/#website\"},\"primaryImageOfPage\":{\"@id\":\"https:\/\/autravail.ca\/product\/botte-de-travail-royer-8604flx\/#primaryimage\"},\"image\":{\"@id\":\"https:\/\/autravail.ca\/product\/botte-de-travail-royer-8604flx\/#primaryimage\"},\"thumbnailUrl\":\"https:\/\/autravail.ca\/wp-content\/uploads\/2025\/05\/8604FLX_A01.jpg\",\"datePublished\":\"2025-05-08T06:09:26+00:00\",\"dateModified\":\"2026-02-17T18:42:55+00:00\",\"description\":\"Botte de travail Royer - 8604FLX, 8 pouces approuv\u00e9 CSA, imperm\u00e9able, embout composite, bottes de travail pour homme peuvent convenir aux femmes\",\"breadcrumb\":{\"@id\":\"https:\/\/autravail.ca\/product\/botte-de-travail-royer-8604flx\/#breadcrumb\"},\"inLanguage\":\"en-CA\",\"potentialAction\":[{\"@type\":\"ReadAction\",\"target\":[\"https:\/\/autravail.ca\/product\/botte-de-travail-royer-8604flx\/\"]}]},{\"@type\":\"ImageObject\",\"inLanguage\":\"en-CA\",\"@id\":\"https:\/\/autravail.ca\/product\/botte-de-travail-royer-8604flx\/#primaryimage\",\"url\":\"https:\/\/autravail.ca\/wp-content\/uploads\/2025\/05\/8604FLX_A01.jpg\",\"contentUrl\":\"https:\/\/autravail.ca\/wp-content\/uploads\/2025\/05\/8604FLX_A01.jpg\",\"width\":1000,\"height\":1000,\"caption\":\"Botte de travail Royer - 8604FLX\"},{\"@type\":\"BreadcrumbList\",\"@id\":\"https:\/\/autravail.ca\/product\/botte-de-travail-royer-8604flx\/#breadcrumb\",\"itemListElement\":[{\"@type\":\"ListItem\",\"position\":1,\"name\":\"Accueil\",\"item\":\"https:\/\/autravail.ca\/\"},{\"@type\":\"ListItem\",\"position\":2,\"name\":\"Magasin\",\"item\":\"https:\/\/autravail.ca\/en\/shop\/\"},{\"@type\":\"ListItem\",\"position\":3,\"name\":\"Botte de travail Royer &#8211; 8604FLX\"}]},{\"@type\":\"WebSite\",\"@id\":\"https:\/\/autravail.ca\/#website\",\"url\":\"https:\/\/autravail.ca\/\",\"name\":\"Le Magasin Industriel\",\"description\":\"50 ans de tradition de s\u00e9curit\u00e9 au travail\",\"publisher\":{\"@id\":\"https:\/\/autravail.ca\/#organization\"},\"potentialAction\":[{\"@type\":\"SearchAction\",\"target\":{\"@type\":\"EntryPoint\",\"urlTemplate\":\"https:\/\/autravail.ca\/?s={search_term_string}\"},\"query-input\":{\"@type\":\"PropertyValueSpecification\",\"valueRequired\":true,\"valueName\":\"search_term_string\"}}],\"inLanguage\":\"en-CA\"},{\"@type\":\"Organization\",\"@id\":\"https:\/\/autravail.ca\/#organization\",\"name\":\"Le Magasin Industriel\",\"url\":\"https:\/\/autravail.ca\/\",\"logo\":{\"@type\":\"ImageObject\",\"inLanguage\":\"en-CA\",\"@id\":\"https:\/\/autravail.ca\/#\/schema\/logo\/image\/\",\"url\":\"https:\/\/autravail.ca\/wp-content\/uploads\/2025\/05\/cropped-magasin_industriel_120x.avif\",\"contentUrl\":\"https:\/\/autravail.ca\/wp-content\/uploads\/2025\/05\/cropped-magasin_industriel_120x.avif\",\"width\":120,\"height\":24,\"caption\":\"Le Magasin Industriel\"},\"image\":{\"@id\":\"https:\/\/autravail.ca\/#\/schema\/logo\/image\/\"},\"sameAs\":[\"https:\/\/www.facebook.com\/lemagasinindustriel\/?locale=fr_FR\"]}]}<\/script>\n<!-- \/ Yoast SEO plugin. -->","yoast_head_json":{"title":"Botte de travail Royer - 8604FLX - Le Magasin Industriel","description":"Botte de travail Royer - 8604FLX, 8 pouces approuv\u00e9 CSA, imperm\u00e9able, embout composite, bottes de travail pour homme peuvent convenir aux femmes","robots":{"index":"index","follow":"follow","max-snippet":"max-snippet:-1","max-image-preview":"max-image-preview:large","max-video-preview":"max-video-preview:-1"},"canonical":"https:\/\/autravail.ca\/en\/product\/botte-de-travail-royer-8604flx\/","og_locale":"en_US","og_type":"article","og_title":"Botte de travail Royer - 8604FLX - Le Magasin Industriel","og_description":"Botte de travail Royer - 8604FLX, 8 pouces approuv\u00e9 CSA, imperm\u00e9able, embout composite, bottes de travail pour homme peuvent convenir aux femmes","og_url":"https:\/\/autravail.ca\/en\/product\/botte-de-travail-royer-8604flx\/","og_site_name":"Le Magasin Industriel","article_publisher":"https:\/\/www.facebook.com\/lemagasinindustriel\/?locale=fr_FR","article_modified_time":"2026-02-17T18:42:55+00:00","og_image":[{"width":1000,"height":1000,"url":"https:\/\/autravail.ca\/wp-content\/uploads\/2025\/05\/8604FLX_A01.jpg","type":"image\/jpeg"}],"twitter_card":"summary_large_image","twitter_misc":{"Est. reading time":"2 minutes"},"schema":{"@context":"https:\/\/schema.org","@graph":[{"@type":"WebPage","@id":"https:\/\/autravail.ca\/product\/botte-de-travail-royer-8604flx\/","url":"https:\/\/autravail.ca\/product\/botte-de-travail-royer-8604flx\/","name":"Botte de travail Royer - 8604FLX - Le Magasin Industriel","isPartOf":{"@id":"https:\/\/autravail.ca\/#website"},"primaryImageOfPage":{"@id":"https:\/\/autravail.ca\/product\/botte-de-travail-royer-8604flx\/#primaryimage"},"image":{"@id":"https:\/\/autravail.ca\/product\/botte-de-travail-royer-8604flx\/#primaryimage"},"thumbnailUrl":"https:\/\/autravail.ca\/wp-content\/uploads\/2025\/05\/8604FLX_A01.jpg","datePublished":"2025-05-08T06:09:26+00:00","dateModified":"2026-02-17T18:42:55+00:00","description":"Botte de travail Royer - 8604FLX, 8 pouces approuv\u00e9 CSA, imperm\u00e9able, embout composite, bottes de travail pour homme peuvent convenir aux femmes","breadcrumb":{"@id":"https:\/\/autravail.ca\/product\/botte-de-travail-royer-8604flx\/#breadcrumb"},"inLanguage":"en-CA","potentialAction":[{"@type":"ReadAction","target":["https:\/\/autravail.ca\/product\/botte-de-travail-royer-8604flx\/"]}]},{"@type":"ImageObject","inLanguage":"en-CA","@id":"https:\/\/autravail.ca\/product\/botte-de-travail-royer-8604flx\/#primaryimage","url":"https:\/\/autravail.ca\/wp-content\/uploads\/2025\/05\/8604FLX_A01.jpg","contentUrl":"https:\/\/autravail.ca\/wp-content\/uploads\/2025\/05\/8604FLX_A01.jpg","width":1000,"height":1000,"caption":"Botte de travail Royer - 8604FLX"},{"@type":"BreadcrumbList","@id":"https:\/\/autravail.ca\/product\/botte-de-travail-royer-8604flx\/#breadcrumb","itemListElement":[{"@type":"ListItem","position":1,"name":"Accueil","item":"https:\/\/autravail.ca\/"},{"@type":"ListItem","position":2,"name":"Magasin","item":"https:\/\/autravail.ca\/en\/shop\/"},{"@type":"ListItem","position":3,"name":"Botte de travail Royer &#8211; 8604FLX"}]},{"@type":"WebSite","@id":"https:\/\/autravail.ca\/#website","url":"https:\/\/autravail.ca\/","name":"Le Magasin Industriel","description":"50 ans de tradition de s\u00e9curit\u00e9 au travail","publisher":{"@id":"https:\/\/autravail.ca\/#organization"},"potentialAction":[{"@type":"SearchAction","target":{"@type":"EntryPoint","urlTemplate":"https:\/\/autravail.ca\/?s={search_term_string}"},"query-input":{"@type":"PropertyValueSpecification","valueRequired":true,"valueName":"search_term_string"}}],"inLanguage":"en-CA"},{"@type":"Organization","@id":"https:\/\/autravail.ca\/#organization","name":"Le Magasin Industriel","url":"https:\/\/autravail.ca\/","logo":{"@type":"ImageObject","inLanguage":"en-CA","@id":"https:\/\/autravail.ca\/#\/schema\/logo\/image\/","url":"https:\/\/autravail.ca\/wp-content\/uploads\/2025\/05\/cropped-magasin_industriel_120x.avif","contentUrl":"https:\/\/autravail.ca\/wp-content\/uploads\/2025\/05\/cropped-magasin_industriel_120x.avif","width":120,"height":24,"caption":"Le Magasin Industriel"},"image":{"@id":"https:\/\/autravail.ca\/#\/schema\/logo\/image\/"},"sameAs":["https:\/\/www.facebook.com\/lemagasinindustriel\/?locale=fr_FR"]}]}},"jetpack_sharing_enabled":true,"_links":{"self":[{"href":"https:\/\/autravail.ca\/en\/wp-json\/wp\/v2\/product\/24880","targetHints":{"allow":["GET"]}}],"collection":[{"href":"https:\/\/autravail.ca\/en\/wp-json\/wp\/v2\/product"}],"about":[{"href":"https:\/\/autravail.ca\/en\/wp-json\/wp\/v2\/types\/product"}],"replies":[{"embeddable":true,"href":"https:\/\/autravail.ca\/en\/wp-json\/wp\/v2\/comments?post=24880"}],"wp:featuredmedia":[{"embeddable":true,"href":"https:\/\/autravail.ca\/en\/wp-json\/wp\/v2\/media\/7433"}],"wp:attachment":[{"href":"https:\/\/autravail.ca\/en\/wp-json\/wp\/v2\/media?parent=24880"}],"wp:term":[{"taxonomy":"product_cat","embeddable":true,"href":"https:\/\/autravail.ca\/en\/wp-json\/wp\/v2\/product_cat?post=24880"},{"taxonomy":"product_tag","embeddable":true,"href":"https:\/\/autravail.ca\/en\/wp-json\/wp\/v2\/product_tag?post=24880"}],"curies":[{"name":"wp","href":"https:\/\/api.w.org\/{rel}","templated":true}]}}