{"id":24819,"date":"2025-05-08T06:09:10","date_gmt":"2025-05-08T06:09:10","guid":{"rendered":"https:\/\/meteoquebec.ca\/?post_type=product&#038;p=24819"},"modified":"2026-02-17T14:12:42","modified_gmt":"2026-02-17T18:12:42","slug":"botte-de-travail-metatarse-8501flx","status":"publish","type":"product","link":"https:\/\/autravail.ca\/en\/product\/botte-de-travail-metatarse-8501flx\/","title":{"rendered":"Botte de travail m\u00e9tatarse &#8211; 8501FLX"},"content":{"rendered":"<h3>Botte de travail m\u00e9tatarse &#8211; 8501FLX<\/h3>\n<p>Botte de travail m\u00e9tatarse &#8211; 8501FLX de <a href=\"https:\/\/autravail.ca\/en\/product-brand\/royer\/\">Royer<\/a> est une botte de travail de 8 pouces robuste et s\u00e9curitaire, caract\u00e9ris\u00e9e par l&rsquo;int\u00e9gration d&rsquo;un <strong class=\"Yjhzub\" data-complete=\"true\">protecteur m\u00e9tatarsien REALFLEXMC<\/strong> et de fils r\u00e9sistant aux flammes qui am\u00e9liore significativement le confort lors de la marche ou en position accroupie.<\/p>\n<p><img decoding=\"async\" class=\"alignnone size-full wp-image-40117\" src=\"https:\/\/autravail.ca\/wp-content\/uploads\/2025\/09\/Certification-Omega-Triangle-vert.jpg\" alt=\"Certifications Om\u00e9ga Triangle vert\" width=\"193\" height=\"110\" srcset=\"https:\/\/autravail.ca\/wp-content\/uploads\/2025\/09\/Certification-Omega-Triangle-vert.jpg 193w, https:\/\/autravail.ca\/wp-content\/uploads\/2025\/09\/Certification-Omega-Triangle-vert-150x85.jpg 150w, https:\/\/autravail.ca\/wp-content\/uploads\/2025\/09\/Certification-Omega-Triangle-vert-18x10.jpg 18w\" sizes=\"(max-width: 193px) 100vw, 193px\" \/><\/p>\n<div class=\"product-information-feature-header\">\n<h6 class=\"mb-4\">Caract\u00e9ristiques<\/h6>\n<\/div>\n<ul class=\"temp-feature-list royer-temp-feature-list\">\n<li>8 Inch Metal-Free boots<\/li>\n<li>Buffalo Leather<\/li>\n<li>Composite protective tip<\/li>\n<li>REALFLEX Metatarsal Protector which improves comfort during walking or squatting<\/li>\n<li>Exterior Patch PARESHOK in ultra-durable TPU<\/li>\n<li>Non-metallic antipercoration<\/li>\n<li>Semelle d&rsquo;usure FLX en caoutchouc<\/li>\n<li>Lining of TAIBRELLE<\/li>\n<li>PU interlayer sole made by direct injection<\/li>\n<li>Kevlar Flame Resistant Fabric<\/li>\n<li>Low density PU cleaning sole for more comfort<\/li>\n<li>Protection against electric shocks<\/li>\n<\/ul>\n<h6 class=\"otQkpb\" role=\"heading\" aria-level=\"3\" data-complete=\"true\" data-processed=\"true\">Avis et R\u00e9putation<\/h6>\n<div class=\"Y3BBE\" data-sfc-cp=\"\" data-hveid=\"CAEIBxAA\" data-complete=\"true\" data-processed=\"true\" aria-owns=\"action-menu-parent-container\">Les avis d&rsquo;utilisateurs et d&rsquo;experts d\u00e9crivent la 8501FLX comme une botte de qualit\u00e9 exceptionnelle et tr\u00e8s confortable, particuli\u00e8rement appr\u00e9ci\u00e9e pour sa l\u00e9g\u00e8ret\u00e9 relative due \u00e0 son embout en composite. La marque Royer est largement reconnue au Canada pour la qualit\u00e9 et la durabilit\u00e9 de ses bottes de travail, et ce mod\u00e8le particulier est souvent consid\u00e9r\u00e9 comme une r\u00e9f\u00e9rence dans sa cat\u00e9gorie, surnomm\u00e9e \u00ab\u00a0LA BOTTE DES BOTTES\u2122\u00a0\u00bb.<\/div>\n<ul>\n<li style=\"list-style-type: none;\">\n<ul>\n<li style=\"list-style-type: none;\"><\/li>\n<\/ul>\n<\/li>\n<\/ul>\n<p><em><span style=\"color: #fa0b0b;\">Unisex U.S. men's sizes presented. To convert to U.S. women's size, add 2 sizes. Example: 5 U.S. men = 7 U.S. women<\/span><\/em><\/p>\n<p><img decoding=\"async\" class=\"alignnone wp-image-40620\" src=\"https:\/\/autravail.ca\/wp-content\/uploads\/2025\/09\/Jachete-quebec-et-canada.jpg\" alt=\"Logo de l'achat local\" width=\"162\" height=\"139\" \/>Merci d&rsquo;encourager une entreprise 100% d&rsquo;ici!<\/p>\n<p>TS2602H<\/p>","protected":false},"excerpt":{"rendered":"<p>Botte de travail m\u00e9tatarse &#8211; 8501FLX Botte de travail m\u00e9tatarse &#8211; 8501FLX de Royer est une botte de travail de 8 pouces robuste et s\u00e9curitaire, caract\u00e9ris\u00e9e par l&rsquo;int\u00e9gration d&rsquo;un protecteur m\u00e9tatarsien REALFLEXMC et de fils r\u00e9sistant aux flammes qui am\u00e9liore significativement le confort lors de la marche ou en position accroupie. Caract\u00e9ristiques Botte 8 pouces [&hellip;]<\/p>","protected":false},"featured_media":7333,"comment_status":"open","ping_status":"closed","template":"","meta":[],"product_cat":[633,602,626],"product_tag":[251,265,252,242,267,253],"class_list":{"0":"post-24819","1":"product","2":"type-product","3":"status-publish","4":"has-post-thumbnail","6":"product_brand-royer","7":"product_cat-femmes","8":"product_cat-hommes","9":"product_cat-protection-metatarsienne","10":"product_tag-bottes-de-travail","11":"product_tag-chaussures-specialisees","12":"product_tag-electric-shock-resistant","13":"product_tag-homme","14":"product_tag-metatarse-externe","15":"product_tag-sole-protection","17":"first","18":"instock","19":"taxable","20":"shipping-taxable","21":"purchasable","22":"product-type-variable"},"yoast_head":"<!-- This site is optimized with the Yoast SEO plugin v25.3.1 - https:\/\/yoast.com\/wordpress\/plugins\/seo\/ -->\n<title>Botte de travail m\u00e9tatarse - 8501FLX - Le Magasin Industriel<\/title>\n<meta name=\"description\" content=\"Botte de travail m\u00e9tatarse - 8501FLX, 8 pouces approuv\u00e9 CSA, r\u00e9sistant au glissement et \u00e0 l&#039;huile, embout composite, bottes de travail pour homme\" \/>\n<meta name=\"robots\" content=\"index, follow, max-snippet:-1, max-image-preview:large, max-video-preview:-1\" \/>\n<link rel=\"canonical\" href=\"https:\/\/autravail.ca\/en\/product\/botte-de-travail-metatarse-8501flx\/\" \/>\n<meta property=\"og:locale\" content=\"en_US\" \/>\n<meta property=\"og:type\" content=\"article\" \/>\n<meta property=\"og:title\" content=\"Botte de travail m\u00e9tatarse - 8501FLX - Le Magasin Industriel\" \/>\n<meta property=\"og:description\" content=\"Botte de travail m\u00e9tatarse - 8501FLX, 8 pouces approuv\u00e9 CSA, r\u00e9sistant au glissement et \u00e0 l&#039;huile, embout composite, bottes de travail pour homme\" \/>\n<meta property=\"og:url\" content=\"https:\/\/autravail.ca\/en\/product\/botte-de-travail-metatarse-8501flx\/\" \/>\n<meta property=\"og:site_name\" content=\"Le Magasin Industriel\" \/>\n<meta property=\"article:publisher\" content=\"https:\/\/www.facebook.com\/lemagasinindustriel\/?locale=fr_FR\" \/>\n<meta property=\"article:modified_time\" content=\"2026-02-17T18:12:42+00:00\" \/>\n<meta property=\"og:image\" content=\"https:\/\/autravail.ca\/wp-content\/uploads\/2025\/05\/8501FLX_A01.jpg\" \/>\n\t<meta property=\"og:image:width\" content=\"1000\" \/>\n\t<meta property=\"og:image:height\" content=\"1000\" \/>\n\t<meta property=\"og:image:type\" content=\"image\/jpeg\" \/>\n<meta name=\"twitter:card\" content=\"summary_large_image\" \/>\n<meta name=\"twitter:label1\" content=\"Est. reading time\" \/>\n\t<meta name=\"twitter:data1\" content=\"2 minutes\" \/>\n<script type=\"application\/ld+json\" class=\"yoast-schema-graph\">{\"@context\":\"https:\/\/schema.org\",\"@graph\":[{\"@type\":\"WebPage\",\"@id\":\"https:\/\/autravail.ca\/product\/botte-de-travail-metatarse-8501flx\/\",\"url\":\"https:\/\/autravail.ca\/product\/botte-de-travail-metatarse-8501flx\/\",\"name\":\"Botte de travail m\u00e9tatarse - 8501FLX - Le Magasin Industriel\",\"isPartOf\":{\"@id\":\"https:\/\/autravail.ca\/#website\"},\"primaryImageOfPage\":{\"@id\":\"https:\/\/autravail.ca\/product\/botte-de-travail-metatarse-8501flx\/#primaryimage\"},\"image\":{\"@id\":\"https:\/\/autravail.ca\/product\/botte-de-travail-metatarse-8501flx\/#primaryimage\"},\"thumbnailUrl\":\"https:\/\/autravail.ca\/wp-content\/uploads\/2025\/05\/8501FLX_A01.jpg\",\"datePublished\":\"2025-05-08T06:09:10+00:00\",\"dateModified\":\"2026-02-17T18:12:42+00:00\",\"description\":\"Botte de travail m\u00e9tatarse - 8501FLX, 8 pouces approuv\u00e9 CSA, r\u00e9sistant au glissement et \u00e0 l'huile, embout composite, bottes de travail pour homme\",\"breadcrumb\":{\"@id\":\"https:\/\/autravail.ca\/product\/botte-de-travail-metatarse-8501flx\/#breadcrumb\"},\"inLanguage\":\"en-CA\",\"potentialAction\":[{\"@type\":\"ReadAction\",\"target\":[\"https:\/\/autravail.ca\/product\/botte-de-travail-metatarse-8501flx\/\"]}]},{\"@type\":\"ImageObject\",\"inLanguage\":\"en-CA\",\"@id\":\"https:\/\/autravail.ca\/product\/botte-de-travail-metatarse-8501flx\/#primaryimage\",\"url\":\"https:\/\/autravail.ca\/wp-content\/uploads\/2025\/05\/8501FLX_A01.jpg\",\"contentUrl\":\"https:\/\/autravail.ca\/wp-content\/uploads\/2025\/05\/8501FLX_A01.jpg\",\"width\":1000,\"height\":1000,\"caption\":\"Botte de travail m\u00e9tatarse - 8501FLX\"},{\"@type\":\"BreadcrumbList\",\"@id\":\"https:\/\/autravail.ca\/product\/botte-de-travail-metatarse-8501flx\/#breadcrumb\",\"itemListElement\":[{\"@type\":\"ListItem\",\"position\":1,\"name\":\"Accueil\",\"item\":\"https:\/\/autravail.ca\/\"},{\"@type\":\"ListItem\",\"position\":2,\"name\":\"Magasin\",\"item\":\"https:\/\/autravail.ca\/en\/shop\/\"},{\"@type\":\"ListItem\",\"position\":3,\"name\":\"Botte de travail m\u00e9tatarse &#8211; 8501FLX\"}]},{\"@type\":\"WebSite\",\"@id\":\"https:\/\/autravail.ca\/#website\",\"url\":\"https:\/\/autravail.ca\/\",\"name\":\"Le Magasin Industriel\",\"description\":\"50 ans de tradition de s\u00e9curit\u00e9 au travail\",\"publisher\":{\"@id\":\"https:\/\/autravail.ca\/#organization\"},\"potentialAction\":[{\"@type\":\"SearchAction\",\"target\":{\"@type\":\"EntryPoint\",\"urlTemplate\":\"https:\/\/autravail.ca\/?s={search_term_string}\"},\"query-input\":{\"@type\":\"PropertyValueSpecification\",\"valueRequired\":true,\"valueName\":\"search_term_string\"}}],\"inLanguage\":\"en-CA\"},{\"@type\":\"Organization\",\"@id\":\"https:\/\/autravail.ca\/#organization\",\"name\":\"Le Magasin Industriel\",\"url\":\"https:\/\/autravail.ca\/\",\"logo\":{\"@type\":\"ImageObject\",\"inLanguage\":\"en-CA\",\"@id\":\"https:\/\/autravail.ca\/#\/schema\/logo\/image\/\",\"url\":\"https:\/\/autravail.ca\/wp-content\/uploads\/2025\/05\/cropped-magasin_industriel_120x.avif\",\"contentUrl\":\"https:\/\/autravail.ca\/wp-content\/uploads\/2025\/05\/cropped-magasin_industriel_120x.avif\",\"width\":120,\"height\":24,\"caption\":\"Le Magasin Industriel\"},\"image\":{\"@id\":\"https:\/\/autravail.ca\/#\/schema\/logo\/image\/\"},\"sameAs\":[\"https:\/\/www.facebook.com\/lemagasinindustriel\/?locale=fr_FR\"]}]}<\/script>\n<!-- \/ Yoast SEO plugin. -->","yoast_head_json":{"title":"Botte de travail m\u00e9tatarse - 8501FLX - Le Magasin Industriel","description":"Botte de travail m\u00e9tatarse - 8501FLX, 8 pouces approuv\u00e9 CSA, r\u00e9sistant au glissement et \u00e0 l'huile, embout composite, bottes de travail pour homme","robots":{"index":"index","follow":"follow","max-snippet":"max-snippet:-1","max-image-preview":"max-image-preview:large","max-video-preview":"max-video-preview:-1"},"canonical":"https:\/\/autravail.ca\/en\/product\/botte-de-travail-metatarse-8501flx\/","og_locale":"en_US","og_type":"article","og_title":"Botte de travail m\u00e9tatarse - 8501FLX - Le Magasin Industriel","og_description":"Botte de travail m\u00e9tatarse - 8501FLX, 8 pouces approuv\u00e9 CSA, r\u00e9sistant au glissement et \u00e0 l'huile, embout composite, bottes de travail pour homme","og_url":"https:\/\/autravail.ca\/en\/product\/botte-de-travail-metatarse-8501flx\/","og_site_name":"Le Magasin Industriel","article_publisher":"https:\/\/www.facebook.com\/lemagasinindustriel\/?locale=fr_FR","article_modified_time":"2026-02-17T18:12:42+00:00","og_image":[{"width":1000,"height":1000,"url":"https:\/\/autravail.ca\/wp-content\/uploads\/2025\/05\/8501FLX_A01.jpg","type":"image\/jpeg"}],"twitter_card":"summary_large_image","twitter_misc":{"Est. reading time":"2 minutes"},"schema":{"@context":"https:\/\/schema.org","@graph":[{"@type":"WebPage","@id":"https:\/\/autravail.ca\/product\/botte-de-travail-metatarse-8501flx\/","url":"https:\/\/autravail.ca\/product\/botte-de-travail-metatarse-8501flx\/","name":"Botte de travail m\u00e9tatarse - 8501FLX - Le Magasin Industriel","isPartOf":{"@id":"https:\/\/autravail.ca\/#website"},"primaryImageOfPage":{"@id":"https:\/\/autravail.ca\/product\/botte-de-travail-metatarse-8501flx\/#primaryimage"},"image":{"@id":"https:\/\/autravail.ca\/product\/botte-de-travail-metatarse-8501flx\/#primaryimage"},"thumbnailUrl":"https:\/\/autravail.ca\/wp-content\/uploads\/2025\/05\/8501FLX_A01.jpg","datePublished":"2025-05-08T06:09:10+00:00","dateModified":"2026-02-17T18:12:42+00:00","description":"Botte de travail m\u00e9tatarse - 8501FLX, 8 pouces approuv\u00e9 CSA, r\u00e9sistant au glissement et \u00e0 l'huile, embout composite, bottes de travail pour homme","breadcrumb":{"@id":"https:\/\/autravail.ca\/product\/botte-de-travail-metatarse-8501flx\/#breadcrumb"},"inLanguage":"en-CA","potentialAction":[{"@type":"ReadAction","target":["https:\/\/autravail.ca\/product\/botte-de-travail-metatarse-8501flx\/"]}]},{"@type":"ImageObject","inLanguage":"en-CA","@id":"https:\/\/autravail.ca\/product\/botte-de-travail-metatarse-8501flx\/#primaryimage","url":"https:\/\/autravail.ca\/wp-content\/uploads\/2025\/05\/8501FLX_A01.jpg","contentUrl":"https:\/\/autravail.ca\/wp-content\/uploads\/2025\/05\/8501FLX_A01.jpg","width":1000,"height":1000,"caption":"Botte de travail m\u00e9tatarse - 8501FLX"},{"@type":"BreadcrumbList","@id":"https:\/\/autravail.ca\/product\/botte-de-travail-metatarse-8501flx\/#breadcrumb","itemListElement":[{"@type":"ListItem","position":1,"name":"Accueil","item":"https:\/\/autravail.ca\/"},{"@type":"ListItem","position":2,"name":"Magasin","item":"https:\/\/autravail.ca\/en\/shop\/"},{"@type":"ListItem","position":3,"name":"Botte de travail m\u00e9tatarse &#8211; 8501FLX"}]},{"@type":"WebSite","@id":"https:\/\/autravail.ca\/#website","url":"https:\/\/autravail.ca\/","name":"Le Magasin Industriel","description":"50 ans de tradition de s\u00e9curit\u00e9 au travail","publisher":{"@id":"https:\/\/autravail.ca\/#organization"},"potentialAction":[{"@type":"SearchAction","target":{"@type":"EntryPoint","urlTemplate":"https:\/\/autravail.ca\/?s={search_term_string}"},"query-input":{"@type":"PropertyValueSpecification","valueRequired":true,"valueName":"search_term_string"}}],"inLanguage":"en-CA"},{"@type":"Organization","@id":"https:\/\/autravail.ca\/#organization","name":"Le Magasin Industriel","url":"https:\/\/autravail.ca\/","logo":{"@type":"ImageObject","inLanguage":"en-CA","@id":"https:\/\/autravail.ca\/#\/schema\/logo\/image\/","url":"https:\/\/autravail.ca\/wp-content\/uploads\/2025\/05\/cropped-magasin_industriel_120x.avif","contentUrl":"https:\/\/autravail.ca\/wp-content\/uploads\/2025\/05\/cropped-magasin_industriel_120x.avif","width":120,"height":24,"caption":"Le Magasin Industriel"},"image":{"@id":"https:\/\/autravail.ca\/#\/schema\/logo\/image\/"},"sameAs":["https:\/\/www.facebook.com\/lemagasinindustriel\/?locale=fr_FR"]}]}},"jetpack_sharing_enabled":true,"_links":{"self":[{"href":"https:\/\/autravail.ca\/en\/wp-json\/wp\/v2\/product\/24819","targetHints":{"allow":["GET"]}}],"collection":[{"href":"https:\/\/autravail.ca\/en\/wp-json\/wp\/v2\/product"}],"about":[{"href":"https:\/\/autravail.ca\/en\/wp-json\/wp\/v2\/types\/product"}],"replies":[{"embeddable":true,"href":"https:\/\/autravail.ca\/en\/wp-json\/wp\/v2\/comments?post=24819"}],"wp:featuredmedia":[{"embeddable":true,"href":"https:\/\/autravail.ca\/en\/wp-json\/wp\/v2\/media\/7333"}],"wp:attachment":[{"href":"https:\/\/autravail.ca\/en\/wp-json\/wp\/v2\/media?parent=24819"}],"wp:term":[{"taxonomy":"product_cat","embeddable":true,"href":"https:\/\/autravail.ca\/en\/wp-json\/wp\/v2\/product_cat?post=24819"},{"taxonomy":"product_tag","embeddable":true,"href":"https:\/\/autravail.ca\/en\/wp-json\/wp\/v2\/product_tag?post=24819"}],"curies":[{"name":"wp","href":"https:\/\/api.w.org\/{rel}","templated":true}]}}