{"id":24788,"date":"2025-05-08T06:09:01","date_gmt":"2025-05-08T06:09:01","guid":{"rendered":"https:\/\/meteoquebec.ca\/?product=8420flx-bottillon-de-travail-10-8420"},"modified":"2026-01-14T16:55:20","modified_gmt":"2026-01-14T20:55:20","slug":"botte-de-travail-royer-8420flx","status":"publish","type":"product","link":"https:\/\/autravail.ca\/en\/product\/botte-de-travail-royer-8420flx\/","title":{"rendered":"Botte de travail Royer &#8211; 8420FLX"},"content":{"rendered":"<h3>Work boots <a href=\"https:\/\/autravail.ca\/en\/product-brand\/royer\/\">Royer<\/a> &#8211; 8420FLX<\/h3>\n<p>Botte de travail Royer &#8211; 8420FLX est une botte de travail de 6 pouces\u00a0<strong class=\"Yjhzub\" data-complete=\"true\" data-processed=\"true\">sans m\u00e9tal<\/strong>\u00a0qui allie imperm\u00e9abilit\u00e9, flexibilit\u00e9 et durabilit\u00e9, con\u00e7ue pour offrir un confort fiable dans des environnements exigeants. Elle fait partie de la collection\u00a0<strong class=\"Yjhzub\" data-complete=\"true\" data-processed=\"true\">FLX AIRFLOW<\/strong>\u00a0de Royer, reconnue pour sa l\u00e9g\u00e8ret\u00e9 et sa souplesse.<\/p>\n<p><img decoding=\"async\" class=\"alignnone size-full wp-image-40117\" src=\"https:\/\/autravail.ca\/wp-content\/uploads\/2025\/09\/Certification-Omega-Triangle-vert.jpg\" alt=\"Certifications Om\u00e9ga Triangle vert\" width=\"193\" height=\"110\" srcset=\"https:\/\/autravail.ca\/wp-content\/uploads\/2025\/09\/Certification-Omega-Triangle-vert.jpg 193w, https:\/\/autravail.ca\/wp-content\/uploads\/2025\/09\/Certification-Omega-Triangle-vert-150x85.jpg 150w, https:\/\/autravail.ca\/wp-content\/uploads\/2025\/09\/Certification-Omega-Triangle-vert-18x10.jpg 18w\" sizes=\"(max-width: 193px) 100vw, 193px\" \/><\/p>\n<h6 class=\"otQkpb\" role=\"heading\" aria-level=\"3\" data-processed=\"true\" data-complete=\"true\">Caract\u00e9ristiques Principales<button class=\"rBl3me\" tabindex=\"0\" data-amic=\"true\" data-icl-uuid=\"e74523a4-9954-4ea9-9fea-5afeab418187\" aria-label=\"Afficher les liens associ\u00e9s\" data-wiz-attrbind=\"disabled=X9wrif_m\/C5gNJc;aria-label=X9wrif_m\/bOjMyf;class=X9wrif_m\/UpSNec\" data-ved=\"2ahUKEwiw7Lvj9IuSAxU1EVkFHRX-CMIQye0OegYIAQgDEAA\"><\/button><\/h6>\n<ul class=\"KsbFXc U6u95\" data-complete=\"true\" data-processed=\"true\">\n<li data-hveid=\"CAEIBBAA\" data-complete=\"true\" data-sae=\"\"><span class=\"T286Pc\" data-sfc-cp=\"\" data-complete=\"true\"><strong class=\"Yjhzub\" data-complete=\"true\">Tige :<\/strong>\u00a0Botte de 6 pouces, fabriqu\u00e9e en\u00a0<strong class=\"Yjhzub\" data-complete=\"true\">cuir de type \u00ab Crazy horse \u00bb<\/strong>\u00a0et en\u00a0<strong class=\"Yjhzub\" data-complete=\"true\">textile fortifi\u00e9 SHIELDTEX<\/strong>\u00a0r\u00e9sistant \u00e0 l&rsquo;abrasion.<\/span><\/li>\n<li data-hveid=\"CAEIBBAB\" data-complete=\"true\" data-sae=\"\"><span class=\"T286Pc\" data-sfc-cp=\"\" data-complete=\"true\"><strong class=\"Yjhzub\" data-complete=\"true\">Imperm\u00e9abilit\u00e9 :<\/strong>\u00a0Dot\u00e9e d&rsquo;une\u00a0<strong class=\"Yjhzub\" data-complete=\"true\">membrane imperm\u00e9able AIRFLOW<\/strong>\u00a0exclusive qui garde le pied au sec tout en permettant l&rsquo;\u00e9vacuation de l&rsquo;humidit\u00e9.<\/span><\/li>\n<li data-hveid=\"CAEIBBAC\" data-complete=\"true\" data-sae=\"\"><span class=\"T286Pc\" data-sfc-cp=\"\" data-complete=\"true\"><strong class=\"Yjhzub\" data-complete=\"true\">S\u00e9curit\u00e9 :<\/strong><\/span>\n<ul class=\"KsbFXc U6u95\" data-complete=\"true\">\n<li data-hveid=\"CAEIBBAD\" data-complete=\"true\" data-sae=\"\"><span class=\"T286Pc\" data-sfc-cp=\"\" data-complete=\"true\"><strong class=\"Yjhzub\" data-complete=\"true\">Sans m\u00e9tal :<\/strong>\u00a0Enti\u00e8rement sans m\u00e9tal, elle poss\u00e8de un\u00a0<strong class=\"Yjhzub\" data-complete=\"true\">embout de protection en composite<\/strong>\u00a0et une\u00a0<strong class=\"Yjhzub\" data-complete=\"true\">semelle antiperforation non m\u00e9tallique<\/strong>.<\/span><\/li>\n<li data-hveid=\"CAEIBBAE\" data-complete=\"true\" data-sae=\"\"><span class=\"T286Pc\" data-sfc-cp=\"\" data-complete=\"true\"><strong class=\"Yjhzub\" data-complete=\"true\">Protection suppl\u00e9mentaire :<\/strong>\u00a0Comprend un\u00a0<strong class=\"Yjhzub\" data-complete=\"true\">embout ext\u00e9rieur PARESHOK<\/strong>\u00a0en TPU ultra-r\u00e9sistant pour prot\u00e9ger l&rsquo;avant de la botte des impacts et de l&rsquo;usure.<\/span><\/li>\n<li data-hveid=\"CAEIBBAF\" data-complete=\"true\" data-sae=\"\"><span class=\"T286Pc\" data-sfc-cp=\"\" data-complete=\"true\"><strong class=\"Yjhzub\" data-complete=\"true\">Protection \u00e9lectrique :<\/strong>\u00a0Offre une protection contre les chocs \u00e9lectriques (certifi\u00e9e CSA Z195-14 et ASTM F2413-11 EH).<\/span><\/li>\n<\/ul>\n<\/li>\n<li data-hveid=\"CAEIBBAG\" data-complete=\"true\" data-sae=\"\"><span class=\"T286Pc\" data-sfc-cp=\"\" data-complete=\"true\"><strong class=\"Yjhzub\" data-complete=\"true\">Confort et Semelle :<\/strong><\/span>\n<ul class=\"KsbFXc U6u95\" data-complete=\"true\">\n<li data-hveid=\"CAEIBBAH\" data-complete=\"true\" data-sae=\"\"><span class=\"T286Pc\" data-sfc-cp=\"\" data-complete=\"true\"><strong class=\"Yjhzub\" data-complete=\"true\">Semelle d&rsquo;usure :<\/strong>\u00a0En\u00a0<strong class=\"Yjhzub\" data-complete=\"true\">caoutchouc FLX<\/strong>, flexible et l\u00e9g\u00e8re, r\u00e9sistante aux huiles et aux copeaux de m\u00e9tal.<\/span><\/li>\n<li data-hveid=\"CAEIBBAI\" data-complete=\"true\" data-sae=\"\"><span class=\"T286Pc\" data-sfc-cp=\"\" data-complete=\"true\"><strong class=\"Yjhzub\" data-complete=\"true\">Semelle intercalaire :<\/strong>\u00a0En PU (polyur\u00e9thane) fabriqu\u00e9e par injection directe.<\/span><\/li>\n<li data-hveid=\"CAEIBBAJ\" data-complete=\"true\" data-sae=\"\"><span class=\"T286Pc\" data-sfc-cp=\"\" data-complete=\"true\"><strong class=\"Yjhzub\" data-complete=\"true\">Doublure :<\/strong>\u00a0Taibrelle avec traitement SILVERCLEAR pour la gestion de l&rsquo;humidit\u00e9.<\/span><\/li>\n<li data-hveid=\"CAEIBBAK\" data-complete=\"true\" data-sae=\"\"><span class=\"T286Pc\" data-sfc-cp=\"\" data-complete=\"true\"><strong class=\"Yjhzub\" data-complete=\"true\">Semelle de propret\u00e9 :<\/strong>\u00a0En mousse PU basse densit\u00e9 pour un confort accru.<\/span><\/li>\n<\/ul>\n<\/li>\n<\/ul>\n<p>Les utilisateurs appr\u00e9cient ce mod\u00e8le pour sa\u00a0<strong class=\"Yjhzub\" data-complete=\"true\" data-processed=\"true\">l\u00e9g\u00e8ret\u00e9<\/strong>\u00a0et son\u00a0<strong class=\"Yjhzub\" data-complete=\"true\" data-processed=\"true\">confort<\/strong>. Selon un avis d&rsquo;expert, ces bottes n&rsquo;ont pratiquement pas besoin de p\u00e9riode de rodage et sont tr\u00e8s confortables d\u00e8s le premier jour. L&rsquo;aspect esth\u00e9tique est \u00e9galement souvent soulign\u00e9, les bottes \u00e9tant jug\u00e9es attrayantes pour des chaussures de travail. La durabilit\u00e9 et l&rsquo;\u00e9tanch\u00e9it\u00e9 sont des points forts fr\u00e9quemment mentionn\u00e9s par ceux qui travaillent dans des conditions humides ou exigeantes.<\/p>\n<p><em><span style=\"color: #fa0b0b;\">Unisex U.S. men's sizes presented. To convert to U.S. women's size, add 2 sizes. Example: 5 U.S. men = 7 U.S. women<\/span><\/em><\/p>\n<p><img decoding=\"async\" class=\"alignnone wp-image-40620\" src=\"https:\/\/autravail.ca\/wp-content\/uploads\/2025\/09\/Jachete-quebec-et-canada.jpg\" alt=\"Logo de l'achat local\" width=\"162\" height=\"139\" \/>Merci d&rsquo;encourager une entreprise 100% d&rsquo;ici!<\/p>\n<p>TS2601H<\/p>","protected":false},"excerpt":{"rendered":"<p>Botte de travail Royer &#8211; 8420FLX Botte de travail Royer &#8211; 8420FLX est une botte de travail de 6 pouces\u00a0sans m\u00e9tal\u00a0qui allie imperm\u00e9abilit\u00e9, flexibilit\u00e9 et durabilit\u00e9, con\u00e7ue pour offrir un confort fiable dans des environnements exigeants. Elle fait partie de la collection\u00a0FLX AIRFLOW\u00a0de Royer, reconnue pour sa l\u00e9g\u00e8ret\u00e9 et sa souplesse. Caract\u00e9ristiques Principales Tige :\u00a0Botte [&hellip;]<\/p>","protected":false},"featured_media":7293,"comment_status":"open","ping_status":"closed","template":"","meta":[],"product_cat":[621,602],"product_tag":[260,252,242,261,253],"class_list":{"0":"post-24788","1":"product","2":"type-product","3":"status-publish","4":"has-post-thumbnail","6":"product_brand-royer","7":"product_cat-bottes-de-travail-6","8":"product_cat-hommes","9":"product_tag-bottillons-de-travail","10":"product_tag-electric-shock-resistant","11":"product_tag-homme","12":"product_tag-novago","13":"product_tag-sole-protection","15":"first","16":"instock","17":"taxable","18":"shipping-taxable","19":"purchasable","20":"product-type-variable"},"yoast_head":"<!-- This site is optimized with the Yoast SEO plugin v25.3.1 - https:\/\/yoast.com\/wordpress\/plugins\/seo\/ -->\n<title>Botte de travail Royer - 8420FLX - Le Magasin Industriel<\/title>\n<meta name=\"description\" content=\"Botte de travail Royer - 8420FLX, bottillon 6 pouces, homologu\u00e9es CSA, imperm\u00e9ables, embout en composite avec embout pareshok\" \/>\n<meta name=\"robots\" content=\"index, follow, max-snippet:-1, max-image-preview:large, max-video-preview:-1\" \/>\n<link rel=\"canonical\" href=\"https:\/\/autravail.ca\/en\/product\/botte-de-travail-royer-8420flx\/\" \/>\n<meta property=\"og:locale\" content=\"en_US\" \/>\n<meta property=\"og:type\" content=\"article\" \/>\n<meta property=\"og:title\" content=\"Botte de travail Royer - 8420FLX - Le Magasin Industriel\" \/>\n<meta property=\"og:description\" content=\"Botte de travail Royer - 8420FLX, bottillon 6 pouces, homologu\u00e9es CSA, imperm\u00e9ables, embout en composite avec embout pareshok\" \/>\n<meta property=\"og:url\" content=\"https:\/\/autravail.ca\/en\/product\/botte-de-travail-royer-8420flx\/\" \/>\n<meta property=\"og:site_name\" content=\"Le Magasin Industriel\" \/>\n<meta property=\"article:publisher\" content=\"https:\/\/www.facebook.com\/lemagasinindustriel\/?locale=fr_FR\" \/>\n<meta property=\"article:modified_time\" content=\"2026-01-14T20:55:20+00:00\" \/>\n<meta property=\"og:image\" content=\"https:\/\/autravail.ca\/wp-content\/uploads\/2025\/05\/8420FLX_A01.jpg\" \/>\n\t<meta property=\"og:image:width\" content=\"1000\" \/>\n\t<meta property=\"og:image:height\" content=\"1000\" \/>\n\t<meta property=\"og:image:type\" content=\"image\/jpeg\" \/>\n<meta name=\"twitter:card\" content=\"summary_large_image\" \/>\n<meta name=\"twitter:label1\" content=\"Est. reading time\" \/>\n\t<meta name=\"twitter:data1\" content=\"3 minutes\" \/>\n<script type=\"application\/ld+json\" class=\"yoast-schema-graph\">{\"@context\":\"https:\/\/schema.org\",\"@graph\":[{\"@type\":\"WebPage\",\"@id\":\"https:\/\/autravail.ca\/product\/botte-de-travail-royer-8420flx\/\",\"url\":\"https:\/\/autravail.ca\/product\/botte-de-travail-royer-8420flx\/\",\"name\":\"Botte de travail Royer - 8420FLX - Le Magasin Industriel\",\"isPartOf\":{\"@id\":\"https:\/\/autravail.ca\/#website\"},\"primaryImageOfPage\":{\"@id\":\"https:\/\/autravail.ca\/product\/botte-de-travail-royer-8420flx\/#primaryimage\"},\"image\":{\"@id\":\"https:\/\/autravail.ca\/product\/botte-de-travail-royer-8420flx\/#primaryimage\"},\"thumbnailUrl\":\"https:\/\/autravail.ca\/wp-content\/uploads\/2025\/05\/8420FLX_A01.jpg\",\"datePublished\":\"2025-05-08T06:09:01+00:00\",\"dateModified\":\"2026-01-14T20:55:20+00:00\",\"description\":\"Botte de travail Royer - 8420FLX, bottillon 6 pouces, homologu\u00e9es CSA, imperm\u00e9ables, embout en composite avec embout pareshok\",\"breadcrumb\":{\"@id\":\"https:\/\/autravail.ca\/product\/botte-de-travail-royer-8420flx\/#breadcrumb\"},\"inLanguage\":\"en-CA\",\"potentialAction\":[{\"@type\":\"ReadAction\",\"target\":[\"https:\/\/autravail.ca\/product\/botte-de-travail-royer-8420flx\/\"]}]},{\"@type\":\"ImageObject\",\"inLanguage\":\"en-CA\",\"@id\":\"https:\/\/autravail.ca\/product\/botte-de-travail-royer-8420flx\/#primaryimage\",\"url\":\"https:\/\/autravail.ca\/wp-content\/uploads\/2025\/05\/8420FLX_A01.jpg\",\"contentUrl\":\"https:\/\/autravail.ca\/wp-content\/uploads\/2025\/05\/8420FLX_A01.jpg\",\"width\":1000,\"height\":1000},{\"@type\":\"BreadcrumbList\",\"@id\":\"https:\/\/autravail.ca\/product\/botte-de-travail-royer-8420flx\/#breadcrumb\",\"itemListElement\":[{\"@type\":\"ListItem\",\"position\":1,\"name\":\"Accueil\",\"item\":\"https:\/\/autravail.ca\/\"},{\"@type\":\"ListItem\",\"position\":2,\"name\":\"Magasin\",\"item\":\"https:\/\/autravail.ca\/en\/shop\/\"},{\"@type\":\"ListItem\",\"position\":3,\"name\":\"Botte de travail Royer &#8211; 8420FLX\"}]},{\"@type\":\"WebSite\",\"@id\":\"https:\/\/autravail.ca\/#website\",\"url\":\"https:\/\/autravail.ca\/\",\"name\":\"Le Magasin Industriel\",\"description\":\"50 ans de tradition de s\u00e9curit\u00e9 au travail\",\"publisher\":{\"@id\":\"https:\/\/autravail.ca\/#organization\"},\"potentialAction\":[{\"@type\":\"SearchAction\",\"target\":{\"@type\":\"EntryPoint\",\"urlTemplate\":\"https:\/\/autravail.ca\/?s={search_term_string}\"},\"query-input\":{\"@type\":\"PropertyValueSpecification\",\"valueRequired\":true,\"valueName\":\"search_term_string\"}}],\"inLanguage\":\"en-CA\"},{\"@type\":\"Organization\",\"@id\":\"https:\/\/autravail.ca\/#organization\",\"name\":\"Le Magasin Industriel\",\"url\":\"https:\/\/autravail.ca\/\",\"logo\":{\"@type\":\"ImageObject\",\"inLanguage\":\"en-CA\",\"@id\":\"https:\/\/autravail.ca\/#\/schema\/logo\/image\/\",\"url\":\"https:\/\/autravail.ca\/wp-content\/uploads\/2025\/05\/cropped-magasin_industriel_120x.avif\",\"contentUrl\":\"https:\/\/autravail.ca\/wp-content\/uploads\/2025\/05\/cropped-magasin_industriel_120x.avif\",\"width\":120,\"height\":24,\"caption\":\"Le Magasin Industriel\"},\"image\":{\"@id\":\"https:\/\/autravail.ca\/#\/schema\/logo\/image\/\"},\"sameAs\":[\"https:\/\/www.facebook.com\/lemagasinindustriel\/?locale=fr_FR\"]}]}<\/script>\n<!-- \/ Yoast SEO plugin. -->","yoast_head_json":{"title":"Botte de travail Royer - 8420FLX - Le Magasin Industriel","description":"Botte de travail Royer - 8420FLX, bottillon 6 pouces, homologu\u00e9es CSA, imperm\u00e9ables, embout en composite avec embout pareshok","robots":{"index":"index","follow":"follow","max-snippet":"max-snippet:-1","max-image-preview":"max-image-preview:large","max-video-preview":"max-video-preview:-1"},"canonical":"https:\/\/autravail.ca\/en\/product\/botte-de-travail-royer-8420flx\/","og_locale":"en_US","og_type":"article","og_title":"Botte de travail Royer - 8420FLX - Le Magasin Industriel","og_description":"Botte de travail Royer - 8420FLX, bottillon 6 pouces, homologu\u00e9es CSA, imperm\u00e9ables, embout en composite avec embout pareshok","og_url":"https:\/\/autravail.ca\/en\/product\/botte-de-travail-royer-8420flx\/","og_site_name":"Le Magasin Industriel","article_publisher":"https:\/\/www.facebook.com\/lemagasinindustriel\/?locale=fr_FR","article_modified_time":"2026-01-14T20:55:20+00:00","og_image":[{"width":1000,"height":1000,"url":"https:\/\/autravail.ca\/wp-content\/uploads\/2025\/05\/8420FLX_A01.jpg","type":"image\/jpeg"}],"twitter_card":"summary_large_image","twitter_misc":{"Est. reading time":"3 minutes"},"schema":{"@context":"https:\/\/schema.org","@graph":[{"@type":"WebPage","@id":"https:\/\/autravail.ca\/product\/botte-de-travail-royer-8420flx\/","url":"https:\/\/autravail.ca\/product\/botte-de-travail-royer-8420flx\/","name":"Botte de travail Royer - 8420FLX - Le Magasin Industriel","isPartOf":{"@id":"https:\/\/autravail.ca\/#website"},"primaryImageOfPage":{"@id":"https:\/\/autravail.ca\/product\/botte-de-travail-royer-8420flx\/#primaryimage"},"image":{"@id":"https:\/\/autravail.ca\/product\/botte-de-travail-royer-8420flx\/#primaryimage"},"thumbnailUrl":"https:\/\/autravail.ca\/wp-content\/uploads\/2025\/05\/8420FLX_A01.jpg","datePublished":"2025-05-08T06:09:01+00:00","dateModified":"2026-01-14T20:55:20+00:00","description":"Botte de travail Royer - 8420FLX, bottillon 6 pouces, homologu\u00e9es CSA, imperm\u00e9ables, embout en composite avec embout pareshok","breadcrumb":{"@id":"https:\/\/autravail.ca\/product\/botte-de-travail-royer-8420flx\/#breadcrumb"},"inLanguage":"en-CA","potentialAction":[{"@type":"ReadAction","target":["https:\/\/autravail.ca\/product\/botte-de-travail-royer-8420flx\/"]}]},{"@type":"ImageObject","inLanguage":"en-CA","@id":"https:\/\/autravail.ca\/product\/botte-de-travail-royer-8420flx\/#primaryimage","url":"https:\/\/autravail.ca\/wp-content\/uploads\/2025\/05\/8420FLX_A01.jpg","contentUrl":"https:\/\/autravail.ca\/wp-content\/uploads\/2025\/05\/8420FLX_A01.jpg","width":1000,"height":1000},{"@type":"BreadcrumbList","@id":"https:\/\/autravail.ca\/product\/botte-de-travail-royer-8420flx\/#breadcrumb","itemListElement":[{"@type":"ListItem","position":1,"name":"Accueil","item":"https:\/\/autravail.ca\/"},{"@type":"ListItem","position":2,"name":"Magasin","item":"https:\/\/autravail.ca\/en\/shop\/"},{"@type":"ListItem","position":3,"name":"Botte de travail Royer &#8211; 8420FLX"}]},{"@type":"WebSite","@id":"https:\/\/autravail.ca\/#website","url":"https:\/\/autravail.ca\/","name":"Le Magasin Industriel","description":"50 ans de tradition de s\u00e9curit\u00e9 au travail","publisher":{"@id":"https:\/\/autravail.ca\/#organization"},"potentialAction":[{"@type":"SearchAction","target":{"@type":"EntryPoint","urlTemplate":"https:\/\/autravail.ca\/?s={search_term_string}"},"query-input":{"@type":"PropertyValueSpecification","valueRequired":true,"valueName":"search_term_string"}}],"inLanguage":"en-CA"},{"@type":"Organization","@id":"https:\/\/autravail.ca\/#organization","name":"Le Magasin Industriel","url":"https:\/\/autravail.ca\/","logo":{"@type":"ImageObject","inLanguage":"en-CA","@id":"https:\/\/autravail.ca\/#\/schema\/logo\/image\/","url":"https:\/\/autravail.ca\/wp-content\/uploads\/2025\/05\/cropped-magasin_industriel_120x.avif","contentUrl":"https:\/\/autravail.ca\/wp-content\/uploads\/2025\/05\/cropped-magasin_industriel_120x.avif","width":120,"height":24,"caption":"Le Magasin Industriel"},"image":{"@id":"https:\/\/autravail.ca\/#\/schema\/logo\/image\/"},"sameAs":["https:\/\/www.facebook.com\/lemagasinindustriel\/?locale=fr_FR"]}]}},"jetpack_sharing_enabled":true,"_links":{"self":[{"href":"https:\/\/autravail.ca\/en\/wp-json\/wp\/v2\/product\/24788","targetHints":{"allow":["GET"]}}],"collection":[{"href":"https:\/\/autravail.ca\/en\/wp-json\/wp\/v2\/product"}],"about":[{"href":"https:\/\/autravail.ca\/en\/wp-json\/wp\/v2\/types\/product"}],"replies":[{"embeddable":true,"href":"https:\/\/autravail.ca\/en\/wp-json\/wp\/v2\/comments?post=24788"}],"wp:featuredmedia":[{"embeddable":true,"href":"https:\/\/autravail.ca\/en\/wp-json\/wp\/v2\/media\/7293"}],"wp:attachment":[{"href":"https:\/\/autravail.ca\/en\/wp-json\/wp\/v2\/media?parent=24788"}],"wp:term":[{"taxonomy":"product_cat","embeddable":true,"href":"https:\/\/autravail.ca\/en\/wp-json\/wp\/v2\/product_cat?post=24788"},{"taxonomy":"product_tag","embeddable":true,"href":"https:\/\/autravail.ca\/en\/wp-json\/wp\/v2\/product_tag?post=24788"}],"curies":[{"name":"wp","href":"https:\/\/api.w.org\/{rel}","templated":true}]}}