{"id":24759,"date":"2025-05-08T06:08:55","date_gmt":"2025-05-08T06:08:55","guid":{"rendered":"https:\/\/meteoquebec.ca\/?post_type=product&#038;p=24759"},"modified":"2026-03-03T16:31:15","modified_gmt":"2026-03-03T20:31:15","slug":"t-shirt-avec-bandes-reflechissantes-10-665r","status":"publish","type":"product","link":"https:\/\/autravail.ca\/en\/product\/t-shirt-avec-bandes-reflechissantes-10-665r\/","title":{"rendered":"T-shirt avec bandes r\u00e9fl\u00e9chissantes &#8211; 10-665R"},"content":{"rendered":"<h3>T-shirt avec bandes r\u00e9fl\u00e9chissantes &#8211; 10-665R<\/h3>\n<p>T-shirt avec bandes r\u00e9fl\u00e9chissantes &#8211; 10-665R de <a href=\"https:\/\/autravail.ca\/en\/product-brand\/jackfield\/\">Jackfield<\/a> est un t-shirt \u00e0 manches longues haute visibilit\u00e9 con\u00e7u pour les v\u00eatements de travail, offrant des bandes r\u00e9fl\u00e9chissantes pour une visibilit\u00e9 de jour comme de nuit et un tissu \u00e0 s\u00e9chage rapide qui aide \u00e0 \u00e9vacuer l&rsquo;humidit\u00e9, vous gardant au sec et \u00e0 l&rsquo;aise pendant l&rsquo;effort. Ce v\u00eatement est con\u00e7u pour la s\u00e9curit\u00e9 et le confort dans divers environnements de travail, notamment ceux qui exigent une grande visibilit\u00e9.<\/p>\n<h6 class=\"otQkpb\" role=\"heading\" aria-level=\"3\" data-processed=\"true\" data-complete=\"true\">Caract\u00e9ristiques principales<button class=\"rBl3me\" tabindex=\"0\" data-amic=\"true\" data-icl-uuid=\"88a09b62-f9b4-4a05-97ce-e98efc321ba0\" aria-label=\"Afficher les liens associ\u00e9s\" data-wiz-attrbind=\"disabled=rk5XJb_l\/C5gNJc;aria-label=rk5XJb_l\/bOjMyf;class=rk5XJb_l\/UpSNec\" data-ved=\"2ahUKEwiIle_zio6SAxU1EVkFHRX-CMIQye0OegYIAQgDEAA\"><\/button><\/h6>\n<ul class=\"KsbFXc U6u95\" data-complete=\"true\" data-processed=\"true\">\n<li data-hveid=\"CAEIBRAA\" data-complete=\"true\" data-sae=\"\"><span class=\"T286Pc\" data-sfc-cp=\"\" data-complete=\"true\">100 % polyester \u00e0 s\u00e9chage rapide (Quick-Dry).<\/span><\/li>\n<li data-hveid=\"CAEIBRAB\" data-complete=\"true\" data-sae=\"\"><span class=\"T286Pc\" data-sfc-cp=\"\" data-complete=\"true\">Dispose de bandes r\u00e9fl\u00e9chissantes en argent, notamment deux bandes verticales \u00e0 l&rsquo;avant, une bande horizontale \u00e0 la taille et un \u00ab\u00a0X\u00a0\u00bb dans le dos pour une visibilit\u00e9 accrue.<\/span><\/li>\n<li data-hveid=\"CAEIBRAC\" data-complete=\"true\" data-sae=\"\"><span class=\"T286Pc\" data-sfc-cp=\"\" data-complete=\"true\">La couleur marine est certifi\u00e9 <strong class=\"Yjhzub\" data-complete=\"true\">CSA Z96-15 classe 1 niveau 2<\/strong>.<\/span><\/li>\n<li data-hveid=\"CAEIBRAD\" data-complete=\"true\" data-sae=\"\"><span class=\"T286Pc\" data-sfc-cp=\"\" data-complete=\"true\">Comprend une poche de poitrine avec fermeture velcro et deux courroies d&rsquo;attache pour radiot\u00e9l\u00e9phone sur la poitrine.<\/span><\/li>\n<li data-hveid=\"CAEIBRAE\" data-complete=\"true\" data-sae=\"\"><span class=\"T286Pc\" data-sfc-cp=\"\" data-complete=\"true\">Comporte des doubles coutures sur les bandes r\u00e9fl\u00e9chissantes et la bande jaune.<\/span><\/li>\n<\/ul>\n<h6 class=\"otQkpb\" role=\"heading\" aria-level=\"3\" data-complete=\"true\" data-processed=\"true\">Avis et utilisation<button class=\"rBl3me\" tabindex=\"0\" data-amic=\"true\" data-icl-uuid=\"29401603-4c54-492e-a826-9bb16d13f6cf\" aria-label=\"Afficher les liens associ\u00e9s\" data-wiz-attrbind=\"disabled=rk5XJb_1k\/C5gNJc;aria-label=rk5XJb_1k\/bOjMyf;class=rk5XJb_1k\/UpSNec\" data-ved=\"2ahUKEwiIle_zio6SAxU1EVkFHRX-CMIQye0OegYIAQgGEAA\"><\/button><\/h6>\n<div class=\"Y3BBE\" data-sfc-cp=\"\" data-hveid=\"CAEIBxAA\" data-complete=\"true\" data-processed=\"true\">Les d\u00e9taillants le d\u00e9crivent comme un v\u00eatement r\u00e9sistant et durable, adapt\u00e9 aux conditions de travail exigeantes.<\/div>\n<div class=\"Y3BBE\" data-sfc-cp=\"\" data-hveid=\"CAEIBxAA\" data-complete=\"true\" data-processed=\"true\">Ce t-shirt est souvent vendu dans des magasins sp\u00e9cialis\u00e9s en v\u00eatements de s\u00e9curit\u00e9 et de travail.<\/div>\n<div data-sfc-cp=\"\" data-hveid=\"CAEIBxAA\" data-complete=\"true\" data-processed=\"true\"><\/div>\n<div data-sfc-cp=\"\" data-hveid=\"CAEIBxAA\" data-complete=\"true\" data-processed=\"true\">\n<p><img decoding=\"async\" class=\"alignnone wp-image-40620\" src=\"https:\/\/autravail.ca\/wp-content\/uploads\/2025\/09\/Jachete-quebec-et-canada.jpg\" alt=\"Logo de l'achat local\" width=\"162\" height=\"139\" \/>Merci d&rsquo;encourager une entreprise 100% d&rsquo;ici!<\/p>\n<p>TS2603H<\/p>\n<\/div>","protected":false},"excerpt":{"rendered":"<p>T-shirt avec bandes r\u00e9fl\u00e9chissantes &#8211; 10-665R T-shirt avec bandes r\u00e9fl\u00e9chissantes &#8211; 10-665R de Jackfield est un t-shirt \u00e0 manches longues haute visibilit\u00e9 con\u00e7u pour les v\u00eatements de travail, offrant des bandes r\u00e9fl\u00e9chissantes pour une visibilit\u00e9 de jour comme de nuit et un tissu \u00e0 s\u00e9chage rapide qui aide \u00e0 \u00e9vacuer l&rsquo;humidit\u00e9, vous gardant au sec [&hellip;]<\/p>","protected":false},"featured_media":43573,"comment_status":"open","ping_status":"closed","template":"","meta":[],"product_cat":[630,633,602,628,604,658],"product_tag":[255,242,293,291],"class_list":{"0":"post-24759","1":"product","2":"type-product","3":"status-publish","4":"has-post-thumbnail","6":"product_brand-jackfield","7":"product_cat-chandails","8":"product_cat-femmes","9":"product_cat-hommes","10":"product_cat-t-shirts","11":"product_cat-vetements-de-travail","12":"product_cat-vetements-haute-visibilite","13":"product_tag-femme","14":"product_tag-homme","15":"product_tag-t-shirts-polos-et-chandails","16":"product_tag-vetements-haute-visibilite","18":"first","19":"instock","20":"taxable","21":"shipping-taxable","22":"purchasable","23":"product-type-variable"},"yoast_head":"<!-- This site is optimized with the Yoast SEO plugin v25.3.1 - https:\/\/yoast.com\/wordpress\/plugins\/seo\/ -->\n<title>T-shirt avec bandes r\u00e9fl\u00e9chissantes - 10-665R - Le Magasin Industriel<\/title>\n<meta name=\"description\" content=\"T-shirt avec bandes r\u00e9fl\u00e9chissantes - 10-665R, 100% polyester \u00e0 s\u00e9chage rapide ce qui vous garde au sec, manches longues et bandes haute visibilit\u00e9\" \/>\n<meta name=\"robots\" content=\"index, follow, max-snippet:-1, max-image-preview:large, max-video-preview:-1\" \/>\n<link rel=\"canonical\" href=\"https:\/\/autravail.ca\/en\/product\/t-shirt-avec-bandes-reflechissantes-10-665r\/\" \/>\n<meta property=\"og:locale\" content=\"en_US\" \/>\n<meta property=\"og:type\" content=\"article\" \/>\n<meta property=\"og:title\" content=\"T-shirt avec bandes r\u00e9fl\u00e9chissantes - 10-665R - Le Magasin Industriel\" \/>\n<meta property=\"og:description\" content=\"T-shirt avec bandes r\u00e9fl\u00e9chissantes - 10-665R, 100% polyester \u00e0 s\u00e9chage rapide ce qui vous garde au sec, manches longues et bandes haute visibilit\u00e9\" \/>\n<meta property=\"og:url\" content=\"https:\/\/autravail.ca\/en\/product\/t-shirt-avec-bandes-reflechissantes-10-665r\/\" \/>\n<meta property=\"og:site_name\" content=\"Le Magasin Industriel\" \/>\n<meta property=\"article:publisher\" content=\"https:\/\/www.facebook.com\/lemagasinindustriel\/?locale=fr_FR\" \/>\n<meta property=\"article:modified_time\" content=\"2026-03-03T20:31:15+00:00\" \/>\n<meta property=\"og:image\" content=\"https:\/\/autravail.ca\/wp-content\/uploads\/2025\/05\/10-665R.jpg\" \/>\n\t<meta property=\"og:image:width\" content=\"1000\" \/>\n\t<meta property=\"og:image:height\" content=\"1000\" \/>\n\t<meta property=\"og:image:type\" content=\"image\/jpeg\" \/>\n<meta name=\"twitter:card\" content=\"summary_large_image\" \/>\n<meta name=\"twitter:label1\" content=\"Est. reading time\" \/>\n\t<meta name=\"twitter:data1\" content=\"2 minutes\" \/>\n<script type=\"application\/ld+json\" class=\"yoast-schema-graph\">{\"@context\":\"https:\/\/schema.org\",\"@graph\":[{\"@type\":\"WebPage\",\"@id\":\"https:\/\/autravail.ca\/product\/t-shirt-avec-bandes-reflechissantes-10-665r\/\",\"url\":\"https:\/\/autravail.ca\/product\/t-shirt-avec-bandes-reflechissantes-10-665r\/\",\"name\":\"T-shirt avec bandes r\u00e9fl\u00e9chissantes - 10-665R - Le Magasin Industriel\",\"isPartOf\":{\"@id\":\"https:\/\/autravail.ca\/#website\"},\"primaryImageOfPage\":{\"@id\":\"https:\/\/autravail.ca\/product\/t-shirt-avec-bandes-reflechissantes-10-665r\/#primaryimage\"},\"image\":{\"@id\":\"https:\/\/autravail.ca\/product\/t-shirt-avec-bandes-reflechissantes-10-665r\/#primaryimage\"},\"thumbnailUrl\":\"https:\/\/autravail.ca\/wp-content\/uploads\/2025\/05\/10-665R.jpg\",\"datePublished\":\"2025-05-08T06:08:55+00:00\",\"dateModified\":\"2026-03-03T20:31:15+00:00\",\"description\":\"T-shirt avec bandes r\u00e9fl\u00e9chissantes - 10-665R, 100% polyester \u00e0 s\u00e9chage rapide ce qui vous garde au sec, manches longues et bandes haute visibilit\u00e9\",\"breadcrumb\":{\"@id\":\"https:\/\/autravail.ca\/product\/t-shirt-avec-bandes-reflechissantes-10-665r\/#breadcrumb\"},\"inLanguage\":\"en-CA\",\"potentialAction\":[{\"@type\":\"ReadAction\",\"target\":[\"https:\/\/autravail.ca\/product\/t-shirt-avec-bandes-reflechissantes-10-665r\/\"]}]},{\"@type\":\"ImageObject\",\"inLanguage\":\"en-CA\",\"@id\":\"https:\/\/autravail.ca\/product\/t-shirt-avec-bandes-reflechissantes-10-665r\/#primaryimage\",\"url\":\"https:\/\/autravail.ca\/wp-content\/uploads\/2025\/05\/10-665R.jpg\",\"contentUrl\":\"https:\/\/autravail.ca\/wp-content\/uploads\/2025\/05\/10-665R.jpg\",\"width\":1000,\"height\":1000,\"caption\":\"T-shirt avec bandes r\u00e9fl\u00e9chissantes - 10-665R\"},{\"@type\":\"BreadcrumbList\",\"@id\":\"https:\/\/autravail.ca\/product\/t-shirt-avec-bandes-reflechissantes-10-665r\/#breadcrumb\",\"itemListElement\":[{\"@type\":\"ListItem\",\"position\":1,\"name\":\"Accueil\",\"item\":\"https:\/\/autravail.ca\/\"},{\"@type\":\"ListItem\",\"position\":2,\"name\":\"Magasin\",\"item\":\"https:\/\/autravail.ca\/en\/shop\/\"},{\"@type\":\"ListItem\",\"position\":3,\"name\":\"T-shirt avec bandes r\u00e9fl\u00e9chissantes &#8211; 10-665R\"}]},{\"@type\":\"WebSite\",\"@id\":\"https:\/\/autravail.ca\/#website\",\"url\":\"https:\/\/autravail.ca\/\",\"name\":\"Le Magasin Industriel\",\"description\":\"50 ans de tradition de s\u00e9curit\u00e9 au travail\",\"publisher\":{\"@id\":\"https:\/\/autravail.ca\/#organization\"},\"potentialAction\":[{\"@type\":\"SearchAction\",\"target\":{\"@type\":\"EntryPoint\",\"urlTemplate\":\"https:\/\/autravail.ca\/?s={search_term_string}\"},\"query-input\":{\"@type\":\"PropertyValueSpecification\",\"valueRequired\":true,\"valueName\":\"search_term_string\"}}],\"inLanguage\":\"en-CA\"},{\"@type\":\"Organization\",\"@id\":\"https:\/\/autravail.ca\/#organization\",\"name\":\"Le Magasin Industriel\",\"url\":\"https:\/\/autravail.ca\/\",\"logo\":{\"@type\":\"ImageObject\",\"inLanguage\":\"en-CA\",\"@id\":\"https:\/\/autravail.ca\/#\/schema\/logo\/image\/\",\"url\":\"https:\/\/autravail.ca\/wp-content\/uploads\/2025\/05\/cropped-magasin_industriel_120x.avif\",\"contentUrl\":\"https:\/\/autravail.ca\/wp-content\/uploads\/2025\/05\/cropped-magasin_industriel_120x.avif\",\"width\":120,\"height\":24,\"caption\":\"Le Magasin Industriel\"},\"image\":{\"@id\":\"https:\/\/autravail.ca\/#\/schema\/logo\/image\/\"},\"sameAs\":[\"https:\/\/www.facebook.com\/lemagasinindustriel\/?locale=fr_FR\"]}]}<\/script>\n<!-- \/ Yoast SEO plugin. -->","yoast_head_json":{"title":"T-shirt avec bandes r\u00e9fl\u00e9chissantes - 10-665R - Le Magasin Industriel","description":"T-shirt avec bandes r\u00e9fl\u00e9chissantes - 10-665R, 100% polyester \u00e0 s\u00e9chage rapide ce qui vous garde au sec, manches longues et bandes haute visibilit\u00e9","robots":{"index":"index","follow":"follow","max-snippet":"max-snippet:-1","max-image-preview":"max-image-preview:large","max-video-preview":"max-video-preview:-1"},"canonical":"https:\/\/autravail.ca\/en\/product\/t-shirt-avec-bandes-reflechissantes-10-665r\/","og_locale":"en_US","og_type":"article","og_title":"T-shirt avec bandes r\u00e9fl\u00e9chissantes - 10-665R - Le Magasin Industriel","og_description":"T-shirt avec bandes r\u00e9fl\u00e9chissantes - 10-665R, 100% polyester \u00e0 s\u00e9chage rapide ce qui vous garde au sec, manches longues et bandes haute visibilit\u00e9","og_url":"https:\/\/autravail.ca\/en\/product\/t-shirt-avec-bandes-reflechissantes-10-665r\/","og_site_name":"Le Magasin Industriel","article_publisher":"https:\/\/www.facebook.com\/lemagasinindustriel\/?locale=fr_FR","article_modified_time":"2026-03-03T20:31:15+00:00","og_image":[{"width":1000,"height":1000,"url":"https:\/\/autravail.ca\/wp-content\/uploads\/2025\/05\/10-665R.jpg","type":"image\/jpeg"}],"twitter_card":"summary_large_image","twitter_misc":{"Est. reading time":"2 minutes"},"schema":{"@context":"https:\/\/schema.org","@graph":[{"@type":"WebPage","@id":"https:\/\/autravail.ca\/product\/t-shirt-avec-bandes-reflechissantes-10-665r\/","url":"https:\/\/autravail.ca\/product\/t-shirt-avec-bandes-reflechissantes-10-665r\/","name":"T-shirt avec bandes r\u00e9fl\u00e9chissantes - 10-665R - Le Magasin Industriel","isPartOf":{"@id":"https:\/\/autravail.ca\/#website"},"primaryImageOfPage":{"@id":"https:\/\/autravail.ca\/product\/t-shirt-avec-bandes-reflechissantes-10-665r\/#primaryimage"},"image":{"@id":"https:\/\/autravail.ca\/product\/t-shirt-avec-bandes-reflechissantes-10-665r\/#primaryimage"},"thumbnailUrl":"https:\/\/autravail.ca\/wp-content\/uploads\/2025\/05\/10-665R.jpg","datePublished":"2025-05-08T06:08:55+00:00","dateModified":"2026-03-03T20:31:15+00:00","description":"T-shirt avec bandes r\u00e9fl\u00e9chissantes - 10-665R, 100% polyester \u00e0 s\u00e9chage rapide ce qui vous garde au sec, manches longues et bandes haute visibilit\u00e9","breadcrumb":{"@id":"https:\/\/autravail.ca\/product\/t-shirt-avec-bandes-reflechissantes-10-665r\/#breadcrumb"},"inLanguage":"en-CA","potentialAction":[{"@type":"ReadAction","target":["https:\/\/autravail.ca\/product\/t-shirt-avec-bandes-reflechissantes-10-665r\/"]}]},{"@type":"ImageObject","inLanguage":"en-CA","@id":"https:\/\/autravail.ca\/product\/t-shirt-avec-bandes-reflechissantes-10-665r\/#primaryimage","url":"https:\/\/autravail.ca\/wp-content\/uploads\/2025\/05\/10-665R.jpg","contentUrl":"https:\/\/autravail.ca\/wp-content\/uploads\/2025\/05\/10-665R.jpg","width":1000,"height":1000,"caption":"T-shirt avec bandes r\u00e9fl\u00e9chissantes - 10-665R"},{"@type":"BreadcrumbList","@id":"https:\/\/autravail.ca\/product\/t-shirt-avec-bandes-reflechissantes-10-665r\/#breadcrumb","itemListElement":[{"@type":"ListItem","position":1,"name":"Accueil","item":"https:\/\/autravail.ca\/"},{"@type":"ListItem","position":2,"name":"Magasin","item":"https:\/\/autravail.ca\/en\/shop\/"},{"@type":"ListItem","position":3,"name":"T-shirt avec bandes r\u00e9fl\u00e9chissantes &#8211; 10-665R"}]},{"@type":"WebSite","@id":"https:\/\/autravail.ca\/#website","url":"https:\/\/autravail.ca\/","name":"Le Magasin Industriel","description":"50 ans de tradition de s\u00e9curit\u00e9 au travail","publisher":{"@id":"https:\/\/autravail.ca\/#organization"},"potentialAction":[{"@type":"SearchAction","target":{"@type":"EntryPoint","urlTemplate":"https:\/\/autravail.ca\/?s={search_term_string}"},"query-input":{"@type":"PropertyValueSpecification","valueRequired":true,"valueName":"search_term_string"}}],"inLanguage":"en-CA"},{"@type":"Organization","@id":"https:\/\/autravail.ca\/#organization","name":"Le Magasin Industriel","url":"https:\/\/autravail.ca\/","logo":{"@type":"ImageObject","inLanguage":"en-CA","@id":"https:\/\/autravail.ca\/#\/schema\/logo\/image\/","url":"https:\/\/autravail.ca\/wp-content\/uploads\/2025\/05\/cropped-magasin_industriel_120x.avif","contentUrl":"https:\/\/autravail.ca\/wp-content\/uploads\/2025\/05\/cropped-magasin_industriel_120x.avif","width":120,"height":24,"caption":"Le Magasin Industriel"},"image":{"@id":"https:\/\/autravail.ca\/#\/schema\/logo\/image\/"},"sameAs":["https:\/\/www.facebook.com\/lemagasinindustriel\/?locale=fr_FR"]}]}},"jetpack_sharing_enabled":true,"_links":{"self":[{"href":"https:\/\/autravail.ca\/en\/wp-json\/wp\/v2\/product\/24759","targetHints":{"allow":["GET"]}}],"collection":[{"href":"https:\/\/autravail.ca\/en\/wp-json\/wp\/v2\/product"}],"about":[{"href":"https:\/\/autravail.ca\/en\/wp-json\/wp\/v2\/types\/product"}],"replies":[{"embeddable":true,"href":"https:\/\/autravail.ca\/en\/wp-json\/wp\/v2\/comments?post=24759"}],"wp:featuredmedia":[{"embeddable":true,"href":"https:\/\/autravail.ca\/en\/wp-json\/wp\/v2\/media\/43573"}],"wp:attachment":[{"href":"https:\/\/autravail.ca\/en\/wp-json\/wp\/v2\/media?parent=24759"}],"wp:term":[{"taxonomy":"product_cat","embeddable":true,"href":"https:\/\/autravail.ca\/en\/wp-json\/wp\/v2\/product_cat?post=24759"},{"taxonomy":"product_tag","embeddable":true,"href":"https:\/\/autravail.ca\/en\/wp-json\/wp\/v2\/product_tag?post=24759"}],"curies":[{"name":"wp","href":"https:\/\/api.w.org\/{rel}","templated":true}]}}