{"id":24670,"date":"2025-05-08T06:08:31","date_gmt":"2025-05-08T06:08:31","guid":{"rendered":"https:\/\/meteoquebec.ca\/?post_type=product&#038;p=24670"},"modified":"2026-02-13T15:17:54","modified_gmt":"2026-02-13T19:17:54","slug":"botte-de-travail-ventura-6100vt","status":"publish","type":"product","link":"https:\/\/autravail.ca\/en\/product\/botte-de-travail-ventura-6100vt\/","title":{"rendered":"Botte de travail Ventura &#8211; 6100VT"},"content":{"rendered":"<h3>Botte de travail Ventura &#8211; 6100VT<\/h3>\n<p>Botte de travail Ventura &#8211; 6100VT de la collection <strong class=\"Yjhzub\" data-complete=\"true\" data-processed=\"true\">Ventura<\/strong> For <a href=\"https:\/\/autravail.ca\/en\/product-brand\/royer\/\">Royer<\/a> <mark class=\"HxTRcb\" data-complete=\"true\" data-sae=\"\">est un mod\u00e8le 6 pouces enti\u00e8rement <strong class=\"Yjhzub\" data-complete=\"true\">sans m\u00e9tal. E<\/strong>lle est particuli\u00e8rement appr\u00e9ci\u00e9e pour sa durabilit\u00e9, sa l\u00e9g\u00e8ret\u00e9 et est con\u00e7u pour offrir une grande r\u00e9sistance \u00e0 l&rsquo;abrasion en plus d&rsquo;une protection l\u00e9g\u00e8re<\/mark>.<span class=\"uJ19be notranslate\" data-wiz-uids=\"kpLCCe_h,kpLCCe_i\" data-complete=\"true\" data-processed=\"true\"><span class=\"vKEkVd\" data-animation-atomic=\"\" data-wiz-attrbind=\"class=kpLCCe_g\/TKHnVd\" data-sae=\"\"><span aria-hidden=\"true\" aria-owns=\"action-menu-parent-container\"> Ce mod\u00e8le est assembl\u00e9 au Canada.<\/span><\/span><\/span><\/p>\n<p><img decoding=\"async\" class=\"alignnone size-full wp-image-40117\" src=\"https:\/\/autravail.ca\/wp-content\/uploads\/2025\/09\/Certification-Omega-Triangle-vert.jpg\" alt=\"Certifications Om\u00e9ga Triangle vert\" width=\"193\" height=\"110\" srcset=\"https:\/\/autravail.ca\/wp-content\/uploads\/2025\/09\/Certification-Omega-Triangle-vert.jpg 193w, https:\/\/autravail.ca\/wp-content\/uploads\/2025\/09\/Certification-Omega-Triangle-vert-150x85.jpg 150w, https:\/\/autravail.ca\/wp-content\/uploads\/2025\/09\/Certification-Omega-Triangle-vert-18x10.jpg 18w\" sizes=\"(max-width: 193px) 100vw, 193px\" \/><\/p>\n<div class=\"product-information-feature-header\">\n<h6 class=\"mb-4\"><span dir=\"auto\">Caract\u00e9ristiques du produit<\/span><\/h6>\n<\/div>\n<ul>\n<li style=\"list-style-type: none;\">\n<ul class=\"KsbFXc U6u95\" data-complete=\"true\" data-processed=\"true\">\n<li data-hveid=\"CAEIBRAA\" data-complete=\"true\" data-sae=\"\"><span class=\"T286Pc\" data-sfc-cp=\"\" data-complete=\"true\"><strong class=\"Yjhzub\" data-complete=\"true\">Mat\u00e9riaux Robustes :<\/strong>\u00a0La tige combine un\u00a0<strong class=\"Yjhzub\" data-complete=\"true\">cuir pleine fleur<\/strong>\u00a0de 2.0 mm r\u00e9sistant \u00e0 l&rsquo;eau et du\u00a0<strong class=\"Yjhzub\" data-complete=\"true\">tissu CORDURA\u00ae<\/strong>\u00a0hautement r\u00e9sistant \u00e0 l&rsquo;abrasion.<\/span><\/li>\n<li data-hveid=\"CAEIBRAB\" data-complete=\"true\" data-sae=\"\"><span class=\"T286Pc\" data-sfc-cp=\"\" data-complete=\"true\"><strong class=\"Yjhzub\" data-complete=\"true\">Protection 100% Sans M\u00e9tal :<\/strong><\/span>\n<ul class=\"KsbFXc U6u95\" data-complete=\"true\">\n<li data-hveid=\"CAEIBRAC\" data-complete=\"true\" data-sae=\"\"><span class=\"T286Pc\" data-sfc-cp=\"\" data-complete=\"true\"><strong class=\"Yjhzub\" data-complete=\"true\">Embout de protection :<\/strong>\u00a0En composite (plus l\u00e9ger et ne conduit pas le froid).<\/span><\/li>\n<li data-hveid=\"CAEIBRAD\" data-complete=\"true\" data-sae=\"\"><span class=\"T286Pc\" data-sfc-cp=\"\" data-complete=\"true\"><strong class=\"Yjhzub\" data-complete=\"true\">Plaque antiperforation :<\/strong>\u00a0Non m\u00e9tallique et flexible.<\/span><\/li>\n<\/ul>\n<ul class=\"KsbFXc U6u95\" data-complete=\"true\">\n<li data-hveid=\"CAEIBRAD\" data-complete=\"true\" data-sae=\"\"><span class=\"T286Pc\" data-sfc-cp=\"\" data-complete=\"true\"><strong class=\"Yjhzub\" data-complete=\"true\">Confort et Adh\u00e9rence :<\/strong><\/span>\n<ul class=\"KsbFXc U6u95\" data-complete=\"true\">\n<li data-hveid=\"CAEIBRAF\" data-complete=\"true\" data-sae=\"\"><span class=\"T286Pc\" data-sfc-cp=\"\" data-complete=\"true\"><strong class=\"Yjhzub\" data-complete=\"true\">Semelle d&rsquo;usure :<\/strong>\u00a0En caoutchouc r\u00e9sistant \u00e0 l&rsquo;huile.<\/span><\/li>\n<li data-hveid=\"CAEIBRAG\" data-complete=\"true\" data-sae=\"\"><span class=\"T286Pc\" data-sfc-cp=\"\" data-complete=\"true\"><strong class=\"Yjhzub\" data-complete=\"true\">Semelle intercalaire :<\/strong>\u00a0En PU inject\u00e9 directement pour une meilleure absorption des chocs.<\/span><\/li>\n<li data-hveid=\"CAEIBRAH\" data-complete=\"true\" data-sae=\"\"><span class=\"T286Pc\" data-sfc-cp=\"\" data-complete=\"true\"><strong class=\"Yjhzub\" data-complete=\"true\">Semelle int\u00e9rieure :<\/strong>\u00a0En mousse de polyur\u00e9thane de faible densit\u00e9 pour un confort accru durant la journ\u00e9e.<\/span><\/li>\n<\/ul>\n<\/li>\n<\/ul>\n<\/li>\n<li data-hveid=\"CAEIBRAI\" data-complete=\"true\" data-sae=\"\"><span class=\"T286Pc\" data-sfc-cp=\"\" data-complete=\"true\" aria-owns=\"action-menu-parent-container\"><strong class=\"Yjhzub\" data-complete=\"true\">Durabilit\u00e9 :<\/strong>\u00a0Munie de l&#8217;embout protecteur\u00a0<strong class=\"Yjhzub\" data-complete=\"true\">PARESHOK\u2122<\/strong>\u00a0en TPU ultra-r\u00e9sistant pour prot\u00e9ger le cuir \u00e0 l&rsquo;avant.<\/span><\/li>\n<\/ul>\n<\/li>\n<\/ul>\n<p><em><span style=\"color: #fa0b0b;\">Unisex U.S. men's sizes presented. To convert to U.S. women's size, add 2 sizes. Example: 5 U.S. men = 7 U.S. women<\/span><\/em><\/p>\n<p><img decoding=\"async\" class=\"alignnone wp-image-40620\" src=\"https:\/\/autravail.ca\/wp-content\/uploads\/2025\/09\/Jachete-quebec-et-canada.jpg\" alt=\"Logo de l'achat local\" width=\"162\" height=\"139\" \/>Merci d&rsquo;encourager une entreprise 100% d&rsquo;ici!<\/p>\n<p>TS2602H<\/p>","protected":false},"excerpt":{"rendered":"<p>Botte de travail Ventura &#8211; 6100VT Botte de travail Ventura &#8211; 6100VT de la collection Ventura de Royer est un mod\u00e8le 6 pouces enti\u00e8rement sans m\u00e9tal. Elle est particuli\u00e8rement appr\u00e9ci\u00e9e pour sa durabilit\u00e9, sa l\u00e9g\u00e8ret\u00e9 et est con\u00e7u pour offrir une grande r\u00e9sistance \u00e0 l&rsquo;abrasion en plus d&rsquo;une protection l\u00e9g\u00e8re. Ce mod\u00e8le est assembl\u00e9 au [&hellip;]<\/p>","protected":false},"featured_media":7175,"comment_status":"open","ping_status":"closed","template":"","meta":[],"product_cat":[621,602],"product_tag":[260,252,242,253],"class_list":{"0":"post-24670","1":"product","2":"type-product","3":"status-publish","4":"has-post-thumbnail","6":"product_brand-royer","7":"product_cat-bottes-de-travail-6","8":"product_cat-hommes","9":"product_tag-bottillons-de-travail","10":"product_tag-electric-shock-resistant","11":"product_tag-homme","12":"product_tag-sole-protection","14":"first","15":"instock","16":"taxable","17":"shipping-taxable","18":"purchasable","19":"product-type-variable"},"yoast_head":"<!-- This site is optimized with the Yoast SEO plugin v25.3.1 - https:\/\/yoast.com\/wordpress\/plugins\/seo\/ -->\n<title>Botte de travail Ventura - 6100VT - Le Magasin Industriel<\/title>\n<meta name=\"description\" content=\"Botte de travail Ventura - 6100VT de 15 cm avec tissu r\u00e9sistant \u00e0 l&#039;abrasion, 6 pouces, homologu\u00e9es CSA, r\u00e9sistantes \u00e0 la perforation, \u00e0 embout composite\" \/>\n<meta name=\"robots\" content=\"index, follow, max-snippet:-1, max-image-preview:large, max-video-preview:-1\" \/>\n<link rel=\"canonical\" href=\"https:\/\/autravail.ca\/en\/product\/botte-de-travail-ventura-6100vt\/\" \/>\n<meta property=\"og:locale\" content=\"en_US\" \/>\n<meta property=\"og:type\" content=\"article\" \/>\n<meta property=\"og:title\" content=\"Botte de travail Ventura - 6100VT - Le Magasin Industriel\" \/>\n<meta property=\"og:description\" content=\"Botte de travail Ventura - 6100VT de 15 cm avec tissu r\u00e9sistant \u00e0 l&#039;abrasion, 6 pouces, homologu\u00e9es CSA, r\u00e9sistantes \u00e0 la perforation, \u00e0 embout composite\" \/>\n<meta property=\"og:url\" content=\"https:\/\/autravail.ca\/en\/product\/botte-de-travail-ventura-6100vt\/\" \/>\n<meta property=\"og:site_name\" content=\"Le Magasin Industriel\" \/>\n<meta property=\"article:publisher\" content=\"https:\/\/www.facebook.com\/lemagasinindustriel\/?locale=fr_FR\" \/>\n<meta property=\"article:modified_time\" content=\"2026-02-13T19:17:54+00:00\" \/>\n<meta property=\"og:image\" content=\"https:\/\/autravail.ca\/wp-content\/uploads\/2025\/05\/6100VT_A01.jpg\" \/>\n\t<meta property=\"og:image:width\" content=\"1000\" \/>\n\t<meta property=\"og:image:height\" content=\"1000\" \/>\n\t<meta property=\"og:image:type\" content=\"image\/jpeg\" \/>\n<meta name=\"twitter:card\" content=\"summary_large_image\" \/>\n<meta name=\"twitter:label1\" content=\"Est. reading time\" \/>\n\t<meta name=\"twitter:data1\" content=\"2 minutes\" \/>\n<script type=\"application\/ld+json\" class=\"yoast-schema-graph\">{\"@context\":\"https:\/\/schema.org\",\"@graph\":[{\"@type\":\"WebPage\",\"@id\":\"https:\/\/autravail.ca\/product\/botte-de-travail-ventura-6100vt\/\",\"url\":\"https:\/\/autravail.ca\/product\/botte-de-travail-ventura-6100vt\/\",\"name\":\"Botte de travail Ventura - 6100VT - Le Magasin Industriel\",\"isPartOf\":{\"@id\":\"https:\/\/autravail.ca\/#website\"},\"primaryImageOfPage\":{\"@id\":\"https:\/\/autravail.ca\/product\/botte-de-travail-ventura-6100vt\/#primaryimage\"},\"image\":{\"@id\":\"https:\/\/autravail.ca\/product\/botte-de-travail-ventura-6100vt\/#primaryimage\"},\"thumbnailUrl\":\"https:\/\/autravail.ca\/wp-content\/uploads\/2025\/05\/6100VT_A01.jpg\",\"datePublished\":\"2025-05-08T06:08:31+00:00\",\"dateModified\":\"2026-02-13T19:17:54+00:00\",\"description\":\"Botte de travail Ventura - 6100VT de 15 cm avec tissu r\u00e9sistant \u00e0 l'abrasion, 6 pouces, homologu\u00e9es CSA, r\u00e9sistantes \u00e0 la perforation, \u00e0 embout composite\",\"breadcrumb\":{\"@id\":\"https:\/\/autravail.ca\/product\/botte-de-travail-ventura-6100vt\/#breadcrumb\"},\"inLanguage\":\"en-CA\",\"potentialAction\":[{\"@type\":\"ReadAction\",\"target\":[\"https:\/\/autravail.ca\/product\/botte-de-travail-ventura-6100vt\/\"]}]},{\"@type\":\"ImageObject\",\"inLanguage\":\"en-CA\",\"@id\":\"https:\/\/autravail.ca\/product\/botte-de-travail-ventura-6100vt\/#primaryimage\",\"url\":\"https:\/\/autravail.ca\/wp-content\/uploads\/2025\/05\/6100VT_A01.jpg\",\"contentUrl\":\"https:\/\/autravail.ca\/wp-content\/uploads\/2025\/05\/6100VT_A01.jpg\",\"width\":1000,\"height\":1000,\"caption\":\"Botte de travail Ventura - 6100VT\"},{\"@type\":\"BreadcrumbList\",\"@id\":\"https:\/\/autravail.ca\/product\/botte-de-travail-ventura-6100vt\/#breadcrumb\",\"itemListElement\":[{\"@type\":\"ListItem\",\"position\":1,\"name\":\"Accueil\",\"item\":\"https:\/\/autravail.ca\/\"},{\"@type\":\"ListItem\",\"position\":2,\"name\":\"Magasin\",\"item\":\"https:\/\/autravail.ca\/en\/shop\/\"},{\"@type\":\"ListItem\",\"position\":3,\"name\":\"Botte de travail Ventura &#8211; 6100VT\"}]},{\"@type\":\"WebSite\",\"@id\":\"https:\/\/autravail.ca\/#website\",\"url\":\"https:\/\/autravail.ca\/\",\"name\":\"Le Magasin Industriel\",\"description\":\"50 ans de tradition de s\u00e9curit\u00e9 au travail\",\"publisher\":{\"@id\":\"https:\/\/autravail.ca\/#organization\"},\"potentialAction\":[{\"@type\":\"SearchAction\",\"target\":{\"@type\":\"EntryPoint\",\"urlTemplate\":\"https:\/\/autravail.ca\/?s={search_term_string}\"},\"query-input\":{\"@type\":\"PropertyValueSpecification\",\"valueRequired\":true,\"valueName\":\"search_term_string\"}}],\"inLanguage\":\"en-CA\"},{\"@type\":\"Organization\",\"@id\":\"https:\/\/autravail.ca\/#organization\",\"name\":\"Le Magasin Industriel\",\"url\":\"https:\/\/autravail.ca\/\",\"logo\":{\"@type\":\"ImageObject\",\"inLanguage\":\"en-CA\",\"@id\":\"https:\/\/autravail.ca\/#\/schema\/logo\/image\/\",\"url\":\"https:\/\/autravail.ca\/wp-content\/uploads\/2025\/05\/cropped-magasin_industriel_120x.avif\",\"contentUrl\":\"https:\/\/autravail.ca\/wp-content\/uploads\/2025\/05\/cropped-magasin_industriel_120x.avif\",\"width\":120,\"height\":24,\"caption\":\"Le Magasin Industriel\"},\"image\":{\"@id\":\"https:\/\/autravail.ca\/#\/schema\/logo\/image\/\"},\"sameAs\":[\"https:\/\/www.facebook.com\/lemagasinindustriel\/?locale=fr_FR\"]}]}<\/script>\n<!-- \/ Yoast SEO plugin. -->","yoast_head_json":{"title":"Botte de travail Ventura - 6100VT - Le Magasin Industriel","description":"Botte de travail Ventura - 6100VT de 15 cm avec tissu r\u00e9sistant \u00e0 l'abrasion, 6 pouces, homologu\u00e9es CSA, r\u00e9sistantes \u00e0 la perforation, \u00e0 embout composite","robots":{"index":"index","follow":"follow","max-snippet":"max-snippet:-1","max-image-preview":"max-image-preview:large","max-video-preview":"max-video-preview:-1"},"canonical":"https:\/\/autravail.ca\/en\/product\/botte-de-travail-ventura-6100vt\/","og_locale":"en_US","og_type":"article","og_title":"Botte de travail Ventura - 6100VT - Le Magasin Industriel","og_description":"Botte de travail Ventura - 6100VT de 15 cm avec tissu r\u00e9sistant \u00e0 l'abrasion, 6 pouces, homologu\u00e9es CSA, r\u00e9sistantes \u00e0 la perforation, \u00e0 embout composite","og_url":"https:\/\/autravail.ca\/en\/product\/botte-de-travail-ventura-6100vt\/","og_site_name":"Le Magasin Industriel","article_publisher":"https:\/\/www.facebook.com\/lemagasinindustriel\/?locale=fr_FR","article_modified_time":"2026-02-13T19:17:54+00:00","og_image":[{"width":1000,"height":1000,"url":"https:\/\/autravail.ca\/wp-content\/uploads\/2025\/05\/6100VT_A01.jpg","type":"image\/jpeg"}],"twitter_card":"summary_large_image","twitter_misc":{"Est. reading time":"2 minutes"},"schema":{"@context":"https:\/\/schema.org","@graph":[{"@type":"WebPage","@id":"https:\/\/autravail.ca\/product\/botte-de-travail-ventura-6100vt\/","url":"https:\/\/autravail.ca\/product\/botte-de-travail-ventura-6100vt\/","name":"Botte de travail Ventura - 6100VT - Le Magasin Industriel","isPartOf":{"@id":"https:\/\/autravail.ca\/#website"},"primaryImageOfPage":{"@id":"https:\/\/autravail.ca\/product\/botte-de-travail-ventura-6100vt\/#primaryimage"},"image":{"@id":"https:\/\/autravail.ca\/product\/botte-de-travail-ventura-6100vt\/#primaryimage"},"thumbnailUrl":"https:\/\/autravail.ca\/wp-content\/uploads\/2025\/05\/6100VT_A01.jpg","datePublished":"2025-05-08T06:08:31+00:00","dateModified":"2026-02-13T19:17:54+00:00","description":"Botte de travail Ventura - 6100VT de 15 cm avec tissu r\u00e9sistant \u00e0 l'abrasion, 6 pouces, homologu\u00e9es CSA, r\u00e9sistantes \u00e0 la perforation, \u00e0 embout composite","breadcrumb":{"@id":"https:\/\/autravail.ca\/product\/botte-de-travail-ventura-6100vt\/#breadcrumb"},"inLanguage":"en-CA","potentialAction":[{"@type":"ReadAction","target":["https:\/\/autravail.ca\/product\/botte-de-travail-ventura-6100vt\/"]}]},{"@type":"ImageObject","inLanguage":"en-CA","@id":"https:\/\/autravail.ca\/product\/botte-de-travail-ventura-6100vt\/#primaryimage","url":"https:\/\/autravail.ca\/wp-content\/uploads\/2025\/05\/6100VT_A01.jpg","contentUrl":"https:\/\/autravail.ca\/wp-content\/uploads\/2025\/05\/6100VT_A01.jpg","width":1000,"height":1000,"caption":"Botte de travail Ventura - 6100VT"},{"@type":"BreadcrumbList","@id":"https:\/\/autravail.ca\/product\/botte-de-travail-ventura-6100vt\/#breadcrumb","itemListElement":[{"@type":"ListItem","position":1,"name":"Accueil","item":"https:\/\/autravail.ca\/"},{"@type":"ListItem","position":2,"name":"Magasin","item":"https:\/\/autravail.ca\/en\/shop\/"},{"@type":"ListItem","position":3,"name":"Botte de travail Ventura &#8211; 6100VT"}]},{"@type":"WebSite","@id":"https:\/\/autravail.ca\/#website","url":"https:\/\/autravail.ca\/","name":"Le Magasin Industriel","description":"50 ans de tradition de s\u00e9curit\u00e9 au travail","publisher":{"@id":"https:\/\/autravail.ca\/#organization"},"potentialAction":[{"@type":"SearchAction","target":{"@type":"EntryPoint","urlTemplate":"https:\/\/autravail.ca\/?s={search_term_string}"},"query-input":{"@type":"PropertyValueSpecification","valueRequired":true,"valueName":"search_term_string"}}],"inLanguage":"en-CA"},{"@type":"Organization","@id":"https:\/\/autravail.ca\/#organization","name":"Le Magasin Industriel","url":"https:\/\/autravail.ca\/","logo":{"@type":"ImageObject","inLanguage":"en-CA","@id":"https:\/\/autravail.ca\/#\/schema\/logo\/image\/","url":"https:\/\/autravail.ca\/wp-content\/uploads\/2025\/05\/cropped-magasin_industriel_120x.avif","contentUrl":"https:\/\/autravail.ca\/wp-content\/uploads\/2025\/05\/cropped-magasin_industriel_120x.avif","width":120,"height":24,"caption":"Le Magasin Industriel"},"image":{"@id":"https:\/\/autravail.ca\/#\/schema\/logo\/image\/"},"sameAs":["https:\/\/www.facebook.com\/lemagasinindustriel\/?locale=fr_FR"]}]}},"jetpack_sharing_enabled":true,"_links":{"self":[{"href":"https:\/\/autravail.ca\/en\/wp-json\/wp\/v2\/product\/24670","targetHints":{"allow":["GET"]}}],"collection":[{"href":"https:\/\/autravail.ca\/en\/wp-json\/wp\/v2\/product"}],"about":[{"href":"https:\/\/autravail.ca\/en\/wp-json\/wp\/v2\/types\/product"}],"replies":[{"embeddable":true,"href":"https:\/\/autravail.ca\/en\/wp-json\/wp\/v2\/comments?post=24670"}],"wp:featuredmedia":[{"embeddable":true,"href":"https:\/\/autravail.ca\/en\/wp-json\/wp\/v2\/media\/7175"}],"wp:attachment":[{"href":"https:\/\/autravail.ca\/en\/wp-json\/wp\/v2\/media?parent=24670"}],"wp:term":[{"taxonomy":"product_cat","embeddable":true,"href":"https:\/\/autravail.ca\/en\/wp-json\/wp\/v2\/product_cat?post=24670"},{"taxonomy":"product_tag","embeddable":true,"href":"https:\/\/autravail.ca\/en\/wp-json\/wp\/v2\/product_tag?post=24670"}],"curies":[{"name":"wp","href":"https:\/\/api.w.org\/{rel}","templated":true}]}}