{"id":24669,"date":"2025-05-08T06:08:31","date_gmt":"2025-05-08T06:08:31","guid":{"rendered":"https:\/\/meteoquebec.ca\/?post_type=product&#038;p=24669"},"modified":"2026-02-12T16:49:16","modified_gmt":"2026-02-12T20:49:16","slug":"botte-de-travail-royer-6020qd","status":"publish","type":"product","link":"https:\/\/autravail.ca\/en\/product\/botte-de-travail-royer-6020qd\/","title":{"rendered":"Botte de travail Royer &#8211; 6020QD"},"content":{"rendered":"<h3>Botte de travail Royer &#8211; 6020QD<\/h3>\n<p data-path-to-node=\"0\">La Botte de travail <a href=\"https:\/\/autravail.ca\/en\/product-brand\/royer\/\">Royer<\/a> &#8211; 6020QD est un v\u00e9ritable embl\u00e8me de robustesse et d&rsquo;innovation pour les travailleurs \u00e9voluant dans des conditions extr\u00eames. Ce mod\u00e8le de 8 pouces se distingue par l\u2019int\u00e9gration de la technologie XPAN<strong>,<\/strong> une semelle interm\u00e9diaire \u00e0 double densit\u00e9 qui offre une absorption des chocs sup\u00e9rieure, r\u00e9duisant ainsi la fatigue articulaire lors de longues journ\u00e9es sur le b\u00e9ton ou les terrains accident\u00e9s. Con\u00e7ue\u00a0pour affronter l&rsquo;hiver canadien, elle est dot\u00e9e d&rsquo;une isolation Thinsulate performante et d&rsquo;une membrane imperm\u00e9able R-DRY, garantissant des pieds au sec malgr\u00e9 la neige ou la pluie. La s\u00e9curit\u00e9 n&rsquo;est pas en reste avec un embout de protection en acier et une semelle ext\u00e9rieure en caoutchouc r\u00e9sistant aux huiles et aux produits chimiques.<\/p>\n<p data-path-to-node=\"0\"><img decoding=\"async\" src=\"https:\/\/autravail.ca\/wp-content\/uploads\/2025\/09\/Certification-Omega-Triangle-vert.jpg\" alt=\"Certifications Om\u00e9ga Triangle vert\" \/><\/p>\n<h6><\/h6>\n<div class=\"product-information-feature-header\">\n<h6 class=\"mb-4\">Caract\u00e9ristiques<\/h6>\n<\/div>\n<ul class=\"temp-feature-list royer-temp-feature-list\">\n<li>8 Inch Metal-Free boots<\/li>\n<li>Insulated Pipe with THINSULATE 200g<\/li>\n<li>Crazy horse leather<\/li>\n<li>Composite protective tip<\/li>\n<li>Exterior Patch PARESHOK in ultra-durable TPU<\/li>\n<li>Non-metallic antipercoration<\/li>\n<li>Lining of TAIBRELLE<\/li>\n<li>Semelle 4-densit\u00e9s de caoutchouc<\/li>\n<li>Low density PU cleaning sole for more comfort<\/li>\n<li>Protection against electric shocks<\/li>\n<\/ul>\n<p><em><span style=\"color: #fa0b0b;\">Unisex U.S. men's sizes presented. To convert to U.S. women's size, add 2 sizes. Example: 5 U.S. men = 7 U.S. women<\/span><\/em><\/p>\n<p><img decoding=\"async\" class=\"alignnone wp-image-40620\" src=\"https:\/\/autravail.ca\/wp-content\/uploads\/2025\/09\/Jachete-quebec-et-canada.jpg\" alt=\"Logo de l'achat local\" width=\"162\" height=\"139\" \/>Merci d&rsquo;encourager une entreprise 100% d&rsquo;ici!<\/p>\n<p>TS2602O<\/p>","protected":false},"excerpt":{"rendered":"<p>Botte de travail Royer &#8211; 6020QD La Botte de travail Royer &#8211; 6020QD est un v\u00e9ritable embl\u00e8me de robustesse et d&rsquo;innovation pour les travailleurs \u00e9voluant dans des conditions extr\u00eames. Ce mod\u00e8le de 8 pouces se distingue par l\u2019int\u00e9gration de la technologie XPAN, une semelle interm\u00e9diaire \u00e0 double densit\u00e9 qui offre une absorption des chocs sup\u00e9rieure, [&hellip;]<\/p>","protected":false},"featured_media":7158,"comment_status":"open","ping_status":"closed","template":"","meta":[],"product_cat":[613,602],"product_tag":[251,252,268,242,261,253],"class_list":{"0":"post-24669","1":"product","2":"type-product","3":"status-publish","4":"has-post-thumbnail","6":"product_brand-royer","7":"product_cat-bottes-de-travail","8":"product_cat-hommes","9":"product_tag-bottes-de-travail","10":"product_tag-electric-shock-resistant","11":"product_tag-gb_gen","12":"product_tag-homme","13":"product_tag-novago","14":"product_tag-sole-protection","16":"first","17":"instock","18":"taxable","19":"shipping-taxable","20":"purchasable","21":"product-type-variable"},"yoast_head":"<!-- This site is optimized with the Yoast SEO plugin v25.3.1 - https:\/\/yoast.com\/wordpress\/plugins\/seo\/ -->\n<title>Botte de travail Royer - 6020QD - Le Magasin Industriel<\/title>\n<meta name=\"description\" content=\"Botte de travail Royer - 6020QD est un v\u00e9ritable embl\u00e8me de robustesse et d&#039;innovation pour les travailleurs \u00e9voluant dans des conditions extr\u00eames.\" \/>\n<meta name=\"robots\" content=\"index, follow, max-snippet:-1, max-image-preview:large, max-video-preview:-1\" \/>\n<link rel=\"canonical\" href=\"https:\/\/autravail.ca\/en\/product\/botte-de-travail-royer-6020qd\/\" \/>\n<meta property=\"og:locale\" content=\"en_US\" \/>\n<meta property=\"og:type\" content=\"article\" \/>\n<meta property=\"og:title\" content=\"Botte de travail Royer - 6020QD - Le Magasin Industriel\" \/>\n<meta property=\"og:description\" content=\"Botte de travail Royer - 6020QD est un v\u00e9ritable embl\u00e8me de robustesse et d&#039;innovation pour les travailleurs \u00e9voluant dans des conditions extr\u00eames.\" \/>\n<meta property=\"og:url\" content=\"https:\/\/autravail.ca\/en\/product\/botte-de-travail-royer-6020qd\/\" \/>\n<meta property=\"og:site_name\" content=\"Le Magasin Industriel\" \/>\n<meta property=\"article:publisher\" content=\"https:\/\/www.facebook.com\/lemagasinindustriel\/?locale=fr_FR\" \/>\n<meta property=\"article:modified_time\" content=\"2026-02-12T20:49:16+00:00\" \/>\n<meta property=\"og:image\" content=\"https:\/\/autravail.ca\/wp-content\/uploads\/2025\/05\/6020QD_A01.jpg\" \/>\n\t<meta property=\"og:image:width\" content=\"1000\" \/>\n\t<meta property=\"og:image:height\" content=\"1000\" \/>\n\t<meta property=\"og:image:type\" content=\"image\/jpeg\" \/>\n<meta name=\"twitter:card\" content=\"summary_large_image\" \/>\n<meta name=\"twitter:label1\" content=\"Est. reading time\" \/>\n\t<meta name=\"twitter:data1\" content=\"2 minutes\" \/>\n<script type=\"application\/ld+json\" class=\"yoast-schema-graph\">{\"@context\":\"https:\/\/schema.org\",\"@graph\":[{\"@type\":\"WebPage\",\"@id\":\"https:\/\/autravail.ca\/product\/botte-de-travail-royer-6020qd\/\",\"url\":\"https:\/\/autravail.ca\/product\/botte-de-travail-royer-6020qd\/\",\"name\":\"Botte de travail Royer - 6020QD - Le Magasin Industriel\",\"isPartOf\":{\"@id\":\"https:\/\/autravail.ca\/#website\"},\"primaryImageOfPage\":{\"@id\":\"https:\/\/autravail.ca\/product\/botte-de-travail-royer-6020qd\/#primaryimage\"},\"image\":{\"@id\":\"https:\/\/autravail.ca\/product\/botte-de-travail-royer-6020qd\/#primaryimage\"},\"thumbnailUrl\":\"https:\/\/autravail.ca\/wp-content\/uploads\/2025\/05\/6020QD_A01.jpg\",\"datePublished\":\"2025-05-08T06:08:31+00:00\",\"dateModified\":\"2026-02-12T20:49:16+00:00\",\"description\":\"Botte de travail Royer - 6020QD est un v\u00e9ritable embl\u00e8me de robustesse et d'innovation pour les travailleurs \u00e9voluant dans des conditions extr\u00eames.\",\"breadcrumb\":{\"@id\":\"https:\/\/autravail.ca\/product\/botte-de-travail-royer-6020qd\/#breadcrumb\"},\"inLanguage\":\"en-CA\",\"potentialAction\":[{\"@type\":\"ReadAction\",\"target\":[\"https:\/\/autravail.ca\/product\/botte-de-travail-royer-6020qd\/\"]}]},{\"@type\":\"ImageObject\",\"inLanguage\":\"en-CA\",\"@id\":\"https:\/\/autravail.ca\/product\/botte-de-travail-royer-6020qd\/#primaryimage\",\"url\":\"https:\/\/autravail.ca\/wp-content\/uploads\/2025\/05\/6020QD_A01.jpg\",\"contentUrl\":\"https:\/\/autravail.ca\/wp-content\/uploads\/2025\/05\/6020QD_A01.jpg\",\"width\":1000,\"height\":1000,\"caption\":\"Botte de travail Royer - 6020QD\"},{\"@type\":\"BreadcrumbList\",\"@id\":\"https:\/\/autravail.ca\/product\/botte-de-travail-royer-6020qd\/#breadcrumb\",\"itemListElement\":[{\"@type\":\"ListItem\",\"position\":1,\"name\":\"Accueil\",\"item\":\"https:\/\/autravail.ca\/\"},{\"@type\":\"ListItem\",\"position\":2,\"name\":\"Magasin\",\"item\":\"https:\/\/autravail.ca\/en\/shop\/\"},{\"@type\":\"ListItem\",\"position\":3,\"name\":\"Botte de travail Royer &#8211; 6020QD\"}]},{\"@type\":\"WebSite\",\"@id\":\"https:\/\/autravail.ca\/#website\",\"url\":\"https:\/\/autravail.ca\/\",\"name\":\"Le Magasin Industriel\",\"description\":\"50 ans de tradition de s\u00e9curit\u00e9 au travail\",\"publisher\":{\"@id\":\"https:\/\/autravail.ca\/#organization\"},\"potentialAction\":[{\"@type\":\"SearchAction\",\"target\":{\"@type\":\"EntryPoint\",\"urlTemplate\":\"https:\/\/autravail.ca\/?s={search_term_string}\"},\"query-input\":{\"@type\":\"PropertyValueSpecification\",\"valueRequired\":true,\"valueName\":\"search_term_string\"}}],\"inLanguage\":\"en-CA\"},{\"@type\":\"Organization\",\"@id\":\"https:\/\/autravail.ca\/#organization\",\"name\":\"Le Magasin Industriel\",\"url\":\"https:\/\/autravail.ca\/\",\"logo\":{\"@type\":\"ImageObject\",\"inLanguage\":\"en-CA\",\"@id\":\"https:\/\/autravail.ca\/#\/schema\/logo\/image\/\",\"url\":\"https:\/\/autravail.ca\/wp-content\/uploads\/2025\/05\/cropped-magasin_industriel_120x.avif\",\"contentUrl\":\"https:\/\/autravail.ca\/wp-content\/uploads\/2025\/05\/cropped-magasin_industriel_120x.avif\",\"width\":120,\"height\":24,\"caption\":\"Le Magasin Industriel\"},\"image\":{\"@id\":\"https:\/\/autravail.ca\/#\/schema\/logo\/image\/\"},\"sameAs\":[\"https:\/\/www.facebook.com\/lemagasinindustriel\/?locale=fr_FR\"]}]}<\/script>\n<!-- \/ Yoast SEO plugin. -->","yoast_head_json":{"title":"Botte de travail Royer - 6020QD - Le Magasin Industriel","description":"Botte de travail Royer - 6020QD est un v\u00e9ritable embl\u00e8me de robustesse et d'innovation pour les travailleurs \u00e9voluant dans des conditions extr\u00eames.","robots":{"index":"index","follow":"follow","max-snippet":"max-snippet:-1","max-image-preview":"max-image-preview:large","max-video-preview":"max-video-preview:-1"},"canonical":"https:\/\/autravail.ca\/en\/product\/botte-de-travail-royer-6020qd\/","og_locale":"en_US","og_type":"article","og_title":"Botte de travail Royer - 6020QD - Le Magasin Industriel","og_description":"Botte de travail Royer - 6020QD est un v\u00e9ritable embl\u00e8me de robustesse et d'innovation pour les travailleurs \u00e9voluant dans des conditions extr\u00eames.","og_url":"https:\/\/autravail.ca\/en\/product\/botte-de-travail-royer-6020qd\/","og_site_name":"Le Magasin Industriel","article_publisher":"https:\/\/www.facebook.com\/lemagasinindustriel\/?locale=fr_FR","article_modified_time":"2026-02-12T20:49:16+00:00","og_image":[{"width":1000,"height":1000,"url":"https:\/\/autravail.ca\/wp-content\/uploads\/2025\/05\/6020QD_A01.jpg","type":"image\/jpeg"}],"twitter_card":"summary_large_image","twitter_misc":{"Est. reading time":"2 minutes"},"schema":{"@context":"https:\/\/schema.org","@graph":[{"@type":"WebPage","@id":"https:\/\/autravail.ca\/product\/botte-de-travail-royer-6020qd\/","url":"https:\/\/autravail.ca\/product\/botte-de-travail-royer-6020qd\/","name":"Botte de travail Royer - 6020QD - Le Magasin Industriel","isPartOf":{"@id":"https:\/\/autravail.ca\/#website"},"primaryImageOfPage":{"@id":"https:\/\/autravail.ca\/product\/botte-de-travail-royer-6020qd\/#primaryimage"},"image":{"@id":"https:\/\/autravail.ca\/product\/botte-de-travail-royer-6020qd\/#primaryimage"},"thumbnailUrl":"https:\/\/autravail.ca\/wp-content\/uploads\/2025\/05\/6020QD_A01.jpg","datePublished":"2025-05-08T06:08:31+00:00","dateModified":"2026-02-12T20:49:16+00:00","description":"Botte de travail Royer - 6020QD est un v\u00e9ritable embl\u00e8me de robustesse et d'innovation pour les travailleurs \u00e9voluant dans des conditions extr\u00eames.","breadcrumb":{"@id":"https:\/\/autravail.ca\/product\/botte-de-travail-royer-6020qd\/#breadcrumb"},"inLanguage":"en-CA","potentialAction":[{"@type":"ReadAction","target":["https:\/\/autravail.ca\/product\/botte-de-travail-royer-6020qd\/"]}]},{"@type":"ImageObject","inLanguage":"en-CA","@id":"https:\/\/autravail.ca\/product\/botte-de-travail-royer-6020qd\/#primaryimage","url":"https:\/\/autravail.ca\/wp-content\/uploads\/2025\/05\/6020QD_A01.jpg","contentUrl":"https:\/\/autravail.ca\/wp-content\/uploads\/2025\/05\/6020QD_A01.jpg","width":1000,"height":1000,"caption":"Botte de travail Royer - 6020QD"},{"@type":"BreadcrumbList","@id":"https:\/\/autravail.ca\/product\/botte-de-travail-royer-6020qd\/#breadcrumb","itemListElement":[{"@type":"ListItem","position":1,"name":"Accueil","item":"https:\/\/autravail.ca\/"},{"@type":"ListItem","position":2,"name":"Magasin","item":"https:\/\/autravail.ca\/en\/shop\/"},{"@type":"ListItem","position":3,"name":"Botte de travail Royer &#8211; 6020QD"}]},{"@type":"WebSite","@id":"https:\/\/autravail.ca\/#website","url":"https:\/\/autravail.ca\/","name":"Le Magasin Industriel","description":"50 ans de tradition de s\u00e9curit\u00e9 au travail","publisher":{"@id":"https:\/\/autravail.ca\/#organization"},"potentialAction":[{"@type":"SearchAction","target":{"@type":"EntryPoint","urlTemplate":"https:\/\/autravail.ca\/?s={search_term_string}"},"query-input":{"@type":"PropertyValueSpecification","valueRequired":true,"valueName":"search_term_string"}}],"inLanguage":"en-CA"},{"@type":"Organization","@id":"https:\/\/autravail.ca\/#organization","name":"Le Magasin Industriel","url":"https:\/\/autravail.ca\/","logo":{"@type":"ImageObject","inLanguage":"en-CA","@id":"https:\/\/autravail.ca\/#\/schema\/logo\/image\/","url":"https:\/\/autravail.ca\/wp-content\/uploads\/2025\/05\/cropped-magasin_industriel_120x.avif","contentUrl":"https:\/\/autravail.ca\/wp-content\/uploads\/2025\/05\/cropped-magasin_industriel_120x.avif","width":120,"height":24,"caption":"Le Magasin Industriel"},"image":{"@id":"https:\/\/autravail.ca\/#\/schema\/logo\/image\/"},"sameAs":["https:\/\/www.facebook.com\/lemagasinindustriel\/?locale=fr_FR"]}]}},"jetpack_sharing_enabled":true,"_links":{"self":[{"href":"https:\/\/autravail.ca\/en\/wp-json\/wp\/v2\/product\/24669","targetHints":{"allow":["GET"]}}],"collection":[{"href":"https:\/\/autravail.ca\/en\/wp-json\/wp\/v2\/product"}],"about":[{"href":"https:\/\/autravail.ca\/en\/wp-json\/wp\/v2\/types\/product"}],"replies":[{"embeddable":true,"href":"https:\/\/autravail.ca\/en\/wp-json\/wp\/v2\/comments?post=24669"}],"wp:featuredmedia":[{"embeddable":true,"href":"https:\/\/autravail.ca\/en\/wp-json\/wp\/v2\/media\/7158"}],"wp:attachment":[{"href":"https:\/\/autravail.ca\/en\/wp-json\/wp\/v2\/media?parent=24669"}],"wp:term":[{"taxonomy":"product_cat","embeddable":true,"href":"https:\/\/autravail.ca\/en\/wp-json\/wp\/v2\/product_cat?post=24669"},{"taxonomy":"product_tag","embeddable":true,"href":"https:\/\/autravail.ca\/en\/wp-json\/wp\/v2\/product_tag?post=24669"}],"curies":[{"name":"wp","href":"https:\/\/api.w.org\/{rel}","templated":true}]}}