{"id":24641,"date":"2025-05-08T06:08:23","date_gmt":"2025-05-08T06:08:23","guid":{"rendered":"https:\/\/meteoquebec.ca\/?post_type=product&#038;p=24641"},"modified":"2026-02-12T16:13:30","modified_gmt":"2026-02-12T20:13:30","slug":"botte-de-travail-royer-6010qd","status":"publish","type":"product","link":"https:\/\/autravail.ca\/en\/product\/botte-de-travail-royer-6010qd\/","title":{"rendered":"Botte de travail Royer &#8211; 6010QD"},"content":{"rendered":"<h3>Botte de travail Royer &#8211; 6010QD<\/h3>\n<div class=\"user-query-container\">\n<div id=\"user-query-content-0\" class=\"query-content ng-star-inserted verticle-align-for-single-line-text\" data-hveid=\"0\" data-ved=\"0CAAQ3ucQahcKEwjf_oqu3dSSAxUAAAAAHQAAAAAQFw\">\n<div class=\"query-text gds-body-l\" dir=\"ltr\" role=\"heading\" aria-level=\"5\">La botte de travail <a href=\"https:\/\/autravail.ca\/en\/product-brand\/royer\/\">Royer<\/a> &#8211; 6010QD est un mod\u00e8le embl\u00e9matique dans le monde de la chaussure de s\u00e9curit\u00e9, particuli\u00e8rement pris\u00e9 par les travailleurs canadiens qui font face \u00e0 des conditions extr\u00eames. C&rsquo;est une botte de travail robuste de 8 pouces, con\u00e7ue pour allier protection industrielle et confort thermique. C&rsquo;est un excellent choix pour la construction lourde, les carri\u00e8res ou le travail industriel ext\u00e9rieur.<\/div>\n<div dir=\"ltr\" role=\"heading\" aria-level=\"5\"><\/div>\n<div dir=\"ltr\" role=\"heading\" aria-level=\"5\"><img decoding=\"async\" class=\"alignnone size-full wp-image-40117\" src=\"https:\/\/autravail.ca\/wp-content\/uploads\/2025\/09\/Certification-Omega-Triangle-vert.jpg\" sizes=\"(max-width: 193px) 100vw, 193px\" srcset=\"https:\/\/autravail.ca\/wp-content\/uploads\/2025\/09\/Certification-Omega-Triangle-vert.jpg 193w, https:\/\/autravail.ca\/wp-content\/uploads\/2025\/09\/Certification-Omega-Triangle-vert-150x85.jpg 150w, https:\/\/autravail.ca\/wp-content\/uploads\/2025\/09\/Certification-Omega-Triangle-vert-18x10.jpg 18w\" alt=\"Certifications Om\u00e9ga Triangle vert\" width=\"193\" height=\"110\" \/><\/div>\n<div dir=\"ltr\" role=\"heading\" aria-level=\"5\"><\/div>\n<h6 dir=\"ltr\" role=\"heading\" aria-level=\"5\">Characteristics:<\/h6>\n<ul class=\"temp-feature-list royer-temp-feature-list\">\n<li>Insulated Pipe with THINSULATE 200g<\/li>\n<li>Composite protective tip<\/li>\n<li>Exterior Patch PARESHOK in ultra-durable TPU<\/li>\n<li>Non-metallic antipercoration<\/li>\n<li>Lining of TAIBRELLE<\/li>\n<li>Semelle 4-densit\u00e9s de caoutchouc<\/li>\n<li>Low density PU cleaning sole for more comfort<\/li>\n<li>Protection against electric shocks<\/li>\n<li>Cuir de type \u00ab Nubuck \u00bb<\/li>\n<\/ul>\n<h6>Isolation 3M\u2122 Thinsulate\u2122<\/h6>\n<p>3M\u2122 THINSULATE\u2122 est un isolant compos\u00e9 de fines microfibres qui agissent ensemble pour pi\u00e9ger les mol\u00e9cules d\u2019air chaud. \u00c0 mesure que la chaleur s\u2019accumule dans le corps, THINSULATE\u2122 retient efficacement la chaleur tout en permettant \u00e0 l\u2019humidit\u00e9 de s\u2019\u00e9vaporer.<\/p>\n<h6>Coquille protectrice PARESHOK\u2122<\/h6>\n<p>Coquille protectrice en TPU ou caoutchouc dense positionn\u00e9e \u00e0 l\u2019avant de la botte, par-dessus le cuir et l\u2019embout de protection, afin d\u2019augmenter significativement la r\u00e9sistance du bout contre l\u2019usure et, de ce fait, la dur\u00e9e de vie utile de la botte.<\/p>\n<\/div>\n<\/div>\n<p><img decoding=\"async\" class=\"alignnone wp-image-40620\" src=\"https:\/\/autravail.ca\/wp-content\/uploads\/2025\/09\/Jachete-quebec-et-canada.jpg\" alt=\"Logo de l'achat local\" width=\"162\" height=\"139\" \/>Merci d&rsquo;encourager une entreprise 100% d&rsquo;ici!<\/p>\n<p>TS2602O<\/p>","protected":false},"excerpt":{"rendered":"<p>Botte de travail Royer &#8211; 6010QD La botte de travail Royer &#8211; 6010QD est un mod\u00e8le embl\u00e9matique dans le monde de la chaussure de s\u00e9curit\u00e9, particuli\u00e8rement pris\u00e9 par les travailleurs canadiens qui font face \u00e0 des conditions extr\u00eames. C&rsquo;est une botte de travail robuste de 8 pouces, con\u00e7ue pour allier protection industrielle et confort thermique. [&hellip;]<\/p>","protected":false},"featured_media":7143,"comment_status":"open","ping_status":"closed","template":"","meta":[],"product_cat":[613,602],"product_tag":[251,252,242,253],"class_list":{"0":"post-24641","1":"product","2":"type-product","3":"status-publish","4":"has-post-thumbnail","6":"product_brand-royer","7":"product_cat-bottes-de-travail","8":"product_cat-hommes","9":"product_tag-bottes-de-travail","10":"product_tag-electric-shock-resistant","11":"product_tag-homme","12":"product_tag-sole-protection","14":"first","15":"instock","16":"taxable","17":"shipping-taxable","18":"purchasable","19":"product-type-variable"},"yoast_head":"<!-- This site is optimized with the Yoast SEO plugin v25.3.1 - https:\/\/yoast.com\/wordpress\/plugins\/seo\/ -->\n<title>Botte de travail Royer - 6010QD - Le Magasin Industriel<\/title>\n<meta name=\"description\" content=\"Botte de travail Royer - 6010QD mod\u00e8le embl\u00e9matique particuli\u00e8rement pris\u00e9 par les travailleurs canadiens qui font face \u00e0 des conditions extr\u00eames.\" \/>\n<meta name=\"robots\" content=\"index, follow, max-snippet:-1, max-image-preview:large, max-video-preview:-1\" \/>\n<link rel=\"canonical\" href=\"https:\/\/autravail.ca\/en\/product\/botte-de-travail-royer-6010qd\/\" \/>\n<meta property=\"og:locale\" content=\"en_US\" \/>\n<meta property=\"og:type\" content=\"article\" \/>\n<meta property=\"og:title\" content=\"Botte de travail Royer - 6010QD - Le Magasin Industriel\" \/>\n<meta property=\"og:description\" content=\"Botte de travail Royer - 6010QD mod\u00e8le embl\u00e9matique particuli\u00e8rement pris\u00e9 par les travailleurs canadiens qui font face \u00e0 des conditions extr\u00eames.\" \/>\n<meta property=\"og:url\" content=\"https:\/\/autravail.ca\/en\/product\/botte-de-travail-royer-6010qd\/\" \/>\n<meta property=\"og:site_name\" content=\"Le Magasin Industriel\" \/>\n<meta property=\"article:publisher\" content=\"https:\/\/www.facebook.com\/lemagasinindustriel\/?locale=fr_FR\" \/>\n<meta property=\"article:modified_time\" content=\"2026-02-12T20:13:30+00:00\" \/>\n<meta property=\"og:image\" content=\"https:\/\/autravail.ca\/wp-content\/uploads\/2025\/05\/6010QD_A01.jpg\" \/>\n\t<meta property=\"og:image:width\" content=\"1000\" \/>\n\t<meta property=\"og:image:height\" content=\"1000\" \/>\n\t<meta property=\"og:image:type\" content=\"image\/jpeg\" \/>\n<meta name=\"twitter:card\" content=\"summary_large_image\" \/>\n<meta name=\"twitter:label1\" content=\"Est. reading time\" \/>\n\t<meta name=\"twitter:data1\" content=\"2 minutes\" \/>\n<script type=\"application\/ld+json\" class=\"yoast-schema-graph\">{\"@context\":\"https:\/\/schema.org\",\"@graph\":[{\"@type\":\"WebPage\",\"@id\":\"https:\/\/autravail.ca\/product\/botte-de-travail-royer-6010qd\/\",\"url\":\"https:\/\/autravail.ca\/product\/botte-de-travail-royer-6010qd\/\",\"name\":\"Botte de travail Royer - 6010QD - Le Magasin Industriel\",\"isPartOf\":{\"@id\":\"https:\/\/autravail.ca\/#website\"},\"primaryImageOfPage\":{\"@id\":\"https:\/\/autravail.ca\/product\/botte-de-travail-royer-6010qd\/#primaryimage\"},\"image\":{\"@id\":\"https:\/\/autravail.ca\/product\/botte-de-travail-royer-6010qd\/#primaryimage\"},\"thumbnailUrl\":\"https:\/\/autravail.ca\/wp-content\/uploads\/2025\/05\/6010QD_A01.jpg\",\"datePublished\":\"2025-05-08T06:08:23+00:00\",\"dateModified\":\"2026-02-12T20:13:30+00:00\",\"description\":\"Botte de travail Royer - 6010QD mod\u00e8le embl\u00e9matique particuli\u00e8rement pris\u00e9 par les travailleurs canadiens qui font face \u00e0 des conditions extr\u00eames.\",\"breadcrumb\":{\"@id\":\"https:\/\/autravail.ca\/product\/botte-de-travail-royer-6010qd\/#breadcrumb\"},\"inLanguage\":\"en-CA\",\"potentialAction\":[{\"@type\":\"ReadAction\",\"target\":[\"https:\/\/autravail.ca\/product\/botte-de-travail-royer-6010qd\/\"]}]},{\"@type\":\"ImageObject\",\"inLanguage\":\"en-CA\",\"@id\":\"https:\/\/autravail.ca\/product\/botte-de-travail-royer-6010qd\/#primaryimage\",\"url\":\"https:\/\/autravail.ca\/wp-content\/uploads\/2025\/05\/6010QD_A01.jpg\",\"contentUrl\":\"https:\/\/autravail.ca\/wp-content\/uploads\/2025\/05\/6010QD_A01.jpg\",\"width\":1000,\"height\":1000,\"caption\":\"Botte de travail Royer - 6010QD\"},{\"@type\":\"BreadcrumbList\",\"@id\":\"https:\/\/autravail.ca\/product\/botte-de-travail-royer-6010qd\/#breadcrumb\",\"itemListElement\":[{\"@type\":\"ListItem\",\"position\":1,\"name\":\"Accueil\",\"item\":\"https:\/\/autravail.ca\/\"},{\"@type\":\"ListItem\",\"position\":2,\"name\":\"Magasin\",\"item\":\"https:\/\/autravail.ca\/en\/shop\/\"},{\"@type\":\"ListItem\",\"position\":3,\"name\":\"Botte de travail Royer &#8211; 6010QD\"}]},{\"@type\":\"WebSite\",\"@id\":\"https:\/\/autravail.ca\/#website\",\"url\":\"https:\/\/autravail.ca\/\",\"name\":\"Le Magasin Industriel\",\"description\":\"50 ans de tradition de s\u00e9curit\u00e9 au travail\",\"publisher\":{\"@id\":\"https:\/\/autravail.ca\/#organization\"},\"potentialAction\":[{\"@type\":\"SearchAction\",\"target\":{\"@type\":\"EntryPoint\",\"urlTemplate\":\"https:\/\/autravail.ca\/?s={search_term_string}\"},\"query-input\":{\"@type\":\"PropertyValueSpecification\",\"valueRequired\":true,\"valueName\":\"search_term_string\"}}],\"inLanguage\":\"en-CA\"},{\"@type\":\"Organization\",\"@id\":\"https:\/\/autravail.ca\/#organization\",\"name\":\"Le Magasin Industriel\",\"url\":\"https:\/\/autravail.ca\/\",\"logo\":{\"@type\":\"ImageObject\",\"inLanguage\":\"en-CA\",\"@id\":\"https:\/\/autravail.ca\/#\/schema\/logo\/image\/\",\"url\":\"https:\/\/autravail.ca\/wp-content\/uploads\/2025\/05\/cropped-magasin_industriel_120x.avif\",\"contentUrl\":\"https:\/\/autravail.ca\/wp-content\/uploads\/2025\/05\/cropped-magasin_industriel_120x.avif\",\"width\":120,\"height\":24,\"caption\":\"Le Magasin Industriel\"},\"image\":{\"@id\":\"https:\/\/autravail.ca\/#\/schema\/logo\/image\/\"},\"sameAs\":[\"https:\/\/www.facebook.com\/lemagasinindustriel\/?locale=fr_FR\"]}]}<\/script>\n<!-- \/ Yoast SEO plugin. -->","yoast_head_json":{"title":"Botte de travail Royer - 6010QD - Le Magasin Industriel","description":"Botte de travail Royer - 6010QD mod\u00e8le embl\u00e9matique particuli\u00e8rement pris\u00e9 par les travailleurs canadiens qui font face \u00e0 des conditions extr\u00eames.","robots":{"index":"index","follow":"follow","max-snippet":"max-snippet:-1","max-image-preview":"max-image-preview:large","max-video-preview":"max-video-preview:-1"},"canonical":"https:\/\/autravail.ca\/en\/product\/botte-de-travail-royer-6010qd\/","og_locale":"en_US","og_type":"article","og_title":"Botte de travail Royer - 6010QD - Le Magasin Industriel","og_description":"Botte de travail Royer - 6010QD mod\u00e8le embl\u00e9matique particuli\u00e8rement pris\u00e9 par les travailleurs canadiens qui font face \u00e0 des conditions extr\u00eames.","og_url":"https:\/\/autravail.ca\/en\/product\/botte-de-travail-royer-6010qd\/","og_site_name":"Le Magasin Industriel","article_publisher":"https:\/\/www.facebook.com\/lemagasinindustriel\/?locale=fr_FR","article_modified_time":"2026-02-12T20:13:30+00:00","og_image":[{"width":1000,"height":1000,"url":"https:\/\/autravail.ca\/wp-content\/uploads\/2025\/05\/6010QD_A01.jpg","type":"image\/jpeg"}],"twitter_card":"summary_large_image","twitter_misc":{"Est. reading time":"2 minutes"},"schema":{"@context":"https:\/\/schema.org","@graph":[{"@type":"WebPage","@id":"https:\/\/autravail.ca\/product\/botte-de-travail-royer-6010qd\/","url":"https:\/\/autravail.ca\/product\/botte-de-travail-royer-6010qd\/","name":"Botte de travail Royer - 6010QD - Le Magasin Industriel","isPartOf":{"@id":"https:\/\/autravail.ca\/#website"},"primaryImageOfPage":{"@id":"https:\/\/autravail.ca\/product\/botte-de-travail-royer-6010qd\/#primaryimage"},"image":{"@id":"https:\/\/autravail.ca\/product\/botte-de-travail-royer-6010qd\/#primaryimage"},"thumbnailUrl":"https:\/\/autravail.ca\/wp-content\/uploads\/2025\/05\/6010QD_A01.jpg","datePublished":"2025-05-08T06:08:23+00:00","dateModified":"2026-02-12T20:13:30+00:00","description":"Botte de travail Royer - 6010QD mod\u00e8le embl\u00e9matique particuli\u00e8rement pris\u00e9 par les travailleurs canadiens qui font face \u00e0 des conditions extr\u00eames.","breadcrumb":{"@id":"https:\/\/autravail.ca\/product\/botte-de-travail-royer-6010qd\/#breadcrumb"},"inLanguage":"en-CA","potentialAction":[{"@type":"ReadAction","target":["https:\/\/autravail.ca\/product\/botte-de-travail-royer-6010qd\/"]}]},{"@type":"ImageObject","inLanguage":"en-CA","@id":"https:\/\/autravail.ca\/product\/botte-de-travail-royer-6010qd\/#primaryimage","url":"https:\/\/autravail.ca\/wp-content\/uploads\/2025\/05\/6010QD_A01.jpg","contentUrl":"https:\/\/autravail.ca\/wp-content\/uploads\/2025\/05\/6010QD_A01.jpg","width":1000,"height":1000,"caption":"Botte de travail Royer - 6010QD"},{"@type":"BreadcrumbList","@id":"https:\/\/autravail.ca\/product\/botte-de-travail-royer-6010qd\/#breadcrumb","itemListElement":[{"@type":"ListItem","position":1,"name":"Accueil","item":"https:\/\/autravail.ca\/"},{"@type":"ListItem","position":2,"name":"Magasin","item":"https:\/\/autravail.ca\/en\/shop\/"},{"@type":"ListItem","position":3,"name":"Botte de travail Royer &#8211; 6010QD"}]},{"@type":"WebSite","@id":"https:\/\/autravail.ca\/#website","url":"https:\/\/autravail.ca\/","name":"Le Magasin Industriel","description":"50 ans de tradition de s\u00e9curit\u00e9 au travail","publisher":{"@id":"https:\/\/autravail.ca\/#organization"},"potentialAction":[{"@type":"SearchAction","target":{"@type":"EntryPoint","urlTemplate":"https:\/\/autravail.ca\/?s={search_term_string}"},"query-input":{"@type":"PropertyValueSpecification","valueRequired":true,"valueName":"search_term_string"}}],"inLanguage":"en-CA"},{"@type":"Organization","@id":"https:\/\/autravail.ca\/#organization","name":"Le Magasin Industriel","url":"https:\/\/autravail.ca\/","logo":{"@type":"ImageObject","inLanguage":"en-CA","@id":"https:\/\/autravail.ca\/#\/schema\/logo\/image\/","url":"https:\/\/autravail.ca\/wp-content\/uploads\/2025\/05\/cropped-magasin_industriel_120x.avif","contentUrl":"https:\/\/autravail.ca\/wp-content\/uploads\/2025\/05\/cropped-magasin_industriel_120x.avif","width":120,"height":24,"caption":"Le Magasin Industriel"},"image":{"@id":"https:\/\/autravail.ca\/#\/schema\/logo\/image\/"},"sameAs":["https:\/\/www.facebook.com\/lemagasinindustriel\/?locale=fr_FR"]}]}},"jetpack_sharing_enabled":true,"_links":{"self":[{"href":"https:\/\/autravail.ca\/en\/wp-json\/wp\/v2\/product\/24641","targetHints":{"allow":["GET"]}}],"collection":[{"href":"https:\/\/autravail.ca\/en\/wp-json\/wp\/v2\/product"}],"about":[{"href":"https:\/\/autravail.ca\/en\/wp-json\/wp\/v2\/types\/product"}],"replies":[{"embeddable":true,"href":"https:\/\/autravail.ca\/en\/wp-json\/wp\/v2\/comments?post=24641"}],"wp:featuredmedia":[{"embeddable":true,"href":"https:\/\/autravail.ca\/en\/wp-json\/wp\/v2\/media\/7143"}],"wp:attachment":[{"href":"https:\/\/autravail.ca\/en\/wp-json\/wp\/v2\/media?parent=24641"}],"wp:term":[{"taxonomy":"product_cat","embeddable":true,"href":"https:\/\/autravail.ca\/en\/wp-json\/wp\/v2\/product_cat?post=24641"},{"taxonomy":"product_tag","embeddable":true,"href":"https:\/\/autravail.ca\/en\/wp-json\/wp\/v2\/product_tag?post=24641"}],"curies":[{"name":"wp","href":"https:\/\/api.w.org\/{rel}","templated":true}]}}