{"id":24640,"date":"2025-05-08T06:08:22","date_gmt":"2025-05-08T06:08:22","guid":{"rendered":"https:\/\/meteoquebec.ca\/?post_type=product&#038;p=24640"},"modified":"2026-01-14T18:23:48","modified_gmt":"2026-01-14T22:23:48","slug":"botte-de-travail-royer-6000qd","status":"publish","type":"product","link":"https:\/\/autravail.ca\/en\/product\/botte-de-travail-royer-6000qd\/","title":{"rendered":"Botte de travail Royer &#8211; 6000QD"},"content":{"rendered":"<h3>Botte de travail Royer &#8211; 6000QD<\/h3>\n<p>Work boots <a href=\"https:\/\/autravail.ca\/en\/product-brand\/royer\/\">Royer<\/a> &#8211; 6000QD est une botte de travail de 8 pouces robuste, sans m\u00e9tal et isol\u00e9e, pris\u00e9e pour sa durabilit\u00e9 et son confort dans divers environnements de travail, notamment la m\u00e9canique, la soudure et l&rsquo;agriculture.<\/p>\n<p><img decoding=\"async\" class=\"alignnone size-full wp-image-40117\" src=\"https:\/\/autravail.ca\/wp-content\/uploads\/2025\/09\/Certification-Omega-Triangle-vert.jpg\" alt=\"Certifications Om\u00e9ga Triangle vert\" width=\"193\" height=\"110\" srcset=\"https:\/\/autravail.ca\/wp-content\/uploads\/2025\/09\/Certification-Omega-Triangle-vert.jpg 193w, https:\/\/autravail.ca\/wp-content\/uploads\/2025\/09\/Certification-Omega-Triangle-vert-150x85.jpg 150w, https:\/\/autravail.ca\/wp-content\/uploads\/2025\/09\/Certification-Omega-Triangle-vert-18x10.jpg 18w\" sizes=\"(max-width: 193px) 100vw, 193px\" \/><\/p>\n<h6 class=\"otQkpb\" role=\"heading\" aria-level=\"3\" data-complete=\"true\" data-processed=\"true\">Caract\u00e9ristiques Principales<button class=\"rBl3me\" tabindex=\"0\" data-amic=\"true\" data-icl-uuid=\"f668e92e-cd74-4de9-8336-13c7ecaafb52\" aria-label=\"Afficher les liens associ\u00e9s\" data-wiz-attrbind=\"disabled=gOqP3e_k\/C5gNJc;aria-label=gOqP3e_k\/bOjMyf;class=gOqP3e_k\/UpSNec\" data-ved=\"2ahUKEwiMp7i_iIySAxW4KFkFHRlMDVEQye0OegYIAQgDEAA\"><\/button><\/h6>\n<ul class=\"KsbFXc U6u95\" data-complete=\"true\" data-processed=\"true\">\n<li data-hveid=\"CAEIBBAA\" data-complete=\"true\" data-sae=\"\"><span class=\"T286Pc\" data-sfc-cp=\"\" data-complete=\"true\"><strong class=\"Yjhzub\" data-complete=\"true\">Hauteur et Mat\u00e9riaux :<\/strong>\u00a0Botte montante de\u00a0<strong class=\"Yjhzub\" data-complete=\"true\">8 pouces<\/strong>\u00a0en\u00a0<strong class=\"Yjhzub\" data-complete=\"true\">cuir pleine fleur durable<\/strong>.<\/span><\/li>\n<li data-hveid=\"CAEIBBAB\" data-complete=\"true\" data-sae=\"\"><span class=\"T286Pc\" data-sfc-cp=\"\" data-complete=\"true\"><strong class=\"Yjhzub\" data-complete=\"true\">Isolation :<\/strong>\u00a0Tige isol\u00e9e avec\u00a0<strong class=\"Yjhzub\" data-complete=\"true\">200g de Thinsulate<\/strong>\u00a0(3M\u2122 Thinsulate\u2122) pour la chaleur et le confort dans des environnements froids.<\/span><\/li>\n<li data-hveid=\"CAEIBBAC\" data-complete=\"true\" data-sae=\"\"><span class=\"T286Pc\" data-sfc-cp=\"\" data-complete=\"true\"><strong class=\"Yjhzub\" data-complete=\"true\">S\u00e9curit\u00e9 :<\/strong>\u00a0Enti\u00e8rement\u00a0<strong class=\"Yjhzub\" data-complete=\"true\">sans m\u00e9tal<\/strong>, elle inclut un\u00a0<strong class=\"Yjhzub\" data-complete=\"true\">embout de protection en composite<\/strong>\u00a0et une\u00a0<strong class=\"Yjhzub\" data-complete=\"true\">semelle antiperforation non m\u00e9tallique<\/strong>.<\/span><\/li>\n<li data-hveid=\"CAEIBBAD\" data-complete=\"true\" data-sae=\"\"><span class=\"T286Pc\" data-sfc-cp=\"\" data-complete=\"true\"><strong class=\"Yjhzub\" data-complete=\"true\">Semelle :<\/strong><\/span>\n<ul class=\"KsbFXc U6u95\" data-complete=\"true\">\n<li data-hveid=\"CAEIBBAE\" data-complete=\"true\" data-sae=\"\"><span class=\"T286Pc\" data-sfc-cp=\"\" data-complete=\"true\"><strong class=\"Yjhzub\" data-complete=\"true\">Technologie :<\/strong>\u00a0Dispose d&rsquo;une\u00a0<strong class=\"Yjhzub\" data-complete=\"true\">semelle 4-densit\u00e9s<\/strong>\u00a0(caoutchouc, PU et TPU) qui offre durabilit\u00e9 et confort.<\/span><\/li>\n<li data-hveid=\"CAEIBBAF\" data-complete=\"true\" data-sae=\"\"><span class=\"T286Pc\" data-sfc-cp=\"\" data-complete=\"true\"><strong class=\"Yjhzub\" data-complete=\"true\">Performance :<\/strong>\u00a0R\u00e9sistante \u00e0 l&rsquo;huile et au glissement, et munie d&rsquo;un\u00a0<strong class=\"Yjhzub\" data-complete=\"true\">embout ext\u00e9rieur PARESHOK<\/strong>\u00a0en TPU ultra-r\u00e9sistant pour prot\u00e9ger l&rsquo;avant de la botte.<\/span><\/li>\n<\/ul>\n<\/li>\n<li data-hveid=\"CAEIBBAG\" data-complete=\"true\" data-sae=\"\"><span class=\"T286Pc\" data-sfc-cp=\"\" data-complete=\"true\"><strong class=\"Yjhzub\" data-complete=\"true\">Confort et Doublure :<\/strong>\u00a0Int\u00e8gre une doublure en\u00a0<strong class=\"Yjhzub\" data-complete=\"true\">Taibrelle<\/strong>\u00a0pour la gestion de l&rsquo;humidit\u00e9 et une semelle de propret\u00e9 en PU de faible densit\u00e9.<\/span><\/li>\n<li data-hveid=\"CAEIBBAH\" data-complete=\"true\" data-sae=\"\"><span class=\"T286Pc\" data-sfc-cp=\"\" data-complete=\"true\"><strong class=\"Yjhzub\" data-complete=\"true\">Certifications :<\/strong>\u00a0Certifi\u00e9e CSA Z195-14 et ASTM F2413-11 pour la protection contre les chocs \u00e9lectriques (EH\/di\u00e9lectrique).<\/span><\/li>\n<\/ul>\n<p>Les utilisateurs du mod\u00e8le 6000QD louent souvent son\u00a0<strong class=\"Yjhzub\" data-complete=\"true\" data-processed=\"true\">confort d\u00e8s la premi\u00e8re utilisation<\/strong>, certains la d\u00e9crivant comme \u00ab\u00a0confortable comme des pantoufles\u00a0\u00bb. La qualit\u00e9 de fabrication canadienne et la construction solide sont des points forts fr\u00e9quemment mentionn\u00e9s. Bien que la plupart des avis soient positifs, un utilisateur a signal\u00e9 une difficult\u00e9 \u00e0 \u00ab\u00a0casser\u00a0\u00bb les bottes, entra\u00eenant des ampoules. Dans l&rsquo;ensemble, c&rsquo;est un choix populaire pour sa robustesse et son rapport qualit\u00e9-prix.<span class=\"uJ19be notranslate\" data-wiz-uids=\"gOqP3e_33,gOqP3e_34\" data-complete=\"true\" data-processed=\"true\"><span class=\"vKEkVd\" data-animation-atomic=\"\" data-wiz-attrbind=\"class=gOqP3e_32\/TKHnVd\" data-sae=\"\">\u00a0<\/span><\/span><\/p>\n<p><em><span style=\"color: #fa0b0b;\">Unisex U.S. men's sizes presented. To convert to U.S. women's size, add 2 sizes. Example: 5 U.S. men = 7 U.S. women<\/span><\/em><\/p>\n<p><img decoding=\"async\" class=\"alignnone wp-image-40620\" src=\"https:\/\/autravail.ca\/wp-content\/uploads\/2025\/09\/Jachete-quebec-et-canada.jpg\" alt=\"Logo de l'achat local\" width=\"162\" height=\"139\" \/>Merci d&rsquo;encourager une entreprise 100% d&rsquo;ici!<\/p>\n<p>TS2601H<\/p>\n<p><span style=\"color: #ff0000;\"><strong>\u00a0<\/strong><\/span><\/p>","protected":false},"excerpt":{"rendered":"<p>Botte de travail Royer &#8211; 6000QD Botte de travail Royer &#8211; 6000QD est une botte de travail de 8 pouces robuste, sans m\u00e9tal et isol\u00e9e, pris\u00e9e pour sa durabilit\u00e9 et son confort dans divers environnements de travail, notamment la m\u00e9canique, la soudure et l&rsquo;agriculture. Caract\u00e9ristiques Principales Hauteur et Mat\u00e9riaux :\u00a0Botte montante de\u00a08 pouces\u00a0en\u00a0cuir pleine fleur [&hellip;]<\/p>","protected":false},"featured_media":7126,"comment_status":"open","ping_status":"closed","template":"","meta":[],"product_cat":[613,602],"product_tag":[251,264,252,242,253],"class_list":{"0":"post-24640","1":"product","2":"type-product","3":"status-publish","4":"has-post-thumbnail","6":"product_brand-royer","7":"product_cat-bottes-de-travail","8":"product_cat-hommes","9":"product_tag-bottes-de-travail","10":"product_tag-corpo01","11":"product_tag-electric-shock-resistant","12":"product_tag-homme","13":"product_tag-sole-protection","15":"first","16":"instock","17":"taxable","18":"shipping-taxable","19":"purchasable","20":"product-type-variable"},"yoast_head":"<!-- This site is optimized with the Yoast SEO plugin v25.3.1 - https:\/\/yoast.com\/wordpress\/plugins\/seo\/ -->\n<title>Botte de travail Royer - 6000QD - Le Magasin Industriel<\/title>\n<meta name=\"description\" content=\"Botte de travail Royer - 6000QD, 8 pouces pour homme, homologu\u00e9es CSA, isol\u00e9es, embout pareshok, cap en composite, 4 density\" \/>\n<meta name=\"robots\" content=\"index, follow, max-snippet:-1, max-image-preview:large, max-video-preview:-1\" \/>\n<link rel=\"canonical\" href=\"https:\/\/autravail.ca\/en\/product\/botte-de-travail-royer-6000qd\/\" \/>\n<meta property=\"og:locale\" content=\"en_US\" \/>\n<meta property=\"og:type\" content=\"article\" \/>\n<meta property=\"og:title\" content=\"Botte de travail Royer - 6000QD - Le Magasin Industriel\" \/>\n<meta property=\"og:description\" content=\"Botte de travail Royer - 6000QD, 8 pouces pour homme, homologu\u00e9es CSA, isol\u00e9es, embout pareshok, cap en composite, 4 density\" \/>\n<meta property=\"og:url\" content=\"https:\/\/autravail.ca\/en\/product\/botte-de-travail-royer-6000qd\/\" \/>\n<meta property=\"og:site_name\" content=\"Le Magasin Industriel\" \/>\n<meta property=\"article:publisher\" content=\"https:\/\/www.facebook.com\/lemagasinindustriel\/?locale=fr_FR\" \/>\n<meta property=\"article:modified_time\" content=\"2026-01-14T22:23:48+00:00\" \/>\n<meta property=\"og:image\" content=\"https:\/\/autravail.ca\/wp-content\/uploads\/2025\/05\/6000QD_A01.jpg\" \/>\n\t<meta property=\"og:image:width\" content=\"1000\" \/>\n\t<meta property=\"og:image:height\" content=\"1000\" \/>\n\t<meta property=\"og:image:type\" content=\"image\/jpeg\" \/>\n<meta name=\"twitter:card\" content=\"summary_large_image\" \/>\n<meta name=\"twitter:label1\" content=\"Est. reading time\" \/>\n\t<meta name=\"twitter:data1\" content=\"2 minutes\" \/>\n<script type=\"application\/ld+json\" class=\"yoast-schema-graph\">{\"@context\":\"https:\/\/schema.org\",\"@graph\":[{\"@type\":\"WebPage\",\"@id\":\"https:\/\/autravail.ca\/product\/botte-de-travail-royer-6000qd\/\",\"url\":\"https:\/\/autravail.ca\/product\/botte-de-travail-royer-6000qd\/\",\"name\":\"Botte de travail Royer - 6000QD - Le Magasin Industriel\",\"isPartOf\":{\"@id\":\"https:\/\/autravail.ca\/#website\"},\"primaryImageOfPage\":{\"@id\":\"https:\/\/autravail.ca\/product\/botte-de-travail-royer-6000qd\/#primaryimage\"},\"image\":{\"@id\":\"https:\/\/autravail.ca\/product\/botte-de-travail-royer-6000qd\/#primaryimage\"},\"thumbnailUrl\":\"https:\/\/autravail.ca\/wp-content\/uploads\/2025\/05\/6000QD_A01.jpg\",\"datePublished\":\"2025-05-08T06:08:22+00:00\",\"dateModified\":\"2026-01-14T22:23:48+00:00\",\"description\":\"Botte de travail Royer - 6000QD, 8 pouces pour homme, homologu\u00e9es CSA, isol\u00e9es, embout pareshok, cap en composite, 4 density\",\"breadcrumb\":{\"@id\":\"https:\/\/autravail.ca\/product\/botte-de-travail-royer-6000qd\/#breadcrumb\"},\"inLanguage\":\"en-CA\",\"potentialAction\":[{\"@type\":\"ReadAction\",\"target\":[\"https:\/\/autravail.ca\/product\/botte-de-travail-royer-6000qd\/\"]}]},{\"@type\":\"ImageObject\",\"inLanguage\":\"en-CA\",\"@id\":\"https:\/\/autravail.ca\/product\/botte-de-travail-royer-6000qd\/#primaryimage\",\"url\":\"https:\/\/autravail.ca\/wp-content\/uploads\/2025\/05\/6000QD_A01.jpg\",\"contentUrl\":\"https:\/\/autravail.ca\/wp-content\/uploads\/2025\/05\/6000QD_A01.jpg\",\"width\":1000,\"height\":1000},{\"@type\":\"BreadcrumbList\",\"@id\":\"https:\/\/autravail.ca\/product\/botte-de-travail-royer-6000qd\/#breadcrumb\",\"itemListElement\":[{\"@type\":\"ListItem\",\"position\":1,\"name\":\"Accueil\",\"item\":\"https:\/\/autravail.ca\/\"},{\"@type\":\"ListItem\",\"position\":2,\"name\":\"Magasin\",\"item\":\"https:\/\/autravail.ca\/en\/shop\/\"},{\"@type\":\"ListItem\",\"position\":3,\"name\":\"Botte de travail Royer &#8211; 6000QD\"}]},{\"@type\":\"WebSite\",\"@id\":\"https:\/\/autravail.ca\/#website\",\"url\":\"https:\/\/autravail.ca\/\",\"name\":\"Le Magasin Industriel\",\"description\":\"50 ans de tradition de s\u00e9curit\u00e9 au travail\",\"publisher\":{\"@id\":\"https:\/\/autravail.ca\/#organization\"},\"potentialAction\":[{\"@type\":\"SearchAction\",\"target\":{\"@type\":\"EntryPoint\",\"urlTemplate\":\"https:\/\/autravail.ca\/?s={search_term_string}\"},\"query-input\":{\"@type\":\"PropertyValueSpecification\",\"valueRequired\":true,\"valueName\":\"search_term_string\"}}],\"inLanguage\":\"en-CA\"},{\"@type\":\"Organization\",\"@id\":\"https:\/\/autravail.ca\/#organization\",\"name\":\"Le Magasin Industriel\",\"url\":\"https:\/\/autravail.ca\/\",\"logo\":{\"@type\":\"ImageObject\",\"inLanguage\":\"en-CA\",\"@id\":\"https:\/\/autravail.ca\/#\/schema\/logo\/image\/\",\"url\":\"https:\/\/autravail.ca\/wp-content\/uploads\/2025\/05\/cropped-magasin_industriel_120x.avif\",\"contentUrl\":\"https:\/\/autravail.ca\/wp-content\/uploads\/2025\/05\/cropped-magasin_industriel_120x.avif\",\"width\":120,\"height\":24,\"caption\":\"Le Magasin Industriel\"},\"image\":{\"@id\":\"https:\/\/autravail.ca\/#\/schema\/logo\/image\/\"},\"sameAs\":[\"https:\/\/www.facebook.com\/lemagasinindustriel\/?locale=fr_FR\"]}]}<\/script>\n<!-- \/ Yoast SEO plugin. -->","yoast_head_json":{"title":"Botte de travail Royer - 6000QD - Le Magasin Industriel","description":"Botte de travail Royer - 6000QD, 8 pouces pour homme, homologu\u00e9es CSA, isol\u00e9es, embout pareshok, cap en composite, 4 density","robots":{"index":"index","follow":"follow","max-snippet":"max-snippet:-1","max-image-preview":"max-image-preview:large","max-video-preview":"max-video-preview:-1"},"canonical":"https:\/\/autravail.ca\/en\/product\/botte-de-travail-royer-6000qd\/","og_locale":"en_US","og_type":"article","og_title":"Botte de travail Royer - 6000QD - Le Magasin Industriel","og_description":"Botte de travail Royer - 6000QD, 8 pouces pour homme, homologu\u00e9es CSA, isol\u00e9es, embout pareshok, cap en composite, 4 density","og_url":"https:\/\/autravail.ca\/en\/product\/botte-de-travail-royer-6000qd\/","og_site_name":"Le Magasin Industriel","article_publisher":"https:\/\/www.facebook.com\/lemagasinindustriel\/?locale=fr_FR","article_modified_time":"2026-01-14T22:23:48+00:00","og_image":[{"width":1000,"height":1000,"url":"https:\/\/autravail.ca\/wp-content\/uploads\/2025\/05\/6000QD_A01.jpg","type":"image\/jpeg"}],"twitter_card":"summary_large_image","twitter_misc":{"Est. reading time":"2 minutes"},"schema":{"@context":"https:\/\/schema.org","@graph":[{"@type":"WebPage","@id":"https:\/\/autravail.ca\/product\/botte-de-travail-royer-6000qd\/","url":"https:\/\/autravail.ca\/product\/botte-de-travail-royer-6000qd\/","name":"Botte de travail Royer - 6000QD - Le Magasin Industriel","isPartOf":{"@id":"https:\/\/autravail.ca\/#website"},"primaryImageOfPage":{"@id":"https:\/\/autravail.ca\/product\/botte-de-travail-royer-6000qd\/#primaryimage"},"image":{"@id":"https:\/\/autravail.ca\/product\/botte-de-travail-royer-6000qd\/#primaryimage"},"thumbnailUrl":"https:\/\/autravail.ca\/wp-content\/uploads\/2025\/05\/6000QD_A01.jpg","datePublished":"2025-05-08T06:08:22+00:00","dateModified":"2026-01-14T22:23:48+00:00","description":"Botte de travail Royer - 6000QD, 8 pouces pour homme, homologu\u00e9es CSA, isol\u00e9es, embout pareshok, cap en composite, 4 density","breadcrumb":{"@id":"https:\/\/autravail.ca\/product\/botte-de-travail-royer-6000qd\/#breadcrumb"},"inLanguage":"en-CA","potentialAction":[{"@type":"ReadAction","target":["https:\/\/autravail.ca\/product\/botte-de-travail-royer-6000qd\/"]}]},{"@type":"ImageObject","inLanguage":"en-CA","@id":"https:\/\/autravail.ca\/product\/botte-de-travail-royer-6000qd\/#primaryimage","url":"https:\/\/autravail.ca\/wp-content\/uploads\/2025\/05\/6000QD_A01.jpg","contentUrl":"https:\/\/autravail.ca\/wp-content\/uploads\/2025\/05\/6000QD_A01.jpg","width":1000,"height":1000},{"@type":"BreadcrumbList","@id":"https:\/\/autravail.ca\/product\/botte-de-travail-royer-6000qd\/#breadcrumb","itemListElement":[{"@type":"ListItem","position":1,"name":"Accueil","item":"https:\/\/autravail.ca\/"},{"@type":"ListItem","position":2,"name":"Magasin","item":"https:\/\/autravail.ca\/en\/shop\/"},{"@type":"ListItem","position":3,"name":"Botte de travail Royer &#8211; 6000QD"}]},{"@type":"WebSite","@id":"https:\/\/autravail.ca\/#website","url":"https:\/\/autravail.ca\/","name":"Le Magasin Industriel","description":"50 ans de tradition de s\u00e9curit\u00e9 au travail","publisher":{"@id":"https:\/\/autravail.ca\/#organization"},"potentialAction":[{"@type":"SearchAction","target":{"@type":"EntryPoint","urlTemplate":"https:\/\/autravail.ca\/?s={search_term_string}"},"query-input":{"@type":"PropertyValueSpecification","valueRequired":true,"valueName":"search_term_string"}}],"inLanguage":"en-CA"},{"@type":"Organization","@id":"https:\/\/autravail.ca\/#organization","name":"Le Magasin Industriel","url":"https:\/\/autravail.ca\/","logo":{"@type":"ImageObject","inLanguage":"en-CA","@id":"https:\/\/autravail.ca\/#\/schema\/logo\/image\/","url":"https:\/\/autravail.ca\/wp-content\/uploads\/2025\/05\/cropped-magasin_industriel_120x.avif","contentUrl":"https:\/\/autravail.ca\/wp-content\/uploads\/2025\/05\/cropped-magasin_industriel_120x.avif","width":120,"height":24,"caption":"Le Magasin Industriel"},"image":{"@id":"https:\/\/autravail.ca\/#\/schema\/logo\/image\/"},"sameAs":["https:\/\/www.facebook.com\/lemagasinindustriel\/?locale=fr_FR"]}]}},"jetpack_sharing_enabled":true,"_links":{"self":[{"href":"https:\/\/autravail.ca\/en\/wp-json\/wp\/v2\/product\/24640","targetHints":{"allow":["GET"]}}],"collection":[{"href":"https:\/\/autravail.ca\/en\/wp-json\/wp\/v2\/product"}],"about":[{"href":"https:\/\/autravail.ca\/en\/wp-json\/wp\/v2\/types\/product"}],"replies":[{"embeddable":true,"href":"https:\/\/autravail.ca\/en\/wp-json\/wp\/v2\/comments?post=24640"}],"wp:featuredmedia":[{"embeddable":true,"href":"https:\/\/autravail.ca\/en\/wp-json\/wp\/v2\/media\/7126"}],"wp:attachment":[{"href":"https:\/\/autravail.ca\/en\/wp-json\/wp\/v2\/media?parent=24640"}],"wp:term":[{"taxonomy":"product_cat","embeddable":true,"href":"https:\/\/autravail.ca\/en\/wp-json\/wp\/v2\/product_cat?post=24640"},{"taxonomy":"product_tag","embeddable":true,"href":"https:\/\/autravail.ca\/en\/wp-json\/wp\/v2\/product_tag?post=24640"}],"curies":[{"name":"wp","href":"https:\/\/api.w.org\/{rel}","templated":true}]}}