{"id":24610,"date":"2025-05-08T06:08:16","date_gmt":"2025-05-08T06:08:16","guid":{"rendered":"https:\/\/meteoquebec.ca\/?post_type=product&#038;p=24610"},"modified":"2025-12-16T11:53:18","modified_gmt":"2025-12-16T15:53:18","slug":"botte-de-travail-royer-metatarse-5301qd","status":"publish","type":"product","link":"https:\/\/autravail.ca\/en\/product\/botte-de-travail-royer-metatarse-5301qd\/","title":{"rendered":"Botte de travail Royer M\u00e9tatarse &#8211; 5301QD"},"content":{"rendered":"<h3>Botte de travail Royer M\u00e9tatarse &#8211; 5301QD<\/h3>\n<p>La Botte de travail Royer M\u00e9tatarse &#8211; 5301QD prot\u00e8ge efficacement dans les environnements exigeants. Son cuir de buffle pleine fleur r\u00e9siste \u00e0 l\u2019usure. Le protecteur m\u00e9tatarsien REALFLEX absorbe les chocs sans nuire \u00e0 la flexion. L\u2019embout PARESHOK en TPU renforce l\u2019avant contre les impacts r\u00e9p\u00e9t\u00e9s. La semelle antiperforation non m\u00e9tallique bloque les objets tranchants. L\u2019isolation Thinsulate 200g garde les pieds au chaud. Les fils KEVLAR offrent une r\u00e9sistance thermique sup\u00e9rieure. La doublure Taibrelle am\u00e9liore le confort et la durabilit\u00e9. L\u2019embout d\u2019acier asym\u00e9trique lib\u00e8re de l\u2019espace aux orteils. La semelle 4-DENSIT\u00c9 adh\u00e8re bien aux surfaces huileuses. Ces bottes respectent les normes CSA et ASTM. Elles r\u00e9sistent aux chocs \u00e9lectriques jusqu\u2019\u00e0 18 kV. Leur design de 8 pouces soutient la cheville sans g\u00eaner le mouvement. Chaque composant vise la performance et la s\u00e9curit\u00e9.Ce mod\u00e8le est particuli\u00e8rement recommand\u00e9 pour les postes de soudure.<\/p>\n<p><a href=\"https:\/\/autravail.ca\/en\/product-brand\/Royer\/\">Royer<\/a> con\u00e7oit ces bottes pour les professionnels qui bougent, soul\u00e8vent, marchent et travaillent dur. Rien n\u2019est laiss\u00e9 au hasard.<\/p>\n<p><img decoding=\"async\" class=\"alignnone size-full wp-image-40178\" src=\"https:\/\/autravail.ca\/wp-content\/uploads\/2025\/05\/Certification-Omega-Triangle-vert-Metatarse.jpg\" alt=\"Certifications CSA Om\u00e9ga, triangle vert, m\u00e9tatarse\" width=\"300\" height=\"112\" srcset=\"https:\/\/autravail.ca\/wp-content\/uploads\/2025\/05\/Certification-Omega-Triangle-vert-Metatarse.jpg 300w, https:\/\/autravail.ca\/wp-content\/uploads\/2025\/05\/Certification-Omega-Triangle-vert-Metatarse-150x56.jpg 150w, https:\/\/autravail.ca\/wp-content\/uploads\/2025\/05\/Certification-Omega-Triangle-vert-Metatarse-18x7.jpg 18w\" sizes=\"(max-width: 300px) 100vw, 300px\" \/><\/p>\n<h4>Characteristics:<\/h4>\n<ul>\n<li>Sole 4-Density Oil Resistant; rubber inserts embedding by a TPU support sole.<\/li>\n<li>Asymmetrical Steel Buckle<\/li>\n<li>Lenzi non-metallic anti-perforation sole.<\/li>\n<li>dielectric sole<\/li>\n<li>Metatarsal Protector offering improved shoe flexibility.<\/li>\n<li>Protective Cap Shock in TPU for more durability at the front of the boots.<\/li>\n<li>Kevlar Thread<\/li>\n<li>Full flower of 2.0 mm<\/li>\n<li>THINSULATE insulation covering the entire pole.<\/li>\n<li>Door sill<\/li>\n<\/ul>\n<p><img decoding=\"async\" class=\"alignnone wp-image-40620\" src=\"https:\/\/autravail.ca\/wp-content\/uploads\/2025\/09\/Jachete-quebec-et-canada.jpg\" alt=\"Logo de l'achat local\" width=\"162\" height=\"139\" \/>Merci d&rsquo;encourager une entreprise 100% d&rsquo;ici!<\/p>\n<p>TS2511S<\/p>","protected":false},"excerpt":{"rendered":"<p>Botte de travail Royer M\u00e9tatarse &#8211; 5301QD La Botte de travail Royer M\u00e9tatarse &#8211; 5301QD prot\u00e8ge efficacement dans les environnements exigeants. Son cuir de buffle pleine fleur r\u00e9siste \u00e0 l\u2019usure. Le protecteur m\u00e9tatarsien REALFLEX absorbe les chocs sans nuire \u00e0 la flexion. L\u2019embout PARESHOK en TPU renforce l\u2019avant contre les impacts r\u00e9p\u00e9t\u00e9s. La semelle antiperforation [&hellip;]<\/p>","protected":false},"featured_media":7091,"comment_status":"open","ping_status":"closed","template":"","meta":[],"product_cat":[811,631,602,798,626],"product_tag":[251,265,252,263,242,267,253],"class_list":{"0":"post-24610","1":"product","2":"type-product","3":"status-publish","4":"has-post-thumbnail","6":"product_brand-royer","7":"product_cat-chaussures-de-securite","8":"product_cat-en-solde","9":"product_cat-hommes","10":"product_cat-metatarse","11":"product_cat-protection-metatarsienne","12":"product_tag-bottes-de-travail","13":"product_tag-chaussures-specialisees","14":"product_tag-electric-shock-resistant","15":"product_tag-en-solde","16":"product_tag-homme","17":"product_tag-metatarse-externe","18":"product_tag-sole-protection","20":"first","21":"instock","22":"sale","23":"taxable","24":"shipping-taxable","25":"purchasable","26":"product-type-variable"},"yoast_head":"<!-- This site is optimized with the Yoast SEO plugin v25.3.1 - https:\/\/yoast.com\/wordpress\/plugins\/seo\/ -->\n<title>Botte de travail Royer M\u00e9tatarse - 5301QD - Le Magasin Industriel<\/title>\n<meta name=\"description\" content=\"Botte de travail Royer M\u00e9tatarse - 5301QD id\u00e9ale pour les travaux de soudure qui n\u00e9cessitent une protection suppl\u00e9mentaire.\" \/>\n<meta name=\"robots\" content=\"index, follow, max-snippet:-1, max-image-preview:large, max-video-preview:-1\" \/>\n<link rel=\"canonical\" href=\"https:\/\/autravail.ca\/en\/product\/botte-de-travail-royer-metatarse-5301qd\/\" \/>\n<meta property=\"og:locale\" content=\"en_US\" \/>\n<meta property=\"og:type\" content=\"article\" \/>\n<meta property=\"og:title\" content=\"Botte de travail Royer M\u00e9tatarse - 5301QD - Le Magasin Industriel\" \/>\n<meta property=\"og:description\" content=\"Botte de travail Royer M\u00e9tatarse - 5301QD id\u00e9ale pour les travaux de soudure qui n\u00e9cessitent une protection suppl\u00e9mentaire.\" \/>\n<meta property=\"og:url\" content=\"https:\/\/autravail.ca\/en\/product\/botte-de-travail-royer-metatarse-5301qd\/\" \/>\n<meta property=\"og:site_name\" content=\"Le Magasin Industriel\" \/>\n<meta property=\"article:publisher\" content=\"https:\/\/www.facebook.com\/lemagasinindustriel\/?locale=fr_FR\" \/>\n<meta property=\"article:modified_time\" content=\"2025-12-16T15:53:18+00:00\" \/>\n<meta property=\"og:image\" content=\"https:\/\/autravail.ca\/wp-content\/uploads\/2025\/05\/5301QD_A01.jpg\" \/>\n\t<meta property=\"og:image:width\" content=\"1000\" \/>\n\t<meta property=\"og:image:height\" content=\"1000\" \/>\n\t<meta property=\"og:image:type\" content=\"image\/jpeg\" \/>\n<meta name=\"twitter:card\" content=\"summary_large_image\" \/>\n<meta name=\"twitter:label1\" content=\"Est. reading time\" \/>\n\t<meta name=\"twitter:data1\" content=\"2 minutes\" \/>\n<script type=\"application\/ld+json\" class=\"yoast-schema-graph\">{\"@context\":\"https:\/\/schema.org\",\"@graph\":[{\"@type\":\"WebPage\",\"@id\":\"https:\/\/autravail.ca\/product\/botte-de-travail-royer-metatarse-5301qd\/\",\"url\":\"https:\/\/autravail.ca\/product\/botte-de-travail-royer-metatarse-5301qd\/\",\"name\":\"Botte de travail Royer M\u00e9tatarse - 5301QD - Le Magasin Industriel\",\"isPartOf\":{\"@id\":\"https:\/\/autravail.ca\/#website\"},\"primaryImageOfPage\":{\"@id\":\"https:\/\/autravail.ca\/product\/botte-de-travail-royer-metatarse-5301qd\/#primaryimage\"},\"image\":{\"@id\":\"https:\/\/autravail.ca\/product\/botte-de-travail-royer-metatarse-5301qd\/#primaryimage\"},\"thumbnailUrl\":\"https:\/\/autravail.ca\/wp-content\/uploads\/2025\/05\/5301QD_A01.jpg\",\"datePublished\":\"2025-05-08T06:08:16+00:00\",\"dateModified\":\"2025-12-16T15:53:18+00:00\",\"description\":\"Botte de travail Royer M\u00e9tatarse - 5301QD id\u00e9ale pour les travaux de soudure qui n\u00e9cessitent une protection suppl\u00e9mentaire.\",\"breadcrumb\":{\"@id\":\"https:\/\/autravail.ca\/product\/botte-de-travail-royer-metatarse-5301qd\/#breadcrumb\"},\"inLanguage\":\"en-CA\",\"potentialAction\":[{\"@type\":\"ReadAction\",\"target\":[\"https:\/\/autravail.ca\/product\/botte-de-travail-royer-metatarse-5301qd\/\"]}]},{\"@type\":\"ImageObject\",\"inLanguage\":\"en-CA\",\"@id\":\"https:\/\/autravail.ca\/product\/botte-de-travail-royer-metatarse-5301qd\/#primaryimage\",\"url\":\"https:\/\/autravail.ca\/wp-content\/uploads\/2025\/05\/5301QD_A01.jpg\",\"contentUrl\":\"https:\/\/autravail.ca\/wp-content\/uploads\/2025\/05\/5301QD_A01.jpg\",\"width\":1000,\"height\":1000,\"caption\":\"Botte de travail Royer M\u00e9tatarse - 5301QD\"},{\"@type\":\"BreadcrumbList\",\"@id\":\"https:\/\/autravail.ca\/product\/botte-de-travail-royer-metatarse-5301qd\/#breadcrumb\",\"itemListElement\":[{\"@type\":\"ListItem\",\"position\":1,\"name\":\"Accueil\",\"item\":\"https:\/\/autravail.ca\/\"},{\"@type\":\"ListItem\",\"position\":2,\"name\":\"Magasin\",\"item\":\"https:\/\/autravail.ca\/en\/shop\/\"},{\"@type\":\"ListItem\",\"position\":3,\"name\":\"Botte de travail Royer M\u00e9tatarse &#8211; 5301QD\"}]},{\"@type\":\"WebSite\",\"@id\":\"https:\/\/autravail.ca\/#website\",\"url\":\"https:\/\/autravail.ca\/\",\"name\":\"Le Magasin Industriel\",\"description\":\"50 ans de tradition de s\u00e9curit\u00e9 au travail\",\"publisher\":{\"@id\":\"https:\/\/autravail.ca\/#organization\"},\"potentialAction\":[{\"@type\":\"SearchAction\",\"target\":{\"@type\":\"EntryPoint\",\"urlTemplate\":\"https:\/\/autravail.ca\/?s={search_term_string}\"},\"query-input\":{\"@type\":\"PropertyValueSpecification\",\"valueRequired\":true,\"valueName\":\"search_term_string\"}}],\"inLanguage\":\"en-CA\"},{\"@type\":\"Organization\",\"@id\":\"https:\/\/autravail.ca\/#organization\",\"name\":\"Le Magasin Industriel\",\"url\":\"https:\/\/autravail.ca\/\",\"logo\":{\"@type\":\"ImageObject\",\"inLanguage\":\"en-CA\",\"@id\":\"https:\/\/autravail.ca\/#\/schema\/logo\/image\/\",\"url\":\"https:\/\/autravail.ca\/wp-content\/uploads\/2025\/05\/cropped-magasin_industriel_120x.avif\",\"contentUrl\":\"https:\/\/autravail.ca\/wp-content\/uploads\/2025\/05\/cropped-magasin_industriel_120x.avif\",\"width\":120,\"height\":24,\"caption\":\"Le Magasin Industriel\"},\"image\":{\"@id\":\"https:\/\/autravail.ca\/#\/schema\/logo\/image\/\"},\"sameAs\":[\"https:\/\/www.facebook.com\/lemagasinindustriel\/?locale=fr_FR\"]}]}<\/script>\n<!-- \/ Yoast SEO plugin. -->","yoast_head_json":{"title":"Botte de travail Royer M\u00e9tatarse - 5301QD - Le Magasin Industriel","description":"Botte de travail Royer M\u00e9tatarse - 5301QD id\u00e9ale pour les travaux de soudure qui n\u00e9cessitent une protection suppl\u00e9mentaire.","robots":{"index":"index","follow":"follow","max-snippet":"max-snippet:-1","max-image-preview":"max-image-preview:large","max-video-preview":"max-video-preview:-1"},"canonical":"https:\/\/autravail.ca\/en\/product\/botte-de-travail-royer-metatarse-5301qd\/","og_locale":"en_US","og_type":"article","og_title":"Botte de travail Royer M\u00e9tatarse - 5301QD - Le Magasin Industriel","og_description":"Botte de travail Royer M\u00e9tatarse - 5301QD id\u00e9ale pour les travaux de soudure qui n\u00e9cessitent une protection suppl\u00e9mentaire.","og_url":"https:\/\/autravail.ca\/en\/product\/botte-de-travail-royer-metatarse-5301qd\/","og_site_name":"Le Magasin Industriel","article_publisher":"https:\/\/www.facebook.com\/lemagasinindustriel\/?locale=fr_FR","article_modified_time":"2025-12-16T15:53:18+00:00","og_image":[{"width":1000,"height":1000,"url":"https:\/\/autravail.ca\/wp-content\/uploads\/2025\/05\/5301QD_A01.jpg","type":"image\/jpeg"}],"twitter_card":"summary_large_image","twitter_misc":{"Est. reading time":"2 minutes"},"schema":{"@context":"https:\/\/schema.org","@graph":[{"@type":"WebPage","@id":"https:\/\/autravail.ca\/product\/botte-de-travail-royer-metatarse-5301qd\/","url":"https:\/\/autravail.ca\/product\/botte-de-travail-royer-metatarse-5301qd\/","name":"Botte de travail Royer M\u00e9tatarse - 5301QD - Le Magasin Industriel","isPartOf":{"@id":"https:\/\/autravail.ca\/#website"},"primaryImageOfPage":{"@id":"https:\/\/autravail.ca\/product\/botte-de-travail-royer-metatarse-5301qd\/#primaryimage"},"image":{"@id":"https:\/\/autravail.ca\/product\/botte-de-travail-royer-metatarse-5301qd\/#primaryimage"},"thumbnailUrl":"https:\/\/autravail.ca\/wp-content\/uploads\/2025\/05\/5301QD_A01.jpg","datePublished":"2025-05-08T06:08:16+00:00","dateModified":"2025-12-16T15:53:18+00:00","description":"Botte de travail Royer M\u00e9tatarse - 5301QD id\u00e9ale pour les travaux de soudure qui n\u00e9cessitent une protection suppl\u00e9mentaire.","breadcrumb":{"@id":"https:\/\/autravail.ca\/product\/botte-de-travail-royer-metatarse-5301qd\/#breadcrumb"},"inLanguage":"en-CA","potentialAction":[{"@type":"ReadAction","target":["https:\/\/autravail.ca\/product\/botte-de-travail-royer-metatarse-5301qd\/"]}]},{"@type":"ImageObject","inLanguage":"en-CA","@id":"https:\/\/autravail.ca\/product\/botte-de-travail-royer-metatarse-5301qd\/#primaryimage","url":"https:\/\/autravail.ca\/wp-content\/uploads\/2025\/05\/5301QD_A01.jpg","contentUrl":"https:\/\/autravail.ca\/wp-content\/uploads\/2025\/05\/5301QD_A01.jpg","width":1000,"height":1000,"caption":"Botte de travail Royer M\u00e9tatarse - 5301QD"},{"@type":"BreadcrumbList","@id":"https:\/\/autravail.ca\/product\/botte-de-travail-royer-metatarse-5301qd\/#breadcrumb","itemListElement":[{"@type":"ListItem","position":1,"name":"Accueil","item":"https:\/\/autravail.ca\/"},{"@type":"ListItem","position":2,"name":"Magasin","item":"https:\/\/autravail.ca\/en\/shop\/"},{"@type":"ListItem","position":3,"name":"Botte de travail Royer M\u00e9tatarse &#8211; 5301QD"}]},{"@type":"WebSite","@id":"https:\/\/autravail.ca\/#website","url":"https:\/\/autravail.ca\/","name":"Le Magasin Industriel","description":"50 ans de tradition de s\u00e9curit\u00e9 au travail","publisher":{"@id":"https:\/\/autravail.ca\/#organization"},"potentialAction":[{"@type":"SearchAction","target":{"@type":"EntryPoint","urlTemplate":"https:\/\/autravail.ca\/?s={search_term_string}"},"query-input":{"@type":"PropertyValueSpecification","valueRequired":true,"valueName":"search_term_string"}}],"inLanguage":"en-CA"},{"@type":"Organization","@id":"https:\/\/autravail.ca\/#organization","name":"Le Magasin Industriel","url":"https:\/\/autravail.ca\/","logo":{"@type":"ImageObject","inLanguage":"en-CA","@id":"https:\/\/autravail.ca\/#\/schema\/logo\/image\/","url":"https:\/\/autravail.ca\/wp-content\/uploads\/2025\/05\/cropped-magasin_industriel_120x.avif","contentUrl":"https:\/\/autravail.ca\/wp-content\/uploads\/2025\/05\/cropped-magasin_industriel_120x.avif","width":120,"height":24,"caption":"Le Magasin Industriel"},"image":{"@id":"https:\/\/autravail.ca\/#\/schema\/logo\/image\/"},"sameAs":["https:\/\/www.facebook.com\/lemagasinindustriel\/?locale=fr_FR"]}]}},"jetpack_sharing_enabled":true,"_links":{"self":[{"href":"https:\/\/autravail.ca\/en\/wp-json\/wp\/v2\/product\/24610","targetHints":{"allow":["GET"]}}],"collection":[{"href":"https:\/\/autravail.ca\/en\/wp-json\/wp\/v2\/product"}],"about":[{"href":"https:\/\/autravail.ca\/en\/wp-json\/wp\/v2\/types\/product"}],"replies":[{"embeddable":true,"href":"https:\/\/autravail.ca\/en\/wp-json\/wp\/v2\/comments?post=24610"}],"wp:featuredmedia":[{"embeddable":true,"href":"https:\/\/autravail.ca\/en\/wp-json\/wp\/v2\/media\/7091"}],"wp:attachment":[{"href":"https:\/\/autravail.ca\/en\/wp-json\/wp\/v2\/media?parent=24610"}],"wp:term":[{"taxonomy":"product_cat","embeddable":true,"href":"https:\/\/autravail.ca\/en\/wp-json\/wp\/v2\/product_cat?post=24610"},{"taxonomy":"product_tag","embeddable":true,"href":"https:\/\/autravail.ca\/en\/wp-json\/wp\/v2\/product_tag?post=24610"}],"curies":[{"name":"wp","href":"https:\/\/api.w.org\/{rel}","templated":true}]}}