{"id":24579,"date":"2025-05-08T06:08:07","date_gmt":"2025-05-08T06:08:07","guid":{"rendered":"https:\/\/meteoquebec.ca\/?post_type=product&#038;p=24579"},"modified":"2026-01-08T14:51:39","modified_gmt":"2026-01-08T18:51:39","slug":"soulier-de-travail-inspades-501sp","status":"publish","type":"product","link":"https:\/\/autravail.ca\/en\/product\/soulier-de-travail-inspades-501sp\/","title":{"rendered":"Soulier de travail &#8211; Inspades 501SP"},"content":{"rendered":"<h3>Soulier de travail &#8211; Inspades 501SP<\/h3>\n<p>Le soulier de travail &#8211; Inspades 501SP de <a href=\"https:\/\/autravail.ca\/en\/product-brand\/royer\/\">Royer<\/a> est id\u00e9al pour les industries l\u00e9g\u00e8res. En plus de la protection offerte par l&#8217;embout d&rsquo;acier, ce soulier allie confort et esth\u00e9tisme. Un syst\u00e8me de coussin d&rsquo;air au talon et une entre-semelle de polyur\u00e9thanne offre un excellent degr\u00e9 d&rsquo;absorption des chocs. La semelle de contact de caoutchouc assure une adh\u00e9rence optimale sur les planchers lisses, qu&rsquo;importe les conditions d&rsquo;utilisation. \u00c0 la fois l\u00e9ger et flexible, le soulier 10-501 convient aux travailleurs continuellement en mouvement.<\/p>\n<p><img decoding=\"async\" class=\"alignnone size-full wp-image-40117\" src=\"https:\/\/autravail.ca\/wp-content\/uploads\/2025\/09\/Certification-Omega-Triangle-vert.jpg\" alt=\"Certifications Om\u00e9ga Triangle vert\" width=\"193\" height=\"110\" srcset=\"https:\/\/autravail.ca\/wp-content\/uploads\/2025\/09\/Certification-Omega-Triangle-vert.jpg 193w, https:\/\/autravail.ca\/wp-content\/uploads\/2025\/09\/Certification-Omega-Triangle-vert-150x85.jpg 150w, https:\/\/autravail.ca\/wp-content\/uploads\/2025\/09\/Certification-Omega-Triangle-vert-18x10.jpg 18w\" sizes=\"(max-width: 193px) 100vw, 193px\" \/><\/p>\n<h6><b>Security aspects<\/b><\/h6>\n<ul>\n<li>CSA Class 1 and ANSI Z41 approved steel end<\/li>\n<li>CSA Z195 and ANSI Z41 electric shock resistant sole<\/li>\n<\/ul>\n<h6><b>Technical aspects<\/b><\/h6>\n<ul>\n<li>Top quality microfiber stem for remarkable breathing<\/li>\n<li>Offset shape at the front for more space at the toes and firm hold at the heel<\/li>\n<li>Low density polyurethane sole: lightness, flexibility and comfort, even in the long term<\/li>\n<li>Polyurethane is the first choice material for the duration of the absorption effect of the insole<\/li>\n<li>Contact sole made of 100% natural, soft and non-marking rubber: optimal adhesion and heat resistance<\/li>\n<li>Heel air cushion damping system: shock absorption during heavy shoe wear (long term)<\/li>\n<li><span dir=\"auto\"><span dir=\"auto\">Semelle int\u00e9rieure en cuir et EVA<\/span><\/span><\/li>\n<li><span dir=\"auto\"><span dir=\"auto\">Doublure en maille<\/span><\/span><\/li>\n<li><span dir=\"auto\"><span dir=\"auto\">Semelle int\u00e9rieure non m\u00e9tallique r\u00e9sistante \u00e0 la perforation<\/span><\/span><\/li>\n<li><span dir=\"auto\"><span dir=\"auto\">Steel Protection Bracket<\/span><\/span><\/li>\n<li><span dir=\"auto\"><span dir=\"auto\">Electrical Risks Protection<\/span><\/span><\/li>\n<li><span dir=\"auto\"><span dir=\"auto\">Semelle interm\u00e9diaire en EVA avec semelle ext\u00e9rieure en caoutchouc r\u00e9sistant \u00e0 l&rsquo;huile<\/span><\/span><\/li>\n<li><span dir=\"auto\"><span dir=\"auto\">Cuir pleine fleur<\/span><\/span><\/li>\n<li><span dir=\"auto\"><span dir=\"auto\">Chaussure Derby \u00e0 6 \u0153illets<\/span><\/span><\/li>\n<\/ul>\n<p><img decoding=\"async\" class=\"alignnone wp-image-40620\" src=\"https:\/\/autravail.ca\/wp-content\/uploads\/2025\/09\/Jachete-quebec-et-canada.jpg\" alt=\"Logo de l'achat local\" width=\"162\" height=\"139\" \/>Merci d&rsquo;encourager une entreprise 100% d&rsquo;ici!<\/p>","protected":false},"excerpt":{"rendered":"<p>Soulier de travail &#8211; Inspades 501SP Le soulier de travail &#8211; Inspades 501SP de Royer est id\u00e9al pour les industries l\u00e9g\u00e8res. En plus de la protection offerte par l&#8217;embout d&rsquo;acier, ce soulier allie confort et esth\u00e9tisme. Un syst\u00e8me de coussin d&rsquo;air au talon et une entre-semelle de polyur\u00e9thanne offre un excellent degr\u00e9 d&rsquo;absorption des chocs. [&hellip;]<\/p>","protected":false},"featured_media":7037,"comment_status":"open","ping_status":"closed","template":"","meta":[],"product_cat":[602,619],"product_tag":[252,261,253,257],"class_list":{"0":"post-24579","1":"product","2":"type-product","3":"status-publish","4":"has-post-thumbnail","6":"product_brand-royer","7":"product_cat-hommes","8":"product_cat-souliers-de-travail","9":"product_tag-electric-shock-resistant","10":"product_tag-novago","11":"product_tag-sole-protection","12":"product_tag-souliers-de-travail","14":"first","15":"instock","16":"taxable","17":"shipping-taxable","18":"purchasable","19":"product-type-variable"},"yoast_head":"<!-- This site is optimized with the Yoast SEO plugin v25.3.1 - https:\/\/yoast.com\/wordpress\/plugins\/seo\/ -->\n<title>Soulier de travail - Inspades 501SP - Le Magasin Industriel<\/title>\n<meta name=\"description\" content=\"Soulier de travail - Inspades 501SP, homologu\u00e9es CSA, antid\u00e9rapantes et r\u00e9sistantes \u00e0 l&#039;huile, embout en acier, grandeur homme\" \/>\n<meta name=\"robots\" content=\"index, follow, max-snippet:-1, max-image-preview:large, max-video-preview:-1\" \/>\n<link rel=\"canonical\" href=\"https:\/\/autravail.ca\/en\/product\/soulier-de-travail-inspades-501sp\/\" \/>\n<meta property=\"og:locale\" content=\"en_US\" \/>\n<meta property=\"og:type\" content=\"article\" \/>\n<meta property=\"og:title\" content=\"Soulier de travail - Inspades 501SP - Le Magasin Industriel\" \/>\n<meta property=\"og:description\" content=\"Soulier de travail - Inspades 501SP, homologu\u00e9es CSA, antid\u00e9rapantes et r\u00e9sistantes \u00e0 l&#039;huile, embout en acier, grandeur homme\" \/>\n<meta property=\"og:url\" content=\"https:\/\/autravail.ca\/en\/product\/soulier-de-travail-inspades-501sp\/\" \/>\n<meta property=\"og:site_name\" content=\"Le Magasin Industriel\" \/>\n<meta property=\"article:publisher\" content=\"https:\/\/www.facebook.com\/lemagasinindustriel\/?locale=fr_FR\" \/>\n<meta property=\"article:modified_time\" content=\"2026-01-08T18:51:39+00:00\" \/>\n<meta property=\"og:image\" content=\"https:\/\/autravail.ca\/wp-content\/uploads\/2025\/05\/501SP_A01.jpg\" \/>\n\t<meta property=\"og:image:width\" content=\"1000\" \/>\n\t<meta property=\"og:image:height\" content=\"1000\" \/>\n\t<meta property=\"og:image:type\" content=\"image\/jpeg\" \/>\n<meta name=\"twitter:card\" content=\"summary_large_image\" \/>\n<meta name=\"twitter:label1\" content=\"Est. reading time\" \/>\n\t<meta name=\"twitter:data1\" content=\"2 minutes\" \/>\n<script type=\"application\/ld+json\" class=\"yoast-schema-graph\">{\"@context\":\"https:\/\/schema.org\",\"@graph\":[{\"@type\":\"WebPage\",\"@id\":\"https:\/\/autravail.ca\/product\/soulier-de-travail-inspades-501sp\/\",\"url\":\"https:\/\/autravail.ca\/product\/soulier-de-travail-inspades-501sp\/\",\"name\":\"Soulier de travail - Inspades 501SP - Le Magasin Industriel\",\"isPartOf\":{\"@id\":\"https:\/\/autravail.ca\/#website\"},\"primaryImageOfPage\":{\"@id\":\"https:\/\/autravail.ca\/product\/soulier-de-travail-inspades-501sp\/#primaryimage\"},\"image\":{\"@id\":\"https:\/\/autravail.ca\/product\/soulier-de-travail-inspades-501sp\/#primaryimage\"},\"thumbnailUrl\":\"https:\/\/autravail.ca\/wp-content\/uploads\/2025\/05\/501SP_A01.jpg\",\"datePublished\":\"2025-05-08T06:08:07+00:00\",\"dateModified\":\"2026-01-08T18:51:39+00:00\",\"description\":\"Soulier de travail - Inspades 501SP, homologu\u00e9es CSA, antid\u00e9rapantes et r\u00e9sistantes \u00e0 l'huile, embout en acier, grandeur homme\",\"breadcrumb\":{\"@id\":\"https:\/\/autravail.ca\/product\/soulier-de-travail-inspades-501sp\/#breadcrumb\"},\"inLanguage\":\"en-CA\",\"potentialAction\":[{\"@type\":\"ReadAction\",\"target\":[\"https:\/\/autravail.ca\/product\/soulier-de-travail-inspades-501sp\/\"]}]},{\"@type\":\"ImageObject\",\"inLanguage\":\"en-CA\",\"@id\":\"https:\/\/autravail.ca\/product\/soulier-de-travail-inspades-501sp\/#primaryimage\",\"url\":\"https:\/\/autravail.ca\/wp-content\/uploads\/2025\/05\/501SP_A01.jpg\",\"contentUrl\":\"https:\/\/autravail.ca\/wp-content\/uploads\/2025\/05\/501SP_A01.jpg\",\"width\":1000,\"height\":1000},{\"@type\":\"BreadcrumbList\",\"@id\":\"https:\/\/autravail.ca\/product\/soulier-de-travail-inspades-501sp\/#breadcrumb\",\"itemListElement\":[{\"@type\":\"ListItem\",\"position\":1,\"name\":\"Accueil\",\"item\":\"https:\/\/autravail.ca\/\"},{\"@type\":\"ListItem\",\"position\":2,\"name\":\"Magasin\",\"item\":\"https:\/\/autravail.ca\/en\/shop\/\"},{\"@type\":\"ListItem\",\"position\":3,\"name\":\"Soulier de travail &#8211; Inspades 501SP\"}]},{\"@type\":\"WebSite\",\"@id\":\"https:\/\/autravail.ca\/#website\",\"url\":\"https:\/\/autravail.ca\/\",\"name\":\"Le Magasin Industriel\",\"description\":\"50 ans de tradition de s\u00e9curit\u00e9 au travail\",\"publisher\":{\"@id\":\"https:\/\/autravail.ca\/#organization\"},\"potentialAction\":[{\"@type\":\"SearchAction\",\"target\":{\"@type\":\"EntryPoint\",\"urlTemplate\":\"https:\/\/autravail.ca\/?s={search_term_string}\"},\"query-input\":{\"@type\":\"PropertyValueSpecification\",\"valueRequired\":true,\"valueName\":\"search_term_string\"}}],\"inLanguage\":\"en-CA\"},{\"@type\":\"Organization\",\"@id\":\"https:\/\/autravail.ca\/#organization\",\"name\":\"Le Magasin Industriel\",\"url\":\"https:\/\/autravail.ca\/\",\"logo\":{\"@type\":\"ImageObject\",\"inLanguage\":\"en-CA\",\"@id\":\"https:\/\/autravail.ca\/#\/schema\/logo\/image\/\",\"url\":\"https:\/\/autravail.ca\/wp-content\/uploads\/2025\/05\/cropped-magasin_industriel_120x.avif\",\"contentUrl\":\"https:\/\/autravail.ca\/wp-content\/uploads\/2025\/05\/cropped-magasin_industriel_120x.avif\",\"width\":120,\"height\":24,\"caption\":\"Le Magasin Industriel\"},\"image\":{\"@id\":\"https:\/\/autravail.ca\/#\/schema\/logo\/image\/\"},\"sameAs\":[\"https:\/\/www.facebook.com\/lemagasinindustriel\/?locale=fr_FR\"]}]}<\/script>\n<!-- \/ Yoast SEO plugin. -->","yoast_head_json":{"title":"Soulier de travail - Inspades 501SP - Le Magasin Industriel","description":"Soulier de travail - Inspades 501SP, homologu\u00e9es CSA, antid\u00e9rapantes et r\u00e9sistantes \u00e0 l'huile, embout en acier, grandeur homme","robots":{"index":"index","follow":"follow","max-snippet":"max-snippet:-1","max-image-preview":"max-image-preview:large","max-video-preview":"max-video-preview:-1"},"canonical":"https:\/\/autravail.ca\/en\/product\/soulier-de-travail-inspades-501sp\/","og_locale":"en_US","og_type":"article","og_title":"Soulier de travail - Inspades 501SP - Le Magasin Industriel","og_description":"Soulier de travail - Inspades 501SP, homologu\u00e9es CSA, antid\u00e9rapantes et r\u00e9sistantes \u00e0 l'huile, embout en acier, grandeur homme","og_url":"https:\/\/autravail.ca\/en\/product\/soulier-de-travail-inspades-501sp\/","og_site_name":"Le Magasin Industriel","article_publisher":"https:\/\/www.facebook.com\/lemagasinindustriel\/?locale=fr_FR","article_modified_time":"2026-01-08T18:51:39+00:00","og_image":[{"width":1000,"height":1000,"url":"https:\/\/autravail.ca\/wp-content\/uploads\/2025\/05\/501SP_A01.jpg","type":"image\/jpeg"}],"twitter_card":"summary_large_image","twitter_misc":{"Est. reading time":"2 minutes"},"schema":{"@context":"https:\/\/schema.org","@graph":[{"@type":"WebPage","@id":"https:\/\/autravail.ca\/product\/soulier-de-travail-inspades-501sp\/","url":"https:\/\/autravail.ca\/product\/soulier-de-travail-inspades-501sp\/","name":"Soulier de travail - Inspades 501SP - Le Magasin Industriel","isPartOf":{"@id":"https:\/\/autravail.ca\/#website"},"primaryImageOfPage":{"@id":"https:\/\/autravail.ca\/product\/soulier-de-travail-inspades-501sp\/#primaryimage"},"image":{"@id":"https:\/\/autravail.ca\/product\/soulier-de-travail-inspades-501sp\/#primaryimage"},"thumbnailUrl":"https:\/\/autravail.ca\/wp-content\/uploads\/2025\/05\/501SP_A01.jpg","datePublished":"2025-05-08T06:08:07+00:00","dateModified":"2026-01-08T18:51:39+00:00","description":"Soulier de travail - Inspades 501SP, homologu\u00e9es CSA, antid\u00e9rapantes et r\u00e9sistantes \u00e0 l'huile, embout en acier, grandeur homme","breadcrumb":{"@id":"https:\/\/autravail.ca\/product\/soulier-de-travail-inspades-501sp\/#breadcrumb"},"inLanguage":"en-CA","potentialAction":[{"@type":"ReadAction","target":["https:\/\/autravail.ca\/product\/soulier-de-travail-inspades-501sp\/"]}]},{"@type":"ImageObject","inLanguage":"en-CA","@id":"https:\/\/autravail.ca\/product\/soulier-de-travail-inspades-501sp\/#primaryimage","url":"https:\/\/autravail.ca\/wp-content\/uploads\/2025\/05\/501SP_A01.jpg","contentUrl":"https:\/\/autravail.ca\/wp-content\/uploads\/2025\/05\/501SP_A01.jpg","width":1000,"height":1000},{"@type":"BreadcrumbList","@id":"https:\/\/autravail.ca\/product\/soulier-de-travail-inspades-501sp\/#breadcrumb","itemListElement":[{"@type":"ListItem","position":1,"name":"Accueil","item":"https:\/\/autravail.ca\/"},{"@type":"ListItem","position":2,"name":"Magasin","item":"https:\/\/autravail.ca\/en\/shop\/"},{"@type":"ListItem","position":3,"name":"Soulier de travail &#8211; Inspades 501SP"}]},{"@type":"WebSite","@id":"https:\/\/autravail.ca\/#website","url":"https:\/\/autravail.ca\/","name":"Le Magasin Industriel","description":"50 ans de tradition de s\u00e9curit\u00e9 au travail","publisher":{"@id":"https:\/\/autravail.ca\/#organization"},"potentialAction":[{"@type":"SearchAction","target":{"@type":"EntryPoint","urlTemplate":"https:\/\/autravail.ca\/?s={search_term_string}"},"query-input":{"@type":"PropertyValueSpecification","valueRequired":true,"valueName":"search_term_string"}}],"inLanguage":"en-CA"},{"@type":"Organization","@id":"https:\/\/autravail.ca\/#organization","name":"Le Magasin Industriel","url":"https:\/\/autravail.ca\/","logo":{"@type":"ImageObject","inLanguage":"en-CA","@id":"https:\/\/autravail.ca\/#\/schema\/logo\/image\/","url":"https:\/\/autravail.ca\/wp-content\/uploads\/2025\/05\/cropped-magasin_industriel_120x.avif","contentUrl":"https:\/\/autravail.ca\/wp-content\/uploads\/2025\/05\/cropped-magasin_industriel_120x.avif","width":120,"height":24,"caption":"Le Magasin Industriel"},"image":{"@id":"https:\/\/autravail.ca\/#\/schema\/logo\/image\/"},"sameAs":["https:\/\/www.facebook.com\/lemagasinindustriel\/?locale=fr_FR"]}]}},"_links":{"self":[{"href":"https:\/\/autravail.ca\/en\/wp-json\/wp\/v2\/product\/24579","targetHints":{"allow":["GET"]}}],"collection":[{"href":"https:\/\/autravail.ca\/en\/wp-json\/wp\/v2\/product"}],"about":[{"href":"https:\/\/autravail.ca\/en\/wp-json\/wp\/v2\/types\/product"}],"replies":[{"embeddable":true,"href":"https:\/\/autravail.ca\/en\/wp-json\/wp\/v2\/comments?post=24579"}],"wp:featuredmedia":[{"embeddable":true,"href":"https:\/\/autravail.ca\/en\/wp-json\/wp\/v2\/media\/7037"}],"wp:attachment":[{"href":"https:\/\/autravail.ca\/en\/wp-json\/wp\/v2\/media?parent=24579"}],"wp:term":[{"taxonomy":"product_cat","embeddable":true,"href":"https:\/\/autravail.ca\/en\/wp-json\/wp\/v2\/product_cat?post=24579"},{"taxonomy":"product_tag","embeddable":true,"href":"https:\/\/autravail.ca\/en\/wp-json\/wp\/v2\/product_tag?post=24579"}],"curies":[{"name":"wp","href":"https:\/\/api.w.org\/{rel}","templated":true}]}}