{"id":24548,"date":"2025-05-08T06:07:58","date_gmt":"2025-05-08T06:07:58","guid":{"rendered":"https:\/\/meteoquebec.ca\/?product=3120qd-bottillon-de-travail-10-3120"},"modified":"2026-02-14T12:04:02","modified_gmt":"2026-02-14T16:04:02","slug":"botte-de-travail-6%e2%80%b3-royer-3120qd","status":"publish","type":"product","link":"https:\/\/autravail.ca\/en\/product\/botte-de-travail-6%e2%80%b3-royer-3120qd\/","title":{"rendered":"Botte de travail 6\u2033 Royer &#8211; 3120QD"},"content":{"rendered":"<h3>Botte de travail 6\u2033 Royer &#8211; 3120QD<\/h3>\n<p>La Botte de travail 6\u2033 Royer &#8211; 3120QD se distingue par sa robustesse et son efficacit\u00e9 sur le terrain. Con\u00e7ue pour offrir une protection optimale, elle combine durabilit\u00e9 et confort. Le cuir de qualit\u00e9 sup\u00e9rieure assure une r\u00e9sistance prolong\u00e9e face aux conditions difficiles. Sa semelle antid\u00e9rapante procure une excellente traction sur les surfaces glissantes. L\u2019embout protecteur en composite renforce la s\u00e9curit\u00e9 sans compromettre la l\u00e9g\u00e8ret\u00e9. La conception ergonomique soutient le pied et r\u00e9duit la fatigue lors de longues journ\u00e9es. La botte maintient la stabilit\u00e9 m\u00eame dans des environnements exigeants. Sa fabrication canadienne refl\u00e8te un savoir-faire reconnu et une fiabilit\u00e9 \u00e9prouv\u00e9e. Le design compact de six pouces favorise la mobilit\u00e9 et la flexibilit\u00e9. Elle s\u2019adapte aux besoins des travailleurs modernes qui recherchent performance et confort.<\/p>\n<p>La <a href=\"https:\/\/autravail.ca\/en\/product-brand\/Royer\/\">Royer<\/a> 3120QD incarne la force, la s\u00e9curit\u00e9 et l\u2019endurance n\u00e9cessaires pour affronter les d\u00e9fis quotidiens avec assurance.<\/p>\n<p><img decoding=\"async\" class=\"alignnone size-full wp-image-40117\" src=\"https:\/\/autravail.ca\/wp-content\/uploads\/2025\/09\/Certification-Omega-Triangle-vert.jpg\" sizes=\"(max-width: 193px) 100vw, 193px\" srcset=\"https:\/\/autravail.ca\/wp-content\/uploads\/2025\/09\/Certification-Omega-Triangle-vert.jpg 193w, https:\/\/autravail.ca\/wp-content\/uploads\/2025\/09\/Certification-Omega-Triangle-vert-150x85.jpg 150w, https:\/\/autravail.ca\/wp-content\/uploads\/2025\/09\/Certification-Omega-Triangle-vert-18x10.jpg 18w\" alt=\"Certifications Om\u00e9ga Triangle vert\" width=\"193\" height=\"110\" \/><\/p>\n<h4>Characteristics:<\/h4>\n<ul>\n<li>Sole 4-Density Oil Resistant; rubber inserts embedding by a TPU support sole.<\/li>\n<li>Asymmetrical steel toe 'More-Room Steel Toe' offering more space at the toes.<\/li>\n<li>Lenzi non-metallic anti-perforation sole.<\/li>\n<li>dielectric sole<\/li>\n<li>Protective Cap Shock in TPU for more durability at the front of the boots.<\/li>\n<li>2 mm 'Crazy horse' leather<\/li>\n<li>Sole of easy cleaning in low-density polyurethane foam.<\/li>\n<li>Door sill<\/li>\n<\/ul>\n<h5><img decoding=\"async\" class=\"alignnone wp-image-40620\" src=\"https:\/\/autravail.ca\/wp-content\/uploads\/2025\/09\/Jachete-quebec-et-canada.jpg\" alt=\"Logo de l'achat local\" width=\"162\" height=\"139\" \/>Merci d&rsquo;encourager une entreprise 100% d&rsquo;ici!<\/h5>\n<p>TS2512S<\/p>","protected":false},"excerpt":{"rendered":"<p>Botte de travail 6\u2033 Royer &#8211; 3120QD La Botte de travail 6\u2033 Royer &#8211; 3120QD se distingue par sa robustesse et son efficacit\u00e9 sur le terrain. Con\u00e7ue pour offrir une protection optimale, elle combine durabilit\u00e9 et confort. Le cuir de qualit\u00e9 sup\u00e9rieure assure une r\u00e9sistance prolong\u00e9e face aux conditions difficiles. Sa semelle antid\u00e9rapante procure une [&hellip;]<\/p>","protected":false},"featured_media":6988,"comment_status":"open","ping_status":"closed","template":"","meta":[],"product_cat":[621,807,811,602],"product_tag":[260,252,242,253],"class_list":{"0":"post-24548","1":"product","2":"type-product","3":"status-publish","4":"has-post-thumbnail","6":"product_brand-royer","7":"product_cat-bottes-de-travail-6","8":"product_cat-bottes-de-travail-6-homme","9":"product_cat-chaussures-de-securite","10":"product_cat-hommes","11":"product_tag-bottillons-de-travail","12":"product_tag-electric-shock-resistant","13":"product_tag-homme","14":"product_tag-sole-protection","16":"first","17":"instock","18":"taxable","19":"shipping-taxable","20":"purchasable","21":"product-type-variable"},"yoast_head":"<!-- This site is optimized with the Yoast SEO plugin v25.3.1 - https:\/\/yoast.com\/wordpress\/plugins\/seo\/ -->\n<title>Botte de travail 6\u2033 Royer - 3120QD - Le Magasin Industriel<\/title>\n<meta name=\"description\" content=\"Botte de travail 6\u2033 Royer - 3120QD tout cuir brun, certifi\u00e9e CSA avec protection de l&#039;embout en composite, semelle quatre densit\u00e9 et protecteur externe.\" \/>\n<meta name=\"robots\" content=\"index, follow, max-snippet:-1, max-image-preview:large, max-video-preview:-1\" \/>\n<link rel=\"canonical\" href=\"https:\/\/autravail.ca\/en\/product\/botte-de-travail-6\u2033-royer-3120qd\/\" \/>\n<meta property=\"og:locale\" content=\"en_US\" \/>\n<meta property=\"og:type\" content=\"article\" \/>\n<meta property=\"og:title\" content=\"Botte de travail 6\u2033 Royer - 3120QD - Le Magasin Industriel\" \/>\n<meta property=\"og:description\" content=\"Botte de travail 6\u2033 Royer - 3120QD tout cuir brun, certifi\u00e9e CSA avec protection de l&#039;embout en composite, semelle quatre densit\u00e9 et protecteur externe.\" \/>\n<meta property=\"og:url\" content=\"https:\/\/autravail.ca\/en\/product\/botte-de-travail-6\u2033-royer-3120qd\/\" \/>\n<meta property=\"og:site_name\" content=\"Le Magasin Industriel\" \/>\n<meta property=\"article:publisher\" content=\"https:\/\/www.facebook.com\/lemagasinindustriel\/?locale=fr_FR\" \/>\n<meta property=\"article:modified_time\" content=\"2026-02-14T16:04:02+00:00\" \/>\n<meta property=\"og:image\" content=\"https:\/\/autravail.ca\/wp-content\/uploads\/2025\/05\/3120QD_A01.jpg\" \/>\n\t<meta property=\"og:image:width\" content=\"1000\" \/>\n\t<meta property=\"og:image:height\" content=\"1000\" \/>\n\t<meta property=\"og:image:type\" content=\"image\/jpeg\" \/>\n<meta name=\"twitter:card\" content=\"summary_large_image\" \/>\n<meta name=\"twitter:label1\" content=\"Est. reading time\" \/>\n\t<meta name=\"twitter:data1\" content=\"2 minutes\" \/>\n<script type=\"application\/ld+json\" class=\"yoast-schema-graph\">{\"@context\":\"https:\/\/schema.org\",\"@graph\":[{\"@type\":\"WebPage\",\"@id\":\"https:\/\/autravail.ca\/product\/botte-de-travail-6%e2%80%b3-royer-3120qd\/\",\"url\":\"https:\/\/autravail.ca\/product\/botte-de-travail-6%e2%80%b3-royer-3120qd\/\",\"name\":\"Botte de travail 6\u2033 Royer - 3120QD - Le Magasin Industriel\",\"isPartOf\":{\"@id\":\"https:\/\/autravail.ca\/#website\"},\"primaryImageOfPage\":{\"@id\":\"https:\/\/autravail.ca\/product\/botte-de-travail-6%e2%80%b3-royer-3120qd\/#primaryimage\"},\"image\":{\"@id\":\"https:\/\/autravail.ca\/product\/botte-de-travail-6%e2%80%b3-royer-3120qd\/#primaryimage\"},\"thumbnailUrl\":\"https:\/\/autravail.ca\/wp-content\/uploads\/2025\/05\/3120QD_A01.jpg\",\"datePublished\":\"2025-05-08T06:07:58+00:00\",\"dateModified\":\"2026-02-14T16:04:02+00:00\",\"description\":\"Botte de travail 6\u2033 Royer - 3120QD tout cuir brun, certifi\u00e9e CSA avec protection de l'embout en composite, semelle quatre densit\u00e9 et protecteur externe.\",\"breadcrumb\":{\"@id\":\"https:\/\/autravail.ca\/product\/botte-de-travail-6%e2%80%b3-royer-3120qd\/#breadcrumb\"},\"inLanguage\":\"en-CA\",\"potentialAction\":[{\"@type\":\"ReadAction\",\"target\":[\"https:\/\/autravail.ca\/product\/botte-de-travail-6%e2%80%b3-royer-3120qd\/\"]}]},{\"@type\":\"ImageObject\",\"inLanguage\":\"en-CA\",\"@id\":\"https:\/\/autravail.ca\/product\/botte-de-travail-6%e2%80%b3-royer-3120qd\/#primaryimage\",\"url\":\"https:\/\/autravail.ca\/wp-content\/uploads\/2025\/05\/3120QD_A01.jpg\",\"contentUrl\":\"https:\/\/autravail.ca\/wp-content\/uploads\/2025\/05\/3120QD_A01.jpg\",\"width\":1000,\"height\":1000,\"caption\":\"Botte de travail 6\u2033 Royer - 3120QD\"},{\"@type\":\"BreadcrumbList\",\"@id\":\"https:\/\/autravail.ca\/product\/botte-de-travail-6%e2%80%b3-royer-3120qd\/#breadcrumb\",\"itemListElement\":[{\"@type\":\"ListItem\",\"position\":1,\"name\":\"Accueil\",\"item\":\"https:\/\/autravail.ca\/\"},{\"@type\":\"ListItem\",\"position\":2,\"name\":\"Magasin\",\"item\":\"https:\/\/autravail.ca\/en\/shop\/\"},{\"@type\":\"ListItem\",\"position\":3,\"name\":\"Botte de travail 6\u2033 Royer &#8211; 3120QD\"}]},{\"@type\":\"WebSite\",\"@id\":\"https:\/\/autravail.ca\/#website\",\"url\":\"https:\/\/autravail.ca\/\",\"name\":\"Le Magasin Industriel\",\"description\":\"50 ans de tradition de s\u00e9curit\u00e9 au travail\",\"publisher\":{\"@id\":\"https:\/\/autravail.ca\/#organization\"},\"potentialAction\":[{\"@type\":\"SearchAction\",\"target\":{\"@type\":\"EntryPoint\",\"urlTemplate\":\"https:\/\/autravail.ca\/?s={search_term_string}\"},\"query-input\":{\"@type\":\"PropertyValueSpecification\",\"valueRequired\":true,\"valueName\":\"search_term_string\"}}],\"inLanguage\":\"en-CA\"},{\"@type\":\"Organization\",\"@id\":\"https:\/\/autravail.ca\/#organization\",\"name\":\"Le Magasin Industriel\",\"url\":\"https:\/\/autravail.ca\/\",\"logo\":{\"@type\":\"ImageObject\",\"inLanguage\":\"en-CA\",\"@id\":\"https:\/\/autravail.ca\/#\/schema\/logo\/image\/\",\"url\":\"https:\/\/autravail.ca\/wp-content\/uploads\/2025\/05\/cropped-magasin_industriel_120x.avif\",\"contentUrl\":\"https:\/\/autravail.ca\/wp-content\/uploads\/2025\/05\/cropped-magasin_industriel_120x.avif\",\"width\":120,\"height\":24,\"caption\":\"Le Magasin Industriel\"},\"image\":{\"@id\":\"https:\/\/autravail.ca\/#\/schema\/logo\/image\/\"},\"sameAs\":[\"https:\/\/www.facebook.com\/lemagasinindustriel\/?locale=fr_FR\"]}]}<\/script>\n<!-- \/ Yoast SEO plugin. -->","yoast_head_json":{"title":"Botte de travail 6\u2033 Royer - 3120QD - Le Magasin Industriel","description":"Botte de travail 6\u2033 Royer - 3120QD tout cuir brun, certifi\u00e9e CSA avec protection de l'embout en composite, semelle quatre densit\u00e9 et protecteur externe.","robots":{"index":"index","follow":"follow","max-snippet":"max-snippet:-1","max-image-preview":"max-image-preview:large","max-video-preview":"max-video-preview:-1"},"canonical":"https:\/\/autravail.ca\/en\/product\/botte-de-travail-6\u2033-royer-3120qd\/","og_locale":"en_US","og_type":"article","og_title":"Botte de travail 6\u2033 Royer - 3120QD - Le Magasin Industriel","og_description":"Botte de travail 6\u2033 Royer - 3120QD tout cuir brun, certifi\u00e9e CSA avec protection de l'embout en composite, semelle quatre densit\u00e9 et protecteur externe.","og_url":"https:\/\/autravail.ca\/en\/product\/botte-de-travail-6\u2033-royer-3120qd\/","og_site_name":"Le Magasin Industriel","article_publisher":"https:\/\/www.facebook.com\/lemagasinindustriel\/?locale=fr_FR","article_modified_time":"2026-02-14T16:04:02+00:00","og_image":[{"width":1000,"height":1000,"url":"https:\/\/autravail.ca\/wp-content\/uploads\/2025\/05\/3120QD_A01.jpg","type":"image\/jpeg"}],"twitter_card":"summary_large_image","twitter_misc":{"Est. reading time":"2 minutes"},"schema":{"@context":"https:\/\/schema.org","@graph":[{"@type":"WebPage","@id":"https:\/\/autravail.ca\/product\/botte-de-travail-6%e2%80%b3-royer-3120qd\/","url":"https:\/\/autravail.ca\/product\/botte-de-travail-6%e2%80%b3-royer-3120qd\/","name":"Botte de travail 6\u2033 Royer - 3120QD - Le Magasin Industriel","isPartOf":{"@id":"https:\/\/autravail.ca\/#website"},"primaryImageOfPage":{"@id":"https:\/\/autravail.ca\/product\/botte-de-travail-6%e2%80%b3-royer-3120qd\/#primaryimage"},"image":{"@id":"https:\/\/autravail.ca\/product\/botte-de-travail-6%e2%80%b3-royer-3120qd\/#primaryimage"},"thumbnailUrl":"https:\/\/autravail.ca\/wp-content\/uploads\/2025\/05\/3120QD_A01.jpg","datePublished":"2025-05-08T06:07:58+00:00","dateModified":"2026-02-14T16:04:02+00:00","description":"Botte de travail 6\u2033 Royer - 3120QD tout cuir brun, certifi\u00e9e CSA avec protection de l'embout en composite, semelle quatre densit\u00e9 et protecteur externe.","breadcrumb":{"@id":"https:\/\/autravail.ca\/product\/botte-de-travail-6%e2%80%b3-royer-3120qd\/#breadcrumb"},"inLanguage":"en-CA","potentialAction":[{"@type":"ReadAction","target":["https:\/\/autravail.ca\/product\/botte-de-travail-6%e2%80%b3-royer-3120qd\/"]}]},{"@type":"ImageObject","inLanguage":"en-CA","@id":"https:\/\/autravail.ca\/product\/botte-de-travail-6%e2%80%b3-royer-3120qd\/#primaryimage","url":"https:\/\/autravail.ca\/wp-content\/uploads\/2025\/05\/3120QD_A01.jpg","contentUrl":"https:\/\/autravail.ca\/wp-content\/uploads\/2025\/05\/3120QD_A01.jpg","width":1000,"height":1000,"caption":"Botte de travail 6\u2033 Royer - 3120QD"},{"@type":"BreadcrumbList","@id":"https:\/\/autravail.ca\/product\/botte-de-travail-6%e2%80%b3-royer-3120qd\/#breadcrumb","itemListElement":[{"@type":"ListItem","position":1,"name":"Accueil","item":"https:\/\/autravail.ca\/"},{"@type":"ListItem","position":2,"name":"Magasin","item":"https:\/\/autravail.ca\/en\/shop\/"},{"@type":"ListItem","position":3,"name":"Botte de travail 6\u2033 Royer &#8211; 3120QD"}]},{"@type":"WebSite","@id":"https:\/\/autravail.ca\/#website","url":"https:\/\/autravail.ca\/","name":"Le Magasin Industriel","description":"50 ans de tradition de s\u00e9curit\u00e9 au travail","publisher":{"@id":"https:\/\/autravail.ca\/#organization"},"potentialAction":[{"@type":"SearchAction","target":{"@type":"EntryPoint","urlTemplate":"https:\/\/autravail.ca\/?s={search_term_string}"},"query-input":{"@type":"PropertyValueSpecification","valueRequired":true,"valueName":"search_term_string"}}],"inLanguage":"en-CA"},{"@type":"Organization","@id":"https:\/\/autravail.ca\/#organization","name":"Le Magasin Industriel","url":"https:\/\/autravail.ca\/","logo":{"@type":"ImageObject","inLanguage":"en-CA","@id":"https:\/\/autravail.ca\/#\/schema\/logo\/image\/","url":"https:\/\/autravail.ca\/wp-content\/uploads\/2025\/05\/cropped-magasin_industriel_120x.avif","contentUrl":"https:\/\/autravail.ca\/wp-content\/uploads\/2025\/05\/cropped-magasin_industriel_120x.avif","width":120,"height":24,"caption":"Le Magasin Industriel"},"image":{"@id":"https:\/\/autravail.ca\/#\/schema\/logo\/image\/"},"sameAs":["https:\/\/www.facebook.com\/lemagasinindustriel\/?locale=fr_FR"]}]}},"jetpack_sharing_enabled":true,"_links":{"self":[{"href":"https:\/\/autravail.ca\/en\/wp-json\/wp\/v2\/product\/24548","targetHints":{"allow":["GET"]}}],"collection":[{"href":"https:\/\/autravail.ca\/en\/wp-json\/wp\/v2\/product"}],"about":[{"href":"https:\/\/autravail.ca\/en\/wp-json\/wp\/v2\/types\/product"}],"replies":[{"embeddable":true,"href":"https:\/\/autravail.ca\/en\/wp-json\/wp\/v2\/comments?post=24548"}],"wp:featuredmedia":[{"embeddable":true,"href":"https:\/\/autravail.ca\/en\/wp-json\/wp\/v2\/media\/6988"}],"wp:attachment":[{"href":"https:\/\/autravail.ca\/en\/wp-json\/wp\/v2\/media?parent=24548"}],"wp:term":[{"taxonomy":"product_cat","embeddable":true,"href":"https:\/\/autravail.ca\/en\/wp-json\/wp\/v2\/product_cat?post=24548"},{"taxonomy":"product_tag","embeddable":true,"href":"https:\/\/autravail.ca\/en\/wp-json\/wp\/v2\/product_tag?post=24548"}],"curies":[{"name":"wp","href":"https:\/\/api.w.org\/{rel}","templated":true}]}}