{"id":24519,"date":"2025-05-08T06:07:50","date_gmt":"2025-05-08T06:07:50","guid":{"rendered":"https:\/\/meteoquebec.ca\/?post_type=product&#038;p=24519"},"modified":"2026-01-08T14:55:08","modified_gmt":"2026-01-08T18:55:08","slug":"soulier-de-travail-royer-inspades-101sp","status":"publish","type":"product","link":"https:\/\/autravail.ca\/en\/product\/soulier-de-travail-royer-inspades-101sp\/","title":{"rendered":"Soulier de travail Royer &#8211; Inspades 101SP"},"content":{"rendered":"<h3>Soulier de travail Royer &#8211; Inspades 101SP<\/h3>\n<p>Soulier de travail <a href=\"https:\/\/autravail.ca\/en\/product-brand\/royer\/\">Royer<\/a> &#8211; Inspades 101SP est une chaussures pour hommes, homologu\u00e9es CSA, antid\u00e9rapantes et r\u00e9sistantes \u00e0 l&rsquo;huile, embout en acier, chaussures de travail<\/p>\n<div class=\"product-information-feature-header\">\n<h6 class=\"mb-4\"><span dir=\"auto\">Caract\u00e9ristiques du produit<\/span><\/h6>\n<\/div>\n<ul>\n<li style=\"list-style-type: none;\">\n<ul class=\"temp-feature-list royer-temp-feature-list\">\n<li><span dir=\"auto\">Doublure en maille<\/span><\/li>\n<li><span dir=\"auto\">semelle int\u00e9rieure en EVA<\/span><\/li>\n<li><span dir=\"auto\">Electrical Risks Protection<\/span><\/li>\n<li><span dir=\"auto\">Semelle interm\u00e9diaire en EVA avec semelle ext\u00e9rieure en caoutchouc r\u00e9sistant \u00e0 l&rsquo;huile<\/span><\/li>\n<li><span dir=\"auto\"><span dir=\"auto\">Steel Protection Bracket<\/span><\/span><\/li>\n<li><span dir=\"auto\"><span dir=\"auto\">Cuir pleine fleur<\/span><\/span><\/li>\n<li><span dir=\"auto\"><span dir=\"auto\">Chaussure Derby \u00e0 6 \u0153illets<\/span><\/span><\/li>\n<\/ul>\n<\/li>\n<\/ul>\n<h6 class=\"certs-header w-100\"><span dir=\"auto\">Certifications:<\/span><\/h6>\n<div class=\"cert-itm-wrapper\">\n<div class=\"cert-itm\">\n<div class=\"cert-logo-wrapper\"><img decoding=\"async\" src=\"https:\/\/royer.com\/cdn\/shop\/files\/CsaBlueRectangle_certifications_darkLogo.svg?v=1732734483&amp;width=64\" width=\"64\" height=\"auto\" \/><\/div>\n<div>\n<div class=\"cert-desc\"><span dir=\"auto\">Embout de protection certifi\u00e9 de classe 1 (CSA Z195-14) qui r\u00e9siste aux impacts jusqu&rsquo;\u00e0 125 joules<\/span><\/div>\n<\/div>\n<\/div>\n<div class=\"cert-itm\">\n<div class=\"cert-logo-wrapper\"><img decoding=\"async\" src=\"https:\/\/royer.com\/cdn\/shop\/files\/CsaOmegaRectangle_certifications_darkLogo.svg?v=1732284852&amp;width=64\" width=\"64\" height=\"auto\" \/><\/div>\n<div>\n<div class=\"cert-desc\"><span dir=\"auto\">(CSA Z195-14) Protection certifi\u00e9e contre les chocs \u00e9lectriques (18 kV \/ 60 Hz \/ 1 minute)<\/span><\/div>\n<\/div>\n<\/div>\n<div class=\"cert-itm\">\n<div class=\"cert-logo-wrapper\"><img decoding=\"async\" src=\"https:\/\/royer.com\/cdn\/shop\/files\/AstmI75_certifications_darkLogo.svg?v=1732284852&amp;width=64\" width=\"64\" height=\"32\" \/><\/div>\n<div>\n<div class=\"cert-desc\"><span dir=\"auto\">Embout de protection certifi\u00e9 (ASTM F2413-18) pouvant r\u00e9sister \u00e0 un impact de 75 pi-lbf (~100 Nm)<\/span><\/div>\n<\/div>\n<\/div>\n<div class=\"cert-itm\">\n<div class=\"cert-logo-wrapper\"><img decoding=\"async\" src=\"https:\/\/royer.com\/cdn\/shop\/files\/AstmC75_certifications_darkLogo.svg?v=1732284852&amp;width=64\" width=\"64\" height=\"32\" \/><\/div>\n<div>\n<div class=\"cert-desc\"><span dir=\"auto\">Embout de protection certifi\u00e9 (ASTM F2413-18) pouvant r\u00e9sister \u00e0 une compression de 2\u00a0500 lb (~\u00a01\u00a0135 kg)<\/span><\/div>\n<\/div>\n<\/div>\n<div class=\"cert-itm\">\n<div class=\"cert-logo-wrapper\"><img decoding=\"async\" src=\"https:\/\/royer.com\/cdn\/shop\/files\/AstmEH_certifications_darkLogo.svg?v=1732284852&amp;width=64\" width=\"64\" height=\"32\" \/><\/div>\n<div>\n<div class=\"cert-desc\"><span dir=\"auto\">(ASTM F2413-18) Protection certifi\u00e9e contre les chocs \u00e9lectriques (18 kV \/ 60 Hz \/ 1 minute)\u00a0<\/span><\/div>\n<\/div>\n<\/div>\n<\/div>\n<div><\/div>\n<p>Ce produit est con\u00e7u au Canada, il est le fruit de l&rsquo;expertise de notre \u00e9quipe Innovation. Chaque d\u00e9tail, des dessins techniques au d\u00e9veloppement des patrons, en passant par les tests et la certification, est g\u00e9r\u00e9 avec la plus grande attention par notre \u00e9quipe. En collaborant avec des fabricants \u00e9trangers de confiance, nous garantissons que chaque \u00e9tape de la production r\u00e9pond \u00e0 nos normes rigoureuses. Le r\u00e9sultat est un produit qui illustre la qualit\u00e9, la performance et le savoir-faire qui caract\u00e9risent Royer.<\/p>\n<p><em><span style=\"color: #fa0b0b;\">Unisex U.S. men's sizes presented. To convert to U.S. women's size, add 2 sizes. Example: 5 U.S. men = 7 U.S. women<\/span><\/em><\/p>\n<p><img loading=\"lazy\" decoding=\"async\" class=\"alignnone wp-image-40620\" src=\"https:\/\/autravail.ca\/wp-content\/uploads\/2025\/09\/Jachete-quebec-et-canada.jpg\" alt=\"Logo de l'achat local\" width=\"162\" height=\"139\" \/>Merci d&rsquo;encourager une entreprise 100% d&rsquo;ici!<\/p>\n<p>TS2601H<\/p>","protected":false},"excerpt":{"rendered":"<p>Soulier de travail Royer &#8211; Inspades 101SP Soulier de travail Royer &#8211; Inspades 101SP est une chaussures pour hommes, homologu\u00e9es CSA, antid\u00e9rapantes et r\u00e9sistantes \u00e0 l&rsquo;huile, embout en acier, chaussures de travail Caract\u00e9ristiques du produit Doublure en maille semelle int\u00e9rieure en EVA Protection contre les risques \u00e9lectriques Semelle interm\u00e9diaire en EVA avec semelle ext\u00e9rieure en [&hellip;]<\/p>","protected":false},"featured_media":6968,"comment_status":"open","ping_status":"closed","template":"","meta":[],"product_cat":[602,619,617],"product_tag":[255,242,256,257],"class_list":{"0":"post-24519","1":"product","2":"type-product","3":"status-publish","4":"has-post-thumbnail","6":"product_brand-royer","7":"product_cat-hommes","8":"product_cat-souliers-de-travail","9":"product_cat-souliers-de-travail-femme","10":"product_tag-femme","11":"product_tag-homme","12":"product_tag-meta-related-collection-test-rel","13":"product_tag-souliers-de-travail","15":"first","16":"instock","17":"sale","18":"taxable","19":"shipping-taxable","20":"purchasable","21":"product-type-variable"},"yoast_head":"<!-- This site is optimized with the Yoast SEO plugin v25.3.1 - https:\/\/yoast.com\/wordpress\/plugins\/seo\/ -->\n<title>Soulier de travail Royer - Inspades 101SP - Le Magasin Industriel<\/title>\n<meta name=\"description\" content=\"Soulier de travail Royer - Inspades 101SP chaussure pour homme homologu\u00e9es CSA antid\u00e9rapantes et r\u00e9sistante \u00e0 l&#039;huile, embout en acier\" \/>\n<meta name=\"robots\" content=\"index, follow, max-snippet:-1, max-image-preview:large, max-video-preview:-1\" \/>\n<link rel=\"canonical\" href=\"https:\/\/autravail.ca\/en\/product\/soulier-de-travail-royer-inspades-101sp\/\" \/>\n<meta property=\"og:locale\" content=\"en_US\" \/>\n<meta property=\"og:type\" content=\"article\" \/>\n<meta property=\"og:title\" content=\"Soulier de travail Royer - Inspades 101SP - Le Magasin Industriel\" \/>\n<meta property=\"og:description\" content=\"Soulier de travail Royer - Inspades 101SP chaussure pour homme homologu\u00e9es CSA antid\u00e9rapantes et r\u00e9sistante \u00e0 l&#039;huile, embout en acier\" \/>\n<meta property=\"og:url\" content=\"https:\/\/autravail.ca\/en\/product\/soulier-de-travail-royer-inspades-101sp\/\" \/>\n<meta property=\"og:site_name\" content=\"Le Magasin Industriel\" \/>\n<meta property=\"article:publisher\" content=\"https:\/\/www.facebook.com\/lemagasinindustriel\/?locale=fr_FR\" \/>\n<meta property=\"article:modified_time\" content=\"2026-01-08T18:55:08+00:00\" \/>\n<meta property=\"og:image\" content=\"https:\/\/autravail.ca\/wp-content\/uploads\/2025\/05\/101SP_A01.jpg\" \/>\n\t<meta property=\"og:image:width\" content=\"1000\" \/>\n\t<meta property=\"og:image:height\" content=\"1000\" \/>\n\t<meta property=\"og:image:type\" content=\"image\/jpeg\" \/>\n<meta name=\"twitter:card\" content=\"summary_large_image\" \/>\n<meta name=\"twitter:label1\" content=\"Est. reading time\" \/>\n\t<meta name=\"twitter:data1\" content=\"3 minutes\" \/>\n<script type=\"application\/ld+json\" class=\"yoast-schema-graph\">{\"@context\":\"https:\/\/schema.org\",\"@graph\":[{\"@type\":\"WebPage\",\"@id\":\"https:\/\/autravail.ca\/product\/soulier-de-travail-royer-inspades-101sp\/\",\"url\":\"https:\/\/autravail.ca\/product\/soulier-de-travail-royer-inspades-101sp\/\",\"name\":\"Soulier de travail Royer - Inspades 101SP - Le Magasin Industriel\",\"isPartOf\":{\"@id\":\"https:\/\/autravail.ca\/#website\"},\"primaryImageOfPage\":{\"@id\":\"https:\/\/autravail.ca\/product\/soulier-de-travail-royer-inspades-101sp\/#primaryimage\"},\"image\":{\"@id\":\"https:\/\/autravail.ca\/product\/soulier-de-travail-royer-inspades-101sp\/#primaryimage\"},\"thumbnailUrl\":\"https:\/\/autravail.ca\/wp-content\/uploads\/2025\/05\/101SP_A01.jpg\",\"datePublished\":\"2025-05-08T06:07:50+00:00\",\"dateModified\":\"2026-01-08T18:55:08+00:00\",\"description\":\"Soulier de travail Royer - Inspades 101SP chaussure pour homme homologu\u00e9es CSA antid\u00e9rapantes et r\u00e9sistante \u00e0 l'huile, embout en acier\",\"breadcrumb\":{\"@id\":\"https:\/\/autravail.ca\/product\/soulier-de-travail-royer-inspades-101sp\/#breadcrumb\"},\"inLanguage\":\"en-CA\",\"potentialAction\":[{\"@type\":\"ReadAction\",\"target\":[\"https:\/\/autravail.ca\/product\/soulier-de-travail-royer-inspades-101sp\/\"]}]},{\"@type\":\"ImageObject\",\"inLanguage\":\"en-CA\",\"@id\":\"https:\/\/autravail.ca\/product\/soulier-de-travail-royer-inspades-101sp\/#primaryimage\",\"url\":\"https:\/\/autravail.ca\/wp-content\/uploads\/2025\/05\/101SP_A01.jpg\",\"contentUrl\":\"https:\/\/autravail.ca\/wp-content\/uploads\/2025\/05\/101SP_A01.jpg\",\"width\":1000,\"height\":1000},{\"@type\":\"BreadcrumbList\",\"@id\":\"https:\/\/autravail.ca\/product\/soulier-de-travail-royer-inspades-101sp\/#breadcrumb\",\"itemListElement\":[{\"@type\":\"ListItem\",\"position\":1,\"name\":\"Accueil\",\"item\":\"https:\/\/autravail.ca\/\"},{\"@type\":\"ListItem\",\"position\":2,\"name\":\"Magasin\",\"item\":\"https:\/\/autravail.ca\/en\/shop\/\"},{\"@type\":\"ListItem\",\"position\":3,\"name\":\"Soulier de travail Royer &#8211; Inspades 101SP\"}]},{\"@type\":\"WebSite\",\"@id\":\"https:\/\/autravail.ca\/#website\",\"url\":\"https:\/\/autravail.ca\/\",\"name\":\"Le Magasin Industriel\",\"description\":\"50 ans de tradition de s\u00e9curit\u00e9 au travail\",\"publisher\":{\"@id\":\"https:\/\/autravail.ca\/#organization\"},\"potentialAction\":[{\"@type\":\"SearchAction\",\"target\":{\"@type\":\"EntryPoint\",\"urlTemplate\":\"https:\/\/autravail.ca\/?s={search_term_string}\"},\"query-input\":{\"@type\":\"PropertyValueSpecification\",\"valueRequired\":true,\"valueName\":\"search_term_string\"}}],\"inLanguage\":\"en-CA\"},{\"@type\":\"Organization\",\"@id\":\"https:\/\/autravail.ca\/#organization\",\"name\":\"Le Magasin Industriel\",\"url\":\"https:\/\/autravail.ca\/\",\"logo\":{\"@type\":\"ImageObject\",\"inLanguage\":\"en-CA\",\"@id\":\"https:\/\/autravail.ca\/#\/schema\/logo\/image\/\",\"url\":\"https:\/\/autravail.ca\/wp-content\/uploads\/2025\/05\/cropped-magasin_industriel_120x.avif\",\"contentUrl\":\"https:\/\/autravail.ca\/wp-content\/uploads\/2025\/05\/cropped-magasin_industriel_120x.avif\",\"width\":120,\"height\":24,\"caption\":\"Le Magasin Industriel\"},\"image\":{\"@id\":\"https:\/\/autravail.ca\/#\/schema\/logo\/image\/\"},\"sameAs\":[\"https:\/\/www.facebook.com\/lemagasinindustriel\/?locale=fr_FR\"]}]}<\/script>\n<!-- \/ Yoast SEO plugin. -->","yoast_head_json":{"title":"Soulier de travail Royer - Inspades 101SP - Le Magasin Industriel","description":"Soulier de travail Royer - Inspades 101SP chaussure pour homme homologu\u00e9es CSA antid\u00e9rapantes et r\u00e9sistante \u00e0 l'huile, embout en acier","robots":{"index":"index","follow":"follow","max-snippet":"max-snippet:-1","max-image-preview":"max-image-preview:large","max-video-preview":"max-video-preview:-1"},"canonical":"https:\/\/autravail.ca\/en\/product\/soulier-de-travail-royer-inspades-101sp\/","og_locale":"en_US","og_type":"article","og_title":"Soulier de travail Royer - Inspades 101SP - Le Magasin Industriel","og_description":"Soulier de travail Royer - Inspades 101SP chaussure pour homme homologu\u00e9es CSA antid\u00e9rapantes et r\u00e9sistante \u00e0 l'huile, embout en acier","og_url":"https:\/\/autravail.ca\/en\/product\/soulier-de-travail-royer-inspades-101sp\/","og_site_name":"Le Magasin Industriel","article_publisher":"https:\/\/www.facebook.com\/lemagasinindustriel\/?locale=fr_FR","article_modified_time":"2026-01-08T18:55:08+00:00","og_image":[{"width":1000,"height":1000,"url":"https:\/\/autravail.ca\/wp-content\/uploads\/2025\/05\/101SP_A01.jpg","type":"image\/jpeg"}],"twitter_card":"summary_large_image","twitter_misc":{"Est. reading time":"3 minutes"},"schema":{"@context":"https:\/\/schema.org","@graph":[{"@type":"WebPage","@id":"https:\/\/autravail.ca\/product\/soulier-de-travail-royer-inspades-101sp\/","url":"https:\/\/autravail.ca\/product\/soulier-de-travail-royer-inspades-101sp\/","name":"Soulier de travail Royer - Inspades 101SP - Le Magasin Industriel","isPartOf":{"@id":"https:\/\/autravail.ca\/#website"},"primaryImageOfPage":{"@id":"https:\/\/autravail.ca\/product\/soulier-de-travail-royer-inspades-101sp\/#primaryimage"},"image":{"@id":"https:\/\/autravail.ca\/product\/soulier-de-travail-royer-inspades-101sp\/#primaryimage"},"thumbnailUrl":"https:\/\/autravail.ca\/wp-content\/uploads\/2025\/05\/101SP_A01.jpg","datePublished":"2025-05-08T06:07:50+00:00","dateModified":"2026-01-08T18:55:08+00:00","description":"Soulier de travail Royer - Inspades 101SP chaussure pour homme homologu\u00e9es CSA antid\u00e9rapantes et r\u00e9sistante \u00e0 l'huile, embout en acier","breadcrumb":{"@id":"https:\/\/autravail.ca\/product\/soulier-de-travail-royer-inspades-101sp\/#breadcrumb"},"inLanguage":"en-CA","potentialAction":[{"@type":"ReadAction","target":["https:\/\/autravail.ca\/product\/soulier-de-travail-royer-inspades-101sp\/"]}]},{"@type":"ImageObject","inLanguage":"en-CA","@id":"https:\/\/autravail.ca\/product\/soulier-de-travail-royer-inspades-101sp\/#primaryimage","url":"https:\/\/autravail.ca\/wp-content\/uploads\/2025\/05\/101SP_A01.jpg","contentUrl":"https:\/\/autravail.ca\/wp-content\/uploads\/2025\/05\/101SP_A01.jpg","width":1000,"height":1000},{"@type":"BreadcrumbList","@id":"https:\/\/autravail.ca\/product\/soulier-de-travail-royer-inspades-101sp\/#breadcrumb","itemListElement":[{"@type":"ListItem","position":1,"name":"Accueil","item":"https:\/\/autravail.ca\/"},{"@type":"ListItem","position":2,"name":"Magasin","item":"https:\/\/autravail.ca\/en\/shop\/"},{"@type":"ListItem","position":3,"name":"Soulier de travail Royer &#8211; Inspades 101SP"}]},{"@type":"WebSite","@id":"https:\/\/autravail.ca\/#website","url":"https:\/\/autravail.ca\/","name":"Le Magasin Industriel","description":"50 ans de tradition de s\u00e9curit\u00e9 au travail","publisher":{"@id":"https:\/\/autravail.ca\/#organization"},"potentialAction":[{"@type":"SearchAction","target":{"@type":"EntryPoint","urlTemplate":"https:\/\/autravail.ca\/?s={search_term_string}"},"query-input":{"@type":"PropertyValueSpecification","valueRequired":true,"valueName":"search_term_string"}}],"inLanguage":"en-CA"},{"@type":"Organization","@id":"https:\/\/autravail.ca\/#organization","name":"Le Magasin Industriel","url":"https:\/\/autravail.ca\/","logo":{"@type":"ImageObject","inLanguage":"en-CA","@id":"https:\/\/autravail.ca\/#\/schema\/logo\/image\/","url":"https:\/\/autravail.ca\/wp-content\/uploads\/2025\/05\/cropped-magasin_industriel_120x.avif","contentUrl":"https:\/\/autravail.ca\/wp-content\/uploads\/2025\/05\/cropped-magasin_industriel_120x.avif","width":120,"height":24,"caption":"Le Magasin Industriel"},"image":{"@id":"https:\/\/autravail.ca\/#\/schema\/logo\/image\/"},"sameAs":["https:\/\/www.facebook.com\/lemagasinindustriel\/?locale=fr_FR"]}]}},"jetpack_sharing_enabled":true,"_links":{"self":[{"href":"https:\/\/autravail.ca\/en\/wp-json\/wp\/v2\/product\/24519","targetHints":{"allow":["GET"]}}],"collection":[{"href":"https:\/\/autravail.ca\/en\/wp-json\/wp\/v2\/product"}],"about":[{"href":"https:\/\/autravail.ca\/en\/wp-json\/wp\/v2\/types\/product"}],"replies":[{"embeddable":true,"href":"https:\/\/autravail.ca\/en\/wp-json\/wp\/v2\/comments?post=24519"}],"wp:featuredmedia":[{"embeddable":true,"href":"https:\/\/autravail.ca\/en\/wp-json\/wp\/v2\/media\/6968"}],"wp:attachment":[{"href":"https:\/\/autravail.ca\/en\/wp-json\/wp\/v2\/media?parent=24519"}],"wp:term":[{"taxonomy":"product_cat","embeddable":true,"href":"https:\/\/autravail.ca\/en\/wp-json\/wp\/v2\/product_cat?post=24519"},{"taxonomy":"product_tag","embeddable":true,"href":"https:\/\/autravail.ca\/en\/wp-json\/wp\/v2\/product_tag?post=24519"}],"curies":[{"name":"wp","href":"https:\/\/api.w.org\/{rel}","templated":true}]}}