{"id":24460,"date":"2025-05-08T06:07:37","date_gmt":"2025-05-08T06:07:37","guid":{"rendered":"https:\/\/meteoquebec.ca\/?post_type=product&#038;p=24460"},"modified":"2026-04-08T13:18:08","modified_gmt":"2026-04-08T17:18:08","slug":"couvre-tout-en-twill-837","status":"publish","type":"product","link":"https:\/\/autravail.ca\/en\/product\/couvre-tout-en-twill-837\/","title":{"rendered":"Couvre-tout en Twill &#8211; 837"},"content":{"rendered":"<h3>Couvre-tout en Twill &#8211; 837<\/h3>\n<p>Couvre-tout en Twill &#8211; 837 de <a href=\"https:\/\/autravail.ca\/en\/product-brand\/Big-bill\/\">Big Bill<\/a> est une combinaison isolante en serg\u00e9 haut de gamme est con\u00e7ue pour les conditions hivernales et les travaux difficiles. Sa doublure matelass\u00e9e en polyester vous garde au chaud, tandis que son tissu ext\u00e9rieur en serg\u00e9 r\u00e9sistant de 213 g\/m\u00b2 (7,5 oz) est extr\u00eamement durable. Des d\u00e9tails fonctionnels comme les coutures doubles, les fermetures \u00e9clair robustes et le dos t\u00e9lescopique assurent confort et libert\u00e9 de mouvement.<\/p>\n<h6>Characteristics:<\/h6>\n<p>&nbsp;<\/p>\n<ul>\n<li><span dir=\"auto\">2 poches poitrine avant<\/span><\/li>\n<li><span dir=\"auto\">Compartiment pour crayon dans la poche poitrine gauche<\/span><\/li>\n<li><span dir=\"auto\">Ouvertures lat\u00e9rales \u00e0 la taille<\/span><\/li>\n<li><span dir=\"auto\">2 grandes poches obliques \u00e0 la taille<\/span><\/li>\n<li><span dir=\"auto\">2 grandes poches arri\u00e8re<\/span><\/li>\n<li><span dir=\"auto\">Fermeture \u00e9clair frontale dissimul\u00e9e en laiton \u00e0 double sens<\/span><\/li>\n<li><span dir=\"auto\">Fermeture \u00e9clair unidirectionnelle en laiton au niveau de la jambe<\/span><\/li>\n<li><span dir=\"auto\">Boutons-pression YKK\u00ae en laiton nickel\u00e9<\/span><\/li>\n<li><span dir=\"auto\">Fermeture \u00e0 pression sur le col<\/span><\/li>\n<li><span dir=\"auto\">Dos t\u00e9lescopique<\/span><\/li>\n<li><span dir=\"auto\">Points d&rsquo;arr\u00eat renforc\u00e9s \u00e0 tous les points de tension<\/span><\/li>\n<li><span dir=\"auto\">Garnissage matelass\u00e9 100 % polyester avec doublure en nylon<\/span><\/li>\n<li><span dir=\"auto\">teinture longue dur\u00e9e<\/span><\/li>\n<li><span dir=\"auto\">Entretien\u00a0: Lavage industriel<\/span><\/li>\n<\/ul>\n<h6 class=\"h5 specifications-title\"><span dir=\"auto\">Tissu<\/span><\/h6>\n<p class=\"specifications-value\"><span dir=\"auto\">Serg\u00e9 7,5 oz, 65 % polyester \/ 35 % coton, trait\u00e9 avec une teinture longue dur\u00e9e pour r\u00e9sister aux lavages industriels<\/span><\/p>\n<h6 class=\"h5 specifications-title\"><span dir=\"auto\">Isolation<\/span><\/h6>\n<ul class=\"specifications-value specifications-list\">\n<li><span dir=\"auto\">Doublure matelass\u00e9e : Garnissage 100 % polyester, doublure 100 % nylon<\/span><\/li>\n<\/ul>\n<h6 class=\"h5 specifications-title\"><span dir=\"auto\">Soins<\/span><\/h6>\n<p class=\"specifications-value\"><span dir=\"auto\">blanchisserie industrielle<\/span><\/p>\n<p><img decoding=\"async\" class=\"alignnone wp-image-40620\" src=\"https:\/\/autravail.ca\/wp-content\/uploads\/2025\/09\/Jachete-quebec-et-canada.jpg\" alt=\"Logo de l'achat local\" width=\"162\" height=\"139\" \/>Merci d&rsquo;encourager une entreprise 100% d&rsquo;ici!<\/p>\n<p>TS2604H<\/p>\n<p>&nbsp;<\/p>","protected":false},"excerpt":{"rendered":"<p>Couvre-tout en Twill &#8211; 837 Couvre-tout en Twill &#8211; 837 de Big Bill est une combinaison isolante en serg\u00e9 haut de gamme est con\u00e7ue pour les conditions hivernales et les travaux difficiles. Sa doublure matelass\u00e9e en polyester vous garde au chaud, tandis que son tissu ext\u00e9rieur en serg\u00e9 r\u00e9sistant de 213 g\/m\u00b2 (7,5 oz) est [&hellip;]<\/p>","protected":false},"featured_media":6903,"comment_status":"open","ping_status":"closed","template":"","meta":[],"product_cat":[611,602,604],"product_tag":[241,242],"class_list":{"0":"post-24460","1":"product","2":"type-product","3":"status-publish","4":"has-post-thumbnail","6":"product_brand-big-bill","7":"product_cat-combinaisons","8":"product_cat-hommes","9":"product_cat-vetements-de-travail","10":"product_tag-couvre-tout","11":"product_tag-homme","13":"first","14":"instock","15":"taxable","16":"shipping-taxable","17":"purchasable","18":"product-type-variable"},"yoast_head":"<!-- This site is optimized with the Yoast SEO plugin v25.3.1 - https:\/\/yoast.com\/wordpress\/plugins\/seo\/ -->\n<title>Couvre-tout en Twill - 837 - Le Magasin Industriel<\/title>\n<meta name=\"description\" content=\"Couvre-tout en Twill - 837 solante en serg\u00e9 haut de gamme est con\u00e7ue pour les conditions hivernales et les travaux difficiles\" \/>\n<meta name=\"robots\" content=\"index, follow, max-snippet:-1, max-image-preview:large, max-video-preview:-1\" \/>\n<link rel=\"canonical\" href=\"https:\/\/autravail.ca\/en\/product\/couvre-tout-en-twill-837\/\" \/>\n<meta property=\"og:locale\" content=\"en_US\" \/>\n<meta property=\"og:type\" content=\"article\" \/>\n<meta property=\"og:title\" content=\"Couvre-tout en Twill - 837 - Le Magasin Industriel\" \/>\n<meta property=\"og:description\" content=\"Couvre-tout en Twill - 837 solante en serg\u00e9 haut de gamme est con\u00e7ue pour les conditions hivernales et les travaux difficiles\" \/>\n<meta property=\"og:url\" content=\"https:\/\/autravail.ca\/en\/product\/couvre-tout-en-twill-837\/\" \/>\n<meta property=\"og:site_name\" content=\"Le Magasin Industriel\" \/>\n<meta property=\"article:publisher\" content=\"https:\/\/www.facebook.com\/lemagasinindustriel\/?locale=fr_FR\" \/>\n<meta property=\"article:modified_time\" content=\"2026-04-08T17:18:08+00:00\" \/>\n<meta property=\"og:image\" content=\"https:\/\/autravail.ca\/wp-content\/uploads\/2025\/05\/837_NAY_A01.jpg\" \/>\n\t<meta property=\"og:image:width\" content=\"1000\" \/>\n\t<meta property=\"og:image:height\" content=\"1000\" \/>\n\t<meta property=\"og:image:type\" content=\"image\/jpeg\" \/>\n<meta name=\"twitter:card\" content=\"summary_large_image\" \/>\n<meta name=\"twitter:label1\" content=\"Est. reading time\" \/>\n\t<meta name=\"twitter:data1\" content=\"2 minutes\" \/>\n<script type=\"application\/ld+json\" class=\"yoast-schema-graph\">{\"@context\":\"https:\/\/schema.org\",\"@graph\":[{\"@type\":\"WebPage\",\"@id\":\"https:\/\/autravail.ca\/product\/couvre-tout-en-twill-837\/\",\"url\":\"https:\/\/autravail.ca\/product\/couvre-tout-en-twill-837\/\",\"name\":\"Couvre-tout en Twill - 837 - Le Magasin Industriel\",\"isPartOf\":{\"@id\":\"https:\/\/autravail.ca\/#website\"},\"primaryImageOfPage\":{\"@id\":\"https:\/\/autravail.ca\/product\/couvre-tout-en-twill-837\/#primaryimage\"},\"image\":{\"@id\":\"https:\/\/autravail.ca\/product\/couvre-tout-en-twill-837\/#primaryimage\"},\"thumbnailUrl\":\"https:\/\/autravail.ca\/wp-content\/uploads\/2025\/05\/837_NAY_A01.jpg\",\"datePublished\":\"2025-05-08T06:07:37+00:00\",\"dateModified\":\"2026-04-08T17:18:08+00:00\",\"description\":\"Couvre-tout en Twill - 837 solante en serg\u00e9 haut de gamme est con\u00e7ue pour les conditions hivernales et les travaux difficiles\",\"breadcrumb\":{\"@id\":\"https:\/\/autravail.ca\/product\/couvre-tout-en-twill-837\/#breadcrumb\"},\"inLanguage\":\"en-CA\",\"potentialAction\":[{\"@type\":\"ReadAction\",\"target\":[\"https:\/\/autravail.ca\/product\/couvre-tout-en-twill-837\/\"]}]},{\"@type\":\"ImageObject\",\"inLanguage\":\"en-CA\",\"@id\":\"https:\/\/autravail.ca\/product\/couvre-tout-en-twill-837\/#primaryimage\",\"url\":\"https:\/\/autravail.ca\/wp-content\/uploads\/2025\/05\/837_NAY_A01.jpg\",\"contentUrl\":\"https:\/\/autravail.ca\/wp-content\/uploads\/2025\/05\/837_NAY_A01.jpg\",\"width\":1000,\"height\":1000,\"caption\":\"Couvre-tout en Twill - 837\"},{\"@type\":\"BreadcrumbList\",\"@id\":\"https:\/\/autravail.ca\/product\/couvre-tout-en-twill-837\/#breadcrumb\",\"itemListElement\":[{\"@type\":\"ListItem\",\"position\":1,\"name\":\"Accueil\",\"item\":\"https:\/\/autravail.ca\/\"},{\"@type\":\"ListItem\",\"position\":2,\"name\":\"Magasin\",\"item\":\"https:\/\/autravail.ca\/en\/shop\/\"},{\"@type\":\"ListItem\",\"position\":3,\"name\":\"Couvre-tout en Twill &#8211; 837\"}]},{\"@type\":\"WebSite\",\"@id\":\"https:\/\/autravail.ca\/#website\",\"url\":\"https:\/\/autravail.ca\/\",\"name\":\"Le Magasin Industriel\",\"description\":\"50 ans de tradition de s\u00e9curit\u00e9 au travail\",\"publisher\":{\"@id\":\"https:\/\/autravail.ca\/#organization\"},\"potentialAction\":[{\"@type\":\"SearchAction\",\"target\":{\"@type\":\"EntryPoint\",\"urlTemplate\":\"https:\/\/autravail.ca\/?s={search_term_string}\"},\"query-input\":{\"@type\":\"PropertyValueSpecification\",\"valueRequired\":true,\"valueName\":\"search_term_string\"}}],\"inLanguage\":\"en-CA\"},{\"@type\":\"Organization\",\"@id\":\"https:\/\/autravail.ca\/#organization\",\"name\":\"Le Magasin Industriel\",\"url\":\"https:\/\/autravail.ca\/\",\"logo\":{\"@type\":\"ImageObject\",\"inLanguage\":\"en-CA\",\"@id\":\"https:\/\/autravail.ca\/#\/schema\/logo\/image\/\",\"url\":\"https:\/\/autravail.ca\/wp-content\/uploads\/2025\/05\/cropped-magasin_industriel_120x.avif\",\"contentUrl\":\"https:\/\/autravail.ca\/wp-content\/uploads\/2025\/05\/cropped-magasin_industriel_120x.avif\",\"width\":120,\"height\":24,\"caption\":\"Le Magasin Industriel\"},\"image\":{\"@id\":\"https:\/\/autravail.ca\/#\/schema\/logo\/image\/\"},\"sameAs\":[\"https:\/\/www.facebook.com\/lemagasinindustriel\/?locale=fr_FR\"]}]}<\/script>\n<!-- \/ Yoast SEO plugin. -->","yoast_head_json":{"title":"Couvre-tout en Twill - 837 - Le Magasin Industriel","description":"Couvre-tout en Twill - 837 solante en serg\u00e9 haut de gamme est con\u00e7ue pour les conditions hivernales et les travaux difficiles","robots":{"index":"index","follow":"follow","max-snippet":"max-snippet:-1","max-image-preview":"max-image-preview:large","max-video-preview":"max-video-preview:-1"},"canonical":"https:\/\/autravail.ca\/en\/product\/couvre-tout-en-twill-837\/","og_locale":"en_US","og_type":"article","og_title":"Couvre-tout en Twill - 837 - Le Magasin Industriel","og_description":"Couvre-tout en Twill - 837 solante en serg\u00e9 haut de gamme est con\u00e7ue pour les conditions hivernales et les travaux difficiles","og_url":"https:\/\/autravail.ca\/en\/product\/couvre-tout-en-twill-837\/","og_site_name":"Le Magasin Industriel","article_publisher":"https:\/\/www.facebook.com\/lemagasinindustriel\/?locale=fr_FR","article_modified_time":"2026-04-08T17:18:08+00:00","og_image":[{"width":1000,"height":1000,"url":"https:\/\/autravail.ca\/wp-content\/uploads\/2025\/05\/837_NAY_A01.jpg","type":"image\/jpeg"}],"twitter_card":"summary_large_image","twitter_misc":{"Est. reading time":"2 minutes"},"schema":{"@context":"https:\/\/schema.org","@graph":[{"@type":"WebPage","@id":"https:\/\/autravail.ca\/product\/couvre-tout-en-twill-837\/","url":"https:\/\/autravail.ca\/product\/couvre-tout-en-twill-837\/","name":"Couvre-tout en Twill - 837 - Le Magasin Industriel","isPartOf":{"@id":"https:\/\/autravail.ca\/#website"},"primaryImageOfPage":{"@id":"https:\/\/autravail.ca\/product\/couvre-tout-en-twill-837\/#primaryimage"},"image":{"@id":"https:\/\/autravail.ca\/product\/couvre-tout-en-twill-837\/#primaryimage"},"thumbnailUrl":"https:\/\/autravail.ca\/wp-content\/uploads\/2025\/05\/837_NAY_A01.jpg","datePublished":"2025-05-08T06:07:37+00:00","dateModified":"2026-04-08T17:18:08+00:00","description":"Couvre-tout en Twill - 837 solante en serg\u00e9 haut de gamme est con\u00e7ue pour les conditions hivernales et les travaux difficiles","breadcrumb":{"@id":"https:\/\/autravail.ca\/product\/couvre-tout-en-twill-837\/#breadcrumb"},"inLanguage":"en-CA","potentialAction":[{"@type":"ReadAction","target":["https:\/\/autravail.ca\/product\/couvre-tout-en-twill-837\/"]}]},{"@type":"ImageObject","inLanguage":"en-CA","@id":"https:\/\/autravail.ca\/product\/couvre-tout-en-twill-837\/#primaryimage","url":"https:\/\/autravail.ca\/wp-content\/uploads\/2025\/05\/837_NAY_A01.jpg","contentUrl":"https:\/\/autravail.ca\/wp-content\/uploads\/2025\/05\/837_NAY_A01.jpg","width":1000,"height":1000,"caption":"Couvre-tout en Twill - 837"},{"@type":"BreadcrumbList","@id":"https:\/\/autravail.ca\/product\/couvre-tout-en-twill-837\/#breadcrumb","itemListElement":[{"@type":"ListItem","position":1,"name":"Accueil","item":"https:\/\/autravail.ca\/"},{"@type":"ListItem","position":2,"name":"Magasin","item":"https:\/\/autravail.ca\/en\/shop\/"},{"@type":"ListItem","position":3,"name":"Couvre-tout en Twill &#8211; 837"}]},{"@type":"WebSite","@id":"https:\/\/autravail.ca\/#website","url":"https:\/\/autravail.ca\/","name":"Le Magasin Industriel","description":"50 ans de tradition de s\u00e9curit\u00e9 au travail","publisher":{"@id":"https:\/\/autravail.ca\/#organization"},"potentialAction":[{"@type":"SearchAction","target":{"@type":"EntryPoint","urlTemplate":"https:\/\/autravail.ca\/?s={search_term_string}"},"query-input":{"@type":"PropertyValueSpecification","valueRequired":true,"valueName":"search_term_string"}}],"inLanguage":"en-CA"},{"@type":"Organization","@id":"https:\/\/autravail.ca\/#organization","name":"Le Magasin Industriel","url":"https:\/\/autravail.ca\/","logo":{"@type":"ImageObject","inLanguage":"en-CA","@id":"https:\/\/autravail.ca\/#\/schema\/logo\/image\/","url":"https:\/\/autravail.ca\/wp-content\/uploads\/2025\/05\/cropped-magasin_industriel_120x.avif","contentUrl":"https:\/\/autravail.ca\/wp-content\/uploads\/2025\/05\/cropped-magasin_industriel_120x.avif","width":120,"height":24,"caption":"Le Magasin Industriel"},"image":{"@id":"https:\/\/autravail.ca\/#\/schema\/logo\/image\/"},"sameAs":["https:\/\/www.facebook.com\/lemagasinindustriel\/?locale=fr_FR"]}]}},"jetpack_sharing_enabled":true,"_links":{"self":[{"href":"https:\/\/autravail.ca\/en\/wp-json\/wp\/v2\/product\/24460","targetHints":{"allow":["GET"]}}],"collection":[{"href":"https:\/\/autravail.ca\/en\/wp-json\/wp\/v2\/product"}],"about":[{"href":"https:\/\/autravail.ca\/en\/wp-json\/wp\/v2\/types\/product"}],"replies":[{"embeddable":true,"href":"https:\/\/autravail.ca\/en\/wp-json\/wp\/v2\/comments?post=24460"}],"wp:featuredmedia":[{"embeddable":true,"href":"https:\/\/autravail.ca\/en\/wp-json\/wp\/v2\/media\/6903"}],"wp:attachment":[{"href":"https:\/\/autravail.ca\/en\/wp-json\/wp\/v2\/media?parent=24460"}],"wp:term":[{"taxonomy":"product_cat","embeddable":true,"href":"https:\/\/autravail.ca\/en\/wp-json\/wp\/v2\/product_cat?post=24460"},{"taxonomy":"product_tag","embeddable":true,"href":"https:\/\/autravail.ca\/en\/wp-json\/wp\/v2\/product_tag?post=24460"}],"curies":[{"name":"wp","href":"https:\/\/api.w.org\/{rel}","templated":true}]}}