{"id":24429,"date":"2025-05-08T06:07:28","date_gmt":"2025-05-08T06:07:28","guid":{"rendered":"https:\/\/meteoquebec.ca\/?post_type=product&#038;p=24429"},"modified":"2026-04-08T13:12:39","modified_gmt":"2026-04-08T17:12:39","slug":"couvre-tout-en-duck-804","status":"publish","type":"product","link":"https:\/\/autravail.ca\/en\/product\/couvre-tout-en-duck-804\/","title":{"rendered":"Couvre-tout en Duck &#8211; 804"},"content":{"rendered":"<h3>Couvre-tout en Duck &#8211; 804<\/h3>\n<p>Couvre-tout en Duck &#8211; 804 de <a href=\"https:\/\/autravail.ca\/en\/product-brand\/Big-bill\/\">Big Bill<\/a> est con\u00e7ue pour une protection int\u00e9grale du corps par grand froid. Fabriqu\u00e9e en toile de coton robuste et dot\u00e9e d&rsquo;une doublure matelass\u00e9e Fortrel, elle offre une chaleur durable et une r\u00e9sistance \u00e0 toute \u00e9preuve. Con\u00e7ue pour les longues heures pass\u00e9es en ext\u00e9rieur, cette combinaison assure une isolation fiable, une solidit\u00e9 renforc\u00e9e et une coupe confortable qui vous permet de bouger librement quelles que soient les conditions climatiques.<\/p>\n<h6>Characteristics:<\/h6>\n<ul>\n<li><span dir=\"auto\">2 poches poitrine avant munies de fermetures \u00e9clair s\u00e9curis\u00e9es<\/span><\/li>\n<li><span dir=\"auto\">Poches poitrine avant avec fermeture \u00e9clair en laiton<\/span><\/li>\n<li><span dir=\"auto\">2 grandes poches plaqu\u00e9es en bas avec fermeture \u00e9clair en laiton toutes munies de fermetures \u00e9clair s\u00e9curis\u00e9es<\/span><\/li>\n<li><span dir=\"auto\">Fermeture \u00e9clair dissimul\u00e9e \u00e0 double curseur en laiton sur le devant, fermeture \u00e9clair en laiton sur la jambe<\/span><\/li>\n<li><span dir=\"auto\">poignets en tricot \u00e9lastique<\/span><\/li>\n<li><span dir=\"auto\">Capuche ajustable avec cordon et fermeture \u00e9clair<\/span><\/li>\n<li><span dir=\"auto\">Points d&rsquo;arr\u00eat renforc\u00e9s \u00e0 tous les points de tension.<\/span><\/li>\n<li><span dir=\"auto\">Entretien : Lavage domestique et lavage industriel<\/span><\/li>\n<\/ul>\n<h6 class=\"h5 specifications-title\"><span dir=\"auto\">Pays d&rsquo;origine<\/span><\/h6>\n<p class=\"specifications-value\"><span dir=\"auto\">Asie<\/span><\/p>\n<h6 class=\"h5 specifications-title\"><span dir=\"auto\">Tissu<\/span><\/h6>\n<p class=\"specifications-value\">Con\u00e7u en toile \u00ab Duck \u00bb 100 % coton de 10 oz, un mat\u00e9riau tr\u00e8s \u00e9pais qui bloque le vent et r\u00e9siste \u00e0 l&rsquo;abrasion<\/p>\n<h6 class=\"h5 specifications-title\"><span dir=\"auto\">Isolation<\/span><\/h6>\n<ul class=\"specifications-value specifications-list\">\n<li><span dir=\"auto\">Doublure matelass\u00e9e : Garnissage 100 % polyester, doublure 100 % nylon pour conserver la chaleur corporelle<\/span><\/li>\n<\/ul>\n<h6 class=\"h5 specifications-title\"><span dir=\"auto\">Soins<\/span><\/h6>\n<p class=\"specifications-value\"><span dir=\"auto\">Lavage \u00e0 domicile<\/span><\/p>\n<p><img decoding=\"async\" class=\"alignnone wp-image-40620\" src=\"https:\/\/autravail.ca\/wp-content\/uploads\/2025\/09\/Jachete-quebec-et-canada.jpg\" alt=\"Logo de l'achat local\" width=\"162\" height=\"139\" \/>Merci d&rsquo;encourager une entreprise 100% d&rsquo;ici!<\/p>\n<p>TS2604H<\/p>","protected":false},"excerpt":{"rendered":"<p>Couvre-tout en Duck &#8211; 804 Couvre-tout en Duck &#8211; 804 de Big Bill est con\u00e7ue pour une protection int\u00e9grale du corps par grand froid. Fabriqu\u00e9e en toile de coton robuste et dot\u00e9e d&rsquo;une doublure matelass\u00e9e Fortrel, elle offre une chaleur durable et une r\u00e9sistance \u00e0 toute \u00e9preuve. Con\u00e7ue pour les longues heures pass\u00e9es en ext\u00e9rieur, [&hellip;]<\/p>","protected":false},"featured_media":6864,"comment_status":"open","ping_status":"closed","template":"","meta":[],"product_cat":[611,604],"product_tag":[241,242],"class_list":{"0":"post-24429","1":"product","2":"type-product","3":"status-publish","4":"has-post-thumbnail","6":"product_brand-big-bill","7":"product_cat-combinaisons","8":"product_cat-vetements-de-travail","9":"product_tag-couvre-tout","10":"product_tag-homme","12":"first","13":"instock","14":"taxable","15":"shipping-taxable","16":"purchasable","17":"product-type-variable"},"yoast_head":"<!-- This site is optimized with the Yoast SEO plugin v25.3.1 - https:\/\/yoast.com\/wordpress\/plugins\/seo\/ -->\n<title>Couvre-tout en Duck - 804 - Le Magasin Industriel<\/title>\n<meta name=\"description\" content=\"Couvre-tout en Duck - 804 est con\u00e7ue pour une protection int\u00e9grale du corps par grand froid, fabriqu\u00e9e en toile de coton robuste\" \/>\n<meta name=\"robots\" content=\"index, follow, max-snippet:-1, max-image-preview:large, max-video-preview:-1\" \/>\n<link rel=\"canonical\" href=\"https:\/\/autravail.ca\/en\/product\/couvre-tout-en-duck-804\/\" \/>\n<meta property=\"og:locale\" content=\"en_US\" \/>\n<meta property=\"og:type\" content=\"article\" \/>\n<meta property=\"og:title\" content=\"Couvre-tout en Duck - 804 - Le Magasin Industriel\" \/>\n<meta property=\"og:description\" content=\"Couvre-tout en Duck - 804 est con\u00e7ue pour une protection int\u00e9grale du corps par grand froid, fabriqu\u00e9e en toile de coton robuste\" \/>\n<meta property=\"og:url\" content=\"https:\/\/autravail.ca\/en\/product\/couvre-tout-en-duck-804\/\" \/>\n<meta property=\"og:site_name\" content=\"Le Magasin Industriel\" \/>\n<meta property=\"article:publisher\" content=\"https:\/\/www.facebook.com\/lemagasinindustriel\/?locale=fr_FR\" \/>\n<meta property=\"article:modified_time\" content=\"2026-04-08T17:12:39+00:00\" \/>\n<meta property=\"og:image\" content=\"https:\/\/autravail.ca\/wp-content\/uploads\/2025\/05\/804_NAY_A01.jpg\" \/>\n\t<meta property=\"og:image:width\" content=\"1000\" \/>\n\t<meta property=\"og:image:height\" content=\"1000\" \/>\n\t<meta property=\"og:image:type\" content=\"image\/jpeg\" \/>\n<meta name=\"twitter:card\" content=\"summary_large_image\" \/>\n<meta name=\"twitter:label1\" content=\"Est. reading time\" \/>\n\t<meta name=\"twitter:data1\" content=\"2 minutes\" \/>\n<script type=\"application\/ld+json\" class=\"yoast-schema-graph\">{\"@context\":\"https:\/\/schema.org\",\"@graph\":[{\"@type\":\"WebPage\",\"@id\":\"https:\/\/autravail.ca\/product\/couvre-tout-en-duck-804\/\",\"url\":\"https:\/\/autravail.ca\/product\/couvre-tout-en-duck-804\/\",\"name\":\"Couvre-tout en Duck - 804 - Le Magasin Industriel\",\"isPartOf\":{\"@id\":\"https:\/\/autravail.ca\/#website\"},\"primaryImageOfPage\":{\"@id\":\"https:\/\/autravail.ca\/product\/couvre-tout-en-duck-804\/#primaryimage\"},\"image\":{\"@id\":\"https:\/\/autravail.ca\/product\/couvre-tout-en-duck-804\/#primaryimage\"},\"thumbnailUrl\":\"https:\/\/autravail.ca\/wp-content\/uploads\/2025\/05\/804_NAY_A01.jpg\",\"datePublished\":\"2025-05-08T06:07:28+00:00\",\"dateModified\":\"2026-04-08T17:12:39+00:00\",\"description\":\"Couvre-tout en Duck - 804 est con\u00e7ue pour une protection int\u00e9grale du corps par grand froid, fabriqu\u00e9e en toile de coton robuste\",\"breadcrumb\":{\"@id\":\"https:\/\/autravail.ca\/product\/couvre-tout-en-duck-804\/#breadcrumb\"},\"inLanguage\":\"en-CA\",\"potentialAction\":[{\"@type\":\"ReadAction\",\"target\":[\"https:\/\/autravail.ca\/product\/couvre-tout-en-duck-804\/\"]}]},{\"@type\":\"ImageObject\",\"inLanguage\":\"en-CA\",\"@id\":\"https:\/\/autravail.ca\/product\/couvre-tout-en-duck-804\/#primaryimage\",\"url\":\"https:\/\/autravail.ca\/wp-content\/uploads\/2025\/05\/804_NAY_A01.jpg\",\"contentUrl\":\"https:\/\/autravail.ca\/wp-content\/uploads\/2025\/05\/804_NAY_A01.jpg\",\"width\":1000,\"height\":1000,\"caption\":\"Couvre-tout en Duck - 804\"},{\"@type\":\"BreadcrumbList\",\"@id\":\"https:\/\/autravail.ca\/product\/couvre-tout-en-duck-804\/#breadcrumb\",\"itemListElement\":[{\"@type\":\"ListItem\",\"position\":1,\"name\":\"Accueil\",\"item\":\"https:\/\/autravail.ca\/\"},{\"@type\":\"ListItem\",\"position\":2,\"name\":\"Magasin\",\"item\":\"https:\/\/autravail.ca\/en\/shop\/\"},{\"@type\":\"ListItem\",\"position\":3,\"name\":\"Couvre-tout en Duck &#8211; 804\"}]},{\"@type\":\"WebSite\",\"@id\":\"https:\/\/autravail.ca\/#website\",\"url\":\"https:\/\/autravail.ca\/\",\"name\":\"Le Magasin Industriel\",\"description\":\"50 ans de tradition de s\u00e9curit\u00e9 au travail\",\"publisher\":{\"@id\":\"https:\/\/autravail.ca\/#organization\"},\"potentialAction\":[{\"@type\":\"SearchAction\",\"target\":{\"@type\":\"EntryPoint\",\"urlTemplate\":\"https:\/\/autravail.ca\/?s={search_term_string}\"},\"query-input\":{\"@type\":\"PropertyValueSpecification\",\"valueRequired\":true,\"valueName\":\"search_term_string\"}}],\"inLanguage\":\"en-CA\"},{\"@type\":\"Organization\",\"@id\":\"https:\/\/autravail.ca\/#organization\",\"name\":\"Le Magasin Industriel\",\"url\":\"https:\/\/autravail.ca\/\",\"logo\":{\"@type\":\"ImageObject\",\"inLanguage\":\"en-CA\",\"@id\":\"https:\/\/autravail.ca\/#\/schema\/logo\/image\/\",\"url\":\"https:\/\/autravail.ca\/wp-content\/uploads\/2025\/05\/cropped-magasin_industriel_120x.avif\",\"contentUrl\":\"https:\/\/autravail.ca\/wp-content\/uploads\/2025\/05\/cropped-magasin_industriel_120x.avif\",\"width\":120,\"height\":24,\"caption\":\"Le Magasin Industriel\"},\"image\":{\"@id\":\"https:\/\/autravail.ca\/#\/schema\/logo\/image\/\"},\"sameAs\":[\"https:\/\/www.facebook.com\/lemagasinindustriel\/?locale=fr_FR\"]}]}<\/script>\n<!-- \/ Yoast SEO plugin. -->","yoast_head_json":{"title":"Couvre-tout en Duck - 804 - Le Magasin Industriel","description":"Couvre-tout en Duck - 804 est con\u00e7ue pour une protection int\u00e9grale du corps par grand froid, fabriqu\u00e9e en toile de coton robuste","robots":{"index":"index","follow":"follow","max-snippet":"max-snippet:-1","max-image-preview":"max-image-preview:large","max-video-preview":"max-video-preview:-1"},"canonical":"https:\/\/autravail.ca\/en\/product\/couvre-tout-en-duck-804\/","og_locale":"en_US","og_type":"article","og_title":"Couvre-tout en Duck - 804 - Le Magasin Industriel","og_description":"Couvre-tout en Duck - 804 est con\u00e7ue pour une protection int\u00e9grale du corps par grand froid, fabriqu\u00e9e en toile de coton robuste","og_url":"https:\/\/autravail.ca\/en\/product\/couvre-tout-en-duck-804\/","og_site_name":"Le Magasin Industriel","article_publisher":"https:\/\/www.facebook.com\/lemagasinindustriel\/?locale=fr_FR","article_modified_time":"2026-04-08T17:12:39+00:00","og_image":[{"width":1000,"height":1000,"url":"https:\/\/autravail.ca\/wp-content\/uploads\/2025\/05\/804_NAY_A01.jpg","type":"image\/jpeg"}],"twitter_card":"summary_large_image","twitter_misc":{"Est. reading time":"2 minutes"},"schema":{"@context":"https:\/\/schema.org","@graph":[{"@type":"WebPage","@id":"https:\/\/autravail.ca\/product\/couvre-tout-en-duck-804\/","url":"https:\/\/autravail.ca\/product\/couvre-tout-en-duck-804\/","name":"Couvre-tout en Duck - 804 - Le Magasin Industriel","isPartOf":{"@id":"https:\/\/autravail.ca\/#website"},"primaryImageOfPage":{"@id":"https:\/\/autravail.ca\/product\/couvre-tout-en-duck-804\/#primaryimage"},"image":{"@id":"https:\/\/autravail.ca\/product\/couvre-tout-en-duck-804\/#primaryimage"},"thumbnailUrl":"https:\/\/autravail.ca\/wp-content\/uploads\/2025\/05\/804_NAY_A01.jpg","datePublished":"2025-05-08T06:07:28+00:00","dateModified":"2026-04-08T17:12:39+00:00","description":"Couvre-tout en Duck - 804 est con\u00e7ue pour une protection int\u00e9grale du corps par grand froid, fabriqu\u00e9e en toile de coton robuste","breadcrumb":{"@id":"https:\/\/autravail.ca\/product\/couvre-tout-en-duck-804\/#breadcrumb"},"inLanguage":"en-CA","potentialAction":[{"@type":"ReadAction","target":["https:\/\/autravail.ca\/product\/couvre-tout-en-duck-804\/"]}]},{"@type":"ImageObject","inLanguage":"en-CA","@id":"https:\/\/autravail.ca\/product\/couvre-tout-en-duck-804\/#primaryimage","url":"https:\/\/autravail.ca\/wp-content\/uploads\/2025\/05\/804_NAY_A01.jpg","contentUrl":"https:\/\/autravail.ca\/wp-content\/uploads\/2025\/05\/804_NAY_A01.jpg","width":1000,"height":1000,"caption":"Couvre-tout en Duck - 804"},{"@type":"BreadcrumbList","@id":"https:\/\/autravail.ca\/product\/couvre-tout-en-duck-804\/#breadcrumb","itemListElement":[{"@type":"ListItem","position":1,"name":"Accueil","item":"https:\/\/autravail.ca\/"},{"@type":"ListItem","position":2,"name":"Magasin","item":"https:\/\/autravail.ca\/en\/shop\/"},{"@type":"ListItem","position":3,"name":"Couvre-tout en Duck &#8211; 804"}]},{"@type":"WebSite","@id":"https:\/\/autravail.ca\/#website","url":"https:\/\/autravail.ca\/","name":"Le Magasin Industriel","description":"50 ans de tradition de s\u00e9curit\u00e9 au travail","publisher":{"@id":"https:\/\/autravail.ca\/#organization"},"potentialAction":[{"@type":"SearchAction","target":{"@type":"EntryPoint","urlTemplate":"https:\/\/autravail.ca\/?s={search_term_string}"},"query-input":{"@type":"PropertyValueSpecification","valueRequired":true,"valueName":"search_term_string"}}],"inLanguage":"en-CA"},{"@type":"Organization","@id":"https:\/\/autravail.ca\/#organization","name":"Le Magasin Industriel","url":"https:\/\/autravail.ca\/","logo":{"@type":"ImageObject","inLanguage":"en-CA","@id":"https:\/\/autravail.ca\/#\/schema\/logo\/image\/","url":"https:\/\/autravail.ca\/wp-content\/uploads\/2025\/05\/cropped-magasin_industriel_120x.avif","contentUrl":"https:\/\/autravail.ca\/wp-content\/uploads\/2025\/05\/cropped-magasin_industriel_120x.avif","width":120,"height":24,"caption":"Le Magasin Industriel"},"image":{"@id":"https:\/\/autravail.ca\/#\/schema\/logo\/image\/"},"sameAs":["https:\/\/www.facebook.com\/lemagasinindustriel\/?locale=fr_FR"]}]}},"jetpack_sharing_enabled":true,"_links":{"self":[{"href":"https:\/\/autravail.ca\/en\/wp-json\/wp\/v2\/product\/24429","targetHints":{"allow":["GET"]}}],"collection":[{"href":"https:\/\/autravail.ca\/en\/wp-json\/wp\/v2\/product"}],"about":[{"href":"https:\/\/autravail.ca\/en\/wp-json\/wp\/v2\/types\/product"}],"replies":[{"embeddable":true,"href":"https:\/\/autravail.ca\/en\/wp-json\/wp\/v2\/comments?post=24429"}],"wp:featuredmedia":[{"embeddable":true,"href":"https:\/\/autravail.ca\/en\/wp-json\/wp\/v2\/media\/6864"}],"wp:attachment":[{"href":"https:\/\/autravail.ca\/en\/wp-json\/wp\/v2\/media?parent=24429"}],"wp:term":[{"taxonomy":"product_cat","embeddable":true,"href":"https:\/\/autravail.ca\/en\/wp-json\/wp\/v2\/product_cat?post=24429"},{"taxonomy":"product_tag","embeddable":true,"href":"https:\/\/autravail.ca\/en\/wp-json\/wp\/v2\/product_tag?post=24429"}],"curies":[{"name":"wp","href":"https:\/\/api.w.org\/{rel}","templated":true}]}}