{"id":24369,"date":"2025-05-08T06:07:08","date_gmt":"2025-05-08T06:07:08","guid":{"rendered":"https:\/\/meteoquebec.ca\/?post_type=product&#038;p=24369"},"modified":"2026-04-08T12:55:10","modified_gmt":"2026-04-08T16:55:10","slug":"couvre-tout-de-travail-439","status":"publish","type":"product","link":"https:\/\/autravail.ca\/en\/product\/couvre-tout-de-travail-439\/","title":{"rendered":"Couvre-tout de travail &#8211; 439"},"content":{"rendered":"<h3>Couvre-tout de travail &#8211; 439<\/h3>\n<p>Couvre-tout de travail &#8211; 439 de <a href=\"https:\/\/autravail.ca\/en\/product-brand\/big-bill\/\">Big Bill<\/a> deluxe avec fermeture \u00e9clair aux jambes est con\u00e7ue pour offrir durabilit\u00e9, confort et praticit\u00e9. Fabriqu\u00e9e en serg\u00e9 de polyester et coton r\u00e9sistant, elle supporte les travaux les plus exigeants tout en assurant un confort optimal tout au long de la journ\u00e9e. Un pli au dos et une taille \u00e9lastiqu\u00e9e offrent une grande libert\u00e9 de mouvement, tandis que les fermetures \u00e9clair aux jambes facilitent l&rsquo;enfilage et le retrait, m\u00eame par-dessus des bottes. Les coutures renforc\u00e9es et les points d&rsquo;arr\u00eat aux zones de tension garantissent une performance durable pour les professionnels les plus exigeants.<\/p>\n<h6>Characteristics:<\/h6>\n<ul>\n<li><span dir=\"auto\">Deux poches poitrine avant, dont une poche poitrine droite \u00e0 rabat et fermeture \u00e0 pression.<\/span><\/li>\n<li><span dir=\"auto\">2 poches italiennes et ouvertures lat\u00e9rales \u00e0 la taille<\/span><\/li>\n<li><span dir=\"auto\">Fermeture \u00e0 pression au col et aux poignets<\/span><\/li>\n<li><span dir=\"auto\">Fermeture \u00e9clair \u00e0 double sens \u00e0 l&rsquo;avant et aux jambes<\/span><\/li>\n<li><span dir=\"auto\">2 grandes poches arri\u00e8re<\/span><\/li>\n<li><span dir=\"auto\">Poche \u00e0 outils sur la jambe droite et boucle porte-marteau sur la jambe gauche<\/span><\/li>\n<li><span dir=\"auto\">Dos pliss\u00e9 et \u00e9lastiques de chaque c\u00f4t\u00e9 de la ceinture pour un meilleur ajustement et un confort accru<\/span><\/li>\n<li><span dir=\"auto\">Points d&rsquo;arr\u00eat renforc\u00e9s \u00e0 tous les points de tension<\/span><\/li>\n<li><span dir=\"auto\">Entretien\u00a0: Lavage industriel<\/span><\/li>\n<\/ul>\n<h6 class=\"h5 specifications-title\"><span dir=\"auto\">Pays d&rsquo;origine<\/span><\/h6>\n<p class=\"specifications-value\"><span dir=\"auto\">Canada, Mexique<\/span><\/p>\n<h6 class=\"h5 specifications-title\"><span dir=\"auto\">Tissu<\/span><\/h6>\n<p class=\"specifications-value\"><span dir=\"auto\">Serg\u00e9 7,5 oz, 65 % polyester \/ 35 % coton<\/span><\/p>\n<h6 class=\"h5 specifications-title\"><span dir=\"auto\">Soins<\/span><\/h6>\n<p class=\"specifications-value\"><span dir=\"auto\">blanchisserie industrielle<\/span><\/p>\n<p><img decoding=\"async\" class=\"alignnone wp-image-40620\" src=\"https:\/\/autravail.ca\/wp-content\/uploads\/2025\/09\/Jachete-quebec-et-canada.jpg\" alt=\"Logo de l'achat local\" width=\"162\" height=\"139\" \/>Merci d&rsquo;encourager une entreprise 100% d&rsquo;ici!<\/p>\n<p>TS2604H<\/p>","protected":false},"excerpt":{"rendered":"<p>Couvre-tout de travail &#8211; 439 Couvre-tout de travail &#8211; 439 de Big Bill deluxe avec fermeture \u00e9clair aux jambes est con\u00e7ue pour offrir durabilit\u00e9, confort et praticit\u00e9. Fabriqu\u00e9e en serg\u00e9 de polyester et coton r\u00e9sistant, elle supporte les travaux les plus exigeants tout en assurant un confort optimal tout au long de la journ\u00e9e. Un [&hellip;]<\/p>","protected":false},"featured_media":46937,"comment_status":"open","ping_status":"closed","template":"","meta":[],"product_cat":[611,602,604],"product_tag":[],"class_list":{"0":"post-24369","1":"product","2":"type-product","3":"status-publish","4":"has-post-thumbnail","6":"product_brand-big-bill","7":"product_cat-combinaisons","8":"product_cat-hommes","9":"product_cat-vetements-de-travail","11":"first","12":"instock","13":"taxable","14":"shipping-taxable","15":"purchasable","16":"product-type-variable"},"yoast_head":"<!-- This site is optimized with the Yoast SEO plugin v25.3.1 - https:\/\/yoast.com\/wordpress\/plugins\/seo\/ -->\n<title>Couvre-tout de travail - 439 - Le Magasin Industriel<\/title>\n<meta name=\"description\" content=\"Couvre-tout de travail - 439 deluxe avec fermeture \u00e9clair aux jambes est con\u00e7ue pour offrir durabilit\u00e9, confort et praticit\u00e9\" \/>\n<meta name=\"robots\" content=\"index, follow, max-snippet:-1, max-image-preview:large, max-video-preview:-1\" \/>\n<link rel=\"canonical\" href=\"https:\/\/autravail.ca\/en\/product\/couvre-tout-de-travail-439\/\" \/>\n<meta property=\"og:locale\" content=\"en_US\" \/>\n<meta property=\"og:type\" content=\"article\" \/>\n<meta property=\"og:title\" content=\"Couvre-tout de travail - 439 - Le Magasin Industriel\" \/>\n<meta property=\"og:description\" content=\"Couvre-tout de travail - 439 deluxe avec fermeture \u00e9clair aux jambes est con\u00e7ue pour offrir durabilit\u00e9, confort et praticit\u00e9\" \/>\n<meta property=\"og:url\" content=\"https:\/\/autravail.ca\/en\/product\/couvre-tout-de-travail-439\/\" \/>\n<meta property=\"og:site_name\" content=\"Le Magasin Industriel\" \/>\n<meta property=\"article:publisher\" content=\"https:\/\/www.facebook.com\/lemagasinindustriel\/?locale=fr_FR\" \/>\n<meta property=\"article:modified_time\" content=\"2026-04-08T16:55:10+00:00\" \/>\n<meta property=\"og:image\" content=\"https:\/\/autravail.ca\/wp-content\/uploads\/2025\/05\/439_A01.jpg\" \/>\n\t<meta property=\"og:image:width\" content=\"1000\" \/>\n\t<meta property=\"og:image:height\" content=\"1000\" \/>\n\t<meta property=\"og:image:type\" content=\"image\/jpeg\" \/>\n<meta name=\"twitter:card\" content=\"summary_large_image\" \/>\n<meta name=\"twitter:label1\" content=\"Est. reading time\" \/>\n\t<meta name=\"twitter:data1\" content=\"2 minutes\" \/>\n<script type=\"application\/ld+json\" class=\"yoast-schema-graph\">{\"@context\":\"https:\/\/schema.org\",\"@graph\":[{\"@type\":\"WebPage\",\"@id\":\"https:\/\/autravail.ca\/product\/couvre-tout-de-travail-439\/\",\"url\":\"https:\/\/autravail.ca\/product\/couvre-tout-de-travail-439\/\",\"name\":\"Couvre-tout de travail - 439 - Le Magasin Industriel\",\"isPartOf\":{\"@id\":\"https:\/\/autravail.ca\/#website\"},\"primaryImageOfPage\":{\"@id\":\"https:\/\/autravail.ca\/product\/couvre-tout-de-travail-439\/#primaryimage\"},\"image\":{\"@id\":\"https:\/\/autravail.ca\/product\/couvre-tout-de-travail-439\/#primaryimage\"},\"thumbnailUrl\":\"https:\/\/autravail.ca\/wp-content\/uploads\/2025\/05\/439_A01.jpg\",\"datePublished\":\"2025-05-08T06:07:08+00:00\",\"dateModified\":\"2026-04-08T16:55:10+00:00\",\"description\":\"Couvre-tout de travail - 439 deluxe avec fermeture \u00e9clair aux jambes est con\u00e7ue pour offrir durabilit\u00e9, confort et praticit\u00e9\",\"breadcrumb\":{\"@id\":\"https:\/\/autravail.ca\/product\/couvre-tout-de-travail-439\/#breadcrumb\"},\"inLanguage\":\"en-CA\",\"potentialAction\":[{\"@type\":\"ReadAction\",\"target\":[\"https:\/\/autravail.ca\/product\/couvre-tout-de-travail-439\/\"]}]},{\"@type\":\"ImageObject\",\"inLanguage\":\"en-CA\",\"@id\":\"https:\/\/autravail.ca\/product\/couvre-tout-de-travail-439\/#primaryimage\",\"url\":\"https:\/\/autravail.ca\/wp-content\/uploads\/2025\/05\/439_A01.jpg\",\"contentUrl\":\"https:\/\/autravail.ca\/wp-content\/uploads\/2025\/05\/439_A01.jpg\",\"width\":1000,\"height\":1000,\"caption\":\"Couvre-tout de travail - 439\"},{\"@type\":\"BreadcrumbList\",\"@id\":\"https:\/\/autravail.ca\/product\/couvre-tout-de-travail-439\/#breadcrumb\",\"itemListElement\":[{\"@type\":\"ListItem\",\"position\":1,\"name\":\"Accueil\",\"item\":\"https:\/\/autravail.ca\/\"},{\"@type\":\"ListItem\",\"position\":2,\"name\":\"Magasin\",\"item\":\"https:\/\/autravail.ca\/en\/shop\/\"},{\"@type\":\"ListItem\",\"position\":3,\"name\":\"Couvre-tout de travail &#8211; 439\"}]},{\"@type\":\"WebSite\",\"@id\":\"https:\/\/autravail.ca\/#website\",\"url\":\"https:\/\/autravail.ca\/\",\"name\":\"Le Magasin Industriel\",\"description\":\"50 ans de tradition de s\u00e9curit\u00e9 au travail\",\"publisher\":{\"@id\":\"https:\/\/autravail.ca\/#organization\"},\"potentialAction\":[{\"@type\":\"SearchAction\",\"target\":{\"@type\":\"EntryPoint\",\"urlTemplate\":\"https:\/\/autravail.ca\/?s={search_term_string}\"},\"query-input\":{\"@type\":\"PropertyValueSpecification\",\"valueRequired\":true,\"valueName\":\"search_term_string\"}}],\"inLanguage\":\"en-CA\"},{\"@type\":\"Organization\",\"@id\":\"https:\/\/autravail.ca\/#organization\",\"name\":\"Le Magasin Industriel\",\"url\":\"https:\/\/autravail.ca\/\",\"logo\":{\"@type\":\"ImageObject\",\"inLanguage\":\"en-CA\",\"@id\":\"https:\/\/autravail.ca\/#\/schema\/logo\/image\/\",\"url\":\"https:\/\/autravail.ca\/wp-content\/uploads\/2025\/05\/cropped-magasin_industriel_120x.avif\",\"contentUrl\":\"https:\/\/autravail.ca\/wp-content\/uploads\/2025\/05\/cropped-magasin_industriel_120x.avif\",\"width\":120,\"height\":24,\"caption\":\"Le Magasin Industriel\"},\"image\":{\"@id\":\"https:\/\/autravail.ca\/#\/schema\/logo\/image\/\"},\"sameAs\":[\"https:\/\/www.facebook.com\/lemagasinindustriel\/?locale=fr_FR\"]}]}<\/script>\n<!-- \/ Yoast SEO plugin. -->","yoast_head_json":{"title":"Couvre-tout de travail - 439 - Le Magasin Industriel","description":"Couvre-tout de travail - 439 deluxe avec fermeture \u00e9clair aux jambes est con\u00e7ue pour offrir durabilit\u00e9, confort et praticit\u00e9","robots":{"index":"index","follow":"follow","max-snippet":"max-snippet:-1","max-image-preview":"max-image-preview:large","max-video-preview":"max-video-preview:-1"},"canonical":"https:\/\/autravail.ca\/en\/product\/couvre-tout-de-travail-439\/","og_locale":"en_US","og_type":"article","og_title":"Couvre-tout de travail - 439 - Le Magasin Industriel","og_description":"Couvre-tout de travail - 439 deluxe avec fermeture \u00e9clair aux jambes est con\u00e7ue pour offrir durabilit\u00e9, confort et praticit\u00e9","og_url":"https:\/\/autravail.ca\/en\/product\/couvre-tout-de-travail-439\/","og_site_name":"Le Magasin Industriel","article_publisher":"https:\/\/www.facebook.com\/lemagasinindustriel\/?locale=fr_FR","article_modified_time":"2026-04-08T16:55:10+00:00","og_image":[{"width":1000,"height":1000,"url":"https:\/\/autravail.ca\/wp-content\/uploads\/2025\/05\/439_A01.jpg","type":"image\/jpeg"}],"twitter_card":"summary_large_image","twitter_misc":{"Est. reading time":"2 minutes"},"schema":{"@context":"https:\/\/schema.org","@graph":[{"@type":"WebPage","@id":"https:\/\/autravail.ca\/product\/couvre-tout-de-travail-439\/","url":"https:\/\/autravail.ca\/product\/couvre-tout-de-travail-439\/","name":"Couvre-tout de travail - 439 - Le Magasin Industriel","isPartOf":{"@id":"https:\/\/autravail.ca\/#website"},"primaryImageOfPage":{"@id":"https:\/\/autravail.ca\/product\/couvre-tout-de-travail-439\/#primaryimage"},"image":{"@id":"https:\/\/autravail.ca\/product\/couvre-tout-de-travail-439\/#primaryimage"},"thumbnailUrl":"https:\/\/autravail.ca\/wp-content\/uploads\/2025\/05\/439_A01.jpg","datePublished":"2025-05-08T06:07:08+00:00","dateModified":"2026-04-08T16:55:10+00:00","description":"Couvre-tout de travail - 439 deluxe avec fermeture \u00e9clair aux jambes est con\u00e7ue pour offrir durabilit\u00e9, confort et praticit\u00e9","breadcrumb":{"@id":"https:\/\/autravail.ca\/product\/couvre-tout-de-travail-439\/#breadcrumb"},"inLanguage":"en-CA","potentialAction":[{"@type":"ReadAction","target":["https:\/\/autravail.ca\/product\/couvre-tout-de-travail-439\/"]}]},{"@type":"ImageObject","inLanguage":"en-CA","@id":"https:\/\/autravail.ca\/product\/couvre-tout-de-travail-439\/#primaryimage","url":"https:\/\/autravail.ca\/wp-content\/uploads\/2025\/05\/439_A01.jpg","contentUrl":"https:\/\/autravail.ca\/wp-content\/uploads\/2025\/05\/439_A01.jpg","width":1000,"height":1000,"caption":"Couvre-tout de travail - 439"},{"@type":"BreadcrumbList","@id":"https:\/\/autravail.ca\/product\/couvre-tout-de-travail-439\/#breadcrumb","itemListElement":[{"@type":"ListItem","position":1,"name":"Accueil","item":"https:\/\/autravail.ca\/"},{"@type":"ListItem","position":2,"name":"Magasin","item":"https:\/\/autravail.ca\/en\/shop\/"},{"@type":"ListItem","position":3,"name":"Couvre-tout de travail &#8211; 439"}]},{"@type":"WebSite","@id":"https:\/\/autravail.ca\/#website","url":"https:\/\/autravail.ca\/","name":"Le Magasin Industriel","description":"50 ans de tradition de s\u00e9curit\u00e9 au travail","publisher":{"@id":"https:\/\/autravail.ca\/#organization"},"potentialAction":[{"@type":"SearchAction","target":{"@type":"EntryPoint","urlTemplate":"https:\/\/autravail.ca\/?s={search_term_string}"},"query-input":{"@type":"PropertyValueSpecification","valueRequired":true,"valueName":"search_term_string"}}],"inLanguage":"en-CA"},{"@type":"Organization","@id":"https:\/\/autravail.ca\/#organization","name":"Le Magasin Industriel","url":"https:\/\/autravail.ca\/","logo":{"@type":"ImageObject","inLanguage":"en-CA","@id":"https:\/\/autravail.ca\/#\/schema\/logo\/image\/","url":"https:\/\/autravail.ca\/wp-content\/uploads\/2025\/05\/cropped-magasin_industriel_120x.avif","contentUrl":"https:\/\/autravail.ca\/wp-content\/uploads\/2025\/05\/cropped-magasin_industriel_120x.avif","width":120,"height":24,"caption":"Le Magasin Industriel"},"image":{"@id":"https:\/\/autravail.ca\/#\/schema\/logo\/image\/"},"sameAs":["https:\/\/www.facebook.com\/lemagasinindustriel\/?locale=fr_FR"]}]}},"jetpack_sharing_enabled":true,"_links":{"self":[{"href":"https:\/\/autravail.ca\/en\/wp-json\/wp\/v2\/product\/24369","targetHints":{"allow":["GET"]}}],"collection":[{"href":"https:\/\/autravail.ca\/en\/wp-json\/wp\/v2\/product"}],"about":[{"href":"https:\/\/autravail.ca\/en\/wp-json\/wp\/v2\/types\/product"}],"replies":[{"embeddable":true,"href":"https:\/\/autravail.ca\/en\/wp-json\/wp\/v2\/comments?post=24369"}],"wp:featuredmedia":[{"embeddable":true,"href":"https:\/\/autravail.ca\/en\/wp-json\/wp\/v2\/media\/46937"}],"wp:attachment":[{"href":"https:\/\/autravail.ca\/en\/wp-json\/wp\/v2\/media?parent=24369"}],"wp:term":[{"taxonomy":"product_cat","embeddable":true,"href":"https:\/\/autravail.ca\/en\/wp-json\/wp\/v2\/product_cat?post=24369"},{"taxonomy":"product_tag","embeddable":true,"href":"https:\/\/autravail.ca\/en\/wp-json\/wp\/v2\/product_tag?post=24369"}],"curies":[{"name":"wp","href":"https:\/\/api.w.org\/{rel}","templated":true}]}}