{"id":24249,"date":"2025-05-08T06:06:40","date_gmt":"2025-05-08T06:06:40","guid":{"rendered":"https:\/\/meteoquebec.ca\/?post_type=product&#038;p=24249"},"modified":"2026-03-11T17:03:54","modified_gmt":"2026-03-11T21:03:54","slug":"couvre-tout-de-travail-410","status":"publish","type":"product","link":"https:\/\/autravail.ca\/en\/product\/couvre-tout-de-travail-410\/","title":{"rendered":"Couvre-tout de travail &#8211; 410"},"content":{"rendered":"<h3>Couvre-tout de travail &#8211; 410<\/h3>\n<p>Couvre-tout de travail &#8211; 410 de Big Bill est con\u00e7ue pour les travaux difficiles et les longues journ\u00e9es. Fabriqu\u00e9e en serg\u00e9 de polyester et de coton r\u00e9sistant, elle conserve sa couleur et r\u00e9siste \u00e0 l&rsquo;usure tout en restant respirante et confortable. Con\u00e7ue pour une libert\u00e9 de mouvement totale et une performance optimale tout au long de la journ\u00e9e, cette combinaison offre une protection fiable et une qualit\u00e9 reconnue aux professionnels exigeants.<\/p>\n<h6>Characteristics:<\/h6>\n<ul>\n<li><span dir=\"auto\">teinture longue dur\u00e9e pour r\u00e9sister aux d\u00e9colorations malgr\u00e9 les lavages fr\u00e9quents<\/span><\/li>\n<li>Serg\u00e9 7,5 oz, 65 % polyester \/ 35 % coton<\/li>\n<li><span dir=\"auto\">2 poches poitrine avant<\/span><\/li>\n<li><span dir=\"auto\">2 poches obliques sur la poitrine<\/span><\/li>\n<li><span dir=\"auto\">Ouvertures lat\u00e9rales au niveau de la poitrine<\/span><\/li>\n<li><span dir=\"auto\">Fermeture \u00e0 pression sur le devant<\/span><\/li>\n<li><span dir=\"auto\">Fermeture \u00e9clair frontale en laiton \u00e0 double sens<\/span><\/li>\n<li><span dir=\"auto\">Poignet avec fermeture \u00e0 pression dissimul\u00e9e<\/span><\/li>\n<li><span dir=\"auto\">2 grandes poches arri\u00e8re<\/span><\/li>\n<li><span dir=\"auto\">Poche \u00e0 outils sur la jambe droite<\/span><\/li>\n<li><span dir=\"auto\">Boucle de marteau sur la jambe gauche<\/span><\/li>\n<li><span dir=\"auto\">Dos pliss\u00e9 (plis d&rsquo;aisance) pour ne pas restreindre les mouvements du haut du corps<\/span><\/li>\n<li><span dir=\"auto\">Points d&rsquo;arr\u00eat renforc\u00e9s \u00e0 tous les points de tension<\/span><\/li>\n<\/ul>\n<h6 class=\"otQkpb\" role=\"heading\" aria-level=\"3\" data-complete=\"true\" data-processed=\"true\">Entretien et Fabrication<\/h6>\n<ul class=\"KsbFXc U6u95\" data-sfc-cb=\"\" data-processed=\"true\" data-complete=\"true\">\n<li class=\"dF3vjf\" data-sfc-cb=\"\" data-hveid=\"CAEICRAA\" data-complete=\"true\" data-sae=\"\"><span class=\"T286Pc\" data-sfc-cp=\"\" data-sfc-cb=\"\" data-complete=\"true\" aria-owns=\"action-menu-parent-container\"><strong class=\"Yjhzub\" data-sfc-cb=\"\" data-complete=\"true\">Lavage<\/strong>\u00a0: Pr\u00e9vu pour le\u00a0<strong class=\"Yjhzub\" data-sfc-cb=\"\" data-complete=\"true\">lavage industriel<\/strong>, ce qui garantit qu&rsquo;il ne r\u00e9tr\u00e9cira pas et ne se d\u00e9formera pas facilement.<\/span><\/li>\n<\/ul>\n<p><img decoding=\"async\" class=\"alignnone wp-image-40620\" src=\"https:\/\/autravail.ca\/wp-content\/uploads\/2025\/09\/Jachete-quebec-et-canada.jpg\" alt=\"Logo de l'achat local\" width=\"162\" height=\"139\" \/>Merci d&rsquo;encourager une entreprise 100% d&rsquo;ici!<\/p>\n<p>TS2602H<\/p>","protected":false},"excerpt":{"rendered":"<p>Couvre-tout de travail &#8211; 410 Couvre-tout de travail &#8211; 410 de Big Bill est con\u00e7ue pour les travaux difficiles et les longues journ\u00e9es. Fabriqu\u00e9e en serg\u00e9 de polyester et de coton r\u00e9sistant, elle conserve sa couleur et r\u00e9siste \u00e0 l&rsquo;usure tout en restant respirante et confortable. Con\u00e7ue pour une libert\u00e9 de mouvement totale et une [&hellip;]<\/p>","protected":false},"featured_media":45599,"comment_status":"open","ping_status":"closed","template":"","meta":[],"product_cat":[611],"product_tag":[241,242],"class_list":{"0":"post-24249","1":"product","2":"type-product","3":"status-publish","4":"has-post-thumbnail","6":"product_brand-big-bill","7":"product_cat-combinaisons","8":"product_tag-couvre-tout","9":"product_tag-homme","11":"first","12":"instock","13":"taxable","14":"shipping-taxable","15":"purchasable","16":"product-type-variable"},"yoast_head":"<!-- This site is optimized with the Yoast SEO plugin v25.3.1 - https:\/\/yoast.com\/wordpress\/plugins\/seo\/ -->\n<title>Couvre-tout de travail - 410 - Le Magasin Industriel<\/title>\n<meta name=\"description\" content=\"Couvre-tout de travail - 410 est con\u00e7ue pour les travaux difficiles et les longues journ\u00e9es. Fabriqu\u00e9e en serg\u00e9 de polyester et de coton r\u00e9sistant\" \/>\n<meta name=\"robots\" content=\"index, follow, max-snippet:-1, max-image-preview:large, max-video-preview:-1\" \/>\n<link rel=\"canonical\" href=\"https:\/\/autravail.ca\/en\/product\/couvre-tout-de-travail-410\/\" \/>\n<meta property=\"og:locale\" content=\"en_US\" \/>\n<meta property=\"og:type\" content=\"article\" \/>\n<meta property=\"og:title\" content=\"Couvre-tout de travail - 410 - Le Magasin Industriel\" \/>\n<meta property=\"og:description\" content=\"Couvre-tout de travail - 410 est con\u00e7ue pour les travaux difficiles et les longues journ\u00e9es. Fabriqu\u00e9e en serg\u00e9 de polyester et de coton r\u00e9sistant\" \/>\n<meta property=\"og:url\" content=\"https:\/\/autravail.ca\/en\/product\/couvre-tout-de-travail-410\/\" \/>\n<meta property=\"og:site_name\" content=\"Le Magasin Industriel\" \/>\n<meta property=\"article:publisher\" content=\"https:\/\/www.facebook.com\/lemagasinindustriel\/?locale=fr_FR\" \/>\n<meta property=\"article:modified_time\" content=\"2026-03-11T21:03:54+00:00\" \/>\n<meta property=\"og:image\" content=\"https:\/\/autravail.ca\/wp-content\/uploads\/2025\/05\/410_A01.jpg\" \/>\n\t<meta property=\"og:image:width\" content=\"1000\" \/>\n\t<meta property=\"og:image:height\" content=\"1000\" \/>\n\t<meta property=\"og:image:type\" content=\"image\/jpeg\" \/>\n<meta name=\"twitter:card\" content=\"summary_large_image\" \/>\n<meta name=\"twitter:label1\" content=\"Est. reading time\" \/>\n\t<meta name=\"twitter:data1\" content=\"2 minutes\" \/>\n<script type=\"application\/ld+json\" class=\"yoast-schema-graph\">{\"@context\":\"https:\/\/schema.org\",\"@graph\":[{\"@type\":\"WebPage\",\"@id\":\"https:\/\/autravail.ca\/product\/couvre-tout-de-travail-410\/\",\"url\":\"https:\/\/autravail.ca\/product\/couvre-tout-de-travail-410\/\",\"name\":\"Couvre-tout de travail - 410 - Le Magasin Industriel\",\"isPartOf\":{\"@id\":\"https:\/\/autravail.ca\/#website\"},\"primaryImageOfPage\":{\"@id\":\"https:\/\/autravail.ca\/product\/couvre-tout-de-travail-410\/#primaryimage\"},\"image\":{\"@id\":\"https:\/\/autravail.ca\/product\/couvre-tout-de-travail-410\/#primaryimage\"},\"thumbnailUrl\":\"https:\/\/autravail.ca\/wp-content\/uploads\/2025\/05\/410_A01.jpg\",\"datePublished\":\"2025-05-08T06:06:40+00:00\",\"dateModified\":\"2026-03-11T21:03:54+00:00\",\"description\":\"Couvre-tout de travail - 410 est con\u00e7ue pour les travaux difficiles et les longues journ\u00e9es. Fabriqu\u00e9e en serg\u00e9 de polyester et de coton r\u00e9sistant\",\"breadcrumb\":{\"@id\":\"https:\/\/autravail.ca\/product\/couvre-tout-de-travail-410\/#breadcrumb\"},\"inLanguage\":\"en-CA\",\"potentialAction\":[{\"@type\":\"ReadAction\",\"target\":[\"https:\/\/autravail.ca\/product\/couvre-tout-de-travail-410\/\"]}]},{\"@type\":\"ImageObject\",\"inLanguage\":\"en-CA\",\"@id\":\"https:\/\/autravail.ca\/product\/couvre-tout-de-travail-410\/#primaryimage\",\"url\":\"https:\/\/autravail.ca\/wp-content\/uploads\/2025\/05\/410_A01.jpg\",\"contentUrl\":\"https:\/\/autravail.ca\/wp-content\/uploads\/2025\/05\/410_A01.jpg\",\"width\":1000,\"height\":1000,\"caption\":\"Couvre-tout de travail - 410\"},{\"@type\":\"BreadcrumbList\",\"@id\":\"https:\/\/autravail.ca\/product\/couvre-tout-de-travail-410\/#breadcrumb\",\"itemListElement\":[{\"@type\":\"ListItem\",\"position\":1,\"name\":\"Accueil\",\"item\":\"https:\/\/autravail.ca\/\"},{\"@type\":\"ListItem\",\"position\":2,\"name\":\"Magasin\",\"item\":\"https:\/\/autravail.ca\/en\/shop\/\"},{\"@type\":\"ListItem\",\"position\":3,\"name\":\"Couvre-tout de travail &#8211; 410\"}]},{\"@type\":\"WebSite\",\"@id\":\"https:\/\/autravail.ca\/#website\",\"url\":\"https:\/\/autravail.ca\/\",\"name\":\"Le Magasin Industriel\",\"description\":\"50 ans de tradition de s\u00e9curit\u00e9 au travail\",\"publisher\":{\"@id\":\"https:\/\/autravail.ca\/#organization\"},\"potentialAction\":[{\"@type\":\"SearchAction\",\"target\":{\"@type\":\"EntryPoint\",\"urlTemplate\":\"https:\/\/autravail.ca\/?s={search_term_string}\"},\"query-input\":{\"@type\":\"PropertyValueSpecification\",\"valueRequired\":true,\"valueName\":\"search_term_string\"}}],\"inLanguage\":\"en-CA\"},{\"@type\":\"Organization\",\"@id\":\"https:\/\/autravail.ca\/#organization\",\"name\":\"Le Magasin Industriel\",\"url\":\"https:\/\/autravail.ca\/\",\"logo\":{\"@type\":\"ImageObject\",\"inLanguage\":\"en-CA\",\"@id\":\"https:\/\/autravail.ca\/#\/schema\/logo\/image\/\",\"url\":\"https:\/\/autravail.ca\/wp-content\/uploads\/2025\/05\/cropped-magasin_industriel_120x.avif\",\"contentUrl\":\"https:\/\/autravail.ca\/wp-content\/uploads\/2025\/05\/cropped-magasin_industriel_120x.avif\",\"width\":120,\"height\":24,\"caption\":\"Le Magasin Industriel\"},\"image\":{\"@id\":\"https:\/\/autravail.ca\/#\/schema\/logo\/image\/\"},\"sameAs\":[\"https:\/\/www.facebook.com\/lemagasinindustriel\/?locale=fr_FR\"]}]}<\/script>\n<!-- \/ Yoast SEO plugin. -->","yoast_head_json":{"title":"Couvre-tout de travail - 410 - Le Magasin Industriel","description":"Couvre-tout de travail - 410 est con\u00e7ue pour les travaux difficiles et les longues journ\u00e9es. Fabriqu\u00e9e en serg\u00e9 de polyester et de coton r\u00e9sistant","robots":{"index":"index","follow":"follow","max-snippet":"max-snippet:-1","max-image-preview":"max-image-preview:large","max-video-preview":"max-video-preview:-1"},"canonical":"https:\/\/autravail.ca\/en\/product\/couvre-tout-de-travail-410\/","og_locale":"en_US","og_type":"article","og_title":"Couvre-tout de travail - 410 - Le Magasin Industriel","og_description":"Couvre-tout de travail - 410 est con\u00e7ue pour les travaux difficiles et les longues journ\u00e9es. Fabriqu\u00e9e en serg\u00e9 de polyester et de coton r\u00e9sistant","og_url":"https:\/\/autravail.ca\/en\/product\/couvre-tout-de-travail-410\/","og_site_name":"Le Magasin Industriel","article_publisher":"https:\/\/www.facebook.com\/lemagasinindustriel\/?locale=fr_FR","article_modified_time":"2026-03-11T21:03:54+00:00","og_image":[{"width":1000,"height":1000,"url":"https:\/\/autravail.ca\/wp-content\/uploads\/2025\/05\/410_A01.jpg","type":"image\/jpeg"}],"twitter_card":"summary_large_image","twitter_misc":{"Est. reading time":"2 minutes"},"schema":{"@context":"https:\/\/schema.org","@graph":[{"@type":"WebPage","@id":"https:\/\/autravail.ca\/product\/couvre-tout-de-travail-410\/","url":"https:\/\/autravail.ca\/product\/couvre-tout-de-travail-410\/","name":"Couvre-tout de travail - 410 - Le Magasin Industriel","isPartOf":{"@id":"https:\/\/autravail.ca\/#website"},"primaryImageOfPage":{"@id":"https:\/\/autravail.ca\/product\/couvre-tout-de-travail-410\/#primaryimage"},"image":{"@id":"https:\/\/autravail.ca\/product\/couvre-tout-de-travail-410\/#primaryimage"},"thumbnailUrl":"https:\/\/autravail.ca\/wp-content\/uploads\/2025\/05\/410_A01.jpg","datePublished":"2025-05-08T06:06:40+00:00","dateModified":"2026-03-11T21:03:54+00:00","description":"Couvre-tout de travail - 410 est con\u00e7ue pour les travaux difficiles et les longues journ\u00e9es. Fabriqu\u00e9e en serg\u00e9 de polyester et de coton r\u00e9sistant","breadcrumb":{"@id":"https:\/\/autravail.ca\/product\/couvre-tout-de-travail-410\/#breadcrumb"},"inLanguage":"en-CA","potentialAction":[{"@type":"ReadAction","target":["https:\/\/autravail.ca\/product\/couvre-tout-de-travail-410\/"]}]},{"@type":"ImageObject","inLanguage":"en-CA","@id":"https:\/\/autravail.ca\/product\/couvre-tout-de-travail-410\/#primaryimage","url":"https:\/\/autravail.ca\/wp-content\/uploads\/2025\/05\/410_A01.jpg","contentUrl":"https:\/\/autravail.ca\/wp-content\/uploads\/2025\/05\/410_A01.jpg","width":1000,"height":1000,"caption":"Couvre-tout de travail - 410"},{"@type":"BreadcrumbList","@id":"https:\/\/autravail.ca\/product\/couvre-tout-de-travail-410\/#breadcrumb","itemListElement":[{"@type":"ListItem","position":1,"name":"Accueil","item":"https:\/\/autravail.ca\/"},{"@type":"ListItem","position":2,"name":"Magasin","item":"https:\/\/autravail.ca\/en\/shop\/"},{"@type":"ListItem","position":3,"name":"Couvre-tout de travail &#8211; 410"}]},{"@type":"WebSite","@id":"https:\/\/autravail.ca\/#website","url":"https:\/\/autravail.ca\/","name":"Le Magasin Industriel","description":"50 ans de tradition de s\u00e9curit\u00e9 au travail","publisher":{"@id":"https:\/\/autravail.ca\/#organization"},"potentialAction":[{"@type":"SearchAction","target":{"@type":"EntryPoint","urlTemplate":"https:\/\/autravail.ca\/?s={search_term_string}"},"query-input":{"@type":"PropertyValueSpecification","valueRequired":true,"valueName":"search_term_string"}}],"inLanguage":"en-CA"},{"@type":"Organization","@id":"https:\/\/autravail.ca\/#organization","name":"Le Magasin Industriel","url":"https:\/\/autravail.ca\/","logo":{"@type":"ImageObject","inLanguage":"en-CA","@id":"https:\/\/autravail.ca\/#\/schema\/logo\/image\/","url":"https:\/\/autravail.ca\/wp-content\/uploads\/2025\/05\/cropped-magasin_industriel_120x.avif","contentUrl":"https:\/\/autravail.ca\/wp-content\/uploads\/2025\/05\/cropped-magasin_industriel_120x.avif","width":120,"height":24,"caption":"Le Magasin Industriel"},"image":{"@id":"https:\/\/autravail.ca\/#\/schema\/logo\/image\/"},"sameAs":["https:\/\/www.facebook.com\/lemagasinindustriel\/?locale=fr_FR"]}]}},"jetpack_sharing_enabled":true,"_links":{"self":[{"href":"https:\/\/autravail.ca\/en\/wp-json\/wp\/v2\/product\/24249","targetHints":{"allow":["GET"]}}],"collection":[{"href":"https:\/\/autravail.ca\/en\/wp-json\/wp\/v2\/product"}],"about":[{"href":"https:\/\/autravail.ca\/en\/wp-json\/wp\/v2\/types\/product"}],"replies":[{"embeddable":true,"href":"https:\/\/autravail.ca\/en\/wp-json\/wp\/v2\/comments?post=24249"}],"wp:featuredmedia":[{"embeddable":true,"href":"https:\/\/autravail.ca\/en\/wp-json\/wp\/v2\/media\/45599"}],"wp:attachment":[{"href":"https:\/\/autravail.ca\/en\/wp-json\/wp\/v2\/media?parent=24249"}],"wp:term":[{"taxonomy":"product_cat","embeddable":true,"href":"https:\/\/autravail.ca\/en\/wp-json\/wp\/v2\/product_cat?post=24249"},{"taxonomy":"product_tag","embeddable":true,"href":"https:\/\/autravail.ca\/en\/wp-json\/wp\/v2\/product_tag?post=24249"}],"curies":[{"name":"wp","href":"https:\/\/api.w.org\/{rel}","templated":true}]}}