{"id":24221,"date":"2025-05-08T06:06:34","date_gmt":"2025-05-08T06:06:34","guid":{"rendered":"https:\/\/meteoquebec.ca\/?post_type=product&#038;p=24221"},"modified":"2026-03-11T16:50:45","modified_gmt":"2026-03-11T20:50:45","slug":"combinaison-de-travail-leger-405","status":"publish","type":"product","link":"https:\/\/autravail.ca\/en\/product\/combinaison-de-travail-leger-405\/","title":{"rendered":"Combinaison de travail l\u00e9ger &#8211; 405"},"content":{"rendered":"<h3>Combinaison de travail l\u00e9ger &#8211; 405<\/h3>\n<p>Combinaison de travail l\u00e9ger &#8211; 405 de <a href=\"https:\/\/autravail.ca\/en\/product-brand\/big-bill\/\">Big Bill<\/a>. D\u00e9couvrez une durabilit\u00e9 et un style incomparables avec notre combinaison \u00e0 manches courtes en popeline, fi\u00e8rement fabriqu\u00e9e au Canada. Confectionn\u00e9e avec un souci du d\u00e9tail exceptionnel, elle est dot\u00e9e de deux poches poitrine et de deux poches lat\u00e9rales \u00e0 la taille pour un rangement pratique. Les coutures quadruples \u00e0 la ceinture et les points d&rsquo;arr\u00eat renforc\u00e9s aux zones de tension garantissent sa long\u00e9vit\u00e9, tandis que le dos t\u00e9lescopique offre flexibilit\u00e9 et confort. Des empi\u00e8cements \u00e9lastiques de chaque c\u00f4t\u00e9 de la ceinture assurent un ajustement parfait. Que vous vous attaquiez \u00e0 des travaux exigeants ou que vous exploriez les paysages urbains, cette combinaison allie une utilit\u00e9 intemporelle \u00e0 une fonctionnalit\u00e9 moderne, vous promettant fiabilit\u00e9 et polyvalence pour de nombreuses ann\u00e9es.<\/p>\n<h6>Characteristics:<\/h6>\n<ul>\n<li><span dir=\"auto\">2 poches poitrine avant<\/span><\/li>\n<li><span dir=\"auto\">2 poches obliques \u00e0 la taille<\/span><\/li>\n<li>Fabriqu\u00e9 en\u00a0<strong class=\"Yjhzub\" data-sfc-cb=\"\" data-complete=\"true\">popeline de 4,25 oz<\/strong>\u00a0(65 % polyester \/ 35 % coton), un m\u00e9lange respirant<\/li>\n<li><span dir=\"auto\">Fermeture \u00e9clair frontale en laiton \u00e0 double sens<\/span><\/li>\n<li><span dir=\"auto\">2 grandes poches arri\u00e8re<\/span><\/li>\n<li><span dir=\"auto\">\u00c9lastique de chaque c\u00f4t\u00e9 de la ceinture pour un ajustement semi-ajust\u00e9 et confortable<\/span><\/li>\n<li><span dir=\"auto\">Dos pliss\u00e9 (plis d&rsquo;aisance) pour une plus grande libert\u00e9 de mouvement au niveau des bras et des \u00e9paules<\/span><\/li>\n<li><span dir=\"auto\">Points d&rsquo;arr\u00eat renforc\u00e9s \u00e0 tous les points de tension<\/span><\/li>\n<li><span dir=\"auto\">Entretien\u00a0: Lavage industriel<\/span><\/li>\n<\/ul>\n<p><img decoding=\"async\" class=\"alignnone wp-image-40620\" src=\"https:\/\/autravail.ca\/wp-content\/uploads\/2025\/09\/Jachete-quebec-et-canada.jpg\" alt=\"Logo de l'achat local\" width=\"162\" height=\"139\" \/>Merci d&rsquo;encourager une entreprise 100% d&rsquo;ici!<\/p>\n<p>TS2602H<\/p>","protected":false},"excerpt":{"rendered":"<p>Combinaison de travail l\u00e9ger &#8211; 405 Combinaison de travail l\u00e9ger &#8211; 405 de Big Bill. D\u00e9couvrez une durabilit\u00e9 et un style incomparables avec notre combinaison \u00e0 manches courtes en popeline, fi\u00e8rement fabriqu\u00e9e au Canada. Confectionn\u00e9e avec un souci du d\u00e9tail exceptionnel, elle est dot\u00e9e de deux poches poitrine et de deux poches lat\u00e9rales \u00e0 la [&hellip;]<\/p>","protected":false},"featured_media":6644,"comment_status":"open","ping_status":"closed","template":"","meta":[],"product_cat":[599,611,602,604],"product_tag":[241,242],"class_list":{"0":"post-24221","1":"product","2":"type-product","3":"status-publish","4":"has-post-thumbnail","6":"product_brand-big-bill","7":"product_cat-apparel-accessories","8":"product_cat-combinaisons","9":"product_cat-hommes","10":"product_cat-vetements-de-travail","11":"product_tag-couvre-tout","12":"product_tag-homme","14":"first","15":"instock","16":"taxable","17":"shipping-taxable","18":"purchasable","19":"product-type-variable"},"yoast_head":"<!-- This site is optimized with the Yoast SEO plugin v25.3.1 - https:\/\/yoast.com\/wordpress\/plugins\/seo\/ -->\n<title>Combinaison de travail l\u00e9ger - 405 - Le Magasin Industriel<\/title>\n<meta name=\"description\" content=\"Combinaison de travail l\u00e9ger - 405 D\u00e9couvrez une durabilit\u00e9 et un style incomparables avec notre combinaison \u00e0 manches courtes en popeline\" \/>\n<meta name=\"robots\" content=\"index, follow, max-snippet:-1, max-image-preview:large, max-video-preview:-1\" \/>\n<link rel=\"canonical\" href=\"https:\/\/autravail.ca\/en\/product\/combinaison-de-travail-leger-405\/\" \/>\n<meta property=\"og:locale\" content=\"en_US\" \/>\n<meta property=\"og:type\" content=\"article\" \/>\n<meta property=\"og:title\" content=\"Combinaison de travail l\u00e9ger - 405 - Le Magasin Industriel\" \/>\n<meta property=\"og:description\" content=\"Combinaison de travail l\u00e9ger - 405 D\u00e9couvrez une durabilit\u00e9 et un style incomparables avec notre combinaison \u00e0 manches courtes en popeline\" \/>\n<meta property=\"og:url\" content=\"https:\/\/autravail.ca\/en\/product\/combinaison-de-travail-leger-405\/\" \/>\n<meta property=\"og:site_name\" content=\"Le Magasin Industriel\" \/>\n<meta property=\"article:publisher\" content=\"https:\/\/www.facebook.com\/lemagasinindustriel\/?locale=fr_FR\" \/>\n<meta property=\"article:modified_time\" content=\"2026-03-11T20:50:45+00:00\" \/>\n<meta property=\"og:image\" content=\"https:\/\/autravail.ca\/wp-content\/uploads\/2025\/05\/405_NAY_A01.jpg\" \/>\n\t<meta property=\"og:image:width\" content=\"1000\" \/>\n\t<meta property=\"og:image:height\" content=\"1000\" \/>\n\t<meta property=\"og:image:type\" content=\"image\/jpeg\" \/>\n<meta name=\"twitter:card\" content=\"summary_large_image\" \/>\n<meta name=\"twitter:label1\" content=\"Est. reading time\" \/>\n\t<meta name=\"twitter:data1\" content=\"2 minutes\" \/>\n<script type=\"application\/ld+json\" class=\"yoast-schema-graph\">{\"@context\":\"https:\/\/schema.org\",\"@graph\":[{\"@type\":\"WebPage\",\"@id\":\"https:\/\/autravail.ca\/product\/combinaison-de-travail-leger-405\/\",\"url\":\"https:\/\/autravail.ca\/product\/combinaison-de-travail-leger-405\/\",\"name\":\"Combinaison de travail l\u00e9ger - 405 - Le Magasin Industriel\",\"isPartOf\":{\"@id\":\"https:\/\/autravail.ca\/#website\"},\"primaryImageOfPage\":{\"@id\":\"https:\/\/autravail.ca\/product\/combinaison-de-travail-leger-405\/#primaryimage\"},\"image\":{\"@id\":\"https:\/\/autravail.ca\/product\/combinaison-de-travail-leger-405\/#primaryimage\"},\"thumbnailUrl\":\"https:\/\/autravail.ca\/wp-content\/uploads\/2025\/05\/405_NAY_A01.jpg\",\"datePublished\":\"2025-05-08T06:06:34+00:00\",\"dateModified\":\"2026-03-11T20:50:45+00:00\",\"description\":\"Combinaison de travail l\u00e9ger - 405 D\u00e9couvrez une durabilit\u00e9 et un style incomparables avec notre combinaison \u00e0 manches courtes en popeline\",\"breadcrumb\":{\"@id\":\"https:\/\/autravail.ca\/product\/combinaison-de-travail-leger-405\/#breadcrumb\"},\"inLanguage\":\"en-CA\",\"potentialAction\":[{\"@type\":\"ReadAction\",\"target\":[\"https:\/\/autravail.ca\/product\/combinaison-de-travail-leger-405\/\"]}]},{\"@type\":\"ImageObject\",\"inLanguage\":\"en-CA\",\"@id\":\"https:\/\/autravail.ca\/product\/combinaison-de-travail-leger-405\/#primaryimage\",\"url\":\"https:\/\/autravail.ca\/wp-content\/uploads\/2025\/05\/405_NAY_A01.jpg\",\"contentUrl\":\"https:\/\/autravail.ca\/wp-content\/uploads\/2025\/05\/405_NAY_A01.jpg\",\"width\":1000,\"height\":1000,\"caption\":\"Combinaison de travail l\u00e9ger - 405\"},{\"@type\":\"BreadcrumbList\",\"@id\":\"https:\/\/autravail.ca\/product\/combinaison-de-travail-leger-405\/#breadcrumb\",\"itemListElement\":[{\"@type\":\"ListItem\",\"position\":1,\"name\":\"Accueil\",\"item\":\"https:\/\/autravail.ca\/\"},{\"@type\":\"ListItem\",\"position\":2,\"name\":\"Magasin\",\"item\":\"https:\/\/autravail.ca\/en\/shop\/\"},{\"@type\":\"ListItem\",\"position\":3,\"name\":\"Combinaison de travail l\u00e9ger &#8211; 405\"}]},{\"@type\":\"WebSite\",\"@id\":\"https:\/\/autravail.ca\/#website\",\"url\":\"https:\/\/autravail.ca\/\",\"name\":\"Le Magasin Industriel\",\"description\":\"50 ans de tradition de s\u00e9curit\u00e9 au travail\",\"publisher\":{\"@id\":\"https:\/\/autravail.ca\/#organization\"},\"potentialAction\":[{\"@type\":\"SearchAction\",\"target\":{\"@type\":\"EntryPoint\",\"urlTemplate\":\"https:\/\/autravail.ca\/?s={search_term_string}\"},\"query-input\":{\"@type\":\"PropertyValueSpecification\",\"valueRequired\":true,\"valueName\":\"search_term_string\"}}],\"inLanguage\":\"en-CA\"},{\"@type\":\"Organization\",\"@id\":\"https:\/\/autravail.ca\/#organization\",\"name\":\"Le Magasin Industriel\",\"url\":\"https:\/\/autravail.ca\/\",\"logo\":{\"@type\":\"ImageObject\",\"inLanguage\":\"en-CA\",\"@id\":\"https:\/\/autravail.ca\/#\/schema\/logo\/image\/\",\"url\":\"https:\/\/autravail.ca\/wp-content\/uploads\/2025\/05\/cropped-magasin_industriel_120x.avif\",\"contentUrl\":\"https:\/\/autravail.ca\/wp-content\/uploads\/2025\/05\/cropped-magasin_industriel_120x.avif\",\"width\":120,\"height\":24,\"caption\":\"Le Magasin Industriel\"},\"image\":{\"@id\":\"https:\/\/autravail.ca\/#\/schema\/logo\/image\/\"},\"sameAs\":[\"https:\/\/www.facebook.com\/lemagasinindustriel\/?locale=fr_FR\"]}]}<\/script>\n<!-- \/ Yoast SEO plugin. -->","yoast_head_json":{"title":"Combinaison de travail l\u00e9ger - 405 - Le Magasin Industriel","description":"Combinaison de travail l\u00e9ger - 405 D\u00e9couvrez une durabilit\u00e9 et un style incomparables avec notre combinaison \u00e0 manches courtes en popeline","robots":{"index":"index","follow":"follow","max-snippet":"max-snippet:-1","max-image-preview":"max-image-preview:large","max-video-preview":"max-video-preview:-1"},"canonical":"https:\/\/autravail.ca\/en\/product\/combinaison-de-travail-leger-405\/","og_locale":"en_US","og_type":"article","og_title":"Combinaison de travail l\u00e9ger - 405 - Le Magasin Industriel","og_description":"Combinaison de travail l\u00e9ger - 405 D\u00e9couvrez une durabilit\u00e9 et un style incomparables avec notre combinaison \u00e0 manches courtes en popeline","og_url":"https:\/\/autravail.ca\/en\/product\/combinaison-de-travail-leger-405\/","og_site_name":"Le Magasin Industriel","article_publisher":"https:\/\/www.facebook.com\/lemagasinindustriel\/?locale=fr_FR","article_modified_time":"2026-03-11T20:50:45+00:00","og_image":[{"width":1000,"height":1000,"url":"https:\/\/autravail.ca\/wp-content\/uploads\/2025\/05\/405_NAY_A01.jpg","type":"image\/jpeg"}],"twitter_card":"summary_large_image","twitter_misc":{"Est. reading time":"2 minutes"},"schema":{"@context":"https:\/\/schema.org","@graph":[{"@type":"WebPage","@id":"https:\/\/autravail.ca\/product\/combinaison-de-travail-leger-405\/","url":"https:\/\/autravail.ca\/product\/combinaison-de-travail-leger-405\/","name":"Combinaison de travail l\u00e9ger - 405 - Le Magasin Industriel","isPartOf":{"@id":"https:\/\/autravail.ca\/#website"},"primaryImageOfPage":{"@id":"https:\/\/autravail.ca\/product\/combinaison-de-travail-leger-405\/#primaryimage"},"image":{"@id":"https:\/\/autravail.ca\/product\/combinaison-de-travail-leger-405\/#primaryimage"},"thumbnailUrl":"https:\/\/autravail.ca\/wp-content\/uploads\/2025\/05\/405_NAY_A01.jpg","datePublished":"2025-05-08T06:06:34+00:00","dateModified":"2026-03-11T20:50:45+00:00","description":"Combinaison de travail l\u00e9ger - 405 D\u00e9couvrez une durabilit\u00e9 et un style incomparables avec notre combinaison \u00e0 manches courtes en popeline","breadcrumb":{"@id":"https:\/\/autravail.ca\/product\/combinaison-de-travail-leger-405\/#breadcrumb"},"inLanguage":"en-CA","potentialAction":[{"@type":"ReadAction","target":["https:\/\/autravail.ca\/product\/combinaison-de-travail-leger-405\/"]}]},{"@type":"ImageObject","inLanguage":"en-CA","@id":"https:\/\/autravail.ca\/product\/combinaison-de-travail-leger-405\/#primaryimage","url":"https:\/\/autravail.ca\/wp-content\/uploads\/2025\/05\/405_NAY_A01.jpg","contentUrl":"https:\/\/autravail.ca\/wp-content\/uploads\/2025\/05\/405_NAY_A01.jpg","width":1000,"height":1000,"caption":"Combinaison de travail l\u00e9ger - 405"},{"@type":"BreadcrumbList","@id":"https:\/\/autravail.ca\/product\/combinaison-de-travail-leger-405\/#breadcrumb","itemListElement":[{"@type":"ListItem","position":1,"name":"Accueil","item":"https:\/\/autravail.ca\/"},{"@type":"ListItem","position":2,"name":"Magasin","item":"https:\/\/autravail.ca\/en\/shop\/"},{"@type":"ListItem","position":3,"name":"Combinaison de travail l\u00e9ger &#8211; 405"}]},{"@type":"WebSite","@id":"https:\/\/autravail.ca\/#website","url":"https:\/\/autravail.ca\/","name":"Le Magasin Industriel","description":"50 ans de tradition de s\u00e9curit\u00e9 au travail","publisher":{"@id":"https:\/\/autravail.ca\/#organization"},"potentialAction":[{"@type":"SearchAction","target":{"@type":"EntryPoint","urlTemplate":"https:\/\/autravail.ca\/?s={search_term_string}"},"query-input":{"@type":"PropertyValueSpecification","valueRequired":true,"valueName":"search_term_string"}}],"inLanguage":"en-CA"},{"@type":"Organization","@id":"https:\/\/autravail.ca\/#organization","name":"Le Magasin Industriel","url":"https:\/\/autravail.ca\/","logo":{"@type":"ImageObject","inLanguage":"en-CA","@id":"https:\/\/autravail.ca\/#\/schema\/logo\/image\/","url":"https:\/\/autravail.ca\/wp-content\/uploads\/2025\/05\/cropped-magasin_industriel_120x.avif","contentUrl":"https:\/\/autravail.ca\/wp-content\/uploads\/2025\/05\/cropped-magasin_industriel_120x.avif","width":120,"height":24,"caption":"Le Magasin Industriel"},"image":{"@id":"https:\/\/autravail.ca\/#\/schema\/logo\/image\/"},"sameAs":["https:\/\/www.facebook.com\/lemagasinindustriel\/?locale=fr_FR"]}]}},"jetpack_sharing_enabled":true,"_links":{"self":[{"href":"https:\/\/autravail.ca\/en\/wp-json\/wp\/v2\/product\/24221","targetHints":{"allow":["GET"]}}],"collection":[{"href":"https:\/\/autravail.ca\/en\/wp-json\/wp\/v2\/product"}],"about":[{"href":"https:\/\/autravail.ca\/en\/wp-json\/wp\/v2\/types\/product"}],"replies":[{"embeddable":true,"href":"https:\/\/autravail.ca\/en\/wp-json\/wp\/v2\/comments?post=24221"}],"wp:featuredmedia":[{"embeddable":true,"href":"https:\/\/autravail.ca\/en\/wp-json\/wp\/v2\/media\/6644"}],"wp:attachment":[{"href":"https:\/\/autravail.ca\/en\/wp-json\/wp\/v2\/media?parent=24221"}],"wp:term":[{"taxonomy":"product_cat","embeddable":true,"href":"https:\/\/autravail.ca\/en\/wp-json\/wp\/v2\/product_cat?post=24221"},{"taxonomy":"product_tag","embeddable":true,"href":"https:\/\/autravail.ca\/en\/wp-json\/wp\/v2\/product_tag?post=24221"}],"curies":[{"name":"wp","href":"https:\/\/api.w.org\/{rel}","templated":true}]}}